{"id":792,"date":"2024-12-17T15:19:12","date_gmt":"2024-12-17T14:19:12","guid":{"rendered":"https:\/\/reliquo.com\/?post_type=product&#038;p=792"},"modified":"2025-12-18T15:43:31","modified_gmt":"2025-12-18T14:43:31","slug":"maria-costanza-bianco-2023-sicilia-d-o-p-milazzo","status":"publish","type":"product","link":"https:\/\/reliquo.com\/it\/maria-costanza-bianco-2023-sicilia-d-o-p-milazzo\/","title":{"rendered":"Maria Costanza Bianco Sicilia D.O.P &#8211; Milazzo"},"content":{"rendered":"<p>Realizzato dalla cantina Milazzo, realt\u00e0 produttiva situata a Campobello di Licata, in provincia di Agrigento. Si tratta di un blend a base di Chardonnay e Inzolia, in cui la frutta tropicale \u00e8 la chiave che accompagna naso e palato in un\u2019esperienza gustativa rinfrescante e altamente appagante.\u00a0Merito anche dell\u2019approccio produttivo della cantina, che, sin dall\u2019inizio della sua attivit\u00e0, si \u00e8 dedicata ossessivamente alla ricerca della qualit\u00e0, instaurando un percorso di conduzione biologica dei vigneti e di progressiva riduzione dell\u2019impatto ambientale. Una scelta responsabile, da cui nascono etichette come questo \u201cMaria Costanza\u201d, in cui, a ogni sorso, risuona la bellezza del terroir siciliano.Questo Bianco \u201cMaria Costanza\u201d viene realizzato dalla cantina Milazzo a partire da un assemblaggio che vede protagonisti un grande vitigno autoctono, l\u2019Inzolia, e un internazionale che in Sicilia trova vette qualitative interessanti, lo Chardonnay. Le viti di entrambe le variet\u00e0 vengono coltivate con il sistema del guyot, e affondano le radici in un sottosuolo composto prevalentemente da marne ricche di calcare. Le uve, una volta raccolte durante la vendemmia manuale, vengono pressate sofficemente, fermentando alcoolicamente sia in acciaio che, per una piccola parte della massa totale del vino equivalente al 10%, in barrique. Questa ripartizione fra\u00a0acciaio e legno\u00a0prosegue poi anche durante la fase di maturazione, che si protrae per 6 mesi.Il vino Bianco \u201cMaria Costanza\u201d si annuncia all\u2019occhio con una veste color giallo paglierino, attraversata da lievi lampi che rimandano al verdolino. Il naso \u00e8 caratterizzato da profumi complessi e stratificati, in cui le prime note di frutta tropicale lasciano spazio a sensazioni floreali e balsamiche. In bocca \u00e8 di buon corpo, ampio e fasciante, con un sorso intenso, caratterizzato da un\u00a0gusto fruttato\u00a0e da una vena piacevolmente fresca. Un\u2019etichetta tra le pi\u00f9 rappresentative dell\u2019intera gamma realizzata dalla cantina Milazzo, ideale per trascorrere una cena romantica in compagnia del proprio partner.<\/p>\n","protected":false},"excerpt":{"rendered":"<p>Realizzato dalla cantina Milazzo, realt\u00e0 produttiva situata a Campobello di Licata, in provincia di Agrigento. Si tratta di un blend [&hellip;]<\/p>\n","protected":false},"featured_media":318,"template":"","meta":{"site-sidebar-layout":"","site-content-layout":"","ast-site-content-layout":"","site-content-style":"","site-sidebar-style":"","ast-global-header-display":"","ast-banner-title-visibility":"","ast-main-header-display":"","ast-hfb-above-header-display":"","ast-hfb-below-header-display":"","ast-hfb-mobile-header-display":"","site-post-title":"","ast-breadcrumbs-content":"","ast-featured-img":"","footer-sml-layout":"","ast-disable-related-posts":"","theme-transparent-header-meta":"","adv-header-id-meta":"","stick-header-meta":"","header-above-stick-meta":"","header-main-stick-meta":"","header-below-stick-meta":"","astra-migrate-meta-layouts":"","ast-page-background-enabled":"default","ast-page-background-meta":{"desktop":{"background-color":"var(--ast-global-color-4)","background-image":"","background-repeat":"repeat","background-position":"center center","background-size":"auto","background-attachment":"scroll","background-type":"","background-media":"","overlay-type":"","overlay-color":"","overlay-opacity":"","overlay-gradient":""},"tablet":{"background-color":"","background-image":"","background-repeat":"repeat","background-position":"center center","background-size":"auto","background-attachment":"scroll","background-type":"","background-media":"","overlay-type":"","overlay-color":"","overlay-opacity":"","overlay-gradient":""},"mobile":{"background-color":"","background-image":"","background-repeat":"repeat","background-position":"center center","background-size":"auto","background-attachment":"scroll","background-type":"","background-media":"","overlay-type":"","overlay-color":"","overlay-opacity":"","overlay-gradient":""}},"ast-content-background-meta":{"desktop":{"background-color":"var(--ast-global-color-5)","background-image":"","background-repeat":"repeat","background-position":"center center","background-size":"auto","background-attachment":"scroll","background-type":"","background-media":"","overlay-type":"","overlay-color":"","overlay-opacity":"","overlay-gradient":""},"tablet":{"background-color":"var(--ast-global-color-5)","background-image":"","background-repeat":"repeat","background-position":"center center","background-size":"auto","background-attachment":"scroll","background-type":"","background-media":"","overlay-type":"","overlay-color":"","overlay-opacity":"","overlay-gradient":""},"mobile":{"background-color":"var(--ast-global-color-5)","background-image":"","background-repeat":"repeat","background-position":"center center","background-size":"auto","background-attachment":"scroll","background-type":"","background-media":"","overlay-type":"","overlay-color":"","overlay-opacity":"","overlay-gradient":""}}},"pwb-brand":[678],"product_brand":[],"product_cat":[298],"product_tag":[443,520,521,442],"class_list":{"0":"post-792","1":"product","2":"type-product","3":"status-publish","4":"has-post-thumbnail","6":"pwb-brand-azienda-agricola-milazzo","7":"product_cat-bianchi","8":"product_tag-bianco","9":"product_tag-maria-costanza","10":"product_tag-milazzo","11":"product_tag-vino","12":"desktop-align-center","13":"tablet-align-center","14":"mobile-align-center","15":"ast-product-gallery-layout-horizontal-slider","16":"ast-product-gallery-with-no-image","17":"ast-magnify-disabled","18":"ast-product-tabs-layout-horizontal","19":"ast-qv-on-image","21":"first","22":"instock","23":"shipping-taxable","24":"purchasable","25":"product-type-simple"},"yoast_head":"<!-- This site is optimized with the Yoast SEO plugin v27.4 - https:\/\/yoast.com\/product\/yoast-seo-wordpress\/ -->\n<title>Maria Costanza Bianco Sicilia D.O.P - Milazzo | Acquista Online su Reliquo<\/title>\n<meta name=\"description\" content=\"Scopri Maria Costanza Bianco Sicilia D.O.P - Milazzo su Reliquo: qualit\u00e0 garantita, spedizioni rapide e prezzi competitivi. Ordina ora e approfitta delle nostre offerte esclusive.\" \/>\n<meta name=\"robots\" content=\"index, follow, max-snippet:-1, max-image-preview:large, max-video-preview:-1\" \/>\n<link rel=\"canonical\" href=\"http:\/\/reliquo.com\/it\/maria-costanza-bianco-2023-sicilia-d-o-p-milazzo\/\" \/>\n<meta property=\"og:locale\" content=\"it_IT\" \/>\n<meta property=\"og:type\" content=\"article\" \/>\n<meta property=\"og:title\" content=\"Maria Costanza Bianco Sicilia D.O.P - Milazzo | Acquista Online su Reliquo\" \/>\n<meta property=\"og:description\" content=\"Scopri Maria Costanza Bianco Sicilia D.O.P - Milazzo su Reliquo: qualit\u00e0 garantita, spedizioni rapide e prezzi competitivi. Ordina ora e approfitta delle nostre offerte esclusive.\" \/>\n<meta property=\"og:url\" content=\"http:\/\/reliquo.com\/it\/maria-costanza-bianco-2023-sicilia-d-o-p-milazzo\/\" \/>\n<meta property=\"og:site_name\" content=\"Reliquo\" \/>\n<meta property=\"article:modified_time\" content=\"2025-12-18T14:43:31+00:00\" \/>\n<meta property=\"og:image\" content=\"https:\/\/reliquo.com\/wp-content\/uploads\/2024\/12\/Milazzo-Maria-Costanza.png\" \/>\n\t<meta property=\"og:image:width\" content=\"3024\" \/>\n\t<meta property=\"og:image:height\" content=\"3024\" \/>\n\t<meta property=\"og:image:type\" content=\"image\/png\" \/>\n<meta name=\"twitter:card\" content=\"summary_large_image\" \/>\n<meta name=\"twitter:label1\" content=\"Tempo di lettura stimato\" \/>\n\t<meta name=\"twitter:data1\" content=\"2 minuti\" \/>\n<script type=\"application\/ld+json\" class=\"yoast-schema-graph\">{\"@context\":\"https:\\\/\\\/schema.org\",\"@graph\":[{\"@type\":\"WebPage\",\"@id\":\"http:\\\/\\\/reliquo.com\\\/it\\\/maria-costanza-bianco-2023-sicilia-d-o-p-milazzo\\\/\",\"url\":\"http:\\\/\\\/reliquo.com\\\/it\\\/maria-costanza-bianco-2023-sicilia-d-o-p-milazzo\\\/\",\"name\":\"Maria Costanza Bianco Sicilia D.O.P - Milazzo | Acquista Online su Reliquo\",\"isPartOf\":{\"@id\":\"https:\\\/\\\/reliquo.com\\\/es\\\/#website\"},\"primaryImageOfPage\":{\"@id\":\"http:\\\/\\\/reliquo.com\\\/it\\\/maria-costanza-bianco-2023-sicilia-d-o-p-milazzo\\\/#primaryimage\"},\"image\":{\"@id\":\"http:\\\/\\\/reliquo.com\\\/it\\\/maria-costanza-bianco-2023-sicilia-d-o-p-milazzo\\\/#primaryimage\"},\"thumbnailUrl\":\"https:\\\/\\\/reliquo.com\\\/wp-content\\\/uploads\\\/2024\\\/12\\\/Milazzo-Maria-Costanza.png\",\"datePublished\":\"2024-12-17T14:19:12+00:00\",\"dateModified\":\"2025-12-18T14:43:31+00:00\",\"description\":\"Scopri Maria Costanza Bianco Sicilia D.O.P - Milazzo su Reliquo: qualit\u00e0 garantita, spedizioni rapide e prezzi competitivi. Ordina ora e approfitta delle nostre offerte esclusive.\",\"breadcrumb\":{\"@id\":\"http:\\\/\\\/reliquo.com\\\/it\\\/maria-costanza-bianco-2023-sicilia-d-o-p-milazzo\\\/#breadcrumb\"},\"inLanguage\":\"it-IT\",\"potentialAction\":[{\"@type\":\"ReadAction\",\"target\":[\"http:\\\/\\\/reliquo.com\\\/it\\\/maria-costanza-bianco-2023-sicilia-d-o-p-milazzo\\\/\"]}]},{\"@type\":\"ImageObject\",\"inLanguage\":\"it-IT\",\"@id\":\"http:\\\/\\\/reliquo.com\\\/it\\\/maria-costanza-bianco-2023-sicilia-d-o-p-milazzo\\\/#primaryimage\",\"url\":\"https:\\\/\\\/reliquo.com\\\/wp-content\\\/uploads\\\/2024\\\/12\\\/Milazzo-Maria-Costanza.png\",\"contentUrl\":\"https:\\\/\\\/reliquo.com\\\/wp-content\\\/uploads\\\/2024\\\/12\\\/Milazzo-Maria-Costanza.png\",\"width\":3024,\"height\":3024,\"caption\":\"Maria Costanza Bianco Sicilia D.O.P \u2013 Milazzo\"},{\"@type\":\"BreadcrumbList\",\"@id\":\"http:\\\/\\\/reliquo.com\\\/it\\\/maria-costanza-bianco-2023-sicilia-d-o-p-milazzo\\\/#breadcrumb\",\"itemListElement\":[{\"@type\":\"ListItem\",\"position\":1,\"name\":\"Home\",\"item\":\"http:\\\/\\\/reliquo.com\\\/it\\\/\"},{\"@type\":\"ListItem\",\"position\":2,\"name\":\"Shop\",\"item\":\"http:\\\/\\\/reliquo.com\\\/it\\\/shop\\\/\"},{\"@type\":\"ListItem\",\"position\":3,\"name\":\"Maria Costanza Bianco Sicilia D.O.P &#8211; Milazzo\"}]},{\"@type\":\"WebSite\",\"@id\":\"https:\\\/\\\/reliquo.com\\\/es\\\/#website\",\"url\":\"https:\\\/\\\/reliquo.com\\\/es\\\/\",\"name\":\"Reliquo\",\"description\":\"La tua enoteca online: scopri vini, liquori e distillati d\u2019eccellenza.\",\"publisher\":{\"@id\":\"https:\\\/\\\/reliquo.com\\\/es\\\/#organization\"},\"potentialAction\":[{\"@type\":\"SearchAction\",\"target\":{\"@type\":\"EntryPoint\",\"urlTemplate\":\"https:\\\/\\\/reliquo.com\\\/es\\\/?s={search_term_string}\"},\"query-input\":{\"@type\":\"PropertyValueSpecification\",\"valueRequired\":true,\"valueName\":\"search_term_string\"}}],\"inLanguage\":\"it-IT\"},{\"@type\":\"Organization\",\"@id\":\"https:\\\/\\\/reliquo.com\\\/es\\\/#organization\",\"name\":\"Reliquo\",\"url\":\"https:\\\/\\\/reliquo.com\\\/es\\\/\",\"logo\":{\"@type\":\"ImageObject\",\"inLanguage\":\"it-IT\",\"@id\":\"https:\\\/\\\/reliquo.com\\\/es\\\/#\\\/schema\\\/logo\\\/image\\\/\",\"url\":\"https:\\\/\\\/reliquo.com\\\/wp-content\\\/uploads\\\/2024\\\/12\\\/cropped-favicon-1.png\",\"contentUrl\":\"https:\\\/\\\/reliquo.com\\\/wp-content\\\/uploads\\\/2024\\\/12\\\/cropped-favicon-1.png\",\"width\":512,\"height\":512,\"caption\":\"Reliquo\"},\"image\":{\"@id\":\"https:\\\/\\\/reliquo.com\\\/es\\\/#\\\/schema\\\/logo\\\/image\\\/\"}}]}<\/script>\n<!-- \/ Yoast SEO plugin. -->","yoast_head_json":{"title":"Maria Costanza Bianco Sicilia D.O.P - Milazzo | Acquista Online su Reliquo","description":"Scopri Maria Costanza Bianco Sicilia D.O.P - Milazzo su Reliquo: qualit\u00e0 garantita, spedizioni rapide e prezzi competitivi. Ordina ora e approfitta delle nostre offerte esclusive.","robots":{"index":"index","follow":"follow","max-snippet":"max-snippet:-1","max-image-preview":"max-image-preview:large","max-video-preview":"max-video-preview:-1"},"canonical":"http:\/\/reliquo.com\/it\/maria-costanza-bianco-2023-sicilia-d-o-p-milazzo\/","og_locale":"it_IT","og_type":"article","og_title":"Maria Costanza Bianco Sicilia D.O.P - Milazzo | Acquista Online su Reliquo","og_description":"Scopri Maria Costanza Bianco Sicilia D.O.P - Milazzo su Reliquo: qualit\u00e0 garantita, spedizioni rapide e prezzi competitivi. Ordina ora e approfitta delle nostre offerte esclusive.","og_url":"http:\/\/reliquo.com\/it\/maria-costanza-bianco-2023-sicilia-d-o-p-milazzo\/","og_site_name":"Reliquo","article_modified_time":"2025-12-18T14:43:31+00:00","og_image":[{"width":3024,"height":3024,"url":"https:\/\/reliquo.com\/wp-content\/uploads\/2024\/12\/Milazzo-Maria-Costanza.png","type":"image\/png"}],"twitter_card":"summary_large_image","twitter_misc":{"Tempo di lettura stimato":"2 minuti"},"schema":{"@context":"https:\/\/schema.org","@graph":[{"@type":"WebPage","@id":"http:\/\/reliquo.com\/it\/maria-costanza-bianco-2023-sicilia-d-o-p-milazzo\/","url":"http:\/\/reliquo.com\/it\/maria-costanza-bianco-2023-sicilia-d-o-p-milazzo\/","name":"Maria Costanza Bianco Sicilia D.O.P - Milazzo | Acquista Online su Reliquo","isPartOf":{"@id":"https:\/\/reliquo.com\/es\/#website"},"primaryImageOfPage":{"@id":"http:\/\/reliquo.com\/it\/maria-costanza-bianco-2023-sicilia-d-o-p-milazzo\/#primaryimage"},"image":{"@id":"http:\/\/reliquo.com\/it\/maria-costanza-bianco-2023-sicilia-d-o-p-milazzo\/#primaryimage"},"thumbnailUrl":"https:\/\/reliquo.com\/wp-content\/uploads\/2024\/12\/Milazzo-Maria-Costanza.png","datePublished":"2024-12-17T14:19:12+00:00","dateModified":"2025-12-18T14:43:31+00:00","description":"Scopri Maria Costanza Bianco Sicilia D.O.P - Milazzo su Reliquo: qualit\u00e0 garantita, spedizioni rapide e prezzi competitivi. Ordina ora e approfitta delle nostre offerte esclusive.","breadcrumb":{"@id":"http:\/\/reliquo.com\/it\/maria-costanza-bianco-2023-sicilia-d-o-p-milazzo\/#breadcrumb"},"inLanguage":"it-IT","potentialAction":[{"@type":"ReadAction","target":["http:\/\/reliquo.com\/it\/maria-costanza-bianco-2023-sicilia-d-o-p-milazzo\/"]}]},{"@type":"ImageObject","inLanguage":"it-IT","@id":"http:\/\/reliquo.com\/it\/maria-costanza-bianco-2023-sicilia-d-o-p-milazzo\/#primaryimage","url":"https:\/\/reliquo.com\/wp-content\/uploads\/2024\/12\/Milazzo-Maria-Costanza.png","contentUrl":"https:\/\/reliquo.com\/wp-content\/uploads\/2024\/12\/Milazzo-Maria-Costanza.png","width":3024,"height":3024,"caption":"Maria Costanza Bianco Sicilia D.O.P \u2013 Milazzo"},{"@type":"BreadcrumbList","@id":"http:\/\/reliquo.com\/it\/maria-costanza-bianco-2023-sicilia-d-o-p-milazzo\/#breadcrumb","itemListElement":[{"@type":"ListItem","position":1,"name":"Home","item":"http:\/\/reliquo.com\/it\/"},{"@type":"ListItem","position":2,"name":"Shop","item":"http:\/\/reliquo.com\/it\/shop\/"},{"@type":"ListItem","position":3,"name":"Maria Costanza Bianco Sicilia D.O.P &#8211; Milazzo"}]},{"@type":"WebSite","@id":"https:\/\/reliquo.com\/es\/#website","url":"https:\/\/reliquo.com\/es\/","name":"Reliquo","description":"La tua enoteca online: scopri vini, liquori e distillati d\u2019eccellenza.","publisher":{"@id":"https:\/\/reliquo.com\/es\/#organization"},"potentialAction":[{"@type":"SearchAction","target":{"@type":"EntryPoint","urlTemplate":"https:\/\/reliquo.com\/es\/?s={search_term_string}"},"query-input":{"@type":"PropertyValueSpecification","valueRequired":true,"valueName":"search_term_string"}}],"inLanguage":"it-IT"},{"@type":"Organization","@id":"https:\/\/reliquo.com\/es\/#organization","name":"Reliquo","url":"https:\/\/reliquo.com\/es\/","logo":{"@type":"ImageObject","inLanguage":"it-IT","@id":"https:\/\/reliquo.com\/es\/#\/schema\/logo\/image\/","url":"https:\/\/reliquo.com\/wp-content\/uploads\/2024\/12\/cropped-favicon-1.png","contentUrl":"https:\/\/reliquo.com\/wp-content\/uploads\/2024\/12\/cropped-favicon-1.png","width":512,"height":512,"caption":"Reliquo"},"image":{"@id":"https:\/\/reliquo.com\/es\/#\/schema\/logo\/image\/"}}]}},"jetpack_sharing_enabled":true,"brands":[{"id":678,"name":"Azienda Agricola Milazzo","slug":"azienda-agricola-milazzo"}],"_links":{"self":[{"href":"https:\/\/reliquo.com\/it\/wp-json\/wp\/v2\/product\/792","targetHints":{"allow":["GET"]}}],"collection":[{"href":"https:\/\/reliquo.com\/it\/wp-json\/wp\/v2\/product"}],"about":[{"href":"https:\/\/reliquo.com\/it\/wp-json\/wp\/v2\/types\/product"}],"wp:featuredmedia":[{"embeddable":true,"href":"https:\/\/reliquo.com\/it\/wp-json\/wp\/v2\/media\/318"}],"wp:attachment":[{"href":"https:\/\/reliquo.com\/it\/wp-json\/wp\/v2\/media?parent=792"}],"wp:term":[{"taxonomy":"pwb-brand","embeddable":true,"href":"https:\/\/reliquo.com\/it\/wp-json\/wp\/v2\/pwb-brand?post=792"},{"taxonomy":"product_brand","embeddable":true,"href":"https:\/\/reliquo.com\/it\/wp-json\/wp\/v2\/product_brand?post=792"},{"taxonomy":"product_cat","embeddable":true,"href":"https:\/\/reliquo.com\/it\/wp-json\/wp\/v2\/product_cat?post=792"},{"taxonomy":"product_tag","embeddable":true,"href":"https:\/\/reliquo.com\/it\/wp-json\/wp\/v2\/product_tag?post=792"}],"curies":[{"name":"wp","href":"https:\/\/api.w.org\/{rel}","templated":true}]}}