{"id":786,"date":"2024-12-17T15:19:09","date_gmt":"2024-12-17T14:19:09","guid":{"rendered":"https:\/\/reliquo.com\/?post_type=product&#038;p=786"},"modified":"2026-04-20T10:45:36","modified_gmt":"2026-04-20T08:45:36","slug":"etta-focu-syrah-perricone-cantine-paolini","status":"publish","type":"product","link":"https:\/\/reliquo.com\/it\/etta-focu-syrah-perricone-cantine-paolini\/","title":{"rendered":"Etta Focu Syrah Perricone &#8211; Cantine Paolini"},"content":{"rendered":"<p>L\u2019Annuario dei Migliori vini italiani 2023 del noto critico enogastronomico Luca Maroni, che riunisce il meglio della produzione nazionale, riconosce un\u2019eccellenza del territorio siciliano: il nuovo vino \u201cEtta Focu\u201d di Cantine Paolini di Marsala.Si tratta di un blend di Syrah e Perricone che si distingue per la sua calda e avvolgente personalit\u00e0, perfetta per accompagnare piatti molto corposi come brasati, e che ha ottenuto 98 punti su novantanove nell&#8217;analisi di Luca Maroni.Per aggiudicarsi un punteggio cos\u00ec alto dall\u2019esperto, Etta Focu \u00e8 stato convincente in tre categorie agli occhi di Luca Maroni: consistenza, equilibrio e integrit\u00e0. La consistenza \u00e8 l&#8217;insieme di tutti i componenti del vino, tranne l&#8217;acqua, l&#8217;alcol e le sostanze volatili. Una consistenza elevata si traduce in un vino ricco di colore, aroma e sapore, e si caratterizza per una densit\u00e0 importante. L&#8217;equilibrio in un vino \u00e8 importante perch\u00e9 garantisce che il gusto non sia eccessivamente acido, maturo o amaro. Un vino ben bilanciato \u00e8 pi\u00f9 armonioso e piacevole da gustare. L&#8217;integrit\u00e0 riguarda la purezza e la freschezza del vino. Ci\u00f2 significa che non dovrebbero esserci aromi anomali rispetto ai vitigni o al processo di produzione enologica, e che il vino non dovrebbe presentare difetti. In generale, pi\u00f9 velocemente e con maggiore precisione un vino viene prodotto, maggiore sar\u00e0 la sua integrit\u00e0.<\/p>\n","protected":false},"excerpt":{"rendered":"<p>L\u2019Annuario dei Migliori vini italiani 2023 del noto critico enogastronomico Luca Maroni, che riunisce il meglio della produzione nazionale, riconosce [&hellip;]<\/p>\n","protected":false},"featured_media":357,"template":"","meta":{"site-sidebar-layout":"","site-content-layout":"","ast-site-content-layout":"","site-content-style":"","site-sidebar-style":"","ast-global-header-display":"","ast-banner-title-visibility":"","ast-main-header-display":"","ast-hfb-above-header-display":"","ast-hfb-below-header-display":"","ast-hfb-mobile-header-display":"","site-post-title":"","ast-breadcrumbs-content":"","ast-featured-img":"","footer-sml-layout":"","ast-disable-related-posts":"","theme-transparent-header-meta":"","adv-header-id-meta":"","stick-header-meta":"","header-above-stick-meta":"","header-main-stick-meta":"","header-below-stick-meta":"","astra-migrate-meta-layouts":"","ast-page-background-enabled":"default","ast-page-background-meta":{"desktop":{"background-color":"var(--ast-global-color-4)","background-image":"","background-repeat":"repeat","background-position":"center center","background-size":"auto","background-attachment":"scroll","background-type":"","background-media":"","overlay-type":"","overlay-color":"","overlay-opacity":"","overlay-gradient":""},"tablet":{"background-color":"","background-image":"","background-repeat":"repeat","background-position":"center center","background-size":"auto","background-attachment":"scroll","background-type":"","background-media":"","overlay-type":"","overlay-color":"","overlay-opacity":"","overlay-gradient":""},"mobile":{"background-color":"","background-image":"","background-repeat":"repeat","background-position":"center center","background-size":"auto","background-attachment":"scroll","background-type":"","background-media":"","overlay-type":"","overlay-color":"","overlay-opacity":"","overlay-gradient":""}},"ast-content-background-meta":{"desktop":{"background-color":"var(--ast-global-color-5)","background-image":"","background-repeat":"repeat","background-position":"center center","background-size":"auto","background-attachment":"scroll","background-type":"","background-media":"","overlay-type":"","overlay-color":"","overlay-opacity":"","overlay-gradient":""},"tablet":{"background-color":"var(--ast-global-color-5)","background-image":"","background-repeat":"repeat","background-position":"center center","background-size":"auto","background-attachment":"scroll","background-type":"","background-media":"","overlay-type":"","overlay-color":"","overlay-opacity":"","overlay-gradient":""},"mobile":{"background-color":"var(--ast-global-color-5)","background-image":"","background-repeat":"repeat","background-position":"center center","background-size":"auto","background-attachment":"scroll","background-type":"","background-media":"","overlay-type":"","overlay-color":"","overlay-opacity":"","overlay-gradient":""}}},"pwb-brand":[691],"product_brand":[],"product_cat":[299],"product_tag":[514,425,451,448,452,442],"class_list":{"0":"post-786","1":"product","2":"type-product","3":"status-publish","4":"has-post-thumbnail","6":"pwb-brand-cantine-paolini","7":"product_cat-rossi","8":"product_tag-etta-focu","9":"product_tag-paolini","10":"product_tag-perricone","11":"product_tag-rosso","12":"product_tag-syrah","13":"product_tag-vino","14":"desktop-align-center","15":"tablet-align-center","16":"mobile-align-center","17":"ast-product-gallery-layout-horizontal-slider","18":"ast-product-gallery-with-no-image","19":"ast-magnify-disabled","20":"ast-product-tabs-layout-horizontal","21":"ast-qv-on-image","23":"first","24":"instock","25":"shipping-taxable","26":"purchasable","27":"product-type-simple"},"yoast_head":"<!-- This site is optimized with the Yoast SEO plugin v27.2 - https:\/\/yoast.com\/product\/yoast-seo-wordpress\/ -->\n<title>Etta Focu Syrah Perricone - Cantine Paolini | Acquista Online su Reliquo<\/title>\n<meta name=\"description\" content=\"Scopri Etta Focu Syrah Perricone - Cantine Paolini su Reliquo: qualit\u00e0 garantita, spedizioni rapide e prezzi competitivi. Ordina ora e approfitta delle nostre offerte esclusive.\" \/>\n<meta name=\"robots\" content=\"index, follow, max-snippet:-1, max-image-preview:large, max-video-preview:-1\" \/>\n<link rel=\"canonical\" href=\"https:\/\/reliquo.com\/it\/etta-focu-syrah-perricone-cantine-paolini\/\" \/>\n<meta property=\"og:locale\" content=\"it_IT\" \/>\n<meta property=\"og:type\" content=\"article\" \/>\n<meta property=\"og:title\" content=\"Etta Focu Syrah Perricone - Cantine Paolini | Acquista Online su Reliquo\" \/>\n<meta property=\"og:description\" content=\"Scopri Etta Focu Syrah Perricone - Cantine Paolini su Reliquo: qualit\u00e0 garantita, spedizioni rapide e prezzi competitivi. Ordina ora e approfitta delle nostre offerte esclusive.\" \/>\n<meta property=\"og:url\" content=\"https:\/\/reliquo.com\/it\/etta-focu-syrah-perricone-cantine-paolini\/\" \/>\n<meta property=\"og:site_name\" content=\"Reliquo\" \/>\n<meta property=\"article:modified_time\" content=\"2026-04-20T08:45:36+00:00\" \/>\n<meta property=\"og:image\" content=\"https:\/\/reliquo.com\/wp-content\/uploads\/2024\/12\/Etta-Focu-Rosso-Paolini.png\" \/>\n\t<meta property=\"og:image:width\" content=\"2500\" \/>\n\t<meta property=\"og:image:height\" content=\"2500\" \/>\n\t<meta property=\"og:image:type\" content=\"image\/png\" \/>\n<meta name=\"twitter:card\" content=\"summary_large_image\" \/>\n<meta name=\"twitter:label1\" content=\"Tempo di lettura stimato\" \/>\n\t<meta name=\"twitter:data1\" content=\"1 minuto\" \/>\n<script type=\"application\/ld+json\" class=\"yoast-schema-graph\">{\"@context\":\"https:\/\/schema.org\",\"@graph\":[{\"@type\":\"WebPage\",\"@id\":\"https:\/\/reliquo.com\/etta-focu-syrah-perricone-cantine-paolini\/\",\"url\":\"https:\/\/reliquo.com\/etta-focu-syrah-perricone-cantine-paolini\/\",\"name\":\"Etta Focu Syrah Perricone - Cantine Paolini | Acquista Online su Reliquo\",\"isPartOf\":{\"@id\":\"https:\/\/reliquo.com\/es\/#website\"},\"primaryImageOfPage\":{\"@id\":\"https:\/\/reliquo.com\/etta-focu-syrah-perricone-cantine-paolini\/#primaryimage\"},\"image\":{\"@id\":\"https:\/\/reliquo.com\/etta-focu-syrah-perricone-cantine-paolini\/#primaryimage\"},\"thumbnailUrl\":\"https:\/\/reliquo.com\/wp-content\/uploads\/2024\/12\/Etta-Focu-Rosso-Paolini.png\",\"datePublished\":\"2024-12-17T14:19:09+00:00\",\"dateModified\":\"2026-04-20T08:45:36+00:00\",\"description\":\"Scopri Etta Focu Syrah Perricone - Cantine Paolini su Reliquo: qualit\u00e0 garantita, spedizioni rapide e prezzi competitivi. Ordina ora e approfitta delle nostre offerte esclusive.\",\"breadcrumb\":{\"@id\":\"https:\/\/reliquo.com\/etta-focu-syrah-perricone-cantine-paolini\/#breadcrumb\"},\"inLanguage\":\"it-IT\",\"potentialAction\":[{\"@type\":\"ReadAction\",\"target\":[\"https:\/\/reliquo.com\/etta-focu-syrah-perricone-cantine-paolini\/\"]}]},{\"@type\":\"ImageObject\",\"inLanguage\":\"it-IT\",\"@id\":\"https:\/\/reliquo.com\/etta-focu-syrah-perricone-cantine-paolini\/#primaryimage\",\"url\":\"https:\/\/reliquo.com\/wp-content\/uploads\/2024\/12\/Etta-Focu-Rosso-Paolini.png\",\"contentUrl\":\"https:\/\/reliquo.com\/wp-content\/uploads\/2024\/12\/Etta-Focu-Rosso-Paolini.png\",\"width\":2500,\"height\":2500,\"caption\":\"Etta Focu Syrah Perricone \u2013 Cantine Paolini\"},{\"@type\":\"BreadcrumbList\",\"@id\":\"https:\/\/reliquo.com\/etta-focu-syrah-perricone-cantine-paolini\/#breadcrumb\",\"itemListElement\":[{\"@type\":\"ListItem\",\"position\":1,\"name\":\"Home\",\"item\":\"http:\/\/reliquo.com\/it\/\"},{\"@type\":\"ListItem\",\"position\":2,\"name\":\"Shop\",\"item\":\"http:\/\/reliquo.com\/it\/shop\/\"},{\"@type\":\"ListItem\",\"position\":3,\"name\":\"Etta Focu Syrah Perricone &#8211; Cantine Paolini\"}]},{\"@type\":\"WebSite\",\"@id\":\"https:\/\/reliquo.com\/es\/#website\",\"url\":\"https:\/\/reliquo.com\/es\/\",\"name\":\"Reliquo\",\"description\":\"La tua enoteca online: scopri vini, liquori e distillati d\u2019eccellenza.\",\"publisher\":{\"@id\":\"https:\/\/reliquo.com\/es\/#organization\"},\"potentialAction\":[{\"@type\":\"SearchAction\",\"target\":{\"@type\":\"EntryPoint\",\"urlTemplate\":\"https:\/\/reliquo.com\/es\/?s={search_term_string}\"},\"query-input\":{\"@type\":\"PropertyValueSpecification\",\"valueRequired\":true,\"valueName\":\"search_term_string\"}}],\"inLanguage\":\"it-IT\"},{\"@type\":\"Organization\",\"@id\":\"https:\/\/reliquo.com\/es\/#organization\",\"name\":\"Reliquo\",\"url\":\"https:\/\/reliquo.com\/es\/\",\"logo\":{\"@type\":\"ImageObject\",\"inLanguage\":\"it-IT\",\"@id\":\"https:\/\/reliquo.com\/es\/#\/schema\/logo\/image\/\",\"url\":\"https:\/\/reliquo.com\/wp-content\/uploads\/2024\/12\/cropped-favicon-1.png\",\"contentUrl\":\"https:\/\/reliquo.com\/wp-content\/uploads\/2024\/12\/cropped-favicon-1.png\",\"width\":512,\"height\":512,\"caption\":\"Reliquo\"},\"image\":{\"@id\":\"https:\/\/reliquo.com\/es\/#\/schema\/logo\/image\/\"}}]}<\/script>\n<!-- \/ Yoast SEO plugin. -->","yoast_head_json":{"title":"Etta Focu Syrah Perricone - Cantine Paolini | Acquista Online su Reliquo","description":"Scopri Etta Focu Syrah Perricone - Cantine Paolini su Reliquo: qualit\u00e0 garantita, spedizioni rapide e prezzi competitivi. Ordina ora e approfitta delle nostre offerte esclusive.","robots":{"index":"index","follow":"follow","max-snippet":"max-snippet:-1","max-image-preview":"max-image-preview:large","max-video-preview":"max-video-preview:-1"},"canonical":"https:\/\/reliquo.com\/it\/etta-focu-syrah-perricone-cantine-paolini\/","og_locale":"it_IT","og_type":"article","og_title":"Etta Focu Syrah Perricone - Cantine Paolini | Acquista Online su Reliquo","og_description":"Scopri Etta Focu Syrah Perricone - Cantine Paolini su Reliquo: qualit\u00e0 garantita, spedizioni rapide e prezzi competitivi. Ordina ora e approfitta delle nostre offerte esclusive.","og_url":"https:\/\/reliquo.com\/it\/etta-focu-syrah-perricone-cantine-paolini\/","og_site_name":"Reliquo","article_modified_time":"2026-04-20T08:45:36+00:00","og_image":[{"width":2500,"height":2500,"url":"https:\/\/reliquo.com\/wp-content\/uploads\/2024\/12\/Etta-Focu-Rosso-Paolini.png","type":"image\/png"}],"twitter_card":"summary_large_image","twitter_misc":{"Tempo di lettura stimato":"1 minuto"},"schema":{"@context":"https:\/\/schema.org","@graph":[{"@type":"WebPage","@id":"https:\/\/reliquo.com\/etta-focu-syrah-perricone-cantine-paolini\/","url":"https:\/\/reliquo.com\/etta-focu-syrah-perricone-cantine-paolini\/","name":"Etta Focu Syrah Perricone - Cantine Paolini | Acquista Online su Reliquo","isPartOf":{"@id":"https:\/\/reliquo.com\/es\/#website"},"primaryImageOfPage":{"@id":"https:\/\/reliquo.com\/etta-focu-syrah-perricone-cantine-paolini\/#primaryimage"},"image":{"@id":"https:\/\/reliquo.com\/etta-focu-syrah-perricone-cantine-paolini\/#primaryimage"},"thumbnailUrl":"https:\/\/reliquo.com\/wp-content\/uploads\/2024\/12\/Etta-Focu-Rosso-Paolini.png","datePublished":"2024-12-17T14:19:09+00:00","dateModified":"2026-04-20T08:45:36+00:00","description":"Scopri Etta Focu Syrah Perricone - Cantine Paolini su Reliquo: qualit\u00e0 garantita, spedizioni rapide e prezzi competitivi. Ordina ora e approfitta delle nostre offerte esclusive.","breadcrumb":{"@id":"https:\/\/reliquo.com\/etta-focu-syrah-perricone-cantine-paolini\/#breadcrumb"},"inLanguage":"it-IT","potentialAction":[{"@type":"ReadAction","target":["https:\/\/reliquo.com\/etta-focu-syrah-perricone-cantine-paolini\/"]}]},{"@type":"ImageObject","inLanguage":"it-IT","@id":"https:\/\/reliquo.com\/etta-focu-syrah-perricone-cantine-paolini\/#primaryimage","url":"https:\/\/reliquo.com\/wp-content\/uploads\/2024\/12\/Etta-Focu-Rosso-Paolini.png","contentUrl":"https:\/\/reliquo.com\/wp-content\/uploads\/2024\/12\/Etta-Focu-Rosso-Paolini.png","width":2500,"height":2500,"caption":"Etta Focu Syrah Perricone \u2013 Cantine Paolini"},{"@type":"BreadcrumbList","@id":"https:\/\/reliquo.com\/etta-focu-syrah-perricone-cantine-paolini\/#breadcrumb","itemListElement":[{"@type":"ListItem","position":1,"name":"Home","item":"http:\/\/reliquo.com\/it\/"},{"@type":"ListItem","position":2,"name":"Shop","item":"http:\/\/reliquo.com\/it\/shop\/"},{"@type":"ListItem","position":3,"name":"Etta Focu Syrah Perricone &#8211; Cantine Paolini"}]},{"@type":"WebSite","@id":"https:\/\/reliquo.com\/es\/#website","url":"https:\/\/reliquo.com\/es\/","name":"Reliquo","description":"La tua enoteca online: scopri vini, liquori e distillati d\u2019eccellenza.","publisher":{"@id":"https:\/\/reliquo.com\/es\/#organization"},"potentialAction":[{"@type":"SearchAction","target":{"@type":"EntryPoint","urlTemplate":"https:\/\/reliquo.com\/es\/?s={search_term_string}"},"query-input":{"@type":"PropertyValueSpecification","valueRequired":true,"valueName":"search_term_string"}}],"inLanguage":"it-IT"},{"@type":"Organization","@id":"https:\/\/reliquo.com\/es\/#organization","name":"Reliquo","url":"https:\/\/reliquo.com\/es\/","logo":{"@type":"ImageObject","inLanguage":"it-IT","@id":"https:\/\/reliquo.com\/es\/#\/schema\/logo\/image\/","url":"https:\/\/reliquo.com\/wp-content\/uploads\/2024\/12\/cropped-favicon-1.png","contentUrl":"https:\/\/reliquo.com\/wp-content\/uploads\/2024\/12\/cropped-favicon-1.png","width":512,"height":512,"caption":"Reliquo"},"image":{"@id":"https:\/\/reliquo.com\/es\/#\/schema\/logo\/image\/"}}]}},"jetpack_sharing_enabled":true,"brands":[{"id":691,"name":"Cantine Paolini","slug":"cantine-paolini"}],"_links":{"self":[{"href":"https:\/\/reliquo.com\/it\/wp-json\/wp\/v2\/product\/786","targetHints":{"allow":["GET"]}}],"collection":[{"href":"https:\/\/reliquo.com\/it\/wp-json\/wp\/v2\/product"}],"about":[{"href":"https:\/\/reliquo.com\/it\/wp-json\/wp\/v2\/types\/product"}],"wp:featuredmedia":[{"embeddable":true,"href":"https:\/\/reliquo.com\/it\/wp-json\/wp\/v2\/media\/357"}],"wp:attachment":[{"href":"https:\/\/reliquo.com\/it\/wp-json\/wp\/v2\/media?parent=786"}],"wp:term":[{"taxonomy":"pwb-brand","embeddable":true,"href":"https:\/\/reliquo.com\/it\/wp-json\/wp\/v2\/pwb-brand?post=786"},{"taxonomy":"product_brand","embeddable":true,"href":"https:\/\/reliquo.com\/it\/wp-json\/wp\/v2\/product_brand?post=786"},{"taxonomy":"product_cat","embeddable":true,"href":"https:\/\/reliquo.com\/it\/wp-json\/wp\/v2\/product_cat?post=786"},{"taxonomy":"product_tag","embeddable":true,"href":"https:\/\/reliquo.com\/it\/wp-json\/wp\/v2\/product_tag?post=786"}],"curies":[{"name":"wp","href":"https:\/\/api.w.org\/{rel}","templated":true}]}}