{"id":785,"date":"2024-12-17T15:19:09","date_gmt":"2024-12-17T14:19:09","guid":{"rendered":"https:\/\/reliquo.com\/?post_type=product&#038;p=785"},"modified":"2026-03-23T09:41:23","modified_gmt":"2026-03-23T08:41:23","slug":"pantelleria-passito-liquoroso-cantine-pellegrino","status":"publish","type":"product","link":"https:\/\/reliquo.com\/it\/pantelleria-passito-liquoroso-cantine-pellegrino\/","title":{"rendered":"Pantelleria Passito Liquoroso &#8211; Cantine Pellegrino"},"content":{"rendered":"<p>Da uve zibibbo coltivate ad alberello su terreni vulcanici nasce il Pantelleria Passito Liquoroso DOC delle Cantine Pellegrino 1880, un vino speciale, con profumi intensi ed inebrianti. Al vino base viene aggiunto l&#8217;alcol di origine vitivinicola cos\u00ec da creare un prodotto leggermente pi\u00f9 alcolico, dalla lunga vita e dalle tantissime potenzialit\u00e0.<\/p>\n","protected":false},"excerpt":{"rendered":"<p>Da uve zibibbo coltivate ad alberello su terreni vulcanici nasce il Pantelleria Passito Liquoroso DOC delle Cantine Pellegrino 1880, un [&hellip;]<\/p>\n","protected":false},"featured_media":416,"template":"","meta":{"site-sidebar-layout":"","site-content-layout":"","ast-site-content-layout":"","site-content-style":"","site-sidebar-style":"","ast-global-header-display":"","ast-banner-title-visibility":"","ast-main-header-display":"","ast-hfb-above-header-display":"","ast-hfb-below-header-display":"","ast-hfb-mobile-header-display":"","site-post-title":"","ast-breadcrumbs-content":"","ast-featured-img":"","footer-sml-layout":"","ast-disable-related-posts":"","theme-transparent-header-meta":"","adv-header-id-meta":"","stick-header-meta":"","header-above-stick-meta":"","header-main-stick-meta":"","header-below-stick-meta":"","astra-migrate-meta-layouts":"","ast-page-background-enabled":"default","ast-page-background-meta":{"desktop":{"background-color":"var(--ast-global-color-4)","background-image":"","background-repeat":"repeat","background-position":"center center","background-size":"auto","background-attachment":"scroll","background-type":"","background-media":"","overlay-type":"","overlay-color":"","overlay-opacity":"","overlay-gradient":""},"tablet":{"background-color":"","background-image":"","background-repeat":"repeat","background-position":"center center","background-size":"auto","background-attachment":"scroll","background-type":"","background-media":"","overlay-type":"","overlay-color":"","overlay-opacity":"","overlay-gradient":""},"mobile":{"background-color":"","background-image":"","background-repeat":"repeat","background-position":"center center","background-size":"auto","background-attachment":"scroll","background-type":"","background-media":"","overlay-type":"","overlay-color":"","overlay-opacity":"","overlay-gradient":""}},"ast-content-background-meta":{"desktop":{"background-color":"var(--ast-global-color-5)","background-image":"","background-repeat":"repeat","background-position":"center center","background-size":"auto","background-attachment":"scroll","background-type":"","background-media":"","overlay-type":"","overlay-color":"","overlay-opacity":"","overlay-gradient":""},"tablet":{"background-color":"var(--ast-global-color-5)","background-image":"","background-repeat":"repeat","background-position":"center center","background-size":"auto","background-attachment":"scroll","background-type":"","background-media":"","overlay-type":"","overlay-color":"","overlay-opacity":"","overlay-gradient":""},"mobile":{"background-color":"var(--ast-global-color-5)","background-image":"","background-repeat":"repeat","background-position":"center center","background-size":"auto","background-attachment":"scroll","background-type":"","background-media":"","overlay-type":"","overlay-color":"","overlay-opacity":"","overlay-gradient":""}}},"pwb-brand":[692],"product_brand":[],"product_cat":[300],"product_tag":[479,512,513,511,442],"class_list":{"0":"post-785","1":"product","2":"type-product","3":"status-publish","4":"has-post-thumbnail","6":"pwb-brand-cantine-pellegrino","7":"product_cat-dolci-e-liquorosi","8":"product_tag-liquoroso","9":"product_tag-pantelleria","10":"product_tag-passito","11":"product_tag-pellegrino","12":"product_tag-vino","13":"desktop-align-center","14":"tablet-align-center","15":"mobile-align-center","16":"ast-product-gallery-layout-horizontal-slider","17":"ast-product-gallery-with-no-image","18":"ast-magnify-disabled","19":"ast-product-tabs-layout-horizontal","20":"ast-qv-on-image","22":"first","23":"instock","24":"shipping-taxable","25":"purchasable","26":"product-type-simple"},"yoast_head":"<!-- This site is optimized with the Yoast SEO plugin v27.2 - https:\/\/yoast.com\/product\/yoast-seo-wordpress\/ -->\n<title>Pantelleria Passito Liquoroso - Cantine Pellegrino | Acquista Online su Reliquo<\/title>\n<meta name=\"description\" content=\"Scopri Pantelleria Passito Liquoroso - Cantine Pellegrino su Reliquo: qualit\u00e0 garantita, spedizioni rapide e prezzi competitivi. Ordina ora e approfitta delle nostre offerte esclusive.\" \/>\n<meta name=\"robots\" content=\"index, follow, max-snippet:-1, max-image-preview:large, max-video-preview:-1\" \/>\n<link rel=\"canonical\" href=\"https:\/\/reliquo.com\/it\/pantelleria-passito-liquoroso-cantine-pellegrino\/\" \/>\n<meta property=\"og:locale\" content=\"it_IT\" \/>\n<meta property=\"og:type\" content=\"article\" \/>\n<meta property=\"og:title\" content=\"Pantelleria Passito Liquoroso - Cantine Pellegrino | Acquista Online su Reliquo\" \/>\n<meta property=\"og:description\" content=\"Scopri Pantelleria Passito Liquoroso - Cantine Pellegrino su Reliquo: qualit\u00e0 garantita, spedizioni rapide e prezzi competitivi. Ordina ora e approfitta delle nostre offerte esclusive.\" \/>\n<meta property=\"og:url\" content=\"https:\/\/reliquo.com\/it\/pantelleria-passito-liquoroso-cantine-pellegrino\/\" \/>\n<meta property=\"og:site_name\" content=\"Reliquo\" \/>\n<meta property=\"article:modified_time\" content=\"2026-03-23T08:41:23+00:00\" \/>\n<meta property=\"og:image\" content=\"https:\/\/reliquo.com\/wp-content\/uploads\/2024\/12\/Pellegrino-Pantelleria-Passito-Liquoroso.png\" \/>\n\t<meta property=\"og:image:width\" content=\"3024\" \/>\n\t<meta property=\"og:image:height\" content=\"3024\" \/>\n\t<meta property=\"og:image:type\" content=\"image\/png\" \/>\n<meta name=\"twitter:card\" content=\"summary_large_image\" \/>\n<script type=\"application\/ld+json\" class=\"yoast-schema-graph\">{\"@context\":\"https:\/\/schema.org\",\"@graph\":[{\"@type\":\"WebPage\",\"@id\":\"https:\/\/reliquo.com\/pantelleria-passito-liquoroso-cantine-pellegrino\/\",\"url\":\"https:\/\/reliquo.com\/pantelleria-passito-liquoroso-cantine-pellegrino\/\",\"name\":\"Pantelleria Passito Liquoroso - Cantine Pellegrino | Acquista Online su Reliquo\",\"isPartOf\":{\"@id\":\"https:\/\/reliquo.com\/es\/#website\"},\"primaryImageOfPage\":{\"@id\":\"https:\/\/reliquo.com\/pantelleria-passito-liquoroso-cantine-pellegrino\/#primaryimage\"},\"image\":{\"@id\":\"https:\/\/reliquo.com\/pantelleria-passito-liquoroso-cantine-pellegrino\/#primaryimage\"},\"thumbnailUrl\":\"https:\/\/reliquo.com\/wp-content\/uploads\/2024\/12\/Pellegrino-Pantelleria-Passito-Liquoroso.png\",\"datePublished\":\"2024-12-17T14:19:09+00:00\",\"dateModified\":\"2026-03-23T08:41:23+00:00\",\"description\":\"Scopri Pantelleria Passito Liquoroso - Cantine Pellegrino su Reliquo: qualit\u00e0 garantita, spedizioni rapide e prezzi competitivi. Ordina ora e approfitta delle nostre offerte esclusive.\",\"breadcrumb\":{\"@id\":\"https:\/\/reliquo.com\/pantelleria-passito-liquoroso-cantine-pellegrino\/#breadcrumb\"},\"inLanguage\":\"it-IT\",\"potentialAction\":[{\"@type\":\"ReadAction\",\"target\":[\"https:\/\/reliquo.com\/pantelleria-passito-liquoroso-cantine-pellegrino\/\"]}]},{\"@type\":\"ImageObject\",\"inLanguage\":\"it-IT\",\"@id\":\"https:\/\/reliquo.com\/pantelleria-passito-liquoroso-cantine-pellegrino\/#primaryimage\",\"url\":\"https:\/\/reliquo.com\/wp-content\/uploads\/2024\/12\/Pellegrino-Pantelleria-Passito-Liquoroso.png\",\"contentUrl\":\"https:\/\/reliquo.com\/wp-content\/uploads\/2024\/12\/Pellegrino-Pantelleria-Passito-Liquoroso.png\",\"width\":3024,\"height\":3024,\"caption\":\"Pantelleria Passito Liquoroso \u2013 Cantine Pellegrino\"},{\"@type\":\"BreadcrumbList\",\"@id\":\"https:\/\/reliquo.com\/pantelleria-passito-liquoroso-cantine-pellegrino\/#breadcrumb\",\"itemListElement\":[{\"@type\":\"ListItem\",\"position\":1,\"name\":\"Home\",\"item\":\"http:\/\/reliquo.com\/it\/\"},{\"@type\":\"ListItem\",\"position\":2,\"name\":\"Shop\",\"item\":\"http:\/\/reliquo.com\/it\/shop\/\"},{\"@type\":\"ListItem\",\"position\":3,\"name\":\"Pantelleria Passito Liquoroso &#8211; Cantine Pellegrino\"}]},{\"@type\":\"WebSite\",\"@id\":\"https:\/\/reliquo.com\/es\/#website\",\"url\":\"https:\/\/reliquo.com\/es\/\",\"name\":\"Reliquo\",\"description\":\"La tua enoteca online: scopri vini, liquori e distillati d\u2019eccellenza.\",\"publisher\":{\"@id\":\"https:\/\/reliquo.com\/es\/#organization\"},\"potentialAction\":[{\"@type\":\"SearchAction\",\"target\":{\"@type\":\"EntryPoint\",\"urlTemplate\":\"https:\/\/reliquo.com\/es\/?s={search_term_string}\"},\"query-input\":{\"@type\":\"PropertyValueSpecification\",\"valueRequired\":true,\"valueName\":\"search_term_string\"}}],\"inLanguage\":\"it-IT\"},{\"@type\":\"Organization\",\"@id\":\"https:\/\/reliquo.com\/es\/#organization\",\"name\":\"Reliquo\",\"url\":\"https:\/\/reliquo.com\/es\/\",\"logo\":{\"@type\":\"ImageObject\",\"inLanguage\":\"it-IT\",\"@id\":\"https:\/\/reliquo.com\/es\/#\/schema\/logo\/image\/\",\"url\":\"https:\/\/reliquo.com\/wp-content\/uploads\/2024\/12\/cropped-favicon-1.png\",\"contentUrl\":\"https:\/\/reliquo.com\/wp-content\/uploads\/2024\/12\/cropped-favicon-1.png\",\"width\":512,\"height\":512,\"caption\":\"Reliquo\"},\"image\":{\"@id\":\"https:\/\/reliquo.com\/es\/#\/schema\/logo\/image\/\"}}]}<\/script>\n<!-- \/ Yoast SEO plugin. -->","yoast_head_json":{"title":"Pantelleria Passito Liquoroso - Cantine Pellegrino | Acquista Online su Reliquo","description":"Scopri Pantelleria Passito Liquoroso - Cantine Pellegrino su Reliquo: qualit\u00e0 garantita, spedizioni rapide e prezzi competitivi. Ordina ora e approfitta delle nostre offerte esclusive.","robots":{"index":"index","follow":"follow","max-snippet":"max-snippet:-1","max-image-preview":"max-image-preview:large","max-video-preview":"max-video-preview:-1"},"canonical":"https:\/\/reliquo.com\/it\/pantelleria-passito-liquoroso-cantine-pellegrino\/","og_locale":"it_IT","og_type":"article","og_title":"Pantelleria Passito Liquoroso - Cantine Pellegrino | Acquista Online su Reliquo","og_description":"Scopri Pantelleria Passito Liquoroso - Cantine Pellegrino su Reliquo: qualit\u00e0 garantita, spedizioni rapide e prezzi competitivi. Ordina ora e approfitta delle nostre offerte esclusive.","og_url":"https:\/\/reliquo.com\/it\/pantelleria-passito-liquoroso-cantine-pellegrino\/","og_site_name":"Reliquo","article_modified_time":"2026-03-23T08:41:23+00:00","og_image":[{"width":3024,"height":3024,"url":"https:\/\/reliquo.com\/wp-content\/uploads\/2024\/12\/Pellegrino-Pantelleria-Passito-Liquoroso.png","type":"image\/png"}],"twitter_card":"summary_large_image","schema":{"@context":"https:\/\/schema.org","@graph":[{"@type":"WebPage","@id":"https:\/\/reliquo.com\/pantelleria-passito-liquoroso-cantine-pellegrino\/","url":"https:\/\/reliquo.com\/pantelleria-passito-liquoroso-cantine-pellegrino\/","name":"Pantelleria Passito Liquoroso - Cantine Pellegrino | Acquista Online su Reliquo","isPartOf":{"@id":"https:\/\/reliquo.com\/es\/#website"},"primaryImageOfPage":{"@id":"https:\/\/reliquo.com\/pantelleria-passito-liquoroso-cantine-pellegrino\/#primaryimage"},"image":{"@id":"https:\/\/reliquo.com\/pantelleria-passito-liquoroso-cantine-pellegrino\/#primaryimage"},"thumbnailUrl":"https:\/\/reliquo.com\/wp-content\/uploads\/2024\/12\/Pellegrino-Pantelleria-Passito-Liquoroso.png","datePublished":"2024-12-17T14:19:09+00:00","dateModified":"2026-03-23T08:41:23+00:00","description":"Scopri Pantelleria Passito Liquoroso - Cantine Pellegrino su Reliquo: qualit\u00e0 garantita, spedizioni rapide e prezzi competitivi. Ordina ora e approfitta delle nostre offerte esclusive.","breadcrumb":{"@id":"https:\/\/reliquo.com\/pantelleria-passito-liquoroso-cantine-pellegrino\/#breadcrumb"},"inLanguage":"it-IT","potentialAction":[{"@type":"ReadAction","target":["https:\/\/reliquo.com\/pantelleria-passito-liquoroso-cantine-pellegrino\/"]}]},{"@type":"ImageObject","inLanguage":"it-IT","@id":"https:\/\/reliquo.com\/pantelleria-passito-liquoroso-cantine-pellegrino\/#primaryimage","url":"https:\/\/reliquo.com\/wp-content\/uploads\/2024\/12\/Pellegrino-Pantelleria-Passito-Liquoroso.png","contentUrl":"https:\/\/reliquo.com\/wp-content\/uploads\/2024\/12\/Pellegrino-Pantelleria-Passito-Liquoroso.png","width":3024,"height":3024,"caption":"Pantelleria Passito Liquoroso \u2013 Cantine Pellegrino"},{"@type":"BreadcrumbList","@id":"https:\/\/reliquo.com\/pantelleria-passito-liquoroso-cantine-pellegrino\/#breadcrumb","itemListElement":[{"@type":"ListItem","position":1,"name":"Home","item":"http:\/\/reliquo.com\/it\/"},{"@type":"ListItem","position":2,"name":"Shop","item":"http:\/\/reliquo.com\/it\/shop\/"},{"@type":"ListItem","position":3,"name":"Pantelleria Passito Liquoroso &#8211; Cantine Pellegrino"}]},{"@type":"WebSite","@id":"https:\/\/reliquo.com\/es\/#website","url":"https:\/\/reliquo.com\/es\/","name":"Reliquo","description":"La tua enoteca online: scopri vini, liquori e distillati d\u2019eccellenza.","publisher":{"@id":"https:\/\/reliquo.com\/es\/#organization"},"potentialAction":[{"@type":"SearchAction","target":{"@type":"EntryPoint","urlTemplate":"https:\/\/reliquo.com\/es\/?s={search_term_string}"},"query-input":{"@type":"PropertyValueSpecification","valueRequired":true,"valueName":"search_term_string"}}],"inLanguage":"it-IT"},{"@type":"Organization","@id":"https:\/\/reliquo.com\/es\/#organization","name":"Reliquo","url":"https:\/\/reliquo.com\/es\/","logo":{"@type":"ImageObject","inLanguage":"it-IT","@id":"https:\/\/reliquo.com\/es\/#\/schema\/logo\/image\/","url":"https:\/\/reliquo.com\/wp-content\/uploads\/2024\/12\/cropped-favicon-1.png","contentUrl":"https:\/\/reliquo.com\/wp-content\/uploads\/2024\/12\/cropped-favicon-1.png","width":512,"height":512,"caption":"Reliquo"},"image":{"@id":"https:\/\/reliquo.com\/es\/#\/schema\/logo\/image\/"}}]}},"jetpack_sharing_enabled":true,"brands":[{"id":692,"name":"Cantine Pellegrino","slug":"cantine-pellegrino"}],"_links":{"self":[{"href":"https:\/\/reliquo.com\/it\/wp-json\/wp\/v2\/product\/785","targetHints":{"allow":["GET"]}}],"collection":[{"href":"https:\/\/reliquo.com\/it\/wp-json\/wp\/v2\/product"}],"about":[{"href":"https:\/\/reliquo.com\/it\/wp-json\/wp\/v2\/types\/product"}],"wp:featuredmedia":[{"embeddable":true,"href":"https:\/\/reliquo.com\/it\/wp-json\/wp\/v2\/media\/416"}],"wp:attachment":[{"href":"https:\/\/reliquo.com\/it\/wp-json\/wp\/v2\/media?parent=785"}],"wp:term":[{"taxonomy":"pwb-brand","embeddable":true,"href":"https:\/\/reliquo.com\/it\/wp-json\/wp\/v2\/pwb-brand?post=785"},{"taxonomy":"product_brand","embeddable":true,"href":"https:\/\/reliquo.com\/it\/wp-json\/wp\/v2\/product_brand?post=785"},{"taxonomy":"product_cat","embeddable":true,"href":"https:\/\/reliquo.com\/it\/wp-json\/wp\/v2\/product_cat?post=785"},{"taxonomy":"product_tag","embeddable":true,"href":"https:\/\/reliquo.com\/it\/wp-json\/wp\/v2\/product_tag?post=785"}],"curies":[{"name":"wp","href":"https:\/\/api.w.org\/{rel}","templated":true}]}}