{"id":754,"date":"2024-12-17T15:19:05","date_gmt":"2024-12-17T14:19:05","guid":{"rendered":"https:\/\/reliquo.com\/?post_type=product&#038;p=754"},"modified":"2026-03-12T09:16:47","modified_gmt":"2026-03-12T08:16:47","slug":"regaleali-bianco-2023-tasca-dalmerita","status":"publish","type":"product","link":"https:\/\/reliquo.com\/it\/regaleali-bianco-2023-tasca-dalmerita\/","title":{"rendered":"Regaleali Bianco &#8211; Tasca d&#8217;Almerita"},"content":{"rendered":"<p>Sicuramente il vino pi\u00f9 conosciuto tra quelli prodotti dall\u2019azienda Tasca d\u2019Almerita, il Regaleali Bianco \u00e8 stato il primo vino prodotto, ben 53 vendemmie fa, nell\u2019omonima Tenuta. Situati in provincia di Palermo, i vigneti Regaleali godono di forti escursioni termiche che permettono alle uve di ottenere spiccate aromaticit\u00e0 e concentrazioni. Questo Bianco, pulito, fragrante e versatile, \u00e8 frutto di un blend formato da Grecanico, Catarratto, Inzolia e Chardonnay e rivela nettamente le massime peculiarit\u00e0 aromatiche di ciascun vitigno.<\/p>\n","protected":false},"excerpt":{"rendered":"<p>Sicuramente il vino pi\u00f9 conosciuto tra quelli prodotti dall\u2019azienda Tasca d\u2019Almerita, il Regaleali Bianco \u00e8 stato il primo vino prodotto, [&hellip;]<\/p>\n","protected":false},"featured_media":333,"template":"","meta":{"site-sidebar-layout":"","site-content-layout":"","ast-site-content-layout":"","site-content-style":"","site-sidebar-style":"","ast-global-header-display":"","ast-banner-title-visibility":"","ast-main-header-display":"","ast-hfb-above-header-display":"","ast-hfb-below-header-display":"","ast-hfb-mobile-header-display":"","site-post-title":"","ast-breadcrumbs-content":"","ast-featured-img":"","footer-sml-layout":"","ast-disable-related-posts":"","theme-transparent-header-meta":"","adv-header-id-meta":"","stick-header-meta":"","header-above-stick-meta":"","header-main-stick-meta":"","header-below-stick-meta":"","astra-migrate-meta-layouts":"","ast-page-background-enabled":"default","ast-page-background-meta":{"desktop":{"background-color":"var(--ast-global-color-4)","background-image":"","background-repeat":"repeat","background-position":"center center","background-size":"auto","background-attachment":"scroll","background-type":"","background-media":"","overlay-type":"","overlay-color":"","overlay-opacity":"","overlay-gradient":""},"tablet":{"background-color":"","background-image":"","background-repeat":"repeat","background-position":"center center","background-size":"auto","background-attachment":"scroll","background-type":"","background-media":"","overlay-type":"","overlay-color":"","overlay-opacity":"","overlay-gradient":""},"mobile":{"background-color":"","background-image":"","background-repeat":"repeat","background-position":"center center","background-size":"auto","background-attachment":"scroll","background-type":"","background-media":"","overlay-type":"","overlay-color":"","overlay-opacity":"","overlay-gradient":""}},"ast-content-background-meta":{"desktop":{"background-color":"var(--ast-global-color-5)","background-image":"","background-repeat":"repeat","background-position":"center center","background-size":"auto","background-attachment":"scroll","background-type":"","background-media":"","overlay-type":"","overlay-color":"","overlay-opacity":"","overlay-gradient":""},"tablet":{"background-color":"var(--ast-global-color-5)","background-image":"","background-repeat":"repeat","background-position":"center center","background-size":"auto","background-attachment":"scroll","background-type":"","background-media":"","overlay-type":"","overlay-color":"","overlay-opacity":"","overlay-gradient":""},"mobile":{"background-color":"var(--ast-global-color-5)","background-image":"","background-repeat":"repeat","background-position":"center center","background-size":"auto","background-attachment":"scroll","background-type":"","background-media":"","overlay-type":"","overlay-color":"","overlay-opacity":"","overlay-gradient":""}}},"pwb-brand":[734],"product_brand":[],"product_cat":[298],"product_tag":[443,491,492,442],"class_list":{"0":"post-754","1":"product","2":"type-product","3":"status-publish","4":"has-post-thumbnail","6":"pwb-brand-tasca-dalmerita","7":"product_cat-bianchi","8":"product_tag-bianco","9":"product_tag-regaleali","10":"product_tag-tasca-dalmerita","11":"product_tag-vino","12":"desktop-align-center","13":"tablet-align-center","14":"mobile-align-center","15":"ast-product-gallery-layout-horizontal-slider","16":"ast-product-gallery-with-no-image","17":"ast-magnify-disabled","18":"ast-product-tabs-layout-horizontal","19":"ast-qv-on-image","21":"first","22":"instock","23":"shipping-taxable","24":"purchasable","25":"product-type-simple"},"yoast_head":"<!-- This site is optimized with the Yoast SEO plugin v27.4 - https:\/\/yoast.com\/product\/yoast-seo-wordpress\/ -->\n<title>Regaleali Bianco - Tasca d&#039;Almerita | Acquista Online su Reliquo<\/title>\n<meta name=\"description\" content=\"Scopri Regaleali Bianco - Tasca d&#039;Almerita su Reliquo: qualit\u00e0 garantita, spedizioni rapide e prezzi competitivi. Ordina ora e approfitta delle nostre offerte esclusive.\" \/>\n<meta name=\"robots\" content=\"index, follow, max-snippet:-1, max-image-preview:large, max-video-preview:-1\" \/>\n<link rel=\"canonical\" href=\"https:\/\/reliquo.com\/it\/regaleali-bianco-2023-tasca-dalmerita\/\" \/>\n<meta property=\"og:locale\" content=\"it_IT\" \/>\n<meta property=\"og:type\" content=\"article\" \/>\n<meta property=\"og:title\" content=\"Regaleali Bianco - Tasca d&#039;Almerita | Acquista Online su Reliquo\" \/>\n<meta property=\"og:description\" content=\"Scopri Regaleali Bianco - Tasca d&#039;Almerita su Reliquo: qualit\u00e0 garantita, spedizioni rapide e prezzi competitivi. Ordina ora e approfitta delle nostre offerte esclusive.\" \/>\n<meta property=\"og:url\" content=\"https:\/\/reliquo.com\/it\/regaleali-bianco-2023-tasca-dalmerita\/\" \/>\n<meta property=\"og:site_name\" content=\"Reliquo\" \/>\n<meta property=\"article:modified_time\" content=\"2026-03-12T08:16:47+00:00\" \/>\n<meta property=\"og:image\" content=\"https:\/\/reliquo.com\/wp-content\/uploads\/2024\/12\/Regaleali-Bianco.png\" \/>\n\t<meta property=\"og:image:width\" content=\"3024\" \/>\n\t<meta property=\"og:image:height\" content=\"3024\" \/>\n\t<meta property=\"og:image:type\" content=\"image\/png\" \/>\n<meta name=\"twitter:card\" content=\"summary_large_image\" \/>\n<script type=\"application\/ld+json\" class=\"yoast-schema-graph\">{\"@context\":\"https:\\\/\\\/schema.org\",\"@graph\":[{\"@type\":\"WebPage\",\"@id\":\"https:\\\/\\\/reliquo.com\\\/regaleali-bianco-2023-tasca-dalmerita\\\/\",\"url\":\"https:\\\/\\\/reliquo.com\\\/regaleali-bianco-2023-tasca-dalmerita\\\/\",\"name\":\"Regaleali Bianco - Tasca d'Almerita | Acquista Online su Reliquo\",\"isPartOf\":{\"@id\":\"https:\\\/\\\/reliquo.com\\\/es\\\/#website\"},\"primaryImageOfPage\":{\"@id\":\"https:\\\/\\\/reliquo.com\\\/regaleali-bianco-2023-tasca-dalmerita\\\/#primaryimage\"},\"image\":{\"@id\":\"https:\\\/\\\/reliquo.com\\\/regaleali-bianco-2023-tasca-dalmerita\\\/#primaryimage\"},\"thumbnailUrl\":\"https:\\\/\\\/reliquo.com\\\/wp-content\\\/uploads\\\/2024\\\/12\\\/Regaleali-Bianco.png\",\"datePublished\":\"2024-12-17T14:19:05+00:00\",\"dateModified\":\"2026-03-12T08:16:47+00:00\",\"description\":\"Scopri Regaleali Bianco - Tasca d'Almerita su Reliquo: qualit\u00e0 garantita, spedizioni rapide e prezzi competitivi. Ordina ora e approfitta delle nostre offerte esclusive.\",\"breadcrumb\":{\"@id\":\"https:\\\/\\\/reliquo.com\\\/regaleali-bianco-2023-tasca-dalmerita\\\/#breadcrumb\"},\"inLanguage\":\"it-IT\",\"potentialAction\":[{\"@type\":\"ReadAction\",\"target\":[\"https:\\\/\\\/reliquo.com\\\/regaleali-bianco-2023-tasca-dalmerita\\\/\"]}]},{\"@type\":\"ImageObject\",\"inLanguage\":\"it-IT\",\"@id\":\"https:\\\/\\\/reliquo.com\\\/regaleali-bianco-2023-tasca-dalmerita\\\/#primaryimage\",\"url\":\"https:\\\/\\\/reliquo.com\\\/wp-content\\\/uploads\\\/2024\\\/12\\\/Regaleali-Bianco.png\",\"contentUrl\":\"https:\\\/\\\/reliquo.com\\\/wp-content\\\/uploads\\\/2024\\\/12\\\/Regaleali-Bianco.png\",\"width\":3024,\"height\":3024,\"caption\":\"Regaleali Bianco \u2013 Tasca d\u2019Almerita\"},{\"@type\":\"BreadcrumbList\",\"@id\":\"https:\\\/\\\/reliquo.com\\\/regaleali-bianco-2023-tasca-dalmerita\\\/#breadcrumb\",\"itemListElement\":[{\"@type\":\"ListItem\",\"position\":1,\"name\":\"Home\",\"item\":\"http:\\\/\\\/reliquo.com\\\/it\\\/\"},{\"@type\":\"ListItem\",\"position\":2,\"name\":\"Shop\",\"item\":\"http:\\\/\\\/reliquo.com\\\/it\\\/shop\\\/\"},{\"@type\":\"ListItem\",\"position\":3,\"name\":\"Regaleali Bianco &#8211; Tasca d&#8217;Almerita\"}]},{\"@type\":\"WebSite\",\"@id\":\"https:\\\/\\\/reliquo.com\\\/es\\\/#website\",\"url\":\"https:\\\/\\\/reliquo.com\\\/es\\\/\",\"name\":\"Reliquo\",\"description\":\"La tua enoteca online: scopri vini, liquori e distillati d\u2019eccellenza.\",\"publisher\":{\"@id\":\"https:\\\/\\\/reliquo.com\\\/es\\\/#organization\"},\"potentialAction\":[{\"@type\":\"SearchAction\",\"target\":{\"@type\":\"EntryPoint\",\"urlTemplate\":\"https:\\\/\\\/reliquo.com\\\/es\\\/?s={search_term_string}\"},\"query-input\":{\"@type\":\"PropertyValueSpecification\",\"valueRequired\":true,\"valueName\":\"search_term_string\"}}],\"inLanguage\":\"it-IT\"},{\"@type\":\"Organization\",\"@id\":\"https:\\\/\\\/reliquo.com\\\/es\\\/#organization\",\"name\":\"Reliquo\",\"url\":\"https:\\\/\\\/reliquo.com\\\/es\\\/\",\"logo\":{\"@type\":\"ImageObject\",\"inLanguage\":\"it-IT\",\"@id\":\"https:\\\/\\\/reliquo.com\\\/es\\\/#\\\/schema\\\/logo\\\/image\\\/\",\"url\":\"https:\\\/\\\/reliquo.com\\\/wp-content\\\/uploads\\\/2024\\\/12\\\/cropped-favicon-1.png\",\"contentUrl\":\"https:\\\/\\\/reliquo.com\\\/wp-content\\\/uploads\\\/2024\\\/12\\\/cropped-favicon-1.png\",\"width\":512,\"height\":512,\"caption\":\"Reliquo\"},\"image\":{\"@id\":\"https:\\\/\\\/reliquo.com\\\/es\\\/#\\\/schema\\\/logo\\\/image\\\/\"}}]}<\/script>\n<!-- \/ Yoast SEO plugin. -->","yoast_head_json":{"title":"Regaleali Bianco - Tasca d'Almerita | Acquista Online su Reliquo","description":"Scopri Regaleali Bianco - Tasca d'Almerita su Reliquo: qualit\u00e0 garantita, spedizioni rapide e prezzi competitivi. Ordina ora e approfitta delle nostre offerte esclusive.","robots":{"index":"index","follow":"follow","max-snippet":"max-snippet:-1","max-image-preview":"max-image-preview:large","max-video-preview":"max-video-preview:-1"},"canonical":"https:\/\/reliquo.com\/it\/regaleali-bianco-2023-tasca-dalmerita\/","og_locale":"it_IT","og_type":"article","og_title":"Regaleali Bianco - Tasca d'Almerita | Acquista Online su Reliquo","og_description":"Scopri Regaleali Bianco - Tasca d'Almerita su Reliquo: qualit\u00e0 garantita, spedizioni rapide e prezzi competitivi. Ordina ora e approfitta delle nostre offerte esclusive.","og_url":"https:\/\/reliquo.com\/it\/regaleali-bianco-2023-tasca-dalmerita\/","og_site_name":"Reliquo","article_modified_time":"2026-03-12T08:16:47+00:00","og_image":[{"width":3024,"height":3024,"url":"https:\/\/reliquo.com\/wp-content\/uploads\/2024\/12\/Regaleali-Bianco.png","type":"image\/png"}],"twitter_card":"summary_large_image","schema":{"@context":"https:\/\/schema.org","@graph":[{"@type":"WebPage","@id":"https:\/\/reliquo.com\/regaleali-bianco-2023-tasca-dalmerita\/","url":"https:\/\/reliquo.com\/regaleali-bianco-2023-tasca-dalmerita\/","name":"Regaleali Bianco - Tasca d'Almerita | Acquista Online su Reliquo","isPartOf":{"@id":"https:\/\/reliquo.com\/es\/#website"},"primaryImageOfPage":{"@id":"https:\/\/reliquo.com\/regaleali-bianco-2023-tasca-dalmerita\/#primaryimage"},"image":{"@id":"https:\/\/reliquo.com\/regaleali-bianco-2023-tasca-dalmerita\/#primaryimage"},"thumbnailUrl":"https:\/\/reliquo.com\/wp-content\/uploads\/2024\/12\/Regaleali-Bianco.png","datePublished":"2024-12-17T14:19:05+00:00","dateModified":"2026-03-12T08:16:47+00:00","description":"Scopri Regaleali Bianco - Tasca d'Almerita su Reliquo: qualit\u00e0 garantita, spedizioni rapide e prezzi competitivi. Ordina ora e approfitta delle nostre offerte esclusive.","breadcrumb":{"@id":"https:\/\/reliquo.com\/regaleali-bianco-2023-tasca-dalmerita\/#breadcrumb"},"inLanguage":"it-IT","potentialAction":[{"@type":"ReadAction","target":["https:\/\/reliquo.com\/regaleali-bianco-2023-tasca-dalmerita\/"]}]},{"@type":"ImageObject","inLanguage":"it-IT","@id":"https:\/\/reliquo.com\/regaleali-bianco-2023-tasca-dalmerita\/#primaryimage","url":"https:\/\/reliquo.com\/wp-content\/uploads\/2024\/12\/Regaleali-Bianco.png","contentUrl":"https:\/\/reliquo.com\/wp-content\/uploads\/2024\/12\/Regaleali-Bianco.png","width":3024,"height":3024,"caption":"Regaleali Bianco \u2013 Tasca d\u2019Almerita"},{"@type":"BreadcrumbList","@id":"https:\/\/reliquo.com\/regaleali-bianco-2023-tasca-dalmerita\/#breadcrumb","itemListElement":[{"@type":"ListItem","position":1,"name":"Home","item":"http:\/\/reliquo.com\/it\/"},{"@type":"ListItem","position":2,"name":"Shop","item":"http:\/\/reliquo.com\/it\/shop\/"},{"@type":"ListItem","position":3,"name":"Regaleali Bianco &#8211; Tasca d&#8217;Almerita"}]},{"@type":"WebSite","@id":"https:\/\/reliquo.com\/es\/#website","url":"https:\/\/reliquo.com\/es\/","name":"Reliquo","description":"La tua enoteca online: scopri vini, liquori e distillati d\u2019eccellenza.","publisher":{"@id":"https:\/\/reliquo.com\/es\/#organization"},"potentialAction":[{"@type":"SearchAction","target":{"@type":"EntryPoint","urlTemplate":"https:\/\/reliquo.com\/es\/?s={search_term_string}"},"query-input":{"@type":"PropertyValueSpecification","valueRequired":true,"valueName":"search_term_string"}}],"inLanguage":"it-IT"},{"@type":"Organization","@id":"https:\/\/reliquo.com\/es\/#organization","name":"Reliquo","url":"https:\/\/reliquo.com\/es\/","logo":{"@type":"ImageObject","inLanguage":"it-IT","@id":"https:\/\/reliquo.com\/es\/#\/schema\/logo\/image\/","url":"https:\/\/reliquo.com\/wp-content\/uploads\/2024\/12\/cropped-favicon-1.png","contentUrl":"https:\/\/reliquo.com\/wp-content\/uploads\/2024\/12\/cropped-favicon-1.png","width":512,"height":512,"caption":"Reliquo"},"image":{"@id":"https:\/\/reliquo.com\/es\/#\/schema\/logo\/image\/"}}]}},"jetpack_sharing_enabled":true,"brands":[{"id":734,"name":"Tasca d'Almerita","slug":"tasca-dalmerita"}],"_links":{"self":[{"href":"https:\/\/reliquo.com\/it\/wp-json\/wp\/v2\/product\/754","targetHints":{"allow":["GET"]}}],"collection":[{"href":"https:\/\/reliquo.com\/it\/wp-json\/wp\/v2\/product"}],"about":[{"href":"https:\/\/reliquo.com\/it\/wp-json\/wp\/v2\/types\/product"}],"wp:featuredmedia":[{"embeddable":true,"href":"https:\/\/reliquo.com\/it\/wp-json\/wp\/v2\/media\/333"}],"wp:attachment":[{"href":"https:\/\/reliquo.com\/it\/wp-json\/wp\/v2\/media?parent=754"}],"wp:term":[{"taxonomy":"pwb-brand","embeddable":true,"href":"https:\/\/reliquo.com\/it\/wp-json\/wp\/v2\/pwb-brand?post=754"},{"taxonomy":"product_brand","embeddable":true,"href":"https:\/\/reliquo.com\/it\/wp-json\/wp\/v2\/product_brand?post=754"},{"taxonomy":"product_cat","embeddable":true,"href":"https:\/\/reliquo.com\/it\/wp-json\/wp\/v2\/product_cat?post=754"},{"taxonomy":"product_tag","embeddable":true,"href":"https:\/\/reliquo.com\/it\/wp-json\/wp\/v2\/product_tag?post=754"}],"curies":[{"name":"wp","href":"https:\/\/api.w.org\/{rel}","templated":true}]}}