{"id":730,"date":"2024-12-17T15:19:01","date_gmt":"2024-12-17T14:19:01","guid":{"rendered":"https:\/\/reliquo.com\/?post_type=product&#038;p=730"},"modified":"2026-01-23T12:32:10","modified_gmt":"2026-01-23T11:32:10","slug":"altavilla-della-corte-grillo-2022-firriato-winery","status":"publish","type":"product","link":"https:\/\/reliquo.com\/it\/altavilla-della-corte-grillo-2022-firriato-winery\/","title":{"rendered":"Altavilla della Corte Grillo &#8211; Firriato Winery"},"content":{"rendered":"<p>Il Grillo allevato nella Tenuta di Borgo Guarini esprime pienamente le peculiarit\u00e0 del terroir d\u2019origine. Il clima collinare, con le sue escursioni termiche maggiori rispetto alla zona costiera, porta in dote a queste uve un corredo aromatico pi\u00f9 ricco e intenso, composto da tioli e precursori aromatici. E\u2019 il vitigno in ascesa dell\u2019enologia siciliana che solitamente \u00e8 coltivato in prossimit\u00e0 della costa. Firriato, invece, ha scelto di allevarlo nelle zone collinari della Tenuta di Borgo Guarini che \u00e8 caratterizzata da un microclima soggetto a maggiori escursioni termiche che, in combinazione con l\u2019azione del vento, permettono di ottenere, in vinificazione, un vino dal corredo aromatico ampio e con maggiore freschezza, se paragonato agli altri vini a base di uve Grillo tradizionalmente allevate lungo la costa<\/p>\n","protected":false},"excerpt":{"rendered":"<p>Il Grillo allevato nella Tenuta di Borgo Guarini esprime pienamente le peculiarit\u00e0 del terroir d\u2019origine. Il clima collinare, con le [&hellip;]<\/p>\n","protected":false},"featured_media":304,"template":"","meta":{"site-sidebar-layout":"","site-content-layout":"","ast-site-content-layout":"","site-content-style":"","site-sidebar-style":"","ast-global-header-display":"","ast-banner-title-visibility":"","ast-main-header-display":"","ast-hfb-above-header-display":"","ast-hfb-below-header-display":"","ast-hfb-mobile-header-display":"","site-post-title":"","ast-breadcrumbs-content":"","ast-featured-img":"","footer-sml-layout":"","ast-disable-related-posts":"","theme-transparent-header-meta":"","adv-header-id-meta":"","stick-header-meta":"","header-above-stick-meta":"","header-main-stick-meta":"","header-below-stick-meta":"","astra-migrate-meta-layouts":"","ast-page-background-enabled":"default","ast-page-background-meta":{"desktop":{"background-color":"var(--ast-global-color-4)","background-image":"","background-repeat":"repeat","background-position":"center center","background-size":"auto","background-attachment":"scroll","background-type":"","background-media":"","overlay-type":"","overlay-color":"","overlay-opacity":"","overlay-gradient":""},"tablet":{"background-color":"","background-image":"","background-repeat":"repeat","background-position":"center center","background-size":"auto","background-attachment":"scroll","background-type":"","background-media":"","overlay-type":"","overlay-color":"","overlay-opacity":"","overlay-gradient":""},"mobile":{"background-color":"","background-image":"","background-repeat":"repeat","background-position":"center center","background-size":"auto","background-attachment":"scroll","background-type":"","background-media":"","overlay-type":"","overlay-color":"","overlay-opacity":"","overlay-gradient":""}},"ast-content-background-meta":{"desktop":{"background-color":"var(--ast-global-color-5)","background-image":"","background-repeat":"repeat","background-position":"center center","background-size":"auto","background-attachment":"scroll","background-type":"","background-media":"","overlay-type":"","overlay-color":"","overlay-opacity":"","overlay-gradient":""},"tablet":{"background-color":"var(--ast-global-color-5)","background-image":"","background-repeat":"repeat","background-position":"center center","background-size":"auto","background-attachment":"scroll","background-type":"","background-media":"","overlay-type":"","overlay-color":"","overlay-opacity":"","overlay-gradient":""},"mobile":{"background-color":"var(--ast-global-color-5)","background-image":"","background-repeat":"repeat","background-position":"center center","background-size":"auto","background-attachment":"scroll","background-type":"","background-media":"","overlay-type":"","overlay-color":"","overlay-opacity":"","overlay-gradient":""}}},"pwb-brand":[706],"product_brand":[],"product_cat":[298],"product_tag":[465,443,466,462,442],"class_list":{"0":"post-730","1":"product","2":"type-product","3":"status-publish","4":"has-post-thumbnail","6":"pwb-brand-firriato-winery","7":"product_cat-bianchi","8":"product_tag-altavilla-della-corte","9":"product_tag-bianco","10":"product_tag-firriato","11":"product_tag-grillo","12":"product_tag-vino","13":"desktop-align-center","14":"tablet-align-center","15":"mobile-align-center","16":"ast-product-gallery-layout-horizontal-slider","17":"ast-product-gallery-with-no-image","18":"ast-magnify-disabled","19":"ast-product-tabs-layout-horizontal","20":"ast-qv-on-image","22":"first","23":"instock","24":"shipping-taxable","25":"purchasable","26":"product-type-simple"},"yoast_head":"<!-- This site is optimized with the Yoast SEO plugin v27.2 - https:\/\/yoast.com\/product\/yoast-seo-wordpress\/ -->\n<title>Altavilla della Corte Grillo - Firriato Winery | Acquista Online su Reliquo<\/title>\n<meta name=\"description\" content=\"Scopri Altavilla della Corte Grillo - Firriato Winery su Reliquo: qualit\u00e0 garantita, spedizioni rapide e prezzi competitivi. Ordina ora e approfitta delle nostre offerte esclusive.\" \/>\n<meta name=\"robots\" content=\"index, follow, max-snippet:-1, max-image-preview:large, max-video-preview:-1\" \/>\n<link rel=\"canonical\" href=\"http:\/\/reliquo.com\/it\/altavilla-della-corte-grillo-2022-firriato-winery\/\" \/>\n<meta property=\"og:locale\" content=\"it_IT\" \/>\n<meta property=\"og:type\" content=\"article\" \/>\n<meta property=\"og:title\" content=\"Altavilla della Corte Grillo - Firriato Winery | Acquista Online su Reliquo\" \/>\n<meta property=\"og:description\" content=\"Scopri Altavilla della Corte Grillo - Firriato Winery su Reliquo: qualit\u00e0 garantita, spedizioni rapide e prezzi competitivi. Ordina ora e approfitta delle nostre offerte esclusive.\" \/>\n<meta property=\"og:url\" content=\"http:\/\/reliquo.com\/it\/altavilla-della-corte-grillo-2022-firriato-winery\/\" \/>\n<meta property=\"og:site_name\" content=\"Reliquo\" \/>\n<meta property=\"article:modified_time\" content=\"2026-01-23T11:32:10+00:00\" \/>\n<meta property=\"og:image\" content=\"https:\/\/reliquo.com\/wp-content\/uploads\/2024\/12\/Firritato-Altavilla-della-Corte-Grillo.png\" \/>\n\t<meta property=\"og:image:width\" content=\"3024\" \/>\n\t<meta property=\"og:image:height\" content=\"3024\" \/>\n\t<meta property=\"og:image:type\" content=\"image\/png\" \/>\n<meta name=\"twitter:card\" content=\"summary_large_image\" \/>\n<meta name=\"twitter:label1\" content=\"Tempo di lettura stimato\" \/>\n\t<meta name=\"twitter:data1\" content=\"1 minuto\" \/>\n<script type=\"application\/ld+json\" class=\"yoast-schema-graph\">{\"@context\":\"https:\/\/schema.org\",\"@graph\":[{\"@type\":\"WebPage\",\"@id\":\"http:\/\/reliquo.com\/it\/altavilla-della-corte-grillo-2022-firriato-winery\/\",\"url\":\"http:\/\/reliquo.com\/it\/altavilla-della-corte-grillo-2022-firriato-winery\/\",\"name\":\"Altavilla della Corte Grillo - Firriato Winery | Acquista Online su Reliquo\",\"isPartOf\":{\"@id\":\"https:\/\/reliquo.com\/es\/#website\"},\"primaryImageOfPage\":{\"@id\":\"http:\/\/reliquo.com\/it\/altavilla-della-corte-grillo-2022-firriato-winery\/#primaryimage\"},\"image\":{\"@id\":\"http:\/\/reliquo.com\/it\/altavilla-della-corte-grillo-2022-firriato-winery\/#primaryimage\"},\"thumbnailUrl\":\"https:\/\/reliquo.com\/wp-content\/uploads\/2024\/12\/Firritato-Altavilla-della-Corte-Grillo.png\",\"datePublished\":\"2024-12-17T14:19:01+00:00\",\"dateModified\":\"2026-01-23T11:32:10+00:00\",\"description\":\"Scopri Altavilla della Corte Grillo - Firriato Winery su Reliquo: qualit\u00e0 garantita, spedizioni rapide e prezzi competitivi. Ordina ora e approfitta delle nostre offerte esclusive.\",\"breadcrumb\":{\"@id\":\"http:\/\/reliquo.com\/it\/altavilla-della-corte-grillo-2022-firriato-winery\/#breadcrumb\"},\"inLanguage\":\"it-IT\",\"potentialAction\":[{\"@type\":\"ReadAction\",\"target\":[\"http:\/\/reliquo.com\/it\/altavilla-della-corte-grillo-2022-firriato-winery\/\"]}]},{\"@type\":\"ImageObject\",\"inLanguage\":\"it-IT\",\"@id\":\"http:\/\/reliquo.com\/it\/altavilla-della-corte-grillo-2022-firriato-winery\/#primaryimage\",\"url\":\"https:\/\/reliquo.com\/wp-content\/uploads\/2024\/12\/Firritato-Altavilla-della-Corte-Grillo.png\",\"contentUrl\":\"https:\/\/reliquo.com\/wp-content\/uploads\/2024\/12\/Firritato-Altavilla-della-Corte-Grillo.png\",\"width\":3024,\"height\":3024,\"caption\":\"Altavilla della Corte Grillo \u2013 Firriato Winery\"},{\"@type\":\"BreadcrumbList\",\"@id\":\"http:\/\/reliquo.com\/it\/altavilla-della-corte-grillo-2022-firriato-winery\/#breadcrumb\",\"itemListElement\":[{\"@type\":\"ListItem\",\"position\":1,\"name\":\"Home\",\"item\":\"http:\/\/reliquo.com\/it\/\"},{\"@type\":\"ListItem\",\"position\":2,\"name\":\"Shop\",\"item\":\"http:\/\/reliquo.com\/it\/shop\/\"},{\"@type\":\"ListItem\",\"position\":3,\"name\":\"Altavilla della Corte Grillo &#8211; Firriato Winery\"}]},{\"@type\":\"WebSite\",\"@id\":\"https:\/\/reliquo.com\/es\/#website\",\"url\":\"https:\/\/reliquo.com\/es\/\",\"name\":\"Reliquo\",\"description\":\"La tua enoteca online: scopri vini, liquori e distillati d\u2019eccellenza.\",\"publisher\":{\"@id\":\"https:\/\/reliquo.com\/es\/#organization\"},\"potentialAction\":[{\"@type\":\"SearchAction\",\"target\":{\"@type\":\"EntryPoint\",\"urlTemplate\":\"https:\/\/reliquo.com\/es\/?s={search_term_string}\"},\"query-input\":{\"@type\":\"PropertyValueSpecification\",\"valueRequired\":true,\"valueName\":\"search_term_string\"}}],\"inLanguage\":\"it-IT\"},{\"@type\":\"Organization\",\"@id\":\"https:\/\/reliquo.com\/es\/#organization\",\"name\":\"Reliquo\",\"url\":\"https:\/\/reliquo.com\/es\/\",\"logo\":{\"@type\":\"ImageObject\",\"inLanguage\":\"it-IT\",\"@id\":\"https:\/\/reliquo.com\/es\/#\/schema\/logo\/image\/\",\"url\":\"https:\/\/reliquo.com\/wp-content\/uploads\/2024\/12\/cropped-favicon-1.png\",\"contentUrl\":\"https:\/\/reliquo.com\/wp-content\/uploads\/2024\/12\/cropped-favicon-1.png\",\"width\":512,\"height\":512,\"caption\":\"Reliquo\"},\"image\":{\"@id\":\"https:\/\/reliquo.com\/es\/#\/schema\/logo\/image\/\"}}]}<\/script>\n<!-- \/ Yoast SEO plugin. -->","yoast_head_json":{"title":"Altavilla della Corte Grillo - Firriato Winery | Acquista Online su Reliquo","description":"Scopri Altavilla della Corte Grillo - Firriato Winery su Reliquo: qualit\u00e0 garantita, spedizioni rapide e prezzi competitivi. Ordina ora e approfitta delle nostre offerte esclusive.","robots":{"index":"index","follow":"follow","max-snippet":"max-snippet:-1","max-image-preview":"max-image-preview:large","max-video-preview":"max-video-preview:-1"},"canonical":"http:\/\/reliquo.com\/it\/altavilla-della-corte-grillo-2022-firriato-winery\/","og_locale":"it_IT","og_type":"article","og_title":"Altavilla della Corte Grillo - Firriato Winery | Acquista Online su Reliquo","og_description":"Scopri Altavilla della Corte Grillo - Firriato Winery su Reliquo: qualit\u00e0 garantita, spedizioni rapide e prezzi competitivi. Ordina ora e approfitta delle nostre offerte esclusive.","og_url":"http:\/\/reliquo.com\/it\/altavilla-della-corte-grillo-2022-firriato-winery\/","og_site_name":"Reliquo","article_modified_time":"2026-01-23T11:32:10+00:00","og_image":[{"width":3024,"height":3024,"url":"https:\/\/reliquo.com\/wp-content\/uploads\/2024\/12\/Firritato-Altavilla-della-Corte-Grillo.png","type":"image\/png"}],"twitter_card":"summary_large_image","twitter_misc":{"Tempo di lettura stimato":"1 minuto"},"schema":{"@context":"https:\/\/schema.org","@graph":[{"@type":"WebPage","@id":"http:\/\/reliquo.com\/it\/altavilla-della-corte-grillo-2022-firriato-winery\/","url":"http:\/\/reliquo.com\/it\/altavilla-della-corte-grillo-2022-firriato-winery\/","name":"Altavilla della Corte Grillo - Firriato Winery | Acquista Online su Reliquo","isPartOf":{"@id":"https:\/\/reliquo.com\/es\/#website"},"primaryImageOfPage":{"@id":"http:\/\/reliquo.com\/it\/altavilla-della-corte-grillo-2022-firriato-winery\/#primaryimage"},"image":{"@id":"http:\/\/reliquo.com\/it\/altavilla-della-corte-grillo-2022-firriato-winery\/#primaryimage"},"thumbnailUrl":"https:\/\/reliquo.com\/wp-content\/uploads\/2024\/12\/Firritato-Altavilla-della-Corte-Grillo.png","datePublished":"2024-12-17T14:19:01+00:00","dateModified":"2026-01-23T11:32:10+00:00","description":"Scopri Altavilla della Corte Grillo - Firriato Winery su Reliquo: qualit\u00e0 garantita, spedizioni rapide e prezzi competitivi. Ordina ora e approfitta delle nostre offerte esclusive.","breadcrumb":{"@id":"http:\/\/reliquo.com\/it\/altavilla-della-corte-grillo-2022-firriato-winery\/#breadcrumb"},"inLanguage":"it-IT","potentialAction":[{"@type":"ReadAction","target":["http:\/\/reliquo.com\/it\/altavilla-della-corte-grillo-2022-firriato-winery\/"]}]},{"@type":"ImageObject","inLanguage":"it-IT","@id":"http:\/\/reliquo.com\/it\/altavilla-della-corte-grillo-2022-firriato-winery\/#primaryimage","url":"https:\/\/reliquo.com\/wp-content\/uploads\/2024\/12\/Firritato-Altavilla-della-Corte-Grillo.png","contentUrl":"https:\/\/reliquo.com\/wp-content\/uploads\/2024\/12\/Firritato-Altavilla-della-Corte-Grillo.png","width":3024,"height":3024,"caption":"Altavilla della Corte Grillo \u2013 Firriato Winery"},{"@type":"BreadcrumbList","@id":"http:\/\/reliquo.com\/it\/altavilla-della-corte-grillo-2022-firriato-winery\/#breadcrumb","itemListElement":[{"@type":"ListItem","position":1,"name":"Home","item":"http:\/\/reliquo.com\/it\/"},{"@type":"ListItem","position":2,"name":"Shop","item":"http:\/\/reliquo.com\/it\/shop\/"},{"@type":"ListItem","position":3,"name":"Altavilla della Corte Grillo &#8211; Firriato Winery"}]},{"@type":"WebSite","@id":"https:\/\/reliquo.com\/es\/#website","url":"https:\/\/reliquo.com\/es\/","name":"Reliquo","description":"La tua enoteca online: scopri vini, liquori e distillati d\u2019eccellenza.","publisher":{"@id":"https:\/\/reliquo.com\/es\/#organization"},"potentialAction":[{"@type":"SearchAction","target":{"@type":"EntryPoint","urlTemplate":"https:\/\/reliquo.com\/es\/?s={search_term_string}"},"query-input":{"@type":"PropertyValueSpecification","valueRequired":true,"valueName":"search_term_string"}}],"inLanguage":"it-IT"},{"@type":"Organization","@id":"https:\/\/reliquo.com\/es\/#organization","name":"Reliquo","url":"https:\/\/reliquo.com\/es\/","logo":{"@type":"ImageObject","inLanguage":"it-IT","@id":"https:\/\/reliquo.com\/es\/#\/schema\/logo\/image\/","url":"https:\/\/reliquo.com\/wp-content\/uploads\/2024\/12\/cropped-favicon-1.png","contentUrl":"https:\/\/reliquo.com\/wp-content\/uploads\/2024\/12\/cropped-favicon-1.png","width":512,"height":512,"caption":"Reliquo"},"image":{"@id":"https:\/\/reliquo.com\/es\/#\/schema\/logo\/image\/"}}]}},"jetpack_sharing_enabled":true,"brands":[{"id":706,"name":"Firriato Winery","slug":"firriato-winery"}],"_links":{"self":[{"href":"https:\/\/reliquo.com\/it\/wp-json\/wp\/v2\/product\/730","targetHints":{"allow":["GET"]}}],"collection":[{"href":"https:\/\/reliquo.com\/it\/wp-json\/wp\/v2\/product"}],"about":[{"href":"https:\/\/reliquo.com\/it\/wp-json\/wp\/v2\/types\/product"}],"wp:featuredmedia":[{"embeddable":true,"href":"https:\/\/reliquo.com\/it\/wp-json\/wp\/v2\/media\/304"}],"wp:attachment":[{"href":"https:\/\/reliquo.com\/it\/wp-json\/wp\/v2\/media?parent=730"}],"wp:term":[{"taxonomy":"pwb-brand","embeddable":true,"href":"https:\/\/reliquo.com\/it\/wp-json\/wp\/v2\/pwb-brand?post=730"},{"taxonomy":"product_brand","embeddable":true,"href":"https:\/\/reliquo.com\/it\/wp-json\/wp\/v2\/product_brand?post=730"},{"taxonomy":"product_cat","embeddable":true,"href":"https:\/\/reliquo.com\/it\/wp-json\/wp\/v2\/product_cat?post=730"},{"taxonomy":"product_tag","embeddable":true,"href":"https:\/\/reliquo.com\/it\/wp-json\/wp\/v2\/product_tag?post=730"}],"curies":[{"name":"wp","href":"https:\/\/api.w.org\/{rel}","templated":true}]}}