{"id":721,"date":"2024-12-17T15:19:01","date_gmt":"2024-12-17T14:19:01","guid":{"rendered":"https:\/\/reliquo.com\/?post_type=product&#038;p=721"},"modified":"2026-01-19T10:16:29","modified_gmt":"2026-01-19T09:16:29","slug":"taif-zibibbo-secco-2023-cantina-fina","status":"publish","type":"product","link":"https:\/\/reliquo.com\/it\/taif-zibibbo-secco-2023-cantina-fina\/","title":{"rendered":"Taif Zibibbo Secco &#8211; Cantina Fin\u00e0"},"content":{"rendered":"<p>Lo Zibibbo Secco \u201cTaif\u201d di Cantine Fina \u00e8 un bianco leggermente aromatico, dal profilo fresco e sapido, prodotto nell\u2019entroterra a nord di Marsala. Nasce dalle uve di Moscato d\u2019Alessandria o Zibibbo, che per solito sono vinificate dopo un periodo d\u2019appassimento per realizzare vini dolci, ma che si stanno rivelando anche molto predisposte a una vinificazione in secco per produrre vini profumati, freschi e fruttati, di piacevolissima beva. L\u2019armoniosa morbidezza tipica dell\u2019uva Moscato, trova un perfetto equilibrio nella freschezza e nella sapidit\u00e0 tipica del terroir di Marsala. \u00c8 un vino equilibrato ed espressivo, che si abbina benissimo ad antipasti di crostacei, antipasti di pesce e primi piatti della cucina di mare.\u201cTaif\u201d Zibibbo Secco nasce nello splendido territorio della Contrada Bausa, dove ha sede la Cantine Fina. Si tratta di una realt\u00e0 familiare che ha avuto il merito di recuperare un antico baglio e dare nuovo impulso alla viticoltura nella bellissima area lungo la costa nord di Marsala, non lontano dalle Saline e dalla Riserva naturale delle Isole dello Stagnone. Nel giro di poco pi\u00f9 di un decennio, si \u00e8 imposta come una delle realt\u00e0 pi\u00f9 interessanti della Sicilia occidentale, anche grazie a un lavoro di valorizzazione delle variet\u00e0 storiche del territorio a cui si sono aggiunti alcuni vitigni internazionali, che ben si sono adattati alla zona. Il clima, caldo e mediterraneo, \u00e8 sempre mitigato dalle brezze iodate e saline del mare, che contribuiscono a creare un habitat unico. Le vigne sono gestite in regime d\u2019agricoltura biologica, in armonia con un ambiente costiero incontaminato e in sintonia con il desiderio di produrre vini genuini, con il profumo e il gusto autentico della terra di Sicilia.Il vino bianco \u201cTaif\u201d \u00e8 uno dei simboli della cantine Fina. Viene prodotto con il vitigno a bacca bianca da sempre presente sulla punta occidentale dell\u2019isola. La scelta di una delicata vinificazione in secco, ne esalta la parte aromatica, unita a un carattere marino inconfondibile e particolare. Le vigne sono coltivate in collina, a un\u2019altitudine di circa 300 metri sul livello del mare. La fermentazione si svolge in serbatoi d\u2019acciaio. Prima dell\u2019imbottigliamento il vino matura in acciaio per alcuni mesi. Nel calice si presenta con un luminoso giallo paglierino dai riflessi verdolini. Il bouquet seduce con profumi di zagara, fiori bianchi, agrumi, cenni di erbe aromatiche e note di frutta bianca. Al palato ha un ingresso caldo e morbido, con un frutto avvolgente, che si distende armonioso verso un finale sapido e fresco, che dona un perfetto equilibrio al sorso.<\/p>\n","protected":false},"excerpt":{"rendered":"<p>Lo Zibibbo Secco \u201cTaif\u201d di Cantine Fina \u00e8 un bianco leggermente aromatico, dal profilo fresco e sapido, prodotto nell\u2019entroterra a [&hellip;]<\/p>\n","protected":false},"featured_media":417,"template":"","meta":{"site-sidebar-layout":"","site-content-layout":"","ast-site-content-layout":"","site-content-style":"","site-sidebar-style":"","ast-global-header-display":"","ast-banner-title-visibility":"","ast-main-header-display":"","ast-hfb-above-header-display":"","ast-hfb-below-header-display":"","ast-hfb-mobile-header-display":"","site-post-title":"","ast-breadcrumbs-content":"","ast-featured-img":"","footer-sml-layout":"","ast-disable-related-posts":"","theme-transparent-header-meta":"","adv-header-id-meta":"","stick-header-meta":"","header-above-stick-meta":"","header-main-stick-meta":"","header-below-stick-meta":"","astra-migrate-meta-layouts":"","ast-page-background-enabled":"default","ast-page-background-meta":{"desktop":{"background-color":"var(--ast-global-color-4)","background-image":"","background-repeat":"repeat","background-position":"center center","background-size":"auto","background-attachment":"scroll","background-type":"","background-media":"","overlay-type":"","overlay-color":"","overlay-opacity":"","overlay-gradient":""},"tablet":{"background-color":"","background-image":"","background-repeat":"repeat","background-position":"center center","background-size":"auto","background-attachment":"scroll","background-type":"","background-media":"","overlay-type":"","overlay-color":"","overlay-opacity":"","overlay-gradient":""},"mobile":{"background-color":"","background-image":"","background-repeat":"repeat","background-position":"center center","background-size":"auto","background-attachment":"scroll","background-type":"","background-media":"","overlay-type":"","overlay-color":"","overlay-opacity":"","overlay-gradient":""}},"ast-content-background-meta":{"desktop":{"background-color":"var(--ast-global-color-5)","background-image":"","background-repeat":"repeat","background-position":"center center","background-size":"auto","background-attachment":"scroll","background-type":"","background-media":"","overlay-type":"","overlay-color":"","overlay-opacity":"","overlay-gradient":""},"tablet":{"background-color":"var(--ast-global-color-5)","background-image":"","background-repeat":"repeat","background-position":"center center","background-size":"auto","background-attachment":"scroll","background-type":"","background-media":"","overlay-type":"","overlay-color":"","overlay-opacity":"","overlay-gradient":""},"mobile":{"background-color":"var(--ast-global-color-5)","background-image":"","background-repeat":"repeat","background-position":"center center","background-size":"auto","background-attachment":"scroll","background-type":"","background-media":"","overlay-type":"","overlay-color":"","overlay-opacity":"","overlay-gradient":""}}},"pwb-brand":[689],"product_brand":[],"product_cat":[298],"product_tag":[447,455,453,454],"class_list":{"0":"post-721","1":"product","2":"type-product","3":"status-publish","4":"has-post-thumbnail","6":"pwb-brand-cantine-fina","7":"product_cat-bianchi","8":"product_tag-fina","9":"product_tag-taif","10":"product_tag-vino-liquoroso","11":"product_tag-zibibbo","12":"desktop-align-center","13":"tablet-align-center","14":"mobile-align-center","15":"ast-product-gallery-layout-horizontal-slider","16":"ast-product-gallery-with-no-image","17":"ast-magnify-disabled","18":"ast-product-tabs-layout-horizontal","19":"ast-qv-on-image","21":"first","22":"outofstock","23":"shipping-taxable","24":"purchasable","25":"product-type-simple"},"yoast_head":"<!-- This site is optimized with the Yoast SEO plugin v27.2 - https:\/\/yoast.com\/product\/yoast-seo-wordpress\/ -->\n<title>Taif Zibibbo Secco - Cantina Fin\u00e0 | Acquista Online su Reliquo<\/title>\n<meta name=\"description\" content=\"Scopri Taif Zibibbo Secco - Cantina Fin\u00e0 su Reliquo: qualit\u00e0 garantita, spedizioni rapide e prezzi competitivi. Ordina ora e approfitta delle nostre offerte esclusive.\" \/>\n<meta name=\"robots\" content=\"index, follow, max-snippet:-1, max-image-preview:large, max-video-preview:-1\" \/>\n<link rel=\"canonical\" href=\"http:\/\/reliquo.com\/it\/taif-zibibbo-secco-2023-cantina-fina\/\" \/>\n<meta property=\"og:locale\" content=\"it_IT\" \/>\n<meta property=\"og:type\" content=\"article\" \/>\n<meta property=\"og:title\" content=\"Taif Zibibbo Secco - Cantina Fin\u00e0 | Acquista Online su Reliquo\" \/>\n<meta property=\"og:description\" content=\"Scopri Taif Zibibbo Secco - Cantina Fin\u00e0 su Reliquo: qualit\u00e0 garantita, spedizioni rapide e prezzi competitivi. Ordina ora e approfitta delle nostre offerte esclusive.\" \/>\n<meta property=\"og:url\" content=\"http:\/\/reliquo.com\/it\/taif-zibibbo-secco-2023-cantina-fina\/\" \/>\n<meta property=\"og:site_name\" content=\"Reliquo\" \/>\n<meta property=\"article:modified_time\" content=\"2026-01-19T09:16:29+00:00\" \/>\n<meta property=\"og:image\" content=\"https:\/\/reliquo.com\/wp-content\/uploads\/2024\/12\/Zibibbo-Fina-Taif.png\" \/>\n\t<meta property=\"og:image:width\" content=\"2948\" \/>\n\t<meta property=\"og:image:height\" content=\"2948\" \/>\n\t<meta property=\"og:image:type\" content=\"image\/png\" \/>\n<meta name=\"twitter:card\" content=\"summary_large_image\" \/>\n<meta name=\"twitter:label1\" content=\"Tempo di lettura stimato\" \/>\n\t<meta name=\"twitter:data1\" content=\"2 minuti\" \/>\n<script type=\"application\/ld+json\" class=\"yoast-schema-graph\">{\"@context\":\"https:\/\/schema.org\",\"@graph\":[{\"@type\":\"WebPage\",\"@id\":\"http:\/\/reliquo.com\/it\/taif-zibibbo-secco-2023-cantina-fina\/\",\"url\":\"http:\/\/reliquo.com\/it\/taif-zibibbo-secco-2023-cantina-fina\/\",\"name\":\"Taif Zibibbo Secco - Cantina Fin\u00e0 | Acquista Online su Reliquo\",\"isPartOf\":{\"@id\":\"https:\/\/reliquo.com\/es\/#website\"},\"primaryImageOfPage\":{\"@id\":\"http:\/\/reliquo.com\/it\/taif-zibibbo-secco-2023-cantina-fina\/#primaryimage\"},\"image\":{\"@id\":\"http:\/\/reliquo.com\/it\/taif-zibibbo-secco-2023-cantina-fina\/#primaryimage\"},\"thumbnailUrl\":\"https:\/\/reliquo.com\/wp-content\/uploads\/2024\/12\/Zibibbo-Fina-Taif.png\",\"datePublished\":\"2024-12-17T14:19:01+00:00\",\"dateModified\":\"2026-01-19T09:16:29+00:00\",\"description\":\"Scopri Taif Zibibbo Secco - Cantina Fin\u00e0 su Reliquo: qualit\u00e0 garantita, spedizioni rapide e prezzi competitivi. Ordina ora e approfitta delle nostre offerte esclusive.\",\"breadcrumb\":{\"@id\":\"http:\/\/reliquo.com\/it\/taif-zibibbo-secco-2023-cantina-fina\/#breadcrumb\"},\"inLanguage\":\"it-IT\",\"potentialAction\":[{\"@type\":\"ReadAction\",\"target\":[\"http:\/\/reliquo.com\/it\/taif-zibibbo-secco-2023-cantina-fina\/\"]}]},{\"@type\":\"ImageObject\",\"inLanguage\":\"it-IT\",\"@id\":\"http:\/\/reliquo.com\/it\/taif-zibibbo-secco-2023-cantina-fina\/#primaryimage\",\"url\":\"https:\/\/reliquo.com\/wp-content\/uploads\/2024\/12\/Zibibbo-Fina-Taif.png\",\"contentUrl\":\"https:\/\/reliquo.com\/wp-content\/uploads\/2024\/12\/Zibibbo-Fina-Taif.png\",\"width\":2948,\"height\":2948,\"caption\":\"Taif Zibibbo Secco \u2013 Cantina Fin\u00e0\"},{\"@type\":\"BreadcrumbList\",\"@id\":\"http:\/\/reliquo.com\/it\/taif-zibibbo-secco-2023-cantina-fina\/#breadcrumb\",\"itemListElement\":[{\"@type\":\"ListItem\",\"position\":1,\"name\":\"Home\",\"item\":\"http:\/\/reliquo.com\/it\/\"},{\"@type\":\"ListItem\",\"position\":2,\"name\":\"Shop\",\"item\":\"http:\/\/reliquo.com\/it\/shop\/\"},{\"@type\":\"ListItem\",\"position\":3,\"name\":\"Taif Zibibbo Secco &#8211; Cantina Fin\u00e0\"}]},{\"@type\":\"WebSite\",\"@id\":\"https:\/\/reliquo.com\/es\/#website\",\"url\":\"https:\/\/reliquo.com\/es\/\",\"name\":\"Reliquo\",\"description\":\"La tua enoteca online: scopri vini, liquori e distillati d\u2019eccellenza.\",\"publisher\":{\"@id\":\"https:\/\/reliquo.com\/es\/#organization\"},\"potentialAction\":[{\"@type\":\"SearchAction\",\"target\":{\"@type\":\"EntryPoint\",\"urlTemplate\":\"https:\/\/reliquo.com\/es\/?s={search_term_string}\"},\"query-input\":{\"@type\":\"PropertyValueSpecification\",\"valueRequired\":true,\"valueName\":\"search_term_string\"}}],\"inLanguage\":\"it-IT\"},{\"@type\":\"Organization\",\"@id\":\"https:\/\/reliquo.com\/es\/#organization\",\"name\":\"Reliquo\",\"url\":\"https:\/\/reliquo.com\/es\/\",\"logo\":{\"@type\":\"ImageObject\",\"inLanguage\":\"it-IT\",\"@id\":\"https:\/\/reliquo.com\/es\/#\/schema\/logo\/image\/\",\"url\":\"https:\/\/reliquo.com\/wp-content\/uploads\/2024\/12\/cropped-favicon-1.png\",\"contentUrl\":\"https:\/\/reliquo.com\/wp-content\/uploads\/2024\/12\/cropped-favicon-1.png\",\"width\":512,\"height\":512,\"caption\":\"Reliquo\"},\"image\":{\"@id\":\"https:\/\/reliquo.com\/es\/#\/schema\/logo\/image\/\"}}]}<\/script>\n<!-- \/ Yoast SEO plugin. -->","yoast_head_json":{"title":"Taif Zibibbo Secco - Cantina Fin\u00e0 | Acquista Online su Reliquo","description":"Scopri Taif Zibibbo Secco - Cantina Fin\u00e0 su Reliquo: qualit\u00e0 garantita, spedizioni rapide e prezzi competitivi. Ordina ora e approfitta delle nostre offerte esclusive.","robots":{"index":"index","follow":"follow","max-snippet":"max-snippet:-1","max-image-preview":"max-image-preview:large","max-video-preview":"max-video-preview:-1"},"canonical":"http:\/\/reliquo.com\/it\/taif-zibibbo-secco-2023-cantina-fina\/","og_locale":"it_IT","og_type":"article","og_title":"Taif Zibibbo Secco - Cantina Fin\u00e0 | Acquista Online su Reliquo","og_description":"Scopri Taif Zibibbo Secco - Cantina Fin\u00e0 su Reliquo: qualit\u00e0 garantita, spedizioni rapide e prezzi competitivi. Ordina ora e approfitta delle nostre offerte esclusive.","og_url":"http:\/\/reliquo.com\/it\/taif-zibibbo-secco-2023-cantina-fina\/","og_site_name":"Reliquo","article_modified_time":"2026-01-19T09:16:29+00:00","og_image":[{"width":2948,"height":2948,"url":"https:\/\/reliquo.com\/wp-content\/uploads\/2024\/12\/Zibibbo-Fina-Taif.png","type":"image\/png"}],"twitter_card":"summary_large_image","twitter_misc":{"Tempo di lettura stimato":"2 minuti"},"schema":{"@context":"https:\/\/schema.org","@graph":[{"@type":"WebPage","@id":"http:\/\/reliquo.com\/it\/taif-zibibbo-secco-2023-cantina-fina\/","url":"http:\/\/reliquo.com\/it\/taif-zibibbo-secco-2023-cantina-fina\/","name":"Taif Zibibbo Secco - Cantina Fin\u00e0 | Acquista Online su Reliquo","isPartOf":{"@id":"https:\/\/reliquo.com\/es\/#website"},"primaryImageOfPage":{"@id":"http:\/\/reliquo.com\/it\/taif-zibibbo-secco-2023-cantina-fina\/#primaryimage"},"image":{"@id":"http:\/\/reliquo.com\/it\/taif-zibibbo-secco-2023-cantina-fina\/#primaryimage"},"thumbnailUrl":"https:\/\/reliquo.com\/wp-content\/uploads\/2024\/12\/Zibibbo-Fina-Taif.png","datePublished":"2024-12-17T14:19:01+00:00","dateModified":"2026-01-19T09:16:29+00:00","description":"Scopri Taif Zibibbo Secco - Cantina Fin\u00e0 su Reliquo: qualit\u00e0 garantita, spedizioni rapide e prezzi competitivi. Ordina ora e approfitta delle nostre offerte esclusive.","breadcrumb":{"@id":"http:\/\/reliquo.com\/it\/taif-zibibbo-secco-2023-cantina-fina\/#breadcrumb"},"inLanguage":"it-IT","potentialAction":[{"@type":"ReadAction","target":["http:\/\/reliquo.com\/it\/taif-zibibbo-secco-2023-cantina-fina\/"]}]},{"@type":"ImageObject","inLanguage":"it-IT","@id":"http:\/\/reliquo.com\/it\/taif-zibibbo-secco-2023-cantina-fina\/#primaryimage","url":"https:\/\/reliquo.com\/wp-content\/uploads\/2024\/12\/Zibibbo-Fina-Taif.png","contentUrl":"https:\/\/reliquo.com\/wp-content\/uploads\/2024\/12\/Zibibbo-Fina-Taif.png","width":2948,"height":2948,"caption":"Taif Zibibbo Secco \u2013 Cantina Fin\u00e0"},{"@type":"BreadcrumbList","@id":"http:\/\/reliquo.com\/it\/taif-zibibbo-secco-2023-cantina-fina\/#breadcrumb","itemListElement":[{"@type":"ListItem","position":1,"name":"Home","item":"http:\/\/reliquo.com\/it\/"},{"@type":"ListItem","position":2,"name":"Shop","item":"http:\/\/reliquo.com\/it\/shop\/"},{"@type":"ListItem","position":3,"name":"Taif Zibibbo Secco &#8211; Cantina Fin\u00e0"}]},{"@type":"WebSite","@id":"https:\/\/reliquo.com\/es\/#website","url":"https:\/\/reliquo.com\/es\/","name":"Reliquo","description":"La tua enoteca online: scopri vini, liquori e distillati d\u2019eccellenza.","publisher":{"@id":"https:\/\/reliquo.com\/es\/#organization"},"potentialAction":[{"@type":"SearchAction","target":{"@type":"EntryPoint","urlTemplate":"https:\/\/reliquo.com\/es\/?s={search_term_string}"},"query-input":{"@type":"PropertyValueSpecification","valueRequired":true,"valueName":"search_term_string"}}],"inLanguage":"it-IT"},{"@type":"Organization","@id":"https:\/\/reliquo.com\/es\/#organization","name":"Reliquo","url":"https:\/\/reliquo.com\/es\/","logo":{"@type":"ImageObject","inLanguage":"it-IT","@id":"https:\/\/reliquo.com\/es\/#\/schema\/logo\/image\/","url":"https:\/\/reliquo.com\/wp-content\/uploads\/2024\/12\/cropped-favicon-1.png","contentUrl":"https:\/\/reliquo.com\/wp-content\/uploads\/2024\/12\/cropped-favicon-1.png","width":512,"height":512,"caption":"Reliquo"},"image":{"@id":"https:\/\/reliquo.com\/es\/#\/schema\/logo\/image\/"}}]}},"jetpack_sharing_enabled":true,"brands":[{"id":689,"name":"Cantine Fina","slug":"cantine-fina"}],"_links":{"self":[{"href":"https:\/\/reliquo.com\/it\/wp-json\/wp\/v2\/product\/721","targetHints":{"allow":["GET"]}}],"collection":[{"href":"https:\/\/reliquo.com\/it\/wp-json\/wp\/v2\/product"}],"about":[{"href":"https:\/\/reliquo.com\/it\/wp-json\/wp\/v2\/types\/product"}],"wp:featuredmedia":[{"embeddable":true,"href":"https:\/\/reliquo.com\/it\/wp-json\/wp\/v2\/media\/417"}],"wp:attachment":[{"href":"https:\/\/reliquo.com\/it\/wp-json\/wp\/v2\/media?parent=721"}],"wp:term":[{"taxonomy":"pwb-brand","embeddable":true,"href":"https:\/\/reliquo.com\/it\/wp-json\/wp\/v2\/pwb-brand?post=721"},{"taxonomy":"product_brand","embeddable":true,"href":"https:\/\/reliquo.com\/it\/wp-json\/wp\/v2\/product_brand?post=721"},{"taxonomy":"product_cat","embeddable":true,"href":"https:\/\/reliquo.com\/it\/wp-json\/wp\/v2\/product_cat?post=721"},{"taxonomy":"product_tag","embeddable":true,"href":"https:\/\/reliquo.com\/it\/wp-json\/wp\/v2\/product_tag?post=721"}],"curies":[{"name":"wp","href":"https:\/\/api.w.org\/{rel}","templated":true}]}}