{"id":720,"date":"2024-12-17T15:19:01","date_gmt":"2024-12-17T14:19:01","guid":{"rendered":"https:\/\/reliquo.com\/?post_type=product&#038;p=720"},"modified":"2026-02-19T12:24:08","modified_gmt":"2026-02-19T11:24:08","slug":"syrah-2022-cantina-fina","status":"publish","type":"product","link":"https:\/\/reliquo.com\/it\/syrah-2022-cantina-fina\/","title":{"rendered":"Syrah &#8211; Cantina Fin\u00e0"},"content":{"rendered":"<p>Lo Syrah di Cantine Fina \u00e8 un vino rosso prodotto con il nobile vitigno francese originario della Valle del Rodano, che in Sicilia ha ormai trovato una seconda patria. Grazie al clima soleggiato e ventilato della zona di Marsala, questa uva si esprime su ottimi livelli qualitativi, con un profilo caldo e mediterraneo, avvolgente e ricco, tipica espressione delle caratteristiche del terroir. L\u2019affinamento in legno permette una completa evoluzione aromatica, che ammorbidisce i suoi scalpitanti tannini e propone uno spettro gustativo intenso, ricco e affascinante, con un tocco sapido e marino tipico conferito dal terroir d\u2019origine. \u00c8 un rosso perfetto da abbinare a carni rosse arrosto, carni alla brace o selvaggina.Cantine Fina Syrah \u00e8 ormai considerata in Sicilia alla stregua di un vitigno autoctono, tanto \u00e8 familiare la sua storica presenza sull\u2019isola. Insieme alla zona di Cortona, \u00e8 proprio la Sicilia a produrre le versioni italiane pi\u00f9 interessanti di questo affascinante vino, che nelle migliori versioni offre uno spettro di aromi che spaziano dal floreale, al fruttato allo speziato, con una complessit\u00e0 sfaccettata e seducente. La Cantina fina coltiva le sue vigne a nord di Marsala, nella prima fascia dell\u2019entroterra, che dal litorale delle saline e della Riserva naturale delle Isole dello Stagnone sale verso l\u2019interno. La tenuta si sviluppa su circa 50 ettari, che hanno come cuore pulsante un antico baglio. Il clima e le terre vocate fanno di quest\u2019angolo della Sicilia occidentale un luogo ideale per la coltivazione della vite. Le vigne si trovano in un ambiente naturale ricco di biodiversit\u00e0 e sono allevate in regime di agricoltura biologica, con utilizzo di solo zolfo e rame. La filosofia aziendale \u00e8 di produrre vini dal volto tipicamente territoriale, mediterraneo e marino.Il vino Syrah della cantina siciliana Fina \u00e8 un\u2019interessante interpretazione di questo antico vitigno francese, che nella terra d\u2019origine della C\u00f4te-R\u00f4tie e di Hermitage regala rossi di straordinaria finezza ed eleganza. La fermentazione si svolge in serbatoi d\u2019acciaio a temperatura controllata. Prima dell\u2019imbottigliamento il vino matura per 12 mesi in barrique di rovere. Nel calice si presenta con una veste rosso rubino cupo con riflessi granato. Il bouquet ricorda sfumature di violetta, aromi di mora, ribes e frutta a bacca scura, sentori di sottobosco, cenni di cacao amaro e spezie. Il sorso \u00e8 strutturato, con una trama tannica densa e un frutto maturo e ricco. Il finale \u00e8 lungo e armonioso, con una chiusura su note speziate e di pepe nero.<\/p>\n","protected":false},"excerpt":{"rendered":"<p>Lo Syrah di Cantine Fina \u00e8 un vino rosso prodotto con il nobile vitigno francese originario della Valle del Rodano, [&hellip;]<\/p>\n","protected":false},"featured_media":361,"template":"","meta":{"site-sidebar-layout":"","site-content-layout":"","ast-site-content-layout":"","site-content-style":"","site-sidebar-style":"","ast-global-header-display":"","ast-banner-title-visibility":"","ast-main-header-display":"","ast-hfb-above-header-display":"","ast-hfb-below-header-display":"","ast-hfb-mobile-header-display":"","site-post-title":"","ast-breadcrumbs-content":"","ast-featured-img":"","footer-sml-layout":"","ast-disable-related-posts":"","theme-transparent-header-meta":"","adv-header-id-meta":"","stick-header-meta":"","header-above-stick-meta":"","header-main-stick-meta":"","header-below-stick-meta":"","astra-migrate-meta-layouts":"","ast-page-background-enabled":"default","ast-page-background-meta":{"desktop":{"background-color":"var(--ast-global-color-4)","background-image":"","background-repeat":"repeat","background-position":"center center","background-size":"auto","background-attachment":"scroll","background-type":"","background-media":"","overlay-type":"","overlay-color":"","overlay-opacity":"","overlay-gradient":""},"tablet":{"background-color":"","background-image":"","background-repeat":"repeat","background-position":"center center","background-size":"auto","background-attachment":"scroll","background-type":"","background-media":"","overlay-type":"","overlay-color":"","overlay-opacity":"","overlay-gradient":""},"mobile":{"background-color":"","background-image":"","background-repeat":"repeat","background-position":"center center","background-size":"auto","background-attachment":"scroll","background-type":"","background-media":"","overlay-type":"","overlay-color":"","overlay-opacity":"","overlay-gradient":""}},"ast-content-background-meta":{"desktop":{"background-color":"var(--ast-global-color-5)","background-image":"","background-repeat":"repeat","background-position":"center center","background-size":"auto","background-attachment":"scroll","background-type":"","background-media":"","overlay-type":"","overlay-color":"","overlay-opacity":"","overlay-gradient":""},"tablet":{"background-color":"var(--ast-global-color-5)","background-image":"","background-repeat":"repeat","background-position":"center center","background-size":"auto","background-attachment":"scroll","background-type":"","background-media":"","overlay-type":"","overlay-color":"","overlay-opacity":"","overlay-gradient":""},"mobile":{"background-color":"var(--ast-global-color-5)","background-image":"","background-repeat":"repeat","background-position":"center center","background-size":"auto","background-attachment":"scroll","background-type":"","background-media":"","overlay-type":"","overlay-color":"","overlay-opacity":"","overlay-gradient":""}}},"pwb-brand":[689],"product_brand":[],"product_cat":[299],"product_tag":[447,448,452,442],"class_list":{"0":"post-720","1":"product","2":"type-product","3":"status-publish","4":"has-post-thumbnail","6":"pwb-brand-cantine-fina","7":"product_cat-rossi","8":"product_tag-fina","9":"product_tag-rosso","10":"product_tag-syrah","11":"product_tag-vino","12":"desktop-align-center","13":"tablet-align-center","14":"mobile-align-center","15":"ast-product-gallery-layout-horizontal-slider","16":"ast-product-gallery-with-no-image","17":"ast-magnify-disabled","18":"ast-product-tabs-layout-horizontal","19":"ast-qv-on-image","21":"first","22":"outofstock","23":"shipping-taxable","24":"purchasable","25":"product-type-simple"},"yoast_head":"<!-- This site is optimized with the Yoast SEO plugin v27.2 - https:\/\/yoast.com\/product\/yoast-seo-wordpress\/ -->\n<title>Syrah - Cantina Fin\u00e0 | Acquista Online su Reliquo<\/title>\n<meta name=\"description\" content=\"Scopri Syrah - Cantina Fin\u00e0 su Reliquo: qualit\u00e0 garantita, spedizioni rapide e prezzi competitivi. Ordina ora e approfitta delle nostre offerte esclusive.\" \/>\n<meta name=\"robots\" content=\"index, follow, max-snippet:-1, max-image-preview:large, max-video-preview:-1\" \/>\n<link rel=\"canonical\" href=\"http:\/\/reliquo.com\/it\/syrah-2022-cantina-fina\/\" \/>\n<meta property=\"og:locale\" content=\"it_IT\" \/>\n<meta property=\"og:type\" content=\"article\" \/>\n<meta property=\"og:title\" content=\"Syrah - Cantina Fin\u00e0 | Acquista Online su Reliquo\" \/>\n<meta property=\"og:description\" content=\"Scopri Syrah - Cantina Fin\u00e0 su Reliquo: qualit\u00e0 garantita, spedizioni rapide e prezzi competitivi. Ordina ora e approfitta delle nostre offerte esclusive.\" \/>\n<meta property=\"og:url\" content=\"http:\/\/reliquo.com\/it\/syrah-2022-cantina-fina\/\" \/>\n<meta property=\"og:site_name\" content=\"Reliquo\" \/>\n<meta property=\"article:modified_time\" content=\"2026-02-19T11:24:08+00:00\" \/>\n<meta property=\"og:image\" content=\"https:\/\/reliquo.com\/wp-content\/uploads\/2024\/12\/Fina-Syrah.png\" \/>\n\t<meta property=\"og:image:width\" content=\"2893\" \/>\n\t<meta property=\"og:image:height\" content=\"2893\" \/>\n\t<meta property=\"og:image:type\" content=\"image\/png\" \/>\n<meta name=\"twitter:card\" content=\"summary_large_image\" \/>\n<meta name=\"twitter:label1\" content=\"Tempo di lettura stimato\" \/>\n\t<meta name=\"twitter:data1\" content=\"2 minuti\" \/>\n<script type=\"application\/ld+json\" class=\"yoast-schema-graph\">{\"@context\":\"https:\/\/schema.org\",\"@graph\":[{\"@type\":\"WebPage\",\"@id\":\"http:\/\/reliquo.com\/it\/syrah-2022-cantina-fina\/\",\"url\":\"http:\/\/reliquo.com\/it\/syrah-2022-cantina-fina\/\",\"name\":\"Syrah - Cantina Fin\u00e0 | Acquista Online su Reliquo\",\"isPartOf\":{\"@id\":\"https:\/\/reliquo.com\/es\/#website\"},\"primaryImageOfPage\":{\"@id\":\"http:\/\/reliquo.com\/it\/syrah-2022-cantina-fina\/#primaryimage\"},\"image\":{\"@id\":\"http:\/\/reliquo.com\/it\/syrah-2022-cantina-fina\/#primaryimage\"},\"thumbnailUrl\":\"https:\/\/reliquo.com\/wp-content\/uploads\/2024\/12\/Fina-Syrah.png\",\"datePublished\":\"2024-12-17T14:19:01+00:00\",\"dateModified\":\"2026-02-19T11:24:08+00:00\",\"description\":\"Scopri Syrah - Cantina Fin\u00e0 su Reliquo: qualit\u00e0 garantita, spedizioni rapide e prezzi competitivi. Ordina ora e approfitta delle nostre offerte esclusive.\",\"breadcrumb\":{\"@id\":\"http:\/\/reliquo.com\/it\/syrah-2022-cantina-fina\/#breadcrumb\"},\"inLanguage\":\"it-IT\",\"potentialAction\":[{\"@type\":\"ReadAction\",\"target\":[\"http:\/\/reliquo.com\/it\/syrah-2022-cantina-fina\/\"]}]},{\"@type\":\"ImageObject\",\"inLanguage\":\"it-IT\",\"@id\":\"http:\/\/reliquo.com\/it\/syrah-2022-cantina-fina\/#primaryimage\",\"url\":\"https:\/\/reliquo.com\/wp-content\/uploads\/2024\/12\/Fina-Syrah.png\",\"contentUrl\":\"https:\/\/reliquo.com\/wp-content\/uploads\/2024\/12\/Fina-Syrah.png\",\"width\":2893,\"height\":2893,\"caption\":\"Syrah \u2013 Cantina Fin\u00e0\"},{\"@type\":\"BreadcrumbList\",\"@id\":\"http:\/\/reliquo.com\/it\/syrah-2022-cantina-fina\/#breadcrumb\",\"itemListElement\":[{\"@type\":\"ListItem\",\"position\":1,\"name\":\"Home\",\"item\":\"http:\/\/reliquo.com\/it\/\"},{\"@type\":\"ListItem\",\"position\":2,\"name\":\"Shop\",\"item\":\"http:\/\/reliquo.com\/it\/shop\/\"},{\"@type\":\"ListItem\",\"position\":3,\"name\":\"Syrah &#8211; Cantina Fin\u00e0\"}]},{\"@type\":\"WebSite\",\"@id\":\"https:\/\/reliquo.com\/es\/#website\",\"url\":\"https:\/\/reliquo.com\/es\/\",\"name\":\"Reliquo\",\"description\":\"La tua enoteca online: scopri vini, liquori e distillati d\u2019eccellenza.\",\"publisher\":{\"@id\":\"https:\/\/reliquo.com\/es\/#organization\"},\"potentialAction\":[{\"@type\":\"SearchAction\",\"target\":{\"@type\":\"EntryPoint\",\"urlTemplate\":\"https:\/\/reliquo.com\/es\/?s={search_term_string}\"},\"query-input\":{\"@type\":\"PropertyValueSpecification\",\"valueRequired\":true,\"valueName\":\"search_term_string\"}}],\"inLanguage\":\"it-IT\"},{\"@type\":\"Organization\",\"@id\":\"https:\/\/reliquo.com\/es\/#organization\",\"name\":\"Reliquo\",\"url\":\"https:\/\/reliquo.com\/es\/\",\"logo\":{\"@type\":\"ImageObject\",\"inLanguage\":\"it-IT\",\"@id\":\"https:\/\/reliquo.com\/es\/#\/schema\/logo\/image\/\",\"url\":\"https:\/\/reliquo.com\/wp-content\/uploads\/2024\/12\/cropped-favicon-1.png\",\"contentUrl\":\"https:\/\/reliquo.com\/wp-content\/uploads\/2024\/12\/cropped-favicon-1.png\",\"width\":512,\"height\":512,\"caption\":\"Reliquo\"},\"image\":{\"@id\":\"https:\/\/reliquo.com\/es\/#\/schema\/logo\/image\/\"}}]}<\/script>\n<!-- \/ Yoast SEO plugin. -->","yoast_head_json":{"title":"Syrah - Cantina Fin\u00e0 | Acquista Online su Reliquo","description":"Scopri Syrah - Cantina Fin\u00e0 su Reliquo: qualit\u00e0 garantita, spedizioni rapide e prezzi competitivi. Ordina ora e approfitta delle nostre offerte esclusive.","robots":{"index":"index","follow":"follow","max-snippet":"max-snippet:-1","max-image-preview":"max-image-preview:large","max-video-preview":"max-video-preview:-1"},"canonical":"http:\/\/reliquo.com\/it\/syrah-2022-cantina-fina\/","og_locale":"it_IT","og_type":"article","og_title":"Syrah - Cantina Fin\u00e0 | Acquista Online su Reliquo","og_description":"Scopri Syrah - Cantina Fin\u00e0 su Reliquo: qualit\u00e0 garantita, spedizioni rapide e prezzi competitivi. Ordina ora e approfitta delle nostre offerte esclusive.","og_url":"http:\/\/reliquo.com\/it\/syrah-2022-cantina-fina\/","og_site_name":"Reliquo","article_modified_time":"2026-02-19T11:24:08+00:00","og_image":[{"width":2893,"height":2893,"url":"https:\/\/reliquo.com\/wp-content\/uploads\/2024\/12\/Fina-Syrah.png","type":"image\/png"}],"twitter_card":"summary_large_image","twitter_misc":{"Tempo di lettura stimato":"2 minuti"},"schema":{"@context":"https:\/\/schema.org","@graph":[{"@type":"WebPage","@id":"http:\/\/reliquo.com\/it\/syrah-2022-cantina-fina\/","url":"http:\/\/reliquo.com\/it\/syrah-2022-cantina-fina\/","name":"Syrah - Cantina Fin\u00e0 | Acquista Online su Reliquo","isPartOf":{"@id":"https:\/\/reliquo.com\/es\/#website"},"primaryImageOfPage":{"@id":"http:\/\/reliquo.com\/it\/syrah-2022-cantina-fina\/#primaryimage"},"image":{"@id":"http:\/\/reliquo.com\/it\/syrah-2022-cantina-fina\/#primaryimage"},"thumbnailUrl":"https:\/\/reliquo.com\/wp-content\/uploads\/2024\/12\/Fina-Syrah.png","datePublished":"2024-12-17T14:19:01+00:00","dateModified":"2026-02-19T11:24:08+00:00","description":"Scopri Syrah - Cantina Fin\u00e0 su Reliquo: qualit\u00e0 garantita, spedizioni rapide e prezzi competitivi. Ordina ora e approfitta delle nostre offerte esclusive.","breadcrumb":{"@id":"http:\/\/reliquo.com\/it\/syrah-2022-cantina-fina\/#breadcrumb"},"inLanguage":"it-IT","potentialAction":[{"@type":"ReadAction","target":["http:\/\/reliquo.com\/it\/syrah-2022-cantina-fina\/"]}]},{"@type":"ImageObject","inLanguage":"it-IT","@id":"http:\/\/reliquo.com\/it\/syrah-2022-cantina-fina\/#primaryimage","url":"https:\/\/reliquo.com\/wp-content\/uploads\/2024\/12\/Fina-Syrah.png","contentUrl":"https:\/\/reliquo.com\/wp-content\/uploads\/2024\/12\/Fina-Syrah.png","width":2893,"height":2893,"caption":"Syrah \u2013 Cantina Fin\u00e0"},{"@type":"BreadcrumbList","@id":"http:\/\/reliquo.com\/it\/syrah-2022-cantina-fina\/#breadcrumb","itemListElement":[{"@type":"ListItem","position":1,"name":"Home","item":"http:\/\/reliquo.com\/it\/"},{"@type":"ListItem","position":2,"name":"Shop","item":"http:\/\/reliquo.com\/it\/shop\/"},{"@type":"ListItem","position":3,"name":"Syrah &#8211; Cantina Fin\u00e0"}]},{"@type":"WebSite","@id":"https:\/\/reliquo.com\/es\/#website","url":"https:\/\/reliquo.com\/es\/","name":"Reliquo","description":"La tua enoteca online: scopri vini, liquori e distillati d\u2019eccellenza.","publisher":{"@id":"https:\/\/reliquo.com\/es\/#organization"},"potentialAction":[{"@type":"SearchAction","target":{"@type":"EntryPoint","urlTemplate":"https:\/\/reliquo.com\/es\/?s={search_term_string}"},"query-input":{"@type":"PropertyValueSpecification","valueRequired":true,"valueName":"search_term_string"}}],"inLanguage":"it-IT"},{"@type":"Organization","@id":"https:\/\/reliquo.com\/es\/#organization","name":"Reliquo","url":"https:\/\/reliquo.com\/es\/","logo":{"@type":"ImageObject","inLanguage":"it-IT","@id":"https:\/\/reliquo.com\/es\/#\/schema\/logo\/image\/","url":"https:\/\/reliquo.com\/wp-content\/uploads\/2024\/12\/cropped-favicon-1.png","contentUrl":"https:\/\/reliquo.com\/wp-content\/uploads\/2024\/12\/cropped-favicon-1.png","width":512,"height":512,"caption":"Reliquo"},"image":{"@id":"https:\/\/reliquo.com\/es\/#\/schema\/logo\/image\/"}}]}},"jetpack_sharing_enabled":true,"brands":[{"id":689,"name":"Cantine Fina","slug":"cantine-fina"}],"_links":{"self":[{"href":"https:\/\/reliquo.com\/it\/wp-json\/wp\/v2\/product\/720","targetHints":{"allow":["GET"]}}],"collection":[{"href":"https:\/\/reliquo.com\/it\/wp-json\/wp\/v2\/product"}],"about":[{"href":"https:\/\/reliquo.com\/it\/wp-json\/wp\/v2\/types\/product"}],"wp:featuredmedia":[{"embeddable":true,"href":"https:\/\/reliquo.com\/it\/wp-json\/wp\/v2\/media\/361"}],"wp:attachment":[{"href":"https:\/\/reliquo.com\/it\/wp-json\/wp\/v2\/media?parent=720"}],"wp:term":[{"taxonomy":"pwb-brand","embeddable":true,"href":"https:\/\/reliquo.com\/it\/wp-json\/wp\/v2\/pwb-brand?post=720"},{"taxonomy":"product_brand","embeddable":true,"href":"https:\/\/reliquo.com\/it\/wp-json\/wp\/v2\/product_brand?post=720"},{"taxonomy":"product_cat","embeddable":true,"href":"https:\/\/reliquo.com\/it\/wp-json\/wp\/v2\/product_cat?post=720"},{"taxonomy":"product_tag","embeddable":true,"href":"https:\/\/reliquo.com\/it\/wp-json\/wp\/v2\/product_tag?post=720"}],"curies":[{"name":"wp","href":"https:\/\/api.w.org\/{rel}","templated":true}]}}