{"id":718,"date":"2024-12-17T15:19:01","date_gmt":"2024-12-17T14:19:01","guid":{"rendered":"https:\/\/reliquo.com\/?post_type=product&#038;p=718"},"modified":"2025-12-18T15:43:28","modified_gmt":"2025-12-18T14:43:28","slug":"nero-davola-2023-cantina-fina","status":"publish","type":"product","link":"https:\/\/reliquo.com\/it\/nero-davola-2023-cantina-fina\/","title":{"rendered":"Nero d&#8217;Avola &#8211; Cantina Fin\u00e0"},"content":{"rendered":"<p>Il Nero d\u2019Avola di Cantine Fina \u00e8 un vino rosso intenso e fruttato, prodotto con il vitigno a bacca rossa pi\u00f9 famoso della Sicilia. Originario dell\u2019area della Valle di Noto, questa variet\u00e0 si \u00e8 acclimatata bene nella Sicilia occidentale e in particolare nella zona dell\u2019entroterra di Marsala. Si tratta di una versione giovane e fragrante, che punta soprattutto a esaltare il frutto ricco e l\u2019immediatezza di beva. La vinificazione in acciaio preserva le note di ciliegia, frutti di bosco ed erbe aromatiche, che caratterizzano il profilo aromatico dell\u2019uva. Risulta dunque perfetto da degustare con i primi piatti saporiti della cucina siciliana.Il rosso Nero d\u2019Avola ha un volto giovane e dinamico ed \u00e8 prodotto da uno dei pi\u00f9 importanti protagonisti del panorama dei vini dell\u2019area di Marsala. Cantine Fina \u00e8 una realt\u00e0 recente, che ha saputo affermarsi per la qualit\u00e0 dei suoi vini e per un\u2019attenzione particolare alla valorizzazione dei vitigni autoctoni siciliani. S\u2019inserisce in questa logica la produzione di un\u2019etichetta di Nero d\u2019Avola dal profilo tipicamente varietale e mediterraneo, che ben racconta il carattere del territorio. Le vigne sono coltivate vicino al mare e le uve maturano grazie a un clima caldo, secco e sempre ben ventilato. Proprio le favorevoli condizioni pedoclimatiche hanno permesso di abbracciare i principi dell\u2019agricoltura biologica e di realizzare etichette dal gusto autentico, sano e genuino.Il vino Nero d\u2019Avola di Cantine Fina nasce dalle uve di vigne coltivate nella zona di Contrada Bausa, a un\u2019altitudine di circa 600 metri sul livello del mare. La fermentazione si svolge in serbati d\u2019acciaio inox, con la classica vinificazione e macerazione sulle bucce. Il vino matura alcuni mesi in acciaio e completa il suo percorso d\u2019affinamento con 6 mesi in bottiglia prima d\u2019essere messo in commercio. Nel calice mostra un colore rosso rubino con leggeri riflessi violacei. I profumi ricordano i piccoli frutti a bacca rossa, la ciliegia matura, sfumature leggermente speziate e cenni di erbe aromatiche della macchia mediterranea. Il sorso \u00e8 intenso, ricco, con tannini sottili e una trama succosa, che anticipa un finale fresco e persistente. Tutta la piacevolezza giovanile del Nero d\u2019Avola.<\/p>\n","protected":false},"excerpt":{"rendered":"<p>Il Nero d\u2019Avola di Cantine Fina \u00e8 un vino rosso intenso e fruttato, prodotto con il vitigno a bacca rossa [&hellip;]<\/p>\n","protected":false},"featured_media":359,"template":"","meta":{"site-sidebar-layout":"","site-content-layout":"","ast-site-content-layout":"","site-content-style":"","site-sidebar-style":"","ast-global-header-display":"","ast-banner-title-visibility":"","ast-main-header-display":"","ast-hfb-above-header-display":"","ast-hfb-below-header-display":"","ast-hfb-mobile-header-display":"","site-post-title":"","ast-breadcrumbs-content":"","ast-featured-img":"","footer-sml-layout":"","ast-disable-related-posts":"","theme-transparent-header-meta":"","adv-header-id-meta":"","stick-header-meta":"","header-above-stick-meta":"","header-main-stick-meta":"","header-below-stick-meta":"","astra-migrate-meta-layouts":"","ast-page-background-enabled":"default","ast-page-background-meta":{"desktop":{"background-color":"var(--ast-global-color-4)","background-image":"","background-repeat":"repeat","background-position":"center center","background-size":"auto","background-attachment":"scroll","background-type":"","background-media":"","overlay-type":"","overlay-color":"","overlay-opacity":"","overlay-gradient":""},"tablet":{"background-color":"","background-image":"","background-repeat":"repeat","background-position":"center center","background-size":"auto","background-attachment":"scroll","background-type":"","background-media":"","overlay-type":"","overlay-color":"","overlay-opacity":"","overlay-gradient":""},"mobile":{"background-color":"","background-image":"","background-repeat":"repeat","background-position":"center center","background-size":"auto","background-attachment":"scroll","background-type":"","background-media":"","overlay-type":"","overlay-color":"","overlay-opacity":"","overlay-gradient":""}},"ast-content-background-meta":{"desktop":{"background-color":"var(--ast-global-color-5)","background-image":"","background-repeat":"repeat","background-position":"center center","background-size":"auto","background-attachment":"scroll","background-type":"","background-media":"","overlay-type":"","overlay-color":"","overlay-opacity":"","overlay-gradient":""},"tablet":{"background-color":"var(--ast-global-color-5)","background-image":"","background-repeat":"repeat","background-position":"center center","background-size":"auto","background-attachment":"scroll","background-type":"","background-media":"","overlay-type":"","overlay-color":"","overlay-opacity":"","overlay-gradient":""},"mobile":{"background-color":"var(--ast-global-color-5)","background-image":"","background-repeat":"repeat","background-position":"center center","background-size":"auto","background-attachment":"scroll","background-type":"","background-media":"","overlay-type":"","overlay-color":"","overlay-opacity":"","overlay-gradient":""}}},"pwb-brand":[689],"product_brand":[],"product_cat":[299],"product_tag":[447,450,448,442],"class_list":{"0":"post-718","1":"product","2":"type-product","3":"status-publish","4":"has-post-thumbnail","6":"pwb-brand-cantine-fina","7":"product_cat-rossi","8":"product_tag-fina","9":"product_tag-nero-davola","10":"product_tag-rosso","11":"product_tag-vino","12":"desktop-align-center","13":"tablet-align-center","14":"mobile-align-center","15":"ast-product-gallery-layout-horizontal-slider","16":"ast-product-gallery-with-no-image","17":"ast-magnify-disabled","18":"ast-product-tabs-layout-horizontal","19":"ast-qv-on-image","21":"first","22":"instock","23":"shipping-taxable","24":"purchasable","25":"product-type-simple"},"yoast_head":"<!-- This site is optimized with the Yoast SEO plugin v27.2 - https:\/\/yoast.com\/product\/yoast-seo-wordpress\/ -->\n<title>Nero d&#039;Avola - Cantina Fin\u00e0 | Acquista Online su Reliquo<\/title>\n<meta name=\"description\" content=\"Scopri Nero d&#039;Avola - Cantina Fin\u00e0 su Reliquo: qualit\u00e0 garantita, spedizioni rapide e prezzi competitivi. Ordina ora e approfitta delle nostre offerte esclusive.\" \/>\n<meta name=\"robots\" content=\"index, follow, max-snippet:-1, max-image-preview:large, max-video-preview:-1\" \/>\n<link rel=\"canonical\" href=\"http:\/\/reliquo.com\/it\/nero-davola-2023-cantina-fina\/\" \/>\n<meta property=\"og:locale\" content=\"it_IT\" \/>\n<meta property=\"og:type\" content=\"article\" \/>\n<meta property=\"og:title\" content=\"Nero d&#039;Avola - Cantina Fin\u00e0 | Acquista Online su Reliquo\" \/>\n<meta property=\"og:description\" content=\"Scopri Nero d&#039;Avola - Cantina Fin\u00e0 su Reliquo: qualit\u00e0 garantita, spedizioni rapide e prezzi competitivi. Ordina ora e approfitta delle nostre offerte esclusive.\" \/>\n<meta property=\"og:url\" content=\"http:\/\/reliquo.com\/it\/nero-davola-2023-cantina-fina\/\" \/>\n<meta property=\"og:site_name\" content=\"Reliquo\" \/>\n<meta property=\"article:modified_time\" content=\"2025-12-18T14:43:28+00:00\" \/>\n<meta property=\"og:image\" content=\"https:\/\/reliquo.com\/wp-content\/uploads\/2024\/12\/Fina-Nero-dAvola.png\" \/>\n\t<meta property=\"og:image:width\" content=\"3024\" \/>\n\t<meta property=\"og:image:height\" content=\"3024\" \/>\n\t<meta property=\"og:image:type\" content=\"image\/png\" \/>\n<meta name=\"twitter:card\" content=\"summary_large_image\" \/>\n<meta name=\"twitter:label1\" content=\"Tempo di lettura stimato\" \/>\n\t<meta name=\"twitter:data1\" content=\"2 minuti\" \/>\n<script type=\"application\/ld+json\" class=\"yoast-schema-graph\">{\"@context\":\"https:\/\/schema.org\",\"@graph\":[{\"@type\":\"WebPage\",\"@id\":\"http:\/\/reliquo.com\/it\/nero-davola-2023-cantina-fina\/\",\"url\":\"http:\/\/reliquo.com\/it\/nero-davola-2023-cantina-fina\/\",\"name\":\"Nero d'Avola - Cantina Fin\u00e0 | Acquista Online su Reliquo\",\"isPartOf\":{\"@id\":\"https:\/\/reliquo.com\/es\/#website\"},\"primaryImageOfPage\":{\"@id\":\"http:\/\/reliquo.com\/it\/nero-davola-2023-cantina-fina\/#primaryimage\"},\"image\":{\"@id\":\"http:\/\/reliquo.com\/it\/nero-davola-2023-cantina-fina\/#primaryimage\"},\"thumbnailUrl\":\"https:\/\/reliquo.com\/wp-content\/uploads\/2024\/12\/Fina-Nero-dAvola.png\",\"datePublished\":\"2024-12-17T14:19:01+00:00\",\"dateModified\":\"2025-12-18T14:43:28+00:00\",\"description\":\"Scopri Nero d'Avola - Cantina Fin\u00e0 su Reliquo: qualit\u00e0 garantita, spedizioni rapide e prezzi competitivi. Ordina ora e approfitta delle nostre offerte esclusive.\",\"breadcrumb\":{\"@id\":\"http:\/\/reliquo.com\/it\/nero-davola-2023-cantina-fina\/#breadcrumb\"},\"inLanguage\":\"it-IT\",\"potentialAction\":[{\"@type\":\"ReadAction\",\"target\":[\"http:\/\/reliquo.com\/it\/nero-davola-2023-cantina-fina\/\"]}]},{\"@type\":\"ImageObject\",\"inLanguage\":\"it-IT\",\"@id\":\"http:\/\/reliquo.com\/it\/nero-davola-2023-cantina-fina\/#primaryimage\",\"url\":\"https:\/\/reliquo.com\/wp-content\/uploads\/2024\/12\/Fina-Nero-dAvola.png\",\"contentUrl\":\"https:\/\/reliquo.com\/wp-content\/uploads\/2024\/12\/Fina-Nero-dAvola.png\",\"width\":3024,\"height\":3024,\"caption\":\"Nero d\u2019Avola \u2013 Cantina Fin\u00e0\"},{\"@type\":\"BreadcrumbList\",\"@id\":\"http:\/\/reliquo.com\/it\/nero-davola-2023-cantina-fina\/#breadcrumb\",\"itemListElement\":[{\"@type\":\"ListItem\",\"position\":1,\"name\":\"Home\",\"item\":\"http:\/\/reliquo.com\/it\/\"},{\"@type\":\"ListItem\",\"position\":2,\"name\":\"Shop\",\"item\":\"http:\/\/reliquo.com\/it\/shop\/\"},{\"@type\":\"ListItem\",\"position\":3,\"name\":\"Nero d&#8217;Avola &#8211; Cantina Fin\u00e0\"}]},{\"@type\":\"WebSite\",\"@id\":\"https:\/\/reliquo.com\/es\/#website\",\"url\":\"https:\/\/reliquo.com\/es\/\",\"name\":\"Reliquo\",\"description\":\"La tua enoteca online: scopri vini, liquori e distillati d\u2019eccellenza.\",\"publisher\":{\"@id\":\"https:\/\/reliquo.com\/es\/#organization\"},\"potentialAction\":[{\"@type\":\"SearchAction\",\"target\":{\"@type\":\"EntryPoint\",\"urlTemplate\":\"https:\/\/reliquo.com\/es\/?s={search_term_string}\"},\"query-input\":{\"@type\":\"PropertyValueSpecification\",\"valueRequired\":true,\"valueName\":\"search_term_string\"}}],\"inLanguage\":\"it-IT\"},{\"@type\":\"Organization\",\"@id\":\"https:\/\/reliquo.com\/es\/#organization\",\"name\":\"Reliquo\",\"url\":\"https:\/\/reliquo.com\/es\/\",\"logo\":{\"@type\":\"ImageObject\",\"inLanguage\":\"it-IT\",\"@id\":\"https:\/\/reliquo.com\/es\/#\/schema\/logo\/image\/\",\"url\":\"https:\/\/reliquo.com\/wp-content\/uploads\/2024\/12\/cropped-favicon-1.png\",\"contentUrl\":\"https:\/\/reliquo.com\/wp-content\/uploads\/2024\/12\/cropped-favicon-1.png\",\"width\":512,\"height\":512,\"caption\":\"Reliquo\"},\"image\":{\"@id\":\"https:\/\/reliquo.com\/es\/#\/schema\/logo\/image\/\"}}]}<\/script>\n<!-- \/ Yoast SEO plugin. -->","yoast_head_json":{"title":"Nero d'Avola - Cantina Fin\u00e0 | Acquista Online su Reliquo","description":"Scopri Nero d'Avola - Cantina Fin\u00e0 su Reliquo: qualit\u00e0 garantita, spedizioni rapide e prezzi competitivi. Ordina ora e approfitta delle nostre offerte esclusive.","robots":{"index":"index","follow":"follow","max-snippet":"max-snippet:-1","max-image-preview":"max-image-preview:large","max-video-preview":"max-video-preview:-1"},"canonical":"http:\/\/reliquo.com\/it\/nero-davola-2023-cantina-fina\/","og_locale":"it_IT","og_type":"article","og_title":"Nero d'Avola - Cantina Fin\u00e0 | Acquista Online su Reliquo","og_description":"Scopri Nero d'Avola - Cantina Fin\u00e0 su Reliquo: qualit\u00e0 garantita, spedizioni rapide e prezzi competitivi. Ordina ora e approfitta delle nostre offerte esclusive.","og_url":"http:\/\/reliquo.com\/it\/nero-davola-2023-cantina-fina\/","og_site_name":"Reliquo","article_modified_time":"2025-12-18T14:43:28+00:00","og_image":[{"width":3024,"height":3024,"url":"https:\/\/reliquo.com\/wp-content\/uploads\/2024\/12\/Fina-Nero-dAvola.png","type":"image\/png"}],"twitter_card":"summary_large_image","twitter_misc":{"Tempo di lettura stimato":"2 minuti"},"schema":{"@context":"https:\/\/schema.org","@graph":[{"@type":"WebPage","@id":"http:\/\/reliquo.com\/it\/nero-davola-2023-cantina-fina\/","url":"http:\/\/reliquo.com\/it\/nero-davola-2023-cantina-fina\/","name":"Nero d'Avola - Cantina Fin\u00e0 | Acquista Online su Reliquo","isPartOf":{"@id":"https:\/\/reliquo.com\/es\/#website"},"primaryImageOfPage":{"@id":"http:\/\/reliquo.com\/it\/nero-davola-2023-cantina-fina\/#primaryimage"},"image":{"@id":"http:\/\/reliquo.com\/it\/nero-davola-2023-cantina-fina\/#primaryimage"},"thumbnailUrl":"https:\/\/reliquo.com\/wp-content\/uploads\/2024\/12\/Fina-Nero-dAvola.png","datePublished":"2024-12-17T14:19:01+00:00","dateModified":"2025-12-18T14:43:28+00:00","description":"Scopri Nero d'Avola - Cantina Fin\u00e0 su Reliquo: qualit\u00e0 garantita, spedizioni rapide e prezzi competitivi. Ordina ora e approfitta delle nostre offerte esclusive.","breadcrumb":{"@id":"http:\/\/reliquo.com\/it\/nero-davola-2023-cantina-fina\/#breadcrumb"},"inLanguage":"it-IT","potentialAction":[{"@type":"ReadAction","target":["http:\/\/reliquo.com\/it\/nero-davola-2023-cantina-fina\/"]}]},{"@type":"ImageObject","inLanguage":"it-IT","@id":"http:\/\/reliquo.com\/it\/nero-davola-2023-cantina-fina\/#primaryimage","url":"https:\/\/reliquo.com\/wp-content\/uploads\/2024\/12\/Fina-Nero-dAvola.png","contentUrl":"https:\/\/reliquo.com\/wp-content\/uploads\/2024\/12\/Fina-Nero-dAvola.png","width":3024,"height":3024,"caption":"Nero d\u2019Avola \u2013 Cantina Fin\u00e0"},{"@type":"BreadcrumbList","@id":"http:\/\/reliquo.com\/it\/nero-davola-2023-cantina-fina\/#breadcrumb","itemListElement":[{"@type":"ListItem","position":1,"name":"Home","item":"http:\/\/reliquo.com\/it\/"},{"@type":"ListItem","position":2,"name":"Shop","item":"http:\/\/reliquo.com\/it\/shop\/"},{"@type":"ListItem","position":3,"name":"Nero d&#8217;Avola &#8211; Cantina Fin\u00e0"}]},{"@type":"WebSite","@id":"https:\/\/reliquo.com\/es\/#website","url":"https:\/\/reliquo.com\/es\/","name":"Reliquo","description":"La tua enoteca online: scopri vini, liquori e distillati d\u2019eccellenza.","publisher":{"@id":"https:\/\/reliquo.com\/es\/#organization"},"potentialAction":[{"@type":"SearchAction","target":{"@type":"EntryPoint","urlTemplate":"https:\/\/reliquo.com\/es\/?s={search_term_string}"},"query-input":{"@type":"PropertyValueSpecification","valueRequired":true,"valueName":"search_term_string"}}],"inLanguage":"it-IT"},{"@type":"Organization","@id":"https:\/\/reliquo.com\/es\/#organization","name":"Reliquo","url":"https:\/\/reliquo.com\/es\/","logo":{"@type":"ImageObject","inLanguage":"it-IT","@id":"https:\/\/reliquo.com\/es\/#\/schema\/logo\/image\/","url":"https:\/\/reliquo.com\/wp-content\/uploads\/2024\/12\/cropped-favicon-1.png","contentUrl":"https:\/\/reliquo.com\/wp-content\/uploads\/2024\/12\/cropped-favicon-1.png","width":512,"height":512,"caption":"Reliquo"},"image":{"@id":"https:\/\/reliquo.com\/es\/#\/schema\/logo\/image\/"}}]}},"jetpack_sharing_enabled":true,"brands":[{"id":689,"name":"Cantine Fina","slug":"cantine-fina"}],"_links":{"self":[{"href":"https:\/\/reliquo.com\/it\/wp-json\/wp\/v2\/product\/718","targetHints":{"allow":["GET"]}}],"collection":[{"href":"https:\/\/reliquo.com\/it\/wp-json\/wp\/v2\/product"}],"about":[{"href":"https:\/\/reliquo.com\/it\/wp-json\/wp\/v2\/types\/product"}],"wp:featuredmedia":[{"embeddable":true,"href":"https:\/\/reliquo.com\/it\/wp-json\/wp\/v2\/media\/359"}],"wp:attachment":[{"href":"https:\/\/reliquo.com\/it\/wp-json\/wp\/v2\/media?parent=718"}],"wp:term":[{"taxonomy":"pwb-brand","embeddable":true,"href":"https:\/\/reliquo.com\/it\/wp-json\/wp\/v2\/pwb-brand?post=718"},{"taxonomy":"product_brand","embeddable":true,"href":"https:\/\/reliquo.com\/it\/wp-json\/wp\/v2\/product_brand?post=718"},{"taxonomy":"product_cat","embeddable":true,"href":"https:\/\/reliquo.com\/it\/wp-json\/wp\/v2\/product_cat?post=718"},{"taxonomy":"product_tag","embeddable":true,"href":"https:\/\/reliquo.com\/it\/wp-json\/wp\/v2\/product_tag?post=718"}],"curies":[{"name":"wp","href":"https:\/\/api.w.org\/{rel}","templated":true}]}}