{"id":631,"date":"2024-12-17T15:18:50","date_gmt":"2024-12-17T14:18:50","guid":{"rendered":"https:\/\/reliquo.com\/?post_type=product&#038;p=631"},"modified":"2025-12-18T15:43:23","modified_gmt":"2025-12-18T14:43:23","slug":"gin-hendricks-70cl","status":"publish","type":"product","link":"https:\/\/reliquo.com\/it\/gin-hendricks-70cl\/","title":{"rendered":"Gin Hendrick&#8217;s &#8211; 70cl"},"content":{"rendered":"<p>L\u2019Hendrick\u2019s Gin \u00e8 unico nel suo genere in quanto unisce due gin distillati separatamente con due metodi completamente diversi e dal sapore totalmente differente, i quali, prima dell\u2019aggiunta del cetriolo e delle rose, non hanno una grande personalit\u00e0. Ma insieme diventano molto pi\u00f9 della somma delle loro parti: uno \u00e8 intenso, oleoso, gineproso; l\u2019altro \u00e8 leggero, dolce e floreale, ma manca di note profonde; eppure, una volta combinati producono uno spettro completo di sapori.Nel 2003 il Wall Street Journal lo ha designato miglior gin del mondo. Sulla sua nascita circolano molte storie, ma la verit\u00e0 \u00e8 che la casa produttrice ha notato un buco nel mercato e nel 1999 ha quindi rilasciato questo premium gin, ispirato dall\u2019abitudine di mangiare sandwich al cetriolo nei giardini inglesi. Il brand \u00e8 curato da un\u2019agenzia americana, ma con l\u2019obiettivo di focalizzarsi su una \u201cinglesit\u00e0\u201d unica e inusuale. La bottiglia dallo stile delle farmacie di epoca Vittoriana riportala data 1886, ma essa non si riferisce al gin, bens\u00ec all\u2019anno della fondazione della distilleria William Grant.La distillazione avviene in Scozia, nell\u2019Ayrshire e il maestro distillatore Lesley Gracie \u00e8, cosa poco usuale in questo settore, una donna. L\u2019Hendrick\u2019s Gin \u00e8 il risultato della combinazione di due gin. Uno prodotto con un alambicco Carter-Head , l\u2019altro in un piccolo alambicco costruito nel 1860 dalla casa produttrice Bennett, Sons &amp; Shears. Sono due metodi di distillazione molto diversi che producono gin estremamente differenti. Le 2 botaniche vengono fatte macerare per circa 24 ore prima di passare nell\u2019alambicco Bennett. Detta semplicemente vengono fatte bollire e messe direttamente nello spirito cos\u00ec da infondergli la maggior parte delle caratteristiche aromatiche.Tutte le botaniche utilizzate nel Carter-Head sono aggiunte in un cestello in cima al distillatore. Non vengono n\u00e9 fatte macerate n\u00e9 bollire, ma vengono come cotte al vapore cos\u00ec da estrarre solamente gli aromi pi\u00f9 leggeri, dolci e floreali. Entrambe le distillazioni richiedono 12 ore di tempo. Una volta uniti i due spiriti, vengono aggiunti il cetriolo e l\u2019essenza di rose prima dell\u2019aggiunta di acqua e dell\u2019imbottigliamento.<\/p>\n","protected":false},"excerpt":{"rendered":"<p>L\u2019Hendrick\u2019s Gin \u00e8 unico nel suo genere in quanto unisce due gin distillati separatamente con due metodi completamente diversi e [&hellip;]<\/p>\n","protected":false},"featured_media":85,"template":"","meta":{"site-sidebar-layout":"","site-content-layout":"","ast-site-content-layout":"","site-content-style":"","site-sidebar-style":"","ast-global-header-display":"","ast-banner-title-visibility":"","ast-main-header-display":"","ast-hfb-above-header-display":"","ast-hfb-below-header-display":"","ast-hfb-mobile-header-display":"","site-post-title":"","ast-breadcrumbs-content":"","ast-featured-img":"","footer-sml-layout":"","ast-disable-related-posts":"","theme-transparent-header-meta":"","adv-header-id-meta":"","stick-header-meta":"","header-above-stick-meta":"","header-main-stick-meta":"","header-below-stick-meta":"","astra-migrate-meta-layouts":"","ast-page-background-enabled":"default","ast-page-background-meta":{"desktop":{"background-color":"var(--ast-global-color-4)","background-image":"","background-repeat":"repeat","background-position":"center center","background-size":"auto","background-attachment":"scroll","background-type":"","background-media":"","overlay-type":"","overlay-color":"","overlay-opacity":"","overlay-gradient":""},"tablet":{"background-color":"","background-image":"","background-repeat":"repeat","background-position":"center center","background-size":"auto","background-attachment":"scroll","background-type":"","background-media":"","overlay-type":"","overlay-color":"","overlay-opacity":"","overlay-gradient":""},"mobile":{"background-color":"","background-image":"","background-repeat":"repeat","background-position":"center center","background-size":"auto","background-attachment":"scroll","background-type":"","background-media":"","overlay-type":"","overlay-color":"","overlay-opacity":"","overlay-gradient":""}},"ast-content-background-meta":{"desktop":{"background-color":"var(--ast-global-color-5)","background-image":"","background-repeat":"repeat","background-position":"center center","background-size":"auto","background-attachment":"scroll","background-type":"","background-media":"","overlay-type":"","overlay-color":"","overlay-opacity":"","overlay-gradient":""},"tablet":{"background-color":"var(--ast-global-color-5)","background-image":"","background-repeat":"repeat","background-position":"center center","background-size":"auto","background-attachment":"scroll","background-type":"","background-media":"","overlay-type":"","overlay-color":"","overlay-opacity":"","overlay-gradient":""},"mobile":{"background-color":"var(--ast-global-color-5)","background-image":"","background-repeat":"repeat","background-position":"center center","background-size":"auto","background-attachment":"scroll","background-type":"","background-media":"","overlay-type":"","overlay-color":"","overlay-opacity":"","overlay-gradient":""}}},"pwb-brand":[739],"product_brand":[],"product_cat":[291],"product_tag":[318,326],"class_list":{"0":"post-631","1":"product","2":"type-product","3":"status-publish","4":"has-post-thumbnail","6":"pwb-brand-william-grant-sons","7":"product_cat-gin","8":"product_tag-gin","9":"product_tag-hendricks","10":"desktop-align-center","11":"tablet-align-center","12":"mobile-align-center","13":"ast-product-gallery-layout-horizontal-slider","14":"ast-product-gallery-with-no-image","15":"ast-magnify-disabled","16":"ast-product-tabs-layout-horizontal","17":"ast-qv-on-image","19":"first","20":"instock","21":"shipping-taxable","22":"purchasable","23":"product-type-simple"},"yoast_head":"<!-- This site is optimized with the Yoast SEO plugin v27.4 - https:\/\/yoast.com\/product\/yoast-seo-wordpress\/ -->\n<title>Gin Hendrick&#039;s - 70cl | Acquista Online su Reliquo<\/title>\n<meta name=\"description\" content=\"Scopri Gin Hendrick&#039;s - 70cl su Reliquo: qualit\u00e0 garantita, spedizioni rapide e prezzi competitivi. Ordina ora e approfitta delle nostre offerte esclusive.\" \/>\n<meta name=\"robots\" content=\"index, follow, max-snippet:-1, max-image-preview:large, max-video-preview:-1\" \/>\n<link rel=\"canonical\" href=\"http:\/\/reliquo.com\/it\/gin-hendricks-70cl\/\" \/>\n<meta property=\"og:locale\" content=\"it_IT\" \/>\n<meta property=\"og:type\" content=\"article\" \/>\n<meta property=\"og:title\" content=\"Gin Hendrick&#039;s - 70cl | Acquista Online su Reliquo\" \/>\n<meta property=\"og:description\" content=\"Scopri Gin Hendrick&#039;s - 70cl su Reliquo: qualit\u00e0 garantita, spedizioni rapide e prezzi competitivi. Ordina ora e approfitta delle nostre offerte esclusive.\" \/>\n<meta property=\"og:url\" content=\"http:\/\/reliquo.com\/it\/gin-hendricks-70cl\/\" \/>\n<meta property=\"og:site_name\" content=\"Reliquo\" \/>\n<meta property=\"article:modified_time\" content=\"2025-12-18T14:43:23+00:00\" \/>\n<meta property=\"og:image\" content=\"https:\/\/reliquo.com\/wp-content\/uploads\/2024\/12\/Hendricks-70cl.png\" \/>\n\t<meta property=\"og:image:width\" content=\"1997\" \/>\n\t<meta property=\"og:image:height\" content=\"1997\" \/>\n\t<meta property=\"og:image:type\" content=\"image\/png\" \/>\n<meta name=\"twitter:card\" content=\"summary_large_image\" \/>\n<meta name=\"twitter:label1\" content=\"Tempo di lettura stimato\" \/>\n\t<meta name=\"twitter:data1\" content=\"2 minuti\" \/>\n<script type=\"application\/ld+json\" class=\"yoast-schema-graph\">{\"@context\":\"https:\\\/\\\/schema.org\",\"@graph\":[{\"@type\":\"WebPage\",\"@id\":\"http:\\\/\\\/reliquo.com\\\/it\\\/gin-hendricks-70cl\\\/\",\"url\":\"http:\\\/\\\/reliquo.com\\\/it\\\/gin-hendricks-70cl\\\/\",\"name\":\"Gin Hendrick's - 70cl | Acquista Online su Reliquo\",\"isPartOf\":{\"@id\":\"https:\\\/\\\/reliquo.com\\\/es\\\/#website\"},\"primaryImageOfPage\":{\"@id\":\"http:\\\/\\\/reliquo.com\\\/it\\\/gin-hendricks-70cl\\\/#primaryimage\"},\"image\":{\"@id\":\"http:\\\/\\\/reliquo.com\\\/it\\\/gin-hendricks-70cl\\\/#primaryimage\"},\"thumbnailUrl\":\"https:\\\/\\\/reliquo.com\\\/wp-content\\\/uploads\\\/2024\\\/12\\\/Hendricks-70cl.png\",\"datePublished\":\"2024-12-17T14:18:50+00:00\",\"dateModified\":\"2025-12-18T14:43:23+00:00\",\"description\":\"Scopri Gin Hendrick's - 70cl su Reliquo: qualit\u00e0 garantita, spedizioni rapide e prezzi competitivi. Ordina ora e approfitta delle nostre offerte esclusive.\",\"breadcrumb\":{\"@id\":\"http:\\\/\\\/reliquo.com\\\/it\\\/gin-hendricks-70cl\\\/#breadcrumb\"},\"inLanguage\":\"it-IT\",\"potentialAction\":[{\"@type\":\"ReadAction\",\"target\":[\"http:\\\/\\\/reliquo.com\\\/it\\\/gin-hendricks-70cl\\\/\"]}]},{\"@type\":\"ImageObject\",\"inLanguage\":\"it-IT\",\"@id\":\"http:\\\/\\\/reliquo.com\\\/it\\\/gin-hendricks-70cl\\\/#primaryimage\",\"url\":\"https:\\\/\\\/reliquo.com\\\/wp-content\\\/uploads\\\/2024\\\/12\\\/Hendricks-70cl.png\",\"contentUrl\":\"https:\\\/\\\/reliquo.com\\\/wp-content\\\/uploads\\\/2024\\\/12\\\/Hendricks-70cl.png\",\"width\":1997,\"height\":1997,\"caption\":\"Gin Hendrick\u2019s \u2013 70cl\"},{\"@type\":\"BreadcrumbList\",\"@id\":\"http:\\\/\\\/reliquo.com\\\/it\\\/gin-hendricks-70cl\\\/#breadcrumb\",\"itemListElement\":[{\"@type\":\"ListItem\",\"position\":1,\"name\":\"Home\",\"item\":\"http:\\\/\\\/reliquo.com\\\/it\\\/\"},{\"@type\":\"ListItem\",\"position\":2,\"name\":\"Shop\",\"item\":\"http:\\\/\\\/reliquo.com\\\/it\\\/shop\\\/\"},{\"@type\":\"ListItem\",\"position\":3,\"name\":\"Gin Hendrick&#8217;s &#8211; 70cl\"}]},{\"@type\":\"WebSite\",\"@id\":\"https:\\\/\\\/reliquo.com\\\/es\\\/#website\",\"url\":\"https:\\\/\\\/reliquo.com\\\/es\\\/\",\"name\":\"Reliquo\",\"description\":\"La tua enoteca online: scopri vini, liquori e distillati d\u2019eccellenza.\",\"publisher\":{\"@id\":\"https:\\\/\\\/reliquo.com\\\/es\\\/#organization\"},\"potentialAction\":[{\"@type\":\"SearchAction\",\"target\":{\"@type\":\"EntryPoint\",\"urlTemplate\":\"https:\\\/\\\/reliquo.com\\\/es\\\/?s={search_term_string}\"},\"query-input\":{\"@type\":\"PropertyValueSpecification\",\"valueRequired\":true,\"valueName\":\"search_term_string\"}}],\"inLanguage\":\"it-IT\"},{\"@type\":\"Organization\",\"@id\":\"https:\\\/\\\/reliquo.com\\\/es\\\/#organization\",\"name\":\"Reliquo\",\"url\":\"https:\\\/\\\/reliquo.com\\\/es\\\/\",\"logo\":{\"@type\":\"ImageObject\",\"inLanguage\":\"it-IT\",\"@id\":\"https:\\\/\\\/reliquo.com\\\/es\\\/#\\\/schema\\\/logo\\\/image\\\/\",\"url\":\"https:\\\/\\\/reliquo.com\\\/wp-content\\\/uploads\\\/2024\\\/12\\\/cropped-favicon-1.png\",\"contentUrl\":\"https:\\\/\\\/reliquo.com\\\/wp-content\\\/uploads\\\/2024\\\/12\\\/cropped-favicon-1.png\",\"width\":512,\"height\":512,\"caption\":\"Reliquo\"},\"image\":{\"@id\":\"https:\\\/\\\/reliquo.com\\\/es\\\/#\\\/schema\\\/logo\\\/image\\\/\"}}]}<\/script>\n<!-- \/ Yoast SEO plugin. -->","yoast_head_json":{"title":"Gin Hendrick's - 70cl | Acquista Online su Reliquo","description":"Scopri Gin Hendrick's - 70cl su Reliquo: qualit\u00e0 garantita, spedizioni rapide e prezzi competitivi. Ordina ora e approfitta delle nostre offerte esclusive.","robots":{"index":"index","follow":"follow","max-snippet":"max-snippet:-1","max-image-preview":"max-image-preview:large","max-video-preview":"max-video-preview:-1"},"canonical":"http:\/\/reliquo.com\/it\/gin-hendricks-70cl\/","og_locale":"it_IT","og_type":"article","og_title":"Gin Hendrick's - 70cl | Acquista Online su Reliquo","og_description":"Scopri Gin Hendrick's - 70cl su Reliquo: qualit\u00e0 garantita, spedizioni rapide e prezzi competitivi. Ordina ora e approfitta delle nostre offerte esclusive.","og_url":"http:\/\/reliquo.com\/it\/gin-hendricks-70cl\/","og_site_name":"Reliquo","article_modified_time":"2025-12-18T14:43:23+00:00","og_image":[{"width":1997,"height":1997,"url":"https:\/\/reliquo.com\/wp-content\/uploads\/2024\/12\/Hendricks-70cl.png","type":"image\/png"}],"twitter_card":"summary_large_image","twitter_misc":{"Tempo di lettura stimato":"2 minuti"},"schema":{"@context":"https:\/\/schema.org","@graph":[{"@type":"WebPage","@id":"http:\/\/reliquo.com\/it\/gin-hendricks-70cl\/","url":"http:\/\/reliquo.com\/it\/gin-hendricks-70cl\/","name":"Gin Hendrick's - 70cl | Acquista Online su Reliquo","isPartOf":{"@id":"https:\/\/reliquo.com\/es\/#website"},"primaryImageOfPage":{"@id":"http:\/\/reliquo.com\/it\/gin-hendricks-70cl\/#primaryimage"},"image":{"@id":"http:\/\/reliquo.com\/it\/gin-hendricks-70cl\/#primaryimage"},"thumbnailUrl":"https:\/\/reliquo.com\/wp-content\/uploads\/2024\/12\/Hendricks-70cl.png","datePublished":"2024-12-17T14:18:50+00:00","dateModified":"2025-12-18T14:43:23+00:00","description":"Scopri Gin Hendrick's - 70cl su Reliquo: qualit\u00e0 garantita, spedizioni rapide e prezzi competitivi. Ordina ora e approfitta delle nostre offerte esclusive.","breadcrumb":{"@id":"http:\/\/reliquo.com\/it\/gin-hendricks-70cl\/#breadcrumb"},"inLanguage":"it-IT","potentialAction":[{"@type":"ReadAction","target":["http:\/\/reliquo.com\/it\/gin-hendricks-70cl\/"]}]},{"@type":"ImageObject","inLanguage":"it-IT","@id":"http:\/\/reliquo.com\/it\/gin-hendricks-70cl\/#primaryimage","url":"https:\/\/reliquo.com\/wp-content\/uploads\/2024\/12\/Hendricks-70cl.png","contentUrl":"https:\/\/reliquo.com\/wp-content\/uploads\/2024\/12\/Hendricks-70cl.png","width":1997,"height":1997,"caption":"Gin Hendrick\u2019s \u2013 70cl"},{"@type":"BreadcrumbList","@id":"http:\/\/reliquo.com\/it\/gin-hendricks-70cl\/#breadcrumb","itemListElement":[{"@type":"ListItem","position":1,"name":"Home","item":"http:\/\/reliquo.com\/it\/"},{"@type":"ListItem","position":2,"name":"Shop","item":"http:\/\/reliquo.com\/it\/shop\/"},{"@type":"ListItem","position":3,"name":"Gin Hendrick&#8217;s &#8211; 70cl"}]},{"@type":"WebSite","@id":"https:\/\/reliquo.com\/es\/#website","url":"https:\/\/reliquo.com\/es\/","name":"Reliquo","description":"La tua enoteca online: scopri vini, liquori e distillati d\u2019eccellenza.","publisher":{"@id":"https:\/\/reliquo.com\/es\/#organization"},"potentialAction":[{"@type":"SearchAction","target":{"@type":"EntryPoint","urlTemplate":"https:\/\/reliquo.com\/es\/?s={search_term_string}"},"query-input":{"@type":"PropertyValueSpecification","valueRequired":true,"valueName":"search_term_string"}}],"inLanguage":"it-IT"},{"@type":"Organization","@id":"https:\/\/reliquo.com\/es\/#organization","name":"Reliquo","url":"https:\/\/reliquo.com\/es\/","logo":{"@type":"ImageObject","inLanguage":"it-IT","@id":"https:\/\/reliquo.com\/es\/#\/schema\/logo\/image\/","url":"https:\/\/reliquo.com\/wp-content\/uploads\/2024\/12\/cropped-favicon-1.png","contentUrl":"https:\/\/reliquo.com\/wp-content\/uploads\/2024\/12\/cropped-favicon-1.png","width":512,"height":512,"caption":"Reliquo"},"image":{"@id":"https:\/\/reliquo.com\/es\/#\/schema\/logo\/image\/"}}]}},"jetpack_sharing_enabled":true,"brands":[{"id":739,"name":"William Grant &amp; Sons","slug":"william-grant-sons"}],"_links":{"self":[{"href":"https:\/\/reliquo.com\/it\/wp-json\/wp\/v2\/product\/631","targetHints":{"allow":["GET"]}}],"collection":[{"href":"https:\/\/reliquo.com\/it\/wp-json\/wp\/v2\/product"}],"about":[{"href":"https:\/\/reliquo.com\/it\/wp-json\/wp\/v2\/types\/product"}],"wp:featuredmedia":[{"embeddable":true,"href":"https:\/\/reliquo.com\/it\/wp-json\/wp\/v2\/media\/85"}],"wp:attachment":[{"href":"https:\/\/reliquo.com\/it\/wp-json\/wp\/v2\/media?parent=631"}],"wp:term":[{"taxonomy":"pwb-brand","embeddable":true,"href":"https:\/\/reliquo.com\/it\/wp-json\/wp\/v2\/pwb-brand?post=631"},{"taxonomy":"product_brand","embeddable":true,"href":"https:\/\/reliquo.com\/it\/wp-json\/wp\/v2\/product_brand?post=631"},{"taxonomy":"product_cat","embeddable":true,"href":"https:\/\/reliquo.com\/it\/wp-json\/wp\/v2\/product_cat?post=631"},{"taxonomy":"product_tag","embeddable":true,"href":"https:\/\/reliquo.com\/it\/wp-json\/wp\/v2\/product_tag?post=631"}],"curies":[{"name":"wp","href":"https:\/\/api.w.org\/{rel}","templated":true}]}}