{"id":4927,"date":"2025-10-09T11:13:44","date_gmt":"2025-10-09T09:13:44","guid":{"rendered":"https:\/\/reliquo.com\/?post_type=product&#038;p=4927"},"modified":"2026-01-23T12:29:07","modified_gmt":"2026-01-23T11:29:07","slug":"champagne-dom-perignon-2015-astuccio-75cl","status":"publish","type":"product","link":"https:\/\/reliquo.com\/it\/champagne-dom-perignon-2015-astuccio-75cl\/","title":{"rendered":"Champagne Dom P\u00e9rignon 2015 (Astuccio)- 75cl"},"content":{"rendered":"<p>Dom P\u00e9rignon 2015 \u00e8 un&#8217;annata che racconta una storia di contrasti. Dopo un inverno mite, la stagione vitivinicola \u00e8 stata segnata da un inizio primaverile glaciale, seguito da un&#8217;estate calda e secca, culminata nel mese di agosto pi\u00f9 caldo dal 1961. La pioggia di fine agosto ha permesso alle uve di raggiungere una maturazione ottimale, portando a una vendemmia iniziata il 7 settembre, sotto un sole radioso. Il naso di questo Champagne si apre con note tostate e di cacao, evolvendo verso un bouquet floreale con accenti di tiglio, gelsomino e peonia, arricchito da spezie come anice e cardamomo. Al palato, il vino si rivela ampio e avvolgente, con una texture delicata ma generosa, che esalta la freschezza della pesca e della nettarina, accompagnate da sottili note agrumate e di genziana.<\/p>\n","protected":false},"excerpt":{"rendered":"<p>Dom P\u00e9rignon 2015 \u00e8 un&#8217;annata che racconta una storia di contrasti. Dopo un inverno mite, la stagione vitivinicola \u00e8 stata [&hellip;]<\/p>\n","protected":false},"featured_media":4928,"template":"","meta":{"site-sidebar-layout":"default","site-content-layout":"","ast-site-content-layout":"default","site-content-style":"default","site-sidebar-style":"default","ast-global-header-display":"","ast-banner-title-visibility":"","ast-main-header-display":"","ast-hfb-above-header-display":"","ast-hfb-below-header-display":"","ast-hfb-mobile-header-display":"","site-post-title":"","ast-breadcrumbs-content":"","ast-featured-img":"","footer-sml-layout":"","ast-disable-related-posts":"","theme-transparent-header-meta":"default","adv-header-id-meta":"","stick-header-meta":"default","header-above-stick-meta":"","header-main-stick-meta":"","header-below-stick-meta":"","astra-migrate-meta-layouts":"set","ast-page-background-enabled":"default","ast-page-background-meta":{"desktop":{"background-color":"var(--ast-global-color-4)","background-image":"","background-repeat":"repeat","background-position":"center center","background-size":"auto","background-attachment":"scroll","background-type":"","background-media":"","overlay-type":"","overlay-color":"","overlay-opacity":"","overlay-gradient":""},"tablet":{"background-color":"","background-image":"","background-repeat":"repeat","background-position":"center center","background-size":"auto","background-attachment":"scroll","background-type":"","background-media":"","overlay-type":"","overlay-color":"","overlay-opacity":"","overlay-gradient":""},"mobile":{"background-color":"","background-image":"","background-repeat":"repeat","background-position":"center center","background-size":"auto","background-attachment":"scroll","background-type":"","background-media":"","overlay-type":"","overlay-color":"","overlay-opacity":"","overlay-gradient":""}},"ast-content-background-meta":{"desktop":{"background-color":"var(--ast-global-color-5)","background-image":"","background-repeat":"repeat","background-position":"center center","background-size":"auto","background-attachment":"scroll","background-type":"","background-media":"","overlay-type":"","overlay-color":"","overlay-opacity":"","overlay-gradient":""},"tablet":{"background-color":"var(--ast-global-color-5)","background-image":"","background-repeat":"repeat","background-position":"center center","background-size":"auto","background-attachment":"scroll","background-type":"","background-media":"","overlay-type":"","overlay-color":"","overlay-opacity":"","overlay-gradient":""},"mobile":{"background-color":"var(--ast-global-color-5)","background-image":"","background-repeat":"repeat","background-position":"center center","background-size":"auto","background-attachment":"scroll","background-type":"","background-media":"","overlay-type":"","overlay-color":"","overlay-opacity":"","overlay-gradient":""}}},"pwb-brand":[766],"product_brand":[],"product_cat":[302,289],"product_tag":[418,746,751,747,752],"class_list":{"0":"post-4927","1":"product","2":"type-product","3":"status-publish","4":"has-post-thumbnail","6":"pwb-brand-dom-perignon","7":"product_cat-promo","8":"product_cat-spumanti","9":"product_tag-brut","10":"product_tag-champagne","11":"product_tag-flute","12":"product_tag-piper","13":"product_tag-travel","14":"desktop-align-center","15":"tablet-align-center","16":"mobile-align-center","17":"ast-product-gallery-layout-horizontal-slider","18":"ast-product-gallery-with-no-image","19":"ast-magnify-disabled","20":"ast-product-tabs-layout-horizontal","21":"ast-qv-on-image","23":"first","24":"instock","25":"sale","26":"shipping-taxable","27":"purchasable","28":"product-type-simple"},"yoast_head":"<!-- This site is optimized with the Yoast SEO plugin v27.2 - https:\/\/yoast.com\/product\/yoast-seo-wordpress\/ -->\n<title>Champagne Dom P\u00e9rignon 2015 (Astuccio)- 75cl | Acquista Online su Reliquo<\/title>\n<meta name=\"description\" content=\"Scopri Champagne Dom P\u00e9rignon 2015 (Astuccio)- 75cl su Reliquo: qualit\u00e0 garantita, spedizioni rapide e prezzi competitivi. Ordina ora e approfitta delle nostre offerte esclusive.\" \/>\n<meta name=\"robots\" content=\"index, follow, max-snippet:-1, max-image-preview:large, max-video-preview:-1\" \/>\n<link rel=\"canonical\" href=\"http:\/\/reliquo.com\/it\/champagne-dom-perignon-2015-astuccio-75cl\/\" \/>\n<meta property=\"og:locale\" content=\"it_IT\" \/>\n<meta property=\"og:type\" content=\"article\" \/>\n<meta property=\"og:title\" content=\"Champagne Dom P\u00e9rignon 2015 (Astuccio)- 75cl | Acquista Online su Reliquo\" \/>\n<meta property=\"og:description\" content=\"Scopri Champagne Dom P\u00e9rignon 2015 (Astuccio)- 75cl su Reliquo: qualit\u00e0 garantita, spedizioni rapide e prezzi competitivi. Ordina ora e approfitta delle nostre offerte esclusive.\" \/>\n<meta property=\"og:url\" content=\"http:\/\/reliquo.com\/it\/champagne-dom-perignon-2015-astuccio-75cl\/\" \/>\n<meta property=\"og:site_name\" content=\"Reliquo\" \/>\n<meta property=\"article:modified_time\" content=\"2026-01-23T11:29:07+00:00\" \/>\n<meta property=\"og:image\" content=\"https:\/\/reliquo.com\/wp-content\/uploads\/2025\/10\/Champagne-Dom-Perignon-2015-Astuccio-75cl.png\" \/>\n\t<meta property=\"og:image:width\" content=\"2500\" \/>\n\t<meta property=\"og:image:height\" content=\"2500\" \/>\n\t<meta property=\"og:image:type\" content=\"image\/png\" \/>\n<meta name=\"twitter:card\" content=\"summary_large_image\" \/>\n<meta name=\"twitter:label1\" content=\"Tempo di lettura stimato\" \/>\n\t<meta name=\"twitter:data1\" content=\"1 minuto\" \/>\n<script type=\"application\/ld+json\" class=\"yoast-schema-graph\">{\"@context\":\"https:\/\/schema.org\",\"@graph\":[{\"@type\":\"WebPage\",\"@id\":\"http:\/\/reliquo.com\/it\/champagne-dom-perignon-2015-astuccio-75cl\/\",\"url\":\"http:\/\/reliquo.com\/it\/champagne-dom-perignon-2015-astuccio-75cl\/\",\"name\":\"Champagne Dom P\u00e9rignon 2015 (Astuccio)- 75cl | Acquista Online su Reliquo\",\"isPartOf\":{\"@id\":\"https:\/\/reliquo.com\/es\/#website\"},\"primaryImageOfPage\":{\"@id\":\"http:\/\/reliquo.com\/it\/champagne-dom-perignon-2015-astuccio-75cl\/#primaryimage\"},\"image\":{\"@id\":\"http:\/\/reliquo.com\/it\/champagne-dom-perignon-2015-astuccio-75cl\/#primaryimage\"},\"thumbnailUrl\":\"https:\/\/reliquo.com\/wp-content\/uploads\/2025\/10\/Champagne-Dom-Perignon-2015-Astuccio-75cl.png\",\"datePublished\":\"2025-10-09T09:13:44+00:00\",\"dateModified\":\"2026-01-23T11:29:07+00:00\",\"description\":\"Scopri Champagne Dom P\u00e9rignon 2015 (Astuccio)- 75cl su Reliquo: qualit\u00e0 garantita, spedizioni rapide e prezzi competitivi. Ordina ora e approfitta delle nostre offerte esclusive.\",\"breadcrumb\":{\"@id\":\"http:\/\/reliquo.com\/it\/champagne-dom-perignon-2015-astuccio-75cl\/#breadcrumb\"},\"inLanguage\":\"it-IT\",\"potentialAction\":[{\"@type\":\"ReadAction\",\"target\":[\"http:\/\/reliquo.com\/it\/champagne-dom-perignon-2015-astuccio-75cl\/\"]}]},{\"@type\":\"ImageObject\",\"inLanguage\":\"it-IT\",\"@id\":\"http:\/\/reliquo.com\/it\/champagne-dom-perignon-2015-astuccio-75cl\/#primaryimage\",\"url\":\"https:\/\/reliquo.com\/wp-content\/uploads\/2025\/10\/Champagne-Dom-Perignon-2015-Astuccio-75cl.png\",\"contentUrl\":\"https:\/\/reliquo.com\/wp-content\/uploads\/2025\/10\/Champagne-Dom-Perignon-2015-Astuccio-75cl.png\",\"width\":2500,\"height\":2500,\"caption\":\"Champagne Dom P\u00e9rignon 2015 (Astuccio)- 75cl\"},{\"@type\":\"BreadcrumbList\",\"@id\":\"http:\/\/reliquo.com\/it\/champagne-dom-perignon-2015-astuccio-75cl\/#breadcrumb\",\"itemListElement\":[{\"@type\":\"ListItem\",\"position\":1,\"name\":\"Home\",\"item\":\"http:\/\/reliquo.com\/it\/\"},{\"@type\":\"ListItem\",\"position\":2,\"name\":\"Shop\",\"item\":\"http:\/\/reliquo.com\/it\/shop\/\"},{\"@type\":\"ListItem\",\"position\":3,\"name\":\"Champagne Dom P\u00e9rignon 2015 (Astuccio)- 75cl\"}]},{\"@type\":\"WebSite\",\"@id\":\"https:\/\/reliquo.com\/es\/#website\",\"url\":\"https:\/\/reliquo.com\/es\/\",\"name\":\"Reliquo\",\"description\":\"La tua enoteca online: scopri vini, liquori e distillati d\u2019eccellenza.\",\"publisher\":{\"@id\":\"https:\/\/reliquo.com\/es\/#organization\"},\"potentialAction\":[{\"@type\":\"SearchAction\",\"target\":{\"@type\":\"EntryPoint\",\"urlTemplate\":\"https:\/\/reliquo.com\/es\/?s={search_term_string}\"},\"query-input\":{\"@type\":\"PropertyValueSpecification\",\"valueRequired\":true,\"valueName\":\"search_term_string\"}}],\"inLanguage\":\"it-IT\"},{\"@type\":\"Organization\",\"@id\":\"https:\/\/reliquo.com\/es\/#organization\",\"name\":\"Reliquo\",\"url\":\"https:\/\/reliquo.com\/es\/\",\"logo\":{\"@type\":\"ImageObject\",\"inLanguage\":\"it-IT\",\"@id\":\"https:\/\/reliquo.com\/es\/#\/schema\/logo\/image\/\",\"url\":\"https:\/\/reliquo.com\/wp-content\/uploads\/2024\/12\/cropped-favicon-1.png\",\"contentUrl\":\"https:\/\/reliquo.com\/wp-content\/uploads\/2024\/12\/cropped-favicon-1.png\",\"width\":512,\"height\":512,\"caption\":\"Reliquo\"},\"image\":{\"@id\":\"https:\/\/reliquo.com\/es\/#\/schema\/logo\/image\/\"}}]}<\/script>\n<!-- \/ Yoast SEO plugin. -->","yoast_head_json":{"title":"Champagne Dom P\u00e9rignon 2015 (Astuccio)- 75cl | Acquista Online su Reliquo","description":"Scopri Champagne Dom P\u00e9rignon 2015 (Astuccio)- 75cl su Reliquo: qualit\u00e0 garantita, spedizioni rapide e prezzi competitivi. Ordina ora e approfitta delle nostre offerte esclusive.","robots":{"index":"index","follow":"follow","max-snippet":"max-snippet:-1","max-image-preview":"max-image-preview:large","max-video-preview":"max-video-preview:-1"},"canonical":"http:\/\/reliquo.com\/it\/champagne-dom-perignon-2015-astuccio-75cl\/","og_locale":"it_IT","og_type":"article","og_title":"Champagne Dom P\u00e9rignon 2015 (Astuccio)- 75cl | Acquista Online su Reliquo","og_description":"Scopri Champagne Dom P\u00e9rignon 2015 (Astuccio)- 75cl su Reliquo: qualit\u00e0 garantita, spedizioni rapide e prezzi competitivi. Ordina ora e approfitta delle nostre offerte esclusive.","og_url":"http:\/\/reliquo.com\/it\/champagne-dom-perignon-2015-astuccio-75cl\/","og_site_name":"Reliquo","article_modified_time":"2026-01-23T11:29:07+00:00","og_image":[{"width":2500,"height":2500,"url":"https:\/\/reliquo.com\/wp-content\/uploads\/2025\/10\/Champagne-Dom-Perignon-2015-Astuccio-75cl.png","type":"image\/png"}],"twitter_card":"summary_large_image","twitter_misc":{"Tempo di lettura stimato":"1 minuto"},"schema":{"@context":"https:\/\/schema.org","@graph":[{"@type":"WebPage","@id":"http:\/\/reliquo.com\/it\/champagne-dom-perignon-2015-astuccio-75cl\/","url":"http:\/\/reliquo.com\/it\/champagne-dom-perignon-2015-astuccio-75cl\/","name":"Champagne Dom P\u00e9rignon 2015 (Astuccio)- 75cl | Acquista Online su Reliquo","isPartOf":{"@id":"https:\/\/reliquo.com\/es\/#website"},"primaryImageOfPage":{"@id":"http:\/\/reliquo.com\/it\/champagne-dom-perignon-2015-astuccio-75cl\/#primaryimage"},"image":{"@id":"http:\/\/reliquo.com\/it\/champagne-dom-perignon-2015-astuccio-75cl\/#primaryimage"},"thumbnailUrl":"https:\/\/reliquo.com\/wp-content\/uploads\/2025\/10\/Champagne-Dom-Perignon-2015-Astuccio-75cl.png","datePublished":"2025-10-09T09:13:44+00:00","dateModified":"2026-01-23T11:29:07+00:00","description":"Scopri Champagne Dom P\u00e9rignon 2015 (Astuccio)- 75cl su Reliquo: qualit\u00e0 garantita, spedizioni rapide e prezzi competitivi. Ordina ora e approfitta delle nostre offerte esclusive.","breadcrumb":{"@id":"http:\/\/reliquo.com\/it\/champagne-dom-perignon-2015-astuccio-75cl\/#breadcrumb"},"inLanguage":"it-IT","potentialAction":[{"@type":"ReadAction","target":["http:\/\/reliquo.com\/it\/champagne-dom-perignon-2015-astuccio-75cl\/"]}]},{"@type":"ImageObject","inLanguage":"it-IT","@id":"http:\/\/reliquo.com\/it\/champagne-dom-perignon-2015-astuccio-75cl\/#primaryimage","url":"https:\/\/reliquo.com\/wp-content\/uploads\/2025\/10\/Champagne-Dom-Perignon-2015-Astuccio-75cl.png","contentUrl":"https:\/\/reliquo.com\/wp-content\/uploads\/2025\/10\/Champagne-Dom-Perignon-2015-Astuccio-75cl.png","width":2500,"height":2500,"caption":"Champagne Dom P\u00e9rignon 2015 (Astuccio)- 75cl"},{"@type":"BreadcrumbList","@id":"http:\/\/reliquo.com\/it\/champagne-dom-perignon-2015-astuccio-75cl\/#breadcrumb","itemListElement":[{"@type":"ListItem","position":1,"name":"Home","item":"http:\/\/reliquo.com\/it\/"},{"@type":"ListItem","position":2,"name":"Shop","item":"http:\/\/reliquo.com\/it\/shop\/"},{"@type":"ListItem","position":3,"name":"Champagne Dom P\u00e9rignon 2015 (Astuccio)- 75cl"}]},{"@type":"WebSite","@id":"https:\/\/reliquo.com\/es\/#website","url":"https:\/\/reliquo.com\/es\/","name":"Reliquo","description":"La tua enoteca online: scopri vini, liquori e distillati d\u2019eccellenza.","publisher":{"@id":"https:\/\/reliquo.com\/es\/#organization"},"potentialAction":[{"@type":"SearchAction","target":{"@type":"EntryPoint","urlTemplate":"https:\/\/reliquo.com\/es\/?s={search_term_string}"},"query-input":{"@type":"PropertyValueSpecification","valueRequired":true,"valueName":"search_term_string"}}],"inLanguage":"it-IT"},{"@type":"Organization","@id":"https:\/\/reliquo.com\/es\/#organization","name":"Reliquo","url":"https:\/\/reliquo.com\/es\/","logo":{"@type":"ImageObject","inLanguage":"it-IT","@id":"https:\/\/reliquo.com\/es\/#\/schema\/logo\/image\/","url":"https:\/\/reliquo.com\/wp-content\/uploads\/2024\/12\/cropped-favicon-1.png","contentUrl":"https:\/\/reliquo.com\/wp-content\/uploads\/2024\/12\/cropped-favicon-1.png","width":512,"height":512,"caption":"Reliquo"},"image":{"@id":"https:\/\/reliquo.com\/es\/#\/schema\/logo\/image\/"}}]}},"jetpack_sharing_enabled":true,"brands":[{"id":766,"name":"Dom P\u00e9rignon","slug":"dom-perignon"}],"_links":{"self":[{"href":"https:\/\/reliquo.com\/it\/wp-json\/wp\/v2\/product\/4927","targetHints":{"allow":["GET"]}}],"collection":[{"href":"https:\/\/reliquo.com\/it\/wp-json\/wp\/v2\/product"}],"about":[{"href":"https:\/\/reliquo.com\/it\/wp-json\/wp\/v2\/types\/product"}],"wp:featuredmedia":[{"embeddable":true,"href":"https:\/\/reliquo.com\/it\/wp-json\/wp\/v2\/media\/4928"}],"wp:attachment":[{"href":"https:\/\/reliquo.com\/it\/wp-json\/wp\/v2\/media?parent=4927"}],"wp:term":[{"taxonomy":"pwb-brand","embeddable":true,"href":"https:\/\/reliquo.com\/it\/wp-json\/wp\/v2\/pwb-brand?post=4927"},{"taxonomy":"product_brand","embeddable":true,"href":"https:\/\/reliquo.com\/it\/wp-json\/wp\/v2\/product_brand?post=4927"},{"taxonomy":"product_cat","embeddable":true,"href":"https:\/\/reliquo.com\/it\/wp-json\/wp\/v2\/product_cat?post=4927"},{"taxonomy":"product_tag","embeddable":true,"href":"https:\/\/reliquo.com\/it\/wp-json\/wp\/v2\/product_tag?post=4927"}],"curies":[{"name":"wp","href":"https:\/\/api.w.org\/{rel}","templated":true}]}}