{"id":4143,"date":"2025-01-16T12:26:11","date_gmt":"2025-01-16T11:26:11","guid":{"rendered":"https:\/\/reliquo.com\/?post_type=product&#038;p=4143"},"modified":"2025-12-18T15:43:34","modified_gmt":"2025-12-18T14:43:34","slug":"champagne-piper-heidsieck-rose-sauvage-2-flutes-75cl","status":"publish","type":"product","link":"https:\/\/reliquo.com\/it\/champagne-piper-heidsieck-rose-sauvage-2-flutes-75cl\/","title":{"rendered":"Champagne Piper Heidsieck Ros\u00e8 Sauvage 2 flutes &#8211; 75cl"},"content":{"rendered":"<p>Il\u00a0Ros\u00e9 Sauvage\u00a0di Piper-Heidsieck \u00e8 composto da uve tipiche della Champagne, in cui il Pinot Nero di Les Riceys costituisce almeno la met\u00e0 del blend. A queste si aggiunge una percentuale insolitamente alta, pari al 10-20%, di vini di riserva per conferire a questa bollicina la sua inconfondibile personalit\u00e0. Una confezione regalo con gli eleganti calici creati appositamente da Piper Heidsieck per apprezzare al meglio questo grande Champagne rosato, perfetto per una cena romantica!<\/p>\n","protected":false},"excerpt":{"rendered":"<p>Il\u00a0Ros\u00e9 Sauvage\u00a0di Piper-Heidsieck \u00e8 composto da uve tipiche della Champagne, in cui il Pinot Nero di Les Riceys costituisce almeno [&hellip;]<\/p>\n","protected":false},"featured_media":4259,"template":"","meta":{"site-sidebar-layout":"default","site-content-layout":"","ast-site-content-layout":"default","site-content-style":"default","site-sidebar-style":"default","ast-global-header-display":"","ast-banner-title-visibility":"","ast-main-header-display":"","ast-hfb-above-header-display":"","ast-hfb-below-header-display":"","ast-hfb-mobile-header-display":"","site-post-title":"","ast-breadcrumbs-content":"","ast-featured-img":"","footer-sml-layout":"","ast-disable-related-posts":"","theme-transparent-header-meta":"default","adv-header-id-meta":"","stick-header-meta":"default","header-above-stick-meta":"","header-main-stick-meta":"","header-below-stick-meta":"","astra-migrate-meta-layouts":"set","ast-page-background-enabled":"default","ast-page-background-meta":{"desktop":{"background-color":"var(--ast-global-color-4)","background-image":"","background-repeat":"repeat","background-position":"center center","background-size":"auto","background-attachment":"scroll","background-type":"","background-media":"","overlay-type":"","overlay-color":"","overlay-opacity":"","overlay-gradient":""},"tablet":{"background-color":"","background-image":"","background-repeat":"repeat","background-position":"center center","background-size":"auto","background-attachment":"scroll","background-type":"","background-media":"","overlay-type":"","overlay-color":"","overlay-opacity":"","overlay-gradient":""},"mobile":{"background-color":"","background-image":"","background-repeat":"repeat","background-position":"center center","background-size":"auto","background-attachment":"scroll","background-type":"","background-media":"","overlay-type":"","overlay-color":"","overlay-opacity":"","overlay-gradient":""}},"ast-content-background-meta":{"desktop":{"background-color":"var(--ast-global-color-5)","background-image":"","background-repeat":"repeat","background-position":"center center","background-size":"auto","background-attachment":"scroll","background-type":"","background-media":"","overlay-type":"","overlay-color":"","overlay-opacity":"","overlay-gradient":""},"tablet":{"background-color":"var(--ast-global-color-5)","background-image":"","background-repeat":"repeat","background-position":"center center","background-size":"auto","background-attachment":"scroll","background-type":"","background-media":"","overlay-type":"","overlay-color":"","overlay-opacity":"","overlay-gradient":""},"mobile":{"background-color":"var(--ast-global-color-5)","background-image":"","background-repeat":"repeat","background-position":"center center","background-size":"auto","background-attachment":"scroll","background-type":"","background-media":"","overlay-type":"","overlay-color":"","overlay-opacity":"","overlay-gradient":""}}},"pwb-brand":[749],"product_brand":[],"product_cat":[302,289],"product_tag":[746,751,747,750],"class_list":{"0":"post-4143","1":"product","2":"type-product","3":"status-publish","4":"has-post-thumbnail","6":"pwb-brand-piper-heidsieck","7":"product_cat-promo","8":"product_cat-spumanti","9":"product_tag-champagne","10":"product_tag-flute","11":"product_tag-piper","12":"product_tag-rose","13":"desktop-align-center","14":"tablet-align-center","15":"mobile-align-center","16":"ast-product-gallery-layout-horizontal-slider","17":"ast-product-gallery-with-no-image","18":"ast-magnify-disabled","19":"ast-product-tabs-layout-horizontal","20":"ast-qv-on-image","22":"first","23":"instock","24":"sale","25":"shipping-taxable","26":"purchasable","27":"product-type-simple"},"yoast_head":"<!-- This site is optimized with the Yoast SEO plugin v27.4 - https:\/\/yoast.com\/product\/yoast-seo-wordpress\/ -->\n<title>Champagne Piper Heidsieck Ros\u00e8 Sauvage 2 flutes - 75cl | Acquista Online su Reliquo<\/title>\n<meta name=\"description\" content=\"Scopri Champagne Piper Heidsieck Ros\u00e8 Sauvage 2 flutes - 75cl su Reliquo: qualit\u00e0 garantita, spedizioni rapide e prezzi competitivi. Ordina ora e approfitta delle nostre offerte esclusive.\" \/>\n<meta name=\"robots\" content=\"index, follow, max-snippet:-1, max-image-preview:large, max-video-preview:-1\" \/>\n<link rel=\"canonical\" href=\"http:\/\/reliquo.com\/it\/champagne-piper-heidsieck-rose-sauvage-2-flutes-75cl\/\" \/>\n<meta property=\"og:locale\" content=\"it_IT\" \/>\n<meta property=\"og:type\" content=\"article\" \/>\n<meta property=\"og:title\" content=\"Champagne Piper Heidsieck Ros\u00e8 Sauvage 2 flutes - 75cl | Acquista Online su Reliquo\" \/>\n<meta property=\"og:description\" content=\"Scopri Champagne Piper Heidsieck Ros\u00e8 Sauvage 2 flutes - 75cl su Reliquo: qualit\u00e0 garantita, spedizioni rapide e prezzi competitivi. Ordina ora e approfitta delle nostre offerte esclusive.\" \/>\n<meta property=\"og:url\" content=\"http:\/\/reliquo.com\/it\/champagne-piper-heidsieck-rose-sauvage-2-flutes-75cl\/\" \/>\n<meta property=\"og:site_name\" content=\"Reliquo\" \/>\n<meta property=\"article:modified_time\" content=\"2025-12-18T14:43:34+00:00\" \/>\n<meta property=\"og:image\" content=\"https:\/\/reliquo.com\/wp-content\/uploads\/2025\/01\/Champagne-Piper-Heidsieck-Rose-Sauvage-2-flutes-cl.75-1024x1024.png\" \/>\n\t<meta property=\"og:image:width\" content=\"1024\" \/>\n\t<meta property=\"og:image:height\" content=\"1024\" \/>\n\t<meta property=\"og:image:type\" content=\"image\/png\" \/>\n<meta name=\"twitter:card\" content=\"summary_large_image\" \/>\n<script type=\"application\/ld+json\" class=\"yoast-schema-graph\">{\"@context\":\"https:\\\/\\\/schema.org\",\"@graph\":[{\"@type\":\"WebPage\",\"@id\":\"http:\\\/\\\/reliquo.com\\\/it\\\/champagne-piper-heidsieck-rose-sauvage-2-flutes-75cl\\\/\",\"url\":\"http:\\\/\\\/reliquo.com\\\/it\\\/champagne-piper-heidsieck-rose-sauvage-2-flutes-75cl\\\/\",\"name\":\"Champagne Piper Heidsieck Ros\u00e8 Sauvage 2 flutes - 75cl | Acquista Online su Reliquo\",\"isPartOf\":{\"@id\":\"https:\\\/\\\/reliquo.com\\\/es\\\/#website\"},\"primaryImageOfPage\":{\"@id\":\"http:\\\/\\\/reliquo.com\\\/it\\\/champagne-piper-heidsieck-rose-sauvage-2-flutes-75cl\\\/#primaryimage\"},\"image\":{\"@id\":\"http:\\\/\\\/reliquo.com\\\/it\\\/champagne-piper-heidsieck-rose-sauvage-2-flutes-75cl\\\/#primaryimage\"},\"thumbnailUrl\":\"https:\\\/\\\/reliquo.com\\\/wp-content\\\/uploads\\\/2025\\\/01\\\/Champagne-Piper-Heidsieck-Rose-Sauvage-2-flutes-cl.75.png\",\"datePublished\":\"2025-01-16T11:26:11+00:00\",\"dateModified\":\"2025-12-18T14:43:34+00:00\",\"description\":\"Scopri Champagne Piper Heidsieck Ros\u00e8 Sauvage 2 flutes - 75cl su Reliquo: qualit\u00e0 garantita, spedizioni rapide e prezzi competitivi. Ordina ora e approfitta delle nostre offerte esclusive.\",\"breadcrumb\":{\"@id\":\"http:\\\/\\\/reliquo.com\\\/it\\\/champagne-piper-heidsieck-rose-sauvage-2-flutes-75cl\\\/#breadcrumb\"},\"inLanguage\":\"it-IT\",\"potentialAction\":[{\"@type\":\"ReadAction\",\"target\":[\"http:\\\/\\\/reliquo.com\\\/it\\\/champagne-piper-heidsieck-rose-sauvage-2-flutes-75cl\\\/\"]}]},{\"@type\":\"ImageObject\",\"inLanguage\":\"it-IT\",\"@id\":\"http:\\\/\\\/reliquo.com\\\/it\\\/champagne-piper-heidsieck-rose-sauvage-2-flutes-75cl\\\/#primaryimage\",\"url\":\"https:\\\/\\\/reliquo.com\\\/wp-content\\\/uploads\\\/2025\\\/01\\\/Champagne-Piper-Heidsieck-Rose-Sauvage-2-flutes-cl.75.png\",\"contentUrl\":\"https:\\\/\\\/reliquo.com\\\/wp-content\\\/uploads\\\/2025\\\/01\\\/Champagne-Piper-Heidsieck-Rose-Sauvage-2-flutes-cl.75.png\",\"width\":3024,\"height\":3024,\"caption\":\"Champagne Piper Heidsieck Ros\u00e8 Sauvage 2 flutes \u2013 75cl\"},{\"@type\":\"BreadcrumbList\",\"@id\":\"http:\\\/\\\/reliquo.com\\\/it\\\/champagne-piper-heidsieck-rose-sauvage-2-flutes-75cl\\\/#breadcrumb\",\"itemListElement\":[{\"@type\":\"ListItem\",\"position\":1,\"name\":\"Home\",\"item\":\"http:\\\/\\\/reliquo.com\\\/it\\\/\"},{\"@type\":\"ListItem\",\"position\":2,\"name\":\"Shop\",\"item\":\"http:\\\/\\\/reliquo.com\\\/it\\\/shop\\\/\"},{\"@type\":\"ListItem\",\"position\":3,\"name\":\"Champagne Piper Heidsieck Ros\u00e8 Sauvage 2 flutes &#8211; 75cl\"}]},{\"@type\":\"WebSite\",\"@id\":\"https:\\\/\\\/reliquo.com\\\/es\\\/#website\",\"url\":\"https:\\\/\\\/reliquo.com\\\/es\\\/\",\"name\":\"Reliquo\",\"description\":\"La tua enoteca online: scopri vini, liquori e distillati d\u2019eccellenza.\",\"publisher\":{\"@id\":\"https:\\\/\\\/reliquo.com\\\/es\\\/#organization\"},\"potentialAction\":[{\"@type\":\"SearchAction\",\"target\":{\"@type\":\"EntryPoint\",\"urlTemplate\":\"https:\\\/\\\/reliquo.com\\\/es\\\/?s={search_term_string}\"},\"query-input\":{\"@type\":\"PropertyValueSpecification\",\"valueRequired\":true,\"valueName\":\"search_term_string\"}}],\"inLanguage\":\"it-IT\"},{\"@type\":\"Organization\",\"@id\":\"https:\\\/\\\/reliquo.com\\\/es\\\/#organization\",\"name\":\"Reliquo\",\"url\":\"https:\\\/\\\/reliquo.com\\\/es\\\/\",\"logo\":{\"@type\":\"ImageObject\",\"inLanguage\":\"it-IT\",\"@id\":\"https:\\\/\\\/reliquo.com\\\/es\\\/#\\\/schema\\\/logo\\\/image\\\/\",\"url\":\"https:\\\/\\\/reliquo.com\\\/wp-content\\\/uploads\\\/2024\\\/12\\\/cropped-favicon-1.png\",\"contentUrl\":\"https:\\\/\\\/reliquo.com\\\/wp-content\\\/uploads\\\/2024\\\/12\\\/cropped-favicon-1.png\",\"width\":512,\"height\":512,\"caption\":\"Reliquo\"},\"image\":{\"@id\":\"https:\\\/\\\/reliquo.com\\\/es\\\/#\\\/schema\\\/logo\\\/image\\\/\"}}]}<\/script>\n<!-- \/ Yoast SEO plugin. -->","yoast_head_json":{"title":"Champagne Piper Heidsieck Ros\u00e8 Sauvage 2 flutes - 75cl | Acquista Online su Reliquo","description":"Scopri Champagne Piper Heidsieck Ros\u00e8 Sauvage 2 flutes - 75cl su Reliquo: qualit\u00e0 garantita, spedizioni rapide e prezzi competitivi. Ordina ora e approfitta delle nostre offerte esclusive.","robots":{"index":"index","follow":"follow","max-snippet":"max-snippet:-1","max-image-preview":"max-image-preview:large","max-video-preview":"max-video-preview:-1"},"canonical":"http:\/\/reliquo.com\/it\/champagne-piper-heidsieck-rose-sauvage-2-flutes-75cl\/","og_locale":"it_IT","og_type":"article","og_title":"Champagne Piper Heidsieck Ros\u00e8 Sauvage 2 flutes - 75cl | Acquista Online su Reliquo","og_description":"Scopri Champagne Piper Heidsieck Ros\u00e8 Sauvage 2 flutes - 75cl su Reliquo: qualit\u00e0 garantita, spedizioni rapide e prezzi competitivi. Ordina ora e approfitta delle nostre offerte esclusive.","og_url":"http:\/\/reliquo.com\/it\/champagne-piper-heidsieck-rose-sauvage-2-flutes-75cl\/","og_site_name":"Reliquo","article_modified_time":"2025-12-18T14:43:34+00:00","og_image":[{"width":1024,"height":1024,"url":"https:\/\/reliquo.com\/wp-content\/uploads\/2025\/01\/Champagne-Piper-Heidsieck-Rose-Sauvage-2-flutes-cl.75-1024x1024.png","type":"image\/png"}],"twitter_card":"summary_large_image","schema":{"@context":"https:\/\/schema.org","@graph":[{"@type":"WebPage","@id":"http:\/\/reliquo.com\/it\/champagne-piper-heidsieck-rose-sauvage-2-flutes-75cl\/","url":"http:\/\/reliquo.com\/it\/champagne-piper-heidsieck-rose-sauvage-2-flutes-75cl\/","name":"Champagne Piper Heidsieck Ros\u00e8 Sauvage 2 flutes - 75cl | Acquista Online su Reliquo","isPartOf":{"@id":"https:\/\/reliquo.com\/es\/#website"},"primaryImageOfPage":{"@id":"http:\/\/reliquo.com\/it\/champagne-piper-heidsieck-rose-sauvage-2-flutes-75cl\/#primaryimage"},"image":{"@id":"http:\/\/reliquo.com\/it\/champagne-piper-heidsieck-rose-sauvage-2-flutes-75cl\/#primaryimage"},"thumbnailUrl":"https:\/\/reliquo.com\/wp-content\/uploads\/2025\/01\/Champagne-Piper-Heidsieck-Rose-Sauvage-2-flutes-cl.75.png","datePublished":"2025-01-16T11:26:11+00:00","dateModified":"2025-12-18T14:43:34+00:00","description":"Scopri Champagne Piper Heidsieck Ros\u00e8 Sauvage 2 flutes - 75cl su Reliquo: qualit\u00e0 garantita, spedizioni rapide e prezzi competitivi. Ordina ora e approfitta delle nostre offerte esclusive.","breadcrumb":{"@id":"http:\/\/reliquo.com\/it\/champagne-piper-heidsieck-rose-sauvage-2-flutes-75cl\/#breadcrumb"},"inLanguage":"it-IT","potentialAction":[{"@type":"ReadAction","target":["http:\/\/reliquo.com\/it\/champagne-piper-heidsieck-rose-sauvage-2-flutes-75cl\/"]}]},{"@type":"ImageObject","inLanguage":"it-IT","@id":"http:\/\/reliquo.com\/it\/champagne-piper-heidsieck-rose-sauvage-2-flutes-75cl\/#primaryimage","url":"https:\/\/reliquo.com\/wp-content\/uploads\/2025\/01\/Champagne-Piper-Heidsieck-Rose-Sauvage-2-flutes-cl.75.png","contentUrl":"https:\/\/reliquo.com\/wp-content\/uploads\/2025\/01\/Champagne-Piper-Heidsieck-Rose-Sauvage-2-flutes-cl.75.png","width":3024,"height":3024,"caption":"Champagne Piper Heidsieck Ros\u00e8 Sauvage 2 flutes \u2013 75cl"},{"@type":"BreadcrumbList","@id":"http:\/\/reliquo.com\/it\/champagne-piper-heidsieck-rose-sauvage-2-flutes-75cl\/#breadcrumb","itemListElement":[{"@type":"ListItem","position":1,"name":"Home","item":"http:\/\/reliquo.com\/it\/"},{"@type":"ListItem","position":2,"name":"Shop","item":"http:\/\/reliquo.com\/it\/shop\/"},{"@type":"ListItem","position":3,"name":"Champagne Piper Heidsieck Ros\u00e8 Sauvage 2 flutes &#8211; 75cl"}]},{"@type":"WebSite","@id":"https:\/\/reliquo.com\/es\/#website","url":"https:\/\/reliquo.com\/es\/","name":"Reliquo","description":"La tua enoteca online: scopri vini, liquori e distillati d\u2019eccellenza.","publisher":{"@id":"https:\/\/reliquo.com\/es\/#organization"},"potentialAction":[{"@type":"SearchAction","target":{"@type":"EntryPoint","urlTemplate":"https:\/\/reliquo.com\/es\/?s={search_term_string}"},"query-input":{"@type":"PropertyValueSpecification","valueRequired":true,"valueName":"search_term_string"}}],"inLanguage":"it-IT"},{"@type":"Organization","@id":"https:\/\/reliquo.com\/es\/#organization","name":"Reliquo","url":"https:\/\/reliquo.com\/es\/","logo":{"@type":"ImageObject","inLanguage":"it-IT","@id":"https:\/\/reliquo.com\/es\/#\/schema\/logo\/image\/","url":"https:\/\/reliquo.com\/wp-content\/uploads\/2024\/12\/cropped-favicon-1.png","contentUrl":"https:\/\/reliquo.com\/wp-content\/uploads\/2024\/12\/cropped-favicon-1.png","width":512,"height":512,"caption":"Reliquo"},"image":{"@id":"https:\/\/reliquo.com\/es\/#\/schema\/logo\/image\/"}}]}},"jetpack_sharing_enabled":true,"brands":[{"id":749,"name":"Piper Heidsieck","slug":"piper-heidsieck"}],"_links":{"self":[{"href":"https:\/\/reliquo.com\/it\/wp-json\/wp\/v2\/product\/4143","targetHints":{"allow":["GET"]}}],"collection":[{"href":"https:\/\/reliquo.com\/it\/wp-json\/wp\/v2\/product"}],"about":[{"href":"https:\/\/reliquo.com\/it\/wp-json\/wp\/v2\/types\/product"}],"wp:featuredmedia":[{"embeddable":true,"href":"https:\/\/reliquo.com\/it\/wp-json\/wp\/v2\/media\/4259"}],"wp:attachment":[{"href":"https:\/\/reliquo.com\/it\/wp-json\/wp\/v2\/media?parent=4143"}],"wp:term":[{"taxonomy":"pwb-brand","embeddable":true,"href":"https:\/\/reliquo.com\/it\/wp-json\/wp\/v2\/pwb-brand?post=4143"},{"taxonomy":"product_brand","embeddable":true,"href":"https:\/\/reliquo.com\/it\/wp-json\/wp\/v2\/product_brand?post=4143"},{"taxonomy":"product_cat","embeddable":true,"href":"https:\/\/reliquo.com\/it\/wp-json\/wp\/v2\/product_cat?post=4143"},{"taxonomy":"product_tag","embeddable":true,"href":"https:\/\/reliquo.com\/it\/wp-json\/wp\/v2\/product_tag?post=4143"}],"curies":[{"name":"wp","href":"https:\/\/api.w.org\/{rel}","templated":true}]}}