{"id":799,"date":"2024-12-17T15:19:12","date_gmt":"2024-12-17T14:19:12","guid":{"rendered":"https:\/\/reliquo.com\/?post_type=product&#038;p=799"},"modified":"2026-03-30T13:23:08","modified_gmt":"2026-03-30T11:23:08","slug":"vin-de-xeres-fortifie-pedro-ximenez-don-zoilo-15-ans-dage-williams-humbert-75cl","status":"publish","type":"product","link":"https:\/\/reliquo.com\/fr\/vino-liquoroso-sherry-pedro-ximenez-don-zoilo-15-years-old-williams-humbert-75cl\/","title":{"rendered":"Vin de liqueur Sherry Pedro Xim\u00e9nez \"Don Zoilo\" 15 ans d'\u00e2ge - Williams &amp; Humbert - 75cl"},"content":{"rendered":"<p>\u00c9labor\u00e9 \u00e0 partir du c\u00e9page Pedro Ximenez, cultiv\u00e9 pr\u00e8s de Jerez de la Frontera, les raisins sont laiss\u00e9s \u00e0 s\u00e9cher au soleil pendant une quinzaine de jours avant d'\u00eatre vinifi\u00e9s. Vieilli dans de grands f\u00fbts de ch\u00eane pendant 12 ans, il est ensuite mis en bouteille et commercialis\u00e9. Il convient parfaitement aux desserts au chocolat noir, aux cr\u00e8mes desserts, aux fromages bleus et \u00e0 la m\u00e9ditation.<\/p>","protected":false},"excerpt":{"rendered":"<p>Ottenuto dal vitigno Pedro Ximenez coltivato nelle vicinanze di Jerez de la Frontera, le uva vengono lasciate al sole ad [&hellip;]<\/p>\n","protected":false},"featured_media":145,"template":"","meta":{"site-sidebar-layout":"","site-content-layout":"","ast-site-content-layout":"","site-content-style":"","site-sidebar-style":"","ast-global-header-display":"","ast-banner-title-visibility":"","ast-main-header-display":"","ast-hfb-above-header-display":"","ast-hfb-below-header-display":"","ast-hfb-mobile-header-display":"","site-post-title":"","ast-breadcrumbs-content":"","ast-featured-img":"","footer-sml-layout":"","ast-disable-related-posts":"","theme-transparent-header-meta":"","adv-header-id-meta":"","stick-header-meta":"","header-above-stick-meta":"","header-main-stick-meta":"","header-below-stick-meta":"","astra-migrate-meta-layouts":"","ast-page-background-enabled":"default","ast-page-background-meta":{"desktop":{"background-color":"var(--ast-global-color-4)","background-image":"","background-repeat":"repeat","background-position":"center center","background-size":"auto","background-attachment":"scroll","background-type":"","background-media":"","overlay-type":"","overlay-color":"","overlay-opacity":"","overlay-gradient":""},"tablet":{"background-color":"","background-image":"","background-repeat":"repeat","background-position":"center center","background-size":"auto","background-attachment":"scroll","background-type":"","background-media":"","overlay-type":"","overlay-color":"","overlay-opacity":"","overlay-gradient":""},"mobile":{"background-color":"","background-image":"","background-repeat":"repeat","background-position":"center center","background-size":"auto","background-attachment":"scroll","background-type":"","background-media":"","overlay-type":"","overlay-color":"","overlay-opacity":"","overlay-gradient":""}},"ast-content-background-meta":{"desktop":{"background-color":"var(--ast-global-color-5)","background-image":"","background-repeat":"repeat","background-position":"center center","background-size":"auto","background-attachment":"scroll","background-type":"","background-media":"","overlay-type":"","overlay-color":"","overlay-opacity":"","overlay-gradient":""},"tablet":{"background-color":"var(--ast-global-color-5)","background-image":"","background-repeat":"repeat","background-position":"center center","background-size":"auto","background-attachment":"scroll","background-type":"","background-media":"","overlay-type":"","overlay-color":"","overlay-opacity":"","overlay-gradient":""},"mobile":{"background-color":"var(--ast-global-color-5)","background-image":"","background-repeat":"repeat","background-position":"center center","background-size":"auto","background-attachment":"scroll","background-type":"","background-media":"","overlay-type":"","overlay-color":"","overlay-opacity":"","overlay-gradient":""}}},"pwb-brand":[683],"product_brand":[],"product_cat":[300],"product_tag":[528,479,442,529],"class_list":{"0":"post-799","1":"product","2":"type-product","3":"status-publish","4":"has-post-thumbnail","6":"pwb-brand-bodegas-williams-humbert","7":"product_cat-dolci-e-liquorosi","8":"product_tag-don-zoilo","9":"product_tag-liquoroso","10":"product_tag-vino","11":"product_tag-williams-humbert","12":"desktop-align-center","13":"tablet-align-center","14":"mobile-align-center","15":"ast-product-gallery-layout-horizontal-slider","16":"ast-product-gallery-with-no-image","17":"ast-magnify-disabled","18":"ast-product-tabs-layout-horizontal","19":"ast-qv-on-image","21":"first","22":"instock","23":"shipping-taxable","24":"purchasable","25":"product-type-simple"},"yoast_head":"<!-- This site is optimized with the Yoast SEO plugin v27.4 - https:\/\/yoast.com\/product\/yoast-seo-wordpress\/ -->\n<title>Vino liquoroso Sherry Pedro Xim\u00e9nez &quot;Don Zoilo&quot; 15 Years Old - Williams &amp; Humbert - 75cl | Acquista Online su Reliquo<\/title>\n<meta name=\"description\" content=\"Scopri Vino liquoroso Sherry Pedro Xim\u00e9nez &quot;Don Zoilo&quot; 15 Years Old - Williams &amp; Humbert - 75cl su Reliquo: qualit\u00e0 garantita, spedizioni rapide e prezzi competitivi. Ordina ora e approfitta delle nostre offerte esclusive.\" \/>\n<meta name=\"robots\" content=\"index, follow, max-snippet:-1, max-image-preview:large, max-video-preview:-1\" \/>\n<link rel=\"canonical\" href=\"http:\/\/reliquo.com\/fr\/vin-de-xeres-fortifie-pedro-ximenez-don-zoilo-15-ans-dage-williams-humbert-75cl\/\" \/>\n<meta property=\"og:locale\" content=\"fr_FR\" \/>\n<meta property=\"og:type\" content=\"article\" \/>\n<meta property=\"og:title\" content=\"Vino liquoroso Sherry Pedro Xim\u00e9nez &quot;Don Zoilo&quot; 15 Years Old - Williams &amp; Humbert - 75cl | Acquista Online su Reliquo\" \/>\n<meta property=\"og:description\" content=\"Scopri Vino liquoroso Sherry Pedro Xim\u00e9nez &quot;Don Zoilo&quot; 15 Years Old - Williams &amp; Humbert - 75cl su Reliquo: qualit\u00e0 garantita, spedizioni rapide e prezzi competitivi. Ordina ora e approfitta delle nostre offerte esclusive.\" \/>\n<meta property=\"og:url\" content=\"http:\/\/reliquo.com\/fr\/vin-de-xeres-fortifie-pedro-ximenez-don-zoilo-15-ans-dage-williams-humbert-75cl\/\" \/>\n<meta property=\"og:site_name\" content=\"Reliquo\" \/>\n<meta property=\"article:modified_time\" content=\"2026-03-30T11:23:08+00:00\" \/>\n<meta property=\"og:image\" content=\"https:\/\/reliquo.com\/wp-content\/uploads\/2024\/12\/Don-Zoilo.png\" \/>\n\t<meta property=\"og:image:width\" content=\"2500\" \/>\n\t<meta property=\"og:image:height\" content=\"2500\" \/>\n\t<meta property=\"og:image:type\" content=\"image\/png\" \/>\n<meta name=\"twitter:card\" content=\"summary_large_image\" \/>\n<script type=\"application\/ld+json\" class=\"yoast-schema-graph\">{\"@context\":\"https:\\\/\\\/schema.org\",\"@graph\":[{\"@type\":\"WebPage\",\"@id\":\"http:\\\/\\\/reliquo.com\\\/it\\\/vino-liquoroso-sherry-pedro-ximenez-don-zoilo-15-years-old-williams-humbert-75cl\\\/\",\"url\":\"http:\\\/\\\/reliquo.com\\\/it\\\/vino-liquoroso-sherry-pedro-ximenez-don-zoilo-15-years-old-williams-humbert-75cl\\\/\",\"name\":\"Vino liquoroso Sherry Pedro Xim\u00e9nez \\\"Don Zoilo\\\" 15 Years Old - Williams & Humbert - 75cl | Acquista Online su Reliquo\",\"isPartOf\":{\"@id\":\"https:\\\/\\\/reliquo.com\\\/es\\\/#website\"},\"primaryImageOfPage\":{\"@id\":\"http:\\\/\\\/reliquo.com\\\/it\\\/vino-liquoroso-sherry-pedro-ximenez-don-zoilo-15-years-old-williams-humbert-75cl\\\/#primaryimage\"},\"image\":{\"@id\":\"http:\\\/\\\/reliquo.com\\\/it\\\/vino-liquoroso-sherry-pedro-ximenez-don-zoilo-15-years-old-williams-humbert-75cl\\\/#primaryimage\"},\"thumbnailUrl\":\"https:\\\/\\\/reliquo.com\\\/wp-content\\\/uploads\\\/2024\\\/12\\\/Don-Zoilo.png\",\"datePublished\":\"2024-12-17T14:19:12+00:00\",\"dateModified\":\"2026-03-30T11:23:08+00:00\",\"description\":\"Scopri Vino liquoroso Sherry Pedro Xim\u00e9nez \\\"Don Zoilo\\\" 15 Years Old - Williams & Humbert - 75cl su Reliquo: qualit\u00e0 garantita, spedizioni rapide e prezzi competitivi. Ordina ora e approfitta delle nostre offerte esclusive.\",\"breadcrumb\":{\"@id\":\"http:\\\/\\\/reliquo.com\\\/it\\\/vino-liquoroso-sherry-pedro-ximenez-don-zoilo-15-years-old-williams-humbert-75cl\\\/#breadcrumb\"},\"inLanguage\":\"fr-FR\",\"potentialAction\":[{\"@type\":\"ReadAction\",\"target\":[\"http:\\\/\\\/reliquo.com\\\/it\\\/vino-liquoroso-sherry-pedro-ximenez-don-zoilo-15-years-old-williams-humbert-75cl\\\/\"]}]},{\"@type\":\"ImageObject\",\"inLanguage\":\"fr-FR\",\"@id\":\"http:\\\/\\\/reliquo.com\\\/it\\\/vino-liquoroso-sherry-pedro-ximenez-don-zoilo-15-years-old-williams-humbert-75cl\\\/#primaryimage\",\"url\":\"https:\\\/\\\/reliquo.com\\\/wp-content\\\/uploads\\\/2024\\\/12\\\/Don-Zoilo.png\",\"contentUrl\":\"https:\\\/\\\/reliquo.com\\\/wp-content\\\/uploads\\\/2024\\\/12\\\/Don-Zoilo.png\",\"width\":2500,\"height\":2500,\"caption\":\"Vino liquoroso Sherry Pedro Xim\u00e9nez \u201cDon Zoilo\u201d 15 Years Old \u2013 Williams &amp; Humbert \u2013 75cl\"},{\"@type\":\"BreadcrumbList\",\"@id\":\"http:\\\/\\\/reliquo.com\\\/it\\\/vino-liquoroso-sherry-pedro-ximenez-don-zoilo-15-years-old-williams-humbert-75cl\\\/#breadcrumb\",\"itemListElement\":[{\"@type\":\"ListItem\",\"position\":1,\"name\":\"Home\",\"item\":\"http:\\\/\\\/reliquo.com\\\/it\\\/\"},{\"@type\":\"ListItem\",\"position\":2,\"name\":\"Shop\",\"item\":\"http:\\\/\\\/reliquo.com\\\/it\\\/shop\\\/\"},{\"@type\":\"ListItem\",\"position\":3,\"name\":\"Vino liquoroso Sherry Pedro Xim\u00e9nez &#8220;Don Zoilo&#8221; 15 Years Old &#8211; Williams &#038; Humbert &#8211; 75cl\"}]},{\"@type\":\"WebSite\",\"@id\":\"https:\\\/\\\/reliquo.com\\\/es\\\/#website\",\"url\":\"https:\\\/\\\/reliquo.com\\\/es\\\/\",\"name\":\"Reliquo\",\"description\":\"La tua enoteca online: scopri vini, liquori e distillati d\u2019eccellenza.\",\"publisher\":{\"@id\":\"https:\\\/\\\/reliquo.com\\\/es\\\/#organization\"},\"potentialAction\":[{\"@type\":\"SearchAction\",\"target\":{\"@type\":\"EntryPoint\",\"urlTemplate\":\"https:\\\/\\\/reliquo.com\\\/es\\\/?s={search_term_string}\"},\"query-input\":{\"@type\":\"PropertyValueSpecification\",\"valueRequired\":true,\"valueName\":\"search_term_string\"}}],\"inLanguage\":\"fr-FR\"},{\"@type\":\"Organization\",\"@id\":\"https:\\\/\\\/reliquo.com\\\/es\\\/#organization\",\"name\":\"Reliquo\",\"url\":\"https:\\\/\\\/reliquo.com\\\/es\\\/\",\"logo\":{\"@type\":\"ImageObject\",\"inLanguage\":\"fr-FR\",\"@id\":\"https:\\\/\\\/reliquo.com\\\/es\\\/#\\\/schema\\\/logo\\\/image\\\/\",\"url\":\"https:\\\/\\\/reliquo.com\\\/wp-content\\\/uploads\\\/2024\\\/12\\\/cropped-favicon-1.png\",\"contentUrl\":\"https:\\\/\\\/reliquo.com\\\/wp-content\\\/uploads\\\/2024\\\/12\\\/cropped-favicon-1.png\",\"width\":512,\"height\":512,\"caption\":\"Reliquo\"},\"image\":{\"@id\":\"https:\\\/\\\/reliquo.com\\\/es\\\/#\\\/schema\\\/logo\\\/image\\\/\"}}]}<\/script>\n<!-- \/ Yoast SEO plugin. -->","yoast_head_json":{"title":"Vin fortifi\u00e9 Sherry Pedro Xim\u00e9nez \"Don Zoilo\" 15 ans d'\u00e2ge - Williams &amp; Humbert - 75cl | Acheter en ligne chez Reliquo","description":"D\u00e9couvrez le Sherry Pedro Xim\u00e9nez \"Don Zoilo\" 15 ans d'\u00e2ge - Williams &amp; Humbert - 75cl chez Reliquo : qualit\u00e9 garantie, livraison rapide et prix comp\u00e9titifs. Commandez maintenant et profitez de nos offres exclusives.","robots":{"index":"index","follow":"follow","max-snippet":"max-snippet:-1","max-image-preview":"max-image-preview:large","max-video-preview":"max-video-preview:-1"},"canonical":"http:\/\/reliquo.com\/fr\/vin-de-xeres-fortifie-pedro-ximenez-don-zoilo-15-ans-dage-williams-humbert-75cl\/","og_locale":"fr_FR","og_type":"article","og_title":"Vino liquoroso Sherry Pedro Xim\u00e9nez \"Don Zoilo\" 15 Years Old - Williams & Humbert - 75cl | Acquista Online su Reliquo","og_description":"Scopri Vino liquoroso Sherry Pedro Xim\u00e9nez \"Don Zoilo\" 15 Years Old - Williams & Humbert - 75cl su Reliquo: qualit\u00e0 garantita, spedizioni rapide e prezzi competitivi. Ordina ora e approfitta delle nostre offerte esclusive.","og_url":"http:\/\/reliquo.com\/fr\/vin-de-xeres-fortifie-pedro-ximenez-don-zoilo-15-ans-dage-williams-humbert-75cl\/","og_site_name":"Reliquo","article_modified_time":"2026-03-30T11:23:08+00:00","og_image":[{"width":2500,"height":2500,"url":"https:\/\/reliquo.com\/wp-content\/uploads\/2024\/12\/Don-Zoilo.png","type":"image\/png"}],"twitter_card":"summary_large_image","schema":{"@context":"https:\/\/schema.org","@graph":[{"@type":"WebPage","@id":"http:\/\/reliquo.com\/it\/vino-liquoroso-sherry-pedro-ximenez-don-zoilo-15-years-old-williams-humbert-75cl\/","url":"http:\/\/reliquo.com\/it\/vino-liquoroso-sherry-pedro-ximenez-don-zoilo-15-years-old-williams-humbert-75cl\/","name":"Vin fortifi\u00e9 Sherry Pedro Xim\u00e9nez \"Don Zoilo\" 15 ans d'\u00e2ge - Williams &amp; Humbert - 75cl | Acheter en ligne chez Reliquo","isPartOf":{"@id":"https:\/\/reliquo.com\/es\/#website"},"primaryImageOfPage":{"@id":"http:\/\/reliquo.com\/it\/vino-liquoroso-sherry-pedro-ximenez-don-zoilo-15-years-old-williams-humbert-75cl\/#primaryimage"},"image":{"@id":"http:\/\/reliquo.com\/it\/vino-liquoroso-sherry-pedro-ximenez-don-zoilo-15-years-old-williams-humbert-75cl\/#primaryimage"},"thumbnailUrl":"https:\/\/reliquo.com\/wp-content\/uploads\/2024\/12\/Don-Zoilo.png","datePublished":"2024-12-17T14:19:12+00:00","dateModified":"2026-03-30T11:23:08+00:00","description":"D\u00e9couvrez le Sherry Pedro Xim\u00e9nez \"Don Zoilo\" 15 ans d'\u00e2ge - Williams &amp; Humbert - 75cl chez Reliquo : qualit\u00e9 garantie, livraison rapide et prix comp\u00e9titifs. Commandez maintenant et profitez de nos offres exclusives.","breadcrumb":{"@id":"http:\/\/reliquo.com\/it\/vino-liquoroso-sherry-pedro-ximenez-don-zoilo-15-years-old-williams-humbert-75cl\/#breadcrumb"},"inLanguage":"fr-FR","potentialAction":[{"@type":"ReadAction","target":["http:\/\/reliquo.com\/it\/vino-liquoroso-sherry-pedro-ximenez-don-zoilo-15-years-old-williams-humbert-75cl\/"]}]},{"@type":"ImageObject","inLanguage":"fr-FR","@id":"http:\/\/reliquo.com\/it\/vino-liquoroso-sherry-pedro-ximenez-don-zoilo-15-years-old-williams-humbert-75cl\/#primaryimage","url":"https:\/\/reliquo.com\/wp-content\/uploads\/2024\/12\/Don-Zoilo.png","contentUrl":"https:\/\/reliquo.com\/wp-content\/uploads\/2024\/12\/Don-Zoilo.png","width":2500,"height":2500,"caption":"Vino liquoroso Sherry Pedro Xim\u00e9nez \u201cDon Zoilo\u201d 15 Years Old \u2013 Williams &amp; Humbert \u2013 75cl"},{"@type":"BreadcrumbList","@id":"http:\/\/reliquo.com\/it\/vino-liquoroso-sherry-pedro-ximenez-don-zoilo-15-years-old-williams-humbert-75cl\/#breadcrumb","itemListElement":[{"@type":"ListItem","position":1,"name":"Home","item":"http:\/\/reliquo.com\/it\/"},{"@type":"ListItem","position":2,"name":"Shop","item":"http:\/\/reliquo.com\/it\/shop\/"},{"@type":"ListItem","position":3,"name":"Vino liquoroso Sherry Pedro Xim\u00e9nez &#8220;Don Zoilo&#8221; 15 Years Old &#8211; Williams &#038; Humbert &#8211; 75cl"}]},{"@type":"WebSite","@id":"https:\/\/reliquo.com\/es\/#website","url":"https:\/\/reliquo.com\/es\/","name":"Reliquo","description":"Votre magasin de vin en ligne : d\u00e9couvrez d'excellents vins, spiritueux et liqueurs.","publisher":{"@id":"https:\/\/reliquo.com\/es\/#organization"},"potentialAction":[{"@type":"SearchAction","target":{"@type":"EntryPoint","urlTemplate":"https:\/\/reliquo.com\/es\/?s={search_term_string}"},"query-input":{"@type":"PropertyValueSpecification","valueRequired":true,"valueName":"search_term_string"}}],"inLanguage":"fr-FR"},{"@type":"Organization","@id":"https:\/\/reliquo.com\/es\/#organization","name":"Reliquo","url":"https:\/\/reliquo.com\/es\/","logo":{"@type":"ImageObject","inLanguage":"fr-FR","@id":"https:\/\/reliquo.com\/es\/#\/schema\/logo\/image\/","url":"https:\/\/reliquo.com\/wp-content\/uploads\/2024\/12\/cropped-favicon-1.png","contentUrl":"https:\/\/reliquo.com\/wp-content\/uploads\/2024\/12\/cropped-favicon-1.png","width":512,"height":512,"caption":"Reliquo"},"image":{"@id":"https:\/\/reliquo.com\/es\/#\/schema\/logo\/image\/"}}]}},"jetpack_sharing_enabled":true,"brands":[{"id":683,"name":"Bodegas Williams &amp; Humbert","slug":"bodegas-humbert-williams"}],"_links":{"self":[{"href":"https:\/\/reliquo.com\/fr\/wp-json\/wp\/v2\/product\/799","targetHints":{"allow":["GET"]}}],"collection":[{"href":"https:\/\/reliquo.com\/fr\/wp-json\/wp\/v2\/product"}],"about":[{"href":"https:\/\/reliquo.com\/fr\/wp-json\/wp\/v2\/types\/product"}],"wp:featuredmedia":[{"embeddable":true,"href":"https:\/\/reliquo.com\/fr\/wp-json\/wp\/v2\/media\/145"}],"wp:attachment":[{"href":"https:\/\/reliquo.com\/fr\/wp-json\/wp\/v2\/media?parent=799"}],"wp:term":[{"taxonomy":"pwb-brand","embeddable":true,"href":"https:\/\/reliquo.com\/fr\/wp-json\/wp\/v2\/pwb-brand?post=799"},{"taxonomy":"product_brand","embeddable":true,"href":"https:\/\/reliquo.com\/fr\/wp-json\/wp\/v2\/product_brand?post=799"},{"taxonomy":"product_cat","embeddable":true,"href":"https:\/\/reliquo.com\/fr\/wp-json\/wp\/v2\/product_cat?post=799"},{"taxonomy":"product_tag","embeddable":true,"href":"https:\/\/reliquo.com\/fr\/wp-json\/wp\/v2\/product_tag?post=799"}],"curies":[{"name":"wp","href":"https:\/\/api.w.org\/{rel}","templated":true}]}}