{"id":797,"date":"2024-12-17T15:19:12","date_gmt":"2024-12-17T14:19:12","guid":{"rendered":"https:\/\/reliquo.com\/?post_type=product&#038;p=797"},"modified":"2026-01-23T12:36:08","modified_gmt":"2026-01-23T11:36:08","slug":"mille-et-une-nuits-2020-sicilia-doc-red-donnafugata-case","status":"publish","type":"product","link":"https:\/\/reliquo.com\/fr\/mille-e-una-notte-2020-sicilia-doc-rosso-astuccio-donnafugata\/","title":{"rendered":"Mille et une nuits Sicilia Doc Rosso Astuccio - Donnafugata"},"content":{"rendered":"<p>D'un rouge rubis intense, le Mille e Una Notte 2020 pr\u00e9sente un large bouquet caract\u00e9ris\u00e9 par des notes fruit\u00e9es de m\u00fbre et de m\u00fbre noire, des notes balsamiques fra\u00eeches de r\u00e9glisse, des notes \u00e9pic\u00e9es et de d\u00e9licates nuances de torr\u00e9faction douce. En bouche, il est profond et ses tanins sont velout\u00e9s. Il se termine par une persistance gustative remarquable et une saveur s\u00e9duisante.<\/p>","protected":false},"excerpt":{"rendered":"<p>Dal colore rosso rubino intenso, Mille e Una Notte 2020 presenta un ampio bouquet caratterizzato da note fruttate di more [&hellip;]<\/p>\n","protected":false},"featured_media":385,"template":"","meta":{"site-sidebar-layout":"","site-content-layout":"","ast-site-content-layout":"","site-content-style":"","site-sidebar-style":"","ast-global-header-display":"","ast-banner-title-visibility":"","ast-main-header-display":"","ast-hfb-above-header-display":"","ast-hfb-below-header-display":"","ast-hfb-mobile-header-display":"","site-post-title":"","ast-breadcrumbs-content":"","ast-featured-img":"","footer-sml-layout":"","ast-disable-related-posts":"","theme-transparent-header-meta":"","adv-header-id-meta":"","stick-header-meta":"","header-above-stick-meta":"","header-main-stick-meta":"","header-below-stick-meta":"","astra-migrate-meta-layouts":"","ast-page-background-enabled":"default","ast-page-background-meta":{"desktop":{"background-color":"var(--ast-global-color-4)","background-image":"","background-repeat":"repeat","background-position":"center center","background-size":"auto","background-attachment":"scroll","background-type":"","background-media":"","overlay-type":"","overlay-color":"","overlay-opacity":"","overlay-gradient":""},"tablet":{"background-color":"","background-image":"","background-repeat":"repeat","background-position":"center center","background-size":"auto","background-attachment":"scroll","background-type":"","background-media":"","overlay-type":"","overlay-color":"","overlay-opacity":"","overlay-gradient":""},"mobile":{"background-color":"","background-image":"","background-repeat":"repeat","background-position":"center center","background-size":"auto","background-attachment":"scroll","background-type":"","background-media":"","overlay-type":"","overlay-color":"","overlay-opacity":"","overlay-gradient":""}},"ast-content-background-meta":{"desktop":{"background-color":"var(--ast-global-color-5)","background-image":"","background-repeat":"repeat","background-position":"center center","background-size":"auto","background-attachment":"scroll","background-type":"","background-media":"","overlay-type":"","overlay-color":"","overlay-opacity":"","overlay-gradient":""},"tablet":{"background-color":"var(--ast-global-color-5)","background-image":"","background-repeat":"repeat","background-position":"center center","background-size":"auto","background-attachment":"scroll","background-type":"","background-media":"","overlay-type":"","overlay-color":"","overlay-opacity":"","overlay-gradient":""},"mobile":{"background-color":"var(--ast-global-color-5)","background-image":"","background-repeat":"repeat","background-position":"center center","background-size":"auto","background-attachment":"scroll","background-type":"","background-media":"","overlay-type":"","overlay-color":"","overlay-opacity":"","overlay-gradient":""}}},"pwb-brand":[700],"product_brand":[],"product_cat":[299],"product_tag":[526,525,448,442],"class_list":{"0":"post-797","1":"product","2":"type-product","3":"status-publish","4":"has-post-thumbnail","6":"pwb-brand-donnafugata","7":"product_cat-rossi","8":"product_tag-donnafugata","9":"product_tag-mille-e-una-notte","10":"product_tag-rosso","11":"product_tag-vino","12":"desktop-align-center","13":"tablet-align-center","14":"mobile-align-center","15":"ast-product-gallery-layout-horizontal-slider","16":"ast-product-gallery-with-no-image","17":"ast-magnify-disabled","18":"ast-product-tabs-layout-horizontal","19":"ast-qv-on-image","21":"first","22":"instock","23":"sale","24":"shipping-taxable","25":"purchasable","26":"product-type-simple"},"yoast_head":"<!-- This site is optimized with the Yoast SEO plugin v27.2 - https:\/\/yoast.com\/product\/yoast-seo-wordpress\/ -->\n<title>Mille e una Notte Sicilia Doc Rosso Astuccio - Donnafugata | Acquista Online su Reliquo<\/title>\n<meta name=\"description\" content=\"Scopri Mille e una Notte Sicilia Doc Rosso Astuccio - Donnafugata su Reliquo: qualit\u00e0 garantita, spedizioni rapide e prezzi competitivi. Ordina ora e approfitta delle nostre offerte esclusive.\" \/>\n<meta name=\"robots\" content=\"index, follow, max-snippet:-1, max-image-preview:large, max-video-preview:-1\" \/>\n<link rel=\"canonical\" href=\"http:\/\/reliquo.com\/fr\/mille-et-une-nuits-2020-sicilia-doc-red-donnafugata-case\/\" \/>\n<meta property=\"og:locale\" content=\"fr_FR\" \/>\n<meta property=\"og:type\" content=\"article\" \/>\n<meta property=\"og:title\" content=\"Mille e una Notte Sicilia Doc Rosso Astuccio - Donnafugata | Acquista Online su Reliquo\" \/>\n<meta property=\"og:description\" content=\"Scopri Mille e una Notte Sicilia Doc Rosso Astuccio - Donnafugata su Reliquo: qualit\u00e0 garantita, spedizioni rapide e prezzi competitivi. Ordina ora e approfitta delle nostre offerte esclusive.\" \/>\n<meta property=\"og:url\" content=\"http:\/\/reliquo.com\/fr\/mille-et-une-nuits-2020-sicilia-doc-red-donnafugata-case\/\" \/>\n<meta property=\"og:site_name\" content=\"Reliquo\" \/>\n<meta property=\"article:modified_time\" content=\"2026-01-23T11:36:08+00:00\" \/>\n<meta property=\"og:image\" content=\"https:\/\/reliquo.com\/wp-content\/uploads\/2024\/12\/Mille-e-una-Notte-Donnafugata.png\" \/>\n\t<meta property=\"og:image:width\" content=\"2500\" \/>\n\t<meta property=\"og:image:height\" content=\"2500\" \/>\n\t<meta property=\"og:image:type\" content=\"image\/png\" \/>\n<meta name=\"twitter:card\" content=\"summary_large_image\" \/>\n<script type=\"application\/ld+json\" class=\"yoast-schema-graph\">{\"@context\":\"https:\/\/schema.org\",\"@graph\":[{\"@type\":\"WebPage\",\"@id\":\"http:\/\/reliquo.com\/it\/mille-e-una-notte-2020-sicilia-doc-rosso-astuccio-donnafugata\/\",\"url\":\"http:\/\/reliquo.com\/it\/mille-e-una-notte-2020-sicilia-doc-rosso-astuccio-donnafugata\/\",\"name\":\"Mille e una Notte Sicilia Doc Rosso Astuccio - Donnafugata | Acquista Online su Reliquo\",\"isPartOf\":{\"@id\":\"https:\/\/reliquo.com\/es\/#website\"},\"primaryImageOfPage\":{\"@id\":\"http:\/\/reliquo.com\/it\/mille-e-una-notte-2020-sicilia-doc-rosso-astuccio-donnafugata\/#primaryimage\"},\"image\":{\"@id\":\"http:\/\/reliquo.com\/it\/mille-e-una-notte-2020-sicilia-doc-rosso-astuccio-donnafugata\/#primaryimage\"},\"thumbnailUrl\":\"https:\/\/reliquo.com\/wp-content\/uploads\/2024\/12\/Mille-e-una-Notte-Donnafugata.png\",\"datePublished\":\"2024-12-17T14:19:12+00:00\",\"dateModified\":\"2026-01-23T11:36:08+00:00\",\"description\":\"Scopri Mille e una Notte Sicilia Doc Rosso Astuccio - Donnafugata su Reliquo: qualit\u00e0 garantita, spedizioni rapide e prezzi competitivi. Ordina ora e approfitta delle nostre offerte esclusive.\",\"breadcrumb\":{\"@id\":\"http:\/\/reliquo.com\/it\/mille-e-una-notte-2020-sicilia-doc-rosso-astuccio-donnafugata\/#breadcrumb\"},\"inLanguage\":\"fr-FR\",\"potentialAction\":[{\"@type\":\"ReadAction\",\"target\":[\"http:\/\/reliquo.com\/it\/mille-e-una-notte-2020-sicilia-doc-rosso-astuccio-donnafugata\/\"]}]},{\"@type\":\"ImageObject\",\"inLanguage\":\"fr-FR\",\"@id\":\"http:\/\/reliquo.com\/it\/mille-e-una-notte-2020-sicilia-doc-rosso-astuccio-donnafugata\/#primaryimage\",\"url\":\"https:\/\/reliquo.com\/wp-content\/uploads\/2024\/12\/Mille-e-una-Notte-Donnafugata.png\",\"contentUrl\":\"https:\/\/reliquo.com\/wp-content\/uploads\/2024\/12\/Mille-e-una-Notte-Donnafugata.png\",\"width\":2500,\"height\":2500,\"caption\":\"Mille e una Notte Sicilia Doc Rosso Astuccio \u2013 Donnafugata\"},{\"@type\":\"BreadcrumbList\",\"@id\":\"http:\/\/reliquo.com\/it\/mille-e-una-notte-2020-sicilia-doc-rosso-astuccio-donnafugata\/#breadcrumb\",\"itemListElement\":[{\"@type\":\"ListItem\",\"position\":1,\"name\":\"Home\",\"item\":\"http:\/\/reliquo.com\/it\/\"},{\"@type\":\"ListItem\",\"position\":2,\"name\":\"Shop\",\"item\":\"http:\/\/reliquo.com\/it\/shop\/\"},{\"@type\":\"ListItem\",\"position\":3,\"name\":\"Mille e una Notte Sicilia Doc Rosso Astuccio &#8211; Donnafugata\"}]},{\"@type\":\"WebSite\",\"@id\":\"https:\/\/reliquo.com\/es\/#website\",\"url\":\"https:\/\/reliquo.com\/es\/\",\"name\":\"Reliquo\",\"description\":\"La tua enoteca online: scopri vini, liquori e distillati d\u2019eccellenza.\",\"publisher\":{\"@id\":\"https:\/\/reliquo.com\/es\/#organization\"},\"potentialAction\":[{\"@type\":\"SearchAction\",\"target\":{\"@type\":\"EntryPoint\",\"urlTemplate\":\"https:\/\/reliquo.com\/es\/?s={search_term_string}\"},\"query-input\":{\"@type\":\"PropertyValueSpecification\",\"valueRequired\":true,\"valueName\":\"search_term_string\"}}],\"inLanguage\":\"fr-FR\"},{\"@type\":\"Organization\",\"@id\":\"https:\/\/reliquo.com\/es\/#organization\",\"name\":\"Reliquo\",\"url\":\"https:\/\/reliquo.com\/es\/\",\"logo\":{\"@type\":\"ImageObject\",\"inLanguage\":\"fr-FR\",\"@id\":\"https:\/\/reliquo.com\/es\/#\/schema\/logo\/image\/\",\"url\":\"https:\/\/reliquo.com\/wp-content\/uploads\/2024\/12\/cropped-favicon-1.png\",\"contentUrl\":\"https:\/\/reliquo.com\/wp-content\/uploads\/2024\/12\/cropped-favicon-1.png\",\"width\":512,\"height\":512,\"caption\":\"Reliquo\"},\"image\":{\"@id\":\"https:\/\/reliquo.com\/es\/#\/schema\/logo\/image\/\"}}]}<\/script>\n<!-- \/ Yoast SEO plugin. -->","yoast_head_json":{"title":"Mille et une nuits Sicilia Doc Rosso Astuccio - Donnafugata | Acheter en ligne chez Reliquo","description":"D\u00e9couvrez Mille e una Notte Sicilia Doc Rosso Astuccio - Donnafugata chez Reliquo : qualit\u00e9 garantie, livraison rapide et prix comp\u00e9titifs. Commandez maintenant et profitez de nos offres exclusives.","robots":{"index":"index","follow":"follow","max-snippet":"max-snippet:-1","max-image-preview":"max-image-preview:large","max-video-preview":"max-video-preview:-1"},"canonical":"http:\/\/reliquo.com\/fr\/mille-et-une-nuits-2020-sicilia-doc-red-donnafugata-case\/","og_locale":"fr_FR","og_type":"article","og_title":"Mille e una Notte Sicilia Doc Rosso Astuccio - Donnafugata | Acquista Online su Reliquo","og_description":"Scopri Mille e una Notte Sicilia Doc Rosso Astuccio - Donnafugata su Reliquo: qualit\u00e0 garantita, spedizioni rapide e prezzi competitivi. Ordina ora e approfitta delle nostre offerte esclusive.","og_url":"http:\/\/reliquo.com\/fr\/mille-et-une-nuits-2020-sicilia-doc-red-donnafugata-case\/","og_site_name":"Reliquo","article_modified_time":"2026-01-23T11:36:08+00:00","og_image":[{"width":2500,"height":2500,"url":"https:\/\/reliquo.com\/wp-content\/uploads\/2024\/12\/Mille-e-una-Notte-Donnafugata.png","type":"image\/png"}],"twitter_card":"summary_large_image","schema":{"@context":"https:\/\/schema.org","@graph":[{"@type":"WebPage","@id":"http:\/\/reliquo.com\/it\/mille-e-una-notte-2020-sicilia-doc-rosso-astuccio-donnafugata\/","url":"http:\/\/reliquo.com\/it\/mille-e-una-notte-2020-sicilia-doc-rosso-astuccio-donnafugata\/","name":"Mille et une nuits Sicilia Doc Rosso Astuccio - Donnafugata | Acheter en ligne chez Reliquo","isPartOf":{"@id":"https:\/\/reliquo.com\/es\/#website"},"primaryImageOfPage":{"@id":"http:\/\/reliquo.com\/it\/mille-e-una-notte-2020-sicilia-doc-rosso-astuccio-donnafugata\/#primaryimage"},"image":{"@id":"http:\/\/reliquo.com\/it\/mille-e-una-notte-2020-sicilia-doc-rosso-astuccio-donnafugata\/#primaryimage"},"thumbnailUrl":"https:\/\/reliquo.com\/wp-content\/uploads\/2024\/12\/Mille-e-una-Notte-Donnafugata.png","datePublished":"2024-12-17T14:19:12+00:00","dateModified":"2026-01-23T11:36:08+00:00","description":"D\u00e9couvrez Mille e una Notte Sicilia Doc Rosso Astuccio - Donnafugata chez Reliquo : qualit\u00e9 garantie, livraison rapide et prix comp\u00e9titifs. Commandez maintenant et profitez de nos offres exclusives.","breadcrumb":{"@id":"http:\/\/reliquo.com\/it\/mille-e-una-notte-2020-sicilia-doc-rosso-astuccio-donnafugata\/#breadcrumb"},"inLanguage":"fr-FR","potentialAction":[{"@type":"ReadAction","target":["http:\/\/reliquo.com\/it\/mille-e-una-notte-2020-sicilia-doc-rosso-astuccio-donnafugata\/"]}]},{"@type":"ImageObject","inLanguage":"fr-FR","@id":"http:\/\/reliquo.com\/it\/mille-e-una-notte-2020-sicilia-doc-rosso-astuccio-donnafugata\/#primaryimage","url":"https:\/\/reliquo.com\/wp-content\/uploads\/2024\/12\/Mille-e-una-Notte-Donnafugata.png","contentUrl":"https:\/\/reliquo.com\/wp-content\/uploads\/2024\/12\/Mille-e-una-Notte-Donnafugata.png","width":2500,"height":2500,"caption":"Mille e una Notte Sicilia Doc Rosso Astuccio \u2013 Donnafugata"},{"@type":"BreadcrumbList","@id":"http:\/\/reliquo.com\/it\/mille-e-una-notte-2020-sicilia-doc-rosso-astuccio-donnafugata\/#breadcrumb","itemListElement":[{"@type":"ListItem","position":1,"name":"Home","item":"http:\/\/reliquo.com\/it\/"},{"@type":"ListItem","position":2,"name":"Shop","item":"http:\/\/reliquo.com\/it\/shop\/"},{"@type":"ListItem","position":3,"name":"Mille e una Notte Sicilia Doc Rosso Astuccio &#8211; Donnafugata"}]},{"@type":"WebSite","@id":"https:\/\/reliquo.com\/es\/#website","url":"https:\/\/reliquo.com\/es\/","name":"Reliquo","description":"Votre magasin de vin en ligne : d\u00e9couvrez d'excellents vins, spiritueux et liqueurs.","publisher":{"@id":"https:\/\/reliquo.com\/es\/#organization"},"potentialAction":[{"@type":"SearchAction","target":{"@type":"EntryPoint","urlTemplate":"https:\/\/reliquo.com\/es\/?s={search_term_string}"},"query-input":{"@type":"PropertyValueSpecification","valueRequired":true,"valueName":"search_term_string"}}],"inLanguage":"fr-FR"},{"@type":"Organization","@id":"https:\/\/reliquo.com\/es\/#organization","name":"Reliquo","url":"https:\/\/reliquo.com\/es\/","logo":{"@type":"ImageObject","inLanguage":"fr-FR","@id":"https:\/\/reliquo.com\/es\/#\/schema\/logo\/image\/","url":"https:\/\/reliquo.com\/wp-content\/uploads\/2024\/12\/cropped-favicon-1.png","contentUrl":"https:\/\/reliquo.com\/wp-content\/uploads\/2024\/12\/cropped-favicon-1.png","width":512,"height":512,"caption":"Reliquo"},"image":{"@id":"https:\/\/reliquo.com\/es\/#\/schema\/logo\/image\/"}}]}},"jetpack_sharing_enabled":true,"brands":[{"id":700,"name":"Donnafugata","slug":"donnafugata"}],"_links":{"self":[{"href":"https:\/\/reliquo.com\/fr\/wp-json\/wp\/v2\/product\/797","targetHints":{"allow":["GET"]}}],"collection":[{"href":"https:\/\/reliquo.com\/fr\/wp-json\/wp\/v2\/product"}],"about":[{"href":"https:\/\/reliquo.com\/fr\/wp-json\/wp\/v2\/types\/product"}],"wp:featuredmedia":[{"embeddable":true,"href":"https:\/\/reliquo.com\/fr\/wp-json\/wp\/v2\/media\/385"}],"wp:attachment":[{"href":"https:\/\/reliquo.com\/fr\/wp-json\/wp\/v2\/media?parent=797"}],"wp:term":[{"taxonomy":"pwb-brand","embeddable":true,"href":"https:\/\/reliquo.com\/fr\/wp-json\/wp\/v2\/pwb-brand?post=797"},{"taxonomy":"product_brand","embeddable":true,"href":"https:\/\/reliquo.com\/fr\/wp-json\/wp\/v2\/product_brand?post=797"},{"taxonomy":"product_cat","embeddable":true,"href":"https:\/\/reliquo.com\/fr\/wp-json\/wp\/v2\/product_cat?post=797"},{"taxonomy":"product_tag","embeddable":true,"href":"https:\/\/reliquo.com\/fr\/wp-json\/wp\/v2\/product_tag?post=797"}],"curies":[{"name":"wp","href":"https:\/\/api.w.org\/{rel}","templated":true}]}}