{"id":793,"date":"2024-12-17T15:19:12","date_gmt":"2024-12-17T14:19:12","guid":{"rendered":"https:\/\/reliquo.com\/?post_type=product&#038;p=793"},"modified":"2026-03-30T13:23:09","modified_gmt":"2026-03-30T11:23:09","slug":"bianco-di-nera-vin-blanc-mousseux-2023-milazzo","status":"publish","type":"product","link":"https:\/\/reliquo.com\/fr\/bianco-di-nera-vino-bianco-frizzante-2023-milazzo\/","title":{"rendered":"Vin blanc p\u00e9tillant Bianco di Nera - Milazzo"},"content":{"rendered":"<p>Le \"Bianco di Nera\" est un vin mousseux frais, jeune et fruit\u00e9, fruit de l'assemblage minutieux de c\u00e9pages locaux s\u00e9lectionn\u00e9s par Milazzo, une cave capable de mettre en valeur, dans sa gamme, des vari\u00e9t\u00e9s internationales et indig\u00e8nes, v\u00e9ritable patrimoine de l'\u00eele. Les raisins blancs de cette bouteille donnent naissance \u00e0 un vin polyvalent, pr\u00eat \u00e0 \u00eatre consomm\u00e9 d\u00e8s maintenant, pour profiter pleinement de son perlage vif et de la spontan\u00e9it\u00e9 de ses ar\u00f4mes et de ses saveurs. Le Spumante \"Bianco di Nera\" est le fruit d'un savant m\u00e9lange effectu\u00e9 par l'\u00e9quipe de la cave de Milazzo. Les raisins, soigneusement s\u00e9lectionn\u00e9s pour ne garantir que le meilleur du terroir d'origine, une fois r\u00e9colt\u00e9s, subissent une premi\u00e8re fermentation dans des conteneurs en acier pendant quatre mois, puis une nouvelle fermentation en autoclave, selon les principes de production de la m\u00e9thode Martinotti. Toujours en autoclave, le vin est laiss\u00e9 \u00e0 affiner pendant quelques mois, jusqu'\u00e0 ce que commencent les op\u00e9rations de mise en bouteille et de commercialisation. Le \"Bianco di Nera\" est un vin mousseux qui, dans le verre, se manifeste par une couleur jaune paille, travers\u00e9e par un perlage au grain pas trop fin, caract\u00e9ris\u00e9 par une bonne persistance. Le spectre olfactif s'articule autour d'ar\u00f4mes principalement fruit\u00e9s et floraux, qui enveloppent le nez de notes vives et franches. En bouche, il a un corps l\u00e9ger, tr\u00e8s fin et fluide, avec une gorg\u00e9e agr\u00e9able pour sa composante fra\u00eeche, qui incite \u00e0 boire. L'heure de l'ap\u00e9ritif prend des nuances siciliennes engageantes, gr\u00e2ce \u00e0 ce produit de la cave Milazzo.<\/p>","protected":false},"excerpt":{"rendered":"<p>Il\u00a0\u201cBianco di Nera\u201d \u00e8 uno vino frizzante fresco, giovane e fruttato, che nasce dall\u2019accurata unione di vitigni locali selezionati da [&hellip;]<\/p>\n","protected":false},"featured_media":317,"template":"","meta":{"site-sidebar-layout":"","site-content-layout":"","ast-site-content-layout":"","site-content-style":"","site-sidebar-style":"","ast-global-header-display":"","ast-banner-title-visibility":"","ast-main-header-display":"","ast-hfb-above-header-display":"","ast-hfb-below-header-display":"","ast-hfb-mobile-header-display":"","site-post-title":"","ast-breadcrumbs-content":"","ast-featured-img":"","footer-sml-layout":"","ast-disable-related-posts":"","theme-transparent-header-meta":"","adv-header-id-meta":"","stick-header-meta":"","header-above-stick-meta":"","header-main-stick-meta":"","header-below-stick-meta":"","astra-migrate-meta-layouts":"","ast-page-background-enabled":"default","ast-page-background-meta":{"desktop":{"background-color":"var(--ast-global-color-4)","background-image":"","background-repeat":"repeat","background-position":"center center","background-size":"auto","background-attachment":"scroll","background-type":"","background-media":"","overlay-type":"","overlay-color":"","overlay-opacity":"","overlay-gradient":""},"tablet":{"background-color":"","background-image":"","background-repeat":"repeat","background-position":"center center","background-size":"auto","background-attachment":"scroll","background-type":"","background-media":"","overlay-type":"","overlay-color":"","overlay-opacity":"","overlay-gradient":""},"mobile":{"background-color":"","background-image":"","background-repeat":"repeat","background-position":"center center","background-size":"auto","background-attachment":"scroll","background-type":"","background-media":"","overlay-type":"","overlay-color":"","overlay-opacity":"","overlay-gradient":""}},"ast-content-background-meta":{"desktop":{"background-color":"var(--ast-global-color-5)","background-image":"","background-repeat":"repeat","background-position":"center center","background-size":"auto","background-attachment":"scroll","background-type":"","background-media":"","overlay-type":"","overlay-color":"","overlay-opacity":"","overlay-gradient":""},"tablet":{"background-color":"var(--ast-global-color-5)","background-image":"","background-repeat":"repeat","background-position":"center center","background-size":"auto","background-attachment":"scroll","background-type":"","background-media":"","overlay-type":"","overlay-color":"","overlay-opacity":"","overlay-gradient":""},"mobile":{"background-color":"var(--ast-global-color-5)","background-image":"","background-repeat":"repeat","background-position":"center center","background-size":"auto","background-attachment":"scroll","background-type":"","background-media":"","overlay-type":"","overlay-color":"","overlay-opacity":"","overlay-gradient":""}}},"pwb-brand":[678],"product_brand":[],"product_cat":[298],"product_tag":[443,522,467,521,442],"class_list":{"0":"post-793","1":"product","2":"type-product","3":"status-publish","4":"has-post-thumbnail","6":"pwb-brand-azienda-agricola-milazzo","7":"product_cat-bianchi","8":"product_tag-bianco","9":"product_tag-bianco-di-nera","10":"product_tag-frizzante","11":"product_tag-milazzo","12":"product_tag-vino","13":"desktop-align-center","14":"tablet-align-center","15":"mobile-align-center","16":"ast-product-gallery-layout-horizontal-slider","17":"ast-product-gallery-with-no-image","18":"ast-magnify-disabled","19":"ast-product-tabs-layout-horizontal","20":"ast-qv-on-image","22":"first","23":"instock","24":"shipping-taxable","25":"purchasable","26":"product-type-simple"},"yoast_head":"<!-- This site is optimized with the Yoast SEO plugin v27.4 - https:\/\/yoast.com\/product\/yoast-seo-wordpress\/ -->\n<title>Bianco di Nera Vino Bianco Frizzante - Milazzo | Acquista Online su Reliquo<\/title>\n<meta name=\"description\" content=\"Scopri Bianco di Nera Vino Bianco Frizzante - Milazzo su Reliquo: qualit\u00e0 garantita, spedizioni rapide e prezzi competitivi. Ordina ora e approfitta delle nostre offerte esclusive.\" \/>\n<meta name=\"robots\" content=\"index, follow, max-snippet:-1, max-image-preview:large, max-video-preview:-1\" \/>\n<link rel=\"canonical\" href=\"https:\/\/reliquo.com\/fr\/bianco-di-nera-vin-blanc-mousseux-2023-milazzo\/\" \/>\n<meta property=\"og:locale\" content=\"fr_FR\" \/>\n<meta property=\"og:type\" content=\"article\" \/>\n<meta property=\"og:title\" content=\"Bianco di Nera Vino Bianco Frizzante - Milazzo | Acquista Online su Reliquo\" \/>\n<meta property=\"og:description\" content=\"Scopri Bianco di Nera Vino Bianco Frizzante - Milazzo su Reliquo: qualit\u00e0 garantita, spedizioni rapide e prezzi competitivi. Ordina ora e approfitta delle nostre offerte esclusive.\" \/>\n<meta property=\"og:url\" content=\"https:\/\/reliquo.com\/fr\/bianco-di-nera-vin-blanc-mousseux-2023-milazzo\/\" \/>\n<meta property=\"og:site_name\" content=\"Reliquo\" \/>\n<meta property=\"article:modified_time\" content=\"2026-03-30T11:23:09+00:00\" \/>\n<meta property=\"og:image\" content=\"https:\/\/reliquo.com\/wp-content\/uploads\/2024\/12\/Milazzo-Bianco-di-Nera.png\" \/>\n\t<meta property=\"og:image:width\" content=\"3024\" \/>\n\t<meta property=\"og:image:height\" content=\"3024\" \/>\n\t<meta property=\"og:image:type\" content=\"image\/png\" \/>\n<meta name=\"twitter:card\" content=\"summary_large_image\" \/>\n<meta name=\"twitter:label1\" content=\"Dur\u00e9e de lecture estim\u00e9e\" \/>\n\t<meta name=\"twitter:data1\" content=\"1 minute\" \/>\n<script type=\"application\/ld+json\" class=\"yoast-schema-graph\">{\"@context\":\"https:\\\/\\\/schema.org\",\"@graph\":[{\"@type\":\"WebPage\",\"@id\":\"https:\\\/\\\/reliquo.com\\\/bianco-di-nera-vino-bianco-frizzante-2023-milazzo\\\/\",\"url\":\"https:\\\/\\\/reliquo.com\\\/bianco-di-nera-vino-bianco-frizzante-2023-milazzo\\\/\",\"name\":\"Bianco di Nera Vino Bianco Frizzante - Milazzo | Acquista Online su Reliquo\",\"isPartOf\":{\"@id\":\"https:\\\/\\\/reliquo.com\\\/es\\\/#website\"},\"primaryImageOfPage\":{\"@id\":\"https:\\\/\\\/reliquo.com\\\/bianco-di-nera-vino-bianco-frizzante-2023-milazzo\\\/#primaryimage\"},\"image\":{\"@id\":\"https:\\\/\\\/reliquo.com\\\/bianco-di-nera-vino-bianco-frizzante-2023-milazzo\\\/#primaryimage\"},\"thumbnailUrl\":\"https:\\\/\\\/reliquo.com\\\/wp-content\\\/uploads\\\/2024\\\/12\\\/Milazzo-Bianco-di-Nera.png\",\"datePublished\":\"2024-12-17T14:19:12+00:00\",\"dateModified\":\"2026-03-30T11:23:09+00:00\",\"description\":\"Scopri Bianco di Nera Vino Bianco Frizzante - Milazzo su Reliquo: qualit\u00e0 garantita, spedizioni rapide e prezzi competitivi. Ordina ora e approfitta delle nostre offerte esclusive.\",\"breadcrumb\":{\"@id\":\"https:\\\/\\\/reliquo.com\\\/bianco-di-nera-vino-bianco-frizzante-2023-milazzo\\\/#breadcrumb\"},\"inLanguage\":\"fr-FR\",\"potentialAction\":[{\"@type\":\"ReadAction\",\"target\":[\"https:\\\/\\\/reliquo.com\\\/bianco-di-nera-vino-bianco-frizzante-2023-milazzo\\\/\"]}]},{\"@type\":\"ImageObject\",\"inLanguage\":\"fr-FR\",\"@id\":\"https:\\\/\\\/reliquo.com\\\/bianco-di-nera-vino-bianco-frizzante-2023-milazzo\\\/#primaryimage\",\"url\":\"https:\\\/\\\/reliquo.com\\\/wp-content\\\/uploads\\\/2024\\\/12\\\/Milazzo-Bianco-di-Nera.png\",\"contentUrl\":\"https:\\\/\\\/reliquo.com\\\/wp-content\\\/uploads\\\/2024\\\/12\\\/Milazzo-Bianco-di-Nera.png\",\"width\":3024,\"height\":3024,\"caption\":\"Bianco di Nera Vino Bianco Frizzante \u2013 Milazzo\"},{\"@type\":\"BreadcrumbList\",\"@id\":\"https:\\\/\\\/reliquo.com\\\/bianco-di-nera-vino-bianco-frizzante-2023-milazzo\\\/#breadcrumb\",\"itemListElement\":[{\"@type\":\"ListItem\",\"position\":1,\"name\":\"Home\",\"item\":\"http:\\\/\\\/reliquo.com\\\/it\\\/\"},{\"@type\":\"ListItem\",\"position\":2,\"name\":\"Shop\",\"item\":\"http:\\\/\\\/reliquo.com\\\/it\\\/shop\\\/\"},{\"@type\":\"ListItem\",\"position\":3,\"name\":\"Bianco di Nera Vino Bianco Frizzante &#8211; Milazzo\"}]},{\"@type\":\"WebSite\",\"@id\":\"https:\\\/\\\/reliquo.com\\\/es\\\/#website\",\"url\":\"https:\\\/\\\/reliquo.com\\\/es\\\/\",\"name\":\"Reliquo\",\"description\":\"La tua enoteca online: scopri vini, liquori e distillati d\u2019eccellenza.\",\"publisher\":{\"@id\":\"https:\\\/\\\/reliquo.com\\\/es\\\/#organization\"},\"potentialAction\":[{\"@type\":\"SearchAction\",\"target\":{\"@type\":\"EntryPoint\",\"urlTemplate\":\"https:\\\/\\\/reliquo.com\\\/es\\\/?s={search_term_string}\"},\"query-input\":{\"@type\":\"PropertyValueSpecification\",\"valueRequired\":true,\"valueName\":\"search_term_string\"}}],\"inLanguage\":\"fr-FR\"},{\"@type\":\"Organization\",\"@id\":\"https:\\\/\\\/reliquo.com\\\/es\\\/#organization\",\"name\":\"Reliquo\",\"url\":\"https:\\\/\\\/reliquo.com\\\/es\\\/\",\"logo\":{\"@type\":\"ImageObject\",\"inLanguage\":\"fr-FR\",\"@id\":\"https:\\\/\\\/reliquo.com\\\/es\\\/#\\\/schema\\\/logo\\\/image\\\/\",\"url\":\"https:\\\/\\\/reliquo.com\\\/wp-content\\\/uploads\\\/2024\\\/12\\\/cropped-favicon-1.png\",\"contentUrl\":\"https:\\\/\\\/reliquo.com\\\/wp-content\\\/uploads\\\/2024\\\/12\\\/cropped-favicon-1.png\",\"width\":512,\"height\":512,\"caption\":\"Reliquo\"},\"image\":{\"@id\":\"https:\\\/\\\/reliquo.com\\\/es\\\/#\\\/schema\\\/logo\\\/image\\\/\"}}]}<\/script>\n<!-- \/ Yoast SEO plugin. -->","yoast_head_json":{"title":"Bianco di Nera Vin blanc p\u00e9tillant - Milazzo | Acheter en ligne chez Reliquo","description":"D\u00e9couvrez le Vin Blanc P\u00e9tillant Bianco di Nera - Milazzo chez Reliquo : qualit\u00e9 garantie, livraison rapide et prix comp\u00e9titifs. Commandez maintenant et profitez de nos offres exclusives.","robots":{"index":"index","follow":"follow","max-snippet":"max-snippet:-1","max-image-preview":"max-image-preview:large","max-video-preview":"max-video-preview:-1"},"canonical":"https:\/\/reliquo.com\/fr\/bianco-di-nera-vin-blanc-mousseux-2023-milazzo\/","og_locale":"fr_FR","og_type":"article","og_title":"Bianco di Nera Vino Bianco Frizzante - Milazzo | Acquista Online su Reliquo","og_description":"Scopri Bianco di Nera Vino Bianco Frizzante - Milazzo su Reliquo: qualit\u00e0 garantita, spedizioni rapide e prezzi competitivi. Ordina ora e approfitta delle nostre offerte esclusive.","og_url":"https:\/\/reliquo.com\/fr\/bianco-di-nera-vin-blanc-mousseux-2023-milazzo\/","og_site_name":"Reliquo","article_modified_time":"2026-03-30T11:23:09+00:00","og_image":[{"width":3024,"height":3024,"url":"https:\/\/reliquo.com\/wp-content\/uploads\/2024\/12\/Milazzo-Bianco-di-Nera.png","type":"image\/png"}],"twitter_card":"summary_large_image","twitter_misc":{"Dur\u00e9e de lecture estim\u00e9e":"1 minute"},"schema":{"@context":"https:\/\/schema.org","@graph":[{"@type":"WebPage","@id":"https:\/\/reliquo.com\/bianco-di-nera-vino-bianco-frizzante-2023-milazzo\/","url":"https:\/\/reliquo.com\/bianco-di-nera-vino-bianco-frizzante-2023-milazzo\/","name":"Bianco di Nera Vin blanc p\u00e9tillant - Milazzo | Acheter en ligne chez Reliquo","isPartOf":{"@id":"https:\/\/reliquo.com\/es\/#website"},"primaryImageOfPage":{"@id":"https:\/\/reliquo.com\/bianco-di-nera-vino-bianco-frizzante-2023-milazzo\/#primaryimage"},"image":{"@id":"https:\/\/reliquo.com\/bianco-di-nera-vino-bianco-frizzante-2023-milazzo\/#primaryimage"},"thumbnailUrl":"https:\/\/reliquo.com\/wp-content\/uploads\/2024\/12\/Milazzo-Bianco-di-Nera.png","datePublished":"2024-12-17T14:19:12+00:00","dateModified":"2026-03-30T11:23:09+00:00","description":"D\u00e9couvrez le Vin Blanc P\u00e9tillant Bianco di Nera - Milazzo chez Reliquo : qualit\u00e9 garantie, livraison rapide et prix comp\u00e9titifs. Commandez maintenant et profitez de nos offres exclusives.","breadcrumb":{"@id":"https:\/\/reliquo.com\/bianco-di-nera-vino-bianco-frizzante-2023-milazzo\/#breadcrumb"},"inLanguage":"fr-FR","potentialAction":[{"@type":"ReadAction","target":["https:\/\/reliquo.com\/bianco-di-nera-vino-bianco-frizzante-2023-milazzo\/"]}]},{"@type":"ImageObject","inLanguage":"fr-FR","@id":"https:\/\/reliquo.com\/bianco-di-nera-vino-bianco-frizzante-2023-milazzo\/#primaryimage","url":"https:\/\/reliquo.com\/wp-content\/uploads\/2024\/12\/Milazzo-Bianco-di-Nera.png","contentUrl":"https:\/\/reliquo.com\/wp-content\/uploads\/2024\/12\/Milazzo-Bianco-di-Nera.png","width":3024,"height":3024,"caption":"Bianco di Nera Vino Bianco Frizzante \u2013 Milazzo"},{"@type":"BreadcrumbList","@id":"https:\/\/reliquo.com\/bianco-di-nera-vino-bianco-frizzante-2023-milazzo\/#breadcrumb","itemListElement":[{"@type":"ListItem","position":1,"name":"Home","item":"http:\/\/reliquo.com\/it\/"},{"@type":"ListItem","position":2,"name":"Shop","item":"http:\/\/reliquo.com\/it\/shop\/"},{"@type":"ListItem","position":3,"name":"Bianco di Nera Vino Bianco Frizzante &#8211; Milazzo"}]},{"@type":"WebSite","@id":"https:\/\/reliquo.com\/es\/#website","url":"https:\/\/reliquo.com\/es\/","name":"Reliquo","description":"Votre magasin de vin en ligne : d\u00e9couvrez d'excellents vins, spiritueux et liqueurs.","publisher":{"@id":"https:\/\/reliquo.com\/es\/#organization"},"potentialAction":[{"@type":"SearchAction","target":{"@type":"EntryPoint","urlTemplate":"https:\/\/reliquo.com\/es\/?s={search_term_string}"},"query-input":{"@type":"PropertyValueSpecification","valueRequired":true,"valueName":"search_term_string"}}],"inLanguage":"fr-FR"},{"@type":"Organization","@id":"https:\/\/reliquo.com\/es\/#organization","name":"Reliquo","url":"https:\/\/reliquo.com\/es\/","logo":{"@type":"ImageObject","inLanguage":"fr-FR","@id":"https:\/\/reliquo.com\/es\/#\/schema\/logo\/image\/","url":"https:\/\/reliquo.com\/wp-content\/uploads\/2024\/12\/cropped-favicon-1.png","contentUrl":"https:\/\/reliquo.com\/wp-content\/uploads\/2024\/12\/cropped-favicon-1.png","width":512,"height":512,"caption":"Reliquo"},"image":{"@id":"https:\/\/reliquo.com\/es\/#\/schema\/logo\/image\/"}}]}},"jetpack_sharing_enabled":true,"brands":[{"id":678,"name":"Ferme Milazzo","slug":"azienda-agricola-milazzo"}],"_links":{"self":[{"href":"https:\/\/reliquo.com\/fr\/wp-json\/wp\/v2\/product\/793","targetHints":{"allow":["GET"]}}],"collection":[{"href":"https:\/\/reliquo.com\/fr\/wp-json\/wp\/v2\/product"}],"about":[{"href":"https:\/\/reliquo.com\/fr\/wp-json\/wp\/v2\/types\/product"}],"wp:featuredmedia":[{"embeddable":true,"href":"https:\/\/reliquo.com\/fr\/wp-json\/wp\/v2\/media\/317"}],"wp:attachment":[{"href":"https:\/\/reliquo.com\/fr\/wp-json\/wp\/v2\/media?parent=793"}],"wp:term":[{"taxonomy":"pwb-brand","embeddable":true,"href":"https:\/\/reliquo.com\/fr\/wp-json\/wp\/v2\/pwb-brand?post=793"},{"taxonomy":"product_brand","embeddable":true,"href":"https:\/\/reliquo.com\/fr\/wp-json\/wp\/v2\/product_brand?post=793"},{"taxonomy":"product_cat","embeddable":true,"href":"https:\/\/reliquo.com\/fr\/wp-json\/wp\/v2\/product_cat?post=793"},{"taxonomy":"product_tag","embeddable":true,"href":"https:\/\/reliquo.com\/fr\/wp-json\/wp\/v2\/product_tag?post=793"}],"curies":[{"name":"wp","href":"https:\/\/api.w.org\/{rel}","templated":true}]}}