{"id":792,"date":"2024-12-17T15:19:12","date_gmt":"2024-12-17T14:19:12","guid":{"rendered":"https:\/\/reliquo.com\/?post_type=product&#038;p=792"},"modified":"2025-12-18T15:43:31","modified_gmt":"2025-12-18T14:43:31","slug":"maria-costanza-bianco-2023-sicily-d-o-p-milazzo","status":"publish","type":"product","link":"https:\/\/reliquo.com\/fr\/maria-costanza-bianco-2023-sicilia-d-o-p-milazzo\/","title":{"rendered":"Maria Costanza Bianco Sicilia D.O.P. - Milazzo"},"content":{"rendered":"<p>\u00c9labor\u00e9 par la cave Milazzo, une entreprise de production situ\u00e9e \u00e0 Campobello di Licata, dans la province d'Agrigente. Il s'agit d'un assemblage \u00e0 base de Chardonnay et d'Inzolia, dans lequel les fruits tropicaux sont la cl\u00e9 qui accompagne le nez et le palais dans une exp\u00e9rience gustative rafra\u00eechissante et tr\u00e8s satisfaisante. Le m\u00e9rite revient \u00e9galement \u00e0 l'approche productive de la cave qui, d\u00e8s le d\u00e9but de son activit\u00e9, s'est consacr\u00e9e de mani\u00e8re obsessionnelle \u00e0 la recherche de la qualit\u00e9, en \u00e9tablissant un parcours de gestion biologique des vignobles et de r\u00e9duction progressive de l'impact sur l'environnement. Ce vin blanc \"Maria Costanza\" est produit par la cave Milazzo \u00e0 partir d'un assemblage d'un grand c\u00e9page autochtone, l'Inzolia, et d'un c\u00e9page international qui trouve en Sicile des sommets qualitatifs int\u00e9ressants, le Chardonnay. Les vignes des deux vari\u00e9t\u00e9s sont cultiv\u00e9es selon le syst\u00e8me guyot et plongent leurs racines dans un sous-sol compos\u00e9 principalement de marnes riches en calcaire. Les raisins, une fois r\u00e9colt\u00e9s \u00e0 la main, sont press\u00e9s doucement et ferment\u00e9s alcooliquement en acier et, pour une petite partie de la masse totale du vin \u00e9quivalente \u00e0 10%, en barriques. Le vin blanc \"Maria Costanza\" se pr\u00e9sente \u00e0 l'\u0153il avec une couleur jaune paille, travers\u00e9e par de l\u00e9gers \u00e9clats de reflets verd\u00e2tres. Le nez est caract\u00e9ris\u00e9 par des ar\u00f4mes complexes et stratifi\u00e9s, o\u00f9 les premi\u00e8res notes de fruits tropicaux c\u00e8dent la place \u00e0 des sensations florales et balsamiques. En bouche, il est cors\u00e9, ample et ample, avec une gorg\u00e9e intense caract\u00e9ris\u00e9e par une saveur fruit\u00e9e et une veine agr\u00e9ablement fra\u00eeche. L'une des \u00e9tiquettes les plus repr\u00e9sentatives de toute la gamme produite par la cave Milazzo, id\u00e9ale pour un d\u00eener romantique en compagnie de votre partenaire.<\/p>","protected":false},"excerpt":{"rendered":"<p>Realizzato dalla cantina Milazzo, realt\u00e0 produttiva situata a Campobello di Licata, in provincia di Agrigento. Si tratta di un blend [&hellip;]<\/p>\n","protected":false},"featured_media":318,"template":"","meta":{"site-sidebar-layout":"","site-content-layout":"","ast-site-content-layout":"","site-content-style":"","site-sidebar-style":"","ast-global-header-display":"","ast-banner-title-visibility":"","ast-main-header-display":"","ast-hfb-above-header-display":"","ast-hfb-below-header-display":"","ast-hfb-mobile-header-display":"","site-post-title":"","ast-breadcrumbs-content":"","ast-featured-img":"","footer-sml-layout":"","ast-disable-related-posts":"","theme-transparent-header-meta":"","adv-header-id-meta":"","stick-header-meta":"","header-above-stick-meta":"","header-main-stick-meta":"","header-below-stick-meta":"","astra-migrate-meta-layouts":"","ast-page-background-enabled":"default","ast-page-background-meta":{"desktop":{"background-color":"var(--ast-global-color-4)","background-image":"","background-repeat":"repeat","background-position":"center center","background-size":"auto","background-attachment":"scroll","background-type":"","background-media":"","overlay-type":"","overlay-color":"","overlay-opacity":"","overlay-gradient":""},"tablet":{"background-color":"","background-image":"","background-repeat":"repeat","background-position":"center center","background-size":"auto","background-attachment":"scroll","background-type":"","background-media":"","overlay-type":"","overlay-color":"","overlay-opacity":"","overlay-gradient":""},"mobile":{"background-color":"","background-image":"","background-repeat":"repeat","background-position":"center center","background-size":"auto","background-attachment":"scroll","background-type":"","background-media":"","overlay-type":"","overlay-color":"","overlay-opacity":"","overlay-gradient":""}},"ast-content-background-meta":{"desktop":{"background-color":"var(--ast-global-color-5)","background-image":"","background-repeat":"repeat","background-position":"center center","background-size":"auto","background-attachment":"scroll","background-type":"","background-media":"","overlay-type":"","overlay-color":"","overlay-opacity":"","overlay-gradient":""},"tablet":{"background-color":"var(--ast-global-color-5)","background-image":"","background-repeat":"repeat","background-position":"center center","background-size":"auto","background-attachment":"scroll","background-type":"","background-media":"","overlay-type":"","overlay-color":"","overlay-opacity":"","overlay-gradient":""},"mobile":{"background-color":"var(--ast-global-color-5)","background-image":"","background-repeat":"repeat","background-position":"center center","background-size":"auto","background-attachment":"scroll","background-type":"","background-media":"","overlay-type":"","overlay-color":"","overlay-opacity":"","overlay-gradient":""}}},"pwb-brand":[678],"product_brand":[],"product_cat":[298],"product_tag":[443,520,521,442],"class_list":{"0":"post-792","1":"product","2":"type-product","3":"status-publish","4":"has-post-thumbnail","6":"pwb-brand-azienda-agricola-milazzo","7":"product_cat-bianchi","8":"product_tag-bianco","9":"product_tag-maria-costanza","10":"product_tag-milazzo","11":"product_tag-vino","12":"desktop-align-center","13":"tablet-align-center","14":"mobile-align-center","15":"ast-product-gallery-layout-horizontal-slider","16":"ast-product-gallery-with-no-image","17":"ast-magnify-disabled","18":"ast-product-tabs-layout-horizontal","19":"ast-qv-on-image","21":"first","22":"instock","23":"shipping-taxable","24":"purchasable","25":"product-type-simple"},"yoast_head":"<!-- This site is optimized with the Yoast SEO plugin v27.4 - https:\/\/yoast.com\/product\/yoast-seo-wordpress\/ -->\n<title>Maria Costanza Bianco Sicilia D.O.P - Milazzo | Acquista Online su Reliquo<\/title>\n<meta name=\"description\" content=\"Scopri Maria Costanza Bianco Sicilia D.O.P - Milazzo su Reliquo: qualit\u00e0 garantita, spedizioni rapide e prezzi competitivi. Ordina ora e approfitta delle nostre offerte esclusive.\" \/>\n<meta name=\"robots\" content=\"index, follow, max-snippet:-1, max-image-preview:large, max-video-preview:-1\" \/>\n<link rel=\"canonical\" href=\"http:\/\/reliquo.com\/fr\/maria-costanza-bianco-2023-sicily-d-o-p-milazzo\/\" \/>\n<meta property=\"og:locale\" content=\"fr_FR\" \/>\n<meta property=\"og:type\" content=\"article\" \/>\n<meta property=\"og:title\" content=\"Maria Costanza Bianco Sicilia D.O.P - Milazzo | Acquista Online su Reliquo\" \/>\n<meta property=\"og:description\" content=\"Scopri Maria Costanza Bianco Sicilia D.O.P - Milazzo su Reliquo: qualit\u00e0 garantita, spedizioni rapide e prezzi competitivi. Ordina ora e approfitta delle nostre offerte esclusive.\" \/>\n<meta property=\"og:url\" content=\"http:\/\/reliquo.com\/fr\/maria-costanza-bianco-2023-sicily-d-o-p-milazzo\/\" \/>\n<meta property=\"og:site_name\" content=\"Reliquo\" \/>\n<meta property=\"article:modified_time\" content=\"2025-12-18T14:43:31+00:00\" \/>\n<meta property=\"og:image\" content=\"https:\/\/reliquo.com\/wp-content\/uploads\/2024\/12\/Milazzo-Maria-Costanza.png\" \/>\n\t<meta property=\"og:image:width\" content=\"3024\" \/>\n\t<meta property=\"og:image:height\" content=\"3024\" \/>\n\t<meta property=\"og:image:type\" content=\"image\/png\" \/>\n<meta name=\"twitter:card\" content=\"summary_large_image\" \/>\n<meta name=\"twitter:label1\" content=\"Dur\u00e9e de lecture estim\u00e9e\" \/>\n\t<meta name=\"twitter:data1\" content=\"2 minutes\" \/>\n<script type=\"application\/ld+json\" class=\"yoast-schema-graph\">{\"@context\":\"https:\\\/\\\/schema.org\",\"@graph\":[{\"@type\":\"WebPage\",\"@id\":\"http:\\\/\\\/reliquo.com\\\/it\\\/maria-costanza-bianco-2023-sicilia-d-o-p-milazzo\\\/\",\"url\":\"http:\\\/\\\/reliquo.com\\\/it\\\/maria-costanza-bianco-2023-sicilia-d-o-p-milazzo\\\/\",\"name\":\"Maria Costanza Bianco Sicilia D.O.P - Milazzo | Acquista Online su Reliquo\",\"isPartOf\":{\"@id\":\"https:\\\/\\\/reliquo.com\\\/es\\\/#website\"},\"primaryImageOfPage\":{\"@id\":\"http:\\\/\\\/reliquo.com\\\/it\\\/maria-costanza-bianco-2023-sicilia-d-o-p-milazzo\\\/#primaryimage\"},\"image\":{\"@id\":\"http:\\\/\\\/reliquo.com\\\/it\\\/maria-costanza-bianco-2023-sicilia-d-o-p-milazzo\\\/#primaryimage\"},\"thumbnailUrl\":\"https:\\\/\\\/reliquo.com\\\/wp-content\\\/uploads\\\/2024\\\/12\\\/Milazzo-Maria-Costanza.png\",\"datePublished\":\"2024-12-17T14:19:12+00:00\",\"dateModified\":\"2025-12-18T14:43:31+00:00\",\"description\":\"Scopri Maria Costanza Bianco Sicilia D.O.P - Milazzo su Reliquo: qualit\u00e0 garantita, spedizioni rapide e prezzi competitivi. Ordina ora e approfitta delle nostre offerte esclusive.\",\"breadcrumb\":{\"@id\":\"http:\\\/\\\/reliquo.com\\\/it\\\/maria-costanza-bianco-2023-sicilia-d-o-p-milazzo\\\/#breadcrumb\"},\"inLanguage\":\"fr-FR\",\"potentialAction\":[{\"@type\":\"ReadAction\",\"target\":[\"http:\\\/\\\/reliquo.com\\\/it\\\/maria-costanza-bianco-2023-sicilia-d-o-p-milazzo\\\/\"]}]},{\"@type\":\"ImageObject\",\"inLanguage\":\"fr-FR\",\"@id\":\"http:\\\/\\\/reliquo.com\\\/it\\\/maria-costanza-bianco-2023-sicilia-d-o-p-milazzo\\\/#primaryimage\",\"url\":\"https:\\\/\\\/reliquo.com\\\/wp-content\\\/uploads\\\/2024\\\/12\\\/Milazzo-Maria-Costanza.png\",\"contentUrl\":\"https:\\\/\\\/reliquo.com\\\/wp-content\\\/uploads\\\/2024\\\/12\\\/Milazzo-Maria-Costanza.png\",\"width\":3024,\"height\":3024,\"caption\":\"Maria Costanza Bianco Sicilia D.O.P \u2013 Milazzo\"},{\"@type\":\"BreadcrumbList\",\"@id\":\"http:\\\/\\\/reliquo.com\\\/it\\\/maria-costanza-bianco-2023-sicilia-d-o-p-milazzo\\\/#breadcrumb\",\"itemListElement\":[{\"@type\":\"ListItem\",\"position\":1,\"name\":\"Home\",\"item\":\"http:\\\/\\\/reliquo.com\\\/it\\\/\"},{\"@type\":\"ListItem\",\"position\":2,\"name\":\"Shop\",\"item\":\"http:\\\/\\\/reliquo.com\\\/it\\\/shop\\\/\"},{\"@type\":\"ListItem\",\"position\":3,\"name\":\"Maria Costanza Bianco Sicilia D.O.P &#8211; Milazzo\"}]},{\"@type\":\"WebSite\",\"@id\":\"https:\\\/\\\/reliquo.com\\\/es\\\/#website\",\"url\":\"https:\\\/\\\/reliquo.com\\\/es\\\/\",\"name\":\"Reliquo\",\"description\":\"La tua enoteca online: scopri vini, liquori e distillati d\u2019eccellenza.\",\"publisher\":{\"@id\":\"https:\\\/\\\/reliquo.com\\\/es\\\/#organization\"},\"potentialAction\":[{\"@type\":\"SearchAction\",\"target\":{\"@type\":\"EntryPoint\",\"urlTemplate\":\"https:\\\/\\\/reliquo.com\\\/es\\\/?s={search_term_string}\"},\"query-input\":{\"@type\":\"PropertyValueSpecification\",\"valueRequired\":true,\"valueName\":\"search_term_string\"}}],\"inLanguage\":\"fr-FR\"},{\"@type\":\"Organization\",\"@id\":\"https:\\\/\\\/reliquo.com\\\/es\\\/#organization\",\"name\":\"Reliquo\",\"url\":\"https:\\\/\\\/reliquo.com\\\/es\\\/\",\"logo\":{\"@type\":\"ImageObject\",\"inLanguage\":\"fr-FR\",\"@id\":\"https:\\\/\\\/reliquo.com\\\/es\\\/#\\\/schema\\\/logo\\\/image\\\/\",\"url\":\"https:\\\/\\\/reliquo.com\\\/wp-content\\\/uploads\\\/2024\\\/12\\\/cropped-favicon-1.png\",\"contentUrl\":\"https:\\\/\\\/reliquo.com\\\/wp-content\\\/uploads\\\/2024\\\/12\\\/cropped-favicon-1.png\",\"width\":512,\"height\":512,\"caption\":\"Reliquo\"},\"image\":{\"@id\":\"https:\\\/\\\/reliquo.com\\\/es\\\/#\\\/schema\\\/logo\\\/image\\\/\"}}]}<\/script>\n<!-- \/ Yoast SEO plugin. -->","yoast_head_json":{"title":"Maria Costanza Bianco Sicilia D.O.P - Milazzo | Acheter en ligne chez Reliquo","description":"D\u00e9couvrez Maria Costanza Bianco Sicilia D.O.P - Milazzo sur Reliquo : qualit\u00e9 garantie, livraison rapide et prix comp\u00e9titifs. Commandez maintenant et profitez de nos offres exclusives.","robots":{"index":"index","follow":"follow","max-snippet":"max-snippet:-1","max-image-preview":"max-image-preview:large","max-video-preview":"max-video-preview:-1"},"canonical":"http:\/\/reliquo.com\/fr\/maria-costanza-bianco-2023-sicily-d-o-p-milazzo\/","og_locale":"fr_FR","og_type":"article","og_title":"Maria Costanza Bianco Sicilia D.O.P - Milazzo | Acquista Online su Reliquo","og_description":"Scopri Maria Costanza Bianco Sicilia D.O.P - Milazzo su Reliquo: qualit\u00e0 garantita, spedizioni rapide e prezzi competitivi. Ordina ora e approfitta delle nostre offerte esclusive.","og_url":"http:\/\/reliquo.com\/fr\/maria-costanza-bianco-2023-sicily-d-o-p-milazzo\/","og_site_name":"Reliquo","article_modified_time":"2025-12-18T14:43:31+00:00","og_image":[{"width":3024,"height":3024,"url":"https:\/\/reliquo.com\/wp-content\/uploads\/2024\/12\/Milazzo-Maria-Costanza.png","type":"image\/png"}],"twitter_card":"summary_large_image","twitter_misc":{"Dur\u00e9e de lecture estim\u00e9e":"2 minutes"},"schema":{"@context":"https:\/\/schema.org","@graph":[{"@type":"WebPage","@id":"http:\/\/reliquo.com\/it\/maria-costanza-bianco-2023-sicilia-d-o-p-milazzo\/","url":"http:\/\/reliquo.com\/it\/maria-costanza-bianco-2023-sicilia-d-o-p-milazzo\/","name":"Maria Costanza Bianco Sicilia D.O.P - Milazzo | Acheter en ligne chez Reliquo","isPartOf":{"@id":"https:\/\/reliquo.com\/es\/#website"},"primaryImageOfPage":{"@id":"http:\/\/reliquo.com\/it\/maria-costanza-bianco-2023-sicilia-d-o-p-milazzo\/#primaryimage"},"image":{"@id":"http:\/\/reliquo.com\/it\/maria-costanza-bianco-2023-sicilia-d-o-p-milazzo\/#primaryimage"},"thumbnailUrl":"https:\/\/reliquo.com\/wp-content\/uploads\/2024\/12\/Milazzo-Maria-Costanza.png","datePublished":"2024-12-17T14:19:12+00:00","dateModified":"2025-12-18T14:43:31+00:00","description":"D\u00e9couvrez Maria Costanza Bianco Sicilia D.O.P - Milazzo sur Reliquo : qualit\u00e9 garantie, livraison rapide et prix comp\u00e9titifs. Commandez maintenant et profitez de nos offres exclusives.","breadcrumb":{"@id":"http:\/\/reliquo.com\/it\/maria-costanza-bianco-2023-sicilia-d-o-p-milazzo\/#breadcrumb"},"inLanguage":"fr-FR","potentialAction":[{"@type":"ReadAction","target":["http:\/\/reliquo.com\/it\/maria-costanza-bianco-2023-sicilia-d-o-p-milazzo\/"]}]},{"@type":"ImageObject","inLanguage":"fr-FR","@id":"http:\/\/reliquo.com\/it\/maria-costanza-bianco-2023-sicilia-d-o-p-milazzo\/#primaryimage","url":"https:\/\/reliquo.com\/wp-content\/uploads\/2024\/12\/Milazzo-Maria-Costanza.png","contentUrl":"https:\/\/reliquo.com\/wp-content\/uploads\/2024\/12\/Milazzo-Maria-Costanza.png","width":3024,"height":3024,"caption":"Maria Costanza Bianco Sicilia D.O.P \u2013 Milazzo"},{"@type":"BreadcrumbList","@id":"http:\/\/reliquo.com\/it\/maria-costanza-bianco-2023-sicilia-d-o-p-milazzo\/#breadcrumb","itemListElement":[{"@type":"ListItem","position":1,"name":"Home","item":"http:\/\/reliquo.com\/it\/"},{"@type":"ListItem","position":2,"name":"Shop","item":"http:\/\/reliquo.com\/it\/shop\/"},{"@type":"ListItem","position":3,"name":"Maria Costanza Bianco Sicilia D.O.P &#8211; Milazzo"}]},{"@type":"WebSite","@id":"https:\/\/reliquo.com\/es\/#website","url":"https:\/\/reliquo.com\/es\/","name":"Reliquo","description":"Votre magasin de vin en ligne : d\u00e9couvrez d'excellents vins, spiritueux et liqueurs.","publisher":{"@id":"https:\/\/reliquo.com\/es\/#organization"},"potentialAction":[{"@type":"SearchAction","target":{"@type":"EntryPoint","urlTemplate":"https:\/\/reliquo.com\/es\/?s={search_term_string}"},"query-input":{"@type":"PropertyValueSpecification","valueRequired":true,"valueName":"search_term_string"}}],"inLanguage":"fr-FR"},{"@type":"Organization","@id":"https:\/\/reliquo.com\/es\/#organization","name":"Reliquo","url":"https:\/\/reliquo.com\/es\/","logo":{"@type":"ImageObject","inLanguage":"fr-FR","@id":"https:\/\/reliquo.com\/es\/#\/schema\/logo\/image\/","url":"https:\/\/reliquo.com\/wp-content\/uploads\/2024\/12\/cropped-favicon-1.png","contentUrl":"https:\/\/reliquo.com\/wp-content\/uploads\/2024\/12\/cropped-favicon-1.png","width":512,"height":512,"caption":"Reliquo"},"image":{"@id":"https:\/\/reliquo.com\/es\/#\/schema\/logo\/image\/"}}]}},"jetpack_sharing_enabled":true,"brands":[{"id":678,"name":"Ferme Milazzo","slug":"azienda-agricola-milazzo"}],"_links":{"self":[{"href":"https:\/\/reliquo.com\/fr\/wp-json\/wp\/v2\/product\/792","targetHints":{"allow":["GET"]}}],"collection":[{"href":"https:\/\/reliquo.com\/fr\/wp-json\/wp\/v2\/product"}],"about":[{"href":"https:\/\/reliquo.com\/fr\/wp-json\/wp\/v2\/types\/product"}],"wp:featuredmedia":[{"embeddable":true,"href":"https:\/\/reliquo.com\/fr\/wp-json\/wp\/v2\/media\/318"}],"wp:attachment":[{"href":"https:\/\/reliquo.com\/fr\/wp-json\/wp\/v2\/media?parent=792"}],"wp:term":[{"taxonomy":"pwb-brand","embeddable":true,"href":"https:\/\/reliquo.com\/fr\/wp-json\/wp\/v2\/pwb-brand?post=792"},{"taxonomy":"product_brand","embeddable":true,"href":"https:\/\/reliquo.com\/fr\/wp-json\/wp\/v2\/product_brand?post=792"},{"taxonomy":"product_cat","embeddable":true,"href":"https:\/\/reliquo.com\/fr\/wp-json\/wp\/v2\/product_cat?post=792"},{"taxonomy":"product_tag","embeddable":true,"href":"https:\/\/reliquo.com\/fr\/wp-json\/wp\/v2\/product_tag?post=792"}],"curies":[{"name":"wp","href":"https:\/\/api.w.org\/{rel}","templated":true}]}}