{"id":786,"date":"2024-12-17T15:19:09","date_gmt":"2024-12-17T14:19:09","guid":{"rendered":"https:\/\/reliquo.com\/?post_type=product&#038;p=786"},"modified":"2026-04-20T10:45:36","modified_gmt":"2026-04-20T08:45:36","slug":"etta-focu-syrah-perricone-cantine-paolini","status":"publish","type":"product","link":"https:\/\/reliquo.com\/fr\/etta-focu-syrah-perricone-cantine-paolini\/","title":{"rendered":"Etta Focu Syrah Perricone - Cantine Paolini"},"content":{"rendered":"<p>L'Annuario dei Migliori vini italiani 2023 (Annuaire des meilleurs vins italiens 2023) du c\u00e9l\u00e8bre critique gastronomique Luca Maroni, qui rassemble le meilleur de la production nationale, reconna\u00eet une excellence du territoire sicilien : le nouveau vin \"Etta Focu\" de la Cantine Paolini de Marsala.Il s'agit d'un assemblage de Syrah et de Perricone qui se distingue par sa personnalit\u00e9 chaleureuse et enveloppante, parfaite pour accompagner des plats cors\u00e9s comme les viandes brais\u00e9es, et qui a obtenu 98 points sur 99 dans l'analyse de Luca Maroni.Pour se voir attribuer une note aussi \u00e9lev\u00e9e par l'expert, Etta Focu a \u00e9t\u00e9 convaincant dans trois cat\u00e9gories aux yeux de Luca Maroni : la coh\u00e9rence, l'\u00e9quilibre et l'int\u00e9grit\u00e9. La consistance est l'ensemble des composants du vin, \u00e0 l'exception de l'eau, de l'alcool et des substances volatiles. Une consistance \u00e9lev\u00e9e se traduit par un vin riche en couleur, en ar\u00f4me et en saveur, qui se caract\u00e9rise par une densit\u00e9 importante. L'\u00e9quilibre d'un vin est important car il garantit que le go\u00fbt n'est pas trop acide, trop m\u00fbr ou trop amer. Un vin bien \u00e9quilibr\u00e9 est plus harmonieux et plus agr\u00e9able \u00e0 d\u00e9guster. L'int\u00e9grit\u00e9 concerne la puret\u00e9 et la fra\u00eecheur du vin. Cela signifie qu'il ne doit pas y avoir d'ar\u00f4mes anormaux li\u00e9s aux c\u00e9pages ou au processus de vinification, et que le vin ne doit pas pr\u00e9senter de d\u00e9fauts. En g\u00e9n\u00e9ral, plus un vin est produit rapidement et avec pr\u00e9cision, plus son int\u00e9grit\u00e9 est \u00e9lev\u00e9e.<\/p>","protected":false},"excerpt":{"rendered":"<p>L\u2019Annuario dei Migliori vini italiani 2023 del noto critico enogastronomico Luca Maroni, che riunisce il meglio della produzione nazionale, riconosce [&hellip;]<\/p>\n","protected":false},"featured_media":357,"template":"","meta":{"site-sidebar-layout":"","site-content-layout":"","ast-site-content-layout":"","site-content-style":"","site-sidebar-style":"","ast-global-header-display":"","ast-banner-title-visibility":"","ast-main-header-display":"","ast-hfb-above-header-display":"","ast-hfb-below-header-display":"","ast-hfb-mobile-header-display":"","site-post-title":"","ast-breadcrumbs-content":"","ast-featured-img":"","footer-sml-layout":"","ast-disable-related-posts":"","theme-transparent-header-meta":"","adv-header-id-meta":"","stick-header-meta":"","header-above-stick-meta":"","header-main-stick-meta":"","header-below-stick-meta":"","astra-migrate-meta-layouts":"","ast-page-background-enabled":"default","ast-page-background-meta":{"desktop":{"background-color":"var(--ast-global-color-4)","background-image":"","background-repeat":"repeat","background-position":"center center","background-size":"auto","background-attachment":"scroll","background-type":"","background-media":"","overlay-type":"","overlay-color":"","overlay-opacity":"","overlay-gradient":""},"tablet":{"background-color":"","background-image":"","background-repeat":"repeat","background-position":"center center","background-size":"auto","background-attachment":"scroll","background-type":"","background-media":"","overlay-type":"","overlay-color":"","overlay-opacity":"","overlay-gradient":""},"mobile":{"background-color":"","background-image":"","background-repeat":"repeat","background-position":"center center","background-size":"auto","background-attachment":"scroll","background-type":"","background-media":"","overlay-type":"","overlay-color":"","overlay-opacity":"","overlay-gradient":""}},"ast-content-background-meta":{"desktop":{"background-color":"var(--ast-global-color-5)","background-image":"","background-repeat":"repeat","background-position":"center center","background-size":"auto","background-attachment":"scroll","background-type":"","background-media":"","overlay-type":"","overlay-color":"","overlay-opacity":"","overlay-gradient":""},"tablet":{"background-color":"var(--ast-global-color-5)","background-image":"","background-repeat":"repeat","background-position":"center center","background-size":"auto","background-attachment":"scroll","background-type":"","background-media":"","overlay-type":"","overlay-color":"","overlay-opacity":"","overlay-gradient":""},"mobile":{"background-color":"var(--ast-global-color-5)","background-image":"","background-repeat":"repeat","background-position":"center center","background-size":"auto","background-attachment":"scroll","background-type":"","background-media":"","overlay-type":"","overlay-color":"","overlay-opacity":"","overlay-gradient":""}}},"pwb-brand":[691],"product_brand":[],"product_cat":[299],"product_tag":[514,425,451,448,452,442],"class_list":{"0":"post-786","1":"product","2":"type-product","3":"status-publish","4":"has-post-thumbnail","6":"pwb-brand-cantine-paolini","7":"product_cat-rossi","8":"product_tag-etta-focu","9":"product_tag-paolini","10":"product_tag-perricone","11":"product_tag-rosso","12":"product_tag-syrah","13":"product_tag-vino","14":"desktop-align-center","15":"tablet-align-center","16":"mobile-align-center","17":"ast-product-gallery-layout-horizontal-slider","18":"ast-product-gallery-with-no-image","19":"ast-magnify-disabled","20":"ast-product-tabs-layout-horizontal","21":"ast-qv-on-image","23":"first","24":"instock","25":"shipping-taxable","26":"purchasable","27":"product-type-simple"},"yoast_head":"<!-- This site is optimized with the Yoast SEO plugin v27.2 - https:\/\/yoast.com\/product\/yoast-seo-wordpress\/ -->\n<title>Etta Focu Syrah Perricone - Cantine Paolini | Acquista Online su Reliquo<\/title>\n<meta name=\"description\" content=\"Scopri Etta Focu Syrah Perricone - Cantine Paolini su Reliquo: qualit\u00e0 garantita, spedizioni rapide e prezzi competitivi. Ordina ora e approfitta delle nostre offerte esclusive.\" \/>\n<meta name=\"robots\" content=\"index, follow, max-snippet:-1, max-image-preview:large, max-video-preview:-1\" \/>\n<link rel=\"canonical\" href=\"https:\/\/reliquo.com\/fr\/etta-focu-syrah-perricone-cantine-paolini\/\" \/>\n<meta property=\"og:locale\" content=\"fr_FR\" \/>\n<meta property=\"og:type\" content=\"article\" \/>\n<meta property=\"og:title\" content=\"Etta Focu Syrah Perricone - Cantine Paolini | Acquista Online su Reliquo\" \/>\n<meta property=\"og:description\" content=\"Scopri Etta Focu Syrah Perricone - Cantine Paolini su Reliquo: qualit\u00e0 garantita, spedizioni rapide e prezzi competitivi. Ordina ora e approfitta delle nostre offerte esclusive.\" \/>\n<meta property=\"og:url\" content=\"https:\/\/reliquo.com\/fr\/etta-focu-syrah-perricone-cantine-paolini\/\" \/>\n<meta property=\"og:site_name\" content=\"Reliquo\" \/>\n<meta property=\"article:modified_time\" content=\"2026-04-20T08:45:36+00:00\" \/>\n<meta property=\"og:image\" content=\"https:\/\/reliquo.com\/wp-content\/uploads\/2024\/12\/Etta-Focu-Rosso-Paolini.png\" \/>\n\t<meta property=\"og:image:width\" content=\"2500\" \/>\n\t<meta property=\"og:image:height\" content=\"2500\" \/>\n\t<meta property=\"og:image:type\" content=\"image\/png\" \/>\n<meta name=\"twitter:card\" content=\"summary_large_image\" \/>\n<meta name=\"twitter:label1\" content=\"Dur\u00e9e de lecture estim\u00e9e\" \/>\n\t<meta name=\"twitter:data1\" content=\"1 minute\" \/>\n<script type=\"application\/ld+json\" class=\"yoast-schema-graph\">{\"@context\":\"https:\/\/schema.org\",\"@graph\":[{\"@type\":\"WebPage\",\"@id\":\"https:\/\/reliquo.com\/etta-focu-syrah-perricone-cantine-paolini\/\",\"url\":\"https:\/\/reliquo.com\/etta-focu-syrah-perricone-cantine-paolini\/\",\"name\":\"Etta Focu Syrah Perricone - Cantine Paolini | Acquista Online su Reliquo\",\"isPartOf\":{\"@id\":\"https:\/\/reliquo.com\/es\/#website\"},\"primaryImageOfPage\":{\"@id\":\"https:\/\/reliquo.com\/etta-focu-syrah-perricone-cantine-paolini\/#primaryimage\"},\"image\":{\"@id\":\"https:\/\/reliquo.com\/etta-focu-syrah-perricone-cantine-paolini\/#primaryimage\"},\"thumbnailUrl\":\"https:\/\/reliquo.com\/wp-content\/uploads\/2024\/12\/Etta-Focu-Rosso-Paolini.png\",\"datePublished\":\"2024-12-17T14:19:09+00:00\",\"dateModified\":\"2026-04-20T08:45:36+00:00\",\"description\":\"Scopri Etta Focu Syrah Perricone - Cantine Paolini su Reliquo: qualit\u00e0 garantita, spedizioni rapide e prezzi competitivi. Ordina ora e approfitta delle nostre offerte esclusive.\",\"breadcrumb\":{\"@id\":\"https:\/\/reliquo.com\/etta-focu-syrah-perricone-cantine-paolini\/#breadcrumb\"},\"inLanguage\":\"fr-FR\",\"potentialAction\":[{\"@type\":\"ReadAction\",\"target\":[\"https:\/\/reliquo.com\/etta-focu-syrah-perricone-cantine-paolini\/\"]}]},{\"@type\":\"ImageObject\",\"inLanguage\":\"fr-FR\",\"@id\":\"https:\/\/reliquo.com\/etta-focu-syrah-perricone-cantine-paolini\/#primaryimage\",\"url\":\"https:\/\/reliquo.com\/wp-content\/uploads\/2024\/12\/Etta-Focu-Rosso-Paolini.png\",\"contentUrl\":\"https:\/\/reliquo.com\/wp-content\/uploads\/2024\/12\/Etta-Focu-Rosso-Paolini.png\",\"width\":2500,\"height\":2500,\"caption\":\"Etta Focu Syrah Perricone \u2013 Cantine Paolini\"},{\"@type\":\"BreadcrumbList\",\"@id\":\"https:\/\/reliquo.com\/etta-focu-syrah-perricone-cantine-paolini\/#breadcrumb\",\"itemListElement\":[{\"@type\":\"ListItem\",\"position\":1,\"name\":\"Home\",\"item\":\"http:\/\/reliquo.com\/it\/\"},{\"@type\":\"ListItem\",\"position\":2,\"name\":\"Shop\",\"item\":\"http:\/\/reliquo.com\/it\/shop\/\"},{\"@type\":\"ListItem\",\"position\":3,\"name\":\"Etta Focu Syrah Perricone &#8211; Cantine Paolini\"}]},{\"@type\":\"WebSite\",\"@id\":\"https:\/\/reliquo.com\/es\/#website\",\"url\":\"https:\/\/reliquo.com\/es\/\",\"name\":\"Reliquo\",\"description\":\"La tua enoteca online: scopri vini, liquori e distillati d\u2019eccellenza.\",\"publisher\":{\"@id\":\"https:\/\/reliquo.com\/es\/#organization\"},\"potentialAction\":[{\"@type\":\"SearchAction\",\"target\":{\"@type\":\"EntryPoint\",\"urlTemplate\":\"https:\/\/reliquo.com\/es\/?s={search_term_string}\"},\"query-input\":{\"@type\":\"PropertyValueSpecification\",\"valueRequired\":true,\"valueName\":\"search_term_string\"}}],\"inLanguage\":\"fr-FR\"},{\"@type\":\"Organization\",\"@id\":\"https:\/\/reliquo.com\/es\/#organization\",\"name\":\"Reliquo\",\"url\":\"https:\/\/reliquo.com\/es\/\",\"logo\":{\"@type\":\"ImageObject\",\"inLanguage\":\"fr-FR\",\"@id\":\"https:\/\/reliquo.com\/es\/#\/schema\/logo\/image\/\",\"url\":\"https:\/\/reliquo.com\/wp-content\/uploads\/2024\/12\/cropped-favicon-1.png\",\"contentUrl\":\"https:\/\/reliquo.com\/wp-content\/uploads\/2024\/12\/cropped-favicon-1.png\",\"width\":512,\"height\":512,\"caption\":\"Reliquo\"},\"image\":{\"@id\":\"https:\/\/reliquo.com\/es\/#\/schema\/logo\/image\/\"}}]}<\/script>\n<!-- \/ Yoast SEO plugin. -->","yoast_head_json":{"title":"Etta Focu Syrah Perricone - Cantine Paolini | Acheter en ligne sur Reliquo","description":"D\u00e9couvrez Etta Focu Syrah Perricone - Cantine Paolini chez Reliquo : qualit\u00e9 garantie, livraison rapide et prix comp\u00e9titifs. Commandez maintenant et profitez de nos offres exclusives.","robots":{"index":"index","follow":"follow","max-snippet":"max-snippet:-1","max-image-preview":"max-image-preview:large","max-video-preview":"max-video-preview:-1"},"canonical":"https:\/\/reliquo.com\/fr\/etta-focu-syrah-perricone-cantine-paolini\/","og_locale":"fr_FR","og_type":"article","og_title":"Etta Focu Syrah Perricone - Cantine Paolini | Acquista Online su Reliquo","og_description":"Scopri Etta Focu Syrah Perricone - Cantine Paolini su Reliquo: qualit\u00e0 garantita, spedizioni rapide e prezzi competitivi. Ordina ora e approfitta delle nostre offerte esclusive.","og_url":"https:\/\/reliquo.com\/fr\/etta-focu-syrah-perricone-cantine-paolini\/","og_site_name":"Reliquo","article_modified_time":"2026-04-20T08:45:36+00:00","og_image":[{"width":2500,"height":2500,"url":"https:\/\/reliquo.com\/wp-content\/uploads\/2024\/12\/Etta-Focu-Rosso-Paolini.png","type":"image\/png"}],"twitter_card":"summary_large_image","twitter_misc":{"Dur\u00e9e de lecture estim\u00e9e":"1 minute"},"schema":{"@context":"https:\/\/schema.org","@graph":[{"@type":"WebPage","@id":"https:\/\/reliquo.com\/etta-focu-syrah-perricone-cantine-paolini\/","url":"https:\/\/reliquo.com\/etta-focu-syrah-perricone-cantine-paolini\/","name":"Etta Focu Syrah Perricone - Cantine Paolini | Acheter en ligne sur Reliquo","isPartOf":{"@id":"https:\/\/reliquo.com\/es\/#website"},"primaryImageOfPage":{"@id":"https:\/\/reliquo.com\/etta-focu-syrah-perricone-cantine-paolini\/#primaryimage"},"image":{"@id":"https:\/\/reliquo.com\/etta-focu-syrah-perricone-cantine-paolini\/#primaryimage"},"thumbnailUrl":"https:\/\/reliquo.com\/wp-content\/uploads\/2024\/12\/Etta-Focu-Rosso-Paolini.png","datePublished":"2024-12-17T14:19:09+00:00","dateModified":"2026-04-20T08:45:36+00:00","description":"D\u00e9couvrez Etta Focu Syrah Perricone - Cantine Paolini chez Reliquo : qualit\u00e9 garantie, livraison rapide et prix comp\u00e9titifs. Commandez maintenant et profitez de nos offres exclusives.","breadcrumb":{"@id":"https:\/\/reliquo.com\/etta-focu-syrah-perricone-cantine-paolini\/#breadcrumb"},"inLanguage":"fr-FR","potentialAction":[{"@type":"ReadAction","target":["https:\/\/reliquo.com\/etta-focu-syrah-perricone-cantine-paolini\/"]}]},{"@type":"ImageObject","inLanguage":"fr-FR","@id":"https:\/\/reliquo.com\/etta-focu-syrah-perricone-cantine-paolini\/#primaryimage","url":"https:\/\/reliquo.com\/wp-content\/uploads\/2024\/12\/Etta-Focu-Rosso-Paolini.png","contentUrl":"https:\/\/reliquo.com\/wp-content\/uploads\/2024\/12\/Etta-Focu-Rosso-Paolini.png","width":2500,"height":2500,"caption":"Etta Focu Syrah Perricone \u2013 Cantine Paolini"},{"@type":"BreadcrumbList","@id":"https:\/\/reliquo.com\/etta-focu-syrah-perricone-cantine-paolini\/#breadcrumb","itemListElement":[{"@type":"ListItem","position":1,"name":"Home","item":"http:\/\/reliquo.com\/it\/"},{"@type":"ListItem","position":2,"name":"Shop","item":"http:\/\/reliquo.com\/it\/shop\/"},{"@type":"ListItem","position":3,"name":"Etta Focu Syrah Perricone &#8211; Cantine Paolini"}]},{"@type":"WebSite","@id":"https:\/\/reliquo.com\/es\/#website","url":"https:\/\/reliquo.com\/es\/","name":"Reliquo","description":"Votre magasin de vin en ligne : d\u00e9couvrez d'excellents vins, spiritueux et liqueurs.","publisher":{"@id":"https:\/\/reliquo.com\/es\/#organization"},"potentialAction":[{"@type":"SearchAction","target":{"@type":"EntryPoint","urlTemplate":"https:\/\/reliquo.com\/es\/?s={search_term_string}"},"query-input":{"@type":"PropertyValueSpecification","valueRequired":true,"valueName":"search_term_string"}}],"inLanguage":"fr-FR"},{"@type":"Organization","@id":"https:\/\/reliquo.com\/es\/#organization","name":"Reliquo","url":"https:\/\/reliquo.com\/es\/","logo":{"@type":"ImageObject","inLanguage":"fr-FR","@id":"https:\/\/reliquo.com\/es\/#\/schema\/logo\/image\/","url":"https:\/\/reliquo.com\/wp-content\/uploads\/2024\/12\/cropped-favicon-1.png","contentUrl":"https:\/\/reliquo.com\/wp-content\/uploads\/2024\/12\/cropped-favicon-1.png","width":512,"height":512,"caption":"Reliquo"},"image":{"@id":"https:\/\/reliquo.com\/es\/#\/schema\/logo\/image\/"}}]}},"jetpack_sharing_enabled":true,"brands":[{"id":691,"name":"Caves Paolini","slug":"caves-paolini"}],"_links":{"self":[{"href":"https:\/\/reliquo.com\/fr\/wp-json\/wp\/v2\/product\/786","targetHints":{"allow":["GET"]}}],"collection":[{"href":"https:\/\/reliquo.com\/fr\/wp-json\/wp\/v2\/product"}],"about":[{"href":"https:\/\/reliquo.com\/fr\/wp-json\/wp\/v2\/types\/product"}],"wp:featuredmedia":[{"embeddable":true,"href":"https:\/\/reliquo.com\/fr\/wp-json\/wp\/v2\/media\/357"}],"wp:attachment":[{"href":"https:\/\/reliquo.com\/fr\/wp-json\/wp\/v2\/media?parent=786"}],"wp:term":[{"taxonomy":"pwb-brand","embeddable":true,"href":"https:\/\/reliquo.com\/fr\/wp-json\/wp\/v2\/pwb-brand?post=786"},{"taxonomy":"product_brand","embeddable":true,"href":"https:\/\/reliquo.com\/fr\/wp-json\/wp\/v2\/product_brand?post=786"},{"taxonomy":"product_cat","embeddable":true,"href":"https:\/\/reliquo.com\/fr\/wp-json\/wp\/v2\/product_cat?post=786"},{"taxonomy":"product_tag","embeddable":true,"href":"https:\/\/reliquo.com\/fr\/wp-json\/wp\/v2\/product_tag?post=786"}],"curies":[{"name":"wp","href":"https:\/\/api.w.org\/{rel}","templated":true}]}}