{"id":781,"date":"2024-12-17T15:19:09","date_gmt":"2024-12-17T14:19:09","guid":{"rendered":"https:\/\/reliquo.com\/?post_type=product&#038;p=781"},"modified":"2025-12-18T15:43:31","modified_gmt":"2025-12-18T14:43:31","slug":"bayamore-rosso-di-rossi-frappato-merlot-syrah-firriato-winery-2022","status":"publish","type":"product","link":"https:\/\/reliquo.com\/fr\/bayamore-rosso-di-rossi-frappato-merlot-syrah-firriato-winery-2022\/","title":{"rendered":"Bayamore Rosso di Rossi Frappato Merlot Syrah - Firriato Winery 2022"},"content":{"rendered":"<p>Le Bayamore Rosso di Rossi est le fruit d'un \u00e9l\u00e9gant assemblage de raisins Merlot, Syrah et Frappato l\u00e9g\u00e8rement surm\u00fbris, qui ont trouv\u00e9 dans les collines de Baglio Sor\u00eca un nouveau foyer d'excellence. Ce vin se distingue par les caract\u00e9ristiques organoleptiques apport\u00e9es aux raisins gr\u00e2ce \u00e0 l'exposition au soleil et aux excursions de temp\u00e9rature qui, sur ces terrains vallonn\u00e9s, contribuent \u00e0 graver dans les raisins ces particularit\u00e9s sensorielles incomparables qui s'expriment dans le verre. Le Bayamore est un cadeau de cette magnifique nature ensoleill\u00e9e. Sa couleur intense s'impose \u00e0 l'\u0153il, tandis qu'au nez les notes de fruits rouges m\u00fbrs s'imposent, et enfin en bouche sa lente incision fra\u00eeche se caract\u00e9rise par une concentration dense de tanins importants et \u00e9l\u00e9gants. C'est le rouge id\u00e9al pour les jeunes amateurs de vin qui recherchent une approche \u00e9l\u00e9gante et d\u00e9cisive pour commencer une exp\u00e9rience sensorielle dans le monde magique de Bacchus.<\/p>","protected":false},"excerpt":{"rendered":"<p>Dall\u2019unione elegante di uve leggermente surmature di Merlot, Syrah e Frappato, che fra le colline di Baglio Sor\u00eca hanno trovato [&hellip;]<\/p>\n","protected":false},"featured_media":363,"template":"","meta":{"site-sidebar-layout":"","site-content-layout":"","ast-site-content-layout":"","site-content-style":"","site-sidebar-style":"","ast-global-header-display":"","ast-banner-title-visibility":"","ast-main-header-display":"","ast-hfb-above-header-display":"","ast-hfb-below-header-display":"","ast-hfb-mobile-header-display":"","site-post-title":"","ast-breadcrumbs-content":"","ast-featured-img":"","footer-sml-layout":"","ast-disable-related-posts":"","theme-transparent-header-meta":"","adv-header-id-meta":"","stick-header-meta":"","header-above-stick-meta":"","header-main-stick-meta":"","header-below-stick-meta":"","astra-migrate-meta-layouts":"","ast-page-background-enabled":"default","ast-page-background-meta":{"desktop":{"background-color":"var(--ast-global-color-4)","background-image":"","background-repeat":"repeat","background-position":"center center","background-size":"auto","background-attachment":"scroll","background-type":"","background-media":"","overlay-type":"","overlay-color":"","overlay-opacity":"","overlay-gradient":""},"tablet":{"background-color":"","background-image":"","background-repeat":"repeat","background-position":"center center","background-size":"auto","background-attachment":"scroll","background-type":"","background-media":"","overlay-type":"","overlay-color":"","overlay-opacity":"","overlay-gradient":""},"mobile":{"background-color":"","background-image":"","background-repeat":"repeat","background-position":"center center","background-size":"auto","background-attachment":"scroll","background-type":"","background-media":"","overlay-type":"","overlay-color":"","overlay-opacity":"","overlay-gradient":""}},"ast-content-background-meta":{"desktop":{"background-color":"var(--ast-global-color-5)","background-image":"","background-repeat":"repeat","background-position":"center center","background-size":"auto","background-attachment":"scroll","background-type":"","background-media":"","overlay-type":"","overlay-color":"","overlay-opacity":"","overlay-gradient":""},"tablet":{"background-color":"var(--ast-global-color-5)","background-image":"","background-repeat":"repeat","background-position":"center center","background-size":"auto","background-attachment":"scroll","background-type":"","background-media":"","overlay-type":"","overlay-color":"","overlay-opacity":"","overlay-gradient":""},"mobile":{"background-color":"var(--ast-global-color-5)","background-image":"","background-repeat":"repeat","background-position":"center center","background-size":"auto","background-attachment":"scroll","background-type":"","background-media":"","overlay-type":"","overlay-color":"","overlay-opacity":"","overlay-gradient":""}}},"pwb-brand":[706],"product_brand":[],"product_cat":[299],"product_tag":[474,466,484,449,448,452,442],"class_list":{"0":"post-781","1":"product","2":"type-product","3":"status-publish","4":"has-post-thumbnail","6":"pwb-brand-firriato-winery","7":"product_cat-rossi","8":"product_tag-bayamore","9":"product_tag-firriato","10":"product_tag-frappato","11":"product_tag-merlot","12":"product_tag-rosso","13":"product_tag-syrah","14":"product_tag-vino","15":"desktop-align-center","16":"tablet-align-center","17":"mobile-align-center","18":"ast-product-gallery-layout-horizontal-slider","19":"ast-product-gallery-with-no-image","20":"ast-magnify-disabled","21":"ast-product-tabs-layout-horizontal","22":"ast-qv-on-image","24":"first","25":"instock","26":"shipping-taxable","27":"purchasable","28":"product-type-simple"},"yoast_head":"<!-- This site is optimized with the Yoast SEO plugin v27.4 - https:\/\/yoast.com\/product\/yoast-seo-wordpress\/ -->\n<title>Bayamore Rosso di Rossi Frappato Merlot Syrah - Firriato Winery 2022 | Acquista Online su Reliquo<\/title>\n<meta name=\"description\" content=\"Scopri Bayamore Rosso di Rossi Frappato Merlot Syrah - Firriato Winery 2022 su Reliquo: qualit\u00e0 garantita, spedizioni rapide e prezzi competitivi. Ordina ora e approfitta delle nostre offerte esclusive.\" \/>\n<meta name=\"robots\" content=\"index, follow, max-snippet:-1, max-image-preview:large, max-video-preview:-1\" \/>\n<link rel=\"canonical\" href=\"http:\/\/reliquo.com\/fr\/bayamore-rosso-di-rossi-frappato-merlot-syrah-firriato-winery-2022\/\" \/>\n<meta property=\"og:locale\" content=\"fr_FR\" \/>\n<meta property=\"og:type\" content=\"article\" \/>\n<meta property=\"og:title\" content=\"Bayamore Rosso di Rossi Frappato Merlot Syrah - Firriato Winery 2022 | Acquista Online su Reliquo\" \/>\n<meta property=\"og:description\" content=\"Scopri Bayamore Rosso di Rossi Frappato Merlot Syrah - Firriato Winery 2022 su Reliquo: qualit\u00e0 garantita, spedizioni rapide e prezzi competitivi. Ordina ora e approfitta delle nostre offerte esclusive.\" \/>\n<meta property=\"og:url\" content=\"http:\/\/reliquo.com\/fr\/bayamore-rosso-di-rossi-frappato-merlot-syrah-firriato-winery-2022\/\" \/>\n<meta property=\"og:site_name\" content=\"Reliquo\" \/>\n<meta property=\"article:modified_time\" content=\"2025-12-18T14:43:31+00:00\" \/>\n<meta property=\"og:image\" content=\"https:\/\/reliquo.com\/wp-content\/uploads\/2024\/12\/Firriato-Bayamore-Rosso-di-Rossi.png\" \/>\n\t<meta property=\"og:image:width\" content=\"3024\" \/>\n\t<meta property=\"og:image:height\" content=\"3024\" \/>\n\t<meta property=\"og:image:type\" content=\"image\/png\" \/>\n<meta name=\"twitter:card\" content=\"summary_large_image\" \/>\n<meta name=\"twitter:label1\" content=\"Dur\u00e9e de lecture estim\u00e9e\" \/>\n\t<meta name=\"twitter:data1\" content=\"1 minute\" \/>\n<script type=\"application\/ld+json\" class=\"yoast-schema-graph\">{\"@context\":\"https:\\\/\\\/schema.org\",\"@graph\":[{\"@type\":\"WebPage\",\"@id\":\"http:\\\/\\\/reliquo.com\\\/it\\\/bayamore-rosso-di-rossi-frappato-merlot-syrah-firriato-winery-2022\\\/\",\"url\":\"http:\\\/\\\/reliquo.com\\\/it\\\/bayamore-rosso-di-rossi-frappato-merlot-syrah-firriato-winery-2022\\\/\",\"name\":\"Bayamore Rosso di Rossi Frappato Merlot Syrah - Firriato Winery 2022 | Acquista Online su Reliquo\",\"isPartOf\":{\"@id\":\"https:\\\/\\\/reliquo.com\\\/es\\\/#website\"},\"primaryImageOfPage\":{\"@id\":\"http:\\\/\\\/reliquo.com\\\/it\\\/bayamore-rosso-di-rossi-frappato-merlot-syrah-firriato-winery-2022\\\/#primaryimage\"},\"image\":{\"@id\":\"http:\\\/\\\/reliquo.com\\\/it\\\/bayamore-rosso-di-rossi-frappato-merlot-syrah-firriato-winery-2022\\\/#primaryimage\"},\"thumbnailUrl\":\"https:\\\/\\\/reliquo.com\\\/wp-content\\\/uploads\\\/2024\\\/12\\\/Firriato-Bayamore-Rosso-di-Rossi.png\",\"datePublished\":\"2024-12-17T14:19:09+00:00\",\"dateModified\":\"2025-12-18T14:43:31+00:00\",\"description\":\"Scopri Bayamore Rosso di Rossi Frappato Merlot Syrah - Firriato Winery 2022 su Reliquo: qualit\u00e0 garantita, spedizioni rapide e prezzi competitivi. Ordina ora e approfitta delle nostre offerte esclusive.\",\"breadcrumb\":{\"@id\":\"http:\\\/\\\/reliquo.com\\\/it\\\/bayamore-rosso-di-rossi-frappato-merlot-syrah-firriato-winery-2022\\\/#breadcrumb\"},\"inLanguage\":\"fr-FR\",\"potentialAction\":[{\"@type\":\"ReadAction\",\"target\":[\"http:\\\/\\\/reliquo.com\\\/it\\\/bayamore-rosso-di-rossi-frappato-merlot-syrah-firriato-winery-2022\\\/\"]}]},{\"@type\":\"ImageObject\",\"inLanguage\":\"fr-FR\",\"@id\":\"http:\\\/\\\/reliquo.com\\\/it\\\/bayamore-rosso-di-rossi-frappato-merlot-syrah-firriato-winery-2022\\\/#primaryimage\",\"url\":\"https:\\\/\\\/reliquo.com\\\/wp-content\\\/uploads\\\/2024\\\/12\\\/Firriato-Bayamore-Rosso-di-Rossi.png\",\"contentUrl\":\"https:\\\/\\\/reliquo.com\\\/wp-content\\\/uploads\\\/2024\\\/12\\\/Firriato-Bayamore-Rosso-di-Rossi.png\",\"width\":3024,\"height\":3024,\"caption\":\"Bayamore Rosso di Rossi Frappato Merlot Syrah \u2013 Firriato Winery 2022\"},{\"@type\":\"BreadcrumbList\",\"@id\":\"http:\\\/\\\/reliquo.com\\\/it\\\/bayamore-rosso-di-rossi-frappato-merlot-syrah-firriato-winery-2022\\\/#breadcrumb\",\"itemListElement\":[{\"@type\":\"ListItem\",\"position\":1,\"name\":\"Home\",\"item\":\"http:\\\/\\\/reliquo.com\\\/it\\\/\"},{\"@type\":\"ListItem\",\"position\":2,\"name\":\"Shop\",\"item\":\"http:\\\/\\\/reliquo.com\\\/it\\\/shop\\\/\"},{\"@type\":\"ListItem\",\"position\":3,\"name\":\"Bayamore Rosso di Rossi Frappato Merlot Syrah &#8211; Firriato Winery 2022\"}]},{\"@type\":\"WebSite\",\"@id\":\"https:\\\/\\\/reliquo.com\\\/es\\\/#website\",\"url\":\"https:\\\/\\\/reliquo.com\\\/es\\\/\",\"name\":\"Reliquo\",\"description\":\"La tua enoteca online: scopri vini, liquori e distillati d\u2019eccellenza.\",\"publisher\":{\"@id\":\"https:\\\/\\\/reliquo.com\\\/es\\\/#organization\"},\"potentialAction\":[{\"@type\":\"SearchAction\",\"target\":{\"@type\":\"EntryPoint\",\"urlTemplate\":\"https:\\\/\\\/reliquo.com\\\/es\\\/?s={search_term_string}\"},\"query-input\":{\"@type\":\"PropertyValueSpecification\",\"valueRequired\":true,\"valueName\":\"search_term_string\"}}],\"inLanguage\":\"fr-FR\"},{\"@type\":\"Organization\",\"@id\":\"https:\\\/\\\/reliquo.com\\\/es\\\/#organization\",\"name\":\"Reliquo\",\"url\":\"https:\\\/\\\/reliquo.com\\\/es\\\/\",\"logo\":{\"@type\":\"ImageObject\",\"inLanguage\":\"fr-FR\",\"@id\":\"https:\\\/\\\/reliquo.com\\\/es\\\/#\\\/schema\\\/logo\\\/image\\\/\",\"url\":\"https:\\\/\\\/reliquo.com\\\/wp-content\\\/uploads\\\/2024\\\/12\\\/cropped-favicon-1.png\",\"contentUrl\":\"https:\\\/\\\/reliquo.com\\\/wp-content\\\/uploads\\\/2024\\\/12\\\/cropped-favicon-1.png\",\"width\":512,\"height\":512,\"caption\":\"Reliquo\"},\"image\":{\"@id\":\"https:\\\/\\\/reliquo.com\\\/es\\\/#\\\/schema\\\/logo\\\/image\\\/\"}}]}<\/script>\n<!-- \/ Yoast SEO plugin. -->","yoast_head_json":{"title":"Bayamore Rosso di Rossi Frappato Merlot Syrah - Firriato Winery 2022 | Acheter en ligne sur Reliquo","description":"D\u00e9couvrez le Bayamore Rosso di Rossi Frappato Merlot Syrah - Firriato Winery 2022 chez Reliquo : qualit\u00e9 garantie, livraison rapide et prix comp\u00e9titifs. Commandez maintenant et profitez de nos offres exclusives.","robots":{"index":"index","follow":"follow","max-snippet":"max-snippet:-1","max-image-preview":"max-image-preview:large","max-video-preview":"max-video-preview:-1"},"canonical":"http:\/\/reliquo.com\/fr\/bayamore-rosso-di-rossi-frappato-merlot-syrah-firriato-winery-2022\/","og_locale":"fr_FR","og_type":"article","og_title":"Bayamore Rosso di Rossi Frappato Merlot Syrah - Firriato Winery 2022 | Acquista Online su Reliquo","og_description":"Scopri Bayamore Rosso di Rossi Frappato Merlot Syrah - Firriato Winery 2022 su Reliquo: qualit\u00e0 garantita, spedizioni rapide e prezzi competitivi. Ordina ora e approfitta delle nostre offerte esclusive.","og_url":"http:\/\/reliquo.com\/fr\/bayamore-rosso-di-rossi-frappato-merlot-syrah-firriato-winery-2022\/","og_site_name":"Reliquo","article_modified_time":"2025-12-18T14:43:31+00:00","og_image":[{"width":3024,"height":3024,"url":"https:\/\/reliquo.com\/wp-content\/uploads\/2024\/12\/Firriato-Bayamore-Rosso-di-Rossi.png","type":"image\/png"}],"twitter_card":"summary_large_image","twitter_misc":{"Dur\u00e9e de lecture estim\u00e9e":"1 minute"},"schema":{"@context":"https:\/\/schema.org","@graph":[{"@type":"WebPage","@id":"http:\/\/reliquo.com\/it\/bayamore-rosso-di-rossi-frappato-merlot-syrah-firriato-winery-2022\/","url":"http:\/\/reliquo.com\/it\/bayamore-rosso-di-rossi-frappato-merlot-syrah-firriato-winery-2022\/","name":"Bayamore Rosso di Rossi Frappato Merlot Syrah - Firriato Winery 2022 | Acheter en ligne sur Reliquo","isPartOf":{"@id":"https:\/\/reliquo.com\/es\/#website"},"primaryImageOfPage":{"@id":"http:\/\/reliquo.com\/it\/bayamore-rosso-di-rossi-frappato-merlot-syrah-firriato-winery-2022\/#primaryimage"},"image":{"@id":"http:\/\/reliquo.com\/it\/bayamore-rosso-di-rossi-frappato-merlot-syrah-firriato-winery-2022\/#primaryimage"},"thumbnailUrl":"https:\/\/reliquo.com\/wp-content\/uploads\/2024\/12\/Firriato-Bayamore-Rosso-di-Rossi.png","datePublished":"2024-12-17T14:19:09+00:00","dateModified":"2025-12-18T14:43:31+00:00","description":"D\u00e9couvrez le Bayamore Rosso di Rossi Frappato Merlot Syrah - Firriato Winery 2022 chez Reliquo : qualit\u00e9 garantie, livraison rapide et prix comp\u00e9titifs. Commandez maintenant et profitez de nos offres exclusives.","breadcrumb":{"@id":"http:\/\/reliquo.com\/it\/bayamore-rosso-di-rossi-frappato-merlot-syrah-firriato-winery-2022\/#breadcrumb"},"inLanguage":"fr-FR","potentialAction":[{"@type":"ReadAction","target":["http:\/\/reliquo.com\/it\/bayamore-rosso-di-rossi-frappato-merlot-syrah-firriato-winery-2022\/"]}]},{"@type":"ImageObject","inLanguage":"fr-FR","@id":"http:\/\/reliquo.com\/it\/bayamore-rosso-di-rossi-frappato-merlot-syrah-firriato-winery-2022\/#primaryimage","url":"https:\/\/reliquo.com\/wp-content\/uploads\/2024\/12\/Firriato-Bayamore-Rosso-di-Rossi.png","contentUrl":"https:\/\/reliquo.com\/wp-content\/uploads\/2024\/12\/Firriato-Bayamore-Rosso-di-Rossi.png","width":3024,"height":3024,"caption":"Bayamore Rosso di Rossi Frappato Merlot Syrah \u2013 Firriato Winery 2022"},{"@type":"BreadcrumbList","@id":"http:\/\/reliquo.com\/it\/bayamore-rosso-di-rossi-frappato-merlot-syrah-firriato-winery-2022\/#breadcrumb","itemListElement":[{"@type":"ListItem","position":1,"name":"Home","item":"http:\/\/reliquo.com\/it\/"},{"@type":"ListItem","position":2,"name":"Shop","item":"http:\/\/reliquo.com\/it\/shop\/"},{"@type":"ListItem","position":3,"name":"Bayamore Rosso di Rossi Frappato Merlot Syrah &#8211; Firriato Winery 2022"}]},{"@type":"WebSite","@id":"https:\/\/reliquo.com\/es\/#website","url":"https:\/\/reliquo.com\/es\/","name":"Reliquo","description":"Votre magasin de vin en ligne : d\u00e9couvrez d'excellents vins, spiritueux et liqueurs.","publisher":{"@id":"https:\/\/reliquo.com\/es\/#organization"},"potentialAction":[{"@type":"SearchAction","target":{"@type":"EntryPoint","urlTemplate":"https:\/\/reliquo.com\/es\/?s={search_term_string}"},"query-input":{"@type":"PropertyValueSpecification","valueRequired":true,"valueName":"search_term_string"}}],"inLanguage":"fr-FR"},{"@type":"Organization","@id":"https:\/\/reliquo.com\/es\/#organization","name":"Reliquo","url":"https:\/\/reliquo.com\/es\/","logo":{"@type":"ImageObject","inLanguage":"fr-FR","@id":"https:\/\/reliquo.com\/es\/#\/schema\/logo\/image\/","url":"https:\/\/reliquo.com\/wp-content\/uploads\/2024\/12\/cropped-favicon-1.png","contentUrl":"https:\/\/reliquo.com\/wp-content\/uploads\/2024\/12\/cropped-favicon-1.png","width":512,"height":512,"caption":"Reliquo"},"image":{"@id":"https:\/\/reliquo.com\/es\/#\/schema\/logo\/image\/"}}]}},"jetpack_sharing_enabled":true,"brands":[{"id":706,"name":"Domaine viticole Firriato","slug":"vignoble-firriato"}],"_links":{"self":[{"href":"https:\/\/reliquo.com\/fr\/wp-json\/wp\/v2\/product\/781","targetHints":{"allow":["GET"]}}],"collection":[{"href":"https:\/\/reliquo.com\/fr\/wp-json\/wp\/v2\/product"}],"about":[{"href":"https:\/\/reliquo.com\/fr\/wp-json\/wp\/v2\/types\/product"}],"wp:featuredmedia":[{"embeddable":true,"href":"https:\/\/reliquo.com\/fr\/wp-json\/wp\/v2\/media\/363"}],"wp:attachment":[{"href":"https:\/\/reliquo.com\/fr\/wp-json\/wp\/v2\/media?parent=781"}],"wp:term":[{"taxonomy":"pwb-brand","embeddable":true,"href":"https:\/\/reliquo.com\/fr\/wp-json\/wp\/v2\/pwb-brand?post=781"},{"taxonomy":"product_brand","embeddable":true,"href":"https:\/\/reliquo.com\/fr\/wp-json\/wp\/v2\/product_brand?post=781"},{"taxonomy":"product_cat","embeddable":true,"href":"https:\/\/reliquo.com\/fr\/wp-json\/wp\/v2\/product_cat?post=781"},{"taxonomy":"product_tag","embeddable":true,"href":"https:\/\/reliquo.com\/fr\/wp-json\/wp\/v2\/product_tag?post=781"}],"curies":[{"name":"wp","href":"https:\/\/api.w.org\/{rel}","templated":true}]}}