{"id":723,"date":"2024-12-17T15:19:01","date_gmt":"2024-12-17T14:19:01","guid":{"rendered":"https:\/\/reliquo.com\/?post_type=product&#038;p=723"},"modified":"2026-04-23T11:36:34","modified_gmt":"2026-04-23T09:36:34","slug":"deux-lunes-nerello-mascalese-2021-cantina-cellaro","status":"publish","type":"product","link":"https:\/\/reliquo.com\/fr\/due-lune-nerello-mascalese-2021-cantina-cellaro\/","title":{"rendered":"Due Lune Nerello Mascalese - Cellaro Winery"},"content":{"rendered":"<p>Lorsque les grappes de raisin arrivent \u00e0 maturit\u00e9, les sarments sont coup\u00e9s 10 cm avant la grappe elle-m\u00eame et le processus de s\u00e9chage naturel commence, gr\u00e2ce au chaud soleil sicilien et au sirocco venu d'Afrique. Lorsqu'une r\u00e9duction de poids de 15-20% est atteinte, les raisins sont r\u00e9colt\u00e9s, press\u00e9s et la fermentation commence au contact de la peau. Apr\u00e8s une tr\u00e8s longue mac\u00e9ration, le vin est soutir\u00e9 dans des barriques o\u00f9 il repose pendant environ 6 mois.<\/p>","protected":false},"excerpt":{"rendered":"<p>Quando i grappoli arrivano a maturazione, ne vengono tagliati i tralci 10 cm prima del grappolo stesso e inizia cos\u00ec [&hellip;]<\/p>\n","protected":false},"featured_media":348,"template":"","meta":{"site-sidebar-layout":"","site-content-layout":"","ast-site-content-layout":"","site-content-style":"","site-sidebar-style":"","ast-global-header-display":"","ast-banner-title-visibility":"","ast-main-header-display":"","ast-hfb-above-header-display":"","ast-hfb-below-header-display":"","ast-hfb-mobile-header-display":"","site-post-title":"","ast-breadcrumbs-content":"","ast-featured-img":"","footer-sml-layout":"","ast-disable-related-posts":"","theme-transparent-header-meta":"","adv-header-id-meta":"","stick-header-meta":"","header-above-stick-meta":"","header-main-stick-meta":"","header-below-stick-meta":"","astra-migrate-meta-layouts":"","ast-page-background-enabled":"default","ast-page-background-meta":{"desktop":{"background-color":"var(--ast-global-color-4)","background-image":"","background-repeat":"repeat","background-position":"center center","background-size":"auto","background-attachment":"scroll","background-type":"","background-media":"","overlay-type":"","overlay-color":"","overlay-opacity":"","overlay-gradient":""},"tablet":{"background-color":"","background-image":"","background-repeat":"repeat","background-position":"center center","background-size":"auto","background-attachment":"scroll","background-type":"","background-media":"","overlay-type":"","overlay-color":"","overlay-opacity":"","overlay-gradient":""},"mobile":{"background-color":"","background-image":"","background-repeat":"repeat","background-position":"center center","background-size":"auto","background-attachment":"scroll","background-type":"","background-media":"","overlay-type":"","overlay-color":"","overlay-opacity":"","overlay-gradient":""}},"ast-content-background-meta":{"desktop":{"background-color":"var(--ast-global-color-5)","background-image":"","background-repeat":"repeat","background-position":"center center","background-size":"auto","background-attachment":"scroll","background-type":"","background-media":"","overlay-type":"","overlay-color":"","overlay-opacity":"","overlay-gradient":""},"tablet":{"background-color":"var(--ast-global-color-5)","background-image":"","background-repeat":"repeat","background-position":"center center","background-size":"auto","background-attachment":"scroll","background-type":"","background-media":"","overlay-type":"","overlay-color":"","overlay-opacity":"","overlay-gradient":""},"mobile":{"background-color":"var(--ast-global-color-5)","background-image":"","background-repeat":"repeat","background-position":"center center","background-size":"auto","background-attachment":"scroll","background-type":"","background-media":"","overlay-type":"","overlay-color":"","overlay-opacity":"","overlay-gradient":""}}},"pwb-brand":[685],"product_brand":[],"product_cat":[299],"product_tag":[423,459,458,448,442],"class_list":{"0":"post-723","1":"product","2":"type-product","3":"status-publish","4":"has-post-thumbnail","6":"pwb-brand-cantina-cellaro","7":"product_cat-rossi","8":"product_tag-cellaro","9":"product_tag-due-lune","10":"product_tag-nerello-mascalese","11":"product_tag-rosso","12":"product_tag-vino","13":"desktop-align-center","14":"tablet-align-center","15":"mobile-align-center","16":"ast-product-gallery-layout-horizontal-slider","17":"ast-product-gallery-with-no-image","18":"ast-magnify-disabled","19":"ast-product-tabs-layout-horizontal","20":"ast-qv-on-image","22":"first","23":"instock","24":"shipping-taxable","25":"purchasable","26":"product-type-simple"},"yoast_head":"<!-- This site is optimized with the Yoast SEO plugin v27.4 - https:\/\/yoast.com\/product\/yoast-seo-wordpress\/ -->\n<title>Due Lune Nerello Mascalese - Cantina Cellaro | Acquista Online su Reliquo<\/title>\n<meta name=\"description\" content=\"Scopri Due Lune Nerello Mascalese - Cantina Cellaro su Reliquo: qualit\u00e0 garantita, spedizioni rapide e prezzi competitivi. Ordina ora e approfitta delle nostre offerte esclusive.\" \/>\n<meta name=\"robots\" content=\"index, follow, max-snippet:-1, max-image-preview:large, max-video-preview:-1\" \/>\n<link rel=\"canonical\" href=\"https:\/\/reliquo.com\/fr\/deux-lunes-nerello-mascalese-2021-cantina-cellaro\/\" \/>\n<meta property=\"og:locale\" content=\"fr_FR\" \/>\n<meta property=\"og:type\" content=\"article\" \/>\n<meta property=\"og:title\" content=\"Due Lune Nerello Mascalese - Cantina Cellaro | Acquista Online su Reliquo\" \/>\n<meta property=\"og:description\" content=\"Scopri Due Lune Nerello Mascalese - Cantina Cellaro su Reliquo: qualit\u00e0 garantita, spedizioni rapide e prezzi competitivi. Ordina ora e approfitta delle nostre offerte esclusive.\" \/>\n<meta property=\"og:url\" content=\"https:\/\/reliquo.com\/fr\/deux-lunes-nerello-mascalese-2021-cantina-cellaro\/\" \/>\n<meta property=\"og:site_name\" content=\"Reliquo\" \/>\n<meta property=\"article:modified_time\" content=\"2026-04-23T09:36:34+00:00\" \/>\n<meta property=\"og:image\" content=\"https:\/\/reliquo.com\/wp-content\/uploads\/2024\/12\/Cellaro-Due-Lune.png\" \/>\n\t<meta property=\"og:image:width\" content=\"3024\" \/>\n\t<meta property=\"og:image:height\" content=\"3024\" \/>\n\t<meta property=\"og:image:type\" content=\"image\/png\" \/>\n<meta name=\"twitter:card\" content=\"summary_large_image\" \/>\n<script type=\"application\/ld+json\" class=\"yoast-schema-graph\">{\"@context\":\"https:\\\/\\\/schema.org\",\"@graph\":[{\"@type\":\"WebPage\",\"@id\":\"https:\\\/\\\/reliquo.com\\\/due-lune-nerello-mascalese-2021-cantina-cellaro\\\/\",\"url\":\"https:\\\/\\\/reliquo.com\\\/due-lune-nerello-mascalese-2021-cantina-cellaro\\\/\",\"name\":\"Due Lune Nerello Mascalese - Cantina Cellaro | Acquista Online su Reliquo\",\"isPartOf\":{\"@id\":\"https:\\\/\\\/reliquo.com\\\/es\\\/#website\"},\"primaryImageOfPage\":{\"@id\":\"https:\\\/\\\/reliquo.com\\\/due-lune-nerello-mascalese-2021-cantina-cellaro\\\/#primaryimage\"},\"image\":{\"@id\":\"https:\\\/\\\/reliquo.com\\\/due-lune-nerello-mascalese-2021-cantina-cellaro\\\/#primaryimage\"},\"thumbnailUrl\":\"https:\\\/\\\/reliquo.com\\\/wp-content\\\/uploads\\\/2024\\\/12\\\/Cellaro-Due-Lune.png\",\"datePublished\":\"2024-12-17T14:19:01+00:00\",\"dateModified\":\"2026-04-23T09:36:34+00:00\",\"description\":\"Scopri Due Lune Nerello Mascalese - Cantina Cellaro su Reliquo: qualit\u00e0 garantita, spedizioni rapide e prezzi competitivi. Ordina ora e approfitta delle nostre offerte esclusive.\",\"breadcrumb\":{\"@id\":\"https:\\\/\\\/reliquo.com\\\/due-lune-nerello-mascalese-2021-cantina-cellaro\\\/#breadcrumb\"},\"inLanguage\":\"fr-FR\",\"potentialAction\":[{\"@type\":\"ReadAction\",\"target\":[\"https:\\\/\\\/reliquo.com\\\/due-lune-nerello-mascalese-2021-cantina-cellaro\\\/\"]}]},{\"@type\":\"ImageObject\",\"inLanguage\":\"fr-FR\",\"@id\":\"https:\\\/\\\/reliquo.com\\\/due-lune-nerello-mascalese-2021-cantina-cellaro\\\/#primaryimage\",\"url\":\"https:\\\/\\\/reliquo.com\\\/wp-content\\\/uploads\\\/2024\\\/12\\\/Cellaro-Due-Lune.png\",\"contentUrl\":\"https:\\\/\\\/reliquo.com\\\/wp-content\\\/uploads\\\/2024\\\/12\\\/Cellaro-Due-Lune.png\",\"width\":3024,\"height\":3024,\"caption\":\"Due Lune Nerello Mascalese \u2013 Cantina Cellaro\"},{\"@type\":\"BreadcrumbList\",\"@id\":\"https:\\\/\\\/reliquo.com\\\/due-lune-nerello-mascalese-2021-cantina-cellaro\\\/#breadcrumb\",\"itemListElement\":[{\"@type\":\"ListItem\",\"position\":1,\"name\":\"Home\",\"item\":\"http:\\\/\\\/reliquo.com\\\/it\\\/\"},{\"@type\":\"ListItem\",\"position\":2,\"name\":\"Shop\",\"item\":\"http:\\\/\\\/reliquo.com\\\/it\\\/shop\\\/\"},{\"@type\":\"ListItem\",\"position\":3,\"name\":\"Due Lune Nerello Mascalese &#8211; Cantina Cellaro\"}]},{\"@type\":\"WebSite\",\"@id\":\"https:\\\/\\\/reliquo.com\\\/es\\\/#website\",\"url\":\"https:\\\/\\\/reliquo.com\\\/es\\\/\",\"name\":\"Reliquo\",\"description\":\"La tua enoteca online: scopri vini, liquori e distillati d\u2019eccellenza.\",\"publisher\":{\"@id\":\"https:\\\/\\\/reliquo.com\\\/es\\\/#organization\"},\"potentialAction\":[{\"@type\":\"SearchAction\",\"target\":{\"@type\":\"EntryPoint\",\"urlTemplate\":\"https:\\\/\\\/reliquo.com\\\/es\\\/?s={search_term_string}\"},\"query-input\":{\"@type\":\"PropertyValueSpecification\",\"valueRequired\":true,\"valueName\":\"search_term_string\"}}],\"inLanguage\":\"fr-FR\"},{\"@type\":\"Organization\",\"@id\":\"https:\\\/\\\/reliquo.com\\\/es\\\/#organization\",\"name\":\"Reliquo\",\"url\":\"https:\\\/\\\/reliquo.com\\\/es\\\/\",\"logo\":{\"@type\":\"ImageObject\",\"inLanguage\":\"fr-FR\",\"@id\":\"https:\\\/\\\/reliquo.com\\\/es\\\/#\\\/schema\\\/logo\\\/image\\\/\",\"url\":\"https:\\\/\\\/reliquo.com\\\/wp-content\\\/uploads\\\/2024\\\/12\\\/cropped-favicon-1.png\",\"contentUrl\":\"https:\\\/\\\/reliquo.com\\\/wp-content\\\/uploads\\\/2024\\\/12\\\/cropped-favicon-1.png\",\"width\":512,\"height\":512,\"caption\":\"Reliquo\"},\"image\":{\"@id\":\"https:\\\/\\\/reliquo.com\\\/es\\\/#\\\/schema\\\/logo\\\/image\\\/\"}}]}<\/script>\n<!-- \/ Yoast SEO plugin. -->","yoast_head_json":{"title":"Due Lune Nerello Mascalese - Cantina Cellaro | Acheter en ligne sur Reliquo","description":"D\u00e9couvrez Due Lune Nerello Mascalese - Cantina Cellaro chez Reliquo : qualit\u00e9 garantie, livraison rapide et prix comp\u00e9titifs. Commandez maintenant et profitez de nos offres exclusives.","robots":{"index":"index","follow":"follow","max-snippet":"max-snippet:-1","max-image-preview":"max-image-preview:large","max-video-preview":"max-video-preview:-1"},"canonical":"https:\/\/reliquo.com\/fr\/deux-lunes-nerello-mascalese-2021-cantina-cellaro\/","og_locale":"fr_FR","og_type":"article","og_title":"Due Lune Nerello Mascalese - Cantina Cellaro | Acquista Online su Reliquo","og_description":"Scopri Due Lune Nerello Mascalese - Cantina Cellaro su Reliquo: qualit\u00e0 garantita, spedizioni rapide e prezzi competitivi. Ordina ora e approfitta delle nostre offerte esclusive.","og_url":"https:\/\/reliquo.com\/fr\/deux-lunes-nerello-mascalese-2021-cantina-cellaro\/","og_site_name":"Reliquo","article_modified_time":"2026-04-23T09:36:34+00:00","og_image":[{"width":3024,"height":3024,"url":"https:\/\/reliquo.com\/wp-content\/uploads\/2024\/12\/Cellaro-Due-Lune.png","type":"image\/png"}],"twitter_card":"summary_large_image","schema":{"@context":"https:\/\/schema.org","@graph":[{"@type":"WebPage","@id":"https:\/\/reliquo.com\/due-lune-nerello-mascalese-2021-cantina-cellaro\/","url":"https:\/\/reliquo.com\/due-lune-nerello-mascalese-2021-cantina-cellaro\/","name":"Due Lune Nerello Mascalese - Cantina Cellaro | Acheter en ligne sur Reliquo","isPartOf":{"@id":"https:\/\/reliquo.com\/es\/#website"},"primaryImageOfPage":{"@id":"https:\/\/reliquo.com\/due-lune-nerello-mascalese-2021-cantina-cellaro\/#primaryimage"},"image":{"@id":"https:\/\/reliquo.com\/due-lune-nerello-mascalese-2021-cantina-cellaro\/#primaryimage"},"thumbnailUrl":"https:\/\/reliquo.com\/wp-content\/uploads\/2024\/12\/Cellaro-Due-Lune.png","datePublished":"2024-12-17T14:19:01+00:00","dateModified":"2026-04-23T09:36:34+00:00","description":"D\u00e9couvrez Due Lune Nerello Mascalese - Cantina Cellaro chez Reliquo : qualit\u00e9 garantie, livraison rapide et prix comp\u00e9titifs. Commandez maintenant et profitez de nos offres exclusives.","breadcrumb":{"@id":"https:\/\/reliquo.com\/due-lune-nerello-mascalese-2021-cantina-cellaro\/#breadcrumb"},"inLanguage":"fr-FR","potentialAction":[{"@type":"ReadAction","target":["https:\/\/reliquo.com\/due-lune-nerello-mascalese-2021-cantina-cellaro\/"]}]},{"@type":"ImageObject","inLanguage":"fr-FR","@id":"https:\/\/reliquo.com\/due-lune-nerello-mascalese-2021-cantina-cellaro\/#primaryimage","url":"https:\/\/reliquo.com\/wp-content\/uploads\/2024\/12\/Cellaro-Due-Lune.png","contentUrl":"https:\/\/reliquo.com\/wp-content\/uploads\/2024\/12\/Cellaro-Due-Lune.png","width":3024,"height":3024,"caption":"Due Lune Nerello Mascalese \u2013 Cantina Cellaro"},{"@type":"BreadcrumbList","@id":"https:\/\/reliquo.com\/due-lune-nerello-mascalese-2021-cantina-cellaro\/#breadcrumb","itemListElement":[{"@type":"ListItem","position":1,"name":"Home","item":"http:\/\/reliquo.com\/it\/"},{"@type":"ListItem","position":2,"name":"Shop","item":"http:\/\/reliquo.com\/it\/shop\/"},{"@type":"ListItem","position":3,"name":"Due Lune Nerello Mascalese &#8211; Cantina Cellaro"}]},{"@type":"WebSite","@id":"https:\/\/reliquo.com\/es\/#website","url":"https:\/\/reliquo.com\/es\/","name":"Reliquo","description":"Votre magasin de vin en ligne : d\u00e9couvrez d'excellents vins, spiritueux et liqueurs.","publisher":{"@id":"https:\/\/reliquo.com\/es\/#organization"},"potentialAction":[{"@type":"SearchAction","target":{"@type":"EntryPoint","urlTemplate":"https:\/\/reliquo.com\/es\/?s={search_term_string}"},"query-input":{"@type":"PropertyValueSpecification","valueRequired":true,"valueName":"search_term_string"}}],"inLanguage":"fr-FR"},{"@type":"Organization","@id":"https:\/\/reliquo.com\/es\/#organization","name":"Reliquo","url":"https:\/\/reliquo.com\/es\/","logo":{"@type":"ImageObject","inLanguage":"fr-FR","@id":"https:\/\/reliquo.com\/es\/#\/schema\/logo\/image\/","url":"https:\/\/reliquo.com\/wp-content\/uploads\/2024\/12\/cropped-favicon-1.png","contentUrl":"https:\/\/reliquo.com\/wp-content\/uploads\/2024\/12\/cropped-favicon-1.png","width":512,"height":512,"caption":"Reliquo"},"image":{"@id":"https:\/\/reliquo.com\/es\/#\/schema\/logo\/image\/"}}]}},"jetpack_sharing_enabled":true,"brands":[{"id":685,"name":"Cave Cellaro","slug":"cantina-cellaro"}],"_links":{"self":[{"href":"https:\/\/reliquo.com\/fr\/wp-json\/wp\/v2\/product\/723","targetHints":{"allow":["GET"]}}],"collection":[{"href":"https:\/\/reliquo.com\/fr\/wp-json\/wp\/v2\/product"}],"about":[{"href":"https:\/\/reliquo.com\/fr\/wp-json\/wp\/v2\/types\/product"}],"wp:featuredmedia":[{"embeddable":true,"href":"https:\/\/reliquo.com\/fr\/wp-json\/wp\/v2\/media\/348"}],"wp:attachment":[{"href":"https:\/\/reliquo.com\/fr\/wp-json\/wp\/v2\/media?parent=723"}],"wp:term":[{"taxonomy":"pwb-brand","embeddable":true,"href":"https:\/\/reliquo.com\/fr\/wp-json\/wp\/v2\/pwb-brand?post=723"},{"taxonomy":"product_brand","embeddable":true,"href":"https:\/\/reliquo.com\/fr\/wp-json\/wp\/v2\/product_brand?post=723"},{"taxonomy":"product_cat","embeddable":true,"href":"https:\/\/reliquo.com\/fr\/wp-json\/wp\/v2\/product_cat?post=723"},{"taxonomy":"product_tag","embeddable":true,"href":"https:\/\/reliquo.com\/fr\/wp-json\/wp\/v2\/product_tag?post=723"}],"curies":[{"name":"wp","href":"https:\/\/api.w.org\/{rel}","templated":true}]}}