{"id":721,"date":"2024-12-17T15:19:01","date_gmt":"2024-12-17T14:19:01","guid":{"rendered":"https:\/\/reliquo.com\/?post_type=product&#038;p=721"},"modified":"2026-01-19T10:16:29","modified_gmt":"2026-01-19T09:16:29","slug":"taif-zibibbo-dry-2023-cantina-fina","status":"publish","type":"product","link":"https:\/\/reliquo.com\/fr\/taif-zibibbo-secco-2023-cantina-fina\/","title":{"rendered":"Zibibbo sec de Taif - Cantina Fin\u00e0"},"content":{"rendered":"<p>Le Zibibbo Secco \u201cTaif\u201d de la Cantine Fina est un vin blanc l\u00e9g\u00e8rement aromatique au profil frais et savoureux, produit dans l'arri\u00e8re-pays au nord de Marsala. Il est obtenu \u00e0 partir du raisin Moscato d'Alessandria ou Zibibbo, qui est habituellement vinifi\u00e9 apr\u00e8s une p\u00e9riode de s\u00e9chage pour produire des vins doux, mais qui s'av\u00e8re \u00e9galement tr\u00e8s bien adapt\u00e9 \u00e0 la vinification s\u00e8che pour produire des vins parfum\u00e9s, frais et fruit\u00e9s, tr\u00e8s agr\u00e9ables \u00e0 boire. La douceur harmonieuse typique du Moscato trouve un \u00e9quilibre parfait dans la fra\u00eecheur et la sapidit\u00e9 typiques du terroir de Marsala. C'est un vin \u00e9quilibr\u00e9 et expressif qui accompagne tr\u00e8s bien les entr\u00e9es de crustac\u00e9s, les entr\u00e9es de poisson et les premiers plats de la cuisine de la mer. Le Zibibibbo Secco \u201cTaif\u201d est n\u00e9 dans le splendide territoire de Contrada Bausa, o\u00f9 se trouve le si\u00e8ge de la Cantine Fina. Il s'agit d'une entreprise familiale qui a eu le m\u00e9rite de r\u00e9cup\u00e9rer un ancien baglio et de donner un nouvel \u00e9lan \u00e0 la viticulture dans cette belle r\u00e9gion de la c\u00f4te nord de Marsala, non loin de la Saline et de la R\u00e9serve naturelle des \u00eeles Stagnone. En un peu plus d'une d\u00e9cennie, elle s'est impos\u00e9e comme l'une des caves les plus int\u00e9ressantes de l'ouest de la Sicile, gr\u00e2ce notamment au travail de mise en valeur des vari\u00e9t\u00e9s historiques de la r\u00e9gion, auxquelles sont venues s'ajouter quelques vignes internationales qui se sont bien adapt\u00e9es \u00e0 la r\u00e9gion. Le climat, chaud et m\u00e9diterran\u00e9en, est toujours att\u00e9nu\u00e9 par les brises iod\u00e9es et salines de la mer, qui contribuent \u00e0 cr\u00e9er un habitat unique. Les vignobles sont g\u00e9r\u00e9s selon des m\u00e9thodes d'agriculture biologique, en harmonie avec un environnement c\u00f4tier pr\u00e9serv\u00e9 et en accord avec le d\u00e9sir de produire des vins authentiques avec le parfum et le go\u00fbt de la terre sicilienne.Le vin blanc \u201cTaif\u201d est l'un des symboles des caves Fina. Il est produit \u00e0 partir du c\u00e9page blanc qui a toujours \u00e9t\u00e9 pr\u00e9sent sur la pointe occidentale de l'\u00eele. Le choix d'une vinification s\u00e8che d\u00e9licate met en valeur son c\u00f4t\u00e9 aromatique, associ\u00e9 \u00e0 un caract\u00e8re marin inimitable et distinctif. Les vignes sont cultiv\u00e9es sur des coteaux, \u00e0 une altitude d'environ 300 m\u00e8tres au-dessus du niveau de la mer. La fermentation a lieu dans des cuves en acier. Avant d'\u00eatre mis en bouteille, le vin m\u00fbrit dans l'acier pendant plusieurs mois. Dans le verre, la robe est d'un jaune paille lumineux aux reflets verd\u00e2tres. Le bouquet s\u00e9duit par des ar\u00f4mes de fleur d'oranger, de fleurs blanches, d'agrumes, de notes d'herbes et de fruits blancs. En bouche, l'entr\u00e9e est chaleureuse et douce, avec un fruit\u00e9 enveloppant qui s'\u00e9tire harmonieusement vers une finale savoureuse et fra\u00eeche, qui donne un parfait \u00e9quilibre \u00e0 la gorg\u00e9e.<\/p>","protected":false},"excerpt":{"rendered":"<p>Lo Zibibbo Secco \u201cTaif\u201d di Cantine Fina \u00e8 un bianco leggermente aromatico, dal profilo fresco e sapido, prodotto nell\u2019entroterra a [&hellip;]<\/p>\n","protected":false},"featured_media":417,"template":"","meta":{"site-sidebar-layout":"","site-content-layout":"","ast-site-content-layout":"","site-content-style":"","site-sidebar-style":"","ast-global-header-display":"","ast-banner-title-visibility":"","ast-main-header-display":"","ast-hfb-above-header-display":"","ast-hfb-below-header-display":"","ast-hfb-mobile-header-display":"","site-post-title":"","ast-breadcrumbs-content":"","ast-featured-img":"","footer-sml-layout":"","ast-disable-related-posts":"","theme-transparent-header-meta":"","adv-header-id-meta":"","stick-header-meta":"","header-above-stick-meta":"","header-main-stick-meta":"","header-below-stick-meta":"","astra-migrate-meta-layouts":"","ast-page-background-enabled":"default","ast-page-background-meta":{"desktop":{"background-color":"var(--ast-global-color-4)","background-image":"","background-repeat":"repeat","background-position":"center center","background-size":"auto","background-attachment":"scroll","background-type":"","background-media":"","overlay-type":"","overlay-color":"","overlay-opacity":"","overlay-gradient":""},"tablet":{"background-color":"","background-image":"","background-repeat":"repeat","background-position":"center center","background-size":"auto","background-attachment":"scroll","background-type":"","background-media":"","overlay-type":"","overlay-color":"","overlay-opacity":"","overlay-gradient":""},"mobile":{"background-color":"","background-image":"","background-repeat":"repeat","background-position":"center center","background-size":"auto","background-attachment":"scroll","background-type":"","background-media":"","overlay-type":"","overlay-color":"","overlay-opacity":"","overlay-gradient":""}},"ast-content-background-meta":{"desktop":{"background-color":"var(--ast-global-color-5)","background-image":"","background-repeat":"repeat","background-position":"center center","background-size":"auto","background-attachment":"scroll","background-type":"","background-media":"","overlay-type":"","overlay-color":"","overlay-opacity":"","overlay-gradient":""},"tablet":{"background-color":"var(--ast-global-color-5)","background-image":"","background-repeat":"repeat","background-position":"center center","background-size":"auto","background-attachment":"scroll","background-type":"","background-media":"","overlay-type":"","overlay-color":"","overlay-opacity":"","overlay-gradient":""},"mobile":{"background-color":"var(--ast-global-color-5)","background-image":"","background-repeat":"repeat","background-position":"center center","background-size":"auto","background-attachment":"scroll","background-type":"","background-media":"","overlay-type":"","overlay-color":"","overlay-opacity":"","overlay-gradient":""}}},"pwb-brand":[689],"product_brand":[],"product_cat":[298],"product_tag":[447,455,453,454],"class_list":{"0":"post-721","1":"product","2":"type-product","3":"status-publish","4":"has-post-thumbnail","6":"pwb-brand-cantine-fina","7":"product_cat-bianchi","8":"product_tag-fina","9":"product_tag-taif","10":"product_tag-vino-liquoroso","11":"product_tag-zibibbo","12":"desktop-align-center","13":"tablet-align-center","14":"mobile-align-center","15":"ast-product-gallery-layout-horizontal-slider","16":"ast-product-gallery-with-no-image","17":"ast-magnify-disabled","18":"ast-product-tabs-layout-horizontal","19":"ast-qv-on-image","21":"first","22":"outofstock","23":"shipping-taxable","24":"purchasable","25":"product-type-simple"},"yoast_head":"<!-- This site is optimized with the Yoast SEO plugin v27.2 - https:\/\/yoast.com\/product\/yoast-seo-wordpress\/ -->\n<title>Taif Zibibbo Secco - Cantina Fin\u00e0 | Acquista Online su Reliquo<\/title>\n<meta name=\"description\" content=\"Scopri Taif Zibibbo Secco - Cantina Fin\u00e0 su Reliquo: qualit\u00e0 garantita, spedizioni rapide e prezzi competitivi. Ordina ora e approfitta delle nostre offerte esclusive.\" \/>\n<meta name=\"robots\" content=\"index, follow, max-snippet:-1, max-image-preview:large, max-video-preview:-1\" \/>\n<link rel=\"canonical\" href=\"http:\/\/reliquo.com\/fr\/taif-zibibbo-dry-2023-cantina-fina\/\" \/>\n<meta property=\"og:locale\" content=\"fr_FR\" \/>\n<meta property=\"og:type\" content=\"article\" \/>\n<meta property=\"og:title\" content=\"Taif Zibibbo Secco - Cantina Fin\u00e0 | Acquista Online su Reliquo\" \/>\n<meta property=\"og:description\" content=\"Scopri Taif Zibibbo Secco - Cantina Fin\u00e0 su Reliquo: qualit\u00e0 garantita, spedizioni rapide e prezzi competitivi. Ordina ora e approfitta delle nostre offerte esclusive.\" \/>\n<meta property=\"og:url\" content=\"http:\/\/reliquo.com\/fr\/taif-zibibbo-dry-2023-cantina-fina\/\" \/>\n<meta property=\"og:site_name\" content=\"Reliquo\" \/>\n<meta property=\"article:modified_time\" content=\"2026-01-19T09:16:29+00:00\" \/>\n<meta property=\"og:image\" content=\"https:\/\/reliquo.com\/wp-content\/uploads\/2024\/12\/Zibibbo-Fina-Taif.png\" \/>\n\t<meta property=\"og:image:width\" content=\"2948\" \/>\n\t<meta property=\"og:image:height\" content=\"2948\" \/>\n\t<meta property=\"og:image:type\" content=\"image\/png\" \/>\n<meta name=\"twitter:card\" content=\"summary_large_image\" \/>\n<meta name=\"twitter:label1\" content=\"Dur\u00e9e de lecture estim\u00e9e\" \/>\n\t<meta name=\"twitter:data1\" content=\"2 minutes\" \/>\n<script type=\"application\/ld+json\" class=\"yoast-schema-graph\">{\"@context\":\"https:\/\/schema.org\",\"@graph\":[{\"@type\":\"WebPage\",\"@id\":\"http:\/\/reliquo.com\/it\/taif-zibibbo-secco-2023-cantina-fina\/\",\"url\":\"http:\/\/reliquo.com\/it\/taif-zibibbo-secco-2023-cantina-fina\/\",\"name\":\"Taif Zibibbo Secco - Cantina Fin\u00e0 | Acquista Online su Reliquo\",\"isPartOf\":{\"@id\":\"https:\/\/reliquo.com\/es\/#website\"},\"primaryImageOfPage\":{\"@id\":\"http:\/\/reliquo.com\/it\/taif-zibibbo-secco-2023-cantina-fina\/#primaryimage\"},\"image\":{\"@id\":\"http:\/\/reliquo.com\/it\/taif-zibibbo-secco-2023-cantina-fina\/#primaryimage\"},\"thumbnailUrl\":\"https:\/\/reliquo.com\/wp-content\/uploads\/2024\/12\/Zibibbo-Fina-Taif.png\",\"datePublished\":\"2024-12-17T14:19:01+00:00\",\"dateModified\":\"2026-01-19T09:16:29+00:00\",\"description\":\"Scopri Taif Zibibbo Secco - Cantina Fin\u00e0 su Reliquo: qualit\u00e0 garantita, spedizioni rapide e prezzi competitivi. Ordina ora e approfitta delle nostre offerte esclusive.\",\"breadcrumb\":{\"@id\":\"http:\/\/reliquo.com\/it\/taif-zibibbo-secco-2023-cantina-fina\/#breadcrumb\"},\"inLanguage\":\"fr-FR\",\"potentialAction\":[{\"@type\":\"ReadAction\",\"target\":[\"http:\/\/reliquo.com\/it\/taif-zibibbo-secco-2023-cantina-fina\/\"]}]},{\"@type\":\"ImageObject\",\"inLanguage\":\"fr-FR\",\"@id\":\"http:\/\/reliquo.com\/it\/taif-zibibbo-secco-2023-cantina-fina\/#primaryimage\",\"url\":\"https:\/\/reliquo.com\/wp-content\/uploads\/2024\/12\/Zibibbo-Fina-Taif.png\",\"contentUrl\":\"https:\/\/reliquo.com\/wp-content\/uploads\/2024\/12\/Zibibbo-Fina-Taif.png\",\"width\":2948,\"height\":2948,\"caption\":\"Taif Zibibbo Secco \u2013 Cantina Fin\u00e0\"},{\"@type\":\"BreadcrumbList\",\"@id\":\"http:\/\/reliquo.com\/it\/taif-zibibbo-secco-2023-cantina-fina\/#breadcrumb\",\"itemListElement\":[{\"@type\":\"ListItem\",\"position\":1,\"name\":\"Home\",\"item\":\"http:\/\/reliquo.com\/it\/\"},{\"@type\":\"ListItem\",\"position\":2,\"name\":\"Shop\",\"item\":\"http:\/\/reliquo.com\/it\/shop\/\"},{\"@type\":\"ListItem\",\"position\":3,\"name\":\"Taif Zibibbo Secco &#8211; Cantina Fin\u00e0\"}]},{\"@type\":\"WebSite\",\"@id\":\"https:\/\/reliquo.com\/es\/#website\",\"url\":\"https:\/\/reliquo.com\/es\/\",\"name\":\"Reliquo\",\"description\":\"La tua enoteca online: scopri vini, liquori e distillati d\u2019eccellenza.\",\"publisher\":{\"@id\":\"https:\/\/reliquo.com\/es\/#organization\"},\"potentialAction\":[{\"@type\":\"SearchAction\",\"target\":{\"@type\":\"EntryPoint\",\"urlTemplate\":\"https:\/\/reliquo.com\/es\/?s={search_term_string}\"},\"query-input\":{\"@type\":\"PropertyValueSpecification\",\"valueRequired\":true,\"valueName\":\"search_term_string\"}}],\"inLanguage\":\"fr-FR\"},{\"@type\":\"Organization\",\"@id\":\"https:\/\/reliquo.com\/es\/#organization\",\"name\":\"Reliquo\",\"url\":\"https:\/\/reliquo.com\/es\/\",\"logo\":{\"@type\":\"ImageObject\",\"inLanguage\":\"fr-FR\",\"@id\":\"https:\/\/reliquo.com\/es\/#\/schema\/logo\/image\/\",\"url\":\"https:\/\/reliquo.com\/wp-content\/uploads\/2024\/12\/cropped-favicon-1.png\",\"contentUrl\":\"https:\/\/reliquo.com\/wp-content\/uploads\/2024\/12\/cropped-favicon-1.png\",\"width\":512,\"height\":512,\"caption\":\"Reliquo\"},\"image\":{\"@id\":\"https:\/\/reliquo.com\/es\/#\/schema\/logo\/image\/\"}}]}<\/script>\n<!-- \/ Yoast SEO plugin. -->","yoast_head_json":{"title":"Taif Dry Zibibbo - Cantina Fin\u00e0 | Acheter en ligne sur Reliquo","description":"D\u00e9couvrez Taif Zibibbo Secco - Cantina Fin\u00e0 chez Reliquo : qualit\u00e9 garantie, livraison rapide et prix comp\u00e9titifs. Commandez maintenant et profitez de nos offres exclusives.","robots":{"index":"index","follow":"follow","max-snippet":"max-snippet:-1","max-image-preview":"max-image-preview:large","max-video-preview":"max-video-preview:-1"},"canonical":"http:\/\/reliquo.com\/fr\/taif-zibibbo-dry-2023-cantina-fina\/","og_locale":"fr_FR","og_type":"article","og_title":"Taif Zibibbo Secco - Cantina Fin\u00e0 | Acquista Online su Reliquo","og_description":"Scopri Taif Zibibbo Secco - Cantina Fin\u00e0 su Reliquo: qualit\u00e0 garantita, spedizioni rapide e prezzi competitivi. Ordina ora e approfitta delle nostre offerte esclusive.","og_url":"http:\/\/reliquo.com\/fr\/taif-zibibbo-dry-2023-cantina-fina\/","og_site_name":"Reliquo","article_modified_time":"2026-01-19T09:16:29+00:00","og_image":[{"width":2948,"height":2948,"url":"https:\/\/reliquo.com\/wp-content\/uploads\/2024\/12\/Zibibbo-Fina-Taif.png","type":"image\/png"}],"twitter_card":"summary_large_image","twitter_misc":{"Dur\u00e9e de lecture estim\u00e9e":"2 minutes"},"schema":{"@context":"https:\/\/schema.org","@graph":[{"@type":"WebPage","@id":"http:\/\/reliquo.com\/it\/taif-zibibbo-secco-2023-cantina-fina\/","url":"http:\/\/reliquo.com\/it\/taif-zibibbo-secco-2023-cantina-fina\/","name":"Taif Dry Zibibbo - Cantina Fin\u00e0 | Acheter en ligne sur Reliquo","isPartOf":{"@id":"https:\/\/reliquo.com\/es\/#website"},"primaryImageOfPage":{"@id":"http:\/\/reliquo.com\/it\/taif-zibibbo-secco-2023-cantina-fina\/#primaryimage"},"image":{"@id":"http:\/\/reliquo.com\/it\/taif-zibibbo-secco-2023-cantina-fina\/#primaryimage"},"thumbnailUrl":"https:\/\/reliquo.com\/wp-content\/uploads\/2024\/12\/Zibibbo-Fina-Taif.png","datePublished":"2024-12-17T14:19:01+00:00","dateModified":"2026-01-19T09:16:29+00:00","description":"D\u00e9couvrez Taif Zibibbo Secco - Cantina Fin\u00e0 chez Reliquo : qualit\u00e9 garantie, livraison rapide et prix comp\u00e9titifs. Commandez maintenant et profitez de nos offres exclusives.","breadcrumb":{"@id":"http:\/\/reliquo.com\/it\/taif-zibibbo-secco-2023-cantina-fina\/#breadcrumb"},"inLanguage":"fr-FR","potentialAction":[{"@type":"ReadAction","target":["http:\/\/reliquo.com\/it\/taif-zibibbo-secco-2023-cantina-fina\/"]}]},{"@type":"ImageObject","inLanguage":"fr-FR","@id":"http:\/\/reliquo.com\/it\/taif-zibibbo-secco-2023-cantina-fina\/#primaryimage","url":"https:\/\/reliquo.com\/wp-content\/uploads\/2024\/12\/Zibibbo-Fina-Taif.png","contentUrl":"https:\/\/reliquo.com\/wp-content\/uploads\/2024\/12\/Zibibbo-Fina-Taif.png","width":2948,"height":2948,"caption":"Taif Zibibbo Secco \u2013 Cantina Fin\u00e0"},{"@type":"BreadcrumbList","@id":"http:\/\/reliquo.com\/it\/taif-zibibbo-secco-2023-cantina-fina\/#breadcrumb","itemListElement":[{"@type":"ListItem","position":1,"name":"Home","item":"http:\/\/reliquo.com\/it\/"},{"@type":"ListItem","position":2,"name":"Shop","item":"http:\/\/reliquo.com\/it\/shop\/"},{"@type":"ListItem","position":3,"name":"Taif Zibibbo Secco &#8211; Cantina Fin\u00e0"}]},{"@type":"WebSite","@id":"https:\/\/reliquo.com\/es\/#website","url":"https:\/\/reliquo.com\/es\/","name":"Reliquo","description":"Votre magasin de vin en ligne : d\u00e9couvrez d'excellents vins, spiritueux et liqueurs.","publisher":{"@id":"https:\/\/reliquo.com\/es\/#organization"},"potentialAction":[{"@type":"SearchAction","target":{"@type":"EntryPoint","urlTemplate":"https:\/\/reliquo.com\/es\/?s={search_term_string}"},"query-input":{"@type":"PropertyValueSpecification","valueRequired":true,"valueName":"search_term_string"}}],"inLanguage":"fr-FR"},{"@type":"Organization","@id":"https:\/\/reliquo.com\/es\/#organization","name":"Reliquo","url":"https:\/\/reliquo.com\/es\/","logo":{"@type":"ImageObject","inLanguage":"fr-FR","@id":"https:\/\/reliquo.com\/es\/#\/schema\/logo\/image\/","url":"https:\/\/reliquo.com\/wp-content\/uploads\/2024\/12\/cropped-favicon-1.png","contentUrl":"https:\/\/reliquo.com\/wp-content\/uploads\/2024\/12\/cropped-favicon-1.png","width":512,"height":512,"caption":"Reliquo"},"image":{"@id":"https:\/\/reliquo.com\/es\/#\/schema\/logo\/image\/"}}]}},"jetpack_sharing_enabled":true,"brands":[{"id":689,"name":"Caves Fina","slug":"caves-fina"}],"_links":{"self":[{"href":"https:\/\/reliquo.com\/fr\/wp-json\/wp\/v2\/product\/721","targetHints":{"allow":["GET"]}}],"collection":[{"href":"https:\/\/reliquo.com\/fr\/wp-json\/wp\/v2\/product"}],"about":[{"href":"https:\/\/reliquo.com\/fr\/wp-json\/wp\/v2\/types\/product"}],"wp:featuredmedia":[{"embeddable":true,"href":"https:\/\/reliquo.com\/fr\/wp-json\/wp\/v2\/media\/417"}],"wp:attachment":[{"href":"https:\/\/reliquo.com\/fr\/wp-json\/wp\/v2\/media?parent=721"}],"wp:term":[{"taxonomy":"pwb-brand","embeddable":true,"href":"https:\/\/reliquo.com\/fr\/wp-json\/wp\/v2\/pwb-brand?post=721"},{"taxonomy":"product_brand","embeddable":true,"href":"https:\/\/reliquo.com\/fr\/wp-json\/wp\/v2\/product_brand?post=721"},{"taxonomy":"product_cat","embeddable":true,"href":"https:\/\/reliquo.com\/fr\/wp-json\/wp\/v2\/product_cat?post=721"},{"taxonomy":"product_tag","embeddable":true,"href":"https:\/\/reliquo.com\/fr\/wp-json\/wp\/v2\/product_tag?post=721"}],"curies":[{"name":"wp","href":"https:\/\/api.w.org\/{rel}","templated":true}]}}