{"id":716,"date":"2024-12-17T15:19:01","date_gmt":"2024-12-17T14:19:01","guid":{"rendered":"https:\/\/reliquo.com\/?post_type=product&#038;p=716"},"modified":"2026-02-25T10:09:08","modified_gmt":"2026-02-25T09:09:08","slug":"kike-traminer-sauvignon-2023-cantine-fina","status":"publish","type":"product","link":"https:\/\/reliquo.com\/fr\/kike-traminer-sauvignon-2023-cantine-fina\/","title":{"rendered":"Kik\u00e9 Traminer Sauvignon - Cantine Fin\u00e0"},"content":{"rendered":"<p>Le vin blanc Kik\u00e8 est l'une des \u00e9tiquettes les plus c\u00e9l\u00e8bres et les plus repr\u00e9sentatives de la Cantine Fina, n\u00e9e de l'id\u00e9e g\u00e9niale d'interpr\u00e9ter au mieux les potentialit\u00e9s du territoire de la Sicile occidentale gr\u00e2ce \u00e0 l'utilisation de c\u00e9pages internationaux. En effet, il s'agit d'une interpr\u00e9tation aromatique et m\u00e9diterran\u00e9enne du Gewurztraminer, enrichi d'un petit pourcentage de Sauvignon, qui est devenu le porte-drapeau du territoire de Marsala et de la R\u00e9serve naturelle des \u00eeles Stagnone, o\u00f9 se trouve la cave.Le Kik\u00e8 de la Cantine Fina est le fils d'un territoire extraordinairement adapt\u00e9 et unique, caract\u00e9ris\u00e9 par des brises marines riches en sel et une exposition solaire intense. Ici, les vignes de Traminer Aromatico semblent s'\u00eatre acclimat\u00e9es au mieux, donnant naissance \u00e0 des fruits marqu\u00e9s par les ar\u00f4mes primaires typiques du c\u00e9page, avec des nuances marines et m\u00e9diterran\u00e9ennes. Le processus de production, r\u00e9alis\u00e9 \u00e0 l'aide de technologies modernes et respectueuses de l'environnement, avec vinification et vieillissement en acier inoxydable, vise \u00e0 obtenir l'expression la plus riche, exub\u00e9rante et compl\u00e8te du bouquet aromatique typique qui a rendu le Gewurztraminer c\u00e9l\u00e8bre dans le monde entier.Fascinant, extraverti et tropical, le vin Kik\u00e8 Fina enchante les sens d\u00e8s la premi\u00e8re approche, en entra\u00eenant le d\u00e9gustateur dans une exp\u00e9rience de d\u00e9gustation riche, plaisante et imm\u00e9diate. La couleur vive, tirant sur le dor\u00e9, avec laquelle il est pr\u00e9sent\u00e9 dans le gobelet \u00e9voque un sc\u00e9nario chaud et ensoleill\u00e9 dans lequel les raisins ont pu m\u00fbrir pleinement, en s'exprimant pleinement et sans r\u00e9ticence. Le bouquet est riche, luxuriant et \u00e9clatant, domin\u00e9 par des nuances fruit\u00e9es et tropicales et des notes d'agrumes doux et m\u00fbrs, de fleur d'oranger et d'herbes aromatiques. L'influence du terroir de Marsala se manifeste par un agr\u00e9able et subtil contrepoint salin et presque saum\u00e2tre. Le go\u00fbt est en accord avec le profil olfactif, r\u00e9v\u00e9lant douceur, profondeur, richesse, saveur et ar\u00f4mes fruit\u00e9s intenses. Ainsi, le visage hi\u00e9ratique du Traminer Aromatico a pris les connotations de la Sicile et affiche une expression estivale et m\u00e9diterran\u00e9enne, portant les couleurs de la mer, du soleil et des marais salants.<\/p>","protected":false},"excerpt":{"rendered":"<p>Il vino bianco Kik\u00e8 \u00e8 una delle pi\u00f9 celebri e rappresentative etichette delle Cantine Fina, nato dalla grande idea di [&hellip;]<\/p>\n","protected":false},"featured_media":298,"template":"","meta":{"site-sidebar-layout":"","site-content-layout":"","ast-site-content-layout":"","site-content-style":"","site-sidebar-style":"","ast-global-header-display":"","ast-banner-title-visibility":"","ast-main-header-display":"","ast-hfb-above-header-display":"","ast-hfb-below-header-display":"","ast-hfb-mobile-header-display":"","site-post-title":"","ast-breadcrumbs-content":"","ast-featured-img":"","footer-sml-layout":"","ast-disable-related-posts":"","theme-transparent-header-meta":"","adv-header-id-meta":"","stick-header-meta":"","header-above-stick-meta":"","header-main-stick-meta":"","header-below-stick-meta":"","astra-migrate-meta-layouts":"","ast-page-background-enabled":"default","ast-page-background-meta":{"desktop":{"background-color":"var(--ast-global-color-4)","background-image":"","background-repeat":"repeat","background-position":"center center","background-size":"auto","background-attachment":"scroll","background-type":"","background-media":"","overlay-type":"","overlay-color":"","overlay-opacity":"","overlay-gradient":""},"tablet":{"background-color":"","background-image":"","background-repeat":"repeat","background-position":"center center","background-size":"auto","background-attachment":"scroll","background-type":"","background-media":"","overlay-type":"","overlay-color":"","overlay-opacity":"","overlay-gradient":""},"mobile":{"background-color":"","background-image":"","background-repeat":"repeat","background-position":"center center","background-size":"auto","background-attachment":"scroll","background-type":"","background-media":"","overlay-type":"","overlay-color":"","overlay-opacity":"","overlay-gradient":""}},"ast-content-background-meta":{"desktop":{"background-color":"var(--ast-global-color-5)","background-image":"","background-repeat":"repeat","background-position":"center center","background-size":"auto","background-attachment":"scroll","background-type":"","background-media":"","overlay-type":"","overlay-color":"","overlay-opacity":"","overlay-gradient":""},"tablet":{"background-color":"var(--ast-global-color-5)","background-image":"","background-repeat":"repeat","background-position":"center center","background-size":"auto","background-attachment":"scroll","background-type":"","background-media":"","overlay-type":"","overlay-color":"","overlay-opacity":"","overlay-gradient":""},"mobile":{"background-color":"var(--ast-global-color-5)","background-image":"","background-repeat":"repeat","background-position":"center center","background-size":"auto","background-attachment":"scroll","background-type":"","background-media":"","overlay-type":"","overlay-color":"","overlay-opacity":"","overlay-gradient":""}}},"pwb-brand":[689],"product_brand":[],"product_cat":[298,288],"product_tag":[443,447,446,445,444,442],"class_list":{"0":"post-716","1":"product","2":"type-product","3":"status-publish","4":"has-post-thumbnail","6":"pwb-brand-cantine-fina","7":"product_cat-bianchi","8":"product_cat-vini","9":"product_tag-bianco","10":"product_tag-fina","11":"product_tag-kike","12":"product_tag-sauvignon","13":"product_tag-traiminer","14":"product_tag-vino","15":"desktop-align-center","16":"tablet-align-center","17":"mobile-align-center","18":"ast-product-gallery-layout-horizontal-slider","19":"ast-product-gallery-with-no-image","20":"ast-magnify-disabled","21":"ast-product-tabs-layout-horizontal","22":"ast-qv-on-image","24":"first","25":"instock","26":"shipping-taxable","27":"purchasable","28":"product-type-simple"},"yoast_head":"<!-- This site is optimized with the Yoast SEO plugin v27.2 - https:\/\/yoast.com\/product\/yoast-seo-wordpress\/ -->\n<title>Kik\u00e9 Traminer Sauvignon - Cantine Fin\u00e0 | Acquista Online su Reliquo<\/title>\n<meta name=\"description\" content=\"Scopri Kik\u00e9 Traminer Sauvignon - Cantine Fin\u00e0 su Reliquo: qualit\u00e0 garantita, spedizioni rapide e prezzi competitivi. Ordina ora e approfitta delle nostre offerte esclusive.\" \/>\n<meta name=\"robots\" content=\"index, follow, max-snippet:-1, max-image-preview:large, max-video-preview:-1\" \/>\n<link rel=\"canonical\" href=\"http:\/\/reliquo.com\/fr\/kike-traminer-sauvignon-2023-cantine-fina\/\" \/>\n<meta property=\"og:locale\" content=\"fr_FR\" \/>\n<meta property=\"og:type\" content=\"article\" \/>\n<meta property=\"og:title\" content=\"Kik\u00e9 Traminer Sauvignon - Cantine Fin\u00e0 | Acquista Online su Reliquo\" \/>\n<meta property=\"og:description\" content=\"Scopri Kik\u00e9 Traminer Sauvignon - Cantine Fin\u00e0 su Reliquo: qualit\u00e0 garantita, spedizioni rapide e prezzi competitivi. Ordina ora e approfitta delle nostre offerte esclusive.\" \/>\n<meta property=\"og:url\" content=\"http:\/\/reliquo.com\/fr\/kike-traminer-sauvignon-2023-cantine-fina\/\" \/>\n<meta property=\"og:site_name\" content=\"Reliquo\" \/>\n<meta property=\"article:modified_time\" content=\"2026-02-25T09:09:08+00:00\" \/>\n<meta property=\"og:image\" content=\"https:\/\/reliquo.com\/wp-content\/uploads\/2024\/12\/Fina-Kike.png\" \/>\n\t<meta property=\"og:image:width\" content=\"2960\" \/>\n\t<meta property=\"og:image:height\" content=\"2960\" \/>\n\t<meta property=\"og:image:type\" content=\"image\/png\" \/>\n<meta name=\"twitter:card\" content=\"summary_large_image\" \/>\n<meta name=\"twitter:label1\" content=\"Dur\u00e9e de lecture estim\u00e9e\" \/>\n\t<meta name=\"twitter:data1\" content=\"2 minutes\" \/>\n<script type=\"application\/ld+json\" class=\"yoast-schema-graph\">{\"@context\":\"https:\/\/schema.org\",\"@graph\":[{\"@type\":\"WebPage\",\"@id\":\"http:\/\/reliquo.com\/it\/kike-traminer-sauvignon-2023-cantine-fina\/\",\"url\":\"http:\/\/reliquo.com\/it\/kike-traminer-sauvignon-2023-cantine-fina\/\",\"name\":\"Kik\u00e9 Traminer Sauvignon - Cantine Fin\u00e0 | Acquista Online su Reliquo\",\"isPartOf\":{\"@id\":\"https:\/\/reliquo.com\/es\/#website\"},\"primaryImageOfPage\":{\"@id\":\"http:\/\/reliquo.com\/it\/kike-traminer-sauvignon-2023-cantine-fina\/#primaryimage\"},\"image\":{\"@id\":\"http:\/\/reliquo.com\/it\/kike-traminer-sauvignon-2023-cantine-fina\/#primaryimage\"},\"thumbnailUrl\":\"https:\/\/reliquo.com\/wp-content\/uploads\/2024\/12\/Fina-Kike.png\",\"datePublished\":\"2024-12-17T14:19:01+00:00\",\"dateModified\":\"2026-02-25T09:09:08+00:00\",\"description\":\"Scopri Kik\u00e9 Traminer Sauvignon - Cantine Fin\u00e0 su Reliquo: qualit\u00e0 garantita, spedizioni rapide e prezzi competitivi. Ordina ora e approfitta delle nostre offerte esclusive.\",\"breadcrumb\":{\"@id\":\"http:\/\/reliquo.com\/it\/kike-traminer-sauvignon-2023-cantine-fina\/#breadcrumb\"},\"inLanguage\":\"fr-FR\",\"potentialAction\":[{\"@type\":\"ReadAction\",\"target\":[\"http:\/\/reliquo.com\/it\/kike-traminer-sauvignon-2023-cantine-fina\/\"]}]},{\"@type\":\"ImageObject\",\"inLanguage\":\"fr-FR\",\"@id\":\"http:\/\/reliquo.com\/it\/kike-traminer-sauvignon-2023-cantine-fina\/#primaryimage\",\"url\":\"https:\/\/reliquo.com\/wp-content\/uploads\/2024\/12\/Fina-Kike.png\",\"contentUrl\":\"https:\/\/reliquo.com\/wp-content\/uploads\/2024\/12\/Fina-Kike.png\",\"width\":2960,\"height\":2960,\"caption\":\"Kik\u00e9 Traminer Sauvignon \u2013 Cantine Fin\u00e0\"},{\"@type\":\"BreadcrumbList\",\"@id\":\"http:\/\/reliquo.com\/it\/kike-traminer-sauvignon-2023-cantine-fina\/#breadcrumb\",\"itemListElement\":[{\"@type\":\"ListItem\",\"position\":1,\"name\":\"Home\",\"item\":\"http:\/\/reliquo.com\/it\/\"},{\"@type\":\"ListItem\",\"position\":2,\"name\":\"Shop\",\"item\":\"http:\/\/reliquo.com\/it\/shop\/\"},{\"@type\":\"ListItem\",\"position\":3,\"name\":\"Kik\u00e9 Traminer Sauvignon &#8211; Cantine Fin\u00e0\"}]},{\"@type\":\"WebSite\",\"@id\":\"https:\/\/reliquo.com\/es\/#website\",\"url\":\"https:\/\/reliquo.com\/es\/\",\"name\":\"Reliquo\",\"description\":\"La tua enoteca online: scopri vini, liquori e distillati d\u2019eccellenza.\",\"publisher\":{\"@id\":\"https:\/\/reliquo.com\/es\/#organization\"},\"potentialAction\":[{\"@type\":\"SearchAction\",\"target\":{\"@type\":\"EntryPoint\",\"urlTemplate\":\"https:\/\/reliquo.com\/es\/?s={search_term_string}\"},\"query-input\":{\"@type\":\"PropertyValueSpecification\",\"valueRequired\":true,\"valueName\":\"search_term_string\"}}],\"inLanguage\":\"fr-FR\"},{\"@type\":\"Organization\",\"@id\":\"https:\/\/reliquo.com\/es\/#organization\",\"name\":\"Reliquo\",\"url\":\"https:\/\/reliquo.com\/es\/\",\"logo\":{\"@type\":\"ImageObject\",\"inLanguage\":\"fr-FR\",\"@id\":\"https:\/\/reliquo.com\/es\/#\/schema\/logo\/image\/\",\"url\":\"https:\/\/reliquo.com\/wp-content\/uploads\/2024\/12\/cropped-favicon-1.png\",\"contentUrl\":\"https:\/\/reliquo.com\/wp-content\/uploads\/2024\/12\/cropped-favicon-1.png\",\"width\":512,\"height\":512,\"caption\":\"Reliquo\"},\"image\":{\"@id\":\"https:\/\/reliquo.com\/es\/#\/schema\/logo\/image\/\"}}]}<\/script>\n<!-- \/ Yoast SEO plugin. -->","yoast_head_json":{"title":"Kik\u00e9 Traminer Sauvignon - Cantine Fin\u00e0 | Acheter en ligne chez Reliquo","description":"D\u00e9couvrez Kik\u00e9 Traminer Sauvignon - Cantine Fin\u00e0 chez Reliquo : qualit\u00e9 garantie, livraison rapide et prix comp\u00e9titifs. Commandez maintenant et profitez de nos offres exclusives.","robots":{"index":"index","follow":"follow","max-snippet":"max-snippet:-1","max-image-preview":"max-image-preview:large","max-video-preview":"max-video-preview:-1"},"canonical":"http:\/\/reliquo.com\/fr\/kike-traminer-sauvignon-2023-cantine-fina\/","og_locale":"fr_FR","og_type":"article","og_title":"Kik\u00e9 Traminer Sauvignon - Cantine Fin\u00e0 | Acquista Online su Reliquo","og_description":"Scopri Kik\u00e9 Traminer Sauvignon - Cantine Fin\u00e0 su Reliquo: qualit\u00e0 garantita, spedizioni rapide e prezzi competitivi. Ordina ora e approfitta delle nostre offerte esclusive.","og_url":"http:\/\/reliquo.com\/fr\/kike-traminer-sauvignon-2023-cantine-fina\/","og_site_name":"Reliquo","article_modified_time":"2026-02-25T09:09:08+00:00","og_image":[{"width":2960,"height":2960,"url":"https:\/\/reliquo.com\/wp-content\/uploads\/2024\/12\/Fina-Kike.png","type":"image\/png"}],"twitter_card":"summary_large_image","twitter_misc":{"Dur\u00e9e de lecture estim\u00e9e":"2 minutes"},"schema":{"@context":"https:\/\/schema.org","@graph":[{"@type":"WebPage","@id":"http:\/\/reliquo.com\/it\/kike-traminer-sauvignon-2023-cantine-fina\/","url":"http:\/\/reliquo.com\/it\/kike-traminer-sauvignon-2023-cantine-fina\/","name":"Kik\u00e9 Traminer Sauvignon - Cantine Fin\u00e0 | Acheter en ligne chez Reliquo","isPartOf":{"@id":"https:\/\/reliquo.com\/es\/#website"},"primaryImageOfPage":{"@id":"http:\/\/reliquo.com\/it\/kike-traminer-sauvignon-2023-cantine-fina\/#primaryimage"},"image":{"@id":"http:\/\/reliquo.com\/it\/kike-traminer-sauvignon-2023-cantine-fina\/#primaryimage"},"thumbnailUrl":"https:\/\/reliquo.com\/wp-content\/uploads\/2024\/12\/Fina-Kike.png","datePublished":"2024-12-17T14:19:01+00:00","dateModified":"2026-02-25T09:09:08+00:00","description":"D\u00e9couvrez Kik\u00e9 Traminer Sauvignon - Cantine Fin\u00e0 chez Reliquo : qualit\u00e9 garantie, livraison rapide et prix comp\u00e9titifs. Commandez maintenant et profitez de nos offres exclusives.","breadcrumb":{"@id":"http:\/\/reliquo.com\/it\/kike-traminer-sauvignon-2023-cantine-fina\/#breadcrumb"},"inLanguage":"fr-FR","potentialAction":[{"@type":"ReadAction","target":["http:\/\/reliquo.com\/it\/kike-traminer-sauvignon-2023-cantine-fina\/"]}]},{"@type":"ImageObject","inLanguage":"fr-FR","@id":"http:\/\/reliquo.com\/it\/kike-traminer-sauvignon-2023-cantine-fina\/#primaryimage","url":"https:\/\/reliquo.com\/wp-content\/uploads\/2024\/12\/Fina-Kike.png","contentUrl":"https:\/\/reliquo.com\/wp-content\/uploads\/2024\/12\/Fina-Kike.png","width":2960,"height":2960,"caption":"Kik\u00e9 Traminer Sauvignon \u2013 Cantine Fin\u00e0"},{"@type":"BreadcrumbList","@id":"http:\/\/reliquo.com\/it\/kike-traminer-sauvignon-2023-cantine-fina\/#breadcrumb","itemListElement":[{"@type":"ListItem","position":1,"name":"Home","item":"http:\/\/reliquo.com\/it\/"},{"@type":"ListItem","position":2,"name":"Shop","item":"http:\/\/reliquo.com\/it\/shop\/"},{"@type":"ListItem","position":3,"name":"Kik\u00e9 Traminer Sauvignon &#8211; Cantine Fin\u00e0"}]},{"@type":"WebSite","@id":"https:\/\/reliquo.com\/es\/#website","url":"https:\/\/reliquo.com\/es\/","name":"Reliquo","description":"Votre magasin de vin en ligne : d\u00e9couvrez d'excellents vins, spiritueux et liqueurs.","publisher":{"@id":"https:\/\/reliquo.com\/es\/#organization"},"potentialAction":[{"@type":"SearchAction","target":{"@type":"EntryPoint","urlTemplate":"https:\/\/reliquo.com\/es\/?s={search_term_string}"},"query-input":{"@type":"PropertyValueSpecification","valueRequired":true,"valueName":"search_term_string"}}],"inLanguage":"fr-FR"},{"@type":"Organization","@id":"https:\/\/reliquo.com\/es\/#organization","name":"Reliquo","url":"https:\/\/reliquo.com\/es\/","logo":{"@type":"ImageObject","inLanguage":"fr-FR","@id":"https:\/\/reliquo.com\/es\/#\/schema\/logo\/image\/","url":"https:\/\/reliquo.com\/wp-content\/uploads\/2024\/12\/cropped-favicon-1.png","contentUrl":"https:\/\/reliquo.com\/wp-content\/uploads\/2024\/12\/cropped-favicon-1.png","width":512,"height":512,"caption":"Reliquo"},"image":{"@id":"https:\/\/reliquo.com\/es\/#\/schema\/logo\/image\/"}}]}},"jetpack_sharing_enabled":true,"brands":[{"id":689,"name":"Caves Fina","slug":"caves-fina"}],"_links":{"self":[{"href":"https:\/\/reliquo.com\/fr\/wp-json\/wp\/v2\/product\/716","targetHints":{"allow":["GET"]}}],"collection":[{"href":"https:\/\/reliquo.com\/fr\/wp-json\/wp\/v2\/product"}],"about":[{"href":"https:\/\/reliquo.com\/fr\/wp-json\/wp\/v2\/types\/product"}],"wp:featuredmedia":[{"embeddable":true,"href":"https:\/\/reliquo.com\/fr\/wp-json\/wp\/v2\/media\/298"}],"wp:attachment":[{"href":"https:\/\/reliquo.com\/fr\/wp-json\/wp\/v2\/media?parent=716"}],"wp:term":[{"taxonomy":"pwb-brand","embeddable":true,"href":"https:\/\/reliquo.com\/fr\/wp-json\/wp\/v2\/pwb-brand?post=716"},{"taxonomy":"product_brand","embeddable":true,"href":"https:\/\/reliquo.com\/fr\/wp-json\/wp\/v2\/product_brand?post=716"},{"taxonomy":"product_cat","embeddable":true,"href":"https:\/\/reliquo.com\/fr\/wp-json\/wp\/v2\/product_cat?post=716"},{"taxonomy":"product_tag","embeddable":true,"href":"https:\/\/reliquo.com\/fr\/wp-json\/wp\/v2\/product_tag?post=716"}],"curies":[{"name":"wp","href":"https:\/\/api.w.org\/{rel}","templated":true}]}}