{"id":693,"date":"2024-12-17T15:18:57","date_gmt":"2024-12-17T14:18:57","guid":{"rendered":"https:\/\/reliquo.com\/?post_type=product&#038;p=693"},"modified":"2026-02-19T12:16:43","modified_gmt":"2026-02-19T11:16:43","slug":"limoncello-virtus-70-cl","status":"publish","type":"product","link":"https:\/\/reliquo.com\/fr\/limoncello-virtus-70-cl\/","title":{"rendered":"Limoncello Virtus &#8211; 1 LT"},"content":{"rendered":"<p>Produit \u00e0 partir des \u00e9corces trait\u00e9es et ferment\u00e9es de citrons siciliens biologiques s\u00e9lectionn\u00e9s, Limoncello Virtus est une liqueur douce et d\u00e9licate \u00e0 la saveur unique et \u00e0 l'ar\u00f4me intense et inimitable. Elle est recommand\u00e9e glac\u00e9e comme digestif, pour accompagner les glaces et les salades de fruits, mais aussi comme base pour les cocktails et les long drinks.<\/p>","protected":false},"excerpt":{"rendered":"<p>Prodotto con scorze lavorate e fermentate di selezionati limoni biologici siciliani, il Limoncello Virtus \u00e8 un liquore dolce e delicato [&hellip;]<\/p>\n","protected":false},"featured_media":152,"template":"","meta":{"site-sidebar-layout":"default","site-content-layout":"","ast-site-content-layout":"default","site-content-style":"default","site-sidebar-style":"default","ast-global-header-display":"","ast-banner-title-visibility":"","ast-main-header-display":"","ast-hfb-above-header-display":"","ast-hfb-below-header-display":"","ast-hfb-mobile-header-display":"","site-post-title":"","ast-breadcrumbs-content":"","ast-featured-img":"","footer-sml-layout":"","ast-disable-related-posts":"","theme-transparent-header-meta":"default","adv-header-id-meta":"","stick-header-meta":"default","header-above-stick-meta":"","header-main-stick-meta":"","header-below-stick-meta":"","astra-migrate-meta-layouts":"set","ast-page-background-enabled":"default","ast-page-background-meta":{"desktop":{"background-color":"var(--ast-global-color-4)","background-image":"","background-repeat":"repeat","background-position":"center center","background-size":"auto","background-attachment":"scroll","background-type":"","background-media":"","overlay-type":"","overlay-color":"","overlay-opacity":"","overlay-gradient":""},"tablet":{"background-color":"","background-image":"","background-repeat":"repeat","background-position":"center center","background-size":"auto","background-attachment":"scroll","background-type":"","background-media":"","overlay-type":"","overlay-color":"","overlay-opacity":"","overlay-gradient":""},"mobile":{"background-color":"","background-image":"","background-repeat":"repeat","background-position":"center center","background-size":"auto","background-attachment":"scroll","background-type":"","background-media":"","overlay-type":"","overlay-color":"","overlay-opacity":"","overlay-gradient":""}},"ast-content-background-meta":{"desktop":{"background-color":"var(--ast-global-color-5)","background-image":"","background-repeat":"repeat","background-position":"center center","background-size":"auto","background-attachment":"scroll","background-type":"","background-media":"","overlay-type":"","overlay-color":"","overlay-opacity":"","overlay-gradient":""},"tablet":{"background-color":"var(--ast-global-color-5)","background-image":"","background-repeat":"repeat","background-position":"center center","background-size":"auto","background-attachment":"scroll","background-type":"","background-media":"","overlay-type":"","overlay-color":"","overlay-opacity":"","overlay-gradient":""},"mobile":{"background-color":"var(--ast-global-color-5)","background-image":"","background-repeat":"repeat","background-position":"center center","background-size":"auto","background-attachment":"scroll","background-type":"","background-media":"","overlay-type":"","overlay-color":"","overlay-opacity":"","overlay-gradient":""}}},"pwb-brand":[707],"product_brand":[],"product_cat":[297],"product_tag":[403,407],"class_list":{"0":"post-693","1":"product","2":"type-product","3":"status-publish","4":"has-post-thumbnail","6":"pwb-brand-giuseppe-bianchi-distillati","7":"product_cat-liquori","8":"product_tag-limoncello","9":"product_tag-virtus","10":"desktop-align-center","11":"tablet-align-center","12":"mobile-align-center","13":"ast-product-gallery-layout-horizontal-slider","14":"ast-product-gallery-with-no-image","15":"ast-magnify-disabled","16":"ast-product-tabs-layout-horizontal","17":"ast-qv-on-image","19":"first","20":"instock","21":"shipping-taxable","22":"purchasable","23":"product-type-simple"},"yoast_head":"<!-- This site is optimized with the Yoast SEO plugin v27.4 - https:\/\/yoast.com\/product\/yoast-seo-wordpress\/ -->\n<title>Limoncello Virtus - 1 LT | Acquista Online su Reliquo<\/title>\n<meta name=\"description\" content=\"Scopri Limoncello Virtus - 1 LT su Reliquo: qualit\u00e0 garantita, spedizioni rapide e prezzi competitivi. Ordina ora e approfitta delle nostre offerte esclusive.\" \/>\n<meta name=\"robots\" content=\"index, follow, max-snippet:-1, max-image-preview:large, max-video-preview:-1\" \/>\n<link rel=\"canonical\" href=\"http:\/\/reliquo.com\/fr\/limoncello-virtus-70-cl\/\" \/>\n<meta property=\"og:locale\" content=\"fr_FR\" \/>\n<meta property=\"og:type\" content=\"article\" \/>\n<meta property=\"og:title\" content=\"Limoncello Virtus - 1 LT | Acquista Online su Reliquo\" \/>\n<meta property=\"og:description\" content=\"Scopri Limoncello Virtus - 1 LT su Reliquo: qualit\u00e0 garantita, spedizioni rapide e prezzi competitivi. Ordina ora e approfitta delle nostre offerte esclusive.\" \/>\n<meta property=\"og:url\" content=\"http:\/\/reliquo.com\/fr\/limoncello-virtus-70-cl\/\" \/>\n<meta property=\"og:site_name\" content=\"Reliquo\" \/>\n<meta property=\"article:modified_time\" content=\"2026-02-19T11:16:43+00:00\" \/>\n<meta property=\"og:image\" content=\"https:\/\/reliquo.com\/wp-content\/uploads\/2024\/12\/Limoncello-Virtus-1L.png\" \/>\n\t<meta property=\"og:image:width\" content=\"3024\" \/>\n\t<meta property=\"og:image:height\" content=\"3024\" \/>\n\t<meta property=\"og:image:type\" content=\"image\/png\" \/>\n<meta name=\"twitter:card\" content=\"summary_large_image\" \/>\n<meta name=\"twitter:label1\" content=\"Dur\u00e9e de lecture estim\u00e9e\" \/>\n\t<meta name=\"twitter:data1\" content=\"1 minute\" \/>\n<script type=\"application\/ld+json\" class=\"yoast-schema-graph\">{\"@context\":\"https:\\\/\\\/schema.org\",\"@graph\":[{\"@type\":\"WebPage\",\"@id\":\"http:\\\/\\\/reliquo.com\\\/it\\\/limoncello-virtus-70-cl\\\/\",\"url\":\"http:\\\/\\\/reliquo.com\\\/it\\\/limoncello-virtus-70-cl\\\/\",\"name\":\"Limoncello Virtus - 1 LT | Acquista Online su Reliquo\",\"isPartOf\":{\"@id\":\"https:\\\/\\\/reliquo.com\\\/es\\\/#website\"},\"primaryImageOfPage\":{\"@id\":\"http:\\\/\\\/reliquo.com\\\/it\\\/limoncello-virtus-70-cl\\\/#primaryimage\"},\"image\":{\"@id\":\"http:\\\/\\\/reliquo.com\\\/it\\\/limoncello-virtus-70-cl\\\/#primaryimage\"},\"thumbnailUrl\":\"https:\\\/\\\/reliquo.com\\\/wp-content\\\/uploads\\\/2024\\\/12\\\/Limoncello-Virtus-1L.png\",\"datePublished\":\"2024-12-17T14:18:57+00:00\",\"dateModified\":\"2026-02-19T11:16:43+00:00\",\"description\":\"Scopri Limoncello Virtus - 1 LT su Reliquo: qualit\u00e0 garantita, spedizioni rapide e prezzi competitivi. Ordina ora e approfitta delle nostre offerte esclusive.\",\"breadcrumb\":{\"@id\":\"http:\\\/\\\/reliquo.com\\\/it\\\/limoncello-virtus-70-cl\\\/#breadcrumb\"},\"inLanguage\":\"fr-FR\",\"potentialAction\":[{\"@type\":\"ReadAction\",\"target\":[\"http:\\\/\\\/reliquo.com\\\/it\\\/limoncello-virtus-70-cl\\\/\"]}]},{\"@type\":\"ImageObject\",\"inLanguage\":\"fr-FR\",\"@id\":\"http:\\\/\\\/reliquo.com\\\/it\\\/limoncello-virtus-70-cl\\\/#primaryimage\",\"url\":\"https:\\\/\\\/reliquo.com\\\/wp-content\\\/uploads\\\/2024\\\/12\\\/Limoncello-Virtus-1L.png\",\"contentUrl\":\"https:\\\/\\\/reliquo.com\\\/wp-content\\\/uploads\\\/2024\\\/12\\\/Limoncello-Virtus-1L.png\",\"width\":3024,\"height\":3024,\"caption\":\"Limoncello Virtus \u2013 1 LT\"},{\"@type\":\"BreadcrumbList\",\"@id\":\"http:\\\/\\\/reliquo.com\\\/it\\\/limoncello-virtus-70-cl\\\/#breadcrumb\",\"itemListElement\":[{\"@type\":\"ListItem\",\"position\":1,\"name\":\"Home\",\"item\":\"http:\\\/\\\/reliquo.com\\\/it\\\/\"},{\"@type\":\"ListItem\",\"position\":2,\"name\":\"Shop\",\"item\":\"http:\\\/\\\/reliquo.com\\\/it\\\/shop\\\/\"},{\"@type\":\"ListItem\",\"position\":3,\"name\":\"Limoncello Virtus &#8211; 1 LT\"}]},{\"@type\":\"WebSite\",\"@id\":\"https:\\\/\\\/reliquo.com\\\/es\\\/#website\",\"url\":\"https:\\\/\\\/reliquo.com\\\/es\\\/\",\"name\":\"Reliquo\",\"description\":\"La tua enoteca online: scopri vini, liquori e distillati d\u2019eccellenza.\",\"publisher\":{\"@id\":\"https:\\\/\\\/reliquo.com\\\/es\\\/#organization\"},\"potentialAction\":[{\"@type\":\"SearchAction\",\"target\":{\"@type\":\"EntryPoint\",\"urlTemplate\":\"https:\\\/\\\/reliquo.com\\\/es\\\/?s={search_term_string}\"},\"query-input\":{\"@type\":\"PropertyValueSpecification\",\"valueRequired\":true,\"valueName\":\"search_term_string\"}}],\"inLanguage\":\"fr-FR\"},{\"@type\":\"Organization\",\"@id\":\"https:\\\/\\\/reliquo.com\\\/es\\\/#organization\",\"name\":\"Reliquo\",\"url\":\"https:\\\/\\\/reliquo.com\\\/es\\\/\",\"logo\":{\"@type\":\"ImageObject\",\"inLanguage\":\"fr-FR\",\"@id\":\"https:\\\/\\\/reliquo.com\\\/es\\\/#\\\/schema\\\/logo\\\/image\\\/\",\"url\":\"https:\\\/\\\/reliquo.com\\\/wp-content\\\/uploads\\\/2024\\\/12\\\/cropped-favicon-1.png\",\"contentUrl\":\"https:\\\/\\\/reliquo.com\\\/wp-content\\\/uploads\\\/2024\\\/12\\\/cropped-favicon-1.png\",\"width\":512,\"height\":512,\"caption\":\"Reliquo\"},\"image\":{\"@id\":\"https:\\\/\\\/reliquo.com\\\/es\\\/#\\\/schema\\\/logo\\\/image\\\/\"}}]}<\/script>\n<!-- \/ Yoast SEO plugin. -->","yoast_head_json":{"title":"Limoncello Virtus - 1 LT | Acquista Online su Reliquo","description":"Scopri Limoncello Virtus - 1 LT su Reliquo: qualit\u00e0 garantita, spedizioni rapide e prezzi competitivi. Ordina ora e approfitta delle nostre offerte esclusive.","robots":{"index":"index","follow":"follow","max-snippet":"max-snippet:-1","max-image-preview":"max-image-preview:large","max-video-preview":"max-video-preview:-1"},"canonical":"http:\/\/reliquo.com\/fr\/limoncello-virtus-70-cl\/","og_locale":"fr_FR","og_type":"article","og_title":"Limoncello Virtus - 1 LT | Acquista Online su Reliquo","og_description":"Scopri Limoncello Virtus - 1 LT su Reliquo: qualit\u00e0 garantita, spedizioni rapide e prezzi competitivi. Ordina ora e approfitta delle nostre offerte esclusive.","og_url":"http:\/\/reliquo.com\/fr\/limoncello-virtus-70-cl\/","og_site_name":"Reliquo","article_modified_time":"2026-02-19T11:16:43+00:00","og_image":[{"width":3024,"height":3024,"url":"https:\/\/reliquo.com\/wp-content\/uploads\/2024\/12\/Limoncello-Virtus-1L.png","type":"image\/png"}],"twitter_card":"summary_large_image","twitter_misc":{"Dur\u00e9e de lecture estim\u00e9e":"1 minute"},"schema":{"@context":"https:\/\/schema.org","@graph":[{"@type":"WebPage","@id":"http:\/\/reliquo.com\/it\/limoncello-virtus-70-cl\/","url":"http:\/\/reliquo.com\/it\/limoncello-virtus-70-cl\/","name":"Limoncello Virtus - 1 LT | Acquista Online su Reliquo","isPartOf":{"@id":"https:\/\/reliquo.com\/es\/#website"},"primaryImageOfPage":{"@id":"http:\/\/reliquo.com\/it\/limoncello-virtus-70-cl\/#primaryimage"},"image":{"@id":"http:\/\/reliquo.com\/it\/limoncello-virtus-70-cl\/#primaryimage"},"thumbnailUrl":"https:\/\/reliquo.com\/wp-content\/uploads\/2024\/12\/Limoncello-Virtus-1L.png","datePublished":"2024-12-17T14:18:57+00:00","dateModified":"2026-02-19T11:16:43+00:00","description":"Scopri Limoncello Virtus - 1 LT su Reliquo: qualit\u00e0 garantita, spedizioni rapide e prezzi competitivi. Ordina ora e approfitta delle nostre offerte esclusive.","breadcrumb":{"@id":"http:\/\/reliquo.com\/it\/limoncello-virtus-70-cl\/#breadcrumb"},"inLanguage":"fr-FR","potentialAction":[{"@type":"ReadAction","target":["http:\/\/reliquo.com\/it\/limoncello-virtus-70-cl\/"]}]},{"@type":"ImageObject","inLanguage":"fr-FR","@id":"http:\/\/reliquo.com\/it\/limoncello-virtus-70-cl\/#primaryimage","url":"https:\/\/reliquo.com\/wp-content\/uploads\/2024\/12\/Limoncello-Virtus-1L.png","contentUrl":"https:\/\/reliquo.com\/wp-content\/uploads\/2024\/12\/Limoncello-Virtus-1L.png","width":3024,"height":3024,"caption":"Limoncello Virtus \u2013 1 LT"},{"@type":"BreadcrumbList","@id":"http:\/\/reliquo.com\/it\/limoncello-virtus-70-cl\/#breadcrumb","itemListElement":[{"@type":"ListItem","position":1,"name":"Home","item":"http:\/\/reliquo.com\/it\/"},{"@type":"ListItem","position":2,"name":"Shop","item":"http:\/\/reliquo.com\/it\/shop\/"},{"@type":"ListItem","position":3,"name":"Limoncello Virtus &#8211; 1 LT"}]},{"@type":"WebSite","@id":"https:\/\/reliquo.com\/es\/#website","url":"https:\/\/reliquo.com\/es\/","name":"Reliquo","description":"Votre magasin de vin en ligne : d\u00e9couvrez d'excellents vins, spiritueux et liqueurs.","publisher":{"@id":"https:\/\/reliquo.com\/es\/#organization"},"potentialAction":[{"@type":"SearchAction","target":{"@type":"EntryPoint","urlTemplate":"https:\/\/reliquo.com\/es\/?s={search_term_string}"},"query-input":{"@type":"PropertyValueSpecification","valueRequired":true,"valueName":"search_term_string"}}],"inLanguage":"fr-FR"},{"@type":"Organization","@id":"https:\/\/reliquo.com\/es\/#organization","name":"Reliquo","url":"https:\/\/reliquo.com\/es\/","logo":{"@type":"ImageObject","inLanguage":"fr-FR","@id":"https:\/\/reliquo.com\/es\/#\/schema\/logo\/image\/","url":"https:\/\/reliquo.com\/wp-content\/uploads\/2024\/12\/cropped-favicon-1.png","contentUrl":"https:\/\/reliquo.com\/wp-content\/uploads\/2024\/12\/cropped-favicon-1.png","width":512,"height":512,"caption":"Reliquo"},"image":{"@id":"https:\/\/reliquo.com\/es\/#\/schema\/logo\/image\/"}}]}},"jetpack_sharing_enabled":true,"brands":[{"id":707,"name":"Distillats Giuseppe Bianchi","slug":"giuseppe-bianchi-distillati"}],"_links":{"self":[{"href":"https:\/\/reliquo.com\/fr\/wp-json\/wp\/v2\/product\/693","targetHints":{"allow":["GET"]}}],"collection":[{"href":"https:\/\/reliquo.com\/fr\/wp-json\/wp\/v2\/product"}],"about":[{"href":"https:\/\/reliquo.com\/fr\/wp-json\/wp\/v2\/types\/product"}],"wp:featuredmedia":[{"embeddable":true,"href":"https:\/\/reliquo.com\/fr\/wp-json\/wp\/v2\/media\/152"}],"wp:attachment":[{"href":"https:\/\/reliquo.com\/fr\/wp-json\/wp\/v2\/media?parent=693"}],"wp:term":[{"taxonomy":"pwb-brand","embeddable":true,"href":"https:\/\/reliquo.com\/fr\/wp-json\/wp\/v2\/pwb-brand?post=693"},{"taxonomy":"product_brand","embeddable":true,"href":"https:\/\/reliquo.com\/fr\/wp-json\/wp\/v2\/product_brand?post=693"},{"taxonomy":"product_cat","embeddable":true,"href":"https:\/\/reliquo.com\/fr\/wp-json\/wp\/v2\/product_cat?post=693"},{"taxonomy":"product_tag","embeddable":true,"href":"https:\/\/reliquo.com\/fr\/wp-json\/wp\/v2\/product_tag?post=693"}],"curies":[{"name":"wp","href":"https:\/\/api.w.org\/{rel}","templated":true}]}}