{"id":650,"date":"2024-12-17T15:18:53","date_gmt":"2024-12-17T14:18:53","guid":{"rendered":"https:\/\/reliquo.com\/?post_type=product&#038;p=650"},"modified":"2025-12-18T15:43:24","modified_gmt":"2025-12-18T14:43:24","slug":"grappa-segnana-magnum-coffret-en-bois-2lt","status":"publish","type":"product","link":"https:\/\/reliquo.com\/fr\/grappa-segnana-magnum-cassa-legno-2lt\/","title":{"rendered":"Grappa Segnana Magnum Coffret en bois - 2l"},"content":{"rendered":"<p>Elle est \u00e9labor\u00e9e \u00e0 partir du marc de raisins blancs du Trentin, provenant en partie de la production du mousseux Ferrari, qui lui conf\u00e8re \u00e9l\u00e9gance et finesse, et du marc de raisins rouges du Trentin, qui lui conf\u00e8re robustesse et caract\u00e8re. D'une fascinante couleur ambr\u00e9e, obtenue gr\u00e2ce \u00e0 un long vieillissement en f\u00fbts d'essences pr\u00e9cieuses, la grappa Segnana Solera se distingue par son extraordinaire complexit\u00e9, qui m\u00eale harmonieusement des notes de vanille et d'agrumes \u00e0 des pointes d'\u00e9pices \u00e9th\u00e9r\u00e9es. Elle s\u00e9duit par sa douceur et son enveloppement convaincant.<\/p>","protected":false},"excerpt":{"rendered":"<p>Nasce da vinacce di uva bianca trentina, in parte derivanti dalla produzione delle bollicine Ferrari, che donano eleganza e finezza, [&hellip;]<\/p>\n","protected":false},"featured_media":119,"template":"","meta":{"site-sidebar-layout":"","site-content-layout":"","ast-site-content-layout":"","site-content-style":"","site-sidebar-style":"","ast-global-header-display":"","ast-banner-title-visibility":"","ast-main-header-display":"","ast-hfb-above-header-display":"","ast-hfb-below-header-display":"","ast-hfb-mobile-header-display":"","site-post-title":"","ast-breadcrumbs-content":"","ast-featured-img":"","footer-sml-layout":"","ast-disable-related-posts":"","theme-transparent-header-meta":"","adv-header-id-meta":"","stick-header-meta":"","header-above-stick-meta":"","header-main-stick-meta":"","header-below-stick-meta":"","astra-migrate-meta-layouts":"","ast-page-background-enabled":"default","ast-page-background-meta":{"desktop":{"background-color":"var(--ast-global-color-4)","background-image":"","background-repeat":"repeat","background-position":"center center","background-size":"auto","background-attachment":"scroll","background-type":"","background-media":"","overlay-type":"","overlay-color":"","overlay-opacity":"","overlay-gradient":""},"tablet":{"background-color":"","background-image":"","background-repeat":"repeat","background-position":"center center","background-size":"auto","background-attachment":"scroll","background-type":"","background-media":"","overlay-type":"","overlay-color":"","overlay-opacity":"","overlay-gradient":""},"mobile":{"background-color":"","background-image":"","background-repeat":"repeat","background-position":"center center","background-size":"auto","background-attachment":"scroll","background-type":"","background-media":"","overlay-type":"","overlay-color":"","overlay-opacity":"","overlay-gradient":""}},"ast-content-background-meta":{"desktop":{"background-color":"var(--ast-global-color-5)","background-image":"","background-repeat":"repeat","background-position":"center center","background-size":"auto","background-attachment":"scroll","background-type":"","background-media":"","overlay-type":"","overlay-color":"","overlay-opacity":"","overlay-gradient":""},"tablet":{"background-color":"var(--ast-global-color-5)","background-image":"","background-repeat":"repeat","background-position":"center center","background-size":"auto","background-attachment":"scroll","background-type":"","background-media":"","overlay-type":"","overlay-color":"","overlay-opacity":"","overlay-gradient":""},"mobile":{"background-color":"var(--ast-global-color-5)","background-image":"","background-repeat":"repeat","background-position":"center center","background-size":"auto","background-attachment":"scroll","background-type":"","background-media":"","overlay-type":"","overlay-color":"","overlay-opacity":"","overlay-gradient":""}}},"pwb-brand":[732],"product_brand":[],"product_cat":[295],"product_tag":[348,339,346],"class_list":{"0":"post-650","1":"product","2":"type-product","3":"status-publish","4":"has-post-thumbnail","6":"pwb-brand-segnana","7":"product_cat-grappe","8":"product_tag-cassa-legno","9":"product_tag-grappa","10":"product_tag-segnana","11":"desktop-align-center","12":"tablet-align-center","13":"mobile-align-center","14":"ast-product-gallery-layout-horizontal-slider","15":"ast-product-gallery-with-no-image","16":"ast-magnify-disabled","17":"ast-product-tabs-layout-horizontal","18":"ast-qv-on-image","20":"first","21":"instock","22":"shipping-taxable","23":"purchasable","24":"product-type-simple"},"yoast_head":"<!-- This site is optimized with the Yoast SEO plugin v27.4 - https:\/\/yoast.com\/product\/yoast-seo-wordpress\/ -->\n<title>Grappa Segnana Magnum Cassa Legno - 2l | Acquista Online su Reliquo<\/title>\n<meta name=\"description\" content=\"Scopri Grappa Segnana Magnum Cassa Legno - 2l su Reliquo: qualit\u00e0 garantita, spedizioni rapide e prezzi competitivi. Ordina ora e approfitta delle nostre offerte esclusive.\" \/>\n<meta name=\"robots\" content=\"index, follow, max-snippet:-1, max-image-preview:large, max-video-preview:-1\" \/>\n<link rel=\"canonical\" href=\"http:\/\/reliquo.com\/fr\/grappa-segnana-magnum-coffret-en-bois-2lt\/\" \/>\n<meta property=\"og:locale\" content=\"fr_FR\" \/>\n<meta property=\"og:type\" content=\"article\" \/>\n<meta property=\"og:title\" content=\"Grappa Segnana Magnum Cassa Legno - 2l | Acquista Online su Reliquo\" \/>\n<meta property=\"og:description\" content=\"Scopri Grappa Segnana Magnum Cassa Legno - 2l su Reliquo: qualit\u00e0 garantita, spedizioni rapide e prezzi competitivi. Ordina ora e approfitta delle nostre offerte esclusive.\" \/>\n<meta property=\"og:url\" content=\"http:\/\/reliquo.com\/fr\/grappa-segnana-magnum-coffret-en-bois-2lt\/\" \/>\n<meta property=\"og:site_name\" content=\"Reliquo\" \/>\n<meta property=\"article:modified_time\" content=\"2025-12-18T14:43:24+00:00\" \/>\n<meta property=\"og:image\" content=\"https:\/\/reliquo.com\/wp-content\/uploads\/2024\/12\/Grappa-Segnana-Magnum-Cassa-Legno-2L1.png\" \/>\n\t<meta property=\"og:image:width\" content=\"2500\" \/>\n\t<meta property=\"og:image:height\" content=\"2500\" \/>\n\t<meta property=\"og:image:type\" content=\"image\/png\" \/>\n<meta name=\"twitter:card\" content=\"summary_large_image\" \/>\n<script type=\"application\/ld+json\" class=\"yoast-schema-graph\">{\"@context\":\"https:\\\/\\\/schema.org\",\"@graph\":[{\"@type\":\"WebPage\",\"@id\":\"http:\\\/\\\/reliquo.com\\\/it\\\/grappa-segnana-magnum-cassa-legno-2lt\\\/\",\"url\":\"http:\\\/\\\/reliquo.com\\\/it\\\/grappa-segnana-magnum-cassa-legno-2lt\\\/\",\"name\":\"Grappa Segnana Magnum Cassa Legno - 2l | Acquista Online su Reliquo\",\"isPartOf\":{\"@id\":\"https:\\\/\\\/reliquo.com\\\/es\\\/#website\"},\"primaryImageOfPage\":{\"@id\":\"http:\\\/\\\/reliquo.com\\\/it\\\/grappa-segnana-magnum-cassa-legno-2lt\\\/#primaryimage\"},\"image\":{\"@id\":\"http:\\\/\\\/reliquo.com\\\/it\\\/grappa-segnana-magnum-cassa-legno-2lt\\\/#primaryimage\"},\"thumbnailUrl\":\"https:\\\/\\\/reliquo.com\\\/wp-content\\\/uploads\\\/2024\\\/12\\\/Grappa-Segnana-Magnum-Cassa-Legno-2L1.png\",\"datePublished\":\"2024-12-17T14:18:53+00:00\",\"dateModified\":\"2025-12-18T14:43:24+00:00\",\"description\":\"Scopri Grappa Segnana Magnum Cassa Legno - 2l su Reliquo: qualit\u00e0 garantita, spedizioni rapide e prezzi competitivi. Ordina ora e approfitta delle nostre offerte esclusive.\",\"breadcrumb\":{\"@id\":\"http:\\\/\\\/reliquo.com\\\/it\\\/grappa-segnana-magnum-cassa-legno-2lt\\\/#breadcrumb\"},\"inLanguage\":\"fr-FR\",\"potentialAction\":[{\"@type\":\"ReadAction\",\"target\":[\"http:\\\/\\\/reliquo.com\\\/it\\\/grappa-segnana-magnum-cassa-legno-2lt\\\/\"]}]},{\"@type\":\"ImageObject\",\"inLanguage\":\"fr-FR\",\"@id\":\"http:\\\/\\\/reliquo.com\\\/it\\\/grappa-segnana-magnum-cassa-legno-2lt\\\/#primaryimage\",\"url\":\"https:\\\/\\\/reliquo.com\\\/wp-content\\\/uploads\\\/2024\\\/12\\\/Grappa-Segnana-Magnum-Cassa-Legno-2L1.png\",\"contentUrl\":\"https:\\\/\\\/reliquo.com\\\/wp-content\\\/uploads\\\/2024\\\/12\\\/Grappa-Segnana-Magnum-Cassa-Legno-2L1.png\",\"width\":2500,\"height\":2500,\"caption\":\"Grappa 903 Barrique Magnum \u2013 3lt\"},{\"@type\":\"BreadcrumbList\",\"@id\":\"http:\\\/\\\/reliquo.com\\\/it\\\/grappa-segnana-magnum-cassa-legno-2lt\\\/#breadcrumb\",\"itemListElement\":[{\"@type\":\"ListItem\",\"position\":1,\"name\":\"Home\",\"item\":\"http:\\\/\\\/reliquo.com\\\/it\\\/\"},{\"@type\":\"ListItem\",\"position\":2,\"name\":\"Shop\",\"item\":\"http:\\\/\\\/reliquo.com\\\/it\\\/shop\\\/\"},{\"@type\":\"ListItem\",\"position\":3,\"name\":\"Grappa Segnana Magnum Cassa Legno &#8211; 2l\"}]},{\"@type\":\"WebSite\",\"@id\":\"https:\\\/\\\/reliquo.com\\\/es\\\/#website\",\"url\":\"https:\\\/\\\/reliquo.com\\\/es\\\/\",\"name\":\"Reliquo\",\"description\":\"La tua enoteca online: scopri vini, liquori e distillati d\u2019eccellenza.\",\"publisher\":{\"@id\":\"https:\\\/\\\/reliquo.com\\\/es\\\/#organization\"},\"potentialAction\":[{\"@type\":\"SearchAction\",\"target\":{\"@type\":\"EntryPoint\",\"urlTemplate\":\"https:\\\/\\\/reliquo.com\\\/es\\\/?s={search_term_string}\"},\"query-input\":{\"@type\":\"PropertyValueSpecification\",\"valueRequired\":true,\"valueName\":\"search_term_string\"}}],\"inLanguage\":\"fr-FR\"},{\"@type\":\"Organization\",\"@id\":\"https:\\\/\\\/reliquo.com\\\/es\\\/#organization\",\"name\":\"Reliquo\",\"url\":\"https:\\\/\\\/reliquo.com\\\/es\\\/\",\"logo\":{\"@type\":\"ImageObject\",\"inLanguage\":\"fr-FR\",\"@id\":\"https:\\\/\\\/reliquo.com\\\/es\\\/#\\\/schema\\\/logo\\\/image\\\/\",\"url\":\"https:\\\/\\\/reliquo.com\\\/wp-content\\\/uploads\\\/2024\\\/12\\\/cropped-favicon-1.png\",\"contentUrl\":\"https:\\\/\\\/reliquo.com\\\/wp-content\\\/uploads\\\/2024\\\/12\\\/cropped-favicon-1.png\",\"width\":512,\"height\":512,\"caption\":\"Reliquo\"},\"image\":{\"@id\":\"https:\\\/\\\/reliquo.com\\\/es\\\/#\\\/schema\\\/logo\\\/image\\\/\"}}]}<\/script>\n<!-- \/ Yoast SEO plugin. -->","yoast_head_json":{"title":"Grappa Segnana Magnum Wooden Case - 2l | Acheter en ligne chez Reliquo","description":"D\u00e9couvrez la Grappa Segnana Magnum Cassa Legno - 2l chez Reliquo : qualit\u00e9 garantie, livraison rapide et prix comp\u00e9titifs. Commandez maintenant et profitez de nos offres exclusives.","robots":{"index":"index","follow":"follow","max-snippet":"max-snippet:-1","max-image-preview":"max-image-preview:large","max-video-preview":"max-video-preview:-1"},"canonical":"http:\/\/reliquo.com\/fr\/grappa-segnana-magnum-coffret-en-bois-2lt\/","og_locale":"fr_FR","og_type":"article","og_title":"Grappa Segnana Magnum Cassa Legno - 2l | Acquista Online su Reliquo","og_description":"Scopri Grappa Segnana Magnum Cassa Legno - 2l su Reliquo: qualit\u00e0 garantita, spedizioni rapide e prezzi competitivi. Ordina ora e approfitta delle nostre offerte esclusive.","og_url":"http:\/\/reliquo.com\/fr\/grappa-segnana-magnum-coffret-en-bois-2lt\/","og_site_name":"Reliquo","article_modified_time":"2025-12-18T14:43:24+00:00","og_image":[{"width":2500,"height":2500,"url":"https:\/\/reliquo.com\/wp-content\/uploads\/2024\/12\/Grappa-Segnana-Magnum-Cassa-Legno-2L1.png","type":"image\/png"}],"twitter_card":"summary_large_image","schema":{"@context":"https:\/\/schema.org","@graph":[{"@type":"WebPage","@id":"http:\/\/reliquo.com\/it\/grappa-segnana-magnum-cassa-legno-2lt\/","url":"http:\/\/reliquo.com\/it\/grappa-segnana-magnum-cassa-legno-2lt\/","name":"Grappa Segnana Magnum Wooden Case - 2l | Acheter en ligne chez Reliquo","isPartOf":{"@id":"https:\/\/reliquo.com\/es\/#website"},"primaryImageOfPage":{"@id":"http:\/\/reliquo.com\/it\/grappa-segnana-magnum-cassa-legno-2lt\/#primaryimage"},"image":{"@id":"http:\/\/reliquo.com\/it\/grappa-segnana-magnum-cassa-legno-2lt\/#primaryimage"},"thumbnailUrl":"https:\/\/reliquo.com\/wp-content\/uploads\/2024\/12\/Grappa-Segnana-Magnum-Cassa-Legno-2L1.png","datePublished":"2024-12-17T14:18:53+00:00","dateModified":"2025-12-18T14:43:24+00:00","description":"D\u00e9couvrez la Grappa Segnana Magnum Cassa Legno - 2l chez Reliquo : qualit\u00e9 garantie, livraison rapide et prix comp\u00e9titifs. Commandez maintenant et profitez de nos offres exclusives.","breadcrumb":{"@id":"http:\/\/reliquo.com\/it\/grappa-segnana-magnum-cassa-legno-2lt\/#breadcrumb"},"inLanguage":"fr-FR","potentialAction":[{"@type":"ReadAction","target":["http:\/\/reliquo.com\/it\/grappa-segnana-magnum-cassa-legno-2lt\/"]}]},{"@type":"ImageObject","inLanguage":"fr-FR","@id":"http:\/\/reliquo.com\/it\/grappa-segnana-magnum-cassa-legno-2lt\/#primaryimage","url":"https:\/\/reliquo.com\/wp-content\/uploads\/2024\/12\/Grappa-Segnana-Magnum-Cassa-Legno-2L1.png","contentUrl":"https:\/\/reliquo.com\/wp-content\/uploads\/2024\/12\/Grappa-Segnana-Magnum-Cassa-Legno-2L1.png","width":2500,"height":2500,"caption":"Grappa 903 Barrique Magnum \u2013 3lt"},{"@type":"BreadcrumbList","@id":"http:\/\/reliquo.com\/it\/grappa-segnana-magnum-cassa-legno-2lt\/#breadcrumb","itemListElement":[{"@type":"ListItem","position":1,"name":"Home","item":"http:\/\/reliquo.com\/it\/"},{"@type":"ListItem","position":2,"name":"Shop","item":"http:\/\/reliquo.com\/it\/shop\/"},{"@type":"ListItem","position":3,"name":"Grappa Segnana Magnum Cassa Legno &#8211; 2l"}]},{"@type":"WebSite","@id":"https:\/\/reliquo.com\/es\/#website","url":"https:\/\/reliquo.com\/es\/","name":"Reliquo","description":"Votre magasin de vin en ligne : d\u00e9couvrez d'excellents vins, spiritueux et liqueurs.","publisher":{"@id":"https:\/\/reliquo.com\/es\/#organization"},"potentialAction":[{"@type":"SearchAction","target":{"@type":"EntryPoint","urlTemplate":"https:\/\/reliquo.com\/es\/?s={search_term_string}"},"query-input":{"@type":"PropertyValueSpecification","valueRequired":true,"valueName":"search_term_string"}}],"inLanguage":"fr-FR"},{"@type":"Organization","@id":"https:\/\/reliquo.com\/es\/#organization","name":"Reliquo","url":"https:\/\/reliquo.com\/es\/","logo":{"@type":"ImageObject","inLanguage":"fr-FR","@id":"https:\/\/reliquo.com\/es\/#\/schema\/logo\/image\/","url":"https:\/\/reliquo.com\/wp-content\/uploads\/2024\/12\/cropped-favicon-1.png","contentUrl":"https:\/\/reliquo.com\/wp-content\/uploads\/2024\/12\/cropped-favicon-1.png","width":512,"height":512,"caption":"Reliquo"},"image":{"@id":"https:\/\/reliquo.com\/es\/#\/schema\/logo\/image\/"}}]}},"jetpack_sharing_enabled":true,"brands":[{"id":732,"name":"Segnana","slug":"marqueur"}],"_links":{"self":[{"href":"https:\/\/reliquo.com\/fr\/wp-json\/wp\/v2\/product\/650","targetHints":{"allow":["GET"]}}],"collection":[{"href":"https:\/\/reliquo.com\/fr\/wp-json\/wp\/v2\/product"}],"about":[{"href":"https:\/\/reliquo.com\/fr\/wp-json\/wp\/v2\/types\/product"}],"wp:featuredmedia":[{"embeddable":true,"href":"https:\/\/reliquo.com\/fr\/wp-json\/wp\/v2\/media\/119"}],"wp:attachment":[{"href":"https:\/\/reliquo.com\/fr\/wp-json\/wp\/v2\/media?parent=650"}],"wp:term":[{"taxonomy":"pwb-brand","embeddable":true,"href":"https:\/\/reliquo.com\/fr\/wp-json\/wp\/v2\/pwb-brand?post=650"},{"taxonomy":"product_brand","embeddable":true,"href":"https:\/\/reliquo.com\/fr\/wp-json\/wp\/v2\/product_brand?post=650"},{"taxonomy":"product_cat","embeddable":true,"href":"https:\/\/reliquo.com\/fr\/wp-json\/wp\/v2\/product_cat?post=650"},{"taxonomy":"product_tag","embeddable":true,"href":"https:\/\/reliquo.com\/fr\/wp-json\/wp\/v2\/product_tag?post=650"}],"curies":[{"name":"wp","href":"https:\/\/api.w.org\/{rel}","templated":true}]}}