{"id":643,"date":"2024-12-17T15:18:53","date_gmt":"2024-12-17T14:18:53","guid":{"rendered":"https:\/\/reliquo.com\/?post_type=product&#038;p=643"},"modified":"2025-12-18T15:43:24","modified_gmt":"2025-12-18T14:43:24","slug":"grappa-dix-huit-lunes-marzadro-1-5lt","status":"publish","type":"product","link":"https:\/\/reliquo.com\/fr\/grappa-diciotto-lune-marzadro-1-5lt\/","title":{"rendered":"Grappa Diciotto Lune Marzadro - 1.5l"},"content":{"rendered":"<p>C'est juste apr\u00e8s la fin de la Seconde Guerre mondiale que Sabina Marzadro, apr\u00e8s avoir pass\u00e9 plusieurs ann\u00e9es dans une maison d'hommes politiques \u00e0 Rome, a d\u00e9cid\u00e9 de rentrer chez elle, \u00e0 Brancolino di Nogaredo, un petit village de la province de Trente, avec l'intention pr\u00e9cise de changer de vie. Son r\u00eave \u00e9tait de devenir une bonne distillatrice et c'est ainsi qu'avec son fr\u00e8re, ils ont commenc\u00e9 \u00e0 distiller le premier marc et \u00e0 vendre l'eau-de-vie \u00e0 bas prix pour se faire un nom. Tr\u00e8s vite, entrer dans un bar et demander un petit verre de Marzadro est devenu un must et, aujourd'hui encore, leurs grappas sont synonymes de grande qualit\u00e9 ! La grappa extravecchia 18 Lune de Marzadro est une eau-de-vie de marc issue de la distillation de quelques-uns des c\u00e9pages les plus connus du Trentin : Merlot, Marzemino, Teroldego, Chardonnay et Moscato. Vieillie pendant 18 bonnes lunes, soit environ un an et demi, elle offre des ar\u00f4mes intenses, \u00e9th\u00e9r\u00e9s et \u00e9l\u00e9gants.<\/p>","protected":false},"excerpt":{"rendered":"<p>Era appena finita la Seconda Guerra Mondiale, quando Sabina Marzadro, dopo aver trascorso diversi anni a servizio in casa di [&hellip;]<\/p>\n","protected":false},"featured_media":111,"template":"","meta":{"site-sidebar-layout":"","site-content-layout":"","ast-site-content-layout":"","site-content-style":"","site-sidebar-style":"","ast-global-header-display":"","ast-banner-title-visibility":"","ast-main-header-display":"","ast-hfb-above-header-display":"","ast-hfb-below-header-display":"","ast-hfb-mobile-header-display":"","site-post-title":"","ast-breadcrumbs-content":"","ast-featured-img":"","footer-sml-layout":"","ast-disable-related-posts":"","theme-transparent-header-meta":"","adv-header-id-meta":"","stick-header-meta":"","header-above-stick-meta":"","header-main-stick-meta":"","header-below-stick-meta":"","astra-migrate-meta-layouts":"","ast-page-background-enabled":"default","ast-page-background-meta":{"desktop":{"background-color":"var(--ast-global-color-4)","background-image":"","background-repeat":"repeat","background-position":"center center","background-size":"auto","background-attachment":"scroll","background-type":"","background-media":"","overlay-type":"","overlay-color":"","overlay-opacity":"","overlay-gradient":""},"tablet":{"background-color":"","background-image":"","background-repeat":"repeat","background-position":"center center","background-size":"auto","background-attachment":"scroll","background-type":"","background-media":"","overlay-type":"","overlay-color":"","overlay-opacity":"","overlay-gradient":""},"mobile":{"background-color":"","background-image":"","background-repeat":"repeat","background-position":"center center","background-size":"auto","background-attachment":"scroll","background-type":"","background-media":"","overlay-type":"","overlay-color":"","overlay-opacity":"","overlay-gradient":""}},"ast-content-background-meta":{"desktop":{"background-color":"var(--ast-global-color-5)","background-image":"","background-repeat":"repeat","background-position":"center center","background-size":"auto","background-attachment":"scroll","background-type":"","background-media":"","overlay-type":"","overlay-color":"","overlay-opacity":"","overlay-gradient":""},"tablet":{"background-color":"var(--ast-global-color-5)","background-image":"","background-repeat":"repeat","background-position":"center center","background-size":"auto","background-attachment":"scroll","background-type":"","background-media":"","overlay-type":"","overlay-color":"","overlay-opacity":"","overlay-gradient":""},"mobile":{"background-color":"var(--ast-global-color-5)","background-image":"","background-repeat":"repeat","background-position":"center center","background-size":"auto","background-attachment":"scroll","background-type":"","background-media":"","overlay-type":"","overlay-color":"","overlay-opacity":"","overlay-gradient":""}}},"pwb-brand":[720],"product_brand":[],"product_cat":[295],"product_tag":[340,339],"class_list":{"0":"post-643","1":"product","2":"type-product","3":"status-publish","4":"has-post-thumbnail","6":"pwb-brand-marzadro","7":"product_cat-grappe","8":"product_tag-diciotto-lune","9":"product_tag-grappa","10":"desktop-align-center","11":"tablet-align-center","12":"mobile-align-center","13":"ast-product-gallery-layout-horizontal-slider","14":"ast-product-gallery-with-no-image","15":"ast-magnify-disabled","16":"ast-product-tabs-layout-horizontal","17":"ast-qv-on-image","19":"first","20":"outofstock","21":"sale","22":"shipping-taxable","23":"purchasable","24":"product-type-simple"},"yoast_head":"<!-- This site is optimized with the Yoast SEO plugin v27.2 - https:\/\/yoast.com\/product\/yoast-seo-wordpress\/ -->\n<title>Grappa Diciotto Lune Marzadro - 1.5l | Acquista Online su Reliquo<\/title>\n<meta name=\"description\" content=\"Scopri Grappa Diciotto Lune Marzadro - 1.5l su Reliquo: qualit\u00e0 garantita, spedizioni rapide e prezzi competitivi. Ordina ora e approfitta delle nostre offerte esclusive.\" \/>\n<meta name=\"robots\" content=\"index, follow, max-snippet:-1, max-image-preview:large, max-video-preview:-1\" \/>\n<link rel=\"canonical\" href=\"http:\/\/reliquo.com\/fr\/grappa-dix-huit-lunes-marzadro-1-5lt\/\" \/>\n<meta property=\"og:locale\" content=\"fr_FR\" \/>\n<meta property=\"og:type\" content=\"article\" \/>\n<meta property=\"og:title\" content=\"Grappa Diciotto Lune Marzadro - 1.5l | Acquista Online su Reliquo\" \/>\n<meta property=\"og:description\" content=\"Scopri Grappa Diciotto Lune Marzadro - 1.5l su Reliquo: qualit\u00e0 garantita, spedizioni rapide e prezzi competitivi. Ordina ora e approfitta delle nostre offerte esclusive.\" \/>\n<meta property=\"og:url\" content=\"http:\/\/reliquo.com\/fr\/grappa-dix-huit-lunes-marzadro-1-5lt\/\" \/>\n<meta property=\"og:site_name\" content=\"Reliquo\" \/>\n<meta property=\"article:modified_time\" content=\"2025-12-18T14:43:24+00:00\" \/>\n<meta property=\"og:image\" content=\"https:\/\/reliquo.com\/wp-content\/uploads\/2024\/12\/Grappa-Marzadro-Diciotto-Lune-70cl.png\" \/>\n\t<meta property=\"og:image:width\" content=\"1920\" \/>\n\t<meta property=\"og:image:height\" content=\"1920\" \/>\n\t<meta property=\"og:image:type\" content=\"image\/png\" \/>\n<meta name=\"twitter:card\" content=\"summary_large_image\" \/>\n<meta name=\"twitter:label1\" content=\"Dur\u00e9e de lecture estim\u00e9e\" \/>\n\t<meta name=\"twitter:data1\" content=\"1 minute\" \/>\n<script type=\"application\/ld+json\" class=\"yoast-schema-graph\">{\"@context\":\"https:\/\/schema.org\",\"@graph\":[{\"@type\":\"WebPage\",\"@id\":\"http:\/\/reliquo.com\/it\/grappa-diciotto-lune-marzadro-1-5lt\/\",\"url\":\"http:\/\/reliquo.com\/it\/grappa-diciotto-lune-marzadro-1-5lt\/\",\"name\":\"Grappa Diciotto Lune Marzadro - 1.5l | Acquista Online su Reliquo\",\"isPartOf\":{\"@id\":\"https:\/\/reliquo.com\/es\/#website\"},\"primaryImageOfPage\":{\"@id\":\"http:\/\/reliquo.com\/it\/grappa-diciotto-lune-marzadro-1-5lt\/#primaryimage\"},\"image\":{\"@id\":\"http:\/\/reliquo.com\/it\/grappa-diciotto-lune-marzadro-1-5lt\/#primaryimage\"},\"thumbnailUrl\":\"https:\/\/reliquo.com\/wp-content\/uploads\/2024\/12\/Grappa-Marzadro-Diciotto-Lune-70cl.png\",\"datePublished\":\"2024-12-17T14:18:53+00:00\",\"dateModified\":\"2025-12-18T14:43:24+00:00\",\"description\":\"Scopri Grappa Diciotto Lune Marzadro - 1.5l su Reliquo: qualit\u00e0 garantita, spedizioni rapide e prezzi competitivi. Ordina ora e approfitta delle nostre offerte esclusive.\",\"breadcrumb\":{\"@id\":\"http:\/\/reliquo.com\/it\/grappa-diciotto-lune-marzadro-1-5lt\/#breadcrumb\"},\"inLanguage\":\"fr-FR\",\"potentialAction\":[{\"@type\":\"ReadAction\",\"target\":[\"http:\/\/reliquo.com\/it\/grappa-diciotto-lune-marzadro-1-5lt\/\"]}]},{\"@type\":\"ImageObject\",\"inLanguage\":\"fr-FR\",\"@id\":\"http:\/\/reliquo.com\/it\/grappa-diciotto-lune-marzadro-1-5lt\/#primaryimage\",\"url\":\"https:\/\/reliquo.com\/wp-content\/uploads\/2024\/12\/Grappa-Marzadro-Diciotto-Lune-70cl.png\",\"contentUrl\":\"https:\/\/reliquo.com\/wp-content\/uploads\/2024\/12\/Grappa-Marzadro-Diciotto-Lune-70cl.png\",\"width\":1920,\"height\":1920,\"caption\":\"Grappa Diciotto Lune Marzadro \u2013 1.5l\"},{\"@type\":\"BreadcrumbList\",\"@id\":\"http:\/\/reliquo.com\/it\/grappa-diciotto-lune-marzadro-1-5lt\/#breadcrumb\",\"itemListElement\":[{\"@type\":\"ListItem\",\"position\":1,\"name\":\"Home\",\"item\":\"http:\/\/reliquo.com\/it\/\"},{\"@type\":\"ListItem\",\"position\":2,\"name\":\"Shop\",\"item\":\"http:\/\/reliquo.com\/it\/shop\/\"},{\"@type\":\"ListItem\",\"position\":3,\"name\":\"Grappa Diciotto Lune Marzadro &#8211; 1.5l\"}]},{\"@type\":\"WebSite\",\"@id\":\"https:\/\/reliquo.com\/es\/#website\",\"url\":\"https:\/\/reliquo.com\/es\/\",\"name\":\"Reliquo\",\"description\":\"La tua enoteca online: scopri vini, liquori e distillati d\u2019eccellenza.\",\"publisher\":{\"@id\":\"https:\/\/reliquo.com\/es\/#organization\"},\"potentialAction\":[{\"@type\":\"SearchAction\",\"target\":{\"@type\":\"EntryPoint\",\"urlTemplate\":\"https:\/\/reliquo.com\/es\/?s={search_term_string}\"},\"query-input\":{\"@type\":\"PropertyValueSpecification\",\"valueRequired\":true,\"valueName\":\"search_term_string\"}}],\"inLanguage\":\"fr-FR\"},{\"@type\":\"Organization\",\"@id\":\"https:\/\/reliquo.com\/es\/#organization\",\"name\":\"Reliquo\",\"url\":\"https:\/\/reliquo.com\/es\/\",\"logo\":{\"@type\":\"ImageObject\",\"inLanguage\":\"fr-FR\",\"@id\":\"https:\/\/reliquo.com\/es\/#\/schema\/logo\/image\/\",\"url\":\"https:\/\/reliquo.com\/wp-content\/uploads\/2024\/12\/cropped-favicon-1.png\",\"contentUrl\":\"https:\/\/reliquo.com\/wp-content\/uploads\/2024\/12\/cropped-favicon-1.png\",\"width\":512,\"height\":512,\"caption\":\"Reliquo\"},\"image\":{\"@id\":\"https:\/\/reliquo.com\/es\/#\/schema\/logo\/image\/\"}}]}<\/script>\n<!-- \/ Yoast SEO plugin. -->","yoast_head_json":{"title":"Grappa Diciotto Lune Marzadro - 1.5l | Acquista Online su Reliquo","description":"Scopri Grappa Diciotto Lune Marzadro - 1.5l su Reliquo: qualit\u00e0 garantita, spedizioni rapide e prezzi competitivi. Ordina ora e approfitta delle nostre offerte esclusive.","robots":{"index":"index","follow":"follow","max-snippet":"max-snippet:-1","max-image-preview":"max-image-preview:large","max-video-preview":"max-video-preview:-1"},"canonical":"http:\/\/reliquo.com\/fr\/grappa-dix-huit-lunes-marzadro-1-5lt\/","og_locale":"fr_FR","og_type":"article","og_title":"Grappa Diciotto Lune Marzadro - 1.5l | Acquista Online su Reliquo","og_description":"Scopri Grappa Diciotto Lune Marzadro - 1.5l su Reliquo: qualit\u00e0 garantita, spedizioni rapide e prezzi competitivi. Ordina ora e approfitta delle nostre offerte esclusive.","og_url":"http:\/\/reliquo.com\/fr\/grappa-dix-huit-lunes-marzadro-1-5lt\/","og_site_name":"Reliquo","article_modified_time":"2025-12-18T14:43:24+00:00","og_image":[{"width":1920,"height":1920,"url":"https:\/\/reliquo.com\/wp-content\/uploads\/2024\/12\/Grappa-Marzadro-Diciotto-Lune-70cl.png","type":"image\/png"}],"twitter_card":"summary_large_image","twitter_misc":{"Dur\u00e9e de lecture estim\u00e9e":"1 minute"},"schema":{"@context":"https:\/\/schema.org","@graph":[{"@type":"WebPage","@id":"http:\/\/reliquo.com\/it\/grappa-diciotto-lune-marzadro-1-5lt\/","url":"http:\/\/reliquo.com\/it\/grappa-diciotto-lune-marzadro-1-5lt\/","name":"Grappa Diciotto Lune Marzadro - 1.5l | Acquista Online su Reliquo","isPartOf":{"@id":"https:\/\/reliquo.com\/es\/#website"},"primaryImageOfPage":{"@id":"http:\/\/reliquo.com\/it\/grappa-diciotto-lune-marzadro-1-5lt\/#primaryimage"},"image":{"@id":"http:\/\/reliquo.com\/it\/grappa-diciotto-lune-marzadro-1-5lt\/#primaryimage"},"thumbnailUrl":"https:\/\/reliquo.com\/wp-content\/uploads\/2024\/12\/Grappa-Marzadro-Diciotto-Lune-70cl.png","datePublished":"2024-12-17T14:18:53+00:00","dateModified":"2025-12-18T14:43:24+00:00","description":"Scopri Grappa Diciotto Lune Marzadro - 1.5l su Reliquo: qualit\u00e0 garantita, spedizioni rapide e prezzi competitivi. Ordina ora e approfitta delle nostre offerte esclusive.","breadcrumb":{"@id":"http:\/\/reliquo.com\/it\/grappa-diciotto-lune-marzadro-1-5lt\/#breadcrumb"},"inLanguage":"fr-FR","potentialAction":[{"@type":"ReadAction","target":["http:\/\/reliquo.com\/it\/grappa-diciotto-lune-marzadro-1-5lt\/"]}]},{"@type":"ImageObject","inLanguage":"fr-FR","@id":"http:\/\/reliquo.com\/it\/grappa-diciotto-lune-marzadro-1-5lt\/#primaryimage","url":"https:\/\/reliquo.com\/wp-content\/uploads\/2024\/12\/Grappa-Marzadro-Diciotto-Lune-70cl.png","contentUrl":"https:\/\/reliquo.com\/wp-content\/uploads\/2024\/12\/Grappa-Marzadro-Diciotto-Lune-70cl.png","width":1920,"height":1920,"caption":"Grappa Diciotto Lune Marzadro \u2013 1.5l"},{"@type":"BreadcrumbList","@id":"http:\/\/reliquo.com\/it\/grappa-diciotto-lune-marzadro-1-5lt\/#breadcrumb","itemListElement":[{"@type":"ListItem","position":1,"name":"Home","item":"http:\/\/reliquo.com\/it\/"},{"@type":"ListItem","position":2,"name":"Shop","item":"http:\/\/reliquo.com\/it\/shop\/"},{"@type":"ListItem","position":3,"name":"Grappa Diciotto Lune Marzadro &#8211; 1.5l"}]},{"@type":"WebSite","@id":"https:\/\/reliquo.com\/es\/#website","url":"https:\/\/reliquo.com\/es\/","name":"Reliquo","description":"Votre magasin de vin en ligne : d\u00e9couvrez d'excellents vins, spiritueux et liqueurs.","publisher":{"@id":"https:\/\/reliquo.com\/es\/#organization"},"potentialAction":[{"@type":"SearchAction","target":{"@type":"EntryPoint","urlTemplate":"https:\/\/reliquo.com\/es\/?s={search_term_string}"},"query-input":{"@type":"PropertyValueSpecification","valueRequired":true,"valueName":"search_term_string"}}],"inLanguage":"fr-FR"},{"@type":"Organization","@id":"https:\/\/reliquo.com\/es\/#organization","name":"Reliquo","url":"https:\/\/reliquo.com\/es\/","logo":{"@type":"ImageObject","inLanguage":"fr-FR","@id":"https:\/\/reliquo.com\/es\/#\/schema\/logo\/image\/","url":"https:\/\/reliquo.com\/wp-content\/uploads\/2024\/12\/cropped-favicon-1.png","contentUrl":"https:\/\/reliquo.com\/wp-content\/uploads\/2024\/12\/cropped-favicon-1.png","width":512,"height":512,"caption":"Reliquo"},"image":{"@id":"https:\/\/reliquo.com\/es\/#\/schema\/logo\/image\/"}}]}},"jetpack_sharing_enabled":true,"brands":[{"id":720,"name":"Marzadro","slug":"marzadro"}],"_links":{"self":[{"href":"https:\/\/reliquo.com\/fr\/wp-json\/wp\/v2\/product\/643","targetHints":{"allow":["GET"]}}],"collection":[{"href":"https:\/\/reliquo.com\/fr\/wp-json\/wp\/v2\/product"}],"about":[{"href":"https:\/\/reliquo.com\/fr\/wp-json\/wp\/v2\/types\/product"}],"wp:featuredmedia":[{"embeddable":true,"href":"https:\/\/reliquo.com\/fr\/wp-json\/wp\/v2\/media\/111"}],"wp:attachment":[{"href":"https:\/\/reliquo.com\/fr\/wp-json\/wp\/v2\/media?parent=643"}],"wp:term":[{"taxonomy":"pwb-brand","embeddable":true,"href":"https:\/\/reliquo.com\/fr\/wp-json\/wp\/v2\/pwb-brand?post=643"},{"taxonomy":"product_brand","embeddable":true,"href":"https:\/\/reliquo.com\/fr\/wp-json\/wp\/v2\/product_brand?post=643"},{"taxonomy":"product_cat","embeddable":true,"href":"https:\/\/reliquo.com\/fr\/wp-json\/wp\/v2\/product_cat?post=643"},{"taxonomy":"product_tag","embeddable":true,"href":"https:\/\/reliquo.com\/fr\/wp-json\/wp\/v2\/product_tag?post=643"}],"curies":[{"name":"wp","href":"https:\/\/api.w.org\/{rel}","templated":true}]}}