{"id":626,"date":"2024-12-17T15:18:50","date_gmt":"2024-12-17T14:18:50","guid":{"rendered":"https:\/\/reliquo.com\/?post_type=product&#038;p=626"},"modified":"2026-04-14T11:40:14","modified_gmt":"2026-04-14T09:40:14","slug":"gin-au-sel-de-mer-marsala-blanc-70cl","status":"publish","type":"product","link":"https:\/\/reliquo.com\/fr\/gin-sale-al-sale-marino-di-marsala-bianchi-70cl\/","title":{"rendered":"Marsala Bianchi Sea Salt Gin - 70cl"},"content":{"rendered":"<p>Dans le Gin Sale produit par la soci\u00e9t\u00e9 Bianchi, la teneur r\u00e9duite en alcool est rehauss\u00e9e par la saveur du sel de nos salines : le r\u00e9sultat est une nouvelle composition de deux produits \u00e9loign\u00e9s par l'histoire et le go\u00fbt, mais unis par la qualit\u00e9 et la recherche. Certifi\u00e9 par Science4life Spin-Off de l'Universit\u00e9 de MessineCe Gin est d\u00e9di\u00e9 \u00e0 l'un des unicum environnementaux les plus caract\u00e9ristiques de la M\u00e9diterran\u00e9e, le Stagnone de Marsala, ville connue dans le monde entier pour son vin noble et pour le d\u00e9barquement des troupes de Garibaldi. Le Stagnone est une r\u00e9serve enchanteresse avec un plan d'eau chaud et peu profond. Encadr\u00e9e par l'\u00eele de Mothia, l'Isola Lunga et l'\u00eele de Santa Maria, elle abrite de magnifiques salines avec leurs moulins et leurs marais salants. C'est l\u00e0 que les flamants roses se retrouvent de plus en plus souvent et au fil du temps en groupes de plus en plus nombreux dans un habitat id\u00e9al pour la reproduction et le repos lors de la migration. Ils sont roses pr\u00e9cis\u00e9ment parce qu'ils absorbent la couleur des eaux, riches en min\u00e9raux, en sel et en posidonie, une plante marine prot\u00e9g\u00e9e. Le flamant rose est l'un des \u00e9chassiers les plus \u00e9l\u00e9gants qui fr\u00e9quentent le Stagnone. Le bec dans l'eau, on les voit dans le Stagnone filtrer les eaux \u00e0 la recherche de mollusques, d'insectes aquatiques et de petits crustac\u00e9s. Et c'est de ces derniers, notamment de la petite crevette Artemia salina, qu'ils tirent les pigments qui donnent \u00e0 leurs plumes leur couleur rose caract\u00e9ristique. C'est le Stagnone, ce sont les salines de Marsala, c'est le Gin Sale, compagnon id\u00e9al d'un cocktail \u00e0 la saveur surprenante. Gr\u00e2ce \u00e0 l'utilisation de WHITE GOLD, le Gin Sale acquiert un go\u00fbt savoureux et ensoleill\u00e9 et peut \u00eatre rehauss\u00e9 par l'ajout de tonic et de feuilles de sauge, de romarin ou de menthe, capables de lib\u00e9rer les notes saum\u00e2tres du Gin Sale et de les combiner avec les parfums m\u00e9diterran\u00e9ens des herbes botaniques.<\/p>","protected":false},"excerpt":{"rendered":"<p>Nel Gin Sale prodotto dalla ditta Bianchi, il ridotto grado alcolico viene valorizzato dalla sapidit\u00e0 del sale proveniente dalle nostre [&hellip;]<\/p>\n","protected":false},"featured_media":80,"template":"","meta":{"site-sidebar-layout":"","site-content-layout":"","ast-site-content-layout":"","site-content-style":"","site-sidebar-style":"","ast-global-header-display":"","ast-banner-title-visibility":"","ast-main-header-display":"","ast-hfb-above-header-display":"","ast-hfb-below-header-display":"","ast-hfb-mobile-header-display":"","site-post-title":"","ast-breadcrumbs-content":"","ast-featured-img":"","footer-sml-layout":"","ast-disable-related-posts":"","theme-transparent-header-meta":"","adv-header-id-meta":"","stick-header-meta":"","header-above-stick-meta":"","header-main-stick-meta":"","header-below-stick-meta":"","astra-migrate-meta-layouts":"","ast-page-background-enabled":"default","ast-page-background-meta":{"desktop":{"background-color":"var(--ast-global-color-4)","background-image":"","background-repeat":"repeat","background-position":"center center","background-size":"auto","background-attachment":"scroll","background-type":"","background-media":"","overlay-type":"","overlay-color":"","overlay-opacity":"","overlay-gradient":""},"tablet":{"background-color":"","background-image":"","background-repeat":"repeat","background-position":"center center","background-size":"auto","background-attachment":"scroll","background-type":"","background-media":"","overlay-type":"","overlay-color":"","overlay-opacity":"","overlay-gradient":""},"mobile":{"background-color":"","background-image":"","background-repeat":"repeat","background-position":"center center","background-size":"auto","background-attachment":"scroll","background-type":"","background-media":"","overlay-type":"","overlay-color":"","overlay-opacity":"","overlay-gradient":""}},"ast-content-background-meta":{"desktop":{"background-color":"var(--ast-global-color-5)","background-image":"","background-repeat":"repeat","background-position":"center center","background-size":"auto","background-attachment":"scroll","background-type":"","background-media":"","overlay-type":"","overlay-color":"","overlay-opacity":"","overlay-gradient":""},"tablet":{"background-color":"var(--ast-global-color-5)","background-image":"","background-repeat":"repeat","background-position":"center center","background-size":"auto","background-attachment":"scroll","background-type":"","background-media":"","overlay-type":"","overlay-color":"","overlay-opacity":"","overlay-gradient":""},"mobile":{"background-color":"var(--ast-global-color-5)","background-image":"","background-repeat":"repeat","background-position":"center center","background-size":"auto","background-attachment":"scroll","background-type":"","background-media":"","overlay-type":"","overlay-color":"","overlay-opacity":"","overlay-gradient":""}}},"pwb-brand":[707],"product_brand":[],"product_cat":[291],"product_tag":[317,318,320,319],"class_list":{"0":"post-626","1":"product","2":"type-product","3":"status-publish","4":"has-post-thumbnail","6":"pwb-brand-giuseppe-bianchi-distillati","7":"product_cat-gin","8":"product_tag-bianchi","9":"product_tag-gin","10":"product_tag-marsala","11":"product_tag-sale","12":"desktop-align-center","13":"tablet-align-center","14":"mobile-align-center","15":"ast-product-gallery-layout-horizontal-slider","16":"ast-product-gallery-with-no-image","17":"ast-magnify-disabled","18":"ast-product-tabs-layout-horizontal","19":"ast-qv-on-image","21":"first","22":"instock","23":"shipping-taxable","24":"purchasable","25":"product-type-simple"},"yoast_head":"<!-- This site is optimized with the Yoast SEO plugin v27.2 - https:\/\/yoast.com\/product\/yoast-seo-wordpress\/ -->\n<title>Gin Sale al Sale Marino di Marsala Bianchi - 70cl | Acquista Online su Reliquo<\/title>\n<meta name=\"description\" content=\"Scopri Gin Sale al Sale Marino di Marsala Bianchi - 70cl su Reliquo: qualit\u00e0 garantita, spedizioni rapide e prezzi competitivi. Ordina ora e approfitta delle nostre offerte esclusive.\" \/>\n<meta name=\"robots\" content=\"index, follow, max-snippet:-1, max-image-preview:large, max-video-preview:-1\" \/>\n<link rel=\"canonical\" href=\"https:\/\/reliquo.com\/fr\/gin-au-sel-de-mer-marsala-blanc-70cl\/\" \/>\n<meta property=\"og:locale\" content=\"fr_FR\" \/>\n<meta property=\"og:type\" content=\"article\" \/>\n<meta property=\"og:title\" content=\"Gin Sale al Sale Marino di Marsala Bianchi - 70cl | Acquista Online su Reliquo\" \/>\n<meta property=\"og:description\" content=\"Scopri Gin Sale al Sale Marino di Marsala Bianchi - 70cl su Reliquo: qualit\u00e0 garantita, spedizioni rapide e prezzi competitivi. Ordina ora e approfitta delle nostre offerte esclusive.\" \/>\n<meta property=\"og:url\" content=\"https:\/\/reliquo.com\/fr\/gin-au-sel-de-mer-marsala-blanc-70cl\/\" \/>\n<meta property=\"og:site_name\" content=\"Reliquo\" \/>\n<meta property=\"article:modified_time\" content=\"2026-04-14T09:40:14+00:00\" \/>\n<meta property=\"og:image\" content=\"https:\/\/reliquo.com\/wp-content\/uploads\/2024\/12\/Gin-sale-70cl.png\" \/>\n\t<meta property=\"og:image:width\" content=\"3024\" \/>\n\t<meta property=\"og:image:height\" content=\"3024\" \/>\n\t<meta property=\"og:image:type\" content=\"image\/png\" \/>\n<meta name=\"twitter:card\" content=\"summary_large_image\" \/>\n<meta name=\"twitter:label1\" content=\"Dur\u00e9e de lecture estim\u00e9e\" \/>\n\t<meta name=\"twitter:data1\" content=\"2 minutes\" \/>\n<script type=\"application\/ld+json\" class=\"yoast-schema-graph\">{\"@context\":\"https:\/\/schema.org\",\"@graph\":[{\"@type\":\"WebPage\",\"@id\":\"https:\/\/reliquo.com\/gin-sale-al-sale-marino-di-marsala-bianchi-70cl\/\",\"url\":\"https:\/\/reliquo.com\/gin-sale-al-sale-marino-di-marsala-bianchi-70cl\/\",\"name\":\"Gin Sale al Sale Marino di Marsala Bianchi - 70cl | Acquista Online su Reliquo\",\"isPartOf\":{\"@id\":\"https:\/\/reliquo.com\/es\/#website\"},\"primaryImageOfPage\":{\"@id\":\"https:\/\/reliquo.com\/gin-sale-al-sale-marino-di-marsala-bianchi-70cl\/#primaryimage\"},\"image\":{\"@id\":\"https:\/\/reliquo.com\/gin-sale-al-sale-marino-di-marsala-bianchi-70cl\/#primaryimage\"},\"thumbnailUrl\":\"https:\/\/reliquo.com\/wp-content\/uploads\/2024\/12\/Gin-sale-70cl.png\",\"datePublished\":\"2024-12-17T14:18:50+00:00\",\"dateModified\":\"2026-04-14T09:40:14+00:00\",\"description\":\"Scopri Gin Sale al Sale Marino di Marsala Bianchi - 70cl su Reliquo: qualit\u00e0 garantita, spedizioni rapide e prezzi competitivi. Ordina ora e approfitta delle nostre offerte esclusive.\",\"breadcrumb\":{\"@id\":\"https:\/\/reliquo.com\/gin-sale-al-sale-marino-di-marsala-bianchi-70cl\/#breadcrumb\"},\"inLanguage\":\"fr-FR\",\"potentialAction\":[{\"@type\":\"ReadAction\",\"target\":[\"https:\/\/reliquo.com\/gin-sale-al-sale-marino-di-marsala-bianchi-70cl\/\"]}]},{\"@type\":\"ImageObject\",\"inLanguage\":\"fr-FR\",\"@id\":\"https:\/\/reliquo.com\/gin-sale-al-sale-marino-di-marsala-bianchi-70cl\/#primaryimage\",\"url\":\"https:\/\/reliquo.com\/wp-content\/uploads\/2024\/12\/Gin-sale-70cl.png\",\"contentUrl\":\"https:\/\/reliquo.com\/wp-content\/uploads\/2024\/12\/Gin-sale-70cl.png\",\"width\":3024,\"height\":3024,\"caption\":\"Gin Sale al Sale Marino di Marsala Bianchi \u2013 70cl\"},{\"@type\":\"BreadcrumbList\",\"@id\":\"https:\/\/reliquo.com\/gin-sale-al-sale-marino-di-marsala-bianchi-70cl\/#breadcrumb\",\"itemListElement\":[{\"@type\":\"ListItem\",\"position\":1,\"name\":\"Home\",\"item\":\"http:\/\/reliquo.com\/it\/\"},{\"@type\":\"ListItem\",\"position\":2,\"name\":\"Shop\",\"item\":\"http:\/\/reliquo.com\/it\/shop\/\"},{\"@type\":\"ListItem\",\"position\":3,\"name\":\"Gin Sale al Sale Marino di Marsala Bianchi &#8211; 70cl\"}]},{\"@type\":\"WebSite\",\"@id\":\"https:\/\/reliquo.com\/es\/#website\",\"url\":\"https:\/\/reliquo.com\/es\/\",\"name\":\"Reliquo\",\"description\":\"La tua enoteca online: scopri vini, liquori e distillati d\u2019eccellenza.\",\"publisher\":{\"@id\":\"https:\/\/reliquo.com\/es\/#organization\"},\"potentialAction\":[{\"@type\":\"SearchAction\",\"target\":{\"@type\":\"EntryPoint\",\"urlTemplate\":\"https:\/\/reliquo.com\/es\/?s={search_term_string}\"},\"query-input\":{\"@type\":\"PropertyValueSpecification\",\"valueRequired\":true,\"valueName\":\"search_term_string\"}}],\"inLanguage\":\"fr-FR\"},{\"@type\":\"Organization\",\"@id\":\"https:\/\/reliquo.com\/es\/#organization\",\"name\":\"Reliquo\",\"url\":\"https:\/\/reliquo.com\/es\/\",\"logo\":{\"@type\":\"ImageObject\",\"inLanguage\":\"fr-FR\",\"@id\":\"https:\/\/reliquo.com\/es\/#\/schema\/logo\/image\/\",\"url\":\"https:\/\/reliquo.com\/wp-content\/uploads\/2024\/12\/cropped-favicon-1.png\",\"contentUrl\":\"https:\/\/reliquo.com\/wp-content\/uploads\/2024\/12\/cropped-favicon-1.png\",\"width\":512,\"height\":512,\"caption\":\"Reliquo\"},\"image\":{\"@id\":\"https:\/\/reliquo.com\/es\/#\/schema\/logo\/image\/\"}}]}<\/script>\n<!-- \/ Yoast SEO plugin. -->","yoast_head_json":{"title":"Marsala Bianchi Sea Salt Gin - 70cl | Acheter en ligne chez Reliquo","description":"D\u00e9couvrez Marsala Bianchi Sea Salt Gin Salt - 70cl chez Reliquo : qualit\u00e9 garantie, livraison rapide et prix comp\u00e9titifs. Commandez maintenant et profitez de nos offres exclusives.","robots":{"index":"index","follow":"follow","max-snippet":"max-snippet:-1","max-image-preview":"max-image-preview:large","max-video-preview":"max-video-preview:-1"},"canonical":"https:\/\/reliquo.com\/fr\/gin-au-sel-de-mer-marsala-blanc-70cl\/","og_locale":"fr_FR","og_type":"article","og_title":"Gin Sale al Sale Marino di Marsala Bianchi - 70cl | Acquista Online su Reliquo","og_description":"Scopri Gin Sale al Sale Marino di Marsala Bianchi - 70cl su Reliquo: qualit\u00e0 garantita, spedizioni rapide e prezzi competitivi. Ordina ora e approfitta delle nostre offerte esclusive.","og_url":"https:\/\/reliquo.com\/fr\/gin-au-sel-de-mer-marsala-blanc-70cl\/","og_site_name":"Reliquo","article_modified_time":"2026-04-14T09:40:14+00:00","og_image":[{"width":3024,"height":3024,"url":"https:\/\/reliquo.com\/wp-content\/uploads\/2024\/12\/Gin-sale-70cl.png","type":"image\/png"}],"twitter_card":"summary_large_image","twitter_misc":{"Dur\u00e9e de lecture estim\u00e9e":"2 minutes"},"schema":{"@context":"https:\/\/schema.org","@graph":[{"@type":"WebPage","@id":"https:\/\/reliquo.com\/gin-sale-al-sale-marino-di-marsala-bianchi-70cl\/","url":"https:\/\/reliquo.com\/gin-sale-al-sale-marino-di-marsala-bianchi-70cl\/","name":"Marsala Bianchi Sea Salt Gin - 70cl | Acheter en ligne chez Reliquo","isPartOf":{"@id":"https:\/\/reliquo.com\/es\/#website"},"primaryImageOfPage":{"@id":"https:\/\/reliquo.com\/gin-sale-al-sale-marino-di-marsala-bianchi-70cl\/#primaryimage"},"image":{"@id":"https:\/\/reliquo.com\/gin-sale-al-sale-marino-di-marsala-bianchi-70cl\/#primaryimage"},"thumbnailUrl":"https:\/\/reliquo.com\/wp-content\/uploads\/2024\/12\/Gin-sale-70cl.png","datePublished":"2024-12-17T14:18:50+00:00","dateModified":"2026-04-14T09:40:14+00:00","description":"D\u00e9couvrez Marsala Bianchi Sea Salt Gin Salt - 70cl chez Reliquo : qualit\u00e9 garantie, livraison rapide et prix comp\u00e9titifs. Commandez maintenant et profitez de nos offres exclusives.","breadcrumb":{"@id":"https:\/\/reliquo.com\/gin-sale-al-sale-marino-di-marsala-bianchi-70cl\/#breadcrumb"},"inLanguage":"fr-FR","potentialAction":[{"@type":"ReadAction","target":["https:\/\/reliquo.com\/gin-sale-al-sale-marino-di-marsala-bianchi-70cl\/"]}]},{"@type":"ImageObject","inLanguage":"fr-FR","@id":"https:\/\/reliquo.com\/gin-sale-al-sale-marino-di-marsala-bianchi-70cl\/#primaryimage","url":"https:\/\/reliquo.com\/wp-content\/uploads\/2024\/12\/Gin-sale-70cl.png","contentUrl":"https:\/\/reliquo.com\/wp-content\/uploads\/2024\/12\/Gin-sale-70cl.png","width":3024,"height":3024,"caption":"Gin Sale al Sale Marino di Marsala Bianchi \u2013 70cl"},{"@type":"BreadcrumbList","@id":"https:\/\/reliquo.com\/gin-sale-al-sale-marino-di-marsala-bianchi-70cl\/#breadcrumb","itemListElement":[{"@type":"ListItem","position":1,"name":"Home","item":"http:\/\/reliquo.com\/it\/"},{"@type":"ListItem","position":2,"name":"Shop","item":"http:\/\/reliquo.com\/it\/shop\/"},{"@type":"ListItem","position":3,"name":"Gin Sale al Sale Marino di Marsala Bianchi &#8211; 70cl"}]},{"@type":"WebSite","@id":"https:\/\/reliquo.com\/es\/#website","url":"https:\/\/reliquo.com\/es\/","name":"Reliquo","description":"Votre magasin de vin en ligne : d\u00e9couvrez d'excellents vins, spiritueux et liqueurs.","publisher":{"@id":"https:\/\/reliquo.com\/es\/#organization"},"potentialAction":[{"@type":"SearchAction","target":{"@type":"EntryPoint","urlTemplate":"https:\/\/reliquo.com\/es\/?s={search_term_string}"},"query-input":{"@type":"PropertyValueSpecification","valueRequired":true,"valueName":"search_term_string"}}],"inLanguage":"fr-FR"},{"@type":"Organization","@id":"https:\/\/reliquo.com\/es\/#organization","name":"Reliquo","url":"https:\/\/reliquo.com\/es\/","logo":{"@type":"ImageObject","inLanguage":"fr-FR","@id":"https:\/\/reliquo.com\/es\/#\/schema\/logo\/image\/","url":"https:\/\/reliquo.com\/wp-content\/uploads\/2024\/12\/cropped-favicon-1.png","contentUrl":"https:\/\/reliquo.com\/wp-content\/uploads\/2024\/12\/cropped-favicon-1.png","width":512,"height":512,"caption":"Reliquo"},"image":{"@id":"https:\/\/reliquo.com\/es\/#\/schema\/logo\/image\/"}}]}},"jetpack_sharing_enabled":true,"brands":[{"id":707,"name":"Distillats Giuseppe Bianchi","slug":"giuseppe-bianchi-distillati"}],"_links":{"self":[{"href":"https:\/\/reliquo.com\/fr\/wp-json\/wp\/v2\/product\/626","targetHints":{"allow":["GET"]}}],"collection":[{"href":"https:\/\/reliquo.com\/fr\/wp-json\/wp\/v2\/product"}],"about":[{"href":"https:\/\/reliquo.com\/fr\/wp-json\/wp\/v2\/types\/product"}],"wp:featuredmedia":[{"embeddable":true,"href":"https:\/\/reliquo.com\/fr\/wp-json\/wp\/v2\/media\/80"}],"wp:attachment":[{"href":"https:\/\/reliquo.com\/fr\/wp-json\/wp\/v2\/media?parent=626"}],"wp:term":[{"taxonomy":"pwb-brand","embeddable":true,"href":"https:\/\/reliquo.com\/fr\/wp-json\/wp\/v2\/pwb-brand?post=626"},{"taxonomy":"product_brand","embeddable":true,"href":"https:\/\/reliquo.com\/fr\/wp-json\/wp\/v2\/product_brand?post=626"},{"taxonomy":"product_cat","embeddable":true,"href":"https:\/\/reliquo.com\/fr\/wp-json\/wp\/v2\/product_cat?post=626"},{"taxonomy":"product_tag","embeddable":true,"href":"https:\/\/reliquo.com\/fr\/wp-json\/wp\/v2\/product_tag?post=626"}],"curies":[{"name":"wp","href":"https:\/\/api.w.org\/{rel}","templated":true}]}}