{"id":5007,"date":"2025-11-20T11:23:13","date_gmt":"2025-11-20T10:23:13","guid":{"rendered":"https:\/\/reliquo.com\/?post_type=product&#038;p=5007"},"modified":"2025-12-22T11:55:53","modified_gmt":"2025-12-22T10:55:53","slug":"panettone-fiasconaro-aux-poires-et-au-chocolat-1kg","status":"publish","type":"product","link":"https:\/\/reliquo.com\/fr\/panettone-pera-e-cioccolato-fiasconaro-1kg\/","title":{"rendered":"Panettone Fiasconaro aux poires et au chocolat - 1kg"},"content":{"rendered":"<p>Panettone artisanal\u00a0<strong>Fiasconaro<\/strong>, au levain, enrichi de\u00a0<strong>p\u00e9pites de chocolat et poires confites<\/strong>. Il est recouvert d'un gla\u00e7age croustillant au chocolat blanc et d'un croquant au chocolat. La douceur naturelle des poires fait de ce panettone le dessert id\u00e9al \u00e0 servir en fin de repas.<\/p>\n<p>\u00c9l\u00e9gamment emball\u00e9 \u00e0 la main.<\/p>\n<p>En 1953, en\u00a0<strong>Castelbuono<\/strong>,\u00a0<strong>Mario Fiasconaro<\/strong>, il ouvre un glacier sur la place du centre ville, sans savoir que peu de temps apr\u00e8s, gr\u00e2ce \u00e0 ses fr\u00e8res, et plus tard, dans les ann\u00e9es 90, gr\u00e2ce aussi \u00e0 ses fils, ce caf\u00e9 deviendra l'entreprise de renomm\u00e9e mondiale qui a rendu la Sicile c\u00e9l\u00e8bre pour son excellence dans le domaine de la confiserie. Le tournant est venu de l'intuition de Nicola, un ma\u00eetre p\u00e2tissier talentueux, qui a choisi d'interpr\u00e9ter dans une touche m\u00e9diterran\u00e9enne le dessert le plus traditionnel du nord de l'Italie, le\u00a0<strong>Panettone<\/strong>un grand succ\u00e8s qui a chang\u00e9 le destin de l'entreprise, qui n'a cess\u00e9 de cro\u00eetre depuis. Mais qui a su rester elle-m\u00eame.<\/p>","protected":false},"excerpt":{"rendered":"<p>Panettone artigianale\u00a0Fiasconaro, a lievitazione naturale, arricchito con\u00a0gocce di cioccolato e pere candite. Ricoperto da una croccante glassa di cioccolato bianco [&hellip;]<\/p>\n","protected":false},"featured_media":5011,"template":"","meta":{"site-sidebar-layout":"default","site-content-layout":"","ast-site-content-layout":"default","site-content-style":"default","site-sidebar-style":"default","ast-global-header-display":"","ast-banner-title-visibility":"","ast-main-header-display":"","ast-hfb-above-header-display":"","ast-hfb-below-header-display":"","ast-hfb-mobile-header-display":"","site-post-title":"","ast-breadcrumbs-content":"","ast-featured-img":"","footer-sml-layout":"","ast-disable-related-posts":"","theme-transparent-header-meta":"default","adv-header-id-meta":"","stick-header-meta":"default","header-above-stick-meta":"","header-main-stick-meta":"","header-below-stick-meta":"","astra-migrate-meta-layouts":"set","ast-page-background-enabled":"default","ast-page-background-meta":{"desktop":{"background-color":"var(--ast-global-color-4)","background-image":"","background-repeat":"repeat","background-position":"center center","background-size":"auto","background-attachment":"scroll","background-type":"","background-media":"","overlay-type":"","overlay-color":"","overlay-opacity":"","overlay-gradient":""},"tablet":{"background-color":"","background-image":"","background-repeat":"repeat","background-position":"center center","background-size":"auto","background-attachment":"scroll","background-type":"","background-media":"","overlay-type":"","overlay-color":"","overlay-opacity":"","overlay-gradient":""},"mobile":{"background-color":"","background-image":"","background-repeat":"repeat","background-position":"center center","background-size":"auto","background-attachment":"scroll","background-type":"","background-media":"","overlay-type":"","overlay-color":"","overlay-opacity":"","overlay-gradient":""}},"ast-content-background-meta":{"desktop":{"background-color":"var(--ast-global-color-5)","background-image":"","background-repeat":"repeat","background-position":"center center","background-size":"auto","background-attachment":"scroll","background-type":"","background-media":"","overlay-type":"","overlay-color":"","overlay-opacity":"","overlay-gradient":""},"tablet":{"background-color":"var(--ast-global-color-5)","background-image":"","background-repeat":"repeat","background-position":"center center","background-size":"auto","background-attachment":"scroll","background-type":"","background-media":"","overlay-type":"","overlay-color":"","overlay-opacity":"","overlay-gradient":""},"mobile":{"background-color":"var(--ast-global-color-5)","background-image":"","background-repeat":"repeat","background-position":"center center","background-size":"auto","background-attachment":"scroll","background-type":"","background-media":"","overlay-type":"","overlay-color":"","overlay-opacity":"","overlay-gradient":""}}},"pwb-brand":[769],"product_brand":[],"product_cat":[770],"product_tag":[],"class_list":{"0":"post-5007","1":"product","2":"type-product","3":"status-publish","4":"has-post-thumbnail","6":"pwb-brand-fiasconaro","7":"product_cat-natale","8":"desktop-align-center","9":"tablet-align-center","10":"mobile-align-center","11":"ast-product-gallery-layout-horizontal-slider","12":"ast-product-gallery-with-no-image","13":"ast-magnify-disabled","14":"ast-product-tabs-layout-horizontal","15":"ast-qv-on-image","17":"first","18":"outofstock","19":"shipping-taxable","20":"purchasable","21":"product-type-simple"},"yoast_head":"<!-- This site is optimized with the Yoast SEO plugin v27.4 - https:\/\/yoast.com\/product\/yoast-seo-wordpress\/ -->\n<title>Panettone Pera e Cioccolato Fiasconaro - 1kg | Acquista Online su Reliquo<\/title>\n<meta name=\"description\" content=\"Scopri Panettone Pera e Cioccolato Fiasconaro - 1kg su Reliquo: qualit\u00e0 garantita, spedizioni rapide e prezzi competitivi. Ordina ora e approfitta delle nostre offerte esclusive.\" \/>\n<meta name=\"robots\" content=\"index, follow, max-snippet:-1, max-image-preview:large, max-video-preview:-1\" \/>\n<link rel=\"canonical\" href=\"http:\/\/reliquo.com\/fr\/panettone-fiasconaro-aux-poires-et-au-chocolat-1kg\/\" \/>\n<meta property=\"og:locale\" content=\"fr_FR\" \/>\n<meta property=\"og:type\" content=\"article\" \/>\n<meta property=\"og:title\" content=\"Panettone Pera e Cioccolato Fiasconaro - 1kg | Acquista Online su Reliquo\" \/>\n<meta property=\"og:description\" content=\"Scopri Panettone Pera e Cioccolato Fiasconaro - 1kg su Reliquo: qualit\u00e0 garantita, spedizioni rapide e prezzi competitivi. Ordina ora e approfitta delle nostre offerte esclusive.\" \/>\n<meta property=\"og:url\" content=\"http:\/\/reliquo.com\/fr\/panettone-fiasconaro-aux-poires-et-au-chocolat-1kg\/\" \/>\n<meta property=\"og:site_name\" content=\"Reliquo\" \/>\n<meta property=\"article:modified_time\" content=\"2025-12-22T10:55:53+00:00\" \/>\n<meta property=\"og:image\" content=\"https:\/\/reliquo.com\/wp-content\/uploads\/2025\/11\/panettone_pera_e_cioccolato_fiasconaro_25.webp\" \/>\n\t<meta property=\"og:image:width\" content=\"1400\" \/>\n\t<meta property=\"og:image:height\" content=\"1400\" \/>\n\t<meta property=\"og:image:type\" content=\"image\/webp\" \/>\n<meta name=\"twitter:card\" content=\"summary_large_image\" \/>\n<meta name=\"twitter:label1\" content=\"Dur\u00e9e de lecture estim\u00e9e\" \/>\n\t<meta name=\"twitter:data1\" content=\"2 minutes\" \/>\n<script type=\"application\/ld+json\" class=\"yoast-schema-graph\">{\"@context\":\"https:\\\/\\\/schema.org\",\"@graph\":[{\"@type\":\"WebPage\",\"@id\":\"http:\\\/\\\/reliquo.com\\\/it\\\/panettone-pera-e-cioccolato-fiasconaro-1kg\\\/\",\"url\":\"http:\\\/\\\/reliquo.com\\\/it\\\/panettone-pera-e-cioccolato-fiasconaro-1kg\\\/\",\"name\":\"Panettone Pera e Cioccolato Fiasconaro - 1kg | Acquista Online su Reliquo\",\"isPartOf\":{\"@id\":\"https:\\\/\\\/reliquo.com\\\/es\\\/#website\"},\"primaryImageOfPage\":{\"@id\":\"http:\\\/\\\/reliquo.com\\\/it\\\/panettone-pera-e-cioccolato-fiasconaro-1kg\\\/#primaryimage\"},\"image\":{\"@id\":\"http:\\\/\\\/reliquo.com\\\/it\\\/panettone-pera-e-cioccolato-fiasconaro-1kg\\\/#primaryimage\"},\"thumbnailUrl\":\"https:\\\/\\\/reliquo.com\\\/wp-content\\\/uploads\\\/2025\\\/11\\\/panettone_pera_e_cioccolato_fiasconaro_25.webp\",\"datePublished\":\"2025-11-20T10:23:13+00:00\",\"dateModified\":\"2025-12-22T10:55:53+00:00\",\"description\":\"Scopri Panettone Pera e Cioccolato Fiasconaro - 1kg su Reliquo: qualit\u00e0 garantita, spedizioni rapide e prezzi competitivi. Ordina ora e approfitta delle nostre offerte esclusive.\",\"breadcrumb\":{\"@id\":\"http:\\\/\\\/reliquo.com\\\/it\\\/panettone-pera-e-cioccolato-fiasconaro-1kg\\\/#breadcrumb\"},\"inLanguage\":\"fr-FR\",\"potentialAction\":[{\"@type\":\"ReadAction\",\"target\":[\"http:\\\/\\\/reliquo.com\\\/it\\\/panettone-pera-e-cioccolato-fiasconaro-1kg\\\/\"]}]},{\"@type\":\"ImageObject\",\"inLanguage\":\"fr-FR\",\"@id\":\"http:\\\/\\\/reliquo.com\\\/it\\\/panettone-pera-e-cioccolato-fiasconaro-1kg\\\/#primaryimage\",\"url\":\"https:\\\/\\\/reliquo.com\\\/wp-content\\\/uploads\\\/2025\\\/11\\\/panettone_pera_e_cioccolato_fiasconaro_25.webp\",\"contentUrl\":\"https:\\\/\\\/reliquo.com\\\/wp-content\\\/uploads\\\/2025\\\/11\\\/panettone_pera_e_cioccolato_fiasconaro_25.webp\",\"width\":1400,\"height\":1400,\"caption\":\"Panettone Pera e Cioccolato Fiasconaro \u2013 1kg\"},{\"@type\":\"BreadcrumbList\",\"@id\":\"http:\\\/\\\/reliquo.com\\\/it\\\/panettone-pera-e-cioccolato-fiasconaro-1kg\\\/#breadcrumb\",\"itemListElement\":[{\"@type\":\"ListItem\",\"position\":1,\"name\":\"Home\",\"item\":\"http:\\\/\\\/reliquo.com\\\/it\\\/\"},{\"@type\":\"ListItem\",\"position\":2,\"name\":\"Shop\",\"item\":\"http:\\\/\\\/reliquo.com\\\/it\\\/shop\\\/\"},{\"@type\":\"ListItem\",\"position\":3,\"name\":\"Panettone Pera e Cioccolato Fiasconaro &#8211; 1kg\"}]},{\"@type\":\"WebSite\",\"@id\":\"https:\\\/\\\/reliquo.com\\\/es\\\/#website\",\"url\":\"https:\\\/\\\/reliquo.com\\\/es\\\/\",\"name\":\"Reliquo\",\"description\":\"La tua enoteca online: scopri vini, liquori e distillati d\u2019eccellenza.\",\"publisher\":{\"@id\":\"https:\\\/\\\/reliquo.com\\\/es\\\/#organization\"},\"potentialAction\":[{\"@type\":\"SearchAction\",\"target\":{\"@type\":\"EntryPoint\",\"urlTemplate\":\"https:\\\/\\\/reliquo.com\\\/es\\\/?s={search_term_string}\"},\"query-input\":{\"@type\":\"PropertyValueSpecification\",\"valueRequired\":true,\"valueName\":\"search_term_string\"}}],\"inLanguage\":\"fr-FR\"},{\"@type\":\"Organization\",\"@id\":\"https:\\\/\\\/reliquo.com\\\/es\\\/#organization\",\"name\":\"Reliquo\",\"url\":\"https:\\\/\\\/reliquo.com\\\/es\\\/\",\"logo\":{\"@type\":\"ImageObject\",\"inLanguage\":\"fr-FR\",\"@id\":\"https:\\\/\\\/reliquo.com\\\/es\\\/#\\\/schema\\\/logo\\\/image\\\/\",\"url\":\"https:\\\/\\\/reliquo.com\\\/wp-content\\\/uploads\\\/2024\\\/12\\\/cropped-favicon-1.png\",\"contentUrl\":\"https:\\\/\\\/reliquo.com\\\/wp-content\\\/uploads\\\/2024\\\/12\\\/cropped-favicon-1.png\",\"width\":512,\"height\":512,\"caption\":\"Reliquo\"},\"image\":{\"@id\":\"https:\\\/\\\/reliquo.com\\\/es\\\/#\\\/schema\\\/logo\\\/image\\\/\"}}]}<\/script>\n<!-- \/ Yoast SEO plugin. -->","yoast_head_json":{"title":"Fiasconaro Panettone aux poires et au chocolat - 1kg | Acheter en ligne sur Reliquo","description":"D\u00e9couvrez le Panettone Fiasconaro aux poires et au chocolat - 1kg chez Reliquo : qualit\u00e9 garantie, livraison rapide et prix comp\u00e9titifs. Commandez maintenant et profitez de nos offres exclusives.","robots":{"index":"index","follow":"follow","max-snippet":"max-snippet:-1","max-image-preview":"max-image-preview:large","max-video-preview":"max-video-preview:-1"},"canonical":"http:\/\/reliquo.com\/fr\/panettone-fiasconaro-aux-poires-et-au-chocolat-1kg\/","og_locale":"fr_FR","og_type":"article","og_title":"Panettone Pera e Cioccolato Fiasconaro - 1kg | Acquista Online su Reliquo","og_description":"Scopri Panettone Pera e Cioccolato Fiasconaro - 1kg su Reliquo: qualit\u00e0 garantita, spedizioni rapide e prezzi competitivi. Ordina ora e approfitta delle nostre offerte esclusive.","og_url":"http:\/\/reliquo.com\/fr\/panettone-fiasconaro-aux-poires-et-au-chocolat-1kg\/","og_site_name":"Reliquo","article_modified_time":"2025-12-22T10:55:53+00:00","og_image":[{"width":1400,"height":1400,"url":"https:\/\/reliquo.com\/wp-content\/uploads\/2025\/11\/panettone_pera_e_cioccolato_fiasconaro_25.webp","type":"image\/webp"}],"twitter_card":"summary_large_image","twitter_misc":{"Dur\u00e9e de lecture estim\u00e9e":"2 minutes"},"schema":{"@context":"https:\/\/schema.org","@graph":[{"@type":"WebPage","@id":"http:\/\/reliquo.com\/it\/panettone-pera-e-cioccolato-fiasconaro-1kg\/","url":"http:\/\/reliquo.com\/it\/panettone-pera-e-cioccolato-fiasconaro-1kg\/","name":"Fiasconaro Panettone aux poires et au chocolat - 1kg | Acheter en ligne sur Reliquo","isPartOf":{"@id":"https:\/\/reliquo.com\/es\/#website"},"primaryImageOfPage":{"@id":"http:\/\/reliquo.com\/it\/panettone-pera-e-cioccolato-fiasconaro-1kg\/#primaryimage"},"image":{"@id":"http:\/\/reliquo.com\/it\/panettone-pera-e-cioccolato-fiasconaro-1kg\/#primaryimage"},"thumbnailUrl":"https:\/\/reliquo.com\/wp-content\/uploads\/2025\/11\/panettone_pera_e_cioccolato_fiasconaro_25.webp","datePublished":"2025-11-20T10:23:13+00:00","dateModified":"2025-12-22T10:55:53+00:00","description":"D\u00e9couvrez le Panettone Fiasconaro aux poires et au chocolat - 1kg chez Reliquo : qualit\u00e9 garantie, livraison rapide et prix comp\u00e9titifs. Commandez maintenant et profitez de nos offres exclusives.","breadcrumb":{"@id":"http:\/\/reliquo.com\/it\/panettone-pera-e-cioccolato-fiasconaro-1kg\/#breadcrumb"},"inLanguage":"fr-FR","potentialAction":[{"@type":"ReadAction","target":["http:\/\/reliquo.com\/it\/panettone-pera-e-cioccolato-fiasconaro-1kg\/"]}]},{"@type":"ImageObject","inLanguage":"fr-FR","@id":"http:\/\/reliquo.com\/it\/panettone-pera-e-cioccolato-fiasconaro-1kg\/#primaryimage","url":"https:\/\/reliquo.com\/wp-content\/uploads\/2025\/11\/panettone_pera_e_cioccolato_fiasconaro_25.webp","contentUrl":"https:\/\/reliquo.com\/wp-content\/uploads\/2025\/11\/panettone_pera_e_cioccolato_fiasconaro_25.webp","width":1400,"height":1400,"caption":"Panettone Pera e Cioccolato Fiasconaro \u2013 1kg"},{"@type":"BreadcrumbList","@id":"http:\/\/reliquo.com\/it\/panettone-pera-e-cioccolato-fiasconaro-1kg\/#breadcrumb","itemListElement":[{"@type":"ListItem","position":1,"name":"Home","item":"http:\/\/reliquo.com\/it\/"},{"@type":"ListItem","position":2,"name":"Shop","item":"http:\/\/reliquo.com\/it\/shop\/"},{"@type":"ListItem","position":3,"name":"Panettone Pera e Cioccolato Fiasconaro &#8211; 1kg"}]},{"@type":"WebSite","@id":"https:\/\/reliquo.com\/es\/#website","url":"https:\/\/reliquo.com\/es\/","name":"Reliquo","description":"Votre magasin de vin en ligne : d\u00e9couvrez d'excellents vins, spiritueux et liqueurs.","publisher":{"@id":"https:\/\/reliquo.com\/es\/#organization"},"potentialAction":[{"@type":"SearchAction","target":{"@type":"EntryPoint","urlTemplate":"https:\/\/reliquo.com\/es\/?s={search_term_string}"},"query-input":{"@type":"PropertyValueSpecification","valueRequired":true,"valueName":"search_term_string"}}],"inLanguage":"fr-FR"},{"@type":"Organization","@id":"https:\/\/reliquo.com\/es\/#organization","name":"Reliquo","url":"https:\/\/reliquo.com\/es\/","logo":{"@type":"ImageObject","inLanguage":"fr-FR","@id":"https:\/\/reliquo.com\/es\/#\/schema\/logo\/image\/","url":"https:\/\/reliquo.com\/wp-content\/uploads\/2024\/12\/cropped-favicon-1.png","contentUrl":"https:\/\/reliquo.com\/wp-content\/uploads\/2024\/12\/cropped-favicon-1.png","width":512,"height":512,"caption":"Reliquo"},"image":{"@id":"https:\/\/reliquo.com\/es\/#\/schema\/logo\/image\/"}}]}},"jetpack_sharing_enabled":true,"brands":[{"id":769,"name":"Fiasconaro","slug":"fiasconaro"}],"_links":{"self":[{"href":"https:\/\/reliquo.com\/fr\/wp-json\/wp\/v2\/product\/5007","targetHints":{"allow":["GET"]}}],"collection":[{"href":"https:\/\/reliquo.com\/fr\/wp-json\/wp\/v2\/product"}],"about":[{"href":"https:\/\/reliquo.com\/fr\/wp-json\/wp\/v2\/types\/product"}],"wp:featuredmedia":[{"embeddable":true,"href":"https:\/\/reliquo.com\/fr\/wp-json\/wp\/v2\/media\/5011"}],"wp:attachment":[{"href":"https:\/\/reliquo.com\/fr\/wp-json\/wp\/v2\/media?parent=5007"}],"wp:term":[{"taxonomy":"pwb-brand","embeddable":true,"href":"https:\/\/reliquo.com\/fr\/wp-json\/wp\/v2\/pwb-brand?post=5007"},{"taxonomy":"product_brand","embeddable":true,"href":"https:\/\/reliquo.com\/fr\/wp-json\/wp\/v2\/product_brand?post=5007"},{"taxonomy":"product_cat","embeddable":true,"href":"https:\/\/reliquo.com\/fr\/wp-json\/wp\/v2\/product_cat?post=5007"},{"taxonomy":"product_tag","embeddable":true,"href":"https:\/\/reliquo.com\/fr\/wp-json\/wp\/v2\/product_tag?post=5007"}],"curies":[{"name":"wp","href":"https:\/\/api.w.org\/{rel}","templated":true}]}}