{"id":4909,"date":"2025-10-03T12:49:37","date_gmt":"2025-10-03T10:49:37","guid":{"rendered":"https:\/\/reliquo.com\/?post_type=product&#038;p=4909"},"modified":"2025-12-18T15:43:34","modified_gmt":"2025-12-18T14:43:34","slug":"grappa-903-tipica-magnum-bonaventura-male-case-3l","status":"publish","type":"product","link":"https:\/\/reliquo.com\/fr\/grappa-903-tipica-magnum-bonaventura-maschio-astuccio-3l\/","title":{"rendered":"Grappa 903 Tipica Magnum Bonaventura Maschio (Bo\u00eete) - 3l"},"content":{"rendered":"<p>D\u00e9di\u00e9 \u00e0 Bonaventura Maschio, le fondateur de la soci\u00e9t\u00e9 Gaiarine, n\u00e9 en 1903, dont les recherches et les travaux ont constitu\u00e9 une \u00e9tape importante dans le domaine de la distillation. Le marc blanc et le marc rouge, parfaitement \u00e9quilibr\u00e9s, sont distill\u00e9s avec soin. Elle est id\u00e9ale pour ceux qui aiment le go\u00fbt plein et d\u00e9licat d'une grappa de grande personnalit\u00e9.<\/p>","protected":false},"excerpt":{"rendered":"<p>Dedicata a Bonaventura Maschio, fondatore dell\u2019azienda di Gaiarine, nato nel 1903, le cui ricerche e il cui lavoro hanno costituito [&hellip;]<\/p>\n","protected":false},"featured_media":4921,"template":"","meta":{"site-sidebar-layout":"default","site-content-layout":"","ast-site-content-layout":"default","site-content-style":"default","site-sidebar-style":"default","ast-global-header-display":"","ast-banner-title-visibility":"","ast-main-header-display":"","ast-hfb-above-header-display":"","ast-hfb-below-header-display":"","ast-hfb-mobile-header-display":"","site-post-title":"","ast-breadcrumbs-content":"","ast-featured-img":"","footer-sml-layout":"","ast-disable-related-posts":"","theme-transparent-header-meta":"default","adv-header-id-meta":"","stick-header-meta":"default","header-above-stick-meta":"","header-main-stick-meta":"","header-below-stick-meta":"","astra-migrate-meta-layouts":"set","ast-page-background-enabled":"default","ast-page-background-meta":{"desktop":{"background-color":"var(--ast-global-color-4)","background-image":"","background-repeat":"repeat","background-position":"center center","background-size":"auto","background-attachment":"scroll","background-type":"","background-media":"","overlay-type":"","overlay-color":"","overlay-opacity":"","overlay-gradient":""},"tablet":{"background-color":"","background-image":"","background-repeat":"repeat","background-position":"center center","background-size":"auto","background-attachment":"scroll","background-type":"","background-media":"","overlay-type":"","overlay-color":"","overlay-opacity":"","overlay-gradient":""},"mobile":{"background-color":"","background-image":"","background-repeat":"repeat","background-position":"center center","background-size":"auto","background-attachment":"scroll","background-type":"","background-media":"","overlay-type":"","overlay-color":"","overlay-opacity":"","overlay-gradient":""}},"ast-content-background-meta":{"desktop":{"background-color":"var(--ast-global-color-5)","background-image":"","background-repeat":"repeat","background-position":"center center","background-size":"auto","background-attachment":"scroll","background-type":"","background-media":"","overlay-type":"","overlay-color":"","overlay-opacity":"","overlay-gradient":""},"tablet":{"background-color":"var(--ast-global-color-5)","background-image":"","background-repeat":"repeat","background-position":"center center","background-size":"auto","background-attachment":"scroll","background-type":"","background-media":"","overlay-type":"","overlay-color":"","overlay-opacity":"","overlay-gradient":""},"mobile":{"background-color":"var(--ast-global-color-5)","background-image":"","background-repeat":"repeat","background-position":"center center","background-size":"auto","background-attachment":"scroll","background-type":"","background-media":"","overlay-type":"","overlay-color":"","overlay-opacity":"","overlay-gradient":""}}},"pwb-brand":[763],"product_brand":[],"product_cat":[295,302],"product_tag":[762,339,431,764],"class_list":{"0":"post-4909","1":"product","2":"type-product","3":"status-publish","4":"has-post-thumbnail","6":"pwb-brand-bonaventura-maschio","7":"product_cat-grappe","8":"product_cat-promo","9":"product_tag-762","10":"product_tag-grappa","11":"product_tag-magnum","12":"product_tag-tipica","13":"desktop-align-center","14":"tablet-align-center","15":"mobile-align-center","16":"ast-product-gallery-layout-horizontal-slider","17":"ast-product-gallery-with-no-image","18":"ast-magnify-disabled","19":"ast-product-tabs-layout-horizontal","20":"ast-qv-on-image","22":"first","23":"instock","24":"shipping-taxable","25":"purchasable","26":"product-type-simple"},"yoast_head":"<!-- This site is optimized with the Yoast SEO plugin v27.2 - https:\/\/yoast.com\/product\/yoast-seo-wordpress\/ -->\n<title>Grappa 903 Tipica Magnum Bonaventura Maschio (Astuccio) - 3l | Acquista Online su Reliquo<\/title>\n<meta name=\"description\" content=\"Scopri Grappa 903 Tipica Magnum Bonaventura Maschio (Astuccio) - 3l su Reliquo: qualit\u00e0 garantita, spedizioni rapide e prezzi competitivi. Ordina ora e approfitta delle nostre offerte esclusive.\" \/>\n<meta name=\"robots\" content=\"index, follow, max-snippet:-1, max-image-preview:large, max-video-preview:-1\" \/>\n<link rel=\"canonical\" href=\"http:\/\/reliquo.com\/fr\/grappa-903-tipica-magnum-bonaventura-male-case-3l\/\" \/>\n<meta property=\"og:locale\" content=\"fr_FR\" \/>\n<meta property=\"og:type\" content=\"article\" \/>\n<meta property=\"og:title\" content=\"Grappa 903 Tipica Magnum Bonaventura Maschio (Astuccio) - 3l | Acquista Online su Reliquo\" \/>\n<meta property=\"og:description\" content=\"Scopri Grappa 903 Tipica Magnum Bonaventura Maschio (Astuccio) - 3l su Reliquo: qualit\u00e0 garantita, spedizioni rapide e prezzi competitivi. Ordina ora e approfitta delle nostre offerte esclusive.\" \/>\n<meta property=\"og:url\" content=\"http:\/\/reliquo.com\/fr\/grappa-903-tipica-magnum-bonaventura-male-case-3l\/\" \/>\n<meta property=\"og:site_name\" content=\"Reliquo\" \/>\n<meta property=\"article:modified_time\" content=\"2025-12-18T14:43:34+00:00\" \/>\n<meta property=\"og:image\" content=\"https:\/\/reliquo.com\/wp-content\/uploads\/2025\/10\/Grappa-903-Tipica-Magnum-Bonaventura-Maschio-\u2013-3l.png\" \/>\n\t<meta property=\"og:image:width\" content=\"2500\" \/>\n\t<meta property=\"og:image:height\" content=\"2500\" \/>\n\t<meta property=\"og:image:type\" content=\"image\/png\" \/>\n<meta name=\"twitter:card\" content=\"summary_large_image\" \/>\n<meta name=\"twitter:label1\" content=\"Dur\u00e9e de lecture estim\u00e9e\" \/>\n\t<meta name=\"twitter:data1\" content=\"1 minute\" \/>\n<script type=\"application\/ld+json\" class=\"yoast-schema-graph\">{\"@context\":\"https:\/\/schema.org\",\"@graph\":[{\"@type\":\"WebPage\",\"@id\":\"http:\/\/reliquo.com\/it\/grappa-903-tipica-magnum-bonaventura-maschio-astuccio-3l\/\",\"url\":\"http:\/\/reliquo.com\/it\/grappa-903-tipica-magnum-bonaventura-maschio-astuccio-3l\/\",\"name\":\"Grappa 903 Tipica Magnum Bonaventura Maschio (Astuccio) - 3l | Acquista Online su Reliquo\",\"isPartOf\":{\"@id\":\"https:\/\/reliquo.com\/es\/#website\"},\"primaryImageOfPage\":{\"@id\":\"http:\/\/reliquo.com\/it\/grappa-903-tipica-magnum-bonaventura-maschio-astuccio-3l\/#primaryimage\"},\"image\":{\"@id\":\"http:\/\/reliquo.com\/it\/grappa-903-tipica-magnum-bonaventura-maschio-astuccio-3l\/#primaryimage\"},\"thumbnailUrl\":\"https:\/\/reliquo.com\/wp-content\/uploads\/2025\/10\/Grappa-903-Tipica-Magnum-Bonaventura-Maschio-\u2013-3l.png\",\"datePublished\":\"2025-10-03T10:49:37+00:00\",\"dateModified\":\"2025-12-18T14:43:34+00:00\",\"description\":\"Scopri Grappa 903 Tipica Magnum Bonaventura Maschio (Astuccio) - 3l su Reliquo: qualit\u00e0 garantita, spedizioni rapide e prezzi competitivi. Ordina ora e approfitta delle nostre offerte esclusive.\",\"breadcrumb\":{\"@id\":\"http:\/\/reliquo.com\/it\/grappa-903-tipica-magnum-bonaventura-maschio-astuccio-3l\/#breadcrumb\"},\"inLanguage\":\"fr-FR\",\"potentialAction\":[{\"@type\":\"ReadAction\",\"target\":[\"http:\/\/reliquo.com\/it\/grappa-903-tipica-magnum-bonaventura-maschio-astuccio-3l\/\"]}]},{\"@type\":\"ImageObject\",\"inLanguage\":\"fr-FR\",\"@id\":\"http:\/\/reliquo.com\/it\/grappa-903-tipica-magnum-bonaventura-maschio-astuccio-3l\/#primaryimage\",\"url\":\"https:\/\/reliquo.com\/wp-content\/uploads\/2025\/10\/Grappa-903-Tipica-Magnum-Bonaventura-Maschio-\u2013-3l.png\",\"contentUrl\":\"https:\/\/reliquo.com\/wp-content\/uploads\/2025\/10\/Grappa-903-Tipica-Magnum-Bonaventura-Maschio-\u2013-3l.png\",\"width\":2500,\"height\":2500,\"caption\":\"Grappa 903 Tipica Bonaventura Maschio \u2013 70cl\"},{\"@type\":\"BreadcrumbList\",\"@id\":\"http:\/\/reliquo.com\/it\/grappa-903-tipica-magnum-bonaventura-maschio-astuccio-3l\/#breadcrumb\",\"itemListElement\":[{\"@type\":\"ListItem\",\"position\":1,\"name\":\"Home\",\"item\":\"http:\/\/reliquo.com\/it\/\"},{\"@type\":\"ListItem\",\"position\":2,\"name\":\"Shop\",\"item\":\"http:\/\/reliquo.com\/it\/shop\/\"},{\"@type\":\"ListItem\",\"position\":3,\"name\":\"Grappa 903 Tipica Magnum Bonaventura Maschio (Astuccio) &#8211; 3l\"}]},{\"@type\":\"WebSite\",\"@id\":\"https:\/\/reliquo.com\/es\/#website\",\"url\":\"https:\/\/reliquo.com\/es\/\",\"name\":\"Reliquo\",\"description\":\"La tua enoteca online: scopri vini, liquori e distillati d\u2019eccellenza.\",\"publisher\":{\"@id\":\"https:\/\/reliquo.com\/es\/#organization\"},\"potentialAction\":[{\"@type\":\"SearchAction\",\"target\":{\"@type\":\"EntryPoint\",\"urlTemplate\":\"https:\/\/reliquo.com\/es\/?s={search_term_string}\"},\"query-input\":{\"@type\":\"PropertyValueSpecification\",\"valueRequired\":true,\"valueName\":\"search_term_string\"}}],\"inLanguage\":\"fr-FR\"},{\"@type\":\"Organization\",\"@id\":\"https:\/\/reliquo.com\/es\/#organization\",\"name\":\"Reliquo\",\"url\":\"https:\/\/reliquo.com\/es\/\",\"logo\":{\"@type\":\"ImageObject\",\"inLanguage\":\"fr-FR\",\"@id\":\"https:\/\/reliquo.com\/es\/#\/schema\/logo\/image\/\",\"url\":\"https:\/\/reliquo.com\/wp-content\/uploads\/2024\/12\/cropped-favicon-1.png\",\"contentUrl\":\"https:\/\/reliquo.com\/wp-content\/uploads\/2024\/12\/cropped-favicon-1.png\",\"width\":512,\"height\":512,\"caption\":\"Reliquo\"},\"image\":{\"@id\":\"https:\/\/reliquo.com\/es\/#\/schema\/logo\/image\/\"}}]}<\/script>\n<!-- \/ Yoast SEO plugin. -->","yoast_head_json":{"title":"Grappa 903 Tipica Magnum Bonaventura Maschio (Bo\u00eete) - 3l | Acheter en ligne chez Reliquo","description":"D\u00e9couvrez la Grappa 903 Tipica Magnum Bonaventura Maschio (Cask) - 3l chez Reliquo : qualit\u00e9 garantie, livraison rapide et prix comp\u00e9titifs. Commandez maintenant et profitez de nos offres exclusives.","robots":{"index":"index","follow":"follow","max-snippet":"max-snippet:-1","max-image-preview":"max-image-preview:large","max-video-preview":"max-video-preview:-1"},"canonical":"http:\/\/reliquo.com\/fr\/grappa-903-tipica-magnum-bonaventura-male-case-3l\/","og_locale":"fr_FR","og_type":"article","og_title":"Grappa 903 Tipica Magnum Bonaventura Maschio (Astuccio) - 3l | Acquista Online su Reliquo","og_description":"Scopri Grappa 903 Tipica Magnum Bonaventura Maschio (Astuccio) - 3l su Reliquo: qualit\u00e0 garantita, spedizioni rapide e prezzi competitivi. Ordina ora e approfitta delle nostre offerte esclusive.","og_url":"http:\/\/reliquo.com\/fr\/grappa-903-tipica-magnum-bonaventura-male-case-3l\/","og_site_name":"Reliquo","article_modified_time":"2025-12-18T14:43:34+00:00","og_image":[{"width":2500,"height":2500,"url":"https:\/\/reliquo.com\/wp-content\/uploads\/2025\/10\/Grappa-903-Tipica-Magnum-Bonaventura-Maschio-\u2013-3l.png","type":"image\/png"}],"twitter_card":"summary_large_image","twitter_misc":{"Dur\u00e9e de lecture estim\u00e9e":"1 minute"},"schema":{"@context":"https:\/\/schema.org","@graph":[{"@type":"WebPage","@id":"http:\/\/reliquo.com\/it\/grappa-903-tipica-magnum-bonaventura-maschio-astuccio-3l\/","url":"http:\/\/reliquo.com\/it\/grappa-903-tipica-magnum-bonaventura-maschio-astuccio-3l\/","name":"Grappa 903 Tipica Magnum Bonaventura Maschio (Bo\u00eete) - 3l | Acheter en ligne chez Reliquo","isPartOf":{"@id":"https:\/\/reliquo.com\/es\/#website"},"primaryImageOfPage":{"@id":"http:\/\/reliquo.com\/it\/grappa-903-tipica-magnum-bonaventura-maschio-astuccio-3l\/#primaryimage"},"image":{"@id":"http:\/\/reliquo.com\/it\/grappa-903-tipica-magnum-bonaventura-maschio-astuccio-3l\/#primaryimage"},"thumbnailUrl":"https:\/\/reliquo.com\/wp-content\/uploads\/2025\/10\/Grappa-903-Tipica-Magnum-Bonaventura-Maschio-\u2013-3l.png","datePublished":"2025-10-03T10:49:37+00:00","dateModified":"2025-12-18T14:43:34+00:00","description":"D\u00e9couvrez la Grappa 903 Tipica Magnum Bonaventura Maschio (Cask) - 3l chez Reliquo : qualit\u00e9 garantie, livraison rapide et prix comp\u00e9titifs. Commandez maintenant et profitez de nos offres exclusives.","breadcrumb":{"@id":"http:\/\/reliquo.com\/it\/grappa-903-tipica-magnum-bonaventura-maschio-astuccio-3l\/#breadcrumb"},"inLanguage":"fr-FR","potentialAction":[{"@type":"ReadAction","target":["http:\/\/reliquo.com\/it\/grappa-903-tipica-magnum-bonaventura-maschio-astuccio-3l\/"]}]},{"@type":"ImageObject","inLanguage":"fr-FR","@id":"http:\/\/reliquo.com\/it\/grappa-903-tipica-magnum-bonaventura-maschio-astuccio-3l\/#primaryimage","url":"https:\/\/reliquo.com\/wp-content\/uploads\/2025\/10\/Grappa-903-Tipica-Magnum-Bonaventura-Maschio-\u2013-3l.png","contentUrl":"https:\/\/reliquo.com\/wp-content\/uploads\/2025\/10\/Grappa-903-Tipica-Magnum-Bonaventura-Maschio-\u2013-3l.png","width":2500,"height":2500,"caption":"Grappa 903 Tipica Bonaventura Maschio \u2013 70cl"},{"@type":"BreadcrumbList","@id":"http:\/\/reliquo.com\/it\/grappa-903-tipica-magnum-bonaventura-maschio-astuccio-3l\/#breadcrumb","itemListElement":[{"@type":"ListItem","position":1,"name":"Home","item":"http:\/\/reliquo.com\/it\/"},{"@type":"ListItem","position":2,"name":"Shop","item":"http:\/\/reliquo.com\/it\/shop\/"},{"@type":"ListItem","position":3,"name":"Grappa 903 Tipica Magnum Bonaventura Maschio (Astuccio) &#8211; 3l"}]},{"@type":"WebSite","@id":"https:\/\/reliquo.com\/es\/#website","url":"https:\/\/reliquo.com\/es\/","name":"Reliquo","description":"Votre magasin de vin en ligne : d\u00e9couvrez d'excellents vins, spiritueux et liqueurs.","publisher":{"@id":"https:\/\/reliquo.com\/es\/#organization"},"potentialAction":[{"@type":"SearchAction","target":{"@type":"EntryPoint","urlTemplate":"https:\/\/reliquo.com\/es\/?s={search_term_string}"},"query-input":{"@type":"PropertyValueSpecification","valueRequired":true,"valueName":"search_term_string"}}],"inLanguage":"fr-FR"},{"@type":"Organization","@id":"https:\/\/reliquo.com\/es\/#organization","name":"Reliquo","url":"https:\/\/reliquo.com\/es\/","logo":{"@type":"ImageObject","inLanguage":"fr-FR","@id":"https:\/\/reliquo.com\/es\/#\/schema\/logo\/image\/","url":"https:\/\/reliquo.com\/wp-content\/uploads\/2024\/12\/cropped-favicon-1.png","contentUrl":"https:\/\/reliquo.com\/wp-content\/uploads\/2024\/12\/cropped-favicon-1.png","width":512,"height":512,"caption":"Reliquo"},"image":{"@id":"https:\/\/reliquo.com\/es\/#\/schema\/logo\/image\/"}}]}},"jetpack_sharing_enabled":true,"brands":[{"id":763,"name":"Bonaventure Homme","slug":"homme-bonaventure"}],"_links":{"self":[{"href":"https:\/\/reliquo.com\/fr\/wp-json\/wp\/v2\/product\/4909","targetHints":{"allow":["GET"]}}],"collection":[{"href":"https:\/\/reliquo.com\/fr\/wp-json\/wp\/v2\/product"}],"about":[{"href":"https:\/\/reliquo.com\/fr\/wp-json\/wp\/v2\/types\/product"}],"wp:featuredmedia":[{"embeddable":true,"href":"https:\/\/reliquo.com\/fr\/wp-json\/wp\/v2\/media\/4921"}],"wp:attachment":[{"href":"https:\/\/reliquo.com\/fr\/wp-json\/wp\/v2\/media?parent=4909"}],"wp:term":[{"taxonomy":"pwb-brand","embeddable":true,"href":"https:\/\/reliquo.com\/fr\/wp-json\/wp\/v2\/pwb-brand?post=4909"},{"taxonomy":"product_brand","embeddable":true,"href":"https:\/\/reliquo.com\/fr\/wp-json\/wp\/v2\/product_brand?post=4909"},{"taxonomy":"product_cat","embeddable":true,"href":"https:\/\/reliquo.com\/fr\/wp-json\/wp\/v2\/product_cat?post=4909"},{"taxonomy":"product_tag","embeddable":true,"href":"https:\/\/reliquo.com\/fr\/wp-json\/wp\/v2\/product_tag?post=4909"}],"curies":[{"name":"wp","href":"https:\/\/api.w.org\/{rel}","templated":true}]}}