{"id":4618,"date":"2025-06-11T12:03:46","date_gmt":"2025-06-11T10:03:46","guid":{"rendered":"https:\/\/reliquo.com\/?post_type=product&#038;p=4618"},"modified":"2026-04-17T20:45:52","modified_gmt":"2026-04-17T18:45:52","slug":"brioso-rose-cantine-paolini","status":"publish","type":"product","link":"https:\/\/reliquo.com\/fr\/brioso-rose-cantine-paolini\/","title":{"rendered":"Brioso Rose\u2019 - Paolini Cellars"},"content":{"rendered":"<p>Ce Frappato pur rend ce ros\u00e9 vif d\u00e9licieux. D\u00e9licat et parfum\u00e9, fruit\u00e9 avec des notes de fraises, de framboises et de roses.<\/p>\n<p>Frais et l\u00e9g\u00e8rement aromatique. Id\u00e9al avec les salades, les crustac\u00e9s et les viandes blanches.<\/p>\n<p>Les raisins sont \u00e9grapp\u00e9s et mac\u00e9r\u00e9s pendant environ 10 heures, puis press\u00e9s d\u00e9licatement. Apr\u00e8s une clarification statique, le mo\u00fbt est d\u00e9cant\u00e9 et additionn\u00e9 de levures s\u00e9lectionn\u00e9es pour fermenter \u00e0 temp\u00e9rature contr\u00f4l\u00e9e. La prise de mousse s'effectue en autoclave selon la m\u00e9thode traditionnelle Charmat courte (environ 3 mois).<\/p>","protected":false},"excerpt":{"rendered":"<p>Questo Frappato in purezza rende delizioso questo vivace ros\u00e9. Delicato e fragrante, fruttato con note di fragola, lamponi e rose. [&hellip;]<\/p>\n","protected":false},"featured_media":4636,"template":"","meta":{"site-sidebar-layout":"default","site-content-layout":"","ast-site-content-layout":"default","site-content-style":"default","site-sidebar-style":"default","ast-global-header-display":"","ast-banner-title-visibility":"","ast-main-header-display":"","ast-hfb-above-header-display":"","ast-hfb-below-header-display":"","ast-hfb-mobile-header-display":"","site-post-title":"","ast-breadcrumbs-content":"","ast-featured-img":"","footer-sml-layout":"","ast-disable-related-posts":"","theme-transparent-header-meta":"default","adv-header-id-meta":"","stick-header-meta":"default","header-above-stick-meta":"","header-main-stick-meta":"","header-below-stick-meta":"","astra-migrate-meta-layouts":"set","ast-page-background-enabled":"default","ast-page-background-meta":{"desktop":{"background-color":"var(--ast-global-color-4)","background-image":"","background-repeat":"repeat","background-position":"center center","background-size":"auto","background-attachment":"scroll","background-type":"","background-media":"","overlay-type":"","overlay-color":"","overlay-opacity":"","overlay-gradient":""},"tablet":{"background-color":"","background-image":"","background-repeat":"repeat","background-position":"center center","background-size":"auto","background-attachment":"scroll","background-type":"","background-media":"","overlay-type":"","overlay-color":"","overlay-opacity":"","overlay-gradient":""},"mobile":{"background-color":"","background-image":"","background-repeat":"repeat","background-position":"center center","background-size":"auto","background-attachment":"scroll","background-type":"","background-media":"","overlay-type":"","overlay-color":"","overlay-opacity":"","overlay-gradient":""}},"ast-content-background-meta":{"desktop":{"background-color":"var(--ast-global-color-5)","background-image":"","background-repeat":"repeat","background-position":"center center","background-size":"auto","background-attachment":"scroll","background-type":"","background-media":"","overlay-type":"","overlay-color":"","overlay-opacity":"","overlay-gradient":""},"tablet":{"background-color":"var(--ast-global-color-5)","background-image":"","background-repeat":"repeat","background-position":"center center","background-size":"auto","background-attachment":"scroll","background-type":"","background-media":"","overlay-type":"","overlay-color":"","overlay-opacity":"","overlay-gradient":""},"mobile":{"background-color":"var(--ast-global-color-5)","background-image":"","background-repeat":"repeat","background-position":"center center","background-size":"auto","background-attachment":"scroll","background-type":"","background-media":"","overlay-type":"","overlay-color":"","overlay-opacity":"","overlay-gradient":""}}},"pwb-brand":[691],"product_brand":[],"product_cat":[302,288],"product_tag":[467,425,750,442],"class_list":{"0":"post-4618","1":"product","2":"type-product","3":"status-publish","4":"has-post-thumbnail","6":"pwb-brand-cantine-paolini","7":"product_cat-promo","8":"product_cat-vini","9":"product_tag-frizzante","10":"product_tag-paolini","11":"product_tag-rose","12":"product_tag-vino","13":"desktop-align-center","14":"tablet-align-center","15":"mobile-align-center","16":"ast-product-gallery-layout-horizontal-slider","17":"ast-product-gallery-with-no-image","18":"ast-magnify-disabled","19":"ast-product-tabs-layout-horizontal","20":"ast-qv-on-image","22":"first","23":"instock","24":"sale","25":"shipping-taxable","26":"purchasable","27":"product-type-simple"},"yoast_head":"<!-- This site is optimized with the Yoast SEO plugin v27.2 - https:\/\/yoast.com\/product\/yoast-seo-wordpress\/ -->\n<title>Brioso Rose&#039; - Cantine Paolini | Acquista Online su Reliquo<\/title>\n<meta name=\"description\" content=\"Scopri Brioso Rose&#039; - Cantine Paolini su Reliquo: qualit\u00e0 garantita, spedizioni rapide e prezzi competitivi. Ordina ora e approfitta delle nostre offerte esclusive.\" \/>\n<meta name=\"robots\" content=\"index, follow, max-snippet:-1, max-image-preview:large, max-video-preview:-1\" \/>\n<link rel=\"canonical\" href=\"http:\/\/reliquo.com\/fr\/brioso-rose-cantine-paolini\/\" \/>\n<meta property=\"og:locale\" content=\"fr_FR\" \/>\n<meta property=\"og:type\" content=\"article\" \/>\n<meta property=\"og:title\" content=\"Brioso Rose&#039; - Cantine Paolini | Acquista Online su Reliquo\" \/>\n<meta property=\"og:description\" content=\"Scopri Brioso Rose&#039; - Cantine Paolini su Reliquo: qualit\u00e0 garantita, spedizioni rapide e prezzi competitivi. Ordina ora e approfitta delle nostre offerte esclusive.\" \/>\n<meta property=\"og:url\" content=\"http:\/\/reliquo.com\/fr\/brioso-rose-cantine-paolini\/\" \/>\n<meta property=\"og:site_name\" content=\"Reliquo\" \/>\n<meta property=\"article:modified_time\" content=\"2026-04-17T18:45:52+00:00\" \/>\n<meta property=\"og:image\" content=\"https:\/\/reliquo.com\/wp-content\/uploads\/2025\/05\/Brioso-Rose_-Cantine-Paolini-scaled.png\" \/>\n\t<meta property=\"og:image:width\" content=\"2560\" \/>\n\t<meta property=\"og:image:height\" content=\"2560\" \/>\n\t<meta property=\"og:image:type\" content=\"image\/png\" \/>\n<meta name=\"twitter:card\" content=\"summary_large_image\" \/>\n<meta name=\"twitter:label1\" content=\"Dur\u00e9e de lecture estim\u00e9e\" \/>\n\t<meta name=\"twitter:data1\" content=\"1 minute\" \/>\n<script type=\"application\/ld+json\" class=\"yoast-schema-graph\">{\"@context\":\"https:\/\/schema.org\",\"@graph\":[{\"@type\":\"WebPage\",\"@id\":\"http:\/\/reliquo.com\/it\/brioso-rose-cantine-paolini\/\",\"url\":\"http:\/\/reliquo.com\/it\/brioso-rose-cantine-paolini\/\",\"name\":\"Brioso Rose' - Cantine Paolini | Acquista Online su Reliquo\",\"isPartOf\":{\"@id\":\"https:\/\/reliquo.com\/es\/#website\"},\"primaryImageOfPage\":{\"@id\":\"http:\/\/reliquo.com\/it\/brioso-rose-cantine-paolini\/#primaryimage\"},\"image\":{\"@id\":\"http:\/\/reliquo.com\/it\/brioso-rose-cantine-paolini\/#primaryimage\"},\"thumbnailUrl\":\"https:\/\/reliquo.com\/wp-content\/uploads\/2025\/05\/Brioso-Rose_-Cantine-Paolini-scaled.png\",\"datePublished\":\"2025-06-11T10:03:46+00:00\",\"dateModified\":\"2026-04-17T18:45:52+00:00\",\"description\":\"Scopri Brioso Rose' - Cantine Paolini su Reliquo: qualit\u00e0 garantita, spedizioni rapide e prezzi competitivi. Ordina ora e approfitta delle nostre offerte esclusive.\",\"breadcrumb\":{\"@id\":\"http:\/\/reliquo.com\/it\/brioso-rose-cantine-paolini\/#breadcrumb\"},\"inLanguage\":\"fr-FR\",\"potentialAction\":[{\"@type\":\"ReadAction\",\"target\":[\"http:\/\/reliquo.com\/it\/brioso-rose-cantine-paolini\/\"]}]},{\"@type\":\"ImageObject\",\"inLanguage\":\"fr-FR\",\"@id\":\"http:\/\/reliquo.com\/it\/brioso-rose-cantine-paolini\/#primaryimage\",\"url\":\"https:\/\/reliquo.com\/wp-content\/uploads\/2025\/05\/Brioso-Rose_-Cantine-Paolini-scaled.png\",\"contentUrl\":\"https:\/\/reliquo.com\/wp-content\/uploads\/2025\/05\/Brioso-Rose_-Cantine-Paolini-scaled.png\",\"width\":2560,\"height\":2560,\"caption\":\"Brioso Rose\u2019 \u2013 Cantine Paolini\"},{\"@type\":\"BreadcrumbList\",\"@id\":\"http:\/\/reliquo.com\/it\/brioso-rose-cantine-paolini\/#breadcrumb\",\"itemListElement\":[{\"@type\":\"ListItem\",\"position\":1,\"name\":\"Home\",\"item\":\"http:\/\/reliquo.com\/it\/\"},{\"@type\":\"ListItem\",\"position\":2,\"name\":\"Shop\",\"item\":\"http:\/\/reliquo.com\/it\/shop\/\"},{\"@type\":\"ListItem\",\"position\":3,\"name\":\"Brioso Rose&#8217; &#8211; Cantine Paolini\"}]},{\"@type\":\"WebSite\",\"@id\":\"https:\/\/reliquo.com\/es\/#website\",\"url\":\"https:\/\/reliquo.com\/es\/\",\"name\":\"Reliquo\",\"description\":\"La tua enoteca online: scopri vini, liquori e distillati d\u2019eccellenza.\",\"publisher\":{\"@id\":\"https:\/\/reliquo.com\/es\/#organization\"},\"potentialAction\":[{\"@type\":\"SearchAction\",\"target\":{\"@type\":\"EntryPoint\",\"urlTemplate\":\"https:\/\/reliquo.com\/es\/?s={search_term_string}\"},\"query-input\":{\"@type\":\"PropertyValueSpecification\",\"valueRequired\":true,\"valueName\":\"search_term_string\"}}],\"inLanguage\":\"fr-FR\"},{\"@type\":\"Organization\",\"@id\":\"https:\/\/reliquo.com\/es\/#organization\",\"name\":\"Reliquo\",\"url\":\"https:\/\/reliquo.com\/es\/\",\"logo\":{\"@type\":\"ImageObject\",\"inLanguage\":\"fr-FR\",\"@id\":\"https:\/\/reliquo.com\/es\/#\/schema\/logo\/image\/\",\"url\":\"https:\/\/reliquo.com\/wp-content\/uploads\/2024\/12\/cropped-favicon-1.png\",\"contentUrl\":\"https:\/\/reliquo.com\/wp-content\/uploads\/2024\/12\/cropped-favicon-1.png\",\"width\":512,\"height\":512,\"caption\":\"Reliquo\"},\"image\":{\"@id\":\"https:\/\/reliquo.com\/es\/#\/schema\/logo\/image\/\"}}]}<\/script>\n<!-- \/ Yoast SEO plugin. -->","yoast_head_json":{"title":"Brioso Rose' - Cantine Paolini | Acheter en ligne chez Reliquo","description":"D\u00e9couvrez Brioso Rose' - Cantine Paolini chez Reliquo : qualit\u00e9 garantie, livraison rapide et prix comp\u00e9titifs. Commandez maintenant et profitez de nos offres exclusives.","robots":{"index":"index","follow":"follow","max-snippet":"max-snippet:-1","max-image-preview":"max-image-preview:large","max-video-preview":"max-video-preview:-1"},"canonical":"http:\/\/reliquo.com\/fr\/brioso-rose-cantine-paolini\/","og_locale":"fr_FR","og_type":"article","og_title":"Brioso Rose' - Cantine Paolini | Acquista Online su Reliquo","og_description":"Scopri Brioso Rose' - Cantine Paolini su Reliquo: qualit\u00e0 garantita, spedizioni rapide e prezzi competitivi. Ordina ora e approfitta delle nostre offerte esclusive.","og_url":"http:\/\/reliquo.com\/fr\/brioso-rose-cantine-paolini\/","og_site_name":"Reliquo","article_modified_time":"2026-04-17T18:45:52+00:00","og_image":[{"width":2560,"height":2560,"url":"https:\/\/reliquo.com\/wp-content\/uploads\/2025\/05\/Brioso-Rose_-Cantine-Paolini-scaled.png","type":"image\/png"}],"twitter_card":"summary_large_image","twitter_misc":{"Dur\u00e9e de lecture estim\u00e9e":"1 minute"},"schema":{"@context":"https:\/\/schema.org","@graph":[{"@type":"WebPage","@id":"http:\/\/reliquo.com\/it\/brioso-rose-cantine-paolini\/","url":"http:\/\/reliquo.com\/it\/brioso-rose-cantine-paolini\/","name":"Brioso Rose' - Cantine Paolini | Acheter en ligne chez Reliquo","isPartOf":{"@id":"https:\/\/reliquo.com\/es\/#website"},"primaryImageOfPage":{"@id":"http:\/\/reliquo.com\/it\/brioso-rose-cantine-paolini\/#primaryimage"},"image":{"@id":"http:\/\/reliquo.com\/it\/brioso-rose-cantine-paolini\/#primaryimage"},"thumbnailUrl":"https:\/\/reliquo.com\/wp-content\/uploads\/2025\/05\/Brioso-Rose_-Cantine-Paolini-scaled.png","datePublished":"2025-06-11T10:03:46+00:00","dateModified":"2026-04-17T18:45:52+00:00","description":"D\u00e9couvrez Brioso Rose' - Cantine Paolini chez Reliquo : qualit\u00e9 garantie, livraison rapide et prix comp\u00e9titifs. Commandez maintenant et profitez de nos offres exclusives.","breadcrumb":{"@id":"http:\/\/reliquo.com\/it\/brioso-rose-cantine-paolini\/#breadcrumb"},"inLanguage":"fr-FR","potentialAction":[{"@type":"ReadAction","target":["http:\/\/reliquo.com\/it\/brioso-rose-cantine-paolini\/"]}]},{"@type":"ImageObject","inLanguage":"fr-FR","@id":"http:\/\/reliquo.com\/it\/brioso-rose-cantine-paolini\/#primaryimage","url":"https:\/\/reliquo.com\/wp-content\/uploads\/2025\/05\/Brioso-Rose_-Cantine-Paolini-scaled.png","contentUrl":"https:\/\/reliquo.com\/wp-content\/uploads\/2025\/05\/Brioso-Rose_-Cantine-Paolini-scaled.png","width":2560,"height":2560,"caption":"Brioso Rose\u2019 \u2013 Cantine Paolini"},{"@type":"BreadcrumbList","@id":"http:\/\/reliquo.com\/it\/brioso-rose-cantine-paolini\/#breadcrumb","itemListElement":[{"@type":"ListItem","position":1,"name":"Home","item":"http:\/\/reliquo.com\/it\/"},{"@type":"ListItem","position":2,"name":"Shop","item":"http:\/\/reliquo.com\/it\/shop\/"},{"@type":"ListItem","position":3,"name":"Brioso Rose&#8217; &#8211; Cantine Paolini"}]},{"@type":"WebSite","@id":"https:\/\/reliquo.com\/es\/#website","url":"https:\/\/reliquo.com\/es\/","name":"Reliquo","description":"Votre magasin de vin en ligne : d\u00e9couvrez d'excellents vins, spiritueux et liqueurs.","publisher":{"@id":"https:\/\/reliquo.com\/es\/#organization"},"potentialAction":[{"@type":"SearchAction","target":{"@type":"EntryPoint","urlTemplate":"https:\/\/reliquo.com\/es\/?s={search_term_string}"},"query-input":{"@type":"PropertyValueSpecification","valueRequired":true,"valueName":"search_term_string"}}],"inLanguage":"fr-FR"},{"@type":"Organization","@id":"https:\/\/reliquo.com\/es\/#organization","name":"Reliquo","url":"https:\/\/reliquo.com\/es\/","logo":{"@type":"ImageObject","inLanguage":"fr-FR","@id":"https:\/\/reliquo.com\/es\/#\/schema\/logo\/image\/","url":"https:\/\/reliquo.com\/wp-content\/uploads\/2024\/12\/cropped-favicon-1.png","contentUrl":"https:\/\/reliquo.com\/wp-content\/uploads\/2024\/12\/cropped-favicon-1.png","width":512,"height":512,"caption":"Reliquo"},"image":{"@id":"https:\/\/reliquo.com\/es\/#\/schema\/logo\/image\/"}}]}},"jetpack_sharing_enabled":true,"brands":[{"id":691,"name":"Caves Paolini","slug":"caves-paolini"}],"_links":{"self":[{"href":"https:\/\/reliquo.com\/fr\/wp-json\/wp\/v2\/product\/4618","targetHints":{"allow":["GET"]}}],"collection":[{"href":"https:\/\/reliquo.com\/fr\/wp-json\/wp\/v2\/product"}],"about":[{"href":"https:\/\/reliquo.com\/fr\/wp-json\/wp\/v2\/types\/product"}],"wp:featuredmedia":[{"embeddable":true,"href":"https:\/\/reliquo.com\/fr\/wp-json\/wp\/v2\/media\/4636"}],"wp:attachment":[{"href":"https:\/\/reliquo.com\/fr\/wp-json\/wp\/v2\/media?parent=4618"}],"wp:term":[{"taxonomy":"pwb-brand","embeddable":true,"href":"https:\/\/reliquo.com\/fr\/wp-json\/wp\/v2\/pwb-brand?post=4618"},{"taxonomy":"product_brand","embeddable":true,"href":"https:\/\/reliquo.com\/fr\/wp-json\/wp\/v2\/product_brand?post=4618"},{"taxonomy":"product_cat","embeddable":true,"href":"https:\/\/reliquo.com\/fr\/wp-json\/wp\/v2\/product_cat?post=4618"},{"taxonomy":"product_tag","embeddable":true,"href":"https:\/\/reliquo.com\/fr\/wp-json\/wp\/v2\/product_tag?post=4618"}],"curies":[{"name":"wp","href":"https:\/\/api.w.org\/{rel}","templated":true}]}}