{"id":7,"date":"2024-12-13T19:55:28","date_gmt":"2024-12-13T19:55:28","guid":{"rendered":"http:\/\/reliquo.com\/index.php\/cart\/"},"modified":"2025-01-17T19:20:08","modified_gmt":"2025-01-17T18:20:08","slug":"panier","status":"publish","type":"page","link":"https:\/\/reliquo.com\/fr\/carrello\/","title":{"rendered":"Chariot"},"content":{"rendered":"<div data-block-name=\"woocommerce\/cart\" class=\"wp-block-woocommerce-cart alignwide is-loading\">\r\n<div data-block-name=\"woocommerce\/filled-cart-block\" class=\"wp-block-woocommerce-filled-cart-block\">\r\n<div data-block-name=\"woocommerce\/cart-items-block\" class=\"wp-block-woocommerce-cart-items-block\">\r\n<div data-block-name=\"woocommerce\/cart-line-items-block\" class=\"wp-block-woocommerce-cart-line-items-block\">\u00a0<\/div>\r\n\r\n\r\n\r\n<div data-block-name=\"woocommerce\/cart-cross-sells-block\" class=\"wp-block-woocommerce-cart-cross-sells-block\">\r\n<h2 class=\"wp-block-heading has-large-font-size\">Vous pourriez \u00eatre int\u00e9ress\u00e9 par...<\/h2>\r\n\r\n\r\n\r\n<div data-block-name=\"woocommerce\/cart-cross-sells-products-block\" class=\"wp-block-woocommerce-cart-cross-sells-products-block\">\u00a0<\/div>\r\n<\/div>\r\n<\/div>\r\n\r\n\r\n\r\n<div data-block-name=\"woocommerce\/cart-totals-block\" class=\"wp-block-woocommerce-cart-totals-block\">\r\n<div data-block-name=\"woocommerce\/cart-order-summary-block\" class=\"wp-block-woocommerce-cart-order-summary-block\">\r\n<div data-block-name=\"woocommerce\/cart-order-summary-heading-block\" class=\"wp-block-woocommerce-cart-order-summary-heading-block\">\u00a0<\/div>\r\n\r\n\r\n\r\n<div data-block-name=\"woocommerce\/cart-order-summary-coupon-form-block\" class=\"wp-block-woocommerce-cart-order-summary-coupon-form-block\">\u00a0<\/div>\r\n\r\n\r\n\r\n\r\n\r\n\r\n\r\n\r\n\r\n\r\n\r\n\r\n\r\n\r\n\r\n\r\n\r\n\r\n\r\n<div data-block-name=\"woocommerce\/cart-order-summary-totals-block\" class=\"wp-block-woocommerce-cart-order-summary-totals-block\">\n<div data-block-name=\"woocommerce\/cart-order-summary-subtotal-block\" class=\"wp-block-woocommerce-cart-order-summary-subtotal-block\">\u00a0<\/div>\n<div data-block-name=\"woocommerce\/cart-order-summary-discount-block\" class=\"wp-block-woocommerce-cart-order-summary-discount-block\">\u00a0<\/div>\n<div data-block-name=\"woocommerce\/cart-order-summary-fee-block\" class=\"wp-block-woocommerce-cart-order-summary-fee-block\">\u00a0<\/div>\n<div data-block-name=\"woocommerce\/cart-order-summary-shipping-block\" class=\"wp-block-woocommerce-cart-order-summary-shipping-block\">\u00a0<\/div>\n<div data-block-name=\"woocommerce\/cart-order-summary-taxes-block\" class=\"wp-block-woocommerce-cart-order-summary-taxes-block\">\u00a0<\/div><\/div>\r\n<\/div>\r\n\r\n\r\n\r\n<div data-block-name=\"woocommerce\/cart-express-payment-block\" class=\"wp-block-woocommerce-cart-express-payment-block\">\u00a0<\/div>\r\n\r\n\r\n\r\n<div data-block-name=\"woocommerce\/proceed-to-checkout-block\" class=\"wp-block-woocommerce-proceed-to-checkout-block\">\u00a0<\/div>\r\n<div id=\"ppcp-recaptcha-v2-container\" style=\"margin:20px 0;\"><\/div>\r\n\r\n\r\n<div data-block-name=\"woocommerce\/cart-accepted-payment-methods-block\" class=\"wp-block-woocommerce-cart-accepted-payment-methods-block\">\u00a0<\/div>\r\n<\/div>\r\n<\/div>\r\n\r\n\r\n\r\n<div data-block-name=\"woocommerce\/empty-cart-block\" class=\"wp-block-woocommerce-empty-cart-block\">\r\n<h2 class=\"wp-block-heading has-text-align-center with-empty-cart-icon wc-block-cart__empty-cart__title\">Votre panier est actuellement vide !<\/h2>\r\n\r\n\r\n<hr class=\"wp-block-separator has-alpha-channel-opacity is-style-dots\" \/>\r\n\r\n\r\n<h2 class=\"wp-block-heading has-text-align-center\">Nouveau en magasin<\/h2>\r\n\r\n\r\n<div data-block-name=\"woocommerce\/product-new\" data-columns=\"4\" data-rows=\"1\" class=\"wc-block-grid wp-block-product-new wp-block-woocommerce-product-new wc-block-product-new has-4-columns\"><ul class=\"wc-block-grid__products\"><li class=\"wc-block-grid__product\">\n\t\t\t\t<a href=\"https:\/\/reliquo.com\/fr\/amaro-tinirizza-amari-d-amuri-50cl\/\" class=\"wc-block-grid__product-link\">\n\t\t\t\t\t\n\t\t\t\t\t<div class=\"wc-block-grid__product-image\"><img fetchpriority=\"high\" decoding=\"async\" width=\"300\" height=\"300\" src=\"https:\/\/reliquo.com\/wp-content\/uploads\/2026\/03\/AMARO-DAMURI-TINIRIZZA-300x300.png\" class=\"attachment-woocommerce_thumbnail size-woocommerce_thumbnail\" alt=\"Amaro Tinirizza \u2013 Amari d\u2019 Amuri \u2013 50cl\" srcset=\"https:\/\/reliquo.com\/wp-content\/uploads\/2026\/03\/AMARO-DAMURI-TINIRIZZA-300x300.png 300w, https:\/\/reliquo.com\/wp-content\/uploads\/2026\/03\/AMARO-DAMURI-TINIRIZZA-1024x1024.png 1024w, https:\/\/reliquo.com\/wp-content\/uploads\/2026\/03\/AMARO-DAMURI-TINIRIZZA-150x150.png 150w, https:\/\/reliquo.com\/wp-content\/uploads\/2026\/03\/AMARO-DAMURI-TINIRIZZA-768x768.png 768w, https:\/\/reliquo.com\/wp-content\/uploads\/2026\/03\/AMARO-DAMURI-TINIRIZZA-12x12.png 12w, https:\/\/reliquo.com\/wp-content\/uploads\/2026\/03\/AMARO-DAMURI-TINIRIZZA-600x600.png 600w, https:\/\/reliquo.com\/wp-content\/uploads\/2026\/03\/AMARO-DAMURI-TINIRIZZA-100x100.png 100w, https:\/\/reliquo.com\/wp-content\/uploads\/2026\/03\/AMARO-DAMURI-TINIRIZZA.png 1280w\" sizes=\"(max-width: 300px) 100vw, 300px\" \/><\/div>\n\t\t\t\t\t<div class=\"wc-block-grid__product-title\">Amaro Tinirizza &#8211; Amari d&#8217; Amuri &#8211; 50cl<\/div>\n\t\t\t\t<\/a>\n\t\t\t\t<div class=\"wc-block-grid__product-price price\"><span class=\"woocommerce-Price-amount amount\"><span class=\"woocommerce-Price-currencySymbol\">\u20ac<\/span>8,90<\/span><\/div>\n\t\t\t\t\n\t\t\t\t<div class=\"wp-block-button wc-block-grid__product-add-to-cart\"><a href=\"\/fr\/wp-json\/wp\/v2\/pages\/7?add-to-cart=5237\" aria-label=\"Ajouter au panier : &quot;Amaro Tinirizza - Amari d&#039; Amuri - 50cl&quot;\" data-quantity=\"1\" data-product_id=\"5237\" data-product_sku=\"DI-AM-18\" data-price=\"8.9\" rel=\"nofollow\" class=\"wp-block-button__link  add_to_cart_button ajax_add_to_cart\" data-no-translation-aria-label=\"\">Acheter<\/a><\/div>\n\t\t\t<\/li><li class=\"wc-block-grid__product\">\n\t\t\t\t<a href=\"https:\/\/reliquo.com\/fr\/amaro-fuitina-amari-d-amuri-50cl\/\" class=\"wc-block-grid__product-link\">\n\t\t\t\t\t\n\t\t\t\t\t<div class=\"wc-block-grid__product-image\"><img decoding=\"async\" width=\"300\" height=\"300\" src=\"https:\/\/reliquo.com\/wp-content\/uploads\/2026\/03\/AMARO-DAMURI-FUITINA-300x300.png\" class=\"attachment-woocommerce_thumbnail size-woocommerce_thumbnail\" alt=\"Amaro Fuitina \u2013 Amari d\u2019 Amuri \u2013 50cl\" srcset=\"https:\/\/reliquo.com\/wp-content\/uploads\/2026\/03\/AMARO-DAMURI-FUITINA-300x300.png 300w, https:\/\/reliquo.com\/wp-content\/uploads\/2026\/03\/AMARO-DAMURI-FUITINA-1024x1024.png 1024w, https:\/\/reliquo.com\/wp-content\/uploads\/2026\/03\/AMARO-DAMURI-FUITINA-150x150.png 150w, https:\/\/reliquo.com\/wp-content\/uploads\/2026\/03\/AMARO-DAMURI-FUITINA-768x768.png 768w, https:\/\/reliquo.com\/wp-content\/uploads\/2026\/03\/AMARO-DAMURI-FUITINA-12x12.png 12w, https:\/\/reliquo.com\/wp-content\/uploads\/2026\/03\/AMARO-DAMURI-FUITINA-600x600.png 600w, https:\/\/reliquo.com\/wp-content\/uploads\/2026\/03\/AMARO-DAMURI-FUITINA-100x100.png 100w, https:\/\/reliquo.com\/wp-content\/uploads\/2026\/03\/AMARO-DAMURI-FUITINA.png 1280w\" sizes=\"(max-width: 300px) 100vw, 300px\" \/><\/div>\n\t\t\t\t\t<div class=\"wc-block-grid__product-title\">Amaro Fuitina &#8211; Amari d&#8217; Amuri &#8211; 50cl<\/div>\n\t\t\t\t<\/a>\n\t\t\t\t<div class=\"wc-block-grid__product-price price\"><span class=\"woocommerce-Price-amount amount\"><span class=\"woocommerce-Price-currencySymbol\">\u20ac<\/span>8,90<\/span><\/div>\n\t\t\t\t\n\t\t\t\t<div class=\"wp-block-button wc-block-grid__product-add-to-cart\"><a href=\"\/fr\/wp-json\/wp\/v2\/pages\/7?add-to-cart=5236\" aria-label=\"Ajouter au panier : &quot;Amaro Fuitina - Amari d&#039; Amuri - 50cl&quot;\" data-quantity=\"1\" data-product_id=\"5236\" data-product_sku=\"DI-AM-17\" data-price=\"8.9\" rel=\"nofollow\" class=\"wp-block-button__link  add_to_cart_button ajax_add_to_cart\" data-no-translation-aria-label=\"\">Acheter<\/a><\/div>\n\t\t\t<\/li><li class=\"wc-block-grid__product\">\n\t\t\t\t<a href=\"https:\/\/reliquo.com\/fr\/amaro-curtigghio-amari-d-amuri-50cl\/\" class=\"wc-block-grid__product-link\">\n\t\t\t\t\t\n\t\t\t\t\t<div class=\"wc-block-grid__product-image\"><img decoding=\"async\" width=\"300\" height=\"300\" src=\"https:\/\/reliquo.com\/wp-content\/uploads\/2026\/03\/AMARO-DAMURI-CURTIGGHIO-300x300.png\" class=\"attachment-woocommerce_thumbnail size-woocommerce_thumbnail\" alt=\"Amaro Fuitina \u2013 Amari d\u2019 Amuri \u2013 50cl\" srcset=\"https:\/\/reliquo.com\/wp-content\/uploads\/2026\/03\/AMARO-DAMURI-CURTIGGHIO-300x300.png 300w, https:\/\/reliquo.com\/wp-content\/uploads\/2026\/03\/AMARO-DAMURI-CURTIGGHIO-1024x1024.png 1024w, https:\/\/reliquo.com\/wp-content\/uploads\/2026\/03\/AMARO-DAMURI-CURTIGGHIO-150x150.png 150w, https:\/\/reliquo.com\/wp-content\/uploads\/2026\/03\/AMARO-DAMURI-CURTIGGHIO-768x768.png 768w, https:\/\/reliquo.com\/wp-content\/uploads\/2026\/03\/AMARO-DAMURI-CURTIGGHIO-12x12.png 12w, https:\/\/reliquo.com\/wp-content\/uploads\/2026\/03\/AMARO-DAMURI-CURTIGGHIO-600x600.png 600w, https:\/\/reliquo.com\/wp-content\/uploads\/2026\/03\/AMARO-DAMURI-CURTIGGHIO-100x100.png 100w, https:\/\/reliquo.com\/wp-content\/uploads\/2026\/03\/AMARO-DAMURI-CURTIGGHIO.png 1280w\" sizes=\"(max-width: 300px) 100vw, 300px\" \/><\/div>\n\t\t\t\t\t<div class=\"wc-block-grid__product-title\">Amaro Curtigghio &#8211; Amari d&#8217; Amuri &#8211; 50cl<\/div>\n\t\t\t\t<\/a>\n\t\t\t\t<div class=\"wc-block-grid__product-price price\"><span class=\"woocommerce-Price-amount amount\"><span class=\"woocommerce-Price-currencySymbol\">\u20ac<\/span>8,90<\/span><\/div>\n\t\t\t\t\n\t\t\t\t<div class=\"wp-block-button wc-block-grid__product-add-to-cart\"><a href=\"\/fr\/wp-json\/wp\/v2\/pages\/7?add-to-cart=5235\" aria-label=\"Ajouter au panier : &quot;Amaro Curtigghio - Amari d&#039; Amuri - 50cl&quot;\" data-quantity=\"1\" data-product_id=\"5235\" data-product_sku=\"DI-AM-16\" data-price=\"8.9\" rel=\"nofollow\" class=\"wp-block-button__link  add_to_cart_button ajax_add_to_cart\" data-no-translation-aria-label=\"\">Acheter<\/a><\/div>\n\t\t\t<\/li><li class=\"wc-block-grid__product\">\n\t\t\t\t<a href=\"https:\/\/reliquo.com\/fr\/amaro-canuscenza-amari-d-amuri-50cl\/\" class=\"wc-block-grid__product-link\">\n\t\t\t\t\t\n\t\t\t\t\t<div class=\"wc-block-grid__product-image\"><img loading=\"lazy\" decoding=\"async\" width=\"300\" height=\"300\" src=\"https:\/\/reliquo.com\/wp-content\/uploads\/2026\/03\/AMARO-DAMURI-CANUSCENZA-300x300.png\" class=\"attachment-woocommerce_thumbnail size-woocommerce_thumbnail\" alt=\"Amaro Curtigghio \u2013 Amari d\u2019 Amuri \u2013 50cl\" srcset=\"https:\/\/reliquo.com\/wp-content\/uploads\/2026\/03\/AMARO-DAMURI-CANUSCENZA-300x300.png 300w, https:\/\/reliquo.com\/wp-content\/uploads\/2026\/03\/AMARO-DAMURI-CANUSCENZA-1024x1024.png 1024w, https:\/\/reliquo.com\/wp-content\/uploads\/2026\/03\/AMARO-DAMURI-CANUSCENZA-150x150.png 150w, https:\/\/reliquo.com\/wp-content\/uploads\/2026\/03\/AMARO-DAMURI-CANUSCENZA-768x768.png 768w, https:\/\/reliquo.com\/wp-content\/uploads\/2026\/03\/AMARO-DAMURI-CANUSCENZA-12x12.png 12w, https:\/\/reliquo.com\/wp-content\/uploads\/2026\/03\/AMARO-DAMURI-CANUSCENZA-600x600.png 600w, https:\/\/reliquo.com\/wp-content\/uploads\/2026\/03\/AMARO-DAMURI-CANUSCENZA-100x100.png 100w, https:\/\/reliquo.com\/wp-content\/uploads\/2026\/03\/AMARO-DAMURI-CANUSCENZA.png 1280w\" sizes=\"(max-width: 300px) 100vw, 300px\" \/><\/div>\n\t\t\t\t\t<div class=\"wc-block-grid__product-title\">Amaro Canuscenza &#8211; Amari d&#8217; Amuri &#8211; 50cl<\/div>\n\t\t\t\t<\/a>\n\t\t\t\t<div class=\"wc-block-grid__product-price price\"><span class=\"woocommerce-Price-amount amount\"><span class=\"woocommerce-Price-currencySymbol\">\u20ac<\/span>8,90<\/span><\/div>\n\t\t\t\t\n\t\t\t\t<div class=\"wp-block-button wc-block-grid__product-add-to-cart\"><a href=\"\/fr\/wp-json\/wp\/v2\/pages\/7?add-to-cart=5234\" aria-label=\"Ajouter au panier : &quot;Amaro Canuscenza - Amari d&#039; Amuri - 50cl&quot;\" data-quantity=\"1\" data-product_id=\"5234\" data-product_sku=\"DI-AM-15\" data-price=\"8.9\" rel=\"nofollow\" class=\"wp-block-button__link  add_to_cart_button ajax_add_to_cart\" data-no-translation-aria-label=\"\">Acheter<\/a><\/div>\n\t\t\t<\/li><\/ul><\/div><\/div>\r\n<\/div>","protected":false},"excerpt":{"rendered":"","protected":false},"author":1,"featured_media":0,"parent":0,"menu_order":0,"comment_status":"closed","ping_status":"closed","template":"","meta":{"site-sidebar-layout":"default","site-content-layout":"","ast-site-content-layout":"default","site-content-style":"default","site-sidebar-style":"default","ast-global-header-display":"","ast-banner-title-visibility":"","ast-main-header-display":"","ast-hfb-above-header-display":"","ast-hfb-below-header-display":"","ast-hfb-mobile-header-display":"","site-post-title":"","ast-breadcrumbs-content":"","ast-featured-img":"","footer-sml-layout":"","ast-disable-related-posts":"","theme-transparent-header-meta":"default","adv-header-id-meta":"","stick-header-meta":"default","header-above-stick-meta":"","header-main-stick-meta":"","header-below-stick-meta":"","astra-migrate-meta-layouts":"set","ast-page-background-enabled":"default","ast-page-background-meta":{"desktop":{"background-color":"var(--ast-global-color-4)","background-image":"","background-repeat":"repeat","background-position":"center center","background-size":"auto","background-attachment":"scroll","background-type":"","background-media":"","overlay-type":"","overlay-color":"","overlay-opacity":"","overlay-gradient":""},"tablet":{"background-color":"","background-image":"","background-repeat":"repeat","background-position":"center center","background-size":"auto","background-attachment":"scroll","background-type":"","background-media":"","overlay-type":"","overlay-color":"","overlay-opacity":"","overlay-gradient":""},"mobile":{"background-color":"","background-image":"","background-repeat":"repeat","background-position":"center center","background-size":"auto","background-attachment":"scroll","background-type":"","background-media":"","overlay-type":"","overlay-color":"","overlay-opacity":"","overlay-gradient":""}},"ast-content-background-meta":{"desktop":{"background-color":"var(--ast-global-color-5)","background-image":"","background-repeat":"repeat","background-position":"center center","background-size":"auto","background-attachment":"scroll","background-type":"","background-media":"","overlay-type":"","overlay-color":"","overlay-opacity":"","overlay-gradient":""},"tablet":{"background-color":"var(--ast-global-color-5)","background-image":"","background-repeat":"repeat","background-position":"center center","background-size":"auto","background-attachment":"scroll","background-type":"","background-media":"","overlay-type":"","overlay-color":"","overlay-opacity":"","overlay-gradient":""},"mobile":{"background-color":"var(--ast-global-color-5)","background-image":"","background-repeat":"repeat","background-position":"center center","background-size":"auto","background-attachment":"scroll","background-type":"","background-media":"","overlay-type":"","overlay-color":"","overlay-opacity":"","overlay-gradient":""}},"footnotes":""},"class_list":["post-7","page","type-page","status-publish","hentry"],"yoast_head":"<!-- This site is optimized with the Yoast SEO plugin v27.2 - https:\/\/yoast.com\/product\/yoast-seo-wordpress\/ -->\n<title>Il Tuo Carrello | Rivedi e Completa l&#039;Ordine | Reliquo<\/title>\n<meta name=\"description\" content=\"Controlla gli articoli nel tuo carrello su Reliquo. Rivedi i dettagli del tuo ordine, applica coupon e procedi al checkout in modo rapido e sicuro.\" \/>\n<meta name=\"robots\" content=\"index, follow, max-snippet:-1, max-image-preview:large, max-video-preview:-1\" \/>\n<link rel=\"canonical\" href=\"http:\/\/reliquo.com\/fr\/panier\/\" \/>\n<meta property=\"og:locale\" content=\"fr_FR\" \/>\n<meta property=\"og:type\" content=\"article\" \/>\n<meta property=\"og:title\" content=\"Il Tuo Carrello | Rivedi e Completa l&#039;Ordine | Reliquo\" \/>\n<meta property=\"og:description\" content=\"Controlla gli articoli nel tuo carrello su Reliquo. Rivedi i dettagli del tuo ordine, applica coupon e procedi al checkout in modo rapido e sicuro.\" \/>\n<meta property=\"og:url\" content=\"http:\/\/reliquo.com\/fr\/panier\/\" \/>\n<meta property=\"og:site_name\" content=\"Reliquo\" \/>\n<meta property=\"article:modified_time\" content=\"2025-01-17T18:20:08+00:00\" \/>\n<meta property=\"og:image\" content=\"https:\/\/reliquo.com\/wp-content\/uploads\/2025\/01\/nero-1080x1080-1.png\" \/>\n\t<meta property=\"og:image:width\" content=\"1080\" \/>\n\t<meta property=\"og:image:height\" content=\"1080\" \/>\n\t<meta property=\"og:image:type\" content=\"image\/png\" \/>\n<meta name=\"twitter:card\" content=\"summary_large_image\" \/>\n<meta name=\"twitter:label1\" content=\"Dur\u00e9e de lecture estim\u00e9e\" \/>\n\t<meta name=\"twitter:data1\" content=\"1 minute\" \/>\n<script type=\"application\/ld+json\" class=\"yoast-schema-graph\">{\"@context\":\"https:\/\/schema.org\",\"@graph\":[{\"@type\":[\"WebPage\",\"ItemPage\"],\"@id\":\"http:\/\/reliquo.com\/it\/carrello\/\",\"url\":\"http:\/\/reliquo.com\/it\/carrello\/\",\"name\":\"Il Tuo Carrello | Rivedi e Completa l'Ordine | Reliquo\",\"isPartOf\":{\"@id\":\"https:\/\/reliquo.com\/es\/#website\"},\"datePublished\":\"2024-12-13T19:55:28+00:00\",\"dateModified\":\"2025-01-17T18:20:08+00:00\",\"description\":\"Controlla gli articoli nel tuo carrello su Reliquo. Rivedi i dettagli del tuo ordine, applica coupon e procedi al checkout in modo rapido e sicuro.\",\"breadcrumb\":{\"@id\":\"http:\/\/reliquo.com\/it\/carrello\/#breadcrumb\"},\"inLanguage\":\"fr-FR\",\"potentialAction\":[{\"@type\":\"ReadAction\",\"target\":[\"http:\/\/reliquo.com\/it\/carrello\/\"]}]},{\"@type\":\"BreadcrumbList\",\"@id\":\"http:\/\/reliquo.com\/it\/carrello\/#breadcrumb\",\"itemListElement\":[{\"@type\":\"ListItem\",\"position\":1,\"name\":\"Home\",\"item\":\"http:\/\/reliquo.com\/it\/\"},{\"@type\":\"ListItem\",\"position\":2,\"name\":\"Carrello\"}]},{\"@type\":\"WebSite\",\"@id\":\"https:\/\/reliquo.com\/es\/#website\",\"url\":\"https:\/\/reliquo.com\/es\/\",\"name\":\"Reliquo\",\"description\":\"La tua enoteca online: scopri vini, liquori e distillati d\u2019eccellenza.\",\"publisher\":{\"@id\":\"https:\/\/reliquo.com\/es\/#organization\"},\"potentialAction\":[{\"@type\":\"SearchAction\",\"target\":{\"@type\":\"EntryPoint\",\"urlTemplate\":\"https:\/\/reliquo.com\/es\/?s={search_term_string}\"},\"query-input\":{\"@type\":\"PropertyValueSpecification\",\"valueRequired\":true,\"valueName\":\"search_term_string\"}}],\"inLanguage\":\"fr-FR\"},{\"@type\":\"Organization\",\"@id\":\"https:\/\/reliquo.com\/es\/#organization\",\"name\":\"Reliquo\",\"url\":\"https:\/\/reliquo.com\/es\/\",\"logo\":{\"@type\":\"ImageObject\",\"inLanguage\":\"fr-FR\",\"@id\":\"https:\/\/reliquo.com\/es\/#\/schema\/logo\/image\/\",\"url\":\"https:\/\/reliquo.com\/wp-content\/uploads\/2024\/12\/cropped-favicon-1.png\",\"contentUrl\":\"https:\/\/reliquo.com\/wp-content\/uploads\/2024\/12\/cropped-favicon-1.png\",\"width\":512,\"height\":512,\"caption\":\"Reliquo\"},\"image\":{\"@id\":\"https:\/\/reliquo.com\/es\/#\/schema\/logo\/image\/\"}}]}<\/script>\n<!-- \/ Yoast SEO plugin. -->","yoast_head_json":{"title":"Votre panier | V\u00e9rifier et compl\u00e9ter la commande | Reliquo","description":"V\u00e9rifiez les articles de votre panier chez Reliquo. V\u00e9rifiez les d\u00e9tails de votre commande, appliquez les coupons et passez \u00e0 la caisse rapidement et en toute s\u00e9curit\u00e9.","robots":{"index":"index","follow":"follow","max-snippet":"max-snippet:-1","max-image-preview":"max-image-preview:large","max-video-preview":"max-video-preview:-1"},"canonical":"http:\/\/reliquo.com\/fr\/panier\/","og_locale":"fr_FR","og_type":"article","og_title":"Il Tuo Carrello | Rivedi e Completa l'Ordine | Reliquo","og_description":"Controlla gli articoli nel tuo carrello su Reliquo. Rivedi i dettagli del tuo ordine, applica coupon e procedi al checkout in modo rapido e sicuro.","og_url":"http:\/\/reliquo.com\/fr\/panier\/","og_site_name":"Reliquo","article_modified_time":"2025-01-17T18:20:08+00:00","og_image":[{"width":1080,"height":1080,"url":"https:\/\/reliquo.com\/wp-content\/uploads\/2025\/01\/nero-1080x1080-1.png","type":"image\/png"}],"twitter_card":"summary_large_image","twitter_misc":{"Dur\u00e9e de lecture estim\u00e9e":"1 minute"},"schema":{"@context":"https:\/\/schema.org","@graph":[{"@type":["WebPage","ItemPage"],"@id":"http:\/\/reliquo.com\/it\/carrello\/","url":"http:\/\/reliquo.com\/it\/carrello\/","name":"Votre panier | V\u00e9rifier et compl\u00e9ter la commande | Reliquo","isPartOf":{"@id":"https:\/\/reliquo.com\/es\/#website"},"datePublished":"2024-12-13T19:55:28+00:00","dateModified":"2025-01-17T18:20:08+00:00","description":"V\u00e9rifiez les articles de votre panier chez Reliquo. V\u00e9rifiez les d\u00e9tails de votre commande, appliquez les coupons et passez \u00e0 la caisse rapidement et en toute s\u00e9curit\u00e9.","breadcrumb":{"@id":"http:\/\/reliquo.com\/it\/carrello\/#breadcrumb"},"inLanguage":"fr-FR","potentialAction":[{"@type":"ReadAction","target":["http:\/\/reliquo.com\/it\/carrello\/"]}]},{"@type":"BreadcrumbList","@id":"http:\/\/reliquo.com\/it\/carrello\/#breadcrumb","itemListElement":[{"@type":"ListItem","position":1,"name":"Home","item":"http:\/\/reliquo.com\/it\/"},{"@type":"ListItem","position":2,"name":"Carrello"}]},{"@type":"WebSite","@id":"https:\/\/reliquo.com\/es\/#website","url":"https:\/\/reliquo.com\/es\/","name":"Reliquo","description":"Votre magasin de vin en ligne : d\u00e9couvrez d'excellents vins, spiritueux et liqueurs.","publisher":{"@id":"https:\/\/reliquo.com\/es\/#organization"},"potentialAction":[{"@type":"SearchAction","target":{"@type":"EntryPoint","urlTemplate":"https:\/\/reliquo.com\/es\/?s={search_term_string}"},"query-input":{"@type":"PropertyValueSpecification","valueRequired":true,"valueName":"search_term_string"}}],"inLanguage":"fr-FR"},{"@type":"Organization","@id":"https:\/\/reliquo.com\/es\/#organization","name":"Reliquo","url":"https:\/\/reliquo.com\/es\/","logo":{"@type":"ImageObject","inLanguage":"fr-FR","@id":"https:\/\/reliquo.com\/es\/#\/schema\/logo\/image\/","url":"https:\/\/reliquo.com\/wp-content\/uploads\/2024\/12\/cropped-favicon-1.png","contentUrl":"https:\/\/reliquo.com\/wp-content\/uploads\/2024\/12\/cropped-favicon-1.png","width":512,"height":512,"caption":"Reliquo"},"image":{"@id":"https:\/\/reliquo.com\/es\/#\/schema\/logo\/image\/"}}]}},"jetpack_sharing_enabled":true,"_links":{"self":[{"href":"https:\/\/reliquo.com\/fr\/wp-json\/wp\/v2\/pages\/7","targetHints":{"allow":["GET"]}}],"collection":[{"href":"https:\/\/reliquo.com\/fr\/wp-json\/wp\/v2\/pages"}],"about":[{"href":"https:\/\/reliquo.com\/fr\/wp-json\/wp\/v2\/types\/page"}],"author":[{"embeddable":true,"href":"https:\/\/reliquo.com\/fr\/wp-json\/wp\/v2\/users\/1"}],"replies":[{"embeddable":true,"href":"https:\/\/reliquo.com\/fr\/wp-json\/wp\/v2\/comments?post=7"}],"version-history":[{"count":2,"href":"https:\/\/reliquo.com\/fr\/wp-json\/wp\/v2\/pages\/7\/revisions"}],"predecessor-version":[{"id":4192,"href":"https:\/\/reliquo.com\/fr\/wp-json\/wp\/v2\/pages\/7\/revisions\/4192"}],"wp:attachment":[{"href":"https:\/\/reliquo.com\/fr\/wp-json\/wp\/v2\/media?parent=7"}],"curies":[{"name":"wp","href":"https:\/\/api.w.org\/{rel}","templated":true}]}}