{"id":777,"date":"2024-12-17T15:19:08","date_gmt":"2024-12-17T14:19:08","guid":{"rendered":"https:\/\/reliquo.com\/?post_type=product&#038;p=777"},"modified":"2025-12-18T15:43:31","modified_gmt":"2025-12-18T14:43:31","slug":"alda-de-las-nubes-grillo-2021-musanegra","status":"publish","type":"product","link":"https:\/\/reliquo.com\/es\/alda-delle-nuvole-grillo-2021-musanegra\/","title":{"rendered":"Alda delle Nuvole Grillo - Musanegra"},"content":{"rendered":"<p>Las uvas proceden de la zona de Castelvetrano, a pocos metros sobre el nivel del mar, rica en materia org\u00e1nica y de textura media y arenosa. Se vendimian exclusivamente a mano entre finales de agosto y principios de septiembre. Las uvas se vendimian durante las horas m\u00e1s frescas del d\u00eda. Tras una cuidadosa selecci\u00f3n de las uvas, se prensan con una prensa neum\u00e1tica suave y se fermentan en cubas de acero a una temperatura controlada de 15\u00b0C. La fermentaci\u00f3n dura aproximadamente 12 d\u00edas a una temperatura de 15\u00b0C. Al final de la fermentaci\u00f3n, el vino se mantiene en la levadura hasta el embotellado, para permitir una mayor evoluci\u00f3n de las sensaciones gusto-olfativas. Maduraci\u00f3n en botella durante unos 2 meses.<\/p>","protected":false},"excerpt":{"rendered":"<p>Le uve provengono dal territorio di Castelvetrano apochi metri s.l.m., ricco di sostanza organica, presenta unastruttura di medio impasto tendente [&hellip;]<\/p>\n","protected":false},"featured_media":283,"template":"","meta":{"site-sidebar-layout":"default","site-content-layout":"","ast-site-content-layout":"default","site-content-style":"default","site-sidebar-style":"default","ast-global-header-display":"","ast-banner-title-visibility":"","ast-main-header-display":"","ast-hfb-above-header-display":"","ast-hfb-below-header-display":"","ast-hfb-mobile-header-display":"","site-post-title":"","ast-breadcrumbs-content":"","ast-featured-img":"","footer-sml-layout":"","ast-disable-related-posts":"","theme-transparent-header-meta":"default","adv-header-id-meta":"","stick-header-meta":"default","header-above-stick-meta":"","header-main-stick-meta":"","header-below-stick-meta":"","astra-migrate-meta-layouts":"set","ast-page-background-enabled":"default","ast-page-background-meta":{"desktop":{"background-color":"var(--ast-global-color-4)","background-image":"","background-repeat":"repeat","background-position":"center center","background-size":"auto","background-attachment":"scroll","background-type":"","background-media":"","overlay-type":"","overlay-color":"","overlay-opacity":"","overlay-gradient":""},"tablet":{"background-color":"","background-image":"","background-repeat":"repeat","background-position":"center center","background-size":"auto","background-attachment":"scroll","background-type":"","background-media":"","overlay-type":"","overlay-color":"","overlay-opacity":"","overlay-gradient":""},"mobile":{"background-color":"","background-image":"","background-repeat":"repeat","background-position":"center center","background-size":"auto","background-attachment":"scroll","background-type":"","background-media":"","overlay-type":"","overlay-color":"","overlay-opacity":"","overlay-gradient":""}},"ast-content-background-meta":{"desktop":{"background-color":"var(--ast-global-color-5)","background-image":"","background-repeat":"repeat","background-position":"center center","background-size":"auto","background-attachment":"scroll","background-type":"","background-media":"","overlay-type":"","overlay-color":"","overlay-opacity":"","overlay-gradient":""},"tablet":{"background-color":"var(--ast-global-color-5)","background-image":"","background-repeat":"repeat","background-position":"center center","background-size":"auto","background-attachment":"scroll","background-type":"","background-media":"","overlay-type":"","overlay-color":"","overlay-opacity":"","overlay-gradient":""},"mobile":{"background-color":"var(--ast-global-color-5)","background-image":"","background-repeat":"repeat","background-position":"center center","background-size":"auto","background-attachment":"scroll","background-type":"","background-media":"","overlay-type":"","overlay-color":"","overlay-opacity":"","overlay-gradient":""}}},"pwb-brand":[723],"product_brand":[],"product_cat":[298],"product_tag":[503,443,462,502,442],"class_list":{"0":"post-777","1":"product","2":"type-product","3":"status-publish","4":"has-post-thumbnail","6":"pwb-brand-musanegra","7":"product_cat-bianchi","8":"product_tag-alda-dalle-nuvole","9":"product_tag-bianco","10":"product_tag-grillo","11":"product_tag-musanegra","12":"product_tag-vino","13":"desktop-align-center","14":"tablet-align-center","15":"mobile-align-center","16":"ast-product-gallery-layout-horizontal-slider","17":"ast-product-gallery-with-no-image","18":"ast-magnify-disabled","19":"ast-product-tabs-layout-horizontal","20":"ast-qv-on-image","22":"first","23":"outofstock","24":"shipping-taxable","25":"purchasable","26":"product-type-simple"},"yoast_head":"<!-- This site is optimized with the Yoast SEO plugin v27.4 - https:\/\/yoast.com\/product\/yoast-seo-wordpress\/ -->\n<title>Alda delle Nuvole Grillo - Musanegra | Acquista Online su Reliquo<\/title>\n<meta name=\"description\" content=\"Scopri Alda delle Nuvole Grillo - Musanegra su Reliquo: qualit\u00e0 garantita, spedizioni rapide e prezzi competitivi. Ordina ora e approfitta delle nostre offerte esclusive.\" \/>\n<meta name=\"robots\" content=\"index, follow, max-snippet:-1, max-image-preview:large, max-video-preview:-1\" \/>\n<link rel=\"canonical\" href=\"http:\/\/reliquo.com\/es\/alda-de-las-nubes-grillo-2021-musanegra\/\" \/>\n<meta property=\"og:locale\" content=\"es_ES\" \/>\n<meta property=\"og:type\" content=\"article\" \/>\n<meta property=\"og:title\" content=\"Alda delle Nuvole Grillo - Musanegra | Acquista Online su Reliquo\" \/>\n<meta property=\"og:description\" content=\"Scopri Alda delle Nuvole Grillo - Musanegra su Reliquo: qualit\u00e0 garantita, spedizioni rapide e prezzi competitivi. Ordina ora e approfitta delle nostre offerte esclusive.\" \/>\n<meta property=\"og:url\" content=\"http:\/\/reliquo.com\/es\/alda-de-las-nubes-grillo-2021-musanegra\/\" \/>\n<meta property=\"og:site_name\" content=\"Reliquo\" \/>\n<meta property=\"article:modified_time\" content=\"2025-12-18T14:43:31+00:00\" \/>\n<meta property=\"og:image\" content=\"https:\/\/reliquo.com\/wp-content\/uploads\/2024\/12\/Alda-delle-Nuvole-Grillo-Musanegra.png\" \/>\n\t<meta property=\"og:image:width\" content=\"2500\" \/>\n\t<meta property=\"og:image:height\" content=\"2500\" \/>\n\t<meta property=\"og:image:type\" content=\"image\/png\" \/>\n<meta name=\"twitter:card\" content=\"summary_large_image\" \/>\n<meta name=\"twitter:label1\" content=\"Tiempo de lectura\" \/>\n\t<meta name=\"twitter:data1\" content=\"1 minuto\" \/>\n<script type=\"application\/ld+json\" class=\"yoast-schema-graph\">{\"@context\":\"https:\\\/\\\/schema.org\",\"@graph\":[{\"@type\":\"WebPage\",\"@id\":\"http:\\\/\\\/reliquo.com\\\/it\\\/alda-delle-nuvole-grillo-2021-musanegra\\\/\",\"url\":\"http:\\\/\\\/reliquo.com\\\/it\\\/alda-delle-nuvole-grillo-2021-musanegra\\\/\",\"name\":\"Alda delle Nuvole Grillo - Musanegra | Acquista Online su Reliquo\",\"isPartOf\":{\"@id\":\"https:\\\/\\\/reliquo.com\\\/es\\\/#website\"},\"primaryImageOfPage\":{\"@id\":\"http:\\\/\\\/reliquo.com\\\/it\\\/alda-delle-nuvole-grillo-2021-musanegra\\\/#primaryimage\"},\"image\":{\"@id\":\"http:\\\/\\\/reliquo.com\\\/it\\\/alda-delle-nuvole-grillo-2021-musanegra\\\/#primaryimage\"},\"thumbnailUrl\":\"https:\\\/\\\/reliquo.com\\\/wp-content\\\/uploads\\\/2024\\\/12\\\/Alda-delle-Nuvole-Grillo-Musanegra.png\",\"datePublished\":\"2024-12-17T14:19:08+00:00\",\"dateModified\":\"2025-12-18T14:43:31+00:00\",\"description\":\"Scopri Alda delle Nuvole Grillo - Musanegra su Reliquo: qualit\u00e0 garantita, spedizioni rapide e prezzi competitivi. Ordina ora e approfitta delle nostre offerte esclusive.\",\"breadcrumb\":{\"@id\":\"http:\\\/\\\/reliquo.com\\\/it\\\/alda-delle-nuvole-grillo-2021-musanegra\\\/#breadcrumb\"},\"inLanguage\":\"es\",\"potentialAction\":[{\"@type\":\"ReadAction\",\"target\":[\"http:\\\/\\\/reliquo.com\\\/it\\\/alda-delle-nuvole-grillo-2021-musanegra\\\/\"]}]},{\"@type\":\"ImageObject\",\"inLanguage\":\"es\",\"@id\":\"http:\\\/\\\/reliquo.com\\\/it\\\/alda-delle-nuvole-grillo-2021-musanegra\\\/#primaryimage\",\"url\":\"https:\\\/\\\/reliquo.com\\\/wp-content\\\/uploads\\\/2024\\\/12\\\/Alda-delle-Nuvole-Grillo-Musanegra.png\",\"contentUrl\":\"https:\\\/\\\/reliquo.com\\\/wp-content\\\/uploads\\\/2024\\\/12\\\/Alda-delle-Nuvole-Grillo-Musanegra.png\",\"width\":2500,\"height\":2500,\"caption\":\"Alda delle Nuvole Grillo \u2013 Musanegra\"},{\"@type\":\"BreadcrumbList\",\"@id\":\"http:\\\/\\\/reliquo.com\\\/it\\\/alda-delle-nuvole-grillo-2021-musanegra\\\/#breadcrumb\",\"itemListElement\":[{\"@type\":\"ListItem\",\"position\":1,\"name\":\"Home\",\"item\":\"http:\\\/\\\/reliquo.com\\\/it\\\/\"},{\"@type\":\"ListItem\",\"position\":2,\"name\":\"Shop\",\"item\":\"http:\\\/\\\/reliquo.com\\\/it\\\/shop\\\/\"},{\"@type\":\"ListItem\",\"position\":3,\"name\":\"Alda delle Nuvole Grillo &#8211; Musanegra\"}]},{\"@type\":\"WebSite\",\"@id\":\"https:\\\/\\\/reliquo.com\\\/es\\\/#website\",\"url\":\"https:\\\/\\\/reliquo.com\\\/es\\\/\",\"name\":\"Reliquo\",\"description\":\"La tua enoteca online: scopri vini, liquori e distillati d\u2019eccellenza.\",\"publisher\":{\"@id\":\"https:\\\/\\\/reliquo.com\\\/es\\\/#organization\"},\"potentialAction\":[{\"@type\":\"SearchAction\",\"target\":{\"@type\":\"EntryPoint\",\"urlTemplate\":\"https:\\\/\\\/reliquo.com\\\/es\\\/?s={search_term_string}\"},\"query-input\":{\"@type\":\"PropertyValueSpecification\",\"valueRequired\":true,\"valueName\":\"search_term_string\"}}],\"inLanguage\":\"es\"},{\"@type\":\"Organization\",\"@id\":\"https:\\\/\\\/reliquo.com\\\/es\\\/#organization\",\"name\":\"Reliquo\",\"url\":\"https:\\\/\\\/reliquo.com\\\/es\\\/\",\"logo\":{\"@type\":\"ImageObject\",\"inLanguage\":\"es\",\"@id\":\"https:\\\/\\\/reliquo.com\\\/es\\\/#\\\/schema\\\/logo\\\/image\\\/\",\"url\":\"https:\\\/\\\/reliquo.com\\\/wp-content\\\/uploads\\\/2024\\\/12\\\/cropped-favicon-1.png\",\"contentUrl\":\"https:\\\/\\\/reliquo.com\\\/wp-content\\\/uploads\\\/2024\\\/12\\\/cropped-favicon-1.png\",\"width\":512,\"height\":512,\"caption\":\"Reliquo\"},\"image\":{\"@id\":\"https:\\\/\\\/reliquo.com\\\/es\\\/#\\\/schema\\\/logo\\\/image\\\/\"}}]}<\/script>\n<!-- \/ Yoast SEO plugin. -->","yoast_head_json":{"title":"Alda delle Nuvole Grillo - Musanegra | Comprar en Reliquo","description":"Descubre Alda delle Nuvole Grillo - Musanegra en Reliquo: calidad garantizada, entrega r\u00e1pida y precios competitivos. Haz tu pedido ahora y aprovecha nuestras ofertas exclusivas.","robots":{"index":"index","follow":"follow","max-snippet":"max-snippet:-1","max-image-preview":"max-image-preview:large","max-video-preview":"max-video-preview:-1"},"canonical":"http:\/\/reliquo.com\/es\/alda-de-las-nubes-grillo-2021-musanegra\/","og_locale":"es_ES","og_type":"article","og_title":"Alda delle Nuvole Grillo - Musanegra | Acquista Online su Reliquo","og_description":"Scopri Alda delle Nuvole Grillo - Musanegra su Reliquo: qualit\u00e0 garantita, spedizioni rapide e prezzi competitivi. Ordina ora e approfitta delle nostre offerte esclusive.","og_url":"http:\/\/reliquo.com\/es\/alda-de-las-nubes-grillo-2021-musanegra\/","og_site_name":"Reliquo","article_modified_time":"2025-12-18T14:43:31+00:00","og_image":[{"width":2500,"height":2500,"url":"https:\/\/reliquo.com\/wp-content\/uploads\/2024\/12\/Alda-delle-Nuvole-Grillo-Musanegra.png","type":"image\/png"}],"twitter_card":"summary_large_image","twitter_misc":{"Tiempo de lectura":"1 minuto"},"schema":{"@context":"https:\/\/schema.org","@graph":[{"@type":"WebPage","@id":"http:\/\/reliquo.com\/it\/alda-delle-nuvole-grillo-2021-musanegra\/","url":"http:\/\/reliquo.com\/it\/alda-delle-nuvole-grillo-2021-musanegra\/","name":"Alda delle Nuvole Grillo - Musanegra | Comprar en Reliquo","isPartOf":{"@id":"https:\/\/reliquo.com\/es\/#website"},"primaryImageOfPage":{"@id":"http:\/\/reliquo.com\/it\/alda-delle-nuvole-grillo-2021-musanegra\/#primaryimage"},"image":{"@id":"http:\/\/reliquo.com\/it\/alda-delle-nuvole-grillo-2021-musanegra\/#primaryimage"},"thumbnailUrl":"https:\/\/reliquo.com\/wp-content\/uploads\/2024\/12\/Alda-delle-Nuvole-Grillo-Musanegra.png","datePublished":"2024-12-17T14:19:08+00:00","dateModified":"2025-12-18T14:43:31+00:00","description":"Descubre Alda delle Nuvole Grillo - Musanegra en Reliquo: calidad garantizada, entrega r\u00e1pida y precios competitivos. Haz tu pedido ahora y aprovecha nuestras ofertas exclusivas.","breadcrumb":{"@id":"http:\/\/reliquo.com\/it\/alda-delle-nuvole-grillo-2021-musanegra\/#breadcrumb"},"inLanguage":"es","potentialAction":[{"@type":"ReadAction","target":["http:\/\/reliquo.com\/it\/alda-delle-nuvole-grillo-2021-musanegra\/"]}]},{"@type":"ImageObject","inLanguage":"es","@id":"http:\/\/reliquo.com\/it\/alda-delle-nuvole-grillo-2021-musanegra\/#primaryimage","url":"https:\/\/reliquo.com\/wp-content\/uploads\/2024\/12\/Alda-delle-Nuvole-Grillo-Musanegra.png","contentUrl":"https:\/\/reliquo.com\/wp-content\/uploads\/2024\/12\/Alda-delle-Nuvole-Grillo-Musanegra.png","width":2500,"height":2500,"caption":"Alda delle Nuvole Grillo \u2013 Musanegra"},{"@type":"BreadcrumbList","@id":"http:\/\/reliquo.com\/it\/alda-delle-nuvole-grillo-2021-musanegra\/#breadcrumb","itemListElement":[{"@type":"ListItem","position":1,"name":"Home","item":"http:\/\/reliquo.com\/it\/"},{"@type":"ListItem","position":2,"name":"Shop","item":"http:\/\/reliquo.com\/it\/shop\/"},{"@type":"ListItem","position":3,"name":"Alda delle Nuvole Grillo &#8211; Musanegra"}]},{"@type":"WebSite","@id":"https:\/\/reliquo.com\/es\/#website","url":"https:\/\/reliquo.com\/es\/","name":"Reliquo","description":"Su tienda de vinos en l\u00ednea: descubra excelentes vinos, espirituosos y licores.","publisher":{"@id":"https:\/\/reliquo.com\/es\/#organization"},"potentialAction":[{"@type":"SearchAction","target":{"@type":"EntryPoint","urlTemplate":"https:\/\/reliquo.com\/es\/?s={search_term_string}"},"query-input":{"@type":"PropertyValueSpecification","valueRequired":true,"valueName":"search_term_string"}}],"inLanguage":"es"},{"@type":"Organization","@id":"https:\/\/reliquo.com\/es\/#organization","name":"Reliquo","url":"https:\/\/reliquo.com\/es\/","logo":{"@type":"ImageObject","inLanguage":"es","@id":"https:\/\/reliquo.com\/es\/#\/schema\/logo\/image\/","url":"https:\/\/reliquo.com\/wp-content\/uploads\/2024\/12\/cropped-favicon-1.png","contentUrl":"https:\/\/reliquo.com\/wp-content\/uploads\/2024\/12\/cropped-favicon-1.png","width":512,"height":512,"caption":"Reliquo"},"image":{"@id":"https:\/\/reliquo.com\/es\/#\/schema\/logo\/image\/"}}]}},"jetpack_sharing_enabled":true,"brands":[{"id":723,"name":"Musanegra","slug":"musanegra"}],"_links":{"self":[{"href":"https:\/\/reliquo.com\/es\/wp-json\/wp\/v2\/product\/777","targetHints":{"allow":["GET"]}}],"collection":[{"href":"https:\/\/reliquo.com\/es\/wp-json\/wp\/v2\/product"}],"about":[{"href":"https:\/\/reliquo.com\/es\/wp-json\/wp\/v2\/types\/product"}],"wp:featuredmedia":[{"embeddable":true,"href":"https:\/\/reliquo.com\/es\/wp-json\/wp\/v2\/media\/283"}],"wp:attachment":[{"href":"https:\/\/reliquo.com\/es\/wp-json\/wp\/v2\/media?parent=777"}],"wp:term":[{"taxonomy":"pwb-brand","embeddable":true,"href":"https:\/\/reliquo.com\/es\/wp-json\/wp\/v2\/pwb-brand?post=777"},{"taxonomy":"product_brand","embeddable":true,"href":"https:\/\/reliquo.com\/es\/wp-json\/wp\/v2\/product_brand?post=777"},{"taxonomy":"product_cat","embeddable":true,"href":"https:\/\/reliquo.com\/es\/wp-json\/wp\/v2\/product_cat?post=777"},{"taxonomy":"product_tag","embeddable":true,"href":"https:\/\/reliquo.com\/es\/wp-json\/wp\/v2\/product_tag?post=777"}],"curies":[{"name":"wp","href":"https:\/\/api.w.org\/{rel}","templated":true}]}}