{"id":772,"date":"2024-12-17T15:19:08","date_gmt":"2024-12-17T14:19:08","guid":{"rendered":"https:\/\/reliquo.com\/?post_type=product&#038;p=772"},"modified":"2025-12-18T15:43:31","modified_gmt":"2025-12-18T14:43:31","slug":"cdc-christo-di-campobello-blanco-2021","status":"publish","type":"product","link":"https:\/\/reliquo.com\/es\/cdc-cristo-di-campobello-bianco-2021\/","title":{"rendered":"CDC Cristo de Campobello Blanco"},"content":{"rendered":"<p>Vino siciliano, de la campi\u00f1a de Agrigento. El vino C'D'C' Bianco procede de una mezcla de cuatro variedades de uva, Grillo, Chardonnay, Inzolia y Catarratto, variedades que crecen a una altitud de unos 260 metros sobre el nivel del mar, hundiendo sus ra\u00edces en suelos caracterizados por un subsuelo principalmente calc\u00e1reo. El prensado suave de las uvas va seguido de la decantaci\u00f3n en fr\u00edo del mosto. La fermentaci\u00f3n posterior tiene lugar en dep\u00f3sitos de acero, donde el vino se deja envejecer durante 3 meses. Tras el embotellado, la bodega Baglio del Cristo di Campobello madura el producto en botella durante otros dos meses antes de comercializarlo.<\/p>","protected":false},"excerpt":{"rendered":"<p>Vino Siciliano, dalle campagne dell&#8217;Agrigentino. Il vino C\u2019D\u2019C\u2019 Bianco ha origine da un blend in cui quattro vitigni, Grillo, Chardonnay, [&hellip;]<\/p>\n","protected":false},"featured_media":286,"template":"","meta":{"site-sidebar-layout":"default","site-content-layout":"","ast-site-content-layout":"default","site-content-style":"default","site-sidebar-style":"default","ast-global-header-display":"","ast-banner-title-visibility":"","ast-main-header-display":"","ast-hfb-above-header-display":"","ast-hfb-below-header-display":"","ast-hfb-mobile-header-display":"","site-post-title":"","ast-breadcrumbs-content":"","ast-featured-img":"","footer-sml-layout":"","ast-disable-related-posts":"","theme-transparent-header-meta":"default","adv-header-id-meta":"","stick-header-meta":"default","header-above-stick-meta":"","header-main-stick-meta":"","header-below-stick-meta":"","astra-migrate-meta-layouts":"set","ast-page-background-enabled":"default","ast-page-background-meta":{"desktop":{"background-color":"var(--ast-global-color-4)","background-image":"","background-repeat":"repeat","background-position":"center center","background-size":"auto","background-attachment":"scroll","background-type":"","background-media":"","overlay-type":"","overlay-color":"","overlay-opacity":"","overlay-gradient":""},"tablet":{"background-color":"","background-image":"","background-repeat":"repeat","background-position":"center center","background-size":"auto","background-attachment":"scroll","background-type":"","background-media":"","overlay-type":"","overlay-color":"","overlay-opacity":"","overlay-gradient":""},"mobile":{"background-color":"","background-image":"","background-repeat":"repeat","background-position":"center center","background-size":"auto","background-attachment":"scroll","background-type":"","background-media":"","overlay-type":"","overlay-color":"","overlay-opacity":"","overlay-gradient":""}},"ast-content-background-meta":{"desktop":{"background-color":"var(--ast-global-color-5)","background-image":"","background-repeat":"repeat","background-position":"center center","background-size":"auto","background-attachment":"scroll","background-type":"","background-media":"","overlay-type":"","overlay-color":"","overlay-opacity":"","overlay-gradient":""},"tablet":{"background-color":"var(--ast-global-color-5)","background-image":"","background-repeat":"repeat","background-position":"center center","background-size":"auto","background-attachment":"scroll","background-type":"","background-media":"","overlay-type":"","overlay-color":"","overlay-opacity":"","overlay-gradient":""},"mobile":{"background-color":"var(--ast-global-color-5)","background-image":"","background-repeat":"repeat","background-position":"center center","background-size":"auto","background-attachment":"scroll","background-type":"","background-media":"","overlay-type":"","overlay-color":"","overlay-opacity":"","overlay-gradient":""}}},"pwb-brand":[680],"product_brand":[],"product_cat":[298],"product_tag":[443,498,499,442],"class_list":{"0":"post-772","1":"product","2":"type-product","3":"status-publish","4":"has-post-thumbnail","6":"pwb-brand-baglio-del-cristo-di-campobello","7":"product_cat-bianchi","8":"product_tag-bianco","9":"product_tag-cdc","10":"product_tag-cristo-di-campobello","11":"product_tag-vino","12":"desktop-align-center","13":"tablet-align-center","14":"mobile-align-center","15":"ast-product-gallery-layout-horizontal-slider","16":"ast-product-gallery-with-no-image","17":"ast-magnify-disabled","18":"ast-product-tabs-layout-horizontal","19":"ast-qv-on-image","21":"first","22":"outofstock","23":"shipping-taxable","24":"purchasable","25":"product-type-simple"},"yoast_head":"<!-- This site is optimized with the Yoast SEO plugin v27.4 - https:\/\/yoast.com\/product\/yoast-seo-wordpress\/ -->\n<title>CDC Cristo di Campobello Bianco | Acquista Online su Reliquo<\/title>\n<meta name=\"description\" content=\"Scopri CDC Cristo di Campobello Bianco su Reliquo: qualit\u00e0 garantita, spedizioni rapide e prezzi competitivi. Ordina ora e approfitta delle nostre offerte esclusive.\" \/>\n<meta name=\"robots\" content=\"index, follow, max-snippet:-1, max-image-preview:large, max-video-preview:-1\" \/>\n<link rel=\"canonical\" href=\"http:\/\/reliquo.com\/es\/cdc-christo-di-campobello-blanco-2021\/\" \/>\n<meta property=\"og:locale\" content=\"es_ES\" \/>\n<meta property=\"og:type\" content=\"article\" \/>\n<meta property=\"og:title\" content=\"CDC Cristo di Campobello Bianco | Acquista Online su Reliquo\" \/>\n<meta property=\"og:description\" content=\"Scopri CDC Cristo di Campobello Bianco su Reliquo: qualit\u00e0 garantita, spedizioni rapide e prezzi competitivi. Ordina ora e approfitta delle nostre offerte esclusive.\" \/>\n<meta property=\"og:url\" content=\"http:\/\/reliquo.com\/es\/cdc-christo-di-campobello-blanco-2021\/\" \/>\n<meta property=\"og:site_name\" content=\"Reliquo\" \/>\n<meta property=\"article:modified_time\" content=\"2025-12-18T14:43:31+00:00\" \/>\n<meta property=\"og:image\" content=\"https:\/\/reliquo.com\/wp-content\/uploads\/2024\/12\/Bianco-CDC.png\" \/>\n\t<meta property=\"og:image:width\" content=\"2500\" \/>\n\t<meta property=\"og:image:height\" content=\"2500\" \/>\n\t<meta property=\"og:image:type\" content=\"image\/png\" \/>\n<meta name=\"twitter:card\" content=\"summary_large_image\" \/>\n<meta name=\"twitter:label1\" content=\"Tiempo de lectura\" \/>\n\t<meta name=\"twitter:data1\" content=\"1 minuto\" \/>\n<script type=\"application\/ld+json\" class=\"yoast-schema-graph\">{\"@context\":\"https:\\\/\\\/schema.org\",\"@graph\":[{\"@type\":\"WebPage\",\"@id\":\"http:\\\/\\\/reliquo.com\\\/it\\\/cdc-cristo-di-campobello-bianco-2021\\\/\",\"url\":\"http:\\\/\\\/reliquo.com\\\/it\\\/cdc-cristo-di-campobello-bianco-2021\\\/\",\"name\":\"CDC Cristo di Campobello Bianco | Acquista Online su Reliquo\",\"isPartOf\":{\"@id\":\"https:\\\/\\\/reliquo.com\\\/es\\\/#website\"},\"primaryImageOfPage\":{\"@id\":\"http:\\\/\\\/reliquo.com\\\/it\\\/cdc-cristo-di-campobello-bianco-2021\\\/#primaryimage\"},\"image\":{\"@id\":\"http:\\\/\\\/reliquo.com\\\/it\\\/cdc-cristo-di-campobello-bianco-2021\\\/#primaryimage\"},\"thumbnailUrl\":\"https:\\\/\\\/reliquo.com\\\/wp-content\\\/uploads\\\/2024\\\/12\\\/Bianco-CDC.png\",\"datePublished\":\"2024-12-17T14:19:08+00:00\",\"dateModified\":\"2025-12-18T14:43:31+00:00\",\"description\":\"Scopri CDC Cristo di Campobello Bianco su Reliquo: qualit\u00e0 garantita, spedizioni rapide e prezzi competitivi. Ordina ora e approfitta delle nostre offerte esclusive.\",\"breadcrumb\":{\"@id\":\"http:\\\/\\\/reliquo.com\\\/it\\\/cdc-cristo-di-campobello-bianco-2021\\\/#breadcrumb\"},\"inLanguage\":\"es\",\"potentialAction\":[{\"@type\":\"ReadAction\",\"target\":[\"http:\\\/\\\/reliquo.com\\\/it\\\/cdc-cristo-di-campobello-bianco-2021\\\/\"]}]},{\"@type\":\"ImageObject\",\"inLanguage\":\"es\",\"@id\":\"http:\\\/\\\/reliquo.com\\\/it\\\/cdc-cristo-di-campobello-bianco-2021\\\/#primaryimage\",\"url\":\"https:\\\/\\\/reliquo.com\\\/wp-content\\\/uploads\\\/2024\\\/12\\\/Bianco-CDC.png\",\"contentUrl\":\"https:\\\/\\\/reliquo.com\\\/wp-content\\\/uploads\\\/2024\\\/12\\\/Bianco-CDC.png\",\"width\":2500,\"height\":2500,\"caption\":\"CDC Cristo di Campobello Bianco\"},{\"@type\":\"BreadcrumbList\",\"@id\":\"http:\\\/\\\/reliquo.com\\\/it\\\/cdc-cristo-di-campobello-bianco-2021\\\/#breadcrumb\",\"itemListElement\":[{\"@type\":\"ListItem\",\"position\":1,\"name\":\"Home\",\"item\":\"http:\\\/\\\/reliquo.com\\\/it\\\/\"},{\"@type\":\"ListItem\",\"position\":2,\"name\":\"Shop\",\"item\":\"http:\\\/\\\/reliquo.com\\\/it\\\/shop\\\/\"},{\"@type\":\"ListItem\",\"position\":3,\"name\":\"CDC Cristo di Campobello Bianco\"}]},{\"@type\":\"WebSite\",\"@id\":\"https:\\\/\\\/reliquo.com\\\/es\\\/#website\",\"url\":\"https:\\\/\\\/reliquo.com\\\/es\\\/\",\"name\":\"Reliquo\",\"description\":\"La tua enoteca online: scopri vini, liquori e distillati d\u2019eccellenza.\",\"publisher\":{\"@id\":\"https:\\\/\\\/reliquo.com\\\/es\\\/#organization\"},\"potentialAction\":[{\"@type\":\"SearchAction\",\"target\":{\"@type\":\"EntryPoint\",\"urlTemplate\":\"https:\\\/\\\/reliquo.com\\\/es\\\/?s={search_term_string}\"},\"query-input\":{\"@type\":\"PropertyValueSpecification\",\"valueRequired\":true,\"valueName\":\"search_term_string\"}}],\"inLanguage\":\"es\"},{\"@type\":\"Organization\",\"@id\":\"https:\\\/\\\/reliquo.com\\\/es\\\/#organization\",\"name\":\"Reliquo\",\"url\":\"https:\\\/\\\/reliquo.com\\\/es\\\/\",\"logo\":{\"@type\":\"ImageObject\",\"inLanguage\":\"es\",\"@id\":\"https:\\\/\\\/reliquo.com\\\/es\\\/#\\\/schema\\\/logo\\\/image\\\/\",\"url\":\"https:\\\/\\\/reliquo.com\\\/wp-content\\\/uploads\\\/2024\\\/12\\\/cropped-favicon-1.png\",\"contentUrl\":\"https:\\\/\\\/reliquo.com\\\/wp-content\\\/uploads\\\/2024\\\/12\\\/cropped-favicon-1.png\",\"width\":512,\"height\":512,\"caption\":\"Reliquo\"},\"image\":{\"@id\":\"https:\\\/\\\/reliquo.com\\\/es\\\/#\\\/schema\\\/logo\\\/image\\\/\"}}]}<\/script>\n<!-- \/ Yoast SEO plugin. -->","yoast_head_json":{"title":"CDC Cristo de Campobello Blanco | Comprar Online en Reliquo","description":"Descubra CDC Cristo di Campobello Bianco en Reliquo: calidad garantizada, entrega r\u00e1pida y precios competitivos. Haga su pedido ahora y aproveche nuestras ofertas exclusivas.","robots":{"index":"index","follow":"follow","max-snippet":"max-snippet:-1","max-image-preview":"max-image-preview:large","max-video-preview":"max-video-preview:-1"},"canonical":"http:\/\/reliquo.com\/es\/cdc-christo-di-campobello-blanco-2021\/","og_locale":"es_ES","og_type":"article","og_title":"CDC Cristo di Campobello Bianco | Acquista Online su Reliquo","og_description":"Scopri CDC Cristo di Campobello Bianco su Reliquo: qualit\u00e0 garantita, spedizioni rapide e prezzi competitivi. Ordina ora e approfitta delle nostre offerte esclusive.","og_url":"http:\/\/reliquo.com\/es\/cdc-christo-di-campobello-blanco-2021\/","og_site_name":"Reliquo","article_modified_time":"2025-12-18T14:43:31+00:00","og_image":[{"width":2500,"height":2500,"url":"https:\/\/reliquo.com\/wp-content\/uploads\/2024\/12\/Bianco-CDC.png","type":"image\/png"}],"twitter_card":"summary_large_image","twitter_misc":{"Tiempo de lectura":"1 minuto"},"schema":{"@context":"https:\/\/schema.org","@graph":[{"@type":"WebPage","@id":"http:\/\/reliquo.com\/it\/cdc-cristo-di-campobello-bianco-2021\/","url":"http:\/\/reliquo.com\/it\/cdc-cristo-di-campobello-bianco-2021\/","name":"CDC Cristo de Campobello Blanco | Comprar Online en Reliquo","isPartOf":{"@id":"https:\/\/reliquo.com\/es\/#website"},"primaryImageOfPage":{"@id":"http:\/\/reliquo.com\/it\/cdc-cristo-di-campobello-bianco-2021\/#primaryimage"},"image":{"@id":"http:\/\/reliquo.com\/it\/cdc-cristo-di-campobello-bianco-2021\/#primaryimage"},"thumbnailUrl":"https:\/\/reliquo.com\/wp-content\/uploads\/2024\/12\/Bianco-CDC.png","datePublished":"2024-12-17T14:19:08+00:00","dateModified":"2025-12-18T14:43:31+00:00","description":"Descubra CDC Cristo di Campobello Bianco en Reliquo: calidad garantizada, entrega r\u00e1pida y precios competitivos. Haga su pedido ahora y aproveche nuestras ofertas exclusivas.","breadcrumb":{"@id":"http:\/\/reliquo.com\/it\/cdc-cristo-di-campobello-bianco-2021\/#breadcrumb"},"inLanguage":"es","potentialAction":[{"@type":"ReadAction","target":["http:\/\/reliquo.com\/it\/cdc-cristo-di-campobello-bianco-2021\/"]}]},{"@type":"ImageObject","inLanguage":"es","@id":"http:\/\/reliquo.com\/it\/cdc-cristo-di-campobello-bianco-2021\/#primaryimage","url":"https:\/\/reliquo.com\/wp-content\/uploads\/2024\/12\/Bianco-CDC.png","contentUrl":"https:\/\/reliquo.com\/wp-content\/uploads\/2024\/12\/Bianco-CDC.png","width":2500,"height":2500,"caption":"CDC Cristo di Campobello Bianco"},{"@type":"BreadcrumbList","@id":"http:\/\/reliquo.com\/it\/cdc-cristo-di-campobello-bianco-2021\/#breadcrumb","itemListElement":[{"@type":"ListItem","position":1,"name":"Home","item":"http:\/\/reliquo.com\/it\/"},{"@type":"ListItem","position":2,"name":"Shop","item":"http:\/\/reliquo.com\/it\/shop\/"},{"@type":"ListItem","position":3,"name":"CDC Cristo di Campobello Bianco"}]},{"@type":"WebSite","@id":"https:\/\/reliquo.com\/es\/#website","url":"https:\/\/reliquo.com\/es\/","name":"Reliquo","description":"Su tienda de vinos en l\u00ednea: descubra excelentes vinos, espirituosos y licores.","publisher":{"@id":"https:\/\/reliquo.com\/es\/#organization"},"potentialAction":[{"@type":"SearchAction","target":{"@type":"EntryPoint","urlTemplate":"https:\/\/reliquo.com\/es\/?s={search_term_string}"},"query-input":{"@type":"PropertyValueSpecification","valueRequired":true,"valueName":"search_term_string"}}],"inLanguage":"es"},{"@type":"Organization","@id":"https:\/\/reliquo.com\/es\/#organization","name":"Reliquo","url":"https:\/\/reliquo.com\/es\/","logo":{"@type":"ImageObject","inLanguage":"es","@id":"https:\/\/reliquo.com\/es\/#\/schema\/logo\/image\/","url":"https:\/\/reliquo.com\/wp-content\/uploads\/2024\/12\/cropped-favicon-1.png","contentUrl":"https:\/\/reliquo.com\/wp-content\/uploads\/2024\/12\/cropped-favicon-1.png","width":512,"height":512,"caption":"Reliquo"},"image":{"@id":"https:\/\/reliquo.com\/es\/#\/schema\/logo\/image\/"}}]}},"jetpack_sharing_enabled":true,"brands":[{"id":680,"name":"Baglio del Cristo di Campobello","slug":"baglio-del-cristo-di-campobello"}],"_links":{"self":[{"href":"https:\/\/reliquo.com\/es\/wp-json\/wp\/v2\/product\/772","targetHints":{"allow":["GET"]}}],"collection":[{"href":"https:\/\/reliquo.com\/es\/wp-json\/wp\/v2\/product"}],"about":[{"href":"https:\/\/reliquo.com\/es\/wp-json\/wp\/v2\/types\/product"}],"wp:featuredmedia":[{"embeddable":true,"href":"https:\/\/reliquo.com\/es\/wp-json\/wp\/v2\/media\/286"}],"wp:attachment":[{"href":"https:\/\/reliquo.com\/es\/wp-json\/wp\/v2\/media?parent=772"}],"wp:term":[{"taxonomy":"pwb-brand","embeddable":true,"href":"https:\/\/reliquo.com\/es\/wp-json\/wp\/v2\/pwb-brand?post=772"},{"taxonomy":"product_brand","embeddable":true,"href":"https:\/\/reliquo.com\/es\/wp-json\/wp\/v2\/product_brand?post=772"},{"taxonomy":"product_cat","embeddable":true,"href":"https:\/\/reliquo.com\/es\/wp-json\/wp\/v2\/product_cat?post=772"},{"taxonomy":"product_tag","embeddable":true,"href":"https:\/\/reliquo.com\/es\/wp-json\/wp\/v2\/product_tag?post=772"}],"curies":[{"name":"wp","href":"https:\/\/api.w.org\/{rel}","templated":true}]}}