{"id":735,"date":"2024-12-17T15:19:04","date_gmt":"2024-12-17T14:19:04","guid":{"rendered":"https:\/\/reliquo.com\/?post_type=product&#038;p=735"},"modified":"2025-12-18T15:43:29","modified_gmt":"2025-12-18T14:43:29","slug":"bayamore-bianco-di-bianchi-chardonnay-inzolia-viognier-firriato-winery-2022","status":"publish","type":"product","link":"https:\/\/reliquo.com\/es\/bayamore-bianco-di-bianchi-chardonnay-inzolia-viognier-firriato-winery-2022\/","title":{"rendered":"Bayamore Bianco di Bianchi Chardonnay Inzolia Viognier - Bodega Firriato"},"content":{"rendered":"<p>Chardonnay, Inzolia y Viognier, una intrigante mezcla de uvas blancas que en combinaci\u00f3n crean una expresi\u00f3n compleja y envolvente que realza una fruta totalmente siciliana, rica en aromas y perfumes. Son las variedades arom\u00e1ticas del oeste de Sicilia las que aportan sus fragancias, mezcl\u00e1ndose en un tejido de aromas de cautivador placer. La fruta fresca y los toques bals\u00e1micos de la inzolia se complementan con las flores secas del grillo sobre un fondo de notas de jazm\u00edn, albaricoque, melocot\u00f3n y madreselva aportadas por el Viognier. En la copa, esta mezcla sorprende por su delicada sorbidez y su interesante mineralidad, un notable equilibrio obtenido aguas arriba, pensado y deseado desde el vi\u00f1edo, a trav\u00e9s de una gesti\u00f3n agron\u00f3mica atenta a las necesidades de cada planta, hasta la exposici\u00f3n ventilada de las suaves pendientes de la finca Borgo Guarini, situada en el coraz\u00f3n de la campi\u00f1a de Trapani. Un blanco de innegable agradabilidad, dise\u00f1ado para encantar los paladares de los en\u00f3filos m\u00e1s apasionados.<\/p>","protected":false},"excerpt":{"rendered":"<p>Chardonnay, Inzolia e Viognier, un blend intrigante di uve bianche che in combinazione, danno vita a un\u2019 espressione complessa e [&hellip;]<\/p>\n","protected":false},"featured_media":301,"template":"","meta":{"site-sidebar-layout":"","site-content-layout":"","ast-site-content-layout":"","site-content-style":"","site-sidebar-style":"","ast-global-header-display":"","ast-banner-title-visibility":"","ast-main-header-display":"","ast-hfb-above-header-display":"","ast-hfb-below-header-display":"","ast-hfb-mobile-header-display":"","site-post-title":"","ast-breadcrumbs-content":"","ast-featured-img":"","footer-sml-layout":"","ast-disable-related-posts":"","theme-transparent-header-meta":"","adv-header-id-meta":"","stick-header-meta":"","header-above-stick-meta":"","header-main-stick-meta":"","header-below-stick-meta":"","astra-migrate-meta-layouts":"","ast-page-background-enabled":"default","ast-page-background-meta":{"desktop":{"background-color":"var(--ast-global-color-4)","background-image":"","background-repeat":"repeat","background-position":"center center","background-size":"auto","background-attachment":"scroll","background-type":"","background-media":"","overlay-type":"","overlay-color":"","overlay-opacity":"","overlay-gradient":""},"tablet":{"background-color":"","background-image":"","background-repeat":"repeat","background-position":"center center","background-size":"auto","background-attachment":"scroll","background-type":"","background-media":"","overlay-type":"","overlay-color":"","overlay-opacity":"","overlay-gradient":""},"mobile":{"background-color":"","background-image":"","background-repeat":"repeat","background-position":"center center","background-size":"auto","background-attachment":"scroll","background-type":"","background-media":"","overlay-type":"","overlay-color":"","overlay-opacity":"","overlay-gradient":""}},"ast-content-background-meta":{"desktop":{"background-color":"var(--ast-global-color-5)","background-image":"","background-repeat":"repeat","background-position":"center center","background-size":"auto","background-attachment":"scroll","background-type":"","background-media":"","overlay-type":"","overlay-color":"","overlay-opacity":"","overlay-gradient":""},"tablet":{"background-color":"var(--ast-global-color-5)","background-image":"","background-repeat":"repeat","background-position":"center center","background-size":"auto","background-attachment":"scroll","background-type":"","background-media":"","overlay-type":"","overlay-color":"","overlay-opacity":"","overlay-gradient":""},"mobile":{"background-color":"var(--ast-global-color-5)","background-image":"","background-repeat":"repeat","background-position":"center center","background-size":"auto","background-attachment":"scroll","background-type":"","background-media":"","overlay-type":"","overlay-color":"","overlay-opacity":"","overlay-gradient":""}}},"pwb-brand":[706],"product_brand":[],"product_cat":[298],"product_tag":[474,443,473,466,472,442],"class_list":{"0":"post-735","1":"product","2":"type-product","3":"status-publish","4":"has-post-thumbnail","6":"pwb-brand-firriato-winery","7":"product_cat-bianchi","8":"product_tag-bayamore","9":"product_tag-bianco","10":"product_tag-bianco-di-bianchi","11":"product_tag-firriato","12":"product_tag-inzolia-viognier","13":"product_tag-vino","14":"desktop-align-center","15":"tablet-align-center","16":"mobile-align-center","17":"ast-product-gallery-layout-horizontal-slider","18":"ast-product-gallery-with-no-image","19":"ast-magnify-disabled","20":"ast-product-tabs-layout-horizontal","21":"ast-qv-on-image","23":"first","24":"instock","25":"shipping-taxable","26":"purchasable","27":"product-type-simple"},"yoast_head":"<!-- This site is optimized with the Yoast SEO plugin v27.4 - https:\/\/yoast.com\/product\/yoast-seo-wordpress\/ -->\n<title>Bayamore Bianco di Bianchi Chardonnay Inzolia Viognier - Firriato Winery | Acquista Online su Reliquo<\/title>\n<meta name=\"description\" content=\"Scopri Bayamore Bianco di Bianchi Chardonnay Inzolia Viognier - Firriato Winery su Reliquo: qualit\u00e0 garantita, spedizioni rapide e prezzi competitivi. Ordina ora e approfitta delle nostre offerte esclusive.\" \/>\n<meta name=\"robots\" content=\"index, follow, max-snippet:-1, max-image-preview:large, max-video-preview:-1\" \/>\n<link rel=\"canonical\" href=\"http:\/\/reliquo.com\/es\/bayamore-bianco-di-bianchi-chardonnay-inzolia-viognier-firriato-winery-2022\/\" \/>\n<meta property=\"og:locale\" content=\"es_ES\" \/>\n<meta property=\"og:type\" content=\"article\" \/>\n<meta property=\"og:title\" content=\"Bayamore Bianco di Bianchi Chardonnay Inzolia Viognier - Firriato Winery | Acquista Online su Reliquo\" \/>\n<meta property=\"og:description\" content=\"Scopri Bayamore Bianco di Bianchi Chardonnay Inzolia Viognier - Firriato Winery su Reliquo: qualit\u00e0 garantita, spedizioni rapide e prezzi competitivi. Ordina ora e approfitta delle nostre offerte esclusive.\" \/>\n<meta property=\"og:url\" content=\"http:\/\/reliquo.com\/es\/bayamore-bianco-di-bianchi-chardonnay-inzolia-viognier-firriato-winery-2022\/\" \/>\n<meta property=\"og:site_name\" content=\"Reliquo\" \/>\n<meta property=\"article:modified_time\" content=\"2025-12-18T14:43:29+00:00\" \/>\n<meta property=\"og:image\" content=\"https:\/\/reliquo.com\/wp-content\/uploads\/2024\/12\/Firriato-Bayamore-Bianco-di-Bianchi.png\" \/>\n\t<meta property=\"og:image:width\" content=\"3024\" \/>\n\t<meta property=\"og:image:height\" content=\"3024\" \/>\n\t<meta property=\"og:image:type\" content=\"image\/png\" \/>\n<meta name=\"twitter:card\" content=\"summary_large_image\" \/>\n<meta name=\"twitter:label1\" content=\"Tiempo de lectura\" \/>\n\t<meta name=\"twitter:data1\" content=\"1 minuto\" \/>\n<script type=\"application\/ld+json\" class=\"yoast-schema-graph\">{\"@context\":\"https:\\\/\\\/schema.org\",\"@graph\":[{\"@type\":\"WebPage\",\"@id\":\"http:\\\/\\\/reliquo.com\\\/it\\\/bayamore-bianco-di-bianchi-chardonnay-inzolia-viognier-firriato-winery-2022\\\/\",\"url\":\"http:\\\/\\\/reliquo.com\\\/it\\\/bayamore-bianco-di-bianchi-chardonnay-inzolia-viognier-firriato-winery-2022\\\/\",\"name\":\"Bayamore Bianco di Bianchi Chardonnay Inzolia Viognier - Firriato Winery | Acquista Online su Reliquo\",\"isPartOf\":{\"@id\":\"https:\\\/\\\/reliquo.com\\\/es\\\/#website\"},\"primaryImageOfPage\":{\"@id\":\"http:\\\/\\\/reliquo.com\\\/it\\\/bayamore-bianco-di-bianchi-chardonnay-inzolia-viognier-firriato-winery-2022\\\/#primaryimage\"},\"image\":{\"@id\":\"http:\\\/\\\/reliquo.com\\\/it\\\/bayamore-bianco-di-bianchi-chardonnay-inzolia-viognier-firriato-winery-2022\\\/#primaryimage\"},\"thumbnailUrl\":\"https:\\\/\\\/reliquo.com\\\/wp-content\\\/uploads\\\/2024\\\/12\\\/Firriato-Bayamore-Bianco-di-Bianchi.png\",\"datePublished\":\"2024-12-17T14:19:04+00:00\",\"dateModified\":\"2025-12-18T14:43:29+00:00\",\"description\":\"Scopri Bayamore Bianco di Bianchi Chardonnay Inzolia Viognier - Firriato Winery su Reliquo: qualit\u00e0 garantita, spedizioni rapide e prezzi competitivi. Ordina ora e approfitta delle nostre offerte esclusive.\",\"breadcrumb\":{\"@id\":\"http:\\\/\\\/reliquo.com\\\/it\\\/bayamore-bianco-di-bianchi-chardonnay-inzolia-viognier-firriato-winery-2022\\\/#breadcrumb\"},\"inLanguage\":\"es\",\"potentialAction\":[{\"@type\":\"ReadAction\",\"target\":[\"http:\\\/\\\/reliquo.com\\\/it\\\/bayamore-bianco-di-bianchi-chardonnay-inzolia-viognier-firriato-winery-2022\\\/\"]}]},{\"@type\":\"ImageObject\",\"inLanguage\":\"es\",\"@id\":\"http:\\\/\\\/reliquo.com\\\/it\\\/bayamore-bianco-di-bianchi-chardonnay-inzolia-viognier-firriato-winery-2022\\\/#primaryimage\",\"url\":\"https:\\\/\\\/reliquo.com\\\/wp-content\\\/uploads\\\/2024\\\/12\\\/Firriato-Bayamore-Bianco-di-Bianchi.png\",\"contentUrl\":\"https:\\\/\\\/reliquo.com\\\/wp-content\\\/uploads\\\/2024\\\/12\\\/Firriato-Bayamore-Bianco-di-Bianchi.png\",\"width\":3024,\"height\":3024,\"caption\":\"Bayamore Bianco di Bianchi Chardonnay Inzolia Viognier \u2013 Firriato Winery\"},{\"@type\":\"BreadcrumbList\",\"@id\":\"http:\\\/\\\/reliquo.com\\\/it\\\/bayamore-bianco-di-bianchi-chardonnay-inzolia-viognier-firriato-winery-2022\\\/#breadcrumb\",\"itemListElement\":[{\"@type\":\"ListItem\",\"position\":1,\"name\":\"Home\",\"item\":\"http:\\\/\\\/reliquo.com\\\/it\\\/\"},{\"@type\":\"ListItem\",\"position\":2,\"name\":\"Shop\",\"item\":\"http:\\\/\\\/reliquo.com\\\/it\\\/shop\\\/\"},{\"@type\":\"ListItem\",\"position\":3,\"name\":\"Bayamore Bianco di Bianchi Chardonnay Inzolia Viognier &#8211; Firriato Winery\"}]},{\"@type\":\"WebSite\",\"@id\":\"https:\\\/\\\/reliquo.com\\\/es\\\/#website\",\"url\":\"https:\\\/\\\/reliquo.com\\\/es\\\/\",\"name\":\"Reliquo\",\"description\":\"La tua enoteca online: scopri vini, liquori e distillati d\u2019eccellenza.\",\"publisher\":{\"@id\":\"https:\\\/\\\/reliquo.com\\\/es\\\/#organization\"},\"potentialAction\":[{\"@type\":\"SearchAction\",\"target\":{\"@type\":\"EntryPoint\",\"urlTemplate\":\"https:\\\/\\\/reliquo.com\\\/es\\\/?s={search_term_string}\"},\"query-input\":{\"@type\":\"PropertyValueSpecification\",\"valueRequired\":true,\"valueName\":\"search_term_string\"}}],\"inLanguage\":\"es\"},{\"@type\":\"Organization\",\"@id\":\"https:\\\/\\\/reliquo.com\\\/es\\\/#organization\",\"name\":\"Reliquo\",\"url\":\"https:\\\/\\\/reliquo.com\\\/es\\\/\",\"logo\":{\"@type\":\"ImageObject\",\"inLanguage\":\"es\",\"@id\":\"https:\\\/\\\/reliquo.com\\\/es\\\/#\\\/schema\\\/logo\\\/image\\\/\",\"url\":\"https:\\\/\\\/reliquo.com\\\/wp-content\\\/uploads\\\/2024\\\/12\\\/cropped-favicon-1.png\",\"contentUrl\":\"https:\\\/\\\/reliquo.com\\\/wp-content\\\/uploads\\\/2024\\\/12\\\/cropped-favicon-1.png\",\"width\":512,\"height\":512,\"caption\":\"Reliquo\"},\"image\":{\"@id\":\"https:\\\/\\\/reliquo.com\\\/es\\\/#\\\/schema\\\/logo\\\/image\\\/\"}}]}<\/script>\n<!-- \/ Yoast SEO plugin. -->","yoast_head_json":{"title":"Bayamore Bianco di Bianchi Chardonnay Inzolia Viognier - Bodega Firriato | Comprar Online en Reliquo","description":"Descubra Bayamore Bianco di Bianchi Chardonnay Inzolia Viognier - Bodega Firriato en Reliquo: calidad garantizada, entrega r\u00e1pida y precios competitivos. Haga su pedido ahora y aproveche nuestras ofertas exclusivas.","robots":{"index":"index","follow":"follow","max-snippet":"max-snippet:-1","max-image-preview":"max-image-preview:large","max-video-preview":"max-video-preview:-1"},"canonical":"http:\/\/reliquo.com\/es\/bayamore-bianco-di-bianchi-chardonnay-inzolia-viognier-firriato-winery-2022\/","og_locale":"es_ES","og_type":"article","og_title":"Bayamore Bianco di Bianchi Chardonnay Inzolia Viognier - Firriato Winery | Acquista Online su Reliquo","og_description":"Scopri Bayamore Bianco di Bianchi Chardonnay Inzolia Viognier - Firriato Winery su Reliquo: qualit\u00e0 garantita, spedizioni rapide e prezzi competitivi. Ordina ora e approfitta delle nostre offerte esclusive.","og_url":"http:\/\/reliquo.com\/es\/bayamore-bianco-di-bianchi-chardonnay-inzolia-viognier-firriato-winery-2022\/","og_site_name":"Reliquo","article_modified_time":"2025-12-18T14:43:29+00:00","og_image":[{"width":3024,"height":3024,"url":"https:\/\/reliquo.com\/wp-content\/uploads\/2024\/12\/Firriato-Bayamore-Bianco-di-Bianchi.png","type":"image\/png"}],"twitter_card":"summary_large_image","twitter_misc":{"Tiempo de lectura":"1 minuto"},"schema":{"@context":"https:\/\/schema.org","@graph":[{"@type":"WebPage","@id":"http:\/\/reliquo.com\/it\/bayamore-bianco-di-bianchi-chardonnay-inzolia-viognier-firriato-winery-2022\/","url":"http:\/\/reliquo.com\/it\/bayamore-bianco-di-bianchi-chardonnay-inzolia-viognier-firriato-winery-2022\/","name":"Bayamore Bianco di Bianchi Chardonnay Inzolia Viognier - Bodega Firriato | Comprar Online en Reliquo","isPartOf":{"@id":"https:\/\/reliquo.com\/es\/#website"},"primaryImageOfPage":{"@id":"http:\/\/reliquo.com\/it\/bayamore-bianco-di-bianchi-chardonnay-inzolia-viognier-firriato-winery-2022\/#primaryimage"},"image":{"@id":"http:\/\/reliquo.com\/it\/bayamore-bianco-di-bianchi-chardonnay-inzolia-viognier-firriato-winery-2022\/#primaryimage"},"thumbnailUrl":"https:\/\/reliquo.com\/wp-content\/uploads\/2024\/12\/Firriato-Bayamore-Bianco-di-Bianchi.png","datePublished":"2024-12-17T14:19:04+00:00","dateModified":"2025-12-18T14:43:29+00:00","description":"Descubra Bayamore Bianco di Bianchi Chardonnay Inzolia Viognier - Bodega Firriato en Reliquo: calidad garantizada, entrega r\u00e1pida y precios competitivos. Haga su pedido ahora y aproveche nuestras ofertas exclusivas.","breadcrumb":{"@id":"http:\/\/reliquo.com\/it\/bayamore-bianco-di-bianchi-chardonnay-inzolia-viognier-firriato-winery-2022\/#breadcrumb"},"inLanguage":"es","potentialAction":[{"@type":"ReadAction","target":["http:\/\/reliquo.com\/it\/bayamore-bianco-di-bianchi-chardonnay-inzolia-viognier-firriato-winery-2022\/"]}]},{"@type":"ImageObject","inLanguage":"es","@id":"http:\/\/reliquo.com\/it\/bayamore-bianco-di-bianchi-chardonnay-inzolia-viognier-firriato-winery-2022\/#primaryimage","url":"https:\/\/reliquo.com\/wp-content\/uploads\/2024\/12\/Firriato-Bayamore-Bianco-di-Bianchi.png","contentUrl":"https:\/\/reliquo.com\/wp-content\/uploads\/2024\/12\/Firriato-Bayamore-Bianco-di-Bianchi.png","width":3024,"height":3024,"caption":"Bayamore Bianco di Bianchi Chardonnay Inzolia Viognier \u2013 Firriato Winery"},{"@type":"BreadcrumbList","@id":"http:\/\/reliquo.com\/it\/bayamore-bianco-di-bianchi-chardonnay-inzolia-viognier-firriato-winery-2022\/#breadcrumb","itemListElement":[{"@type":"ListItem","position":1,"name":"Home","item":"http:\/\/reliquo.com\/it\/"},{"@type":"ListItem","position":2,"name":"Shop","item":"http:\/\/reliquo.com\/it\/shop\/"},{"@type":"ListItem","position":3,"name":"Bayamore Bianco di Bianchi Chardonnay Inzolia Viognier &#8211; Firriato Winery"}]},{"@type":"WebSite","@id":"https:\/\/reliquo.com\/es\/#website","url":"https:\/\/reliquo.com\/es\/","name":"Reliquo","description":"Su tienda de vinos en l\u00ednea: descubra excelentes vinos, espirituosos y licores.","publisher":{"@id":"https:\/\/reliquo.com\/es\/#organization"},"potentialAction":[{"@type":"SearchAction","target":{"@type":"EntryPoint","urlTemplate":"https:\/\/reliquo.com\/es\/?s={search_term_string}"},"query-input":{"@type":"PropertyValueSpecification","valueRequired":true,"valueName":"search_term_string"}}],"inLanguage":"es"},{"@type":"Organization","@id":"https:\/\/reliquo.com\/es\/#organization","name":"Reliquo","url":"https:\/\/reliquo.com\/es\/","logo":{"@type":"ImageObject","inLanguage":"es","@id":"https:\/\/reliquo.com\/es\/#\/schema\/logo\/image\/","url":"https:\/\/reliquo.com\/wp-content\/uploads\/2024\/12\/cropped-favicon-1.png","contentUrl":"https:\/\/reliquo.com\/wp-content\/uploads\/2024\/12\/cropped-favicon-1.png","width":512,"height":512,"caption":"Reliquo"},"image":{"@id":"https:\/\/reliquo.com\/es\/#\/schema\/logo\/image\/"}}]}},"jetpack_sharing_enabled":true,"brands":[{"id":706,"name":"Bodega Firriato","slug":"bodega-firriato"}],"_links":{"self":[{"href":"https:\/\/reliquo.com\/es\/wp-json\/wp\/v2\/product\/735","targetHints":{"allow":["GET"]}}],"collection":[{"href":"https:\/\/reliquo.com\/es\/wp-json\/wp\/v2\/product"}],"about":[{"href":"https:\/\/reliquo.com\/es\/wp-json\/wp\/v2\/types\/product"}],"wp:featuredmedia":[{"embeddable":true,"href":"https:\/\/reliquo.com\/es\/wp-json\/wp\/v2\/media\/301"}],"wp:attachment":[{"href":"https:\/\/reliquo.com\/es\/wp-json\/wp\/v2\/media?parent=735"}],"wp:term":[{"taxonomy":"pwb-brand","embeddable":true,"href":"https:\/\/reliquo.com\/es\/wp-json\/wp\/v2\/pwb-brand?post=735"},{"taxonomy":"product_brand","embeddable":true,"href":"https:\/\/reliquo.com\/es\/wp-json\/wp\/v2\/product_brand?post=735"},{"taxonomy":"product_cat","embeddable":true,"href":"https:\/\/reliquo.com\/es\/wp-json\/wp\/v2\/product_cat?post=735"},{"taxonomy":"product_tag","embeddable":true,"href":"https:\/\/reliquo.com\/es\/wp-json\/wp\/v2\/product_tag?post=735"}],"curies":[{"name":"wp","href":"https:\/\/api.w.org\/{rel}","templated":true}]}}