{"id":733,"date":"2024-12-17T15:19:04","date_gmt":"2024-12-17T14:19:04","guid":{"rendered":"https:\/\/reliquo.com\/?post_type=product&#038;p=733"},"modified":"2025-12-18T15:43:29","modified_gmt":"2025-12-18T14:43:29","slug":"chiaramonte-nero-davola-2018-bodega-firriato","status":"publish","type":"product","link":"https:\/\/reliquo.com\/es\/chiaramonte-nero-davola-2018-firriato-winery\/","title":{"rendered":"Chiaramonte Nero d'Avola - Bodega Firriato"},"content":{"rendered":"<p>La variedad de uva aut\u00f3ctona siciliana por excelencia brilla con nueva luz en este vino que manifiesta toda la aut\u00e9ntica plenitud de su fruta. Es una expresi\u00f3n diferente del Nero d'Avola que recuerda con personalidad todo el componente arom\u00e1tico de la variedad tinta m\u00e1s importante de la isla. Las particulares caracter\u00edsticas de la finca D\u00e0gala Borromeo, donde crece esta varietal, se prestan a configurar su moderna estructura y su complejo perfil olfativo. En los suelos aluviales de naturaleza franco-arenosa de esta meseta, la investigaci\u00f3n llevada a cabo por Firriato alcanza las cotas m\u00e1s altas con una viticultura atenta a revelar plenamente la gran biodiversidad del patrimonio vit\u00edcola aut\u00f3ctono de Sicilia. Y el Chiaramonte Nero d'Avola es una de las manifestaciones m\u00e1s puras de esta filosof\u00eda.<\/p>","protected":false},"excerpt":{"rendered":"<p>Il vitigno autoctono siciliano per antonomasia risplende di nuova luce in questo vino che manifesta tutta l\u2019autentica pienezza del suo [&hellip;]<\/p>\n","protected":false},"featured_media":366,"template":"","meta":{"site-sidebar-layout":"","site-content-layout":"","ast-site-content-layout":"","site-content-style":"","site-sidebar-style":"","ast-global-header-display":"","ast-banner-title-visibility":"","ast-main-header-display":"","ast-hfb-above-header-display":"","ast-hfb-below-header-display":"","ast-hfb-mobile-header-display":"","site-post-title":"","ast-breadcrumbs-content":"","ast-featured-img":"","footer-sml-layout":"","ast-disable-related-posts":"","theme-transparent-header-meta":"","adv-header-id-meta":"","stick-header-meta":"","header-above-stick-meta":"","header-main-stick-meta":"","header-below-stick-meta":"","astra-migrate-meta-layouts":"","ast-page-background-enabled":"default","ast-page-background-meta":{"desktop":{"background-color":"var(--ast-global-color-4)","background-image":"","background-repeat":"repeat","background-position":"center center","background-size":"auto","background-attachment":"scroll","background-type":"","background-media":"","overlay-type":"","overlay-color":"","overlay-opacity":"","overlay-gradient":""},"tablet":{"background-color":"","background-image":"","background-repeat":"repeat","background-position":"center center","background-size":"auto","background-attachment":"scroll","background-type":"","background-media":"","overlay-type":"","overlay-color":"","overlay-opacity":"","overlay-gradient":""},"mobile":{"background-color":"","background-image":"","background-repeat":"repeat","background-position":"center center","background-size":"auto","background-attachment":"scroll","background-type":"","background-media":"","overlay-type":"","overlay-color":"","overlay-opacity":"","overlay-gradient":""}},"ast-content-background-meta":{"desktop":{"background-color":"var(--ast-global-color-5)","background-image":"","background-repeat":"repeat","background-position":"center center","background-size":"auto","background-attachment":"scroll","background-type":"","background-media":"","overlay-type":"","overlay-color":"","overlay-opacity":"","overlay-gradient":""},"tablet":{"background-color":"var(--ast-global-color-5)","background-image":"","background-repeat":"repeat","background-position":"center center","background-size":"auto","background-attachment":"scroll","background-type":"","background-media":"","overlay-type":"","overlay-color":"","overlay-opacity":"","overlay-gradient":""},"mobile":{"background-color":"var(--ast-global-color-5)","background-image":"","background-repeat":"repeat","background-position":"center center","background-size":"auto","background-attachment":"scroll","background-type":"","background-media":"","overlay-type":"","overlay-color":"","overlay-opacity":"","overlay-gradient":""}}},"pwb-brand":[706],"product_brand":[],"product_cat":[299],"product_tag":[469,466,450,448,442],"class_list":{"0":"post-733","1":"product","2":"type-product","3":"status-publish","4":"has-post-thumbnail","6":"pwb-brand-firriato-winery","7":"product_cat-rossi","8":"product_tag-chiaramonte","9":"product_tag-firriato","10":"product_tag-nero-davola","11":"product_tag-rosso","12":"product_tag-vino","13":"desktop-align-center","14":"tablet-align-center","15":"mobile-align-center","16":"ast-product-gallery-layout-horizontal-slider","17":"ast-product-gallery-with-no-image","18":"ast-magnify-disabled","19":"ast-product-tabs-layout-horizontal","20":"ast-qv-on-image","22":"first","23":"instock","24":"shipping-taxable","25":"purchasable","26":"product-type-simple"},"yoast_head":"<!-- This site is optimized with the Yoast SEO plugin v27.2 - https:\/\/yoast.com\/product\/yoast-seo-wordpress\/ -->\n<title>Chiaramonte Nero d&#039;Avola - Firriato Winery | Acquista Online su Reliquo<\/title>\n<meta name=\"description\" content=\"Scopri Chiaramonte Nero d&#039;Avola - Firriato Winery su Reliquo: qualit\u00e0 garantita, spedizioni rapide e prezzi competitivi. Ordina ora e approfitta delle nostre offerte esclusive.\" \/>\n<meta name=\"robots\" content=\"index, follow, max-snippet:-1, max-image-preview:large, max-video-preview:-1\" \/>\n<link rel=\"canonical\" href=\"http:\/\/reliquo.com\/es\/chiaramonte-nero-davola-2018-bodega-firriato\/\" \/>\n<meta property=\"og:locale\" content=\"es_ES\" \/>\n<meta property=\"og:type\" content=\"article\" \/>\n<meta property=\"og:title\" content=\"Chiaramonte Nero d&#039;Avola - Firriato Winery | Acquista Online su Reliquo\" \/>\n<meta property=\"og:description\" content=\"Scopri Chiaramonte Nero d&#039;Avola - Firriato Winery su Reliquo: qualit\u00e0 garantita, spedizioni rapide e prezzi competitivi. Ordina ora e approfitta delle nostre offerte esclusive.\" \/>\n<meta property=\"og:url\" content=\"http:\/\/reliquo.com\/es\/chiaramonte-nero-davola-2018-bodega-firriato\/\" \/>\n<meta property=\"og:site_name\" content=\"Reliquo\" \/>\n<meta property=\"article:modified_time\" content=\"2025-12-18T14:43:29+00:00\" \/>\n<meta property=\"og:image\" content=\"https:\/\/reliquo.com\/wp-content\/uploads\/2024\/12\/Firritato-Chiaramonte-Nero-dAvola.png\" \/>\n\t<meta property=\"og:image:width\" content=\"3024\" \/>\n\t<meta property=\"og:image:height\" content=\"3024\" \/>\n\t<meta property=\"og:image:type\" content=\"image\/png\" \/>\n<meta name=\"twitter:card\" content=\"summary_large_image\" \/>\n<meta name=\"twitter:label1\" content=\"Tiempo de lectura\" \/>\n\t<meta name=\"twitter:data1\" content=\"1 minuto\" \/>\n<script type=\"application\/ld+json\" class=\"yoast-schema-graph\">{\"@context\":\"https:\/\/schema.org\",\"@graph\":[{\"@type\":\"WebPage\",\"@id\":\"http:\/\/reliquo.com\/it\/chiaramonte-nero-davola-2018-firriato-winery\/\",\"url\":\"http:\/\/reliquo.com\/it\/chiaramonte-nero-davola-2018-firriato-winery\/\",\"name\":\"Chiaramonte Nero d'Avola - Firriato Winery | Acquista Online su Reliquo\",\"isPartOf\":{\"@id\":\"https:\/\/reliquo.com\/es\/#website\"},\"primaryImageOfPage\":{\"@id\":\"http:\/\/reliquo.com\/it\/chiaramonte-nero-davola-2018-firriato-winery\/#primaryimage\"},\"image\":{\"@id\":\"http:\/\/reliquo.com\/it\/chiaramonte-nero-davola-2018-firriato-winery\/#primaryimage\"},\"thumbnailUrl\":\"https:\/\/reliquo.com\/wp-content\/uploads\/2024\/12\/Firritato-Chiaramonte-Nero-dAvola.png\",\"datePublished\":\"2024-12-17T14:19:04+00:00\",\"dateModified\":\"2025-12-18T14:43:29+00:00\",\"description\":\"Scopri Chiaramonte Nero d'Avola - Firriato Winery su Reliquo: qualit\u00e0 garantita, spedizioni rapide e prezzi competitivi. Ordina ora e approfitta delle nostre offerte esclusive.\",\"breadcrumb\":{\"@id\":\"http:\/\/reliquo.com\/it\/chiaramonte-nero-davola-2018-firriato-winery\/#breadcrumb\"},\"inLanguage\":\"es\",\"potentialAction\":[{\"@type\":\"ReadAction\",\"target\":[\"http:\/\/reliquo.com\/it\/chiaramonte-nero-davola-2018-firriato-winery\/\"]}]},{\"@type\":\"ImageObject\",\"inLanguage\":\"es\",\"@id\":\"http:\/\/reliquo.com\/it\/chiaramonte-nero-davola-2018-firriato-winery\/#primaryimage\",\"url\":\"https:\/\/reliquo.com\/wp-content\/uploads\/2024\/12\/Firritato-Chiaramonte-Nero-dAvola.png\",\"contentUrl\":\"https:\/\/reliquo.com\/wp-content\/uploads\/2024\/12\/Firritato-Chiaramonte-Nero-dAvola.png\",\"width\":3024,\"height\":3024,\"caption\":\"Chiaramonte Nero d\u2019Avola \u2013 Firriato Winery\"},{\"@type\":\"BreadcrumbList\",\"@id\":\"http:\/\/reliquo.com\/it\/chiaramonte-nero-davola-2018-firriato-winery\/#breadcrumb\",\"itemListElement\":[{\"@type\":\"ListItem\",\"position\":1,\"name\":\"Home\",\"item\":\"http:\/\/reliquo.com\/it\/\"},{\"@type\":\"ListItem\",\"position\":2,\"name\":\"Shop\",\"item\":\"http:\/\/reliquo.com\/it\/shop\/\"},{\"@type\":\"ListItem\",\"position\":3,\"name\":\"Chiaramonte Nero d&#8217;Avola &#8211; Firriato Winery\"}]},{\"@type\":\"WebSite\",\"@id\":\"https:\/\/reliquo.com\/es\/#website\",\"url\":\"https:\/\/reliquo.com\/es\/\",\"name\":\"Reliquo\",\"description\":\"La tua enoteca online: scopri vini, liquori e distillati d\u2019eccellenza.\",\"publisher\":{\"@id\":\"https:\/\/reliquo.com\/es\/#organization\"},\"potentialAction\":[{\"@type\":\"SearchAction\",\"target\":{\"@type\":\"EntryPoint\",\"urlTemplate\":\"https:\/\/reliquo.com\/es\/?s={search_term_string}\"},\"query-input\":{\"@type\":\"PropertyValueSpecification\",\"valueRequired\":true,\"valueName\":\"search_term_string\"}}],\"inLanguage\":\"es\"},{\"@type\":\"Organization\",\"@id\":\"https:\/\/reliquo.com\/es\/#organization\",\"name\":\"Reliquo\",\"url\":\"https:\/\/reliquo.com\/es\/\",\"logo\":{\"@type\":\"ImageObject\",\"inLanguage\":\"es\",\"@id\":\"https:\/\/reliquo.com\/es\/#\/schema\/logo\/image\/\",\"url\":\"https:\/\/reliquo.com\/wp-content\/uploads\/2024\/12\/cropped-favicon-1.png\",\"contentUrl\":\"https:\/\/reliquo.com\/wp-content\/uploads\/2024\/12\/cropped-favicon-1.png\",\"width\":512,\"height\":512,\"caption\":\"Reliquo\"},\"image\":{\"@id\":\"https:\/\/reliquo.com\/es\/#\/schema\/logo\/image\/\"}}]}<\/script>\n<!-- \/ Yoast SEO plugin. -->","yoast_head_json":{"title":"Chiaramonte Nero d'Avola - Bodega Firriato | Comprar en Reliquo","description":"Descubre Chiaramonte Nero d'Avola - Bodega Firriato en Reliquo: calidad garantizada, env\u00edo r\u00e1pido y precios competitivos. Haz tu pedido ahora y aprovecha nuestras ofertas exclusivas.","robots":{"index":"index","follow":"follow","max-snippet":"max-snippet:-1","max-image-preview":"max-image-preview:large","max-video-preview":"max-video-preview:-1"},"canonical":"http:\/\/reliquo.com\/es\/chiaramonte-nero-davola-2018-bodega-firriato\/","og_locale":"es_ES","og_type":"article","og_title":"Chiaramonte Nero d'Avola - Firriato Winery | Acquista Online su Reliquo","og_description":"Scopri Chiaramonte Nero d'Avola - Firriato Winery su Reliquo: qualit\u00e0 garantita, spedizioni rapide e prezzi competitivi. Ordina ora e approfitta delle nostre offerte esclusive.","og_url":"http:\/\/reliquo.com\/es\/chiaramonte-nero-davola-2018-bodega-firriato\/","og_site_name":"Reliquo","article_modified_time":"2025-12-18T14:43:29+00:00","og_image":[{"width":3024,"height":3024,"url":"https:\/\/reliquo.com\/wp-content\/uploads\/2024\/12\/Firritato-Chiaramonte-Nero-dAvola.png","type":"image\/png"}],"twitter_card":"summary_large_image","twitter_misc":{"Tiempo de lectura":"1 minuto"},"schema":{"@context":"https:\/\/schema.org","@graph":[{"@type":"WebPage","@id":"http:\/\/reliquo.com\/it\/chiaramonte-nero-davola-2018-firriato-winery\/","url":"http:\/\/reliquo.com\/it\/chiaramonte-nero-davola-2018-firriato-winery\/","name":"Chiaramonte Nero d'Avola - Bodega Firriato | Comprar en Reliquo","isPartOf":{"@id":"https:\/\/reliquo.com\/es\/#website"},"primaryImageOfPage":{"@id":"http:\/\/reliquo.com\/it\/chiaramonte-nero-davola-2018-firriato-winery\/#primaryimage"},"image":{"@id":"http:\/\/reliquo.com\/it\/chiaramonte-nero-davola-2018-firriato-winery\/#primaryimage"},"thumbnailUrl":"https:\/\/reliquo.com\/wp-content\/uploads\/2024\/12\/Firritato-Chiaramonte-Nero-dAvola.png","datePublished":"2024-12-17T14:19:04+00:00","dateModified":"2025-12-18T14:43:29+00:00","description":"Descubre Chiaramonte Nero d'Avola - Bodega Firriato en Reliquo: calidad garantizada, env\u00edo r\u00e1pido y precios competitivos. Haz tu pedido ahora y aprovecha nuestras ofertas exclusivas.","breadcrumb":{"@id":"http:\/\/reliquo.com\/it\/chiaramonte-nero-davola-2018-firriato-winery\/#breadcrumb"},"inLanguage":"es","potentialAction":[{"@type":"ReadAction","target":["http:\/\/reliquo.com\/it\/chiaramonte-nero-davola-2018-firriato-winery\/"]}]},{"@type":"ImageObject","inLanguage":"es","@id":"http:\/\/reliquo.com\/it\/chiaramonte-nero-davola-2018-firriato-winery\/#primaryimage","url":"https:\/\/reliquo.com\/wp-content\/uploads\/2024\/12\/Firritato-Chiaramonte-Nero-dAvola.png","contentUrl":"https:\/\/reliquo.com\/wp-content\/uploads\/2024\/12\/Firritato-Chiaramonte-Nero-dAvola.png","width":3024,"height":3024,"caption":"Chiaramonte Nero d\u2019Avola \u2013 Firriato Winery"},{"@type":"BreadcrumbList","@id":"http:\/\/reliquo.com\/it\/chiaramonte-nero-davola-2018-firriato-winery\/#breadcrumb","itemListElement":[{"@type":"ListItem","position":1,"name":"Home","item":"http:\/\/reliquo.com\/it\/"},{"@type":"ListItem","position":2,"name":"Shop","item":"http:\/\/reliquo.com\/it\/shop\/"},{"@type":"ListItem","position":3,"name":"Chiaramonte Nero d&#8217;Avola &#8211; Firriato Winery"}]},{"@type":"WebSite","@id":"https:\/\/reliquo.com\/es\/#website","url":"https:\/\/reliquo.com\/es\/","name":"Reliquo","description":"Su tienda de vinos en l\u00ednea: descubra excelentes vinos, espirituosos y licores.","publisher":{"@id":"https:\/\/reliquo.com\/es\/#organization"},"potentialAction":[{"@type":"SearchAction","target":{"@type":"EntryPoint","urlTemplate":"https:\/\/reliquo.com\/es\/?s={search_term_string}"},"query-input":{"@type":"PropertyValueSpecification","valueRequired":true,"valueName":"search_term_string"}}],"inLanguage":"es"},{"@type":"Organization","@id":"https:\/\/reliquo.com\/es\/#organization","name":"Reliquo","url":"https:\/\/reliquo.com\/es\/","logo":{"@type":"ImageObject","inLanguage":"es","@id":"https:\/\/reliquo.com\/es\/#\/schema\/logo\/image\/","url":"https:\/\/reliquo.com\/wp-content\/uploads\/2024\/12\/cropped-favicon-1.png","contentUrl":"https:\/\/reliquo.com\/wp-content\/uploads\/2024\/12\/cropped-favicon-1.png","width":512,"height":512,"caption":"Reliquo"},"image":{"@id":"https:\/\/reliquo.com\/es\/#\/schema\/logo\/image\/"}}]}},"jetpack_sharing_enabled":true,"brands":[{"id":706,"name":"Bodega Firriato","slug":"bodega-firriato"}],"_links":{"self":[{"href":"https:\/\/reliquo.com\/es\/wp-json\/wp\/v2\/product\/733","targetHints":{"allow":["GET"]}}],"collection":[{"href":"https:\/\/reliquo.com\/es\/wp-json\/wp\/v2\/product"}],"about":[{"href":"https:\/\/reliquo.com\/es\/wp-json\/wp\/v2\/types\/product"}],"wp:featuredmedia":[{"embeddable":true,"href":"https:\/\/reliquo.com\/es\/wp-json\/wp\/v2\/media\/366"}],"wp:attachment":[{"href":"https:\/\/reliquo.com\/es\/wp-json\/wp\/v2\/media?parent=733"}],"wp:term":[{"taxonomy":"pwb-brand","embeddable":true,"href":"https:\/\/reliquo.com\/es\/wp-json\/wp\/v2\/pwb-brand?post=733"},{"taxonomy":"product_brand","embeddable":true,"href":"https:\/\/reliquo.com\/es\/wp-json\/wp\/v2\/product_brand?post=733"},{"taxonomy":"product_cat","embeddable":true,"href":"https:\/\/reliquo.com\/es\/wp-json\/wp\/v2\/product_cat?post=733"},{"taxonomy":"product_tag","embeddable":true,"href":"https:\/\/reliquo.com\/es\/wp-json\/wp\/v2\/product_tag?post=733"}],"curies":[{"name":"wp","href":"https:\/\/api.w.org\/{rel}","templated":true}]}}