{"id":717,"date":"2024-12-17T15:19:01","date_gmt":"2024-12-17T14:19:01","guid":{"rendered":"https:\/\/reliquo.com\/?post_type=product&#038;p=717"},"modified":"2025-12-18T15:43:28","modified_gmt":"2025-12-18T14:43:28","slug":"merlot-2021-cantina-fina","status":"publish","type":"product","link":"https:\/\/reliquo.com\/es\/merlot-2021-cantina-fina\/","title":{"rendered":"Merlot - Cantina Fin\u00e0"},"content":{"rendered":"<p>In Italia il Merlot ha trovato condizioni ambientali ideali in molte regione del Nord, ma \u00e8 ormai diffuso con risultati davvero sorprendenti anche in Sicilia, proprio perch\u00e9 il Merlot, nell&#8217;adattarsi a questo clima dalla forte impronta solare, mostra un altro aspetto della sua versatile personalit\u00e0, con sapori pi\u00f9 caldi e speziati.Le uve usate per la produzione di questo vino vengono coltivate nella parte Occidentale della Sicilia, ad un&#8217;altimetria di 350 mt. s.l.m. La fermentazione e la prima parte di affinamento avvengono in in acciaio: gli ultimi dodici mesi di maturazioni vengono per\u00f2 effettuati in barrique. Di colore rosso rubino intenso con riflessi porpora, ha sentori che ricordano ribes nero e prugna matura, con note di pepe e mirtilli. Il gusto \u00e8 ricco e rotondo, con tannini morbidi e levigati.<\/p>","protected":false},"excerpt":{"rendered":"<p>In Italia il Merlot ha trovato condizioni ambientali ideali in molte regione del Nord, ma \u00e8 ormai diffuso con risultati [&hellip;]<\/p>\n","protected":false},"featured_media":358,"template":"","meta":{"site-sidebar-layout":"","site-content-layout":"","ast-site-content-layout":"","site-content-style":"","site-sidebar-style":"","ast-global-header-display":"","ast-banner-title-visibility":"","ast-main-header-display":"","ast-hfb-above-header-display":"","ast-hfb-below-header-display":"","ast-hfb-mobile-header-display":"","site-post-title":"","ast-breadcrumbs-content":"","ast-featured-img":"","footer-sml-layout":"","ast-disable-related-posts":"","theme-transparent-header-meta":"","adv-header-id-meta":"","stick-header-meta":"","header-above-stick-meta":"","header-main-stick-meta":"","header-below-stick-meta":"","astra-migrate-meta-layouts":"","ast-page-background-enabled":"default","ast-page-background-meta":{"desktop":{"background-color":"var(--ast-global-color-4)","background-image":"","background-repeat":"repeat","background-position":"center center","background-size":"auto","background-attachment":"scroll","background-type":"","background-media":"","overlay-type":"","overlay-color":"","overlay-opacity":"","overlay-gradient":""},"tablet":{"background-color":"","background-image":"","background-repeat":"repeat","background-position":"center center","background-size":"auto","background-attachment":"scroll","background-type":"","background-media":"","overlay-type":"","overlay-color":"","overlay-opacity":"","overlay-gradient":""},"mobile":{"background-color":"","background-image":"","background-repeat":"repeat","background-position":"center center","background-size":"auto","background-attachment":"scroll","background-type":"","background-media":"","overlay-type":"","overlay-color":"","overlay-opacity":"","overlay-gradient":""}},"ast-content-background-meta":{"desktop":{"background-color":"var(--ast-global-color-5)","background-image":"","background-repeat":"repeat","background-position":"center center","background-size":"auto","background-attachment":"scroll","background-type":"","background-media":"","overlay-type":"","overlay-color":"","overlay-opacity":"","overlay-gradient":""},"tablet":{"background-color":"var(--ast-global-color-5)","background-image":"","background-repeat":"repeat","background-position":"center center","background-size":"auto","background-attachment":"scroll","background-type":"","background-media":"","overlay-type":"","overlay-color":"","overlay-opacity":"","overlay-gradient":""},"mobile":{"background-color":"var(--ast-global-color-5)","background-image":"","background-repeat":"repeat","background-position":"center center","background-size":"auto","background-attachment":"scroll","background-type":"","background-media":"","overlay-type":"","overlay-color":"","overlay-opacity":"","overlay-gradient":""}}},"pwb-brand":[689],"product_brand":[],"product_cat":[299,288],"product_tag":[447,449,448,442],"class_list":{"0":"post-717","1":"product","2":"type-product","3":"status-publish","4":"has-post-thumbnail","6":"pwb-brand-cantine-fina","7":"product_cat-rossi","8":"product_cat-vini","9":"product_tag-fina","10":"product_tag-merlot","11":"product_tag-rosso","12":"product_tag-vino","13":"desktop-align-center","14":"tablet-align-center","15":"mobile-align-center","16":"ast-product-gallery-layout-horizontal-slider","17":"ast-product-gallery-with-no-image","18":"ast-magnify-disabled","19":"ast-product-tabs-layout-horizontal","20":"ast-qv-on-image","22":"first","23":"instock","24":"shipping-taxable","25":"purchasable","26":"product-type-simple"},"yoast_head":"<!-- This site is optimized with the Yoast SEO plugin v27.2 - https:\/\/yoast.com\/product\/yoast-seo-wordpress\/ -->\n<title>Merlot - Cantina Fin\u00e0 | Acquista Online su Reliquo<\/title>\n<meta name=\"description\" content=\"Scopri Merlot - Cantina Fin\u00e0 su Reliquo: qualit\u00e0 garantita, spedizioni rapide e prezzi competitivi. Ordina ora e approfitta delle nostre offerte esclusive.\" \/>\n<meta name=\"robots\" content=\"index, follow, max-snippet:-1, max-image-preview:large, max-video-preview:-1\" \/>\n<link rel=\"canonical\" href=\"http:\/\/reliquo.com\/es\/merlot-2021-cantina-fina\/\" \/>\n<meta property=\"og:locale\" content=\"es_ES\" \/>\n<meta property=\"og:type\" content=\"article\" \/>\n<meta property=\"og:title\" content=\"Merlot - Cantina Fin\u00e0 | Acquista Online su Reliquo\" \/>\n<meta property=\"og:description\" content=\"Scopri Merlot - Cantina Fin\u00e0 su Reliquo: qualit\u00e0 garantita, spedizioni rapide e prezzi competitivi. Ordina ora e approfitta delle nostre offerte esclusive.\" \/>\n<meta property=\"og:url\" content=\"http:\/\/reliquo.com\/es\/merlot-2021-cantina-fina\/\" \/>\n<meta property=\"og:site_name\" content=\"Reliquo\" \/>\n<meta property=\"article:modified_time\" content=\"2025-12-18T14:43:28+00:00\" \/>\n<meta property=\"og:image\" content=\"https:\/\/reliquo.com\/wp-content\/uploads\/2024\/12\/Fina-Merlot.png\" \/>\n\t<meta property=\"og:image:width\" content=\"3024\" \/>\n\t<meta property=\"og:image:height\" content=\"3024\" \/>\n\t<meta property=\"og:image:type\" content=\"image\/png\" \/>\n<meta name=\"twitter:card\" content=\"summary_large_image\" \/>\n<meta name=\"twitter:label1\" content=\"Tiempo de lectura\" \/>\n\t<meta name=\"twitter:data1\" content=\"1 minuto\" \/>\n<script type=\"application\/ld+json\" class=\"yoast-schema-graph\">{\"@context\":\"https:\/\/schema.org\",\"@graph\":[{\"@type\":\"WebPage\",\"@id\":\"http:\/\/reliquo.com\/it\/merlot-2021-cantina-fina\/\",\"url\":\"http:\/\/reliquo.com\/it\/merlot-2021-cantina-fina\/\",\"name\":\"Merlot - Cantina Fin\u00e0 | Acquista Online su Reliquo\",\"isPartOf\":{\"@id\":\"https:\/\/reliquo.com\/es\/#website\"},\"primaryImageOfPage\":{\"@id\":\"http:\/\/reliquo.com\/it\/merlot-2021-cantina-fina\/#primaryimage\"},\"image\":{\"@id\":\"http:\/\/reliquo.com\/it\/merlot-2021-cantina-fina\/#primaryimage\"},\"thumbnailUrl\":\"https:\/\/reliquo.com\/wp-content\/uploads\/2024\/12\/Fina-Merlot.png\",\"datePublished\":\"2024-12-17T14:19:01+00:00\",\"dateModified\":\"2025-12-18T14:43:28+00:00\",\"description\":\"Scopri Merlot - Cantina Fin\u00e0 su Reliquo: qualit\u00e0 garantita, spedizioni rapide e prezzi competitivi. Ordina ora e approfitta delle nostre offerte esclusive.\",\"breadcrumb\":{\"@id\":\"http:\/\/reliquo.com\/it\/merlot-2021-cantina-fina\/#breadcrumb\"},\"inLanguage\":\"es\",\"potentialAction\":[{\"@type\":\"ReadAction\",\"target\":[\"http:\/\/reliquo.com\/it\/merlot-2021-cantina-fina\/\"]}]},{\"@type\":\"ImageObject\",\"inLanguage\":\"es\",\"@id\":\"http:\/\/reliquo.com\/it\/merlot-2021-cantina-fina\/#primaryimage\",\"url\":\"https:\/\/reliquo.com\/wp-content\/uploads\/2024\/12\/Fina-Merlot.png\",\"contentUrl\":\"https:\/\/reliquo.com\/wp-content\/uploads\/2024\/12\/Fina-Merlot.png\",\"width\":3024,\"height\":3024,\"caption\":\"Merlot \u2013 Cantina Fin\u00e0\"},{\"@type\":\"BreadcrumbList\",\"@id\":\"http:\/\/reliquo.com\/it\/merlot-2021-cantina-fina\/#breadcrumb\",\"itemListElement\":[{\"@type\":\"ListItem\",\"position\":1,\"name\":\"Home\",\"item\":\"http:\/\/reliquo.com\/it\/\"},{\"@type\":\"ListItem\",\"position\":2,\"name\":\"Shop\",\"item\":\"http:\/\/reliquo.com\/it\/shop\/\"},{\"@type\":\"ListItem\",\"position\":3,\"name\":\"Merlot &#8211; Cantina Fin\u00e0\"}]},{\"@type\":\"WebSite\",\"@id\":\"https:\/\/reliquo.com\/es\/#website\",\"url\":\"https:\/\/reliquo.com\/es\/\",\"name\":\"Reliquo\",\"description\":\"La tua enoteca online: scopri vini, liquori e distillati d\u2019eccellenza.\",\"publisher\":{\"@id\":\"https:\/\/reliquo.com\/es\/#organization\"},\"potentialAction\":[{\"@type\":\"SearchAction\",\"target\":{\"@type\":\"EntryPoint\",\"urlTemplate\":\"https:\/\/reliquo.com\/es\/?s={search_term_string}\"},\"query-input\":{\"@type\":\"PropertyValueSpecification\",\"valueRequired\":true,\"valueName\":\"search_term_string\"}}],\"inLanguage\":\"es\"},{\"@type\":\"Organization\",\"@id\":\"https:\/\/reliquo.com\/es\/#organization\",\"name\":\"Reliquo\",\"url\":\"https:\/\/reliquo.com\/es\/\",\"logo\":{\"@type\":\"ImageObject\",\"inLanguage\":\"es\",\"@id\":\"https:\/\/reliquo.com\/es\/#\/schema\/logo\/image\/\",\"url\":\"https:\/\/reliquo.com\/wp-content\/uploads\/2024\/12\/cropped-favicon-1.png\",\"contentUrl\":\"https:\/\/reliquo.com\/wp-content\/uploads\/2024\/12\/cropped-favicon-1.png\",\"width\":512,\"height\":512,\"caption\":\"Reliquo\"},\"image\":{\"@id\":\"https:\/\/reliquo.com\/es\/#\/schema\/logo\/image\/\"}}]}<\/script>\n<!-- \/ Yoast SEO plugin. -->","yoast_head_json":{"title":"Merlot - Cantina Fin\u00e0 | Acquista Online su Reliquo","description":"Scopri Merlot - Cantina Fin\u00e0 su Reliquo: qualit\u00e0 garantita, spedizioni rapide e prezzi competitivi. Ordina ora e approfitta delle nostre offerte esclusive.","robots":{"index":"index","follow":"follow","max-snippet":"max-snippet:-1","max-image-preview":"max-image-preview:large","max-video-preview":"max-video-preview:-1"},"canonical":"http:\/\/reliquo.com\/es\/merlot-2021-cantina-fina\/","og_locale":"es_ES","og_type":"article","og_title":"Merlot - Cantina Fin\u00e0 | Acquista Online su Reliquo","og_description":"Scopri Merlot - Cantina Fin\u00e0 su Reliquo: qualit\u00e0 garantita, spedizioni rapide e prezzi competitivi. Ordina ora e approfitta delle nostre offerte esclusive.","og_url":"http:\/\/reliquo.com\/es\/merlot-2021-cantina-fina\/","og_site_name":"Reliquo","article_modified_time":"2025-12-18T14:43:28+00:00","og_image":[{"width":3024,"height":3024,"url":"https:\/\/reliquo.com\/wp-content\/uploads\/2024\/12\/Fina-Merlot.png","type":"image\/png"}],"twitter_card":"summary_large_image","twitter_misc":{"Tiempo de lectura":"1 minuto"},"schema":{"@context":"https:\/\/schema.org","@graph":[{"@type":"WebPage","@id":"http:\/\/reliquo.com\/it\/merlot-2021-cantina-fina\/","url":"http:\/\/reliquo.com\/it\/merlot-2021-cantina-fina\/","name":"Merlot - Cantina Fin\u00e0 | Acquista Online su Reliquo","isPartOf":{"@id":"https:\/\/reliquo.com\/es\/#website"},"primaryImageOfPage":{"@id":"http:\/\/reliquo.com\/it\/merlot-2021-cantina-fina\/#primaryimage"},"image":{"@id":"http:\/\/reliquo.com\/it\/merlot-2021-cantina-fina\/#primaryimage"},"thumbnailUrl":"https:\/\/reliquo.com\/wp-content\/uploads\/2024\/12\/Fina-Merlot.png","datePublished":"2024-12-17T14:19:01+00:00","dateModified":"2025-12-18T14:43:28+00:00","description":"Scopri Merlot - Cantina Fin\u00e0 su Reliquo: qualit\u00e0 garantita, spedizioni rapide e prezzi competitivi. Ordina ora e approfitta delle nostre offerte esclusive.","breadcrumb":{"@id":"http:\/\/reliquo.com\/it\/merlot-2021-cantina-fina\/#breadcrumb"},"inLanguage":"es","potentialAction":[{"@type":"ReadAction","target":["http:\/\/reliquo.com\/it\/merlot-2021-cantina-fina\/"]}]},{"@type":"ImageObject","inLanguage":"es","@id":"http:\/\/reliquo.com\/it\/merlot-2021-cantina-fina\/#primaryimage","url":"https:\/\/reliquo.com\/wp-content\/uploads\/2024\/12\/Fina-Merlot.png","contentUrl":"https:\/\/reliquo.com\/wp-content\/uploads\/2024\/12\/Fina-Merlot.png","width":3024,"height":3024,"caption":"Merlot \u2013 Cantina Fin\u00e0"},{"@type":"BreadcrumbList","@id":"http:\/\/reliquo.com\/it\/merlot-2021-cantina-fina\/#breadcrumb","itemListElement":[{"@type":"ListItem","position":1,"name":"Home","item":"http:\/\/reliquo.com\/it\/"},{"@type":"ListItem","position":2,"name":"Shop","item":"http:\/\/reliquo.com\/it\/shop\/"},{"@type":"ListItem","position":3,"name":"Merlot &#8211; Cantina Fin\u00e0"}]},{"@type":"WebSite","@id":"https:\/\/reliquo.com\/es\/#website","url":"https:\/\/reliquo.com\/es\/","name":"Reliquo","description":"Su tienda de vinos en l\u00ednea: descubra excelentes vinos, espirituosos y licores.","publisher":{"@id":"https:\/\/reliquo.com\/es\/#organization"},"potentialAction":[{"@type":"SearchAction","target":{"@type":"EntryPoint","urlTemplate":"https:\/\/reliquo.com\/es\/?s={search_term_string}"},"query-input":{"@type":"PropertyValueSpecification","valueRequired":true,"valueName":"search_term_string"}}],"inLanguage":"es"},{"@type":"Organization","@id":"https:\/\/reliquo.com\/es\/#organization","name":"Reliquo","url":"https:\/\/reliquo.com\/es\/","logo":{"@type":"ImageObject","inLanguage":"es","@id":"https:\/\/reliquo.com\/es\/#\/schema\/logo\/image\/","url":"https:\/\/reliquo.com\/wp-content\/uploads\/2024\/12\/cropped-favicon-1.png","contentUrl":"https:\/\/reliquo.com\/wp-content\/uploads\/2024\/12\/cropped-favicon-1.png","width":512,"height":512,"caption":"Reliquo"},"image":{"@id":"https:\/\/reliquo.com\/es\/#\/schema\/logo\/image\/"}}]}},"jetpack_sharing_enabled":true,"brands":[{"id":689,"name":"Bodegas Fina","slug":"bodegas-fina"}],"_links":{"self":[{"href":"https:\/\/reliquo.com\/es\/wp-json\/wp\/v2\/product\/717","targetHints":{"allow":["GET"]}}],"collection":[{"href":"https:\/\/reliquo.com\/es\/wp-json\/wp\/v2\/product"}],"about":[{"href":"https:\/\/reliquo.com\/es\/wp-json\/wp\/v2\/types\/product"}],"wp:featuredmedia":[{"embeddable":true,"href":"https:\/\/reliquo.com\/es\/wp-json\/wp\/v2\/media\/358"}],"wp:attachment":[{"href":"https:\/\/reliquo.com\/es\/wp-json\/wp\/v2\/media?parent=717"}],"wp:term":[{"taxonomy":"pwb-brand","embeddable":true,"href":"https:\/\/reliquo.com\/es\/wp-json\/wp\/v2\/pwb-brand?post=717"},{"taxonomy":"product_brand","embeddable":true,"href":"https:\/\/reliquo.com\/es\/wp-json\/wp\/v2\/product_brand?post=717"},{"taxonomy":"product_cat","embeddable":true,"href":"https:\/\/reliquo.com\/es\/wp-json\/wp\/v2\/product_cat?post=717"},{"taxonomy":"product_tag","embeddable":true,"href":"https:\/\/reliquo.com\/es\/wp-json\/wp\/v2\/product_tag?post=717"}],"curies":[{"name":"wp","href":"https:\/\/api.w.org\/{rel}","templated":true}]}}