{"id":710,"date":"2024-12-17T15:19:00","date_gmt":"2024-12-17T14:19:00","guid":{"rendered":"https:\/\/reliquo.com\/?post_type=product&#038;p=710"},"modified":"2025-12-18T15:43:28","modified_gmt":"2025-12-18T14:43:28","slug":"champan-mumm-cordon-rouge-brut-cl-75-en-caja","status":"publish","type":"product","link":"https:\/\/reliquo.com\/es\/champagne-mumm-cordon-rouge-brut-cl-75-astucciato\/","title":{"rendered":"Champ\u00e1n Mumm Cordon Rouge Brut Lata - 75cl"},"content":{"rendered":"<p>Desde 1876, la cuv\u00e9e emblem\u00e1tica de la Maison, con su atrevido lazo rojo, ha marcado el inicio de un momento memorable: momentos felices con buenos amigos. Elaborada a partir de una rica paleta de m\u00e1s de 120 crus, que representan toda la diversidad de la regi\u00f3n francesa de Champagne, Mumm Cordon Rouge es la cuv\u00e9e emblem\u00e1tica de la Maison Mumm. Este Champagne brut excepcional mezcla la variedad emblem\u00e1tica de Mumm, Pinot Noir de la Montagne de Reims y Aube, con Chardonnay de la C\u00f4te des Blancs, S\u00e9zannais, Vitryat y Aube, y Meunier de los valles de Marne y Ardre y de la Montagne de Reims. Envejecido durante un m\u00ednimo de 20 meses en las bodegas de la Maison Mumm, este vino es ideal como aperitivo entre amigos en un ambiente alegre y cordial.<\/p>","protected":false},"excerpt":{"rendered":"<p>Dal 1876, la cuv\u00e9e simbolo della Maison con il suo audace nastro rosso segna l\u2019avvio di un momento memorabile: momenti [&hellip;]<\/p>\n","protected":false},"featured_media":253,"template":"","meta":{"site-sidebar-layout":"","site-content-layout":"","ast-site-content-layout":"","site-content-style":"","site-sidebar-style":"","ast-global-header-display":"","ast-banner-title-visibility":"","ast-main-header-display":"","ast-hfb-above-header-display":"","ast-hfb-below-header-display":"","ast-hfb-mobile-header-display":"","site-post-title":"","ast-breadcrumbs-content":"","ast-featured-img":"","footer-sml-layout":"","ast-disable-related-posts":"","theme-transparent-header-meta":"","adv-header-id-meta":"","stick-header-meta":"","header-above-stick-meta":"","header-main-stick-meta":"","header-below-stick-meta":"","astra-migrate-meta-layouts":"","ast-page-background-enabled":"default","ast-page-background-meta":{"desktop":{"background-color":"var(--ast-global-color-4)","background-image":"","background-repeat":"repeat","background-position":"center center","background-size":"auto","background-attachment":"scroll","background-type":"","background-media":"","overlay-type":"","overlay-color":"","overlay-opacity":"","overlay-gradient":""},"tablet":{"background-color":"","background-image":"","background-repeat":"repeat","background-position":"center center","background-size":"auto","background-attachment":"scroll","background-type":"","background-media":"","overlay-type":"","overlay-color":"","overlay-opacity":"","overlay-gradient":""},"mobile":{"background-color":"","background-image":"","background-repeat":"repeat","background-position":"center center","background-size":"auto","background-attachment":"scroll","background-type":"","background-media":"","overlay-type":"","overlay-color":"","overlay-opacity":"","overlay-gradient":""}},"ast-content-background-meta":{"desktop":{"background-color":"var(--ast-global-color-5)","background-image":"","background-repeat":"repeat","background-position":"center center","background-size":"auto","background-attachment":"scroll","background-type":"","background-media":"","overlay-type":"","overlay-color":"","overlay-opacity":"","overlay-gradient":""},"tablet":{"background-color":"var(--ast-global-color-5)","background-image":"","background-repeat":"repeat","background-position":"center center","background-size":"auto","background-attachment":"scroll","background-type":"","background-media":"","overlay-type":"","overlay-color":"","overlay-opacity":"","overlay-gradient":""},"mobile":{"background-color":"var(--ast-global-color-5)","background-image":"","background-repeat":"repeat","background-position":"center center","background-size":"auto","background-attachment":"scroll","background-type":"","background-media":"","overlay-type":"","overlay-color":"","overlay-opacity":"","overlay-gradient":""}}},"pwb-brand":[717],"product_brand":[],"product_cat":[289],"product_tag":[418,434,435,413],"class_list":{"0":"post-710","1":"product","2":"type-product","3":"status-publish","4":"has-post-thumbnail","6":"pwb-brand-maison-g-h-mumm","7":"product_cat-spumanti","8":"product_tag-brut","9":"product_tag-cordon-rouge","10":"product_tag-mumm","11":"product_tag-spumante","12":"desktop-align-center","13":"tablet-align-center","14":"mobile-align-center","15":"ast-product-gallery-layout-horizontal-slider","16":"ast-product-gallery-with-no-image","17":"ast-magnify-disabled","18":"ast-product-tabs-layout-horizontal","19":"ast-qv-on-image","21":"first","22":"outofstock","23":"shipping-taxable","24":"purchasable","25":"product-type-simple"},"yoast_head":"<!-- This site is optimized with the Yoast SEO plugin v27.2 - https:\/\/yoast.com\/product\/yoast-seo-wordpress\/ -->\n<title>Champagne Mumm Cordon Rouge Brut Astucciato - 75cl | Acquista Online su Reliquo<\/title>\n<meta name=\"description\" content=\"Scopri Champagne Mumm Cordon Rouge Brut Astucciato - 75cl su Reliquo: qualit\u00e0 garantita, spedizioni rapide e prezzi competitivi. Ordina ora e approfitta delle nostre offerte esclusive.\" \/>\n<meta name=\"robots\" content=\"index, follow, max-snippet:-1, max-image-preview:large, max-video-preview:-1\" \/>\n<link rel=\"canonical\" href=\"http:\/\/reliquo.com\/es\/champan-mumm-cordon-rouge-brut-cl-75-en-caja\/\" \/>\n<meta property=\"og:locale\" content=\"es_ES\" \/>\n<meta property=\"og:type\" content=\"article\" \/>\n<meta property=\"og:title\" content=\"Champagne Mumm Cordon Rouge Brut Astucciato - 75cl | Acquista Online su Reliquo\" \/>\n<meta property=\"og:description\" content=\"Scopri Champagne Mumm Cordon Rouge Brut Astucciato - 75cl su Reliquo: qualit\u00e0 garantita, spedizioni rapide e prezzi competitivi. Ordina ora e approfitta delle nostre offerte esclusive.\" \/>\n<meta property=\"og:url\" content=\"http:\/\/reliquo.com\/es\/champan-mumm-cordon-rouge-brut-cl-75-en-caja\/\" \/>\n<meta property=\"og:site_name\" content=\"Reliquo\" \/>\n<meta property=\"article:modified_time\" content=\"2025-12-18T14:43:28+00:00\" \/>\n<meta property=\"og:image\" content=\"https:\/\/reliquo.com\/wp-content\/uploads\/2024\/12\/GH-Mumm-Champagne.png\" \/>\n\t<meta property=\"og:image:width\" content=\"2500\" \/>\n\t<meta property=\"og:image:height\" content=\"2500\" \/>\n\t<meta property=\"og:image:type\" content=\"image\/png\" \/>\n<meta name=\"twitter:card\" content=\"summary_large_image\" \/>\n<meta name=\"twitter:label1\" content=\"Tiempo de lectura\" \/>\n\t<meta name=\"twitter:data1\" content=\"1 minuto\" \/>\n<script type=\"application\/ld+json\" class=\"yoast-schema-graph\">{\"@context\":\"https:\/\/schema.org\",\"@graph\":[{\"@type\":\"WebPage\",\"@id\":\"http:\/\/reliquo.com\/it\/champagne-mumm-cordon-rouge-brut-cl-75-astucciato\/\",\"url\":\"http:\/\/reliquo.com\/it\/champagne-mumm-cordon-rouge-brut-cl-75-astucciato\/\",\"name\":\"Champagne Mumm Cordon Rouge Brut Astucciato - 75cl | Acquista Online su Reliquo\",\"isPartOf\":{\"@id\":\"https:\/\/reliquo.com\/es\/#website\"},\"primaryImageOfPage\":{\"@id\":\"http:\/\/reliquo.com\/it\/champagne-mumm-cordon-rouge-brut-cl-75-astucciato\/#primaryimage\"},\"image\":{\"@id\":\"http:\/\/reliquo.com\/it\/champagne-mumm-cordon-rouge-brut-cl-75-astucciato\/#primaryimage\"},\"thumbnailUrl\":\"https:\/\/reliquo.com\/wp-content\/uploads\/2024\/12\/GH-Mumm-Champagne.png\",\"datePublished\":\"2024-12-17T14:19:00+00:00\",\"dateModified\":\"2025-12-18T14:43:28+00:00\",\"description\":\"Scopri Champagne Mumm Cordon Rouge Brut Astucciato - 75cl su Reliquo: qualit\u00e0 garantita, spedizioni rapide e prezzi competitivi. Ordina ora e approfitta delle nostre offerte esclusive.\",\"breadcrumb\":{\"@id\":\"http:\/\/reliquo.com\/it\/champagne-mumm-cordon-rouge-brut-cl-75-astucciato\/#breadcrumb\"},\"inLanguage\":\"es\",\"potentialAction\":[{\"@type\":\"ReadAction\",\"target\":[\"http:\/\/reliquo.com\/it\/champagne-mumm-cordon-rouge-brut-cl-75-astucciato\/\"]}]},{\"@type\":\"ImageObject\",\"inLanguage\":\"es\",\"@id\":\"http:\/\/reliquo.com\/it\/champagne-mumm-cordon-rouge-brut-cl-75-astucciato\/#primaryimage\",\"url\":\"https:\/\/reliquo.com\/wp-content\/uploads\/2024\/12\/GH-Mumm-Champagne.png\",\"contentUrl\":\"https:\/\/reliquo.com\/wp-content\/uploads\/2024\/12\/GH-Mumm-Champagne.png\",\"width\":2500,\"height\":2500,\"caption\":\"Champagne Mumm Cordon Rouge Brut Astucciato \u2013 75cl\"},{\"@type\":\"BreadcrumbList\",\"@id\":\"http:\/\/reliquo.com\/it\/champagne-mumm-cordon-rouge-brut-cl-75-astucciato\/#breadcrumb\",\"itemListElement\":[{\"@type\":\"ListItem\",\"position\":1,\"name\":\"Home\",\"item\":\"http:\/\/reliquo.com\/it\/\"},{\"@type\":\"ListItem\",\"position\":2,\"name\":\"Shop\",\"item\":\"http:\/\/reliquo.com\/it\/shop\/\"},{\"@type\":\"ListItem\",\"position\":3,\"name\":\"Champagne Mumm Cordon Rouge Brut Astucciato &#8211; 75cl\"}]},{\"@type\":\"WebSite\",\"@id\":\"https:\/\/reliquo.com\/es\/#website\",\"url\":\"https:\/\/reliquo.com\/es\/\",\"name\":\"Reliquo\",\"description\":\"La tua enoteca online: scopri vini, liquori e distillati d\u2019eccellenza.\",\"publisher\":{\"@id\":\"https:\/\/reliquo.com\/es\/#organization\"},\"potentialAction\":[{\"@type\":\"SearchAction\",\"target\":{\"@type\":\"EntryPoint\",\"urlTemplate\":\"https:\/\/reliquo.com\/es\/?s={search_term_string}\"},\"query-input\":{\"@type\":\"PropertyValueSpecification\",\"valueRequired\":true,\"valueName\":\"search_term_string\"}}],\"inLanguage\":\"es\"},{\"@type\":\"Organization\",\"@id\":\"https:\/\/reliquo.com\/es\/#organization\",\"name\":\"Reliquo\",\"url\":\"https:\/\/reliquo.com\/es\/\",\"logo\":{\"@type\":\"ImageObject\",\"inLanguage\":\"es\",\"@id\":\"https:\/\/reliquo.com\/es\/#\/schema\/logo\/image\/\",\"url\":\"https:\/\/reliquo.com\/wp-content\/uploads\/2024\/12\/cropped-favicon-1.png\",\"contentUrl\":\"https:\/\/reliquo.com\/wp-content\/uploads\/2024\/12\/cropped-favicon-1.png\",\"width\":512,\"height\":512,\"caption\":\"Reliquo\"},\"image\":{\"@id\":\"https:\/\/reliquo.com\/es\/#\/schema\/logo\/image\/\"}}]}<\/script>\n<!-- \/ Yoast SEO plugin. -->","yoast_head_json":{"title":"Champagne Mumm Cordon Rouge Brut Lata - 75cl | Comprar Online en Reliquo","description":"Descubra Champagne Mumm Cordon Rouge Brut Astucciato - 75cl en Reliquo: calidad garantizada, entrega r\u00e1pida y precios competitivos. Haga su pedido ahora y aproveche nuestras ofertas exclusivas.","robots":{"index":"index","follow":"follow","max-snippet":"max-snippet:-1","max-image-preview":"max-image-preview:large","max-video-preview":"max-video-preview:-1"},"canonical":"http:\/\/reliquo.com\/es\/champan-mumm-cordon-rouge-brut-cl-75-en-caja\/","og_locale":"es_ES","og_type":"article","og_title":"Champagne Mumm Cordon Rouge Brut Astucciato - 75cl | Acquista Online su Reliquo","og_description":"Scopri Champagne Mumm Cordon Rouge Brut Astucciato - 75cl su Reliquo: qualit\u00e0 garantita, spedizioni rapide e prezzi competitivi. Ordina ora e approfitta delle nostre offerte esclusive.","og_url":"http:\/\/reliquo.com\/es\/champan-mumm-cordon-rouge-brut-cl-75-en-caja\/","og_site_name":"Reliquo","article_modified_time":"2025-12-18T14:43:28+00:00","og_image":[{"width":2500,"height":2500,"url":"https:\/\/reliquo.com\/wp-content\/uploads\/2024\/12\/GH-Mumm-Champagne.png","type":"image\/png"}],"twitter_card":"summary_large_image","twitter_misc":{"Tiempo de lectura":"1 minuto"},"schema":{"@context":"https:\/\/schema.org","@graph":[{"@type":"WebPage","@id":"http:\/\/reliquo.com\/it\/champagne-mumm-cordon-rouge-brut-cl-75-astucciato\/","url":"http:\/\/reliquo.com\/it\/champagne-mumm-cordon-rouge-brut-cl-75-astucciato\/","name":"Champagne Mumm Cordon Rouge Brut Lata - 75cl | Comprar Online en Reliquo","isPartOf":{"@id":"https:\/\/reliquo.com\/es\/#website"},"primaryImageOfPage":{"@id":"http:\/\/reliquo.com\/it\/champagne-mumm-cordon-rouge-brut-cl-75-astucciato\/#primaryimage"},"image":{"@id":"http:\/\/reliquo.com\/it\/champagne-mumm-cordon-rouge-brut-cl-75-astucciato\/#primaryimage"},"thumbnailUrl":"https:\/\/reliquo.com\/wp-content\/uploads\/2024\/12\/GH-Mumm-Champagne.png","datePublished":"2024-12-17T14:19:00+00:00","dateModified":"2025-12-18T14:43:28+00:00","description":"Descubra Champagne Mumm Cordon Rouge Brut Astucciato - 75cl en Reliquo: calidad garantizada, entrega r\u00e1pida y precios competitivos. Haga su pedido ahora y aproveche nuestras ofertas exclusivas.","breadcrumb":{"@id":"http:\/\/reliquo.com\/it\/champagne-mumm-cordon-rouge-brut-cl-75-astucciato\/#breadcrumb"},"inLanguage":"es","potentialAction":[{"@type":"ReadAction","target":["http:\/\/reliquo.com\/it\/champagne-mumm-cordon-rouge-brut-cl-75-astucciato\/"]}]},{"@type":"ImageObject","inLanguage":"es","@id":"http:\/\/reliquo.com\/it\/champagne-mumm-cordon-rouge-brut-cl-75-astucciato\/#primaryimage","url":"https:\/\/reliquo.com\/wp-content\/uploads\/2024\/12\/GH-Mumm-Champagne.png","contentUrl":"https:\/\/reliquo.com\/wp-content\/uploads\/2024\/12\/GH-Mumm-Champagne.png","width":2500,"height":2500,"caption":"Champagne Mumm Cordon Rouge Brut Astucciato \u2013 75cl"},{"@type":"BreadcrumbList","@id":"http:\/\/reliquo.com\/it\/champagne-mumm-cordon-rouge-brut-cl-75-astucciato\/#breadcrumb","itemListElement":[{"@type":"ListItem","position":1,"name":"Home","item":"http:\/\/reliquo.com\/it\/"},{"@type":"ListItem","position":2,"name":"Shop","item":"http:\/\/reliquo.com\/it\/shop\/"},{"@type":"ListItem","position":3,"name":"Champagne Mumm Cordon Rouge Brut Astucciato &#8211; 75cl"}]},{"@type":"WebSite","@id":"https:\/\/reliquo.com\/es\/#website","url":"https:\/\/reliquo.com\/es\/","name":"Reliquo","description":"Su tienda de vinos en l\u00ednea: descubra excelentes vinos, espirituosos y licores.","publisher":{"@id":"https:\/\/reliquo.com\/es\/#organization"},"potentialAction":[{"@type":"SearchAction","target":{"@type":"EntryPoint","urlTemplate":"https:\/\/reliquo.com\/es\/?s={search_term_string}"},"query-input":{"@type":"PropertyValueSpecification","valueRequired":true,"valueName":"search_term_string"}}],"inLanguage":"es"},{"@type":"Organization","@id":"https:\/\/reliquo.com\/es\/#organization","name":"Reliquo","url":"https:\/\/reliquo.com\/es\/","logo":{"@type":"ImageObject","inLanguage":"es","@id":"https:\/\/reliquo.com\/es\/#\/schema\/logo\/image\/","url":"https:\/\/reliquo.com\/wp-content\/uploads\/2024\/12\/cropped-favicon-1.png","contentUrl":"https:\/\/reliquo.com\/wp-content\/uploads\/2024\/12\/cropped-favicon-1.png","width":512,"height":512,"caption":"Reliquo"},"image":{"@id":"https:\/\/reliquo.com\/es\/#\/schema\/logo\/image\/"}}]}},"jetpack_sharing_enabled":true,"brands":[{"id":717,"name":"Casa G.H.MUMM","slug":"maison-g-h-mumm"}],"_links":{"self":[{"href":"https:\/\/reliquo.com\/es\/wp-json\/wp\/v2\/product\/710","targetHints":{"allow":["GET"]}}],"collection":[{"href":"https:\/\/reliquo.com\/es\/wp-json\/wp\/v2\/product"}],"about":[{"href":"https:\/\/reliquo.com\/es\/wp-json\/wp\/v2\/types\/product"}],"wp:featuredmedia":[{"embeddable":true,"href":"https:\/\/reliquo.com\/es\/wp-json\/wp\/v2\/media\/253"}],"wp:attachment":[{"href":"https:\/\/reliquo.com\/es\/wp-json\/wp\/v2\/media?parent=710"}],"wp:term":[{"taxonomy":"pwb-brand","embeddable":true,"href":"https:\/\/reliquo.com\/es\/wp-json\/wp\/v2\/pwb-brand?post=710"},{"taxonomy":"product_brand","embeddable":true,"href":"https:\/\/reliquo.com\/es\/wp-json\/wp\/v2\/product_brand?post=710"},{"taxonomy":"product_cat","embeddable":true,"href":"https:\/\/reliquo.com\/es\/wp-json\/wp\/v2\/product_cat?post=710"},{"taxonomy":"product_tag","embeddable":true,"href":"https:\/\/reliquo.com\/es\/wp-json\/wp\/v2\/product_tag?post=710"}],"curies":[{"name":"wp","href":"https:\/\/api.w.org\/{rel}","templated":true}]}}