{"id":698,"date":"2024-12-17T15:18:57","date_gmt":"2024-12-17T14:18:57","guid":{"rendered":"https:\/\/reliquo.com\/?post_type=product&#038;p=698"},"modified":"2025-12-18T15:43:27","modified_gmt":"2025-12-18T14:43:27","slug":"crema-de-limon-el-faro-50-cl","status":"publish","type":"product","link":"https:\/\/reliquo.com\/es\/crema-limone-il-faro-50-cl\/","title":{"rendered":"Crema de Lim\u00f3n Il Faro - 50cl"},"content":{"rendered":"<p>El lim\u00f3n se utiliza en una gran variedad de aplicaciones culinarias, en esta ocasi\u00f3n presentamos la Crema de Lim\u00f3n. Intensa al principio, fuerte en el retrogusto, dulce con una graduaci\u00f3n alcoh\u00f3lica limitada en la que se ha a\u00f1adido una cantidad equilibrada de crema de leche, que confiere al producto un agradable sabor asociado a una agradable sensaci\u00f3n de cuerpo.<\/p>","protected":false},"excerpt":{"rendered":"<p>Il limone trova sfogo in diverse applicazioni culinarie, in questa occasione presentiamo la Crema di Limone.Intensa allo spunto, retrogusto deciso, [&hellip;]<\/p>\n","protected":false},"featured_media":143,"template":"","meta":{"site-sidebar-layout":"","site-content-layout":"","ast-site-content-layout":"","site-content-style":"","site-sidebar-style":"","ast-global-header-display":"","ast-banner-title-visibility":"","ast-main-header-display":"","ast-hfb-above-header-display":"","ast-hfb-below-header-display":"","ast-hfb-mobile-header-display":"","site-post-title":"","ast-breadcrumbs-content":"","ast-featured-img":"","footer-sml-layout":"","ast-disable-related-posts":"","theme-transparent-header-meta":"","adv-header-id-meta":"","stick-header-meta":"","header-above-stick-meta":"","header-main-stick-meta":"","header-below-stick-meta":"","astra-migrate-meta-layouts":"","ast-page-background-enabled":"default","ast-page-background-meta":{"desktop":{"background-color":"var(--ast-global-color-4)","background-image":"","background-repeat":"repeat","background-position":"center center","background-size":"auto","background-attachment":"scroll","background-type":"","background-media":"","overlay-type":"","overlay-color":"","overlay-opacity":"","overlay-gradient":""},"tablet":{"background-color":"","background-image":"","background-repeat":"repeat","background-position":"center center","background-size":"auto","background-attachment":"scroll","background-type":"","background-media":"","overlay-type":"","overlay-color":"","overlay-opacity":"","overlay-gradient":""},"mobile":{"background-color":"","background-image":"","background-repeat":"repeat","background-position":"center center","background-size":"auto","background-attachment":"scroll","background-type":"","background-media":"","overlay-type":"","overlay-color":"","overlay-opacity":"","overlay-gradient":""}},"ast-content-background-meta":{"desktop":{"background-color":"var(--ast-global-color-5)","background-image":"","background-repeat":"repeat","background-position":"center center","background-size":"auto","background-attachment":"scroll","background-type":"","background-media":"","overlay-type":"","overlay-color":"","overlay-opacity":"","overlay-gradient":""},"tablet":{"background-color":"var(--ast-global-color-5)","background-image":"","background-repeat":"repeat","background-position":"center center","background-size":"auto","background-attachment":"scroll","background-type":"","background-media":"","overlay-type":"","overlay-color":"","overlay-opacity":"","overlay-gradient":""},"mobile":{"background-color":"var(--ast-global-color-5)","background-image":"","background-repeat":"repeat","background-position":"center center","background-size":"auto","background-attachment":"scroll","background-type":"","background-media":"","overlay-type":"","overlay-color":"","overlay-opacity":"","overlay-gradient":""}}},"pwb-brand":[711],"product_brand":[],"product_cat":[297],"product_tag":[410,411,337],"class_list":{"0":"post-698","1":"product","2":"type-product","3":"status-publish","4":"has-post-thumbnail","6":"pwb-brand-il-faro","7":"product_cat-liquori","8":"product_tag-crema","9":"product_tag-faro","10":"product_tag-limone","11":"desktop-align-center","12":"tablet-align-center","13":"mobile-align-center","14":"ast-product-gallery-layout-horizontal-slider","15":"ast-product-gallery-with-no-image","16":"ast-magnify-disabled","17":"ast-product-tabs-layout-horizontal","18":"ast-qv-on-image","20":"first","21":"outofstock","22":"sale","23":"shipping-taxable","24":"purchasable","25":"product-type-simple"},"yoast_head":"<!-- This site is optimized with the Yoast SEO plugin v27.4 - https:\/\/yoast.com\/product\/yoast-seo-wordpress\/ -->\n<title>Crema Limone Il Faro - 50cl | Acquista Online su Reliquo<\/title>\n<meta name=\"description\" content=\"Scopri Crema Limone Il Faro - 50cl su Reliquo: qualit\u00e0 garantita, spedizioni rapide e prezzi competitivi. Ordina ora e approfitta delle nostre offerte esclusive.\" \/>\n<meta name=\"robots\" content=\"index, follow, max-snippet:-1, max-image-preview:large, max-video-preview:-1\" \/>\n<link rel=\"canonical\" href=\"http:\/\/reliquo.com\/es\/crema-de-limon-el-faro-50-cl\/\" \/>\n<meta property=\"og:locale\" content=\"es_ES\" \/>\n<meta property=\"og:type\" content=\"article\" \/>\n<meta property=\"og:title\" content=\"Crema Limone Il Faro - 50cl | Acquista Online su Reliquo\" \/>\n<meta property=\"og:description\" content=\"Scopri Crema Limone Il Faro - 50cl su Reliquo: qualit\u00e0 garantita, spedizioni rapide e prezzi competitivi. Ordina ora e approfitta delle nostre offerte esclusive.\" \/>\n<meta property=\"og:url\" content=\"http:\/\/reliquo.com\/es\/crema-de-limon-el-faro-50-cl\/\" \/>\n<meta property=\"og:site_name\" content=\"Reliquo\" \/>\n<meta property=\"article:modified_time\" content=\"2025-12-18T14:43:27+00:00\" \/>\n<meta property=\"og:image\" content=\"https:\/\/reliquo.com\/wp-content\/uploads\/2024\/12\/Crome-di-Limone-Il-Faro.png\" \/>\n\t<meta property=\"og:image:width\" content=\"2500\" \/>\n\t<meta property=\"og:image:height\" content=\"2500\" \/>\n\t<meta property=\"og:image:type\" content=\"image\/png\" \/>\n<meta name=\"twitter:card\" content=\"summary_large_image\" \/>\n<script type=\"application\/ld+json\" class=\"yoast-schema-graph\">{\"@context\":\"https:\\\/\\\/schema.org\",\"@graph\":[{\"@type\":\"WebPage\",\"@id\":\"http:\\\/\\\/reliquo.com\\\/it\\\/crema-limone-il-faro-50-cl\\\/\",\"url\":\"http:\\\/\\\/reliquo.com\\\/it\\\/crema-limone-il-faro-50-cl\\\/\",\"name\":\"Crema Limone Il Faro - 50cl | Acquista Online su Reliquo\",\"isPartOf\":{\"@id\":\"https:\\\/\\\/reliquo.com\\\/es\\\/#website\"},\"primaryImageOfPage\":{\"@id\":\"http:\\\/\\\/reliquo.com\\\/it\\\/crema-limone-il-faro-50-cl\\\/#primaryimage\"},\"image\":{\"@id\":\"http:\\\/\\\/reliquo.com\\\/it\\\/crema-limone-il-faro-50-cl\\\/#primaryimage\"},\"thumbnailUrl\":\"https:\\\/\\\/reliquo.com\\\/wp-content\\\/uploads\\\/2024\\\/12\\\/Crome-di-Limone-Il-Faro.png\",\"datePublished\":\"2024-12-17T14:18:57+00:00\",\"dateModified\":\"2025-12-18T14:43:27+00:00\",\"description\":\"Scopri Crema Limone Il Faro - 50cl su Reliquo: qualit\u00e0 garantita, spedizioni rapide e prezzi competitivi. Ordina ora e approfitta delle nostre offerte esclusive.\",\"breadcrumb\":{\"@id\":\"http:\\\/\\\/reliquo.com\\\/it\\\/crema-limone-il-faro-50-cl\\\/#breadcrumb\"},\"inLanguage\":\"es\",\"potentialAction\":[{\"@type\":\"ReadAction\",\"target\":[\"http:\\\/\\\/reliquo.com\\\/it\\\/crema-limone-il-faro-50-cl\\\/\"]}]},{\"@type\":\"ImageObject\",\"inLanguage\":\"es\",\"@id\":\"http:\\\/\\\/reliquo.com\\\/it\\\/crema-limone-il-faro-50-cl\\\/#primaryimage\",\"url\":\"https:\\\/\\\/reliquo.com\\\/wp-content\\\/uploads\\\/2024\\\/12\\\/Crome-di-Limone-Il-Faro.png\",\"contentUrl\":\"https:\\\/\\\/reliquo.com\\\/wp-content\\\/uploads\\\/2024\\\/12\\\/Crome-di-Limone-Il-Faro.png\",\"width\":2500,\"height\":2500,\"caption\":\"Crema Limone Il Faro \u2013 50cl\"},{\"@type\":\"BreadcrumbList\",\"@id\":\"http:\\\/\\\/reliquo.com\\\/it\\\/crema-limone-il-faro-50-cl\\\/#breadcrumb\",\"itemListElement\":[{\"@type\":\"ListItem\",\"position\":1,\"name\":\"Home\",\"item\":\"http:\\\/\\\/reliquo.com\\\/it\\\/\"},{\"@type\":\"ListItem\",\"position\":2,\"name\":\"Shop\",\"item\":\"http:\\\/\\\/reliquo.com\\\/it\\\/shop\\\/\"},{\"@type\":\"ListItem\",\"position\":3,\"name\":\"Crema Limone Il Faro &#8211; 50cl\"}]},{\"@type\":\"WebSite\",\"@id\":\"https:\\\/\\\/reliquo.com\\\/es\\\/#website\",\"url\":\"https:\\\/\\\/reliquo.com\\\/es\\\/\",\"name\":\"Reliquo\",\"description\":\"La tua enoteca online: scopri vini, liquori e distillati d\u2019eccellenza.\",\"publisher\":{\"@id\":\"https:\\\/\\\/reliquo.com\\\/es\\\/#organization\"},\"potentialAction\":[{\"@type\":\"SearchAction\",\"target\":{\"@type\":\"EntryPoint\",\"urlTemplate\":\"https:\\\/\\\/reliquo.com\\\/es\\\/?s={search_term_string}\"},\"query-input\":{\"@type\":\"PropertyValueSpecification\",\"valueRequired\":true,\"valueName\":\"search_term_string\"}}],\"inLanguage\":\"es\"},{\"@type\":\"Organization\",\"@id\":\"https:\\\/\\\/reliquo.com\\\/es\\\/#organization\",\"name\":\"Reliquo\",\"url\":\"https:\\\/\\\/reliquo.com\\\/es\\\/\",\"logo\":{\"@type\":\"ImageObject\",\"inLanguage\":\"es\",\"@id\":\"https:\\\/\\\/reliquo.com\\\/es\\\/#\\\/schema\\\/logo\\\/image\\\/\",\"url\":\"https:\\\/\\\/reliquo.com\\\/wp-content\\\/uploads\\\/2024\\\/12\\\/cropped-favicon-1.png\",\"contentUrl\":\"https:\\\/\\\/reliquo.com\\\/wp-content\\\/uploads\\\/2024\\\/12\\\/cropped-favicon-1.png\",\"width\":512,\"height\":512,\"caption\":\"Reliquo\"},\"image\":{\"@id\":\"https:\\\/\\\/reliquo.com\\\/es\\\/#\\\/schema\\\/logo\\\/image\\\/\"}}]}<\/script>\n<!-- \/ Yoast SEO plugin. -->","yoast_head_json":{"title":"Crema de Lim\u00f3n Il Faro - 50cl | Comprar Online en Reliquo","description":"Descubra Il Faro Lemon Cream - 50cl en Reliquo: calidad garantizada, entrega r\u00e1pida y precios competitivos. Haga su pedido ahora y aproveche nuestras ofertas exclusivas.","robots":{"index":"index","follow":"follow","max-snippet":"max-snippet:-1","max-image-preview":"max-image-preview:large","max-video-preview":"max-video-preview:-1"},"canonical":"http:\/\/reliquo.com\/es\/crema-de-limon-el-faro-50-cl\/","og_locale":"es_ES","og_type":"article","og_title":"Crema Limone Il Faro - 50cl | Acquista Online su Reliquo","og_description":"Scopri Crema Limone Il Faro - 50cl su Reliquo: qualit\u00e0 garantita, spedizioni rapide e prezzi competitivi. Ordina ora e approfitta delle nostre offerte esclusive.","og_url":"http:\/\/reliquo.com\/es\/crema-de-limon-el-faro-50-cl\/","og_site_name":"Reliquo","article_modified_time":"2025-12-18T14:43:27+00:00","og_image":[{"width":2500,"height":2500,"url":"https:\/\/reliquo.com\/wp-content\/uploads\/2024\/12\/Crome-di-Limone-Il-Faro.png","type":"image\/png"}],"twitter_card":"summary_large_image","schema":{"@context":"https:\/\/schema.org","@graph":[{"@type":"WebPage","@id":"http:\/\/reliquo.com\/it\/crema-limone-il-faro-50-cl\/","url":"http:\/\/reliquo.com\/it\/crema-limone-il-faro-50-cl\/","name":"Crema de Lim\u00f3n Il Faro - 50cl | Comprar Online en Reliquo","isPartOf":{"@id":"https:\/\/reliquo.com\/es\/#website"},"primaryImageOfPage":{"@id":"http:\/\/reliquo.com\/it\/crema-limone-il-faro-50-cl\/#primaryimage"},"image":{"@id":"http:\/\/reliquo.com\/it\/crema-limone-il-faro-50-cl\/#primaryimage"},"thumbnailUrl":"https:\/\/reliquo.com\/wp-content\/uploads\/2024\/12\/Crome-di-Limone-Il-Faro.png","datePublished":"2024-12-17T14:18:57+00:00","dateModified":"2025-12-18T14:43:27+00:00","description":"Descubra Il Faro Lemon Cream - 50cl en Reliquo: calidad garantizada, entrega r\u00e1pida y precios competitivos. Haga su pedido ahora y aproveche nuestras ofertas exclusivas.","breadcrumb":{"@id":"http:\/\/reliquo.com\/it\/crema-limone-il-faro-50-cl\/#breadcrumb"},"inLanguage":"es","potentialAction":[{"@type":"ReadAction","target":["http:\/\/reliquo.com\/it\/crema-limone-il-faro-50-cl\/"]}]},{"@type":"ImageObject","inLanguage":"es","@id":"http:\/\/reliquo.com\/it\/crema-limone-il-faro-50-cl\/#primaryimage","url":"https:\/\/reliquo.com\/wp-content\/uploads\/2024\/12\/Crome-di-Limone-Il-Faro.png","contentUrl":"https:\/\/reliquo.com\/wp-content\/uploads\/2024\/12\/Crome-di-Limone-Il-Faro.png","width":2500,"height":2500,"caption":"Crema Limone Il Faro \u2013 50cl"},{"@type":"BreadcrumbList","@id":"http:\/\/reliquo.com\/it\/crema-limone-il-faro-50-cl\/#breadcrumb","itemListElement":[{"@type":"ListItem","position":1,"name":"Home","item":"http:\/\/reliquo.com\/it\/"},{"@type":"ListItem","position":2,"name":"Shop","item":"http:\/\/reliquo.com\/it\/shop\/"},{"@type":"ListItem","position":3,"name":"Crema Limone Il Faro &#8211; 50cl"}]},{"@type":"WebSite","@id":"https:\/\/reliquo.com\/es\/#website","url":"https:\/\/reliquo.com\/es\/","name":"Reliquo","description":"Su tienda de vinos en l\u00ednea: descubra excelentes vinos, espirituosos y licores.","publisher":{"@id":"https:\/\/reliquo.com\/es\/#organization"},"potentialAction":[{"@type":"SearchAction","target":{"@type":"EntryPoint","urlTemplate":"https:\/\/reliquo.com\/es\/?s={search_term_string}"},"query-input":{"@type":"PropertyValueSpecification","valueRequired":true,"valueName":"search_term_string"}}],"inLanguage":"es"},{"@type":"Organization","@id":"https:\/\/reliquo.com\/es\/#organization","name":"Reliquo","url":"https:\/\/reliquo.com\/es\/","logo":{"@type":"ImageObject","inLanguage":"es","@id":"https:\/\/reliquo.com\/es\/#\/schema\/logo\/image\/","url":"https:\/\/reliquo.com\/wp-content\/uploads\/2024\/12\/cropped-favicon-1.png","contentUrl":"https:\/\/reliquo.com\/wp-content\/uploads\/2024\/12\/cropped-favicon-1.png","width":512,"height":512,"caption":"Reliquo"},"image":{"@id":"https:\/\/reliquo.com\/es\/#\/schema\/logo\/image\/"}}]}},"jetpack_sharing_enabled":true,"brands":[{"id":711,"name":"El Faro","slug":"el-faro"}],"_links":{"self":[{"href":"https:\/\/reliquo.com\/es\/wp-json\/wp\/v2\/product\/698","targetHints":{"allow":["GET"]}}],"collection":[{"href":"https:\/\/reliquo.com\/es\/wp-json\/wp\/v2\/product"}],"about":[{"href":"https:\/\/reliquo.com\/es\/wp-json\/wp\/v2\/types\/product"}],"wp:featuredmedia":[{"embeddable":true,"href":"https:\/\/reliquo.com\/es\/wp-json\/wp\/v2\/media\/143"}],"wp:attachment":[{"href":"https:\/\/reliquo.com\/es\/wp-json\/wp\/v2\/media?parent=698"}],"wp:term":[{"taxonomy":"pwb-brand","embeddable":true,"href":"https:\/\/reliquo.com\/es\/wp-json\/wp\/v2\/pwb-brand?post=698"},{"taxonomy":"product_brand","embeddable":true,"href":"https:\/\/reliquo.com\/es\/wp-json\/wp\/v2\/product_brand?post=698"},{"taxonomy":"product_cat","embeddable":true,"href":"https:\/\/reliquo.com\/es\/wp-json\/wp\/v2\/product_cat?post=698"},{"taxonomy":"product_tag","embeddable":true,"href":"https:\/\/reliquo.com\/es\/wp-json\/wp\/v2\/product_tag?post=698"}],"curies":[{"name":"wp","href":"https:\/\/api.w.org\/{rel}","templated":true}]}}