{"id":654,"date":"2024-12-17T15:18:53","date_gmt":"2024-12-17T14:18:53","guid":{"rendered":"https:\/\/reliquo.com\/?post_type=product&#038;p=654"},"modified":"2026-03-30T10:36:04","modified_gmt":"2026-03-30T08:36:04","slug":"grappa-castagner-riserva-cereza-barrique-carton-70cl","status":"publish","type":"product","link":"https:\/\/reliquo.com\/es\/grappa-castagner-riserva-barrique-di-ciliegio-astucciato-70cl\/","title":{"rendered":"Grappa Castagner Riserva Barrique di Ciliegio (Lata) - 70cl"},"content":{"rendered":"<p>La \u00faltima intuici\u00f3n del maestro destilador Roberto Castagner se refiere al tipo de madera utilizado para el envejecimiento. Esta grappa reposa exclusivamente en Barrique di Ciliegio (madera de cerezo), una madera poco com\u00fan debido al alto porcentaje de p\u00e9rdida por evaporaci\u00f3n que la caracteriza, pero capaz de aportar al destilado notas inconfundibles y un sabor extraordinario.<\/p>","protected":false},"excerpt":{"rendered":"<p>L&#8217;ultima intuizione del Mastro Distillatore Roberto Castagner riguarda la tipologia di legno impiegata per l&#8217;invecchiamento. Questa grappa riposa esclusivamente in [&hellip;]<\/p>\n","protected":false},"featured_media":109,"template":"","meta":{"site-sidebar-layout":"","site-content-layout":"","ast-site-content-layout":"","site-content-style":"","site-sidebar-style":"","ast-global-header-display":"","ast-banner-title-visibility":"","ast-main-header-display":"","ast-hfb-above-header-display":"","ast-hfb-below-header-display":"","ast-hfb-mobile-header-display":"","site-post-title":"","ast-breadcrumbs-content":"","ast-featured-img":"","footer-sml-layout":"","ast-disable-related-posts":"","theme-transparent-header-meta":"","adv-header-id-meta":"","stick-header-meta":"","header-above-stick-meta":"","header-main-stick-meta":"","header-below-stick-meta":"","astra-migrate-meta-layouts":"","ast-page-background-enabled":"default","ast-page-background-meta":{"desktop":{"background-color":"var(--ast-global-color-4)","background-image":"","background-repeat":"repeat","background-position":"center center","background-size":"auto","background-attachment":"scroll","background-type":"","background-media":"","overlay-type":"","overlay-color":"","overlay-opacity":"","overlay-gradient":""},"tablet":{"background-color":"","background-image":"","background-repeat":"repeat","background-position":"center center","background-size":"auto","background-attachment":"scroll","background-type":"","background-media":"","overlay-type":"","overlay-color":"","overlay-opacity":"","overlay-gradient":""},"mobile":{"background-color":"","background-image":"","background-repeat":"repeat","background-position":"center center","background-size":"auto","background-attachment":"scroll","background-type":"","background-media":"","overlay-type":"","overlay-color":"","overlay-opacity":"","overlay-gradient":""}},"ast-content-background-meta":{"desktop":{"background-color":"var(--ast-global-color-5)","background-image":"","background-repeat":"repeat","background-position":"center center","background-size":"auto","background-attachment":"scroll","background-type":"","background-media":"","overlay-type":"","overlay-color":"","overlay-opacity":"","overlay-gradient":""},"tablet":{"background-color":"var(--ast-global-color-5)","background-image":"","background-repeat":"repeat","background-position":"center center","background-size":"auto","background-attachment":"scroll","background-type":"","background-media":"","overlay-type":"","overlay-color":"","overlay-opacity":"","overlay-gradient":""},"mobile":{"background-color":"var(--ast-global-color-5)","background-image":"","background-repeat":"repeat","background-position":"center center","background-size":"auto","background-attachment":"scroll","background-type":"","background-media":"","overlay-type":"","overlay-color":"","overlay-opacity":"","overlay-gradient":""}}},"pwb-brand":[693],"product_brand":[],"product_cat":[295],"product_tag":[353,354,339],"class_list":{"0":"post-654","1":"product","2":"type-product","3":"status-publish","4":"has-post-thumbnail","6":"pwb-brand-castagner","7":"product_cat-grappe","8":"product_tag-castagner","9":"product_tag-ciliegio","10":"product_tag-grappa","11":"desktop-align-center","12":"tablet-align-center","13":"mobile-align-center","14":"ast-product-gallery-layout-horizontal-slider","15":"ast-product-gallery-with-no-image","16":"ast-magnify-disabled","17":"ast-product-tabs-layout-horizontal","18":"ast-qv-on-image","20":"first","21":"instock","22":"shipping-taxable","23":"purchasable","24":"product-type-simple"},"yoast_head":"<!-- This site is optimized with the Yoast SEO plugin v27.2 - https:\/\/yoast.com\/product\/yoast-seo-wordpress\/ -->\n<title>Grappa Castagner Riserva Barrique di Ciliegio (Astucciato) - 70cl | Acquista Online su Reliquo<\/title>\n<meta name=\"description\" content=\"Scopri Grappa Castagner Riserva Barrique di Ciliegio (Astucciato) - 70cl su Reliquo: qualit\u00e0 garantita, spedizioni rapide e prezzi competitivi. Ordina ora e approfitta delle nostre offerte esclusive.\" \/>\n<meta name=\"robots\" content=\"index, follow, max-snippet:-1, max-image-preview:large, max-video-preview:-1\" \/>\n<link rel=\"canonical\" href=\"https:\/\/reliquo.com\/es\/grappa-castagner-riserva-cereza-barrique-carton-70cl\/\" \/>\n<meta property=\"og:locale\" content=\"es_ES\" \/>\n<meta property=\"og:type\" content=\"article\" \/>\n<meta property=\"og:title\" content=\"Grappa Castagner Riserva Barrique di Ciliegio (Astucciato) - 70cl | Acquista Online su Reliquo\" \/>\n<meta property=\"og:description\" content=\"Scopri Grappa Castagner Riserva Barrique di Ciliegio (Astucciato) - 70cl su Reliquo: qualit\u00e0 garantita, spedizioni rapide e prezzi competitivi. Ordina ora e approfitta delle nostre offerte esclusive.\" \/>\n<meta property=\"og:url\" content=\"https:\/\/reliquo.com\/es\/grappa-castagner-riserva-cereza-barrique-carton-70cl\/\" \/>\n<meta property=\"og:site_name\" content=\"Reliquo\" \/>\n<meta property=\"article:modified_time\" content=\"2026-03-30T08:36:04+00:00\" \/>\n<meta property=\"og:image\" content=\"https:\/\/reliquo.com\/wp-content\/uploads\/2024\/12\/Grappa-Castagner-Riserva-Barrique-di-Ciliegio-70cl1.png\" \/>\n\t<meta property=\"og:image:width\" content=\"2500\" \/>\n\t<meta property=\"og:image:height\" content=\"2500\" \/>\n\t<meta property=\"og:image:type\" content=\"image\/png\" \/>\n<meta name=\"twitter:card\" content=\"summary_large_image\" \/>\n<script type=\"application\/ld+json\" class=\"yoast-schema-graph\">{\"@context\":\"https:\/\/schema.org\",\"@graph\":[{\"@type\":\"WebPage\",\"@id\":\"https:\/\/reliquo.com\/grappa-castagner-riserva-barrique-di-ciliegio-astucciato-70cl\/\",\"url\":\"https:\/\/reliquo.com\/grappa-castagner-riserva-barrique-di-ciliegio-astucciato-70cl\/\",\"name\":\"Grappa Castagner Riserva Barrique di Ciliegio (Astucciato) - 70cl | Acquista Online su Reliquo\",\"isPartOf\":{\"@id\":\"https:\/\/reliquo.com\/es\/#website\"},\"primaryImageOfPage\":{\"@id\":\"https:\/\/reliquo.com\/grappa-castagner-riserva-barrique-di-ciliegio-astucciato-70cl\/#primaryimage\"},\"image\":{\"@id\":\"https:\/\/reliquo.com\/grappa-castagner-riserva-barrique-di-ciliegio-astucciato-70cl\/#primaryimage\"},\"thumbnailUrl\":\"https:\/\/reliquo.com\/wp-content\/uploads\/2024\/12\/Grappa-Castagner-Riserva-Barrique-di-Ciliegio-70cl1.png\",\"datePublished\":\"2024-12-17T14:18:53+00:00\",\"dateModified\":\"2026-03-30T08:36:04+00:00\",\"description\":\"Scopri Grappa Castagner Riserva Barrique di Ciliegio (Astucciato) - 70cl su Reliquo: qualit\u00e0 garantita, spedizioni rapide e prezzi competitivi. Ordina ora e approfitta delle nostre offerte esclusive.\",\"breadcrumb\":{\"@id\":\"https:\/\/reliquo.com\/grappa-castagner-riserva-barrique-di-ciliegio-astucciato-70cl\/#breadcrumb\"},\"inLanguage\":\"es\",\"potentialAction\":[{\"@type\":\"ReadAction\",\"target\":[\"https:\/\/reliquo.com\/grappa-castagner-riserva-barrique-di-ciliegio-astucciato-70cl\/\"]}]},{\"@type\":\"ImageObject\",\"inLanguage\":\"es\",\"@id\":\"https:\/\/reliquo.com\/grappa-castagner-riserva-barrique-di-ciliegio-astucciato-70cl\/#primaryimage\",\"url\":\"https:\/\/reliquo.com\/wp-content\/uploads\/2024\/12\/Grappa-Castagner-Riserva-Barrique-di-Ciliegio-70cl1.png\",\"contentUrl\":\"https:\/\/reliquo.com\/wp-content\/uploads\/2024\/12\/Grappa-Castagner-Riserva-Barrique-di-Ciliegio-70cl1.png\",\"width\":2500,\"height\":2500,\"caption\":\"Grappa Castagner Riserva Barrique di Ciliegio (Astucciato) \u2013 70cl\"},{\"@type\":\"BreadcrumbList\",\"@id\":\"https:\/\/reliquo.com\/grappa-castagner-riserva-barrique-di-ciliegio-astucciato-70cl\/#breadcrumb\",\"itemListElement\":[{\"@type\":\"ListItem\",\"position\":1,\"name\":\"Home\",\"item\":\"http:\/\/reliquo.com\/it\/\"},{\"@type\":\"ListItem\",\"position\":2,\"name\":\"Shop\",\"item\":\"http:\/\/reliquo.com\/it\/shop\/\"},{\"@type\":\"ListItem\",\"position\":3,\"name\":\"Grappa Castagner Riserva Barrique di Ciliegio (Astucciato) &#8211; 70cl\"}]},{\"@type\":\"WebSite\",\"@id\":\"https:\/\/reliquo.com\/es\/#website\",\"url\":\"https:\/\/reliquo.com\/es\/\",\"name\":\"Reliquo\",\"description\":\"La tua enoteca online: scopri vini, liquori e distillati d\u2019eccellenza.\",\"publisher\":{\"@id\":\"https:\/\/reliquo.com\/es\/#organization\"},\"potentialAction\":[{\"@type\":\"SearchAction\",\"target\":{\"@type\":\"EntryPoint\",\"urlTemplate\":\"https:\/\/reliquo.com\/es\/?s={search_term_string}\"},\"query-input\":{\"@type\":\"PropertyValueSpecification\",\"valueRequired\":true,\"valueName\":\"search_term_string\"}}],\"inLanguage\":\"es\"},{\"@type\":\"Organization\",\"@id\":\"https:\/\/reliquo.com\/es\/#organization\",\"name\":\"Reliquo\",\"url\":\"https:\/\/reliquo.com\/es\/\",\"logo\":{\"@type\":\"ImageObject\",\"inLanguage\":\"es\",\"@id\":\"https:\/\/reliquo.com\/es\/#\/schema\/logo\/image\/\",\"url\":\"https:\/\/reliquo.com\/wp-content\/uploads\/2024\/12\/cropped-favicon-1.png\",\"contentUrl\":\"https:\/\/reliquo.com\/wp-content\/uploads\/2024\/12\/cropped-favicon-1.png\",\"width\":512,\"height\":512,\"caption\":\"Reliquo\"},\"image\":{\"@id\":\"https:\/\/reliquo.com\/es\/#\/schema\/logo\/image\/\"}}]}<\/script>\n<!-- \/ Yoast SEO plugin. -->","yoast_head_json":{"title":"Grappa Castagner Riserva Barrique di Ciliegio (Lata) - 70cl | Compre Online en Reliquo","description":"Descubra Grappa Castagner Riserva Barrique di Ciliegio (Lata) - 70cl en Reliquo: calidad garantizada, env\u00edo r\u00e1pido y precios competitivos. Haga su pedido ahora y aproveche nuestras ofertas exclusivas.","robots":{"index":"index","follow":"follow","max-snippet":"max-snippet:-1","max-image-preview":"max-image-preview:large","max-video-preview":"max-video-preview:-1"},"canonical":"https:\/\/reliquo.com\/es\/grappa-castagner-riserva-cereza-barrique-carton-70cl\/","og_locale":"es_ES","og_type":"article","og_title":"Grappa Castagner Riserva Barrique di Ciliegio (Astucciato) - 70cl | Acquista Online su Reliquo","og_description":"Scopri Grappa Castagner Riserva Barrique di Ciliegio (Astucciato) - 70cl su Reliquo: qualit\u00e0 garantita, spedizioni rapide e prezzi competitivi. Ordina ora e approfitta delle nostre offerte esclusive.","og_url":"https:\/\/reliquo.com\/es\/grappa-castagner-riserva-cereza-barrique-carton-70cl\/","og_site_name":"Reliquo","article_modified_time":"2026-03-30T08:36:04+00:00","og_image":[{"width":2500,"height":2500,"url":"https:\/\/reliquo.com\/wp-content\/uploads\/2024\/12\/Grappa-Castagner-Riserva-Barrique-di-Ciliegio-70cl1.png","type":"image\/png"}],"twitter_card":"summary_large_image","schema":{"@context":"https:\/\/schema.org","@graph":[{"@type":"WebPage","@id":"https:\/\/reliquo.com\/grappa-castagner-riserva-barrique-di-ciliegio-astucciato-70cl\/","url":"https:\/\/reliquo.com\/grappa-castagner-riserva-barrique-di-ciliegio-astucciato-70cl\/","name":"Grappa Castagner Riserva Barrique di Ciliegio (Lata) - 70cl | Compre Online en Reliquo","isPartOf":{"@id":"https:\/\/reliquo.com\/es\/#website"},"primaryImageOfPage":{"@id":"https:\/\/reliquo.com\/grappa-castagner-riserva-barrique-di-ciliegio-astucciato-70cl\/#primaryimage"},"image":{"@id":"https:\/\/reliquo.com\/grappa-castagner-riserva-barrique-di-ciliegio-astucciato-70cl\/#primaryimage"},"thumbnailUrl":"https:\/\/reliquo.com\/wp-content\/uploads\/2024\/12\/Grappa-Castagner-Riserva-Barrique-di-Ciliegio-70cl1.png","datePublished":"2024-12-17T14:18:53+00:00","dateModified":"2026-03-30T08:36:04+00:00","description":"Descubra Grappa Castagner Riserva Barrique di Ciliegio (Lata) - 70cl en Reliquo: calidad garantizada, env\u00edo r\u00e1pido y precios competitivos. Haga su pedido ahora y aproveche nuestras ofertas exclusivas.","breadcrumb":{"@id":"https:\/\/reliquo.com\/grappa-castagner-riserva-barrique-di-ciliegio-astucciato-70cl\/#breadcrumb"},"inLanguage":"es","potentialAction":[{"@type":"ReadAction","target":["https:\/\/reliquo.com\/grappa-castagner-riserva-barrique-di-ciliegio-astucciato-70cl\/"]}]},{"@type":"ImageObject","inLanguage":"es","@id":"https:\/\/reliquo.com\/grappa-castagner-riserva-barrique-di-ciliegio-astucciato-70cl\/#primaryimage","url":"https:\/\/reliquo.com\/wp-content\/uploads\/2024\/12\/Grappa-Castagner-Riserva-Barrique-di-Ciliegio-70cl1.png","contentUrl":"https:\/\/reliquo.com\/wp-content\/uploads\/2024\/12\/Grappa-Castagner-Riserva-Barrique-di-Ciliegio-70cl1.png","width":2500,"height":2500,"caption":"Grappa Castagner Riserva Barrique di Ciliegio (Astucciato) \u2013 70cl"},{"@type":"BreadcrumbList","@id":"https:\/\/reliquo.com\/grappa-castagner-riserva-barrique-di-ciliegio-astucciato-70cl\/#breadcrumb","itemListElement":[{"@type":"ListItem","position":1,"name":"Home","item":"http:\/\/reliquo.com\/it\/"},{"@type":"ListItem","position":2,"name":"Shop","item":"http:\/\/reliquo.com\/it\/shop\/"},{"@type":"ListItem","position":3,"name":"Grappa Castagner Riserva Barrique di Ciliegio (Astucciato) &#8211; 70cl"}]},{"@type":"WebSite","@id":"https:\/\/reliquo.com\/es\/#website","url":"https:\/\/reliquo.com\/es\/","name":"Reliquo","description":"Su tienda de vinos en l\u00ednea: descubra excelentes vinos, espirituosos y licores.","publisher":{"@id":"https:\/\/reliquo.com\/es\/#organization"},"potentialAction":[{"@type":"SearchAction","target":{"@type":"EntryPoint","urlTemplate":"https:\/\/reliquo.com\/es\/?s={search_term_string}"},"query-input":{"@type":"PropertyValueSpecification","valueRequired":true,"valueName":"search_term_string"}}],"inLanguage":"es"},{"@type":"Organization","@id":"https:\/\/reliquo.com\/es\/#organization","name":"Reliquo","url":"https:\/\/reliquo.com\/es\/","logo":{"@type":"ImageObject","inLanguage":"es","@id":"https:\/\/reliquo.com\/es\/#\/schema\/logo\/image\/","url":"https:\/\/reliquo.com\/wp-content\/uploads\/2024\/12\/cropped-favicon-1.png","contentUrl":"https:\/\/reliquo.com\/wp-content\/uploads\/2024\/12\/cropped-favicon-1.png","width":512,"height":512,"caption":"Reliquo"},"image":{"@id":"https:\/\/reliquo.com\/es\/#\/schema\/logo\/image\/"}}]}},"jetpack_sharing_enabled":true,"brands":[{"id":693,"name":"Castagner","slug":"castagner"}],"_links":{"self":[{"href":"https:\/\/reliquo.com\/es\/wp-json\/wp\/v2\/product\/654","targetHints":{"allow":["GET"]}}],"collection":[{"href":"https:\/\/reliquo.com\/es\/wp-json\/wp\/v2\/product"}],"about":[{"href":"https:\/\/reliquo.com\/es\/wp-json\/wp\/v2\/types\/product"}],"wp:featuredmedia":[{"embeddable":true,"href":"https:\/\/reliquo.com\/es\/wp-json\/wp\/v2\/media\/109"}],"wp:attachment":[{"href":"https:\/\/reliquo.com\/es\/wp-json\/wp\/v2\/media?parent=654"}],"wp:term":[{"taxonomy":"pwb-brand","embeddable":true,"href":"https:\/\/reliquo.com\/es\/wp-json\/wp\/v2\/pwb-brand?post=654"},{"taxonomy":"product_brand","embeddable":true,"href":"https:\/\/reliquo.com\/es\/wp-json\/wp\/v2\/product_brand?post=654"},{"taxonomy":"product_cat","embeddable":true,"href":"https:\/\/reliquo.com\/es\/wp-json\/wp\/v2\/product_cat?post=654"},{"taxonomy":"product_tag","embeddable":true,"href":"https:\/\/reliquo.com\/es\/wp-json\/wp\/v2\/product_tag?post=654"}],"curies":[{"name":"wp","href":"https:\/\/api.w.org\/{rel}","templated":true}]}}