{"id":631,"date":"2024-12-17T15:18:50","date_gmt":"2024-12-17T14:18:50","guid":{"rendered":"https:\/\/reliquo.com\/?post_type=product&#038;p=631"},"modified":"2025-12-18T15:43:23","modified_gmt":"2025-12-18T14:43:23","slug":"ginebra-hendricks-70cl","status":"publish","type":"product","link":"https:\/\/reliquo.com\/es\/gin-hendricks-70cl\/","title":{"rendered":"Ginebra Hendrick's - 70cl"},"content":{"rendered":"<p>Hendrick's Gin es \u00fanica porque combina dos ginebras destiladas por separado mediante dos m\u00e9todos completamente distintos y con sabores totalmente diferentes, que, antes de la adici\u00f3n del pepino y las rosas, tienen poca personalidad. Pero juntas se convierten en mucho m\u00e1s que la suma de sus partes: una es intensa, aceitosa, parecida al enebro; la otra es ligera, dulce y floral, pero carece de notas profundas; sin embargo, cuando se combinan producen un espectro completo de sabores.En 2003, el Wall Street Journal la nombr\u00f3 la mejor ginebra del mundo. Circulan muchas historias sobre su nacimiento, pero lo cierto es que el productor advirti\u00f3 un hueco en el mercado y por eso lanz\u00f3 esta ginebra premium en 1999, inspir\u00e1ndose en la costumbre de comer bocadillos de pepino en los jardines ingleses. La marca est\u00e1 gestionada por una agencia estadounidense, pero con el objetivo de centrarse en una \"inglesidad\" \u00fanica e inusual. La botella de estilo boticario victoriano lleva la fecha de 1886, pero no se refiere a la ginebra, sino al a\u00f1o de fundaci\u00f3n de la destiler\u00eda William Grant. La destilaci\u00f3n se realiza en Escocia, en Ayrshire, y la maestra destiladora Lesley Gracie es, inusualmente en esta industria, una mujer. Hendrick's Gin es el resultado de la combinaci\u00f3n de dos ginebras. Una se produce en un alambique Carter-Head y la otra en un peque\u00f1o alambique construido en 1860 por la cervecera Bennett, Sons &amp; Shears. Se trata de dos m\u00e9todos de destilaci\u00f3n muy diferentes que producen ginebras muy distintas. Los 2 bot\u00e1nicos se maceran durante unas 24 horas antes de pasar al alambique Bennett. Todos los ingredientes bot\u00e1nicos utilizados en la Carter-Head se a\u00f1aden a una cesta situada en la parte superior del alambique. No se maceran ni se hierven, sino que se cuecen al vapor para extraer \u00fanicamente los aromas m\u00e1s ligeros, dulces y florales. Ambas destilaciones duran 12 horas. Una vez combinados los dos aguardientes, se a\u00f1aden esencia de pepino y de rosa antes de a\u00f1adir agua y embotellar.<\/p>","protected":false},"excerpt":{"rendered":"<p>L\u2019Hendrick\u2019s Gin \u00e8 unico nel suo genere in quanto unisce due gin distillati separatamente con due metodi completamente diversi e [&hellip;]<\/p>\n","protected":false},"featured_media":85,"template":"","meta":{"site-sidebar-layout":"","site-content-layout":"","ast-site-content-layout":"","site-content-style":"","site-sidebar-style":"","ast-global-header-display":"","ast-banner-title-visibility":"","ast-main-header-display":"","ast-hfb-above-header-display":"","ast-hfb-below-header-display":"","ast-hfb-mobile-header-display":"","site-post-title":"","ast-breadcrumbs-content":"","ast-featured-img":"","footer-sml-layout":"","ast-disable-related-posts":"","theme-transparent-header-meta":"","adv-header-id-meta":"","stick-header-meta":"","header-above-stick-meta":"","header-main-stick-meta":"","header-below-stick-meta":"","astra-migrate-meta-layouts":"","ast-page-background-enabled":"default","ast-page-background-meta":{"desktop":{"background-color":"var(--ast-global-color-4)","background-image":"","background-repeat":"repeat","background-position":"center center","background-size":"auto","background-attachment":"scroll","background-type":"","background-media":"","overlay-type":"","overlay-color":"","overlay-opacity":"","overlay-gradient":""},"tablet":{"background-color":"","background-image":"","background-repeat":"repeat","background-position":"center center","background-size":"auto","background-attachment":"scroll","background-type":"","background-media":"","overlay-type":"","overlay-color":"","overlay-opacity":"","overlay-gradient":""},"mobile":{"background-color":"","background-image":"","background-repeat":"repeat","background-position":"center center","background-size":"auto","background-attachment":"scroll","background-type":"","background-media":"","overlay-type":"","overlay-color":"","overlay-opacity":"","overlay-gradient":""}},"ast-content-background-meta":{"desktop":{"background-color":"var(--ast-global-color-5)","background-image":"","background-repeat":"repeat","background-position":"center center","background-size":"auto","background-attachment":"scroll","background-type":"","background-media":"","overlay-type":"","overlay-color":"","overlay-opacity":"","overlay-gradient":""},"tablet":{"background-color":"var(--ast-global-color-5)","background-image":"","background-repeat":"repeat","background-position":"center center","background-size":"auto","background-attachment":"scroll","background-type":"","background-media":"","overlay-type":"","overlay-color":"","overlay-opacity":"","overlay-gradient":""},"mobile":{"background-color":"var(--ast-global-color-5)","background-image":"","background-repeat":"repeat","background-position":"center center","background-size":"auto","background-attachment":"scroll","background-type":"","background-media":"","overlay-type":"","overlay-color":"","overlay-opacity":"","overlay-gradient":""}}},"pwb-brand":[739],"product_brand":[],"product_cat":[291],"product_tag":[318,326],"class_list":{"0":"post-631","1":"product","2":"type-product","3":"status-publish","4":"has-post-thumbnail","6":"pwb-brand-william-grant-sons","7":"product_cat-gin","8":"product_tag-gin","9":"product_tag-hendricks","10":"desktop-align-center","11":"tablet-align-center","12":"mobile-align-center","13":"ast-product-gallery-layout-horizontal-slider","14":"ast-product-gallery-with-no-image","15":"ast-magnify-disabled","16":"ast-product-tabs-layout-horizontal","17":"ast-qv-on-image","19":"first","20":"instock","21":"shipping-taxable","22":"purchasable","23":"product-type-simple"},"yoast_head":"<!-- This site is optimized with the Yoast SEO plugin v27.2 - https:\/\/yoast.com\/product\/yoast-seo-wordpress\/ -->\n<title>Gin Hendrick&#039;s - 70cl | Acquista Online su Reliquo<\/title>\n<meta name=\"description\" content=\"Scopri Gin Hendrick&#039;s - 70cl su Reliquo: qualit\u00e0 garantita, spedizioni rapide e prezzi competitivi. Ordina ora e approfitta delle nostre offerte esclusive.\" \/>\n<meta name=\"robots\" content=\"index, follow, max-snippet:-1, max-image-preview:large, max-video-preview:-1\" \/>\n<link rel=\"canonical\" href=\"http:\/\/reliquo.com\/es\/ginebra-hendricks-70cl\/\" \/>\n<meta property=\"og:locale\" content=\"es_ES\" \/>\n<meta property=\"og:type\" content=\"article\" \/>\n<meta property=\"og:title\" content=\"Gin Hendrick&#039;s - 70cl | Acquista Online su Reliquo\" \/>\n<meta property=\"og:description\" content=\"Scopri Gin Hendrick&#039;s - 70cl su Reliquo: qualit\u00e0 garantita, spedizioni rapide e prezzi competitivi. Ordina ora e approfitta delle nostre offerte esclusive.\" \/>\n<meta property=\"og:url\" content=\"http:\/\/reliquo.com\/es\/ginebra-hendricks-70cl\/\" \/>\n<meta property=\"og:site_name\" content=\"Reliquo\" \/>\n<meta property=\"article:modified_time\" content=\"2025-12-18T14:43:23+00:00\" \/>\n<meta property=\"og:image\" content=\"https:\/\/reliquo.com\/wp-content\/uploads\/2024\/12\/Hendricks-70cl.png\" \/>\n\t<meta property=\"og:image:width\" content=\"1997\" \/>\n\t<meta property=\"og:image:height\" content=\"1997\" \/>\n\t<meta property=\"og:image:type\" content=\"image\/png\" \/>\n<meta name=\"twitter:card\" content=\"summary_large_image\" \/>\n<meta name=\"twitter:label1\" content=\"Tiempo de lectura\" \/>\n\t<meta name=\"twitter:data1\" content=\"2 minutos\" \/>\n<script type=\"application\/ld+json\" class=\"yoast-schema-graph\">{\"@context\":\"https:\/\/schema.org\",\"@graph\":[{\"@type\":\"WebPage\",\"@id\":\"http:\/\/reliquo.com\/it\/gin-hendricks-70cl\/\",\"url\":\"http:\/\/reliquo.com\/it\/gin-hendricks-70cl\/\",\"name\":\"Gin Hendrick's - 70cl | Acquista Online su Reliquo\",\"isPartOf\":{\"@id\":\"https:\/\/reliquo.com\/es\/#website\"},\"primaryImageOfPage\":{\"@id\":\"http:\/\/reliquo.com\/it\/gin-hendricks-70cl\/#primaryimage\"},\"image\":{\"@id\":\"http:\/\/reliquo.com\/it\/gin-hendricks-70cl\/#primaryimage\"},\"thumbnailUrl\":\"https:\/\/reliquo.com\/wp-content\/uploads\/2024\/12\/Hendricks-70cl.png\",\"datePublished\":\"2024-12-17T14:18:50+00:00\",\"dateModified\":\"2025-12-18T14:43:23+00:00\",\"description\":\"Scopri Gin Hendrick's - 70cl su Reliquo: qualit\u00e0 garantita, spedizioni rapide e prezzi competitivi. Ordina ora e approfitta delle nostre offerte esclusive.\",\"breadcrumb\":{\"@id\":\"http:\/\/reliquo.com\/it\/gin-hendricks-70cl\/#breadcrumb\"},\"inLanguage\":\"es\",\"potentialAction\":[{\"@type\":\"ReadAction\",\"target\":[\"http:\/\/reliquo.com\/it\/gin-hendricks-70cl\/\"]}]},{\"@type\":\"ImageObject\",\"inLanguage\":\"es\",\"@id\":\"http:\/\/reliquo.com\/it\/gin-hendricks-70cl\/#primaryimage\",\"url\":\"https:\/\/reliquo.com\/wp-content\/uploads\/2024\/12\/Hendricks-70cl.png\",\"contentUrl\":\"https:\/\/reliquo.com\/wp-content\/uploads\/2024\/12\/Hendricks-70cl.png\",\"width\":1997,\"height\":1997,\"caption\":\"Gin Hendrick\u2019s \u2013 70cl\"},{\"@type\":\"BreadcrumbList\",\"@id\":\"http:\/\/reliquo.com\/it\/gin-hendricks-70cl\/#breadcrumb\",\"itemListElement\":[{\"@type\":\"ListItem\",\"position\":1,\"name\":\"Home\",\"item\":\"http:\/\/reliquo.com\/it\/\"},{\"@type\":\"ListItem\",\"position\":2,\"name\":\"Shop\",\"item\":\"http:\/\/reliquo.com\/it\/shop\/\"},{\"@type\":\"ListItem\",\"position\":3,\"name\":\"Gin Hendrick&#8217;s &#8211; 70cl\"}]},{\"@type\":\"WebSite\",\"@id\":\"https:\/\/reliquo.com\/es\/#website\",\"url\":\"https:\/\/reliquo.com\/es\/\",\"name\":\"Reliquo\",\"description\":\"La tua enoteca online: scopri vini, liquori e distillati d\u2019eccellenza.\",\"publisher\":{\"@id\":\"https:\/\/reliquo.com\/es\/#organization\"},\"potentialAction\":[{\"@type\":\"SearchAction\",\"target\":{\"@type\":\"EntryPoint\",\"urlTemplate\":\"https:\/\/reliquo.com\/es\/?s={search_term_string}\"},\"query-input\":{\"@type\":\"PropertyValueSpecification\",\"valueRequired\":true,\"valueName\":\"search_term_string\"}}],\"inLanguage\":\"es\"},{\"@type\":\"Organization\",\"@id\":\"https:\/\/reliquo.com\/es\/#organization\",\"name\":\"Reliquo\",\"url\":\"https:\/\/reliquo.com\/es\/\",\"logo\":{\"@type\":\"ImageObject\",\"inLanguage\":\"es\",\"@id\":\"https:\/\/reliquo.com\/es\/#\/schema\/logo\/image\/\",\"url\":\"https:\/\/reliquo.com\/wp-content\/uploads\/2024\/12\/cropped-favicon-1.png\",\"contentUrl\":\"https:\/\/reliquo.com\/wp-content\/uploads\/2024\/12\/cropped-favicon-1.png\",\"width\":512,\"height\":512,\"caption\":\"Reliquo\"},\"image\":{\"@id\":\"https:\/\/reliquo.com\/es\/#\/schema\/logo\/image\/\"}}]}<\/script>\n<!-- \/ Yoast SEO plugin. -->","yoast_head_json":{"title":"Hendrick's Gin - 70cl | Comprar Online en Reliquo","description":"Descubra Hendrick's Gin - 70cl en Reliquo: calidad garantizada, entrega r\u00e1pida y precios competitivos. Haga su pedido ahora y aproveche nuestras ofertas exclusivas.","robots":{"index":"index","follow":"follow","max-snippet":"max-snippet:-1","max-image-preview":"max-image-preview:large","max-video-preview":"max-video-preview:-1"},"canonical":"http:\/\/reliquo.com\/es\/ginebra-hendricks-70cl\/","og_locale":"es_ES","og_type":"article","og_title":"Gin Hendrick's - 70cl | Acquista Online su Reliquo","og_description":"Scopri Gin Hendrick's - 70cl su Reliquo: qualit\u00e0 garantita, spedizioni rapide e prezzi competitivi. Ordina ora e approfitta delle nostre offerte esclusive.","og_url":"http:\/\/reliquo.com\/es\/ginebra-hendricks-70cl\/","og_site_name":"Reliquo","article_modified_time":"2025-12-18T14:43:23+00:00","og_image":[{"width":1997,"height":1997,"url":"https:\/\/reliquo.com\/wp-content\/uploads\/2024\/12\/Hendricks-70cl.png","type":"image\/png"}],"twitter_card":"summary_large_image","twitter_misc":{"Tiempo de lectura":"2 minutos"},"schema":{"@context":"https:\/\/schema.org","@graph":[{"@type":"WebPage","@id":"http:\/\/reliquo.com\/it\/gin-hendricks-70cl\/","url":"http:\/\/reliquo.com\/it\/gin-hendricks-70cl\/","name":"Hendrick's Gin - 70cl | Comprar Online en Reliquo","isPartOf":{"@id":"https:\/\/reliquo.com\/es\/#website"},"primaryImageOfPage":{"@id":"http:\/\/reliquo.com\/it\/gin-hendricks-70cl\/#primaryimage"},"image":{"@id":"http:\/\/reliquo.com\/it\/gin-hendricks-70cl\/#primaryimage"},"thumbnailUrl":"https:\/\/reliquo.com\/wp-content\/uploads\/2024\/12\/Hendricks-70cl.png","datePublished":"2024-12-17T14:18:50+00:00","dateModified":"2025-12-18T14:43:23+00:00","description":"Descubra Hendrick's Gin - 70cl en Reliquo: calidad garantizada, entrega r\u00e1pida y precios competitivos. Haga su pedido ahora y aproveche nuestras ofertas exclusivas.","breadcrumb":{"@id":"http:\/\/reliquo.com\/it\/gin-hendricks-70cl\/#breadcrumb"},"inLanguage":"es","potentialAction":[{"@type":"ReadAction","target":["http:\/\/reliquo.com\/it\/gin-hendricks-70cl\/"]}]},{"@type":"ImageObject","inLanguage":"es","@id":"http:\/\/reliquo.com\/it\/gin-hendricks-70cl\/#primaryimage","url":"https:\/\/reliquo.com\/wp-content\/uploads\/2024\/12\/Hendricks-70cl.png","contentUrl":"https:\/\/reliquo.com\/wp-content\/uploads\/2024\/12\/Hendricks-70cl.png","width":1997,"height":1997,"caption":"Gin Hendrick\u2019s \u2013 70cl"},{"@type":"BreadcrumbList","@id":"http:\/\/reliquo.com\/it\/gin-hendricks-70cl\/#breadcrumb","itemListElement":[{"@type":"ListItem","position":1,"name":"Home","item":"http:\/\/reliquo.com\/it\/"},{"@type":"ListItem","position":2,"name":"Shop","item":"http:\/\/reliquo.com\/it\/shop\/"},{"@type":"ListItem","position":3,"name":"Gin Hendrick&#8217;s &#8211; 70cl"}]},{"@type":"WebSite","@id":"https:\/\/reliquo.com\/es\/#website","url":"https:\/\/reliquo.com\/es\/","name":"Reliquo","description":"Su tienda de vinos en l\u00ednea: descubra excelentes vinos, espirituosos y licores.","publisher":{"@id":"https:\/\/reliquo.com\/es\/#organization"},"potentialAction":[{"@type":"SearchAction","target":{"@type":"EntryPoint","urlTemplate":"https:\/\/reliquo.com\/es\/?s={search_term_string}"},"query-input":{"@type":"PropertyValueSpecification","valueRequired":true,"valueName":"search_term_string"}}],"inLanguage":"es"},{"@type":"Organization","@id":"https:\/\/reliquo.com\/es\/#organization","name":"Reliquo","url":"https:\/\/reliquo.com\/es\/","logo":{"@type":"ImageObject","inLanguage":"es","@id":"https:\/\/reliquo.com\/es\/#\/schema\/logo\/image\/","url":"https:\/\/reliquo.com\/wp-content\/uploads\/2024\/12\/cropped-favicon-1.png","contentUrl":"https:\/\/reliquo.com\/wp-content\/uploads\/2024\/12\/cropped-favicon-1.png","width":512,"height":512,"caption":"Reliquo"},"image":{"@id":"https:\/\/reliquo.com\/es\/#\/schema\/logo\/image\/"}}]}},"jetpack_sharing_enabled":true,"brands":[{"id":739,"name":"William Grant &amp; Sons","slug":"william-grant-hijos"}],"_links":{"self":[{"href":"https:\/\/reliquo.com\/es\/wp-json\/wp\/v2\/product\/631","targetHints":{"allow":["GET"]}}],"collection":[{"href":"https:\/\/reliquo.com\/es\/wp-json\/wp\/v2\/product"}],"about":[{"href":"https:\/\/reliquo.com\/es\/wp-json\/wp\/v2\/types\/product"}],"wp:featuredmedia":[{"embeddable":true,"href":"https:\/\/reliquo.com\/es\/wp-json\/wp\/v2\/media\/85"}],"wp:attachment":[{"href":"https:\/\/reliquo.com\/es\/wp-json\/wp\/v2\/media?parent=631"}],"wp:term":[{"taxonomy":"pwb-brand","embeddable":true,"href":"https:\/\/reliquo.com\/es\/wp-json\/wp\/v2\/pwb-brand?post=631"},{"taxonomy":"product_brand","embeddable":true,"href":"https:\/\/reliquo.com\/es\/wp-json\/wp\/v2\/product_brand?post=631"},{"taxonomy":"product_cat","embeddable":true,"href":"https:\/\/reliquo.com\/es\/wp-json\/wp\/v2\/product_cat?post=631"},{"taxonomy":"product_tag","embeddable":true,"href":"https:\/\/reliquo.com\/es\/wp-json\/wp\/v2\/product_tag?post=631"}],"curies":[{"name":"wp","href":"https:\/\/api.w.org\/{rel}","templated":true}]}}