{"id":626,"date":"2024-12-17T15:18:50","date_gmt":"2024-12-17T14:18:50","guid":{"rendered":"https:\/\/reliquo.com\/?post_type=product&#038;p=626"},"modified":"2026-04-14T11:40:14","modified_gmt":"2026-04-14T09:40:14","slug":"gin-sale-al-sale-marino-di-marsala-bianchi-70cl","status":"publish","type":"product","link":"https:\/\/reliquo.com\/es\/gin-sale-al-sale-marino-di-marsala-bianchi-70cl\/","title":{"rendered":"Ginebra Marsala Bianchi Sea Salt - 70cl"},"content":{"rendered":"<p>Nel Gin Sale prodotto dalla ditta Bianchi, il ridotto grado alcolico viene valorizzato dalla sapidit\u00e0 del sale proveniente dalle nostre saline: nasce una nuova composizione di due prodotti distanti tra loro per storia e gusto ma uniti dalla qualit\u00e0 e dalla ricerca. Ci\u00f2 ha permesso di creare una bevanda gradevole al gusto e, se consumata correttamente, in linea con i principi che regolano il mantenimento di condizioni di buona salute.Certificato da Science4life Spin-Off dell\u2019Universit\u00e0 degli Studi di MessinaQuesto Gin \u00e8 dedicato ad un unicum ambientale tra i pi\u00f9 caratteristici del Mediterraneo, lo Stagnone di Marsala, citt\u00e0 conosciuta nel mondo per il suo nobile vino e per lo sbarco dei garibaldini. Lo Stagnone \u00e8 una riserva incantevole con uno specchio d\u2019acqua basso e caldo. Incorniciato tra l\u2019isola di Mothia, l\u2019Isola Lunga e l\u2019Isola di Santa Maria ospita, al suo interno le splendide Saline con i mulini e le vasche di raccolta del sale. L\u00ec, i fenicotteri rosa si ritrovano pi\u00f9 spesso e nel tempo in gruppi sempre pi\u00f9 numerosi all\u2019interno di un habitat ideale per riprodursi e per riposarsi durante le migrazioni.Sono rosa proprio perch\u00e9 assorbono il colore delle acque, ricche di minerali, di sale e di Posidonia, una pianta marina protetta. Il fenicottero rosa \u00e8 tra i pi\u00f9 eleganti trampolieri che frequentano lo Stagnone. Con il becco in acqua, si possono vedere impegnati nello Stagnone a filtrare le acque in cerca molluschi, insetti acquatici e piccoli crostacei. Ed \u00e8 proprio da questi ultimi, soprattutto dal piccolo gamberetto Artemia Salina, che ottengono i pigmenti che conferiscono alle piume il caratteristico colore rosa. Questo \u00e8 lo Stagnone, queste sono le Saline di Marsala, questo \u00e8 il Gin Sale compagno ideale per un cocktail dal sapore sorprendente.Grazie all\u2019utilizzo dell\u2019ORO BIANCO, il Gin Sale acquisisce un gusto sapido, solare e si presta ad essere esaltato dall\u2019aggiunta di tonica e da foglie di salvia, rosmarino o menta, capaci di far sprigionare le note salmastre del Gin Sale e coniugarle con i profumi mediterranei delle erbe botaniche.<\/p>","protected":false},"excerpt":{"rendered":"<p>Nel Gin Sale prodotto dalla ditta Bianchi, il ridotto grado alcolico viene valorizzato dalla sapidit\u00e0 del sale proveniente dalle nostre [&hellip;]<\/p>\n","protected":false},"featured_media":80,"template":"","meta":{"site-sidebar-layout":"","site-content-layout":"","ast-site-content-layout":"","site-content-style":"","site-sidebar-style":"","ast-global-header-display":"","ast-banner-title-visibility":"","ast-main-header-display":"","ast-hfb-above-header-display":"","ast-hfb-below-header-display":"","ast-hfb-mobile-header-display":"","site-post-title":"","ast-breadcrumbs-content":"","ast-featured-img":"","footer-sml-layout":"","ast-disable-related-posts":"","theme-transparent-header-meta":"","adv-header-id-meta":"","stick-header-meta":"","header-above-stick-meta":"","header-main-stick-meta":"","header-below-stick-meta":"","astra-migrate-meta-layouts":"","ast-page-background-enabled":"default","ast-page-background-meta":{"desktop":{"background-color":"var(--ast-global-color-4)","background-image":"","background-repeat":"repeat","background-position":"center center","background-size":"auto","background-attachment":"scroll","background-type":"","background-media":"","overlay-type":"","overlay-color":"","overlay-opacity":"","overlay-gradient":""},"tablet":{"background-color":"","background-image":"","background-repeat":"repeat","background-position":"center center","background-size":"auto","background-attachment":"scroll","background-type":"","background-media":"","overlay-type":"","overlay-color":"","overlay-opacity":"","overlay-gradient":""},"mobile":{"background-color":"","background-image":"","background-repeat":"repeat","background-position":"center center","background-size":"auto","background-attachment":"scroll","background-type":"","background-media":"","overlay-type":"","overlay-color":"","overlay-opacity":"","overlay-gradient":""}},"ast-content-background-meta":{"desktop":{"background-color":"var(--ast-global-color-5)","background-image":"","background-repeat":"repeat","background-position":"center center","background-size":"auto","background-attachment":"scroll","background-type":"","background-media":"","overlay-type":"","overlay-color":"","overlay-opacity":"","overlay-gradient":""},"tablet":{"background-color":"var(--ast-global-color-5)","background-image":"","background-repeat":"repeat","background-position":"center center","background-size":"auto","background-attachment":"scroll","background-type":"","background-media":"","overlay-type":"","overlay-color":"","overlay-opacity":"","overlay-gradient":""},"mobile":{"background-color":"var(--ast-global-color-5)","background-image":"","background-repeat":"repeat","background-position":"center center","background-size":"auto","background-attachment":"scroll","background-type":"","background-media":"","overlay-type":"","overlay-color":"","overlay-opacity":"","overlay-gradient":""}}},"pwb-brand":[707],"product_brand":[],"product_cat":[291],"product_tag":[317,318,320,319],"class_list":{"0":"post-626","1":"product","2":"type-product","3":"status-publish","4":"has-post-thumbnail","6":"pwb-brand-giuseppe-bianchi-distillati","7":"product_cat-gin","8":"product_tag-bianchi","9":"product_tag-gin","10":"product_tag-marsala","11":"product_tag-sale","12":"desktop-align-center","13":"tablet-align-center","14":"mobile-align-center","15":"ast-product-gallery-layout-horizontal-slider","16":"ast-product-gallery-with-no-image","17":"ast-magnify-disabled","18":"ast-product-tabs-layout-horizontal","19":"ast-qv-on-image","21":"first","22":"instock","23":"shipping-taxable","24":"purchasable","25":"product-type-simple"},"yoast_head":"<!-- This site is optimized with the Yoast SEO plugin v27.2 - https:\/\/yoast.com\/product\/yoast-seo-wordpress\/ -->\n<title>Gin Sale al Sale Marino di Marsala Bianchi - 70cl | Acquista Online su Reliquo<\/title>\n<meta name=\"description\" content=\"Scopri Gin Sale al Sale Marino di Marsala Bianchi - 70cl su Reliquo: qualit\u00e0 garantita, spedizioni rapide e prezzi competitivi. Ordina ora e approfitta delle nostre offerte esclusive.\" \/>\n<meta name=\"robots\" content=\"index, follow, max-snippet:-1, max-image-preview:large, max-video-preview:-1\" \/>\n<link rel=\"canonical\" href=\"https:\/\/reliquo.com\/es\/gin-sale-al-sale-marino-di-marsala-bianchi-70cl\/\" \/>\n<meta property=\"og:locale\" content=\"es_ES\" \/>\n<meta property=\"og:type\" content=\"article\" \/>\n<meta property=\"og:title\" content=\"Gin Sale al Sale Marino di Marsala Bianchi - 70cl | Acquista Online su Reliquo\" \/>\n<meta property=\"og:description\" content=\"Scopri Gin Sale al Sale Marino di Marsala Bianchi - 70cl su Reliquo: qualit\u00e0 garantita, spedizioni rapide e prezzi competitivi. Ordina ora e approfitta delle nostre offerte esclusive.\" \/>\n<meta property=\"og:url\" content=\"https:\/\/reliquo.com\/es\/gin-sale-al-sale-marino-di-marsala-bianchi-70cl\/\" \/>\n<meta property=\"og:site_name\" content=\"Reliquo\" \/>\n<meta property=\"article:modified_time\" content=\"2026-04-14T09:40:14+00:00\" \/>\n<meta property=\"og:image\" content=\"https:\/\/reliquo.com\/wp-content\/uploads\/2024\/12\/Gin-sale-70cl.png\" \/>\n\t<meta property=\"og:image:width\" content=\"3024\" \/>\n\t<meta property=\"og:image:height\" content=\"3024\" \/>\n\t<meta property=\"og:image:type\" content=\"image\/png\" \/>\n<meta name=\"twitter:card\" content=\"summary_large_image\" \/>\n<meta name=\"twitter:label1\" content=\"Tiempo de lectura\" \/>\n\t<meta name=\"twitter:data1\" content=\"2 minutos\" \/>\n<script type=\"application\/ld+json\" class=\"yoast-schema-graph\">{\"@context\":\"https:\/\/schema.org\",\"@graph\":[{\"@type\":\"WebPage\",\"@id\":\"https:\/\/reliquo.com\/gin-sale-al-sale-marino-di-marsala-bianchi-70cl\/\",\"url\":\"https:\/\/reliquo.com\/gin-sale-al-sale-marino-di-marsala-bianchi-70cl\/\",\"name\":\"Gin Sale al Sale Marino di Marsala Bianchi - 70cl | Acquista Online su Reliquo\",\"isPartOf\":{\"@id\":\"https:\/\/reliquo.com\/es\/#website\"},\"primaryImageOfPage\":{\"@id\":\"https:\/\/reliquo.com\/gin-sale-al-sale-marino-di-marsala-bianchi-70cl\/#primaryimage\"},\"image\":{\"@id\":\"https:\/\/reliquo.com\/gin-sale-al-sale-marino-di-marsala-bianchi-70cl\/#primaryimage\"},\"thumbnailUrl\":\"https:\/\/reliquo.com\/wp-content\/uploads\/2024\/12\/Gin-sale-70cl.png\",\"datePublished\":\"2024-12-17T14:18:50+00:00\",\"dateModified\":\"2026-04-14T09:40:14+00:00\",\"description\":\"Scopri Gin Sale al Sale Marino di Marsala Bianchi - 70cl su Reliquo: qualit\u00e0 garantita, spedizioni rapide e prezzi competitivi. Ordina ora e approfitta delle nostre offerte esclusive.\",\"breadcrumb\":{\"@id\":\"https:\/\/reliquo.com\/gin-sale-al-sale-marino-di-marsala-bianchi-70cl\/#breadcrumb\"},\"inLanguage\":\"es\",\"potentialAction\":[{\"@type\":\"ReadAction\",\"target\":[\"https:\/\/reliquo.com\/gin-sale-al-sale-marino-di-marsala-bianchi-70cl\/\"]}]},{\"@type\":\"ImageObject\",\"inLanguage\":\"es\",\"@id\":\"https:\/\/reliquo.com\/gin-sale-al-sale-marino-di-marsala-bianchi-70cl\/#primaryimage\",\"url\":\"https:\/\/reliquo.com\/wp-content\/uploads\/2024\/12\/Gin-sale-70cl.png\",\"contentUrl\":\"https:\/\/reliquo.com\/wp-content\/uploads\/2024\/12\/Gin-sale-70cl.png\",\"width\":3024,\"height\":3024,\"caption\":\"Gin Sale al Sale Marino di Marsala Bianchi \u2013 70cl\"},{\"@type\":\"BreadcrumbList\",\"@id\":\"https:\/\/reliquo.com\/gin-sale-al-sale-marino-di-marsala-bianchi-70cl\/#breadcrumb\",\"itemListElement\":[{\"@type\":\"ListItem\",\"position\":1,\"name\":\"Home\",\"item\":\"http:\/\/reliquo.com\/it\/\"},{\"@type\":\"ListItem\",\"position\":2,\"name\":\"Shop\",\"item\":\"http:\/\/reliquo.com\/it\/shop\/\"},{\"@type\":\"ListItem\",\"position\":3,\"name\":\"Gin Sale al Sale Marino di Marsala Bianchi &#8211; 70cl\"}]},{\"@type\":\"WebSite\",\"@id\":\"https:\/\/reliquo.com\/es\/#website\",\"url\":\"https:\/\/reliquo.com\/es\/\",\"name\":\"Reliquo\",\"description\":\"La tua enoteca online: scopri vini, liquori e distillati d\u2019eccellenza.\",\"publisher\":{\"@id\":\"https:\/\/reliquo.com\/es\/#organization\"},\"potentialAction\":[{\"@type\":\"SearchAction\",\"target\":{\"@type\":\"EntryPoint\",\"urlTemplate\":\"https:\/\/reliquo.com\/es\/?s={search_term_string}\"},\"query-input\":{\"@type\":\"PropertyValueSpecification\",\"valueRequired\":true,\"valueName\":\"search_term_string\"}}],\"inLanguage\":\"es\"},{\"@type\":\"Organization\",\"@id\":\"https:\/\/reliquo.com\/es\/#organization\",\"name\":\"Reliquo\",\"url\":\"https:\/\/reliquo.com\/es\/\",\"logo\":{\"@type\":\"ImageObject\",\"inLanguage\":\"es\",\"@id\":\"https:\/\/reliquo.com\/es\/#\/schema\/logo\/image\/\",\"url\":\"https:\/\/reliquo.com\/wp-content\/uploads\/2024\/12\/cropped-favicon-1.png\",\"contentUrl\":\"https:\/\/reliquo.com\/wp-content\/uploads\/2024\/12\/cropped-favicon-1.png\",\"width\":512,\"height\":512,\"caption\":\"Reliquo\"},\"image\":{\"@id\":\"https:\/\/reliquo.com\/es\/#\/schema\/logo\/image\/\"}}]}<\/script>\n<!-- \/ Yoast SEO plugin. -->","yoast_head_json":{"title":"Gin Sale al Sale Marino di Marsala Bianchi - 70cl | Acquista Online su Reliquo","description":"Scopri Gin Sale al Sale Marino di Marsala Bianchi - 70cl su Reliquo: qualit\u00e0 garantita, spedizioni rapide e prezzi competitivi. Ordina ora e approfitta delle nostre offerte esclusive.","robots":{"index":"index","follow":"follow","max-snippet":"max-snippet:-1","max-image-preview":"max-image-preview:large","max-video-preview":"max-video-preview:-1"},"canonical":"https:\/\/reliquo.com\/es\/gin-sale-al-sale-marino-di-marsala-bianchi-70cl\/","og_locale":"es_ES","og_type":"article","og_title":"Gin Sale al Sale Marino di Marsala Bianchi - 70cl | Acquista Online su Reliquo","og_description":"Scopri Gin Sale al Sale Marino di Marsala Bianchi - 70cl su Reliquo: qualit\u00e0 garantita, spedizioni rapide e prezzi competitivi. Ordina ora e approfitta delle nostre offerte esclusive.","og_url":"https:\/\/reliquo.com\/es\/gin-sale-al-sale-marino-di-marsala-bianchi-70cl\/","og_site_name":"Reliquo","article_modified_time":"2026-04-14T09:40:14+00:00","og_image":[{"width":3024,"height":3024,"url":"https:\/\/reliquo.com\/wp-content\/uploads\/2024\/12\/Gin-sale-70cl.png","type":"image\/png"}],"twitter_card":"summary_large_image","twitter_misc":{"Tiempo de lectura":"2 minutos"},"schema":{"@context":"https:\/\/schema.org","@graph":[{"@type":"WebPage","@id":"https:\/\/reliquo.com\/gin-sale-al-sale-marino-di-marsala-bianchi-70cl\/","url":"https:\/\/reliquo.com\/gin-sale-al-sale-marino-di-marsala-bianchi-70cl\/","name":"Gin Sale al Sale Marino di Marsala Bianchi - 70cl | Acquista Online su Reliquo","isPartOf":{"@id":"https:\/\/reliquo.com\/es\/#website"},"primaryImageOfPage":{"@id":"https:\/\/reliquo.com\/gin-sale-al-sale-marino-di-marsala-bianchi-70cl\/#primaryimage"},"image":{"@id":"https:\/\/reliquo.com\/gin-sale-al-sale-marino-di-marsala-bianchi-70cl\/#primaryimage"},"thumbnailUrl":"https:\/\/reliquo.com\/wp-content\/uploads\/2024\/12\/Gin-sale-70cl.png","datePublished":"2024-12-17T14:18:50+00:00","dateModified":"2026-04-14T09:40:14+00:00","description":"Scopri Gin Sale al Sale Marino di Marsala Bianchi - 70cl su Reliquo: qualit\u00e0 garantita, spedizioni rapide e prezzi competitivi. Ordina ora e approfitta delle nostre offerte esclusive.","breadcrumb":{"@id":"https:\/\/reliquo.com\/gin-sale-al-sale-marino-di-marsala-bianchi-70cl\/#breadcrumb"},"inLanguage":"es","potentialAction":[{"@type":"ReadAction","target":["https:\/\/reliquo.com\/gin-sale-al-sale-marino-di-marsala-bianchi-70cl\/"]}]},{"@type":"ImageObject","inLanguage":"es","@id":"https:\/\/reliquo.com\/gin-sale-al-sale-marino-di-marsala-bianchi-70cl\/#primaryimage","url":"https:\/\/reliquo.com\/wp-content\/uploads\/2024\/12\/Gin-sale-70cl.png","contentUrl":"https:\/\/reliquo.com\/wp-content\/uploads\/2024\/12\/Gin-sale-70cl.png","width":3024,"height":3024,"caption":"Gin Sale al Sale Marino di Marsala Bianchi \u2013 70cl"},{"@type":"BreadcrumbList","@id":"https:\/\/reliquo.com\/gin-sale-al-sale-marino-di-marsala-bianchi-70cl\/#breadcrumb","itemListElement":[{"@type":"ListItem","position":1,"name":"Home","item":"http:\/\/reliquo.com\/it\/"},{"@type":"ListItem","position":2,"name":"Shop","item":"http:\/\/reliquo.com\/it\/shop\/"},{"@type":"ListItem","position":3,"name":"Gin Sale al Sale Marino di Marsala Bianchi &#8211; 70cl"}]},{"@type":"WebSite","@id":"https:\/\/reliquo.com\/es\/#website","url":"https:\/\/reliquo.com\/es\/","name":"Reliquo","description":"Su tienda de vinos en l\u00ednea: descubra excelentes vinos, espirituosos y licores.","publisher":{"@id":"https:\/\/reliquo.com\/es\/#organization"},"potentialAction":[{"@type":"SearchAction","target":{"@type":"EntryPoint","urlTemplate":"https:\/\/reliquo.com\/es\/?s={search_term_string}"},"query-input":{"@type":"PropertyValueSpecification","valueRequired":true,"valueName":"search_term_string"}}],"inLanguage":"es"},{"@type":"Organization","@id":"https:\/\/reliquo.com\/es\/#organization","name":"Reliquo","url":"https:\/\/reliquo.com\/es\/","logo":{"@type":"ImageObject","inLanguage":"es","@id":"https:\/\/reliquo.com\/es\/#\/schema\/logo\/image\/","url":"https:\/\/reliquo.com\/wp-content\/uploads\/2024\/12\/cropped-favicon-1.png","contentUrl":"https:\/\/reliquo.com\/wp-content\/uploads\/2024\/12\/cropped-favicon-1.png","width":512,"height":512,"caption":"Reliquo"},"image":{"@id":"https:\/\/reliquo.com\/es\/#\/schema\/logo\/image\/"}}]}},"jetpack_sharing_enabled":true,"brands":[{"id":707,"name":"Destilados Giuseppe Bianchi","slug":"destilados-giuseppe-bianchi"}],"_links":{"self":[{"href":"https:\/\/reliquo.com\/es\/wp-json\/wp\/v2\/product\/626","targetHints":{"allow":["GET"]}}],"collection":[{"href":"https:\/\/reliquo.com\/es\/wp-json\/wp\/v2\/product"}],"about":[{"href":"https:\/\/reliquo.com\/es\/wp-json\/wp\/v2\/types\/product"}],"wp:featuredmedia":[{"embeddable":true,"href":"https:\/\/reliquo.com\/es\/wp-json\/wp\/v2\/media\/80"}],"wp:attachment":[{"href":"https:\/\/reliquo.com\/es\/wp-json\/wp\/v2\/media?parent=626"}],"wp:term":[{"taxonomy":"pwb-brand","embeddable":true,"href":"https:\/\/reliquo.com\/es\/wp-json\/wp\/v2\/pwb-brand?post=626"},{"taxonomy":"product_brand","embeddable":true,"href":"https:\/\/reliquo.com\/es\/wp-json\/wp\/v2\/product_brand?post=626"},{"taxonomy":"product_cat","embeddable":true,"href":"https:\/\/reliquo.com\/es\/wp-json\/wp\/v2\/product_cat?post=626"},{"taxonomy":"product_tag","embeddable":true,"href":"https:\/\/reliquo.com\/es\/wp-json\/wp\/v2\/product_tag?post=626"}],"curies":[{"name":"wp","href":"https:\/\/api.w.org\/{rel}","templated":true}]}}