{"id":620,"date":"2024-12-17T15:18:50","date_gmt":"2024-12-17T14:18:50","guid":{"rendered":"https:\/\/reliquo.com\/?post_type=product&#038;p=620"},"modified":"2026-02-18T10:02:28","modified_gmt":"2026-02-18T09:02:28","slug":"segesta-amargo-100cl","status":"publish","type":"product","link":"https:\/\/reliquo.com\/es\/amaro-segesta-100cl\/","title":{"rendered":"Amaro Segesta - 1l"},"content":{"rendered":"<p>El Amaro Segesta es el amargo siciliano por excelencia, elaborado a partir de m\u00e1s de veinte hierbas medicinales, seg\u00fan una receta celosamente guardada desde hace m\u00e1s de medio siglo. En 1958, en un peque\u00f1o taller del centro de Marsala, Vito Giannone, el en\u00f3logo de la empresa artesana Virtus, cre\u00f3 Amaro Segesta, un licor dulce, una mezcla inconfundible y \u00fanica basada en una receta celosamente guardada y transmitida de generaci\u00f3n en generaci\u00f3n.Desde 2007, Amaro Segesta y Virtus son propiedad de Cantine Bianchi, una antigua e hist\u00f3rica destiler\u00eda de Marsala, conocida en la zona por haber creado las grandes Grappas de Sicilia y el fabuloso Brandy \"Leone Bianchi\". Las Cantine Bianchi producen y comercializan el hist\u00f3rico Amaro Segesta sin cambiar nada de la antigua receta del enot. Vito Giannone. Para la familia Bianchi, el 'Amaro Segesta' es un homenaje a nuestra tierra, a un rinc\u00f3n que ha permanecido inalterado a lo largo del tiempo.<\/p>","protected":false},"excerpt":{"rendered":"<p>L\u2019Amaro Segesta \u00e8 l\u2019amaro siciliano per eccellenza ottenuto da pi\u00f9 di venti erbe officinali, in una ricetta gelosamente custodita da [&hellip;]<\/p>\n","protected":false},"featured_media":50,"template":"","meta":{"site-sidebar-layout":"","site-content-layout":"","ast-site-content-layout":"","site-content-style":"","site-sidebar-style":"","ast-global-header-display":"","ast-banner-title-visibility":"","ast-main-header-display":"","ast-hfb-above-header-display":"","ast-hfb-below-header-display":"","ast-hfb-mobile-header-display":"","site-post-title":"","ast-breadcrumbs-content":"","ast-featured-img":"","footer-sml-layout":"","ast-disable-related-posts":"","theme-transparent-header-meta":"","adv-header-id-meta":"","stick-header-meta":"","header-above-stick-meta":"","header-main-stick-meta":"","header-below-stick-meta":"","astra-migrate-meta-layouts":"","ast-page-background-enabled":"default","ast-page-background-meta":{"desktop":{"background-color":"var(--ast-global-color-4)","background-image":"","background-repeat":"repeat","background-position":"center center","background-size":"auto","background-attachment":"scroll","background-type":"","background-media":"","overlay-type":"","overlay-color":"","overlay-opacity":"","overlay-gradient":""},"tablet":{"background-color":"","background-image":"","background-repeat":"repeat","background-position":"center center","background-size":"auto","background-attachment":"scroll","background-type":"","background-media":"","overlay-type":"","overlay-color":"","overlay-opacity":"","overlay-gradient":""},"mobile":{"background-color":"","background-image":"","background-repeat":"repeat","background-position":"center center","background-size":"auto","background-attachment":"scroll","background-type":"","background-media":"","overlay-type":"","overlay-color":"","overlay-opacity":"","overlay-gradient":""}},"ast-content-background-meta":{"desktop":{"background-color":"var(--ast-global-color-5)","background-image":"","background-repeat":"repeat","background-position":"center center","background-size":"auto","background-attachment":"scroll","background-type":"","background-media":"","overlay-type":"","overlay-color":"","overlay-opacity":"","overlay-gradient":""},"tablet":{"background-color":"var(--ast-global-color-5)","background-image":"","background-repeat":"repeat","background-position":"center center","background-size":"auto","background-attachment":"scroll","background-type":"","background-media":"","overlay-type":"","overlay-color":"","overlay-opacity":"","overlay-gradient":""},"mobile":{"background-color":"var(--ast-global-color-5)","background-image":"","background-repeat":"repeat","background-position":"center center","background-size":"auto","background-attachment":"scroll","background-type":"","background-media":"","overlay-type":"","overlay-color":"","overlay-opacity":"","overlay-gradient":""}}},"pwb-brand":[686],"product_brand":[],"product_cat":[290],"product_tag":[306,312],"class_list":{"0":"post-620","1":"product","2":"type-product","3":"status-publish","4":"has-post-thumbnail","6":"pwb-brand-cantine-bianchi","7":"product_cat-amari","8":"product_tag-amaro","9":"product_tag-segesta","10":"desktop-align-center","11":"tablet-align-center","12":"mobile-align-center","13":"ast-product-gallery-layout-horizontal-slider","14":"ast-product-gallery-with-no-image","15":"ast-magnify-disabled","16":"ast-product-tabs-layout-horizontal","17":"ast-qv-on-image","19":"first","20":"instock","21":"shipping-taxable","22":"purchasable","23":"product-type-simple"},"yoast_head":"<!-- This site is optimized with the Yoast SEO plugin v27.4 - https:\/\/yoast.com\/product\/yoast-seo-wordpress\/ -->\n<title>Amaro Segesta - 1l | Acquista Online su Reliquo<\/title>\n<meta name=\"description\" content=\"Scopri Amaro Segesta - 1l su Reliquo: qualit\u00e0 garantita, spedizioni rapide e prezzi competitivi. Ordina ora e approfitta delle nostre offerte esclusive.\" \/>\n<meta name=\"robots\" content=\"index, follow, max-snippet:-1, max-image-preview:large, max-video-preview:-1\" \/>\n<link rel=\"canonical\" href=\"http:\/\/reliquo.com\/es\/segesta-amargo-100cl\/\" \/>\n<meta property=\"og:locale\" content=\"es_ES\" \/>\n<meta property=\"og:type\" content=\"article\" \/>\n<meta property=\"og:title\" content=\"Amaro Segesta - 1l | Acquista Online su Reliquo\" \/>\n<meta property=\"og:description\" content=\"Scopri Amaro Segesta - 1l su Reliquo: qualit\u00e0 garantita, spedizioni rapide e prezzi competitivi. Ordina ora e approfitta delle nostre offerte esclusive.\" \/>\n<meta property=\"og:url\" content=\"http:\/\/reliquo.com\/es\/segesta-amargo-100cl\/\" \/>\n<meta property=\"og:site_name\" content=\"Reliquo\" \/>\n<meta property=\"article:modified_time\" content=\"2026-02-18T09:02:28+00:00\" \/>\n<meta property=\"og:image\" content=\"https:\/\/reliquo.com\/wp-content\/uploads\/2024\/12\/Amaro-Segesta.png\" \/>\n\t<meta property=\"og:image:width\" content=\"3024\" \/>\n\t<meta property=\"og:image:height\" content=\"3024\" \/>\n\t<meta property=\"og:image:type\" content=\"image\/png\" \/>\n<meta name=\"twitter:card\" content=\"summary_large_image\" \/>\n<meta name=\"twitter:label1\" content=\"Tiempo de lectura\" \/>\n\t<meta name=\"twitter:data1\" content=\"1 minuto\" \/>\n<script type=\"application\/ld+json\" class=\"yoast-schema-graph\">{\"@context\":\"https:\\\/\\\/schema.org\",\"@graph\":[{\"@type\":\"WebPage\",\"@id\":\"http:\\\/\\\/reliquo.com\\\/it\\\/amaro-segesta-100cl\\\/\",\"url\":\"http:\\\/\\\/reliquo.com\\\/it\\\/amaro-segesta-100cl\\\/\",\"name\":\"Amaro Segesta - 1l | Acquista Online su Reliquo\",\"isPartOf\":{\"@id\":\"https:\\\/\\\/reliquo.com\\\/es\\\/#website\"},\"primaryImageOfPage\":{\"@id\":\"http:\\\/\\\/reliquo.com\\\/it\\\/amaro-segesta-100cl\\\/#primaryimage\"},\"image\":{\"@id\":\"http:\\\/\\\/reliquo.com\\\/it\\\/amaro-segesta-100cl\\\/#primaryimage\"},\"thumbnailUrl\":\"https:\\\/\\\/reliquo.com\\\/wp-content\\\/uploads\\\/2024\\\/12\\\/Amaro-Segesta.png\",\"datePublished\":\"2024-12-17T14:18:50+00:00\",\"dateModified\":\"2026-02-18T09:02:28+00:00\",\"description\":\"Scopri Amaro Segesta - 1l su Reliquo: qualit\u00e0 garantita, spedizioni rapide e prezzi competitivi. Ordina ora e approfitta delle nostre offerte esclusive.\",\"breadcrumb\":{\"@id\":\"http:\\\/\\\/reliquo.com\\\/it\\\/amaro-segesta-100cl\\\/#breadcrumb\"},\"inLanguage\":\"es\",\"potentialAction\":[{\"@type\":\"ReadAction\",\"target\":[\"http:\\\/\\\/reliquo.com\\\/it\\\/amaro-segesta-100cl\\\/\"]}]},{\"@type\":\"ImageObject\",\"inLanguage\":\"es\",\"@id\":\"http:\\\/\\\/reliquo.com\\\/it\\\/amaro-segesta-100cl\\\/#primaryimage\",\"url\":\"https:\\\/\\\/reliquo.com\\\/wp-content\\\/uploads\\\/2024\\\/12\\\/Amaro-Segesta.png\",\"contentUrl\":\"https:\\\/\\\/reliquo.com\\\/wp-content\\\/uploads\\\/2024\\\/12\\\/Amaro-Segesta.png\",\"width\":3024,\"height\":3024,\"caption\":\"Amaro Segesta \u2013 1l\"},{\"@type\":\"BreadcrumbList\",\"@id\":\"http:\\\/\\\/reliquo.com\\\/it\\\/amaro-segesta-100cl\\\/#breadcrumb\",\"itemListElement\":[{\"@type\":\"ListItem\",\"position\":1,\"name\":\"Home\",\"item\":\"http:\\\/\\\/reliquo.com\\\/it\\\/\"},{\"@type\":\"ListItem\",\"position\":2,\"name\":\"Shop\",\"item\":\"http:\\\/\\\/reliquo.com\\\/it\\\/shop\\\/\"},{\"@type\":\"ListItem\",\"position\":3,\"name\":\"Amaro Segesta &#8211; 1l\"}]},{\"@type\":\"WebSite\",\"@id\":\"https:\\\/\\\/reliquo.com\\\/es\\\/#website\",\"url\":\"https:\\\/\\\/reliquo.com\\\/es\\\/\",\"name\":\"Reliquo\",\"description\":\"La tua enoteca online: scopri vini, liquori e distillati d\u2019eccellenza.\",\"publisher\":{\"@id\":\"https:\\\/\\\/reliquo.com\\\/es\\\/#organization\"},\"potentialAction\":[{\"@type\":\"SearchAction\",\"target\":{\"@type\":\"EntryPoint\",\"urlTemplate\":\"https:\\\/\\\/reliquo.com\\\/es\\\/?s={search_term_string}\"},\"query-input\":{\"@type\":\"PropertyValueSpecification\",\"valueRequired\":true,\"valueName\":\"search_term_string\"}}],\"inLanguage\":\"es\"},{\"@type\":\"Organization\",\"@id\":\"https:\\\/\\\/reliquo.com\\\/es\\\/#organization\",\"name\":\"Reliquo\",\"url\":\"https:\\\/\\\/reliquo.com\\\/es\\\/\",\"logo\":{\"@type\":\"ImageObject\",\"inLanguage\":\"es\",\"@id\":\"https:\\\/\\\/reliquo.com\\\/es\\\/#\\\/schema\\\/logo\\\/image\\\/\",\"url\":\"https:\\\/\\\/reliquo.com\\\/wp-content\\\/uploads\\\/2024\\\/12\\\/cropped-favicon-1.png\",\"contentUrl\":\"https:\\\/\\\/reliquo.com\\\/wp-content\\\/uploads\\\/2024\\\/12\\\/cropped-favicon-1.png\",\"width\":512,\"height\":512,\"caption\":\"Reliquo\"},\"image\":{\"@id\":\"https:\\\/\\\/reliquo.com\\\/es\\\/#\\\/schema\\\/logo\\\/image\\\/\"}}]}<\/script>\n<!-- \/ Yoast SEO plugin. -->","yoast_head_json":{"title":"Amaro Segesta - 1l | Comprar Online en Reliquo","description":"Descubra Amaro Segesta - 1l en Reliquo: calidad garantizada, entrega r\u00e1pida y precios competitivos. Haga su pedido ahora y aproveche nuestras ofertas exclusivas.","robots":{"index":"index","follow":"follow","max-snippet":"max-snippet:-1","max-image-preview":"max-image-preview:large","max-video-preview":"max-video-preview:-1"},"canonical":"http:\/\/reliquo.com\/es\/segesta-amargo-100cl\/","og_locale":"es_ES","og_type":"article","og_title":"Amaro Segesta - 1l | Acquista Online su Reliquo","og_description":"Scopri Amaro Segesta - 1l su Reliquo: qualit\u00e0 garantita, spedizioni rapide e prezzi competitivi. Ordina ora e approfitta delle nostre offerte esclusive.","og_url":"http:\/\/reliquo.com\/es\/segesta-amargo-100cl\/","og_site_name":"Reliquo","article_modified_time":"2026-02-18T09:02:28+00:00","og_image":[{"width":3024,"height":3024,"url":"https:\/\/reliquo.com\/wp-content\/uploads\/2024\/12\/Amaro-Segesta.png","type":"image\/png"}],"twitter_card":"summary_large_image","twitter_misc":{"Tiempo de lectura":"1 minuto"},"schema":{"@context":"https:\/\/schema.org","@graph":[{"@type":"WebPage","@id":"http:\/\/reliquo.com\/it\/amaro-segesta-100cl\/","url":"http:\/\/reliquo.com\/it\/amaro-segesta-100cl\/","name":"Amaro Segesta - 1l | Comprar Online en Reliquo","isPartOf":{"@id":"https:\/\/reliquo.com\/es\/#website"},"primaryImageOfPage":{"@id":"http:\/\/reliquo.com\/it\/amaro-segesta-100cl\/#primaryimage"},"image":{"@id":"http:\/\/reliquo.com\/it\/amaro-segesta-100cl\/#primaryimage"},"thumbnailUrl":"https:\/\/reliquo.com\/wp-content\/uploads\/2024\/12\/Amaro-Segesta.png","datePublished":"2024-12-17T14:18:50+00:00","dateModified":"2026-02-18T09:02:28+00:00","description":"Descubra Amaro Segesta - 1l en Reliquo: calidad garantizada, entrega r\u00e1pida y precios competitivos. Haga su pedido ahora y aproveche nuestras ofertas exclusivas.","breadcrumb":{"@id":"http:\/\/reliquo.com\/it\/amaro-segesta-100cl\/#breadcrumb"},"inLanguage":"es","potentialAction":[{"@type":"ReadAction","target":["http:\/\/reliquo.com\/it\/amaro-segesta-100cl\/"]}]},{"@type":"ImageObject","inLanguage":"es","@id":"http:\/\/reliquo.com\/it\/amaro-segesta-100cl\/#primaryimage","url":"https:\/\/reliquo.com\/wp-content\/uploads\/2024\/12\/Amaro-Segesta.png","contentUrl":"https:\/\/reliquo.com\/wp-content\/uploads\/2024\/12\/Amaro-Segesta.png","width":3024,"height":3024,"caption":"Amaro Segesta \u2013 1l"},{"@type":"BreadcrumbList","@id":"http:\/\/reliquo.com\/it\/amaro-segesta-100cl\/#breadcrumb","itemListElement":[{"@type":"ListItem","position":1,"name":"Home","item":"http:\/\/reliquo.com\/it\/"},{"@type":"ListItem","position":2,"name":"Shop","item":"http:\/\/reliquo.com\/it\/shop\/"},{"@type":"ListItem","position":3,"name":"Amaro Segesta &#8211; 1l"}]},{"@type":"WebSite","@id":"https:\/\/reliquo.com\/es\/#website","url":"https:\/\/reliquo.com\/es\/","name":"Reliquo","description":"Su tienda de vinos en l\u00ednea: descubra excelentes vinos, espirituosos y licores.","publisher":{"@id":"https:\/\/reliquo.com\/es\/#organization"},"potentialAction":[{"@type":"SearchAction","target":{"@type":"EntryPoint","urlTemplate":"https:\/\/reliquo.com\/es\/?s={search_term_string}"},"query-input":{"@type":"PropertyValueSpecification","valueRequired":true,"valueName":"search_term_string"}}],"inLanguage":"es"},{"@type":"Organization","@id":"https:\/\/reliquo.com\/es\/#organization","name":"Reliquo","url":"https:\/\/reliquo.com\/es\/","logo":{"@type":"ImageObject","inLanguage":"es","@id":"https:\/\/reliquo.com\/es\/#\/schema\/logo\/image\/","url":"https:\/\/reliquo.com\/wp-content\/uploads\/2024\/12\/cropped-favicon-1.png","contentUrl":"https:\/\/reliquo.com\/wp-content\/uploads\/2024\/12\/cropped-favicon-1.png","width":512,"height":512,"caption":"Reliquo"},"image":{"@id":"https:\/\/reliquo.com\/es\/#\/schema\/logo\/image\/"}}]}},"jetpack_sharing_enabled":true,"brands":[{"id":686,"name":"Bodegas Bianchi","slug":"bodegas-blancas"}],"_links":{"self":[{"href":"https:\/\/reliquo.com\/es\/wp-json\/wp\/v2\/product\/620","targetHints":{"allow":["GET"]}}],"collection":[{"href":"https:\/\/reliquo.com\/es\/wp-json\/wp\/v2\/product"}],"about":[{"href":"https:\/\/reliquo.com\/es\/wp-json\/wp\/v2\/types\/product"}],"wp:featuredmedia":[{"embeddable":true,"href":"https:\/\/reliquo.com\/es\/wp-json\/wp\/v2\/media\/50"}],"wp:attachment":[{"href":"https:\/\/reliquo.com\/es\/wp-json\/wp\/v2\/media?parent=620"}],"wp:term":[{"taxonomy":"pwb-brand","embeddable":true,"href":"https:\/\/reliquo.com\/es\/wp-json\/wp\/v2\/pwb-brand?post=620"},{"taxonomy":"product_brand","embeddable":true,"href":"https:\/\/reliquo.com\/es\/wp-json\/wp\/v2\/product_brand?post=620"},{"taxonomy":"product_cat","embeddable":true,"href":"https:\/\/reliquo.com\/es\/wp-json\/wp\/v2\/product_cat?post=620"},{"taxonomy":"product_tag","embeddable":true,"href":"https:\/\/reliquo.com\/es\/wp-json\/wp\/v2\/product_tag?post=620"}],"curies":[{"name":"wp","href":"https:\/\/api.w.org\/{rel}","templated":true}]}}