{"id":5280,"date":"2026-04-24T12:34:38","date_gmt":"2026-04-24T10:34:38","guid":{"rendered":"https:\/\/reliquo.com\/?post_type=product&#038;p=5280"},"modified":"2026-04-24T12:42:46","modified_gmt":"2026-04-24T10:42:46","slug":"assenzio-absinthe-clair-de-lune-70cl","status":"publish","type":"product","link":"https:\/\/reliquo.com\/es\/assenzio-absinthe-clair-de-lune-70cl\/","title":{"rendered":"Assenzio Absinthe Clair De Lune  &#8211; 70cl"},"content":{"rendered":"<p>Assenzio Clair De Lune Absinthe 70cl \u00e8 un distillato pregiato che richiama la tradizione francese dell&#8217;assenzio, noto anche come &#8220;la fata verde&#8221;. Prodotto con meticolosa attenzione alla qualit\u00e0 e agli ingredienti, questo assenzio offre un&#8217;esperienza sensoriale unica. La sua complessit\u00e0 aromatica \u00e8 data dalla perfetta combinazione di artemisia absinthium, anice e finocchio, che conferiscono un bouquet erbaceo ricco e profondo.<\/p>\n<p>Al palato, Clair De Lune si distingue per il suo sapore intenso e sofisticato, con note floreali e speziate che emergono gradualmente. La consistenza vellutata e ben bilanciata lo rende ideale sia per essere gustato puro, seguendo il tradizionale rituale dell&#8217;assenzio, sia come ingrediente principale di cocktail sofisticati.<\/p>\n<p>Il design elegante della bottiglia Cl.70 suggerisce un prodotto di alta classe, perfetto per momenti speciali o come regalo raffinato per gli amanti degli spiriti di qualit\u00e0. L&#8217;Assenzio Clair De Lune avviver\u00e0 senza dubbio il vostro palato con la sua aura misteriosa e il suo gusto inconfondibile, offrendo un viaggio sensoriale che riporta ai tempi della Belle \u00c9poque.<\/p>","protected":false},"excerpt":{"rendered":"<p>Assenzio Clair De Lune Absinthe 70cl \u00e8 un distillato pregiato che richiama la tradizione francese dell&#8217;assenzio, noto anche come &#8220;la [&hellip;]<\/p>\n","protected":false},"featured_media":5279,"template":"","meta":{"site-sidebar-layout":"default","site-content-layout":"","ast-site-content-layout":"default","site-content-style":"default","site-sidebar-style":"default","ast-global-header-display":"","ast-banner-title-visibility":"","ast-main-header-display":"","ast-hfb-above-header-display":"","ast-hfb-below-header-display":"","ast-hfb-mobile-header-display":"","site-post-title":"","ast-breadcrumbs-content":"","ast-featured-img":"","footer-sml-layout":"","ast-disable-related-posts":"","theme-transparent-header-meta":"default","adv-header-id-meta":"","stick-header-meta":"default","header-above-stick-meta":"","header-main-stick-meta":"","header-below-stick-meta":"","astra-migrate-meta-layouts":"set","ast-page-background-enabled":"default","ast-page-background-meta":{"desktop":{"background-color":"var(--ast-global-color-4)","background-image":"","background-repeat":"repeat","background-position":"center center","background-size":"auto","background-attachment":"scroll","background-type":"","background-media":"","overlay-type":"","overlay-color":"","overlay-opacity":"","overlay-gradient":""},"tablet":{"background-color":"","background-image":"","background-repeat":"repeat","background-position":"center center","background-size":"auto","background-attachment":"scroll","background-type":"","background-media":"","overlay-type":"","overlay-color":"","overlay-opacity":"","overlay-gradient":""},"mobile":{"background-color":"","background-image":"","background-repeat":"repeat","background-position":"center center","background-size":"auto","background-attachment":"scroll","background-type":"","background-media":"","overlay-type":"","overlay-color":"","overlay-opacity":"","overlay-gradient":""}},"ast-content-background-meta":{"desktop":{"background-color":"var(--ast-global-color-5)","background-image":"","background-repeat":"repeat","background-position":"center center","background-size":"auto","background-attachment":"scroll","background-type":"","background-media":"","overlay-type":"","overlay-color":"","overlay-opacity":"","overlay-gradient":""},"tablet":{"background-color":"var(--ast-global-color-5)","background-image":"","background-repeat":"repeat","background-position":"center center","background-size":"auto","background-attachment":"scroll","background-type":"","background-media":"","overlay-type":"","overlay-color":"","overlay-opacity":"","overlay-gradient":""},"mobile":{"background-color":"var(--ast-global-color-5)","background-image":"","background-repeat":"repeat","background-position":"center center","background-size":"auto","background-attachment":"scroll","background-type":"","background-media":"","overlay-type":"","overlay-color":"","overlay-opacity":"","overlay-gradient":""}}},"pwb-brand":[791],"product_brand":[],"product_cat":[297],"product_tag":[399,792],"class_list":{"0":"post-5280","1":"product","2":"type-product","3":"status-publish","4":"has-post-thumbnail","6":"pwb-brand-clair-de-lune","7":"product_cat-liquori","8":"product_tag-assenzio","9":"product_tag-clair-de-lune","10":"desktop-align-center","11":"tablet-align-center","12":"mobile-align-center","13":"ast-product-gallery-layout-horizontal-slider","14":"ast-product-gallery-with-no-image","15":"ast-magnify-disabled","16":"ast-product-tabs-layout-horizontal","17":"ast-qv-on-image","19":"first","20":"instock","21":"shipping-taxable","22":"purchasable","23":"product-type-simple"},"yoast_head":"<!-- This site is optimized with the Yoast SEO plugin v27.4 - https:\/\/yoast.com\/product\/yoast-seo-wordpress\/ -->\n<title>Assenzio Absinthe Clair De Lune - 70cl | Acquista Online su Reliquo<\/title>\n<meta name=\"description\" content=\"Scopri Assenzio Absinthe Clair De Lune - 70cl su Reliquo: qualit\u00e0 garantita, spedizioni rapide e prezzi competitivi. Ordina ora e approfitta delle nostre offerte esclusive.\" \/>\n<meta name=\"robots\" content=\"index, follow, max-snippet:-1, max-image-preview:large, max-video-preview:-1\" \/>\n<link rel=\"canonical\" href=\"https:\/\/reliquo.com\/es\/assenzio-absinthe-clair-de-lune-70cl\/\" \/>\n<meta property=\"og:locale\" content=\"es_ES\" \/>\n<meta property=\"og:type\" content=\"article\" \/>\n<meta property=\"og:title\" content=\"Assenzio Absinthe Clair De Lune - 70cl | Acquista Online su Reliquo\" \/>\n<meta property=\"og:description\" content=\"Scopri Assenzio Absinthe Clair De Lune - 70cl su Reliquo: qualit\u00e0 garantita, spedizioni rapide e prezzi competitivi. Ordina ora e approfitta delle nostre offerte esclusive.\" \/>\n<meta property=\"og:url\" content=\"https:\/\/reliquo.com\/es\/assenzio-absinthe-clair-de-lune-70cl\/\" \/>\n<meta property=\"og:site_name\" content=\"Reliquo\" \/>\n<meta property=\"article:modified_time\" content=\"2026-04-24T10:42:46+00:00\" \/>\n<meta property=\"og:image\" content=\"https:\/\/reliquo.com\/wp-content\/uploads\/2026\/04\/ASSENZIO-CLAIR-DE-LUNE-70CL.png\" \/>\n\t<meta property=\"og:image:width\" content=\"2400\" \/>\n\t<meta property=\"og:image:height\" content=\"2400\" \/>\n\t<meta property=\"og:image:type\" content=\"image\/png\" \/>\n<meta name=\"twitter:card\" content=\"summary_large_image\" \/>\n<meta name=\"twitter:label1\" content=\"Tiempo de lectura\" \/>\n\t<meta name=\"twitter:data1\" content=\"2 minutos\" \/>\n<script type=\"application\/ld+json\" class=\"yoast-schema-graph\">{\"@context\":\"https:\\\/\\\/schema.org\",\"@graph\":[{\"@type\":\"WebPage\",\"@id\":\"https:\\\/\\\/reliquo.com\\\/assenzio-absinthe-clair-de-lune-70cl\\\/\",\"url\":\"https:\\\/\\\/reliquo.com\\\/assenzio-absinthe-clair-de-lune-70cl\\\/\",\"name\":\"Assenzio Absinthe Clair De Lune - 70cl | Acquista Online su Reliquo\",\"isPartOf\":{\"@id\":\"https:\\\/\\\/reliquo.com\\\/es\\\/#website\"},\"primaryImageOfPage\":{\"@id\":\"https:\\\/\\\/reliquo.com\\\/assenzio-absinthe-clair-de-lune-70cl\\\/#primaryimage\"},\"image\":{\"@id\":\"https:\\\/\\\/reliquo.com\\\/assenzio-absinthe-clair-de-lune-70cl\\\/#primaryimage\"},\"thumbnailUrl\":\"https:\\\/\\\/reliquo.com\\\/wp-content\\\/uploads\\\/2026\\\/04\\\/ASSENZIO-CLAIR-DE-LUNE-70CL.png\",\"datePublished\":\"2026-04-24T10:34:38+00:00\",\"dateModified\":\"2026-04-24T10:42:46+00:00\",\"description\":\"Scopri Assenzio Absinthe Clair De Lune - 70cl su Reliquo: qualit\u00e0 garantita, spedizioni rapide e prezzi competitivi. Ordina ora e approfitta delle nostre offerte esclusive.\",\"breadcrumb\":{\"@id\":\"https:\\\/\\\/reliquo.com\\\/assenzio-absinthe-clair-de-lune-70cl\\\/#breadcrumb\"},\"inLanguage\":\"es\",\"potentialAction\":[{\"@type\":\"ReadAction\",\"target\":[\"https:\\\/\\\/reliquo.com\\\/assenzio-absinthe-clair-de-lune-70cl\\\/\"]}]},{\"@type\":\"ImageObject\",\"inLanguage\":\"es\",\"@id\":\"https:\\\/\\\/reliquo.com\\\/assenzio-absinthe-clair-de-lune-70cl\\\/#primaryimage\",\"url\":\"https:\\\/\\\/reliquo.com\\\/wp-content\\\/uploads\\\/2026\\\/04\\\/ASSENZIO-CLAIR-DE-LUNE-70CL.png\",\"contentUrl\":\"https:\\\/\\\/reliquo.com\\\/wp-content\\\/uploads\\\/2026\\\/04\\\/ASSENZIO-CLAIR-DE-LUNE-70CL.png\",\"width\":2400,\"height\":2400,\"caption\":\"Assenzio Absinthe Clair De Lune \u2013 70cl\"},{\"@type\":\"BreadcrumbList\",\"@id\":\"https:\\\/\\\/reliquo.com\\\/assenzio-absinthe-clair-de-lune-70cl\\\/#breadcrumb\",\"itemListElement\":[{\"@type\":\"ListItem\",\"position\":1,\"name\":\"Home\",\"item\":\"http:\\\/\\\/reliquo.com\\\/it\\\/\"},{\"@type\":\"ListItem\",\"position\":2,\"name\":\"Shop\",\"item\":\"http:\\\/\\\/reliquo.com\\\/it\\\/shop\\\/\"},{\"@type\":\"ListItem\",\"position\":3,\"name\":\"Assenzio Absinthe Clair De Lune &#8211; 70cl\"}]},{\"@type\":\"WebSite\",\"@id\":\"https:\\\/\\\/reliquo.com\\\/es\\\/#website\",\"url\":\"https:\\\/\\\/reliquo.com\\\/es\\\/\",\"name\":\"Reliquo\",\"description\":\"La tua enoteca online: scopri vini, liquori e distillati d\u2019eccellenza.\",\"publisher\":{\"@id\":\"https:\\\/\\\/reliquo.com\\\/es\\\/#organization\"},\"potentialAction\":[{\"@type\":\"SearchAction\",\"target\":{\"@type\":\"EntryPoint\",\"urlTemplate\":\"https:\\\/\\\/reliquo.com\\\/es\\\/?s={search_term_string}\"},\"query-input\":{\"@type\":\"PropertyValueSpecification\",\"valueRequired\":true,\"valueName\":\"search_term_string\"}}],\"inLanguage\":\"es\"},{\"@type\":\"Organization\",\"@id\":\"https:\\\/\\\/reliquo.com\\\/es\\\/#organization\",\"name\":\"Reliquo\",\"url\":\"https:\\\/\\\/reliquo.com\\\/es\\\/\",\"logo\":{\"@type\":\"ImageObject\",\"inLanguage\":\"es\",\"@id\":\"https:\\\/\\\/reliquo.com\\\/es\\\/#\\\/schema\\\/logo\\\/image\\\/\",\"url\":\"https:\\\/\\\/reliquo.com\\\/wp-content\\\/uploads\\\/2024\\\/12\\\/cropped-favicon-1.png\",\"contentUrl\":\"https:\\\/\\\/reliquo.com\\\/wp-content\\\/uploads\\\/2024\\\/12\\\/cropped-favicon-1.png\",\"width\":512,\"height\":512,\"caption\":\"Reliquo\"},\"image\":{\"@id\":\"https:\\\/\\\/reliquo.com\\\/es\\\/#\\\/schema\\\/logo\\\/image\\\/\"}}]}<\/script>\n<!-- \/ Yoast SEO plugin. -->","yoast_head_json":{"title":"Assenzio Absinthe Clair De Lune - 70cl | Acquista Online su Reliquo","description":"Scopri Assenzio Absinthe Clair De Lune - 70cl su Reliquo: qualit\u00e0 garantita, spedizioni rapide e prezzi competitivi. Ordina ora e approfitta delle nostre offerte esclusive.","robots":{"index":"index","follow":"follow","max-snippet":"max-snippet:-1","max-image-preview":"max-image-preview:large","max-video-preview":"max-video-preview:-1"},"canonical":"https:\/\/reliquo.com\/es\/assenzio-absinthe-clair-de-lune-70cl\/","og_locale":"es_ES","og_type":"article","og_title":"Assenzio Absinthe Clair De Lune - 70cl | Acquista Online su Reliquo","og_description":"Scopri Assenzio Absinthe Clair De Lune - 70cl su Reliquo: qualit\u00e0 garantita, spedizioni rapide e prezzi competitivi. Ordina ora e approfitta delle nostre offerte esclusive.","og_url":"https:\/\/reliquo.com\/es\/assenzio-absinthe-clair-de-lune-70cl\/","og_site_name":"Reliquo","article_modified_time":"2026-04-24T10:42:46+00:00","og_image":[{"width":2400,"height":2400,"url":"https:\/\/reliquo.com\/wp-content\/uploads\/2026\/04\/ASSENZIO-CLAIR-DE-LUNE-70CL.png","type":"image\/png"}],"twitter_card":"summary_large_image","twitter_misc":{"Tiempo de lectura":"2 minutos"},"schema":{"@context":"https:\/\/schema.org","@graph":[{"@type":"WebPage","@id":"https:\/\/reliquo.com\/assenzio-absinthe-clair-de-lune-70cl\/","url":"https:\/\/reliquo.com\/assenzio-absinthe-clair-de-lune-70cl\/","name":"Assenzio Absinthe Clair De Lune - 70cl | Acquista Online su Reliquo","isPartOf":{"@id":"https:\/\/reliquo.com\/es\/#website"},"primaryImageOfPage":{"@id":"https:\/\/reliquo.com\/assenzio-absinthe-clair-de-lune-70cl\/#primaryimage"},"image":{"@id":"https:\/\/reliquo.com\/assenzio-absinthe-clair-de-lune-70cl\/#primaryimage"},"thumbnailUrl":"https:\/\/reliquo.com\/wp-content\/uploads\/2026\/04\/ASSENZIO-CLAIR-DE-LUNE-70CL.png","datePublished":"2026-04-24T10:34:38+00:00","dateModified":"2026-04-24T10:42:46+00:00","description":"Scopri Assenzio Absinthe Clair De Lune - 70cl su Reliquo: qualit\u00e0 garantita, spedizioni rapide e prezzi competitivi. Ordina ora e approfitta delle nostre offerte esclusive.","breadcrumb":{"@id":"https:\/\/reliquo.com\/assenzio-absinthe-clair-de-lune-70cl\/#breadcrumb"},"inLanguage":"es","potentialAction":[{"@type":"ReadAction","target":["https:\/\/reliquo.com\/assenzio-absinthe-clair-de-lune-70cl\/"]}]},{"@type":"ImageObject","inLanguage":"es","@id":"https:\/\/reliquo.com\/assenzio-absinthe-clair-de-lune-70cl\/#primaryimage","url":"https:\/\/reliquo.com\/wp-content\/uploads\/2026\/04\/ASSENZIO-CLAIR-DE-LUNE-70CL.png","contentUrl":"https:\/\/reliquo.com\/wp-content\/uploads\/2026\/04\/ASSENZIO-CLAIR-DE-LUNE-70CL.png","width":2400,"height":2400,"caption":"Assenzio Absinthe Clair De Lune \u2013 70cl"},{"@type":"BreadcrumbList","@id":"https:\/\/reliquo.com\/assenzio-absinthe-clair-de-lune-70cl\/#breadcrumb","itemListElement":[{"@type":"ListItem","position":1,"name":"Home","item":"http:\/\/reliquo.com\/it\/"},{"@type":"ListItem","position":2,"name":"Shop","item":"http:\/\/reliquo.com\/it\/shop\/"},{"@type":"ListItem","position":3,"name":"Assenzio Absinthe Clair De Lune &#8211; 70cl"}]},{"@type":"WebSite","@id":"https:\/\/reliquo.com\/es\/#website","url":"https:\/\/reliquo.com\/es\/","name":"Reliquo","description":"Su tienda de vinos en l\u00ednea: descubra excelentes vinos, espirituosos y licores.","publisher":{"@id":"https:\/\/reliquo.com\/es\/#organization"},"potentialAction":[{"@type":"SearchAction","target":{"@type":"EntryPoint","urlTemplate":"https:\/\/reliquo.com\/es\/?s={search_term_string}"},"query-input":{"@type":"PropertyValueSpecification","valueRequired":true,"valueName":"search_term_string"}}],"inLanguage":"es"},{"@type":"Organization","@id":"https:\/\/reliquo.com\/es\/#organization","name":"Reliquo","url":"https:\/\/reliquo.com\/es\/","logo":{"@type":"ImageObject","inLanguage":"es","@id":"https:\/\/reliquo.com\/es\/#\/schema\/logo\/image\/","url":"https:\/\/reliquo.com\/wp-content\/uploads\/2024\/12\/cropped-favicon-1.png","contentUrl":"https:\/\/reliquo.com\/wp-content\/uploads\/2024\/12\/cropped-favicon-1.png","width":512,"height":512,"caption":"Reliquo"},"image":{"@id":"https:\/\/reliquo.com\/es\/#\/schema\/logo\/image\/"}}]}},"jetpack_sharing_enabled":true,"brands":[{"id":791,"name":"Clair de Lune","slug":"clair-de-lune"}],"_links":{"self":[{"href":"https:\/\/reliquo.com\/es\/wp-json\/wp\/v2\/product\/5280","targetHints":{"allow":["GET"]}}],"collection":[{"href":"https:\/\/reliquo.com\/es\/wp-json\/wp\/v2\/product"}],"about":[{"href":"https:\/\/reliquo.com\/es\/wp-json\/wp\/v2\/types\/product"}],"wp:featuredmedia":[{"embeddable":true,"href":"https:\/\/reliquo.com\/es\/wp-json\/wp\/v2\/media\/5279"}],"wp:attachment":[{"href":"https:\/\/reliquo.com\/es\/wp-json\/wp\/v2\/media?parent=5280"}],"wp:term":[{"taxonomy":"pwb-brand","embeddable":true,"href":"https:\/\/reliquo.com\/es\/wp-json\/wp\/v2\/pwb-brand?post=5280"},{"taxonomy":"product_brand","embeddable":true,"href":"https:\/\/reliquo.com\/es\/wp-json\/wp\/v2\/product_brand?post=5280"},{"taxonomy":"product_cat","embeddable":true,"href":"https:\/\/reliquo.com\/es\/wp-json\/wp\/v2\/product_cat?post=5280"},{"taxonomy":"product_tag","embeddable":true,"href":"https:\/\/reliquo.com\/es\/wp-json\/wp\/v2\/product_tag?post=5280"}],"curies":[{"name":"wp","href":"https:\/\/api.w.org\/{rel}","templated":true}]}}