{"id":5008,"date":"2025-11-20T11:36:22","date_gmt":"2025-11-20T10:36:22","guid":{"rendered":"https:\/\/reliquo.com\/?post_type=product&#038;p=5008"},"modified":"2025-12-22T11:55:41","modified_gmt":"2025-12-22T10:55:41","slug":"panettone-de-bayas-fiasconaro-1kg","status":"publish","type":"product","link":"https:\/\/reliquo.com\/es\/panettone-frutti-di-bosco-fiasconaro-1kg\/","title":{"rendered":"Panettone de bayas silvestres Fiasconaro - 1kg"},"content":{"rendered":"<p>Para los paladares m\u00e1s refinados, he aqu\u00ed el Panettone de frutas del bosque de\u00a0<strong>Fiasconaro,\u00a0<\/strong>cubierto con un crujiente y apetitoso\u00a0<strong>glaseado de chocolate blanco<\/strong>, enriquecido con\u00a0<strong>bayas semi-confitadas<\/strong>\u00a0e\u00a0<strong>crujientes de chocolate y chocolate blanco<\/strong>. La masa\u00a0<strong>leudado natural<\/strong>\u00a0confiere a esta obra maestra de reposter\u00eda una textura suave que conserva muy bien sus propiedades con el paso del tiempo.<\/p>\n<p>Elegantemente envuelto a mano.<\/p>\n<p>En 1953, en\u00a0<strong>Castelbuono<\/strong>,\u00a0<strong>Mario Fiasconaro<\/strong>, abri\u00f3 una helader\u00eda en la plaza del centro de la ciudad, sin saber que poco despu\u00e9s, gracias a sus hermanos, y m\u00e1s tarde, en los a\u00f1os noventa, tambi\u00e9n gracias a sus hijos, aquella cafeter\u00eda se convertir\u00eda en la empresa de fama mundial que ha hecho famosa a Sicilia por su excelencia en el campo de la reposter\u00eda. El punto de inflexi\u00f3n surgi\u00f3 de una intuici\u00f3n de Nicola, un talentoso maestro pastelero, que opt\u00f3 por interpretar en clave mediterr\u00e1nea el postre m\u00e1s tradicional del norte de Italia, el\u00a0<strong>Panettone<\/strong>un gran \u00e9xito que cambi\u00f3 el destino de la empresa, que desde entonces no ha dejado de crecer. Pero que ha sabido seguir siendo ella misma.<\/p>","protected":false},"excerpt":{"rendered":"<p>Per i palati pi\u00f9 raffinati, ecco il Panettone ai frutti di bosco di\u00a0Fiasconaro,\u00a0ricoperto da una croccante e golosa\u00a0glassa al cioccolato [&hellip;]<\/p>\n","protected":false},"featured_media":5012,"template":"","meta":{"site-sidebar-layout":"default","site-content-layout":"","ast-site-content-layout":"default","site-content-style":"default","site-sidebar-style":"default","ast-global-header-display":"","ast-banner-title-visibility":"","ast-main-header-display":"","ast-hfb-above-header-display":"","ast-hfb-below-header-display":"","ast-hfb-mobile-header-display":"","site-post-title":"","ast-breadcrumbs-content":"","ast-featured-img":"","footer-sml-layout":"","ast-disable-related-posts":"","theme-transparent-header-meta":"default","adv-header-id-meta":"","stick-header-meta":"default","header-above-stick-meta":"","header-main-stick-meta":"","header-below-stick-meta":"","astra-migrate-meta-layouts":"set","ast-page-background-enabled":"default","ast-page-background-meta":{"desktop":{"background-color":"var(--ast-global-color-4)","background-image":"","background-repeat":"repeat","background-position":"center center","background-size":"auto","background-attachment":"scroll","background-type":"","background-media":"","overlay-type":"","overlay-color":"","overlay-opacity":"","overlay-gradient":""},"tablet":{"background-color":"","background-image":"","background-repeat":"repeat","background-position":"center center","background-size":"auto","background-attachment":"scroll","background-type":"","background-media":"","overlay-type":"","overlay-color":"","overlay-opacity":"","overlay-gradient":""},"mobile":{"background-color":"","background-image":"","background-repeat":"repeat","background-position":"center center","background-size":"auto","background-attachment":"scroll","background-type":"","background-media":"","overlay-type":"","overlay-color":"","overlay-opacity":"","overlay-gradient":""}},"ast-content-background-meta":{"desktop":{"background-color":"var(--ast-global-color-5)","background-image":"","background-repeat":"repeat","background-position":"center center","background-size":"auto","background-attachment":"scroll","background-type":"","background-media":"","overlay-type":"","overlay-color":"","overlay-opacity":"","overlay-gradient":""},"tablet":{"background-color":"var(--ast-global-color-5)","background-image":"","background-repeat":"repeat","background-position":"center center","background-size":"auto","background-attachment":"scroll","background-type":"","background-media":"","overlay-type":"","overlay-color":"","overlay-opacity":"","overlay-gradient":""},"mobile":{"background-color":"var(--ast-global-color-5)","background-image":"","background-repeat":"repeat","background-position":"center center","background-size":"auto","background-attachment":"scroll","background-type":"","background-media":"","overlay-type":"","overlay-color":"","overlay-opacity":"","overlay-gradient":""}}},"pwb-brand":[769],"product_brand":[],"product_cat":[770],"product_tag":[],"class_list":{"0":"post-5008","1":"product","2":"type-product","3":"status-publish","4":"has-post-thumbnail","6":"pwb-brand-fiasconaro","7":"product_cat-natale","8":"desktop-align-center","9":"tablet-align-center","10":"mobile-align-center","11":"ast-product-gallery-layout-horizontal-slider","12":"ast-product-gallery-with-no-image","13":"ast-magnify-disabled","14":"ast-product-tabs-layout-horizontal","15":"ast-qv-on-image","17":"first","18":"outofstock","19":"shipping-taxable","20":"purchasable","21":"product-type-simple"},"yoast_head":"<!-- This site is optimized with the Yoast SEO plugin v27.4 - https:\/\/yoast.com\/product\/yoast-seo-wordpress\/ -->\n<title>Panettone Frutti di Bosco Fiasconaro - 1kg | Acquista Online su Reliquo<\/title>\n<meta name=\"description\" content=\"Scopri Panettone Frutti di Bosco Fiasconaro - 1kg su Reliquo: qualit\u00e0 garantita, spedizioni rapide e prezzi competitivi. Ordina ora e approfitta delle nostre offerte esclusive.\" \/>\n<meta name=\"robots\" content=\"index, follow, max-snippet:-1, max-image-preview:large, max-video-preview:-1\" \/>\n<link rel=\"canonical\" href=\"http:\/\/reliquo.com\/es\/panettone-de-bayas-fiasconaro-1kg\/\" \/>\n<meta property=\"og:locale\" content=\"es_ES\" \/>\n<meta property=\"og:type\" content=\"article\" \/>\n<meta property=\"og:title\" content=\"Panettone Frutti di Bosco Fiasconaro - 1kg | Acquista Online su Reliquo\" \/>\n<meta property=\"og:description\" content=\"Scopri Panettone Frutti di Bosco Fiasconaro - 1kg su Reliquo: qualit\u00e0 garantita, spedizioni rapide e prezzi competitivi. Ordina ora e approfitta delle nostre offerte esclusive.\" \/>\n<meta property=\"og:url\" content=\"http:\/\/reliquo.com\/es\/panettone-de-bayas-fiasconaro-1kg\/\" \/>\n<meta property=\"og:site_name\" content=\"Reliquo\" \/>\n<meta property=\"article:modified_time\" content=\"2025-12-22T10:55:41+00:00\" \/>\n<meta property=\"og:image\" content=\"https:\/\/reliquo.com\/wp-content\/uploads\/2025\/11\/panettone_frutti_di_bosco_fiasconaro_25.webp\" \/>\n\t<meta property=\"og:image:width\" content=\"1400\" \/>\n\t<meta property=\"og:image:height\" content=\"1400\" \/>\n\t<meta property=\"og:image:type\" content=\"image\/webp\" \/>\n<meta name=\"twitter:card\" content=\"summary_large_image\" \/>\n<meta name=\"twitter:label1\" content=\"Tiempo de lectura\" \/>\n\t<meta name=\"twitter:data1\" content=\"2 minutos\" \/>\n<script type=\"application\/ld+json\" class=\"yoast-schema-graph\">{\"@context\":\"https:\\\/\\\/schema.org\",\"@graph\":[{\"@type\":\"WebPage\",\"@id\":\"http:\\\/\\\/reliquo.com\\\/it\\\/panettone-frutti-di-bosco-fiasconaro-1kg\\\/\",\"url\":\"http:\\\/\\\/reliquo.com\\\/it\\\/panettone-frutti-di-bosco-fiasconaro-1kg\\\/\",\"name\":\"Panettone Frutti di Bosco Fiasconaro - 1kg | Acquista Online su Reliquo\",\"isPartOf\":{\"@id\":\"https:\\\/\\\/reliquo.com\\\/es\\\/#website\"},\"primaryImageOfPage\":{\"@id\":\"http:\\\/\\\/reliquo.com\\\/it\\\/panettone-frutti-di-bosco-fiasconaro-1kg\\\/#primaryimage\"},\"image\":{\"@id\":\"http:\\\/\\\/reliquo.com\\\/it\\\/panettone-frutti-di-bosco-fiasconaro-1kg\\\/#primaryimage\"},\"thumbnailUrl\":\"https:\\\/\\\/reliquo.com\\\/wp-content\\\/uploads\\\/2025\\\/11\\\/panettone_frutti_di_bosco_fiasconaro_25.webp\",\"datePublished\":\"2025-11-20T10:36:22+00:00\",\"dateModified\":\"2025-12-22T10:55:41+00:00\",\"description\":\"Scopri Panettone Frutti di Bosco Fiasconaro - 1kg su Reliquo: qualit\u00e0 garantita, spedizioni rapide e prezzi competitivi. Ordina ora e approfitta delle nostre offerte esclusive.\",\"breadcrumb\":{\"@id\":\"http:\\\/\\\/reliquo.com\\\/it\\\/panettone-frutti-di-bosco-fiasconaro-1kg\\\/#breadcrumb\"},\"inLanguage\":\"es\",\"potentialAction\":[{\"@type\":\"ReadAction\",\"target\":[\"http:\\\/\\\/reliquo.com\\\/it\\\/panettone-frutti-di-bosco-fiasconaro-1kg\\\/\"]}]},{\"@type\":\"ImageObject\",\"inLanguage\":\"es\",\"@id\":\"http:\\\/\\\/reliquo.com\\\/it\\\/panettone-frutti-di-bosco-fiasconaro-1kg\\\/#primaryimage\",\"url\":\"https:\\\/\\\/reliquo.com\\\/wp-content\\\/uploads\\\/2025\\\/11\\\/panettone_frutti_di_bosco_fiasconaro_25.webp\",\"contentUrl\":\"https:\\\/\\\/reliquo.com\\\/wp-content\\\/uploads\\\/2025\\\/11\\\/panettone_frutti_di_bosco_fiasconaro_25.webp\",\"width\":1400,\"height\":1400,\"caption\":\"Panettone Frutti di Bosco Fiasconaro \u2013 1kg\"},{\"@type\":\"BreadcrumbList\",\"@id\":\"http:\\\/\\\/reliquo.com\\\/it\\\/panettone-frutti-di-bosco-fiasconaro-1kg\\\/#breadcrumb\",\"itemListElement\":[{\"@type\":\"ListItem\",\"position\":1,\"name\":\"Home\",\"item\":\"http:\\\/\\\/reliquo.com\\\/it\\\/\"},{\"@type\":\"ListItem\",\"position\":2,\"name\":\"Shop\",\"item\":\"http:\\\/\\\/reliquo.com\\\/it\\\/shop\\\/\"},{\"@type\":\"ListItem\",\"position\":3,\"name\":\"Panettone Frutti di Bosco Fiasconaro &#8211; 1kg\"}]},{\"@type\":\"WebSite\",\"@id\":\"https:\\\/\\\/reliquo.com\\\/es\\\/#website\",\"url\":\"https:\\\/\\\/reliquo.com\\\/es\\\/\",\"name\":\"Reliquo\",\"description\":\"La tua enoteca online: scopri vini, liquori e distillati d\u2019eccellenza.\",\"publisher\":{\"@id\":\"https:\\\/\\\/reliquo.com\\\/es\\\/#organization\"},\"potentialAction\":[{\"@type\":\"SearchAction\",\"target\":{\"@type\":\"EntryPoint\",\"urlTemplate\":\"https:\\\/\\\/reliquo.com\\\/es\\\/?s={search_term_string}\"},\"query-input\":{\"@type\":\"PropertyValueSpecification\",\"valueRequired\":true,\"valueName\":\"search_term_string\"}}],\"inLanguage\":\"es\"},{\"@type\":\"Organization\",\"@id\":\"https:\\\/\\\/reliquo.com\\\/es\\\/#organization\",\"name\":\"Reliquo\",\"url\":\"https:\\\/\\\/reliquo.com\\\/es\\\/\",\"logo\":{\"@type\":\"ImageObject\",\"inLanguage\":\"es\",\"@id\":\"https:\\\/\\\/reliquo.com\\\/es\\\/#\\\/schema\\\/logo\\\/image\\\/\",\"url\":\"https:\\\/\\\/reliquo.com\\\/wp-content\\\/uploads\\\/2024\\\/12\\\/cropped-favicon-1.png\",\"contentUrl\":\"https:\\\/\\\/reliquo.com\\\/wp-content\\\/uploads\\\/2024\\\/12\\\/cropped-favicon-1.png\",\"width\":512,\"height\":512,\"caption\":\"Reliquo\"},\"image\":{\"@id\":\"https:\\\/\\\/reliquo.com\\\/es\\\/#\\\/schema\\\/logo\\\/image\\\/\"}}]}<\/script>\n<!-- \/ Yoast SEO plugin. -->","yoast_head_json":{"title":"Panettone Frutti di Bosco Fiasconaro - 1kg | Comprar en l\u00ednea en Reliquo","description":"Descubre Fiasconaro Panettone Frutti di Bosco - 1kg en Reliquo: calidad garantizada, entrega r\u00e1pida y precios competitivos. Haz tu pedido ahora y aprovecha nuestras ofertas exclusivas.","robots":{"index":"index","follow":"follow","max-snippet":"max-snippet:-1","max-image-preview":"max-image-preview:large","max-video-preview":"max-video-preview:-1"},"canonical":"http:\/\/reliquo.com\/es\/panettone-de-bayas-fiasconaro-1kg\/","og_locale":"es_ES","og_type":"article","og_title":"Panettone Frutti di Bosco Fiasconaro - 1kg | Acquista Online su Reliquo","og_description":"Scopri Panettone Frutti di Bosco Fiasconaro - 1kg su Reliquo: qualit\u00e0 garantita, spedizioni rapide e prezzi competitivi. Ordina ora e approfitta delle nostre offerte esclusive.","og_url":"http:\/\/reliquo.com\/es\/panettone-de-bayas-fiasconaro-1kg\/","og_site_name":"Reliquo","article_modified_time":"2025-12-22T10:55:41+00:00","og_image":[{"width":1400,"height":1400,"url":"https:\/\/reliquo.com\/wp-content\/uploads\/2025\/11\/panettone_frutti_di_bosco_fiasconaro_25.webp","type":"image\/webp"}],"twitter_card":"summary_large_image","twitter_misc":{"Tiempo de lectura":"2 minutos"},"schema":{"@context":"https:\/\/schema.org","@graph":[{"@type":"WebPage","@id":"http:\/\/reliquo.com\/it\/panettone-frutti-di-bosco-fiasconaro-1kg\/","url":"http:\/\/reliquo.com\/it\/panettone-frutti-di-bosco-fiasconaro-1kg\/","name":"Panettone Frutti di Bosco Fiasconaro - 1kg | Comprar en l\u00ednea en Reliquo","isPartOf":{"@id":"https:\/\/reliquo.com\/es\/#website"},"primaryImageOfPage":{"@id":"http:\/\/reliquo.com\/it\/panettone-frutti-di-bosco-fiasconaro-1kg\/#primaryimage"},"image":{"@id":"http:\/\/reliquo.com\/it\/panettone-frutti-di-bosco-fiasconaro-1kg\/#primaryimage"},"thumbnailUrl":"https:\/\/reliquo.com\/wp-content\/uploads\/2025\/11\/panettone_frutti_di_bosco_fiasconaro_25.webp","datePublished":"2025-11-20T10:36:22+00:00","dateModified":"2025-12-22T10:55:41+00:00","description":"Descubre Fiasconaro Panettone Frutti di Bosco - 1kg en Reliquo: calidad garantizada, entrega r\u00e1pida y precios competitivos. Haz tu pedido ahora y aprovecha nuestras ofertas exclusivas.","breadcrumb":{"@id":"http:\/\/reliquo.com\/it\/panettone-frutti-di-bosco-fiasconaro-1kg\/#breadcrumb"},"inLanguage":"es","potentialAction":[{"@type":"ReadAction","target":["http:\/\/reliquo.com\/it\/panettone-frutti-di-bosco-fiasconaro-1kg\/"]}]},{"@type":"ImageObject","inLanguage":"es","@id":"http:\/\/reliquo.com\/it\/panettone-frutti-di-bosco-fiasconaro-1kg\/#primaryimage","url":"https:\/\/reliquo.com\/wp-content\/uploads\/2025\/11\/panettone_frutti_di_bosco_fiasconaro_25.webp","contentUrl":"https:\/\/reliquo.com\/wp-content\/uploads\/2025\/11\/panettone_frutti_di_bosco_fiasconaro_25.webp","width":1400,"height":1400,"caption":"Panettone Frutti di Bosco Fiasconaro \u2013 1kg"},{"@type":"BreadcrumbList","@id":"http:\/\/reliquo.com\/it\/panettone-frutti-di-bosco-fiasconaro-1kg\/#breadcrumb","itemListElement":[{"@type":"ListItem","position":1,"name":"Home","item":"http:\/\/reliquo.com\/it\/"},{"@type":"ListItem","position":2,"name":"Shop","item":"http:\/\/reliquo.com\/it\/shop\/"},{"@type":"ListItem","position":3,"name":"Panettone Frutti di Bosco Fiasconaro &#8211; 1kg"}]},{"@type":"WebSite","@id":"https:\/\/reliquo.com\/es\/#website","url":"https:\/\/reliquo.com\/es\/","name":"Reliquo","description":"Su tienda de vinos en l\u00ednea: descubra excelentes vinos, espirituosos y licores.","publisher":{"@id":"https:\/\/reliquo.com\/es\/#organization"},"potentialAction":[{"@type":"SearchAction","target":{"@type":"EntryPoint","urlTemplate":"https:\/\/reliquo.com\/es\/?s={search_term_string}"},"query-input":{"@type":"PropertyValueSpecification","valueRequired":true,"valueName":"search_term_string"}}],"inLanguage":"es"},{"@type":"Organization","@id":"https:\/\/reliquo.com\/es\/#organization","name":"Reliquo","url":"https:\/\/reliquo.com\/es\/","logo":{"@type":"ImageObject","inLanguage":"es","@id":"https:\/\/reliquo.com\/es\/#\/schema\/logo\/image\/","url":"https:\/\/reliquo.com\/wp-content\/uploads\/2024\/12\/cropped-favicon-1.png","contentUrl":"https:\/\/reliquo.com\/wp-content\/uploads\/2024\/12\/cropped-favicon-1.png","width":512,"height":512,"caption":"Reliquo"},"image":{"@id":"https:\/\/reliquo.com\/es\/#\/schema\/logo\/image\/"}}]}},"jetpack_sharing_enabled":true,"brands":[{"id":769,"name":"Fiasconaro","slug":"fiasconaro"}],"_links":{"self":[{"href":"https:\/\/reliquo.com\/es\/wp-json\/wp\/v2\/product\/5008","targetHints":{"allow":["GET"]}}],"collection":[{"href":"https:\/\/reliquo.com\/es\/wp-json\/wp\/v2\/product"}],"about":[{"href":"https:\/\/reliquo.com\/es\/wp-json\/wp\/v2\/types\/product"}],"wp:featuredmedia":[{"embeddable":true,"href":"https:\/\/reliquo.com\/es\/wp-json\/wp\/v2\/media\/5012"}],"wp:attachment":[{"href":"https:\/\/reliquo.com\/es\/wp-json\/wp\/v2\/media?parent=5008"}],"wp:term":[{"taxonomy":"pwb-brand","embeddable":true,"href":"https:\/\/reliquo.com\/es\/wp-json\/wp\/v2\/pwb-brand?post=5008"},{"taxonomy":"product_brand","embeddable":true,"href":"https:\/\/reliquo.com\/es\/wp-json\/wp\/v2\/product_brand?post=5008"},{"taxonomy":"product_cat","embeddable":true,"href":"https:\/\/reliquo.com\/es\/wp-json\/wp\/v2\/product_cat?post=5008"},{"taxonomy":"product_tag","embeddable":true,"href":"https:\/\/reliquo.com\/es\/wp-json\/wp\/v2\/product_tag?post=5008"}],"curies":[{"name":"wp","href":"https:\/\/api.w.org\/{rel}","templated":true}]}}