{"id":4985,"date":"2025-11-03T12:13:20","date_gmt":"2025-11-03T11:13:20","guid":{"rendered":"https:\/\/reliquo.com\/?post_type=product&#038;p=4985"},"modified":"2025-12-18T15:43:35","modified_gmt":"2025-12-18T14:43:35","slug":"lecru-igt-terre-siciliane-zibibbo-astuccio-firriato","status":"publish","type":"product","link":"https:\/\/reliquo.com\/es\/lecru-igt-terre-siciliane-zibibbo-astuccio-firriato\/","title":{"rendered":"L'ecru\u2019 IGT Terre Siciliane Zibibbo Caja - Firriato"},"content":{"rendered":"<p>L\u2019Ecr\u00f9 \u00e8 un passito naturale prodotto con uve di Zibibbo. Per la vinificazione di questa prestigiosa etichetta, Firriato utilizza il metodo dell\u2019infusione degli acini passiti nel vino, assoluta particolarit\u00e0 nel panorama vitivinicolo italiano. Teatro di questa unicit\u00e0 \u00e8 il giardino degli appassimenti di Borgo Guarini. Il sole e il vento che caratterizzano il clima della tenuta, con la loro azione congiunta, determinano il processo di appassimento naturale dei grappoli per quasi 40 giorni. Il lento appassimento favorisce la concentrazione,\u00a0 in ogni acino, dei profumi della macchia mediterranea. Le uve vengono quindi sgrappolate e messe in infusione nel vino determinando l\u2019unicit\u00e0 de L\u2019Ecr\u00f9. Non ci sono fermentazioni prolungate, interrotte e ripartite: gli acini a contatto col vino si gonfiano e cedono il loro prezioso apporto aromatico per un passito di impareggiabile equilibrio.<\/p>","protected":false},"excerpt":{"rendered":"<p>L\u2019Ecr\u00f9 \u00e8 un passito naturale prodotto con uve di Zibibbo. Per la vinificazione di questa prestigiosa etichetta, Firriato utilizza il [&hellip;]<\/p>\n","protected":false},"featured_media":4978,"template":"","meta":{"site-sidebar-layout":"default","site-content-layout":"","ast-site-content-layout":"default","site-content-style":"default","site-sidebar-style":"default","ast-global-header-display":"","ast-banner-title-visibility":"","ast-main-header-display":"","ast-hfb-above-header-display":"","ast-hfb-below-header-display":"","ast-hfb-mobile-header-display":"","site-post-title":"","ast-breadcrumbs-content":"","ast-featured-img":"","footer-sml-layout":"","ast-disable-related-posts":"","theme-transparent-header-meta":"default","adv-header-id-meta":"","stick-header-meta":"default","header-above-stick-meta":"","header-main-stick-meta":"","header-below-stick-meta":"","astra-migrate-meta-layouts":"set","ast-page-background-enabled":"default","ast-page-background-meta":{"desktop":{"background-color":"var(--ast-global-color-4)","background-image":"","background-repeat":"repeat","background-position":"center center","background-size":"auto","background-attachment":"scroll","background-type":"","background-media":"","overlay-type":"","overlay-color":"","overlay-opacity":"","overlay-gradient":""},"tablet":{"background-color":"","background-image":"","background-repeat":"repeat","background-position":"center center","background-size":"auto","background-attachment":"scroll","background-type":"","background-media":"","overlay-type":"","overlay-color":"","overlay-opacity":"","overlay-gradient":""},"mobile":{"background-color":"","background-image":"","background-repeat":"repeat","background-position":"center center","background-size":"auto","background-attachment":"scroll","background-type":"","background-media":"","overlay-type":"","overlay-color":"","overlay-opacity":"","overlay-gradient":""}},"ast-content-background-meta":{"desktop":{"background-color":"var(--ast-global-color-5)","background-image":"","background-repeat":"repeat","background-position":"center center","background-size":"auto","background-attachment":"scroll","background-type":"","background-media":"","overlay-type":"","overlay-color":"","overlay-opacity":"","overlay-gradient":""},"tablet":{"background-color":"var(--ast-global-color-5)","background-image":"","background-repeat":"repeat","background-position":"center center","background-size":"auto","background-attachment":"scroll","background-type":"","background-media":"","overlay-type":"","overlay-color":"","overlay-opacity":"","overlay-gradient":""},"mobile":{"background-color":"var(--ast-global-color-5)","background-image":"","background-repeat":"repeat","background-position":"center center","background-size":"auto","background-attachment":"scroll","background-type":"","background-media":"","overlay-type":"","overlay-color":"","overlay-opacity":"","overlay-gradient":""}}},"pwb-brand":[706],"product_brand":[],"product_cat":[300,288],"product_tag":[466,479,513,442],"class_list":{"0":"post-4985","1":"product","2":"type-product","3":"status-publish","4":"has-post-thumbnail","6":"pwb-brand-firriato-winery","7":"product_cat-dolci-e-liquorosi","8":"product_cat-vini","9":"product_tag-firriato","10":"product_tag-liquoroso","11":"product_tag-passito","12":"product_tag-vino","13":"desktop-align-center","14":"tablet-align-center","15":"mobile-align-center","16":"ast-product-gallery-layout-horizontal-slider","17":"ast-product-gallery-with-no-image","18":"ast-magnify-disabled","19":"ast-product-tabs-layout-horizontal","20":"ast-qv-on-image","22":"first","23":"instock","24":"shipping-taxable","25":"purchasable","26":"product-type-simple"},"yoast_head":"<!-- This site is optimized with the Yoast SEO plugin v27.2 - https:\/\/yoast.com\/product\/yoast-seo-wordpress\/ -->\n<title>L&#039;ecru&#039; IGT Terre Siciliane Zibibbo Astuccio - Firriato | Acquista Online su Reliquo<\/title>\n<meta name=\"description\" content=\"Scopri L&#039;ecru&#039; IGT Terre Siciliane Zibibbo Astuccio - Firriato su Reliquo: qualit\u00e0 garantita, spedizioni rapide e prezzi competitivi. Ordina ora e approfitta delle nostre offerte esclusive.\" \/>\n<meta name=\"robots\" content=\"index, follow, max-snippet:-1, max-image-preview:large, max-video-preview:-1\" \/>\n<link rel=\"canonical\" href=\"http:\/\/reliquo.com\/es\/lecru-igt-terre-siciliane-zibibbo-astuccio-firriato\/\" \/>\n<meta property=\"og:locale\" content=\"es_ES\" \/>\n<meta property=\"og:type\" content=\"article\" \/>\n<meta property=\"og:title\" content=\"L&#039;ecru&#039; IGT Terre Siciliane Zibibbo Astuccio - Firriato | Acquista Online su Reliquo\" \/>\n<meta property=\"og:description\" content=\"Scopri L&#039;ecru&#039; IGT Terre Siciliane Zibibbo Astuccio - Firriato su Reliquo: qualit\u00e0 garantita, spedizioni rapide e prezzi competitivi. Ordina ora e approfitta delle nostre offerte esclusive.\" \/>\n<meta property=\"og:url\" content=\"http:\/\/reliquo.com\/es\/lecru-igt-terre-siciliane-zibibbo-astuccio-firriato\/\" \/>\n<meta property=\"og:site_name\" content=\"Reliquo\" \/>\n<meta property=\"article:modified_time\" content=\"2025-12-18T14:43:35+00:00\" \/>\n<meta property=\"og:image\" content=\"https:\/\/reliquo.com\/wp-content\/uploads\/2025\/10\/LECRU-PASSITO-FIRRIATO-CL.50.png\" \/>\n\t<meta property=\"og:image:width\" content=\"2500\" \/>\n\t<meta property=\"og:image:height\" content=\"2500\" \/>\n\t<meta property=\"og:image:type\" content=\"image\/png\" \/>\n<meta name=\"twitter:card\" content=\"summary_large_image\" \/>\n<meta name=\"twitter:label1\" content=\"Tiempo de lectura\" \/>\n\t<meta name=\"twitter:data1\" content=\"1 minuto\" \/>\n<script type=\"application\/ld+json\" class=\"yoast-schema-graph\">{\"@context\":\"https:\/\/schema.org\",\"@graph\":[{\"@type\":\"WebPage\",\"@id\":\"http:\/\/reliquo.com\/it\/lecru-igt-terre-siciliane-zibibbo-astuccio-firriato\/\",\"url\":\"http:\/\/reliquo.com\/it\/lecru-igt-terre-siciliane-zibibbo-astuccio-firriato\/\",\"name\":\"L'ecru' IGT Terre Siciliane Zibibbo Astuccio - Firriato | Acquista Online su Reliquo\",\"isPartOf\":{\"@id\":\"https:\/\/reliquo.com\/es\/#website\"},\"primaryImageOfPage\":{\"@id\":\"http:\/\/reliquo.com\/it\/lecru-igt-terre-siciliane-zibibbo-astuccio-firriato\/#primaryimage\"},\"image\":{\"@id\":\"http:\/\/reliquo.com\/it\/lecru-igt-terre-siciliane-zibibbo-astuccio-firriato\/#primaryimage\"},\"thumbnailUrl\":\"https:\/\/reliquo.com\/wp-content\/uploads\/2025\/10\/LECRU-PASSITO-FIRRIATO-CL.50.png\",\"datePublished\":\"2025-11-03T11:13:20+00:00\",\"dateModified\":\"2025-12-18T14:43:35+00:00\",\"description\":\"Scopri L'ecru' IGT Terre Siciliane Zibibbo Astuccio - Firriato su Reliquo: qualit\u00e0 garantita, spedizioni rapide e prezzi competitivi. Ordina ora e approfitta delle nostre offerte esclusive.\",\"breadcrumb\":{\"@id\":\"http:\/\/reliquo.com\/it\/lecru-igt-terre-siciliane-zibibbo-astuccio-firriato\/#breadcrumb\"},\"inLanguage\":\"es\",\"potentialAction\":[{\"@type\":\"ReadAction\",\"target\":[\"http:\/\/reliquo.com\/it\/lecru-igt-terre-siciliane-zibibbo-astuccio-firriato\/\"]}]},{\"@type\":\"ImageObject\",\"inLanguage\":\"es\",\"@id\":\"http:\/\/reliquo.com\/it\/lecru-igt-terre-siciliane-zibibbo-astuccio-firriato\/#primaryimage\",\"url\":\"https:\/\/reliquo.com\/wp-content\/uploads\/2025\/10\/LECRU-PASSITO-FIRRIATO-CL.50.png\",\"contentUrl\":\"https:\/\/reliquo.com\/wp-content\/uploads\/2025\/10\/LECRU-PASSITO-FIRRIATO-CL.50.png\",\"width\":2500,\"height\":2500,\"caption\":\"Sherazade Sicilia Doc Nero d\u2019Avola \u2013 Donnafugata\"},{\"@type\":\"BreadcrumbList\",\"@id\":\"http:\/\/reliquo.com\/it\/lecru-igt-terre-siciliane-zibibbo-astuccio-firriato\/#breadcrumb\",\"itemListElement\":[{\"@type\":\"ListItem\",\"position\":1,\"name\":\"Home\",\"item\":\"http:\/\/reliquo.com\/it\/\"},{\"@type\":\"ListItem\",\"position\":2,\"name\":\"Shop\",\"item\":\"http:\/\/reliquo.com\/it\/shop\/\"},{\"@type\":\"ListItem\",\"position\":3,\"name\":\"L&#8217;ecru&#8217; IGT Terre Siciliane Zibibbo Astuccio &#8211; Firriato\"}]},{\"@type\":\"WebSite\",\"@id\":\"https:\/\/reliquo.com\/es\/#website\",\"url\":\"https:\/\/reliquo.com\/es\/\",\"name\":\"Reliquo\",\"description\":\"La tua enoteca online: scopri vini, liquori e distillati d\u2019eccellenza.\",\"publisher\":{\"@id\":\"https:\/\/reliquo.com\/es\/#organization\"},\"potentialAction\":[{\"@type\":\"SearchAction\",\"target\":{\"@type\":\"EntryPoint\",\"urlTemplate\":\"https:\/\/reliquo.com\/es\/?s={search_term_string}\"},\"query-input\":{\"@type\":\"PropertyValueSpecification\",\"valueRequired\":true,\"valueName\":\"search_term_string\"}}],\"inLanguage\":\"es\"},{\"@type\":\"Organization\",\"@id\":\"https:\/\/reliquo.com\/es\/#organization\",\"name\":\"Reliquo\",\"url\":\"https:\/\/reliquo.com\/es\/\",\"logo\":{\"@type\":\"ImageObject\",\"inLanguage\":\"es\",\"@id\":\"https:\/\/reliquo.com\/es\/#\/schema\/logo\/image\/\",\"url\":\"https:\/\/reliquo.com\/wp-content\/uploads\/2024\/12\/cropped-favicon-1.png\",\"contentUrl\":\"https:\/\/reliquo.com\/wp-content\/uploads\/2024\/12\/cropped-favicon-1.png\",\"width\":512,\"height\":512,\"caption\":\"Reliquo\"},\"image\":{\"@id\":\"https:\/\/reliquo.com\/es\/#\/schema\/logo\/image\/\"}}]}<\/script>\n<!-- \/ Yoast SEO plugin. -->","yoast_head_json":{"title":"L'ecru' IGT Terre Siciliane Zibibbo Astuccio - Firriato | Acquista Online su Reliquo","description":"Scopri L'ecru' IGT Terre Siciliane Zibibbo Astuccio - Firriato su Reliquo: qualit\u00e0 garantita, spedizioni rapide e prezzi competitivi. Ordina ora e approfitta delle nostre offerte esclusive.","robots":{"index":"index","follow":"follow","max-snippet":"max-snippet:-1","max-image-preview":"max-image-preview:large","max-video-preview":"max-video-preview:-1"},"canonical":"http:\/\/reliquo.com\/es\/lecru-igt-terre-siciliane-zibibbo-astuccio-firriato\/","og_locale":"es_ES","og_type":"article","og_title":"L'ecru' IGT Terre Siciliane Zibibbo Astuccio - Firriato | Acquista Online su Reliquo","og_description":"Scopri L'ecru' IGT Terre Siciliane Zibibbo Astuccio - Firriato su Reliquo: qualit\u00e0 garantita, spedizioni rapide e prezzi competitivi. Ordina ora e approfitta delle nostre offerte esclusive.","og_url":"http:\/\/reliquo.com\/es\/lecru-igt-terre-siciliane-zibibbo-astuccio-firriato\/","og_site_name":"Reliquo","article_modified_time":"2025-12-18T14:43:35+00:00","og_image":[{"width":2500,"height":2500,"url":"https:\/\/reliquo.com\/wp-content\/uploads\/2025\/10\/LECRU-PASSITO-FIRRIATO-CL.50.png","type":"image\/png"}],"twitter_card":"summary_large_image","twitter_misc":{"Tiempo de lectura":"1 minuto"},"schema":{"@context":"https:\/\/schema.org","@graph":[{"@type":"WebPage","@id":"http:\/\/reliquo.com\/it\/lecru-igt-terre-siciliane-zibibbo-astuccio-firriato\/","url":"http:\/\/reliquo.com\/it\/lecru-igt-terre-siciliane-zibibbo-astuccio-firriato\/","name":"L'ecru' IGT Terre Siciliane Zibibbo Astuccio - Firriato | Acquista Online su Reliquo","isPartOf":{"@id":"https:\/\/reliquo.com\/es\/#website"},"primaryImageOfPage":{"@id":"http:\/\/reliquo.com\/it\/lecru-igt-terre-siciliane-zibibbo-astuccio-firriato\/#primaryimage"},"image":{"@id":"http:\/\/reliquo.com\/it\/lecru-igt-terre-siciliane-zibibbo-astuccio-firriato\/#primaryimage"},"thumbnailUrl":"https:\/\/reliquo.com\/wp-content\/uploads\/2025\/10\/LECRU-PASSITO-FIRRIATO-CL.50.png","datePublished":"2025-11-03T11:13:20+00:00","dateModified":"2025-12-18T14:43:35+00:00","description":"Scopri L'ecru' IGT Terre Siciliane Zibibbo Astuccio - Firriato su Reliquo: qualit\u00e0 garantita, spedizioni rapide e prezzi competitivi. Ordina ora e approfitta delle nostre offerte esclusive.","breadcrumb":{"@id":"http:\/\/reliquo.com\/it\/lecru-igt-terre-siciliane-zibibbo-astuccio-firriato\/#breadcrumb"},"inLanguage":"es","potentialAction":[{"@type":"ReadAction","target":["http:\/\/reliquo.com\/it\/lecru-igt-terre-siciliane-zibibbo-astuccio-firriato\/"]}]},{"@type":"ImageObject","inLanguage":"es","@id":"http:\/\/reliquo.com\/it\/lecru-igt-terre-siciliane-zibibbo-astuccio-firriato\/#primaryimage","url":"https:\/\/reliquo.com\/wp-content\/uploads\/2025\/10\/LECRU-PASSITO-FIRRIATO-CL.50.png","contentUrl":"https:\/\/reliquo.com\/wp-content\/uploads\/2025\/10\/LECRU-PASSITO-FIRRIATO-CL.50.png","width":2500,"height":2500,"caption":"Sherazade Sicilia Doc Nero d\u2019Avola \u2013 Donnafugata"},{"@type":"BreadcrumbList","@id":"http:\/\/reliquo.com\/it\/lecru-igt-terre-siciliane-zibibbo-astuccio-firriato\/#breadcrumb","itemListElement":[{"@type":"ListItem","position":1,"name":"Home","item":"http:\/\/reliquo.com\/it\/"},{"@type":"ListItem","position":2,"name":"Shop","item":"http:\/\/reliquo.com\/it\/shop\/"},{"@type":"ListItem","position":3,"name":"L&#8217;ecru&#8217; IGT Terre Siciliane Zibibbo Astuccio &#8211; Firriato"}]},{"@type":"WebSite","@id":"https:\/\/reliquo.com\/es\/#website","url":"https:\/\/reliquo.com\/es\/","name":"Reliquo","description":"Su tienda de vinos en l\u00ednea: descubra excelentes vinos, espirituosos y licores.","publisher":{"@id":"https:\/\/reliquo.com\/es\/#organization"},"potentialAction":[{"@type":"SearchAction","target":{"@type":"EntryPoint","urlTemplate":"https:\/\/reliquo.com\/es\/?s={search_term_string}"},"query-input":{"@type":"PropertyValueSpecification","valueRequired":true,"valueName":"search_term_string"}}],"inLanguage":"es"},{"@type":"Organization","@id":"https:\/\/reliquo.com\/es\/#organization","name":"Reliquo","url":"https:\/\/reliquo.com\/es\/","logo":{"@type":"ImageObject","inLanguage":"es","@id":"https:\/\/reliquo.com\/es\/#\/schema\/logo\/image\/","url":"https:\/\/reliquo.com\/wp-content\/uploads\/2024\/12\/cropped-favicon-1.png","contentUrl":"https:\/\/reliquo.com\/wp-content\/uploads\/2024\/12\/cropped-favicon-1.png","width":512,"height":512,"caption":"Reliquo"},"image":{"@id":"https:\/\/reliquo.com\/es\/#\/schema\/logo\/image\/"}}]}},"jetpack_sharing_enabled":true,"brands":[{"id":706,"name":"Bodega Firriato","slug":"bodega-firriato"}],"_links":{"self":[{"href":"https:\/\/reliquo.com\/es\/wp-json\/wp\/v2\/product\/4985","targetHints":{"allow":["GET"]}}],"collection":[{"href":"https:\/\/reliquo.com\/es\/wp-json\/wp\/v2\/product"}],"about":[{"href":"https:\/\/reliquo.com\/es\/wp-json\/wp\/v2\/types\/product"}],"wp:featuredmedia":[{"embeddable":true,"href":"https:\/\/reliquo.com\/es\/wp-json\/wp\/v2\/media\/4978"}],"wp:attachment":[{"href":"https:\/\/reliquo.com\/es\/wp-json\/wp\/v2\/media?parent=4985"}],"wp:term":[{"taxonomy":"pwb-brand","embeddable":true,"href":"https:\/\/reliquo.com\/es\/wp-json\/wp\/v2\/pwb-brand?post=4985"},{"taxonomy":"product_brand","embeddable":true,"href":"https:\/\/reliquo.com\/es\/wp-json\/wp\/v2\/product_brand?post=4985"},{"taxonomy":"product_cat","embeddable":true,"href":"https:\/\/reliquo.com\/es\/wp-json\/wp\/v2\/product_cat?post=4985"},{"taxonomy":"product_tag","embeddable":true,"href":"https:\/\/reliquo.com\/es\/wp-json\/wp\/v2\/product_tag?post=4985"}],"curies":[{"name":"wp","href":"https:\/\/api.w.org\/{rel}","templated":true}]}}