{"id":4367,"date":"2025-02-05T10:55:14","date_gmt":"2025-02-05T09:55:14","guid":{"rendered":"https:\/\/reliquo.com\/?post_type=product&#038;p=4367"},"modified":"2026-01-23T12:01:55","modified_gmt":"2026-01-23T11:01:55","slug":"ron-don-papa-baroko-edicion-limitada-petaca-70cl","status":"publish","type":"product","link":"https:\/\/reliquo.com\/es\/rum-don-papa-baroko-limited-edition-fiaschetta-70cl\/","title":{"rendered":"Ron Don Papa Baroko Edici\u00f3n Limitada + Petaca - 70cl"},"content":{"rendered":"<p>Un Don Papa original pero bajo una nueva apariencia, Baroko despliega toda su personalidad y car\u00e1cter distintivo gracias a un sabor pleno y exuberante, igual que la figura de Papa Isio, h\u00e9roe revolucionario y cham\u00e1n de la isla de Nigros, en Filipinas, recordado por sus guerras para conseguir la independencia de la isla. M\u00e1s dulce y menos seco que el Ron Don Papa de 7 a\u00f1os, el Baroko se elabora a partir de melazas de \"oro negro\" y se envejece durante a\u00f1os en barricas de ex-Bourbon en las laderas del monte Kanlaon para conseguir un sabor redondo y rico, \u00a1con gran br\u00edo!De color ligeramente \u00e1mbar y gran luminosidad, la nariz se abre con una explosi\u00f3n de aromas que van de las bayas de vainilla a la piel de c\u00edtricos, pasando por tonos m\u00e1s dulces de mango y coco, combinados con tonos ligeramente ahumados de caramelo y cr\u00e8me brul\u00e9e. El sabor es redondo, rico, c\u00e1lido, con reminiscencias de fruta tropical confitada y crema de vainilla sin llegar a ser empalagoso porque, en segundo lugar, aparece la frescura de la lima. El final es largo y crepitante, con notas de pasas sultanas y d\u00e1tiles, y un eco de madera tostada. Excelente para beber solo, con hielo o en su c\u00f3ctel favorito. Caja de regalo con Baroko y petaca<\/p>","protected":false},"excerpt":{"rendered":"<p>Originale Don Papa ma in una nuova veste, il Baroko mette in mostra tutta la sua personalit\u00e0 e il suo [&hellip;]<\/p>\n","protected":false},"featured_media":4372,"template":"","meta":{"site-sidebar-layout":"default","site-content-layout":"","ast-site-content-layout":"default","site-content-style":"default","site-sidebar-style":"default","ast-global-header-display":"","ast-banner-title-visibility":"","ast-main-header-display":"","ast-hfb-above-header-display":"","ast-hfb-below-header-display":"","ast-hfb-mobile-header-display":"","site-post-title":"","ast-breadcrumbs-content":"","ast-featured-img":"","footer-sml-layout":"","ast-disable-related-posts":"","theme-transparent-header-meta":"default","adv-header-id-meta":"","stick-header-meta":"default","header-above-stick-meta":"","header-main-stick-meta":"","header-below-stick-meta":"","astra-migrate-meta-layouts":"set","ast-page-background-enabled":"default","ast-page-background-meta":{"desktop":{"background-color":"var(--ast-global-color-4)","background-image":"","background-repeat":"repeat","background-position":"center center","background-size":"auto","background-attachment":"scroll","background-type":"","background-media":"","overlay-type":"","overlay-color":"","overlay-opacity":"","overlay-gradient":""},"tablet":{"background-color":"","background-image":"","background-repeat":"repeat","background-position":"center center","background-size":"auto","background-attachment":"scroll","background-type":"","background-media":"","overlay-type":"","overlay-color":"","overlay-opacity":"","overlay-gradient":""},"mobile":{"background-color":"","background-image":"","background-repeat":"repeat","background-position":"center center","background-size":"auto","background-attachment":"scroll","background-type":"","background-media":"","overlay-type":"","overlay-color":"","overlay-opacity":"","overlay-gradient":""}},"ast-content-background-meta":{"desktop":{"background-color":"var(--ast-global-color-5)","background-image":"","background-repeat":"repeat","background-position":"center center","background-size":"auto","background-attachment":"scroll","background-type":"","background-media":"","overlay-type":"","overlay-color":"","overlay-opacity":"","overlay-gradient":""},"tablet":{"background-color":"var(--ast-global-color-5)","background-image":"","background-repeat":"repeat","background-position":"center center","background-size":"auto","background-attachment":"scroll","background-type":"","background-media":"","overlay-type":"","overlay-color":"","overlay-opacity":"","overlay-gradient":""},"mobile":{"background-color":"var(--ast-global-color-5)","background-image":"","background-repeat":"repeat","background-position":"center center","background-size":"auto","background-attachment":"scroll","background-type":"","background-media":"","overlay-type":"","overlay-color":"","overlay-opacity":"","overlay-gradient":""}}},"pwb-brand":[735],"product_brand":[],"product_cat":[296],"product_tag":[365,364,757,371,363],"class_list":{"0":"post-4367","1":"product","2":"type-product","3":"status-publish","4":"has-post-thumbnail","6":"pwb-brand-the-bleeding-heart-rum-company","7":"product_cat-rum","8":"product_tag-baroko","9":"product_tag-don-papa","10":"product_tag-fiaschetta","11":"product_tag-limited-edition","12":"product_tag-rum","13":"desktop-align-center","14":"tablet-align-center","15":"mobile-align-center","16":"ast-product-gallery-layout-horizontal-slider","17":"ast-product-gallery-with-no-image","18":"ast-magnify-disabled","19":"ast-product-tabs-layout-horizontal","20":"ast-qv-on-image","22":"first","23":"instock","24":"sale","25":"shipping-taxable","26":"purchasable","27":"product-type-simple"},"yoast_head":"<!-- This site is optimized with the Yoast SEO plugin v27.2 - https:\/\/yoast.com\/product\/yoast-seo-wordpress\/ -->\n<title>Rum Don Papa Baroko Limited Edition + Fiaschetta - 70cl | Acquista Online su Reliquo<\/title>\n<meta name=\"description\" content=\"Scopri Rum Don Papa Baroko Limited Edition + Fiaschetta - 70cl su Reliquo: qualit\u00e0 garantita, spedizioni rapide e prezzi competitivi. Ordina ora e approfitta delle nostre offerte esclusive.\" \/>\n<meta name=\"robots\" content=\"index, follow, max-snippet:-1, max-image-preview:large, max-video-preview:-1\" \/>\n<link rel=\"canonical\" href=\"http:\/\/reliquo.com\/es\/ron-don-papa-baroko-edicion-limitada-petaca-70cl\/\" \/>\n<meta property=\"og:locale\" content=\"es_ES\" \/>\n<meta property=\"og:type\" content=\"article\" \/>\n<meta property=\"og:title\" content=\"Rum Don Papa Baroko Limited Edition + Fiaschetta - 70cl | Acquista Online su Reliquo\" \/>\n<meta property=\"og:description\" content=\"Scopri Rum Don Papa Baroko Limited Edition + Fiaschetta - 70cl su Reliquo: qualit\u00e0 garantita, spedizioni rapide e prezzi competitivi. Ordina ora e approfitta delle nostre offerte esclusive.\" \/>\n<meta property=\"og:url\" content=\"http:\/\/reliquo.com\/es\/ron-don-papa-baroko-edicion-limitada-petaca-70cl\/\" \/>\n<meta property=\"og:site_name\" content=\"Reliquo\" \/>\n<meta property=\"article:modified_time\" content=\"2026-01-23T11:01:55+00:00\" \/>\n<meta property=\"og:image\" content=\"https:\/\/reliquo.com\/wp-content\/uploads\/2025\/02\/rum-don-papa-baroko-fiaschetta-1024x1024.png\" \/>\n\t<meta property=\"og:image:width\" content=\"1024\" \/>\n\t<meta property=\"og:image:height\" content=\"1024\" \/>\n\t<meta property=\"og:image:type\" content=\"image\/png\" \/>\n<meta name=\"twitter:card\" content=\"summary_large_image\" \/>\n<meta name=\"twitter:label1\" content=\"Tiempo de lectura\" \/>\n\t<meta name=\"twitter:data1\" content=\"2 minutos\" \/>\n<script type=\"application\/ld+json\" class=\"yoast-schema-graph\">{\"@context\":\"https:\/\/schema.org\",\"@graph\":[{\"@type\":\"WebPage\",\"@id\":\"http:\/\/reliquo.com\/it\/rum-don-papa-baroko-limited-edition-fiaschetta-70cl\/\",\"url\":\"http:\/\/reliquo.com\/it\/rum-don-papa-baroko-limited-edition-fiaschetta-70cl\/\",\"name\":\"Rum Don Papa Baroko Limited Edition + Fiaschetta - 70cl | Acquista Online su Reliquo\",\"isPartOf\":{\"@id\":\"https:\/\/reliquo.com\/es\/#website\"},\"primaryImageOfPage\":{\"@id\":\"http:\/\/reliquo.com\/it\/rum-don-papa-baroko-limited-edition-fiaschetta-70cl\/#primaryimage\"},\"image\":{\"@id\":\"http:\/\/reliquo.com\/it\/rum-don-papa-baroko-limited-edition-fiaschetta-70cl\/#primaryimage\"},\"thumbnailUrl\":\"https:\/\/reliquo.com\/wp-content\/uploads\/2025\/02\/rum-don-papa-baroko-fiaschetta.png\",\"datePublished\":\"2025-02-05T09:55:14+00:00\",\"dateModified\":\"2026-01-23T11:01:55+00:00\",\"description\":\"Scopri Rum Don Papa Baroko Limited Edition + Fiaschetta - 70cl su Reliquo: qualit\u00e0 garantita, spedizioni rapide e prezzi competitivi. Ordina ora e approfitta delle nostre offerte esclusive.\",\"breadcrumb\":{\"@id\":\"http:\/\/reliquo.com\/it\/rum-don-papa-baroko-limited-edition-fiaschetta-70cl\/#breadcrumb\"},\"inLanguage\":\"es\",\"potentialAction\":[{\"@type\":\"ReadAction\",\"target\":[\"http:\/\/reliquo.com\/it\/rum-don-papa-baroko-limited-edition-fiaschetta-70cl\/\"]}]},{\"@type\":\"ImageObject\",\"inLanguage\":\"es\",\"@id\":\"http:\/\/reliquo.com\/it\/rum-don-papa-baroko-limited-edition-fiaschetta-70cl\/#primaryimage\",\"url\":\"https:\/\/reliquo.com\/wp-content\/uploads\/2025\/02\/rum-don-papa-baroko-fiaschetta.png\",\"contentUrl\":\"https:\/\/reliquo.com\/wp-content\/uploads\/2025\/02\/rum-don-papa-baroko-fiaschetta.png\",\"width\":3024,\"height\":3024,\"caption\":\"Rum Don Papa Baroko Limited Edition + Fiaschetta \u2013 70cl\"},{\"@type\":\"BreadcrumbList\",\"@id\":\"http:\/\/reliquo.com\/it\/rum-don-papa-baroko-limited-edition-fiaschetta-70cl\/#breadcrumb\",\"itemListElement\":[{\"@type\":\"ListItem\",\"position\":1,\"name\":\"Home\",\"item\":\"http:\/\/reliquo.com\/it\/\"},{\"@type\":\"ListItem\",\"position\":2,\"name\":\"Shop\",\"item\":\"http:\/\/reliquo.com\/it\/shop\/\"},{\"@type\":\"ListItem\",\"position\":3,\"name\":\"Rum Don Papa Baroko Limited Edition + Fiaschetta &#8211; 70cl\"}]},{\"@type\":\"WebSite\",\"@id\":\"https:\/\/reliquo.com\/es\/#website\",\"url\":\"https:\/\/reliquo.com\/es\/\",\"name\":\"Reliquo\",\"description\":\"La tua enoteca online: scopri vini, liquori e distillati d\u2019eccellenza.\",\"publisher\":{\"@id\":\"https:\/\/reliquo.com\/es\/#organization\"},\"potentialAction\":[{\"@type\":\"SearchAction\",\"target\":{\"@type\":\"EntryPoint\",\"urlTemplate\":\"https:\/\/reliquo.com\/es\/?s={search_term_string}\"},\"query-input\":{\"@type\":\"PropertyValueSpecification\",\"valueRequired\":true,\"valueName\":\"search_term_string\"}}],\"inLanguage\":\"es\"},{\"@type\":\"Organization\",\"@id\":\"https:\/\/reliquo.com\/es\/#organization\",\"name\":\"Reliquo\",\"url\":\"https:\/\/reliquo.com\/es\/\",\"logo\":{\"@type\":\"ImageObject\",\"inLanguage\":\"es\",\"@id\":\"https:\/\/reliquo.com\/es\/#\/schema\/logo\/image\/\",\"url\":\"https:\/\/reliquo.com\/wp-content\/uploads\/2024\/12\/cropped-favicon-1.png\",\"contentUrl\":\"https:\/\/reliquo.com\/wp-content\/uploads\/2024\/12\/cropped-favicon-1.png\",\"width\":512,\"height\":512,\"caption\":\"Reliquo\"},\"image\":{\"@id\":\"https:\/\/reliquo.com\/es\/#\/schema\/logo\/image\/\"}}]}<\/script>\n<!-- \/ Yoast SEO plugin. -->","yoast_head_json":{"title":"Ron Don Papa Baroko Edici\u00f3n Limitada + Petaca - 70cl | Comprar Online en Reliquo","description":"Descubra Ron Don Papa Baroko Limited Edition + Flask - 70cl en Reliquo: calidad garantizada, entrega r\u00e1pida y precios competitivos. Haga su pedido ahora y aproveche nuestras ofertas exclusivas.","robots":{"index":"index","follow":"follow","max-snippet":"max-snippet:-1","max-image-preview":"max-image-preview:large","max-video-preview":"max-video-preview:-1"},"canonical":"http:\/\/reliquo.com\/es\/ron-don-papa-baroko-edicion-limitada-petaca-70cl\/","og_locale":"es_ES","og_type":"article","og_title":"Rum Don Papa Baroko Limited Edition + Fiaschetta - 70cl | Acquista Online su Reliquo","og_description":"Scopri Rum Don Papa Baroko Limited Edition + Fiaschetta - 70cl su Reliquo: qualit\u00e0 garantita, spedizioni rapide e prezzi competitivi. Ordina ora e approfitta delle nostre offerte esclusive.","og_url":"http:\/\/reliquo.com\/es\/ron-don-papa-baroko-edicion-limitada-petaca-70cl\/","og_site_name":"Reliquo","article_modified_time":"2026-01-23T11:01:55+00:00","og_image":[{"width":1024,"height":1024,"url":"https:\/\/reliquo.com\/wp-content\/uploads\/2025\/02\/rum-don-papa-baroko-fiaschetta-1024x1024.png","type":"image\/png"}],"twitter_card":"summary_large_image","twitter_misc":{"Tiempo de lectura":"2 minutos"},"schema":{"@context":"https:\/\/schema.org","@graph":[{"@type":"WebPage","@id":"http:\/\/reliquo.com\/it\/rum-don-papa-baroko-limited-edition-fiaschetta-70cl\/","url":"http:\/\/reliquo.com\/it\/rum-don-papa-baroko-limited-edition-fiaschetta-70cl\/","name":"Ron Don Papa Baroko Edici\u00f3n Limitada + Petaca - 70cl | Comprar Online en Reliquo","isPartOf":{"@id":"https:\/\/reliquo.com\/es\/#website"},"primaryImageOfPage":{"@id":"http:\/\/reliquo.com\/it\/rum-don-papa-baroko-limited-edition-fiaschetta-70cl\/#primaryimage"},"image":{"@id":"http:\/\/reliquo.com\/it\/rum-don-papa-baroko-limited-edition-fiaschetta-70cl\/#primaryimage"},"thumbnailUrl":"https:\/\/reliquo.com\/wp-content\/uploads\/2025\/02\/rum-don-papa-baroko-fiaschetta.png","datePublished":"2025-02-05T09:55:14+00:00","dateModified":"2026-01-23T11:01:55+00:00","description":"Descubra Ron Don Papa Baroko Limited Edition + Flask - 70cl en Reliquo: calidad garantizada, entrega r\u00e1pida y precios competitivos. Haga su pedido ahora y aproveche nuestras ofertas exclusivas.","breadcrumb":{"@id":"http:\/\/reliquo.com\/it\/rum-don-papa-baroko-limited-edition-fiaschetta-70cl\/#breadcrumb"},"inLanguage":"es","potentialAction":[{"@type":"ReadAction","target":["http:\/\/reliquo.com\/it\/rum-don-papa-baroko-limited-edition-fiaschetta-70cl\/"]}]},{"@type":"ImageObject","inLanguage":"es","@id":"http:\/\/reliquo.com\/it\/rum-don-papa-baroko-limited-edition-fiaschetta-70cl\/#primaryimage","url":"https:\/\/reliquo.com\/wp-content\/uploads\/2025\/02\/rum-don-papa-baroko-fiaschetta.png","contentUrl":"https:\/\/reliquo.com\/wp-content\/uploads\/2025\/02\/rum-don-papa-baroko-fiaschetta.png","width":3024,"height":3024,"caption":"Rum Don Papa Baroko Limited Edition + Fiaschetta \u2013 70cl"},{"@type":"BreadcrumbList","@id":"http:\/\/reliquo.com\/it\/rum-don-papa-baroko-limited-edition-fiaschetta-70cl\/#breadcrumb","itemListElement":[{"@type":"ListItem","position":1,"name":"Home","item":"http:\/\/reliquo.com\/it\/"},{"@type":"ListItem","position":2,"name":"Shop","item":"http:\/\/reliquo.com\/it\/shop\/"},{"@type":"ListItem","position":3,"name":"Rum Don Papa Baroko Limited Edition + Fiaschetta &#8211; 70cl"}]},{"@type":"WebSite","@id":"https:\/\/reliquo.com\/es\/#website","url":"https:\/\/reliquo.com\/es\/","name":"Reliquo","description":"Su tienda de vinos en l\u00ednea: descubra excelentes vinos, espirituosos y licores.","publisher":{"@id":"https:\/\/reliquo.com\/es\/#organization"},"potentialAction":[{"@type":"SearchAction","target":{"@type":"EntryPoint","urlTemplate":"https:\/\/reliquo.com\/es\/?s={search_term_string}"},"query-input":{"@type":"PropertyValueSpecification","valueRequired":true,"valueName":"search_term_string"}}],"inLanguage":"es"},{"@type":"Organization","@id":"https:\/\/reliquo.com\/es\/#organization","name":"Reliquo","url":"https:\/\/reliquo.com\/es\/","logo":{"@type":"ImageObject","inLanguage":"es","@id":"https:\/\/reliquo.com\/es\/#\/schema\/logo\/image\/","url":"https:\/\/reliquo.com\/wp-content\/uploads\/2024\/12\/cropped-favicon-1.png","contentUrl":"https:\/\/reliquo.com\/wp-content\/uploads\/2024\/12\/cropped-favicon-1.png","width":512,"height":512,"caption":"Reliquo"},"image":{"@id":"https:\/\/reliquo.com\/es\/#\/schema\/logo\/image\/"}}]}},"jetpack_sharing_enabled":true,"brands":[{"id":735,"name":"La compa\u00f1\u00eda de ron Bleeding Heart","slug":"la-compania-de-ron-corazon-sangrante"}],"_links":{"self":[{"href":"https:\/\/reliquo.com\/es\/wp-json\/wp\/v2\/product\/4367","targetHints":{"allow":["GET"]}}],"collection":[{"href":"https:\/\/reliquo.com\/es\/wp-json\/wp\/v2\/product"}],"about":[{"href":"https:\/\/reliquo.com\/es\/wp-json\/wp\/v2\/types\/product"}],"wp:featuredmedia":[{"embeddable":true,"href":"https:\/\/reliquo.com\/es\/wp-json\/wp\/v2\/media\/4372"}],"wp:attachment":[{"href":"https:\/\/reliquo.com\/es\/wp-json\/wp\/v2\/media?parent=4367"}],"wp:term":[{"taxonomy":"pwb-brand","embeddable":true,"href":"https:\/\/reliquo.com\/es\/wp-json\/wp\/v2\/pwb-brand?post=4367"},{"taxonomy":"product_brand","embeddable":true,"href":"https:\/\/reliquo.com\/es\/wp-json\/wp\/v2\/product_brand?post=4367"},{"taxonomy":"product_cat","embeddable":true,"href":"https:\/\/reliquo.com\/es\/wp-json\/wp\/v2\/product_cat?post=4367"},{"taxonomy":"product_tag","embeddable":true,"href":"https:\/\/reliquo.com\/es\/wp-json\/wp\/v2\/product_tag?post=4367"}],"curies":[{"name":"wp","href":"https:\/\/api.w.org\/{rel}","templated":true}]}}