{"id":739,"date":"2024-12-17T15:19:04","date_gmt":"2024-12-17T14:19:04","guid":{"rendered":"https:\/\/reliquo.com\/?post_type=product&#038;p=739"},"modified":"2026-01-23T12:32:31","modified_gmt":"2026-01-23T11:32:31","slug":"davola-black-preola-ribs-2021-round-gorghi","status":"publish","type":"product","link":"https:\/\/reliquo.com\/en\/coste-a-preola-nero-davola-2021-gorghi-tondi\/","title":{"rendered":"Coste a Preola Nero d'Avola - Gorghi Tondi"},"content":{"rendered":"<p>Coste a Preola is the name chosen to pay homage to Sicily and its biodiversity: this is the name of the vineyards that lie in this western strip of the island, close to the Mediterranean Sea, in an area bordering the WWF Nature Reserve Lago Preola e Gorghi Tondi. The scents of Coste a Preola Nero d'Avola are an emblem of the beauty of a unique territory, which has been devoted to quality viticulture for millennia.<\/p>","protected":false},"excerpt":{"rendered":"<p>Coste a Preola \u00e8 il nome scelto per rendere omaggio alla Sicilia e alla sua biodiversit\u00e0: cos\u00ec si chiamano i [&hellip;]<\/p>\n","protected":false},"featured_media":369,"template":"","meta":{"site-sidebar-layout":"","site-content-layout":"","ast-site-content-layout":"","site-content-style":"","site-sidebar-style":"","ast-global-header-display":"","ast-banner-title-visibility":"","ast-main-header-display":"","ast-hfb-above-header-display":"","ast-hfb-below-header-display":"","ast-hfb-mobile-header-display":"","site-post-title":"","ast-breadcrumbs-content":"","ast-featured-img":"","footer-sml-layout":"","ast-disable-related-posts":"","theme-transparent-header-meta":"","adv-header-id-meta":"","stick-header-meta":"","header-above-stick-meta":"","header-main-stick-meta":"","header-below-stick-meta":"","astra-migrate-meta-layouts":"","ast-page-background-enabled":"default","ast-page-background-meta":{"desktop":{"background-color":"var(--ast-global-color-4)","background-image":"","background-repeat":"repeat","background-position":"center center","background-size":"auto","background-attachment":"scroll","background-type":"","background-media":"","overlay-type":"","overlay-color":"","overlay-opacity":"","overlay-gradient":""},"tablet":{"background-color":"","background-image":"","background-repeat":"repeat","background-position":"center center","background-size":"auto","background-attachment":"scroll","background-type":"","background-media":"","overlay-type":"","overlay-color":"","overlay-opacity":"","overlay-gradient":""},"mobile":{"background-color":"","background-image":"","background-repeat":"repeat","background-position":"center center","background-size":"auto","background-attachment":"scroll","background-type":"","background-media":"","overlay-type":"","overlay-color":"","overlay-opacity":"","overlay-gradient":""}},"ast-content-background-meta":{"desktop":{"background-color":"var(--ast-global-color-5)","background-image":"","background-repeat":"repeat","background-position":"center center","background-size":"auto","background-attachment":"scroll","background-type":"","background-media":"","overlay-type":"","overlay-color":"","overlay-opacity":"","overlay-gradient":""},"tablet":{"background-color":"var(--ast-global-color-5)","background-image":"","background-repeat":"repeat","background-position":"center center","background-size":"auto","background-attachment":"scroll","background-type":"","background-media":"","overlay-type":"","overlay-color":"","overlay-opacity":"","overlay-gradient":""},"mobile":{"background-color":"var(--ast-global-color-5)","background-image":"","background-repeat":"repeat","background-position":"center center","background-size":"auto","background-attachment":"scroll","background-type":"","background-media":"","overlay-type":"","overlay-color":"","overlay-opacity":"","overlay-gradient":""}}},"pwb-brand":[709],"product_brand":[],"product_cat":[299],"product_tag":[478,439,450,448,442],"class_list":{"0":"post-739","1":"product","2":"type-product","3":"status-publish","4":"has-post-thumbnail","6":"pwb-brand-cantine-gorghi-tondi","7":"product_cat-rossi","8":"product_tag-coste-a-preola","9":"product_tag-gorghi-tondi","10":"product_tag-nero-davola","11":"product_tag-rosso","12":"product_tag-vino","13":"desktop-align-center","14":"tablet-align-center","15":"mobile-align-center","16":"ast-product-gallery-layout-horizontal-slider","17":"ast-product-gallery-with-no-image","18":"ast-magnify-disabled","19":"ast-product-tabs-layout-horizontal","20":"ast-qv-on-image","22":"first","23":"outofstock","24":"shipping-taxable","25":"purchasable","26":"product-type-simple"},"yoast_head":"<!-- This site is optimized with the Yoast SEO plugin v27.4 - https:\/\/yoast.com\/product\/yoast-seo-wordpress\/ -->\n<title>Coste a Preola Nero d&#039;Avola - Gorghi Tondi | Acquista Online su Reliquo<\/title>\n<meta name=\"description\" content=\"Scopri Coste a Preola Nero d&#039;Avola - Gorghi Tondi su Reliquo: qualit\u00e0 garantita, spedizioni rapide e prezzi competitivi. Ordina ora e approfitta delle nostre offerte esclusive.\" \/>\n<meta name=\"robots\" content=\"index, follow, max-snippet:-1, max-image-preview:large, max-video-preview:-1\" \/>\n<link rel=\"canonical\" href=\"http:\/\/reliquo.com\/en\/davola-black-preola-ribs-2021-round-gorghi\/\" \/>\n<meta property=\"og:locale\" content=\"en_GB\" \/>\n<meta property=\"og:type\" content=\"article\" \/>\n<meta property=\"og:title\" content=\"Coste a Preola Nero d&#039;Avola - Gorghi Tondi | Acquista Online su Reliquo\" \/>\n<meta property=\"og:description\" content=\"Scopri Coste a Preola Nero d&#039;Avola - Gorghi Tondi su Reliquo: qualit\u00e0 garantita, spedizioni rapide e prezzi competitivi. Ordina ora e approfitta delle nostre offerte esclusive.\" \/>\n<meta property=\"og:url\" content=\"http:\/\/reliquo.com\/en\/davola-black-preola-ribs-2021-round-gorghi\/\" \/>\n<meta property=\"og:site_name\" content=\"Reliquo\" \/>\n<meta property=\"article:modified_time\" content=\"2026-01-23T11:32:31+00:00\" \/>\n<meta property=\"og:image\" content=\"https:\/\/reliquo.com\/wp-content\/uploads\/2024\/12\/Gorghi-Tondi-Coste-a-Preola-Nero-dAvola.png\" \/>\n\t<meta property=\"og:image:width\" content=\"3024\" \/>\n\t<meta property=\"og:image:height\" content=\"3024\" \/>\n\t<meta property=\"og:image:type\" content=\"image\/png\" \/>\n<meta name=\"twitter:card\" content=\"summary_large_image\" \/>\n<script type=\"application\/ld+json\" class=\"yoast-schema-graph\">{\"@context\":\"https:\\\/\\\/schema.org\",\"@graph\":[{\"@type\":\"WebPage\",\"@id\":\"http:\\\/\\\/reliquo.com\\\/it\\\/coste-a-preola-nero-davola-2021-gorghi-tondi\\\/\",\"url\":\"http:\\\/\\\/reliquo.com\\\/it\\\/coste-a-preola-nero-davola-2021-gorghi-tondi\\\/\",\"name\":\"Coste a Preola Nero d'Avola - Gorghi Tondi | Acquista Online su Reliquo\",\"isPartOf\":{\"@id\":\"https:\\\/\\\/reliquo.com\\\/es\\\/#website\"},\"primaryImageOfPage\":{\"@id\":\"http:\\\/\\\/reliquo.com\\\/it\\\/coste-a-preola-nero-davola-2021-gorghi-tondi\\\/#primaryimage\"},\"image\":{\"@id\":\"http:\\\/\\\/reliquo.com\\\/it\\\/coste-a-preola-nero-davola-2021-gorghi-tondi\\\/#primaryimage\"},\"thumbnailUrl\":\"https:\\\/\\\/reliquo.com\\\/wp-content\\\/uploads\\\/2024\\\/12\\\/Gorghi-Tondi-Coste-a-Preola-Nero-dAvola.png\",\"datePublished\":\"2024-12-17T14:19:04+00:00\",\"dateModified\":\"2026-01-23T11:32:31+00:00\",\"description\":\"Scopri Coste a Preola Nero d'Avola - Gorghi Tondi su Reliquo: qualit\u00e0 garantita, spedizioni rapide e prezzi competitivi. Ordina ora e approfitta delle nostre offerte esclusive.\",\"breadcrumb\":{\"@id\":\"http:\\\/\\\/reliquo.com\\\/it\\\/coste-a-preola-nero-davola-2021-gorghi-tondi\\\/#breadcrumb\"},\"inLanguage\":\"en-GB\",\"potentialAction\":[{\"@type\":\"ReadAction\",\"target\":[\"http:\\\/\\\/reliquo.com\\\/it\\\/coste-a-preola-nero-davola-2021-gorghi-tondi\\\/\"]}]},{\"@type\":\"ImageObject\",\"inLanguage\":\"en-GB\",\"@id\":\"http:\\\/\\\/reliquo.com\\\/it\\\/coste-a-preola-nero-davola-2021-gorghi-tondi\\\/#primaryimage\",\"url\":\"https:\\\/\\\/reliquo.com\\\/wp-content\\\/uploads\\\/2024\\\/12\\\/Gorghi-Tondi-Coste-a-Preola-Nero-dAvola.png\",\"contentUrl\":\"https:\\\/\\\/reliquo.com\\\/wp-content\\\/uploads\\\/2024\\\/12\\\/Gorghi-Tondi-Coste-a-Preola-Nero-dAvola.png\",\"width\":3024,\"height\":3024,\"caption\":\"Coste a Preola Nero d\u2019Avola \u2013 Gorghi Tondi\"},{\"@type\":\"BreadcrumbList\",\"@id\":\"http:\\\/\\\/reliquo.com\\\/it\\\/coste-a-preola-nero-davola-2021-gorghi-tondi\\\/#breadcrumb\",\"itemListElement\":[{\"@type\":\"ListItem\",\"position\":1,\"name\":\"Home\",\"item\":\"http:\\\/\\\/reliquo.com\\\/it\\\/\"},{\"@type\":\"ListItem\",\"position\":2,\"name\":\"Shop\",\"item\":\"http:\\\/\\\/reliquo.com\\\/it\\\/shop\\\/\"},{\"@type\":\"ListItem\",\"position\":3,\"name\":\"Coste a Preola Nero d&#8217;Avola &#8211; Gorghi Tondi\"}]},{\"@type\":\"WebSite\",\"@id\":\"https:\\\/\\\/reliquo.com\\\/es\\\/#website\",\"url\":\"https:\\\/\\\/reliquo.com\\\/es\\\/\",\"name\":\"Reliquo\",\"description\":\"La tua enoteca online: scopri vini, liquori e distillati d\u2019eccellenza.\",\"publisher\":{\"@id\":\"https:\\\/\\\/reliquo.com\\\/es\\\/#organization\"},\"potentialAction\":[{\"@type\":\"SearchAction\",\"target\":{\"@type\":\"EntryPoint\",\"urlTemplate\":\"https:\\\/\\\/reliquo.com\\\/es\\\/?s={search_term_string}\"},\"query-input\":{\"@type\":\"PropertyValueSpecification\",\"valueRequired\":true,\"valueName\":\"search_term_string\"}}],\"inLanguage\":\"en-GB\"},{\"@type\":\"Organization\",\"@id\":\"https:\\\/\\\/reliquo.com\\\/es\\\/#organization\",\"name\":\"Reliquo\",\"url\":\"https:\\\/\\\/reliquo.com\\\/es\\\/\",\"logo\":{\"@type\":\"ImageObject\",\"inLanguage\":\"en-GB\",\"@id\":\"https:\\\/\\\/reliquo.com\\\/es\\\/#\\\/schema\\\/logo\\\/image\\\/\",\"url\":\"https:\\\/\\\/reliquo.com\\\/wp-content\\\/uploads\\\/2024\\\/12\\\/cropped-favicon-1.png\",\"contentUrl\":\"https:\\\/\\\/reliquo.com\\\/wp-content\\\/uploads\\\/2024\\\/12\\\/cropped-favicon-1.png\",\"width\":512,\"height\":512,\"caption\":\"Reliquo\"},\"image\":{\"@id\":\"https:\\\/\\\/reliquo.com\\\/es\\\/#\\\/schema\\\/logo\\\/image\\\/\"}}]}<\/script>\n<!-- \/ Yoast SEO plugin. -->","yoast_head_json":{"title":"Coste a Preola Nero d'Avola - Gorghi Tondi | Acquista Online su Reliquo","description":"Scopri Coste a Preola Nero d'Avola - Gorghi Tondi su Reliquo: qualit\u00e0 garantita, spedizioni rapide e prezzi competitivi. Ordina ora e approfitta delle nostre offerte esclusive.","robots":{"index":"index","follow":"follow","max-snippet":"max-snippet:-1","max-image-preview":"max-image-preview:large","max-video-preview":"max-video-preview:-1"},"canonical":"http:\/\/reliquo.com\/en\/davola-black-preola-ribs-2021-round-gorghi\/","og_locale":"en_GB","og_type":"article","og_title":"Coste a Preola Nero d'Avola - Gorghi Tondi | Acquista Online su Reliquo","og_description":"Scopri Coste a Preola Nero d'Avola - Gorghi Tondi su Reliquo: qualit\u00e0 garantita, spedizioni rapide e prezzi competitivi. Ordina ora e approfitta delle nostre offerte esclusive.","og_url":"http:\/\/reliquo.com\/en\/davola-black-preola-ribs-2021-round-gorghi\/","og_site_name":"Reliquo","article_modified_time":"2026-01-23T11:32:31+00:00","og_image":[{"width":3024,"height":3024,"url":"https:\/\/reliquo.com\/wp-content\/uploads\/2024\/12\/Gorghi-Tondi-Coste-a-Preola-Nero-dAvola.png","type":"image\/png"}],"twitter_card":"summary_large_image","schema":{"@context":"https:\/\/schema.org","@graph":[{"@type":"WebPage","@id":"http:\/\/reliquo.com\/it\/coste-a-preola-nero-davola-2021-gorghi-tondi\/","url":"http:\/\/reliquo.com\/it\/coste-a-preola-nero-davola-2021-gorghi-tondi\/","name":"Coste a Preola Nero d'Avola - Gorghi Tondi | Acquista Online su Reliquo","isPartOf":{"@id":"https:\/\/reliquo.com\/es\/#website"},"primaryImageOfPage":{"@id":"http:\/\/reliquo.com\/it\/coste-a-preola-nero-davola-2021-gorghi-tondi\/#primaryimage"},"image":{"@id":"http:\/\/reliquo.com\/it\/coste-a-preola-nero-davola-2021-gorghi-tondi\/#primaryimage"},"thumbnailUrl":"https:\/\/reliquo.com\/wp-content\/uploads\/2024\/12\/Gorghi-Tondi-Coste-a-Preola-Nero-dAvola.png","datePublished":"2024-12-17T14:19:04+00:00","dateModified":"2026-01-23T11:32:31+00:00","description":"Scopri Coste a Preola Nero d'Avola - Gorghi Tondi su Reliquo: qualit\u00e0 garantita, spedizioni rapide e prezzi competitivi. Ordina ora e approfitta delle nostre offerte esclusive.","breadcrumb":{"@id":"http:\/\/reliquo.com\/it\/coste-a-preola-nero-davola-2021-gorghi-tondi\/#breadcrumb"},"inLanguage":"en-GB","potentialAction":[{"@type":"ReadAction","target":["http:\/\/reliquo.com\/it\/coste-a-preola-nero-davola-2021-gorghi-tondi\/"]}]},{"@type":"ImageObject","inLanguage":"en-GB","@id":"http:\/\/reliquo.com\/it\/coste-a-preola-nero-davola-2021-gorghi-tondi\/#primaryimage","url":"https:\/\/reliquo.com\/wp-content\/uploads\/2024\/12\/Gorghi-Tondi-Coste-a-Preola-Nero-dAvola.png","contentUrl":"https:\/\/reliquo.com\/wp-content\/uploads\/2024\/12\/Gorghi-Tondi-Coste-a-Preola-Nero-dAvola.png","width":3024,"height":3024,"caption":"Coste a Preola Nero d\u2019Avola \u2013 Gorghi Tondi"},{"@type":"BreadcrumbList","@id":"http:\/\/reliquo.com\/it\/coste-a-preola-nero-davola-2021-gorghi-tondi\/#breadcrumb","itemListElement":[{"@type":"ListItem","position":1,"name":"Home","item":"http:\/\/reliquo.com\/it\/"},{"@type":"ListItem","position":2,"name":"Shop","item":"http:\/\/reliquo.com\/it\/shop\/"},{"@type":"ListItem","position":3,"name":"Coste a Preola Nero d&#8217;Avola &#8211; Gorghi Tondi"}]},{"@type":"WebSite","@id":"https:\/\/reliquo.com\/es\/#website","url":"https:\/\/reliquo.com\/es\/","name":"Reliquo","description":"Your online wine shop: discover excellent wines, spirits and liqueurs.","publisher":{"@id":"https:\/\/reliquo.com\/es\/#organization"},"potentialAction":[{"@type":"SearchAction","target":{"@type":"EntryPoint","urlTemplate":"https:\/\/reliquo.com\/es\/?s={search_term_string}"},"query-input":{"@type":"PropertyValueSpecification","valueRequired":true,"valueName":"search_term_string"}}],"inLanguage":"en-GB"},{"@type":"Organization","@id":"https:\/\/reliquo.com\/es\/#organization","name":"Reliquo","url":"https:\/\/reliquo.com\/es\/","logo":{"@type":"ImageObject","inLanguage":"en-GB","@id":"https:\/\/reliquo.com\/es\/#\/schema\/logo\/image\/","url":"https:\/\/reliquo.com\/wp-content\/uploads\/2024\/12\/cropped-favicon-1.png","contentUrl":"https:\/\/reliquo.com\/wp-content\/uploads\/2024\/12\/cropped-favicon-1.png","width":512,"height":512,"caption":"Reliquo"},"image":{"@id":"https:\/\/reliquo.com\/es\/#\/schema\/logo\/image\/"}}]}},"jetpack_sharing_enabled":true,"brands":[{"id":709,"name":"Gorghi Tondi Cellars","slug":"round-gorghi-wineries"}],"_links":{"self":[{"href":"https:\/\/reliquo.com\/en\/wp-json\/wp\/v2\/product\/739","targetHints":{"allow":["GET"]}}],"collection":[{"href":"https:\/\/reliquo.com\/en\/wp-json\/wp\/v2\/product"}],"about":[{"href":"https:\/\/reliquo.com\/en\/wp-json\/wp\/v2\/types\/product"}],"wp:featuredmedia":[{"embeddable":true,"href":"https:\/\/reliquo.com\/en\/wp-json\/wp\/v2\/media\/369"}],"wp:attachment":[{"href":"https:\/\/reliquo.com\/en\/wp-json\/wp\/v2\/media?parent=739"}],"wp:term":[{"taxonomy":"pwb-brand","embeddable":true,"href":"https:\/\/reliquo.com\/en\/wp-json\/wp\/v2\/pwb-brand?post=739"},{"taxonomy":"product_brand","embeddable":true,"href":"https:\/\/reliquo.com\/en\/wp-json\/wp\/v2\/product_brand?post=739"},{"taxonomy":"product_cat","embeddable":true,"href":"https:\/\/reliquo.com\/en\/wp-json\/wp\/v2\/product_cat?post=739"},{"taxonomy":"product_tag","embeddable":true,"href":"https:\/\/reliquo.com\/en\/wp-json\/wp\/v2\/product_tag?post=739"}],"curies":[{"name":"wp","href":"https:\/\/api.w.org\/{rel}","templated":true}]}}