{"id":722,"date":"2024-12-17T15:19:01","date_gmt":"2024-12-17T14:19:01","guid":{"rendered":"https:\/\/reliquo.com\/?post_type=product&#038;p=722"},"modified":"2025-12-18T15:43:28","modified_gmt":"2025-12-18T14:43:28","slug":"volare-viogner-cantina-fina","status":"publish","type":"product","link":"https:\/\/reliquo.com\/en\/vola-vola-viogner-cantina-fina\/","title":{"rendered":"Vola Viogner - Fin\u00e0 Winery"},"content":{"rendered":"<p>Viognier 'Vola Vola' from Cantine Fina is a Sicilian white wine from the Marsala area. This famous white grape variety, originally from the Rhone valley and in particular from the Condrieu area, particularly likes sunny and very windy exposures. It has found in the hilly area of western Sicily the ideal conditions to express itself on interesting qualitative levels. Vinification only in stainless steel allows the wine to preserve its characteristic soft, rich and seductive fruit aromas, ranging from peach to apricot and tropical fruit. It is an intense, ripe white with a pleasantly satisfying sip. 'Vola Vola' is a Viognier produced by one of the most important wineries in the Marsala area. In 2005, the Fina family bought a Baglio in Contrada Bausa, in the area north of Marsala, and today they run an estate of around 50 hectares, producing quality wines. The area has proven to be very suitable, not only for the main native Sicilian grape varieties, but also for many international grapes, which express themselves here with a particular profile, characterised by connotations typical of an area with a Mediterranean climate. In just a few decades, Cantine Fina has made a name for itself on the Sicilian wine scene thanks to an unwavering commitment to enhancing the value of each grape variety by cultivating it in the most suitable location and microclimate. Thanks to the central attention devoted to the vineyard park, it succeeds in producing labels with great personality.Cantina Fina's 'Vola Vola' Viognier is made with grapes from vineyards cultivated at an altitude of around 600 metres above sea level, so that the climate is cooler and milder. After soft pressing, the must ferments in temperature-controlled steel tanks. Before bottling, the wine matures for several months in steel tanks. It presents a luminous straw yellow colour. The aromatic profile is intense and seductive, with aromas of citrus, white peach, apricot, tropical fruit, floral nuances and hints of iodine. The palate is rich and harmonious, with ripe fruit, anticipating a fresh, savoury finish. An ideal white for those seeking fruit, softness and balance.<\/p>","protected":false},"excerpt":{"rendered":"<p>Viognier &#8220;Vola Vola&#8221; di Cantine Fina \u00e8 un bianco siciliano, che proviene dalla zona di Marsala. Il celebre vitigno a [&hellip;]<\/p>\n","protected":false},"featured_media":300,"template":"","meta":{"site-sidebar-layout":"","site-content-layout":"","ast-site-content-layout":"","site-content-style":"","site-sidebar-style":"","ast-global-header-display":"","ast-banner-title-visibility":"","ast-main-header-display":"","ast-hfb-above-header-display":"","ast-hfb-below-header-display":"","ast-hfb-mobile-header-display":"","site-post-title":"","ast-breadcrumbs-content":"","ast-featured-img":"","footer-sml-layout":"","ast-disable-related-posts":"","theme-transparent-header-meta":"","adv-header-id-meta":"","stick-header-meta":"","header-above-stick-meta":"","header-main-stick-meta":"","header-below-stick-meta":"","astra-migrate-meta-layouts":"","ast-page-background-enabled":"default","ast-page-background-meta":{"desktop":{"background-color":"var(--ast-global-color-4)","background-image":"","background-repeat":"repeat","background-position":"center center","background-size":"auto","background-attachment":"scroll","background-type":"","background-media":"","overlay-type":"","overlay-color":"","overlay-opacity":"","overlay-gradient":""},"tablet":{"background-color":"","background-image":"","background-repeat":"repeat","background-position":"center center","background-size":"auto","background-attachment":"scroll","background-type":"","background-media":"","overlay-type":"","overlay-color":"","overlay-opacity":"","overlay-gradient":""},"mobile":{"background-color":"","background-image":"","background-repeat":"repeat","background-position":"center center","background-size":"auto","background-attachment":"scroll","background-type":"","background-media":"","overlay-type":"","overlay-color":"","overlay-opacity":"","overlay-gradient":""}},"ast-content-background-meta":{"desktop":{"background-color":"var(--ast-global-color-5)","background-image":"","background-repeat":"repeat","background-position":"center center","background-size":"auto","background-attachment":"scroll","background-type":"","background-media":"","overlay-type":"","overlay-color":"","overlay-opacity":"","overlay-gradient":""},"tablet":{"background-color":"var(--ast-global-color-5)","background-image":"","background-repeat":"repeat","background-position":"center center","background-size":"auto","background-attachment":"scroll","background-type":"","background-media":"","overlay-type":"","overlay-color":"","overlay-opacity":"","overlay-gradient":""},"mobile":{"background-color":"var(--ast-global-color-5)","background-image":"","background-repeat":"repeat","background-position":"center center","background-size":"auto","background-attachment":"scroll","background-type":"","background-media":"","overlay-type":"","overlay-color":"","overlay-opacity":"","overlay-gradient":""}}},"pwb-brand":[689],"product_brand":[],"product_cat":[298],"product_tag":[443,447,442,456,457],"class_list":{"0":"post-722","1":"product","2":"type-product","3":"status-publish","4":"has-post-thumbnail","6":"pwb-brand-cantine-fina","7":"product_cat-bianchi","8":"product_tag-bianco","9":"product_tag-fina","10":"product_tag-vino","11":"product_tag-viogner","12":"product_tag-vola-vola","13":"desktop-align-center","14":"tablet-align-center","15":"mobile-align-center","16":"ast-product-gallery-layout-horizontal-slider","17":"ast-product-gallery-with-no-image","18":"ast-magnify-disabled","19":"ast-product-tabs-layout-horizontal","20":"ast-qv-on-image","22":"first","23":"outofstock","24":"shipping-taxable","25":"purchasable","26":"product-type-simple"},"yoast_head":"<!-- This site is optimized with the Yoast SEO plugin v27.4 - https:\/\/yoast.com\/product\/yoast-seo-wordpress\/ -->\n<title>Vola Vola Viogner - Cantina Fin\u00e0 | Acquista Online su Reliquo<\/title>\n<meta name=\"description\" content=\"Scopri Vola Vola Viogner - Cantina Fin\u00e0 su Reliquo: qualit\u00e0 garantita, spedizioni rapide e prezzi competitivi. Ordina ora e approfitta delle nostre offerte esclusive.\" \/>\n<meta name=\"robots\" content=\"index, follow, max-snippet:-1, max-image-preview:large, max-video-preview:-1\" \/>\n<link rel=\"canonical\" href=\"http:\/\/reliquo.com\/en\/volare-viogner-cantina-fina\/\" \/>\n<meta property=\"og:locale\" content=\"en_GB\" \/>\n<meta property=\"og:type\" content=\"article\" \/>\n<meta property=\"og:title\" content=\"Vola Vola Viogner - Cantina Fin\u00e0 | Acquista Online su Reliquo\" \/>\n<meta property=\"og:description\" content=\"Scopri Vola Vola Viogner - Cantina Fin\u00e0 su Reliquo: qualit\u00e0 garantita, spedizioni rapide e prezzi competitivi. Ordina ora e approfitta delle nostre offerte esclusive.\" \/>\n<meta property=\"og:url\" content=\"http:\/\/reliquo.com\/en\/volare-viogner-cantina-fina\/\" \/>\n<meta property=\"og:site_name\" content=\"Reliquo\" \/>\n<meta property=\"article:modified_time\" content=\"2025-12-18T14:43:28+00:00\" \/>\n<meta property=\"og:image\" content=\"https:\/\/reliquo.com\/wp-content\/uploads\/2024\/12\/Fina-Vola-Vola-Viognier.png\" \/>\n\t<meta property=\"og:image:width\" content=\"3024\" \/>\n\t<meta property=\"og:image:height\" content=\"3024\" \/>\n\t<meta property=\"og:image:type\" content=\"image\/png\" \/>\n<meta name=\"twitter:card\" content=\"summary_large_image\" \/>\n<meta name=\"twitter:label1\" content=\"Estimated reading time\" \/>\n\t<meta name=\"twitter:data1\" content=\"2 minutes\" \/>\n<script type=\"application\/ld+json\" class=\"yoast-schema-graph\">{\"@context\":\"https:\\\/\\\/schema.org\",\"@graph\":[{\"@type\":\"WebPage\",\"@id\":\"http:\\\/\\\/reliquo.com\\\/it\\\/vola-vola-viogner-cantina-fina\\\/\",\"url\":\"http:\\\/\\\/reliquo.com\\\/it\\\/vola-vola-viogner-cantina-fina\\\/\",\"name\":\"Vola Vola Viogner - Cantina Fin\u00e0 | Acquista Online su Reliquo\",\"isPartOf\":{\"@id\":\"https:\\\/\\\/reliquo.com\\\/es\\\/#website\"},\"primaryImageOfPage\":{\"@id\":\"http:\\\/\\\/reliquo.com\\\/it\\\/vola-vola-viogner-cantina-fina\\\/#primaryimage\"},\"image\":{\"@id\":\"http:\\\/\\\/reliquo.com\\\/it\\\/vola-vola-viogner-cantina-fina\\\/#primaryimage\"},\"thumbnailUrl\":\"https:\\\/\\\/reliquo.com\\\/wp-content\\\/uploads\\\/2024\\\/12\\\/Fina-Vola-Vola-Viognier.png\",\"datePublished\":\"2024-12-17T14:19:01+00:00\",\"dateModified\":\"2025-12-18T14:43:28+00:00\",\"description\":\"Scopri Vola Vola Viogner - Cantina Fin\u00e0 su Reliquo: qualit\u00e0 garantita, spedizioni rapide e prezzi competitivi. Ordina ora e approfitta delle nostre offerte esclusive.\",\"breadcrumb\":{\"@id\":\"http:\\\/\\\/reliquo.com\\\/it\\\/vola-vola-viogner-cantina-fina\\\/#breadcrumb\"},\"inLanguage\":\"en-GB\",\"potentialAction\":[{\"@type\":\"ReadAction\",\"target\":[\"http:\\\/\\\/reliquo.com\\\/it\\\/vola-vola-viogner-cantina-fina\\\/\"]}]},{\"@type\":\"ImageObject\",\"inLanguage\":\"en-GB\",\"@id\":\"http:\\\/\\\/reliquo.com\\\/it\\\/vola-vola-viogner-cantina-fina\\\/#primaryimage\",\"url\":\"https:\\\/\\\/reliquo.com\\\/wp-content\\\/uploads\\\/2024\\\/12\\\/Fina-Vola-Vola-Viognier.png\",\"contentUrl\":\"https:\\\/\\\/reliquo.com\\\/wp-content\\\/uploads\\\/2024\\\/12\\\/Fina-Vola-Vola-Viognier.png\",\"width\":3024,\"height\":3024,\"caption\":\"Vola Vola Viogner \u2013 Cantina Fin\u00e0\"},{\"@type\":\"BreadcrumbList\",\"@id\":\"http:\\\/\\\/reliquo.com\\\/it\\\/vola-vola-viogner-cantina-fina\\\/#breadcrumb\",\"itemListElement\":[{\"@type\":\"ListItem\",\"position\":1,\"name\":\"Home\",\"item\":\"http:\\\/\\\/reliquo.com\\\/it\\\/\"},{\"@type\":\"ListItem\",\"position\":2,\"name\":\"Shop\",\"item\":\"http:\\\/\\\/reliquo.com\\\/it\\\/shop\\\/\"},{\"@type\":\"ListItem\",\"position\":3,\"name\":\"Vola Vola Viogner &#8211; Cantina Fin\u00e0\"}]},{\"@type\":\"WebSite\",\"@id\":\"https:\\\/\\\/reliquo.com\\\/es\\\/#website\",\"url\":\"https:\\\/\\\/reliquo.com\\\/es\\\/\",\"name\":\"Reliquo\",\"description\":\"La tua enoteca online: scopri vini, liquori e distillati d\u2019eccellenza.\",\"publisher\":{\"@id\":\"https:\\\/\\\/reliquo.com\\\/es\\\/#organization\"},\"potentialAction\":[{\"@type\":\"SearchAction\",\"target\":{\"@type\":\"EntryPoint\",\"urlTemplate\":\"https:\\\/\\\/reliquo.com\\\/es\\\/?s={search_term_string}\"},\"query-input\":{\"@type\":\"PropertyValueSpecification\",\"valueRequired\":true,\"valueName\":\"search_term_string\"}}],\"inLanguage\":\"en-GB\"},{\"@type\":\"Organization\",\"@id\":\"https:\\\/\\\/reliquo.com\\\/es\\\/#organization\",\"name\":\"Reliquo\",\"url\":\"https:\\\/\\\/reliquo.com\\\/es\\\/\",\"logo\":{\"@type\":\"ImageObject\",\"inLanguage\":\"en-GB\",\"@id\":\"https:\\\/\\\/reliquo.com\\\/es\\\/#\\\/schema\\\/logo\\\/image\\\/\",\"url\":\"https:\\\/\\\/reliquo.com\\\/wp-content\\\/uploads\\\/2024\\\/12\\\/cropped-favicon-1.png\",\"contentUrl\":\"https:\\\/\\\/reliquo.com\\\/wp-content\\\/uploads\\\/2024\\\/12\\\/cropped-favicon-1.png\",\"width\":512,\"height\":512,\"caption\":\"Reliquo\"},\"image\":{\"@id\":\"https:\\\/\\\/reliquo.com\\\/es\\\/#\\\/schema\\\/logo\\\/image\\\/\"}}]}<\/script>\n<!-- \/ Yoast SEO plugin. -->","yoast_head_json":{"title":"Vola Vola Viogner - Fin\u00e0 Winery | Buy Online at Reliquo","description":"Discover Vola Viogner - Cantina Fin\u00e0 at Reliquo: guaranteed quality, fast delivery and competitive prices. Order now and take advantage of our exclusive offers.","robots":{"index":"index","follow":"follow","max-snippet":"max-snippet:-1","max-image-preview":"max-image-preview:large","max-video-preview":"max-video-preview:-1"},"canonical":"http:\/\/reliquo.com\/en\/volare-viogner-cantina-fina\/","og_locale":"en_GB","og_type":"article","og_title":"Vola Vola Viogner - Cantina Fin\u00e0 | Acquista Online su Reliquo","og_description":"Scopri Vola Vola Viogner - Cantina Fin\u00e0 su Reliquo: qualit\u00e0 garantita, spedizioni rapide e prezzi competitivi. Ordina ora e approfitta delle nostre offerte esclusive.","og_url":"http:\/\/reliquo.com\/en\/volare-viogner-cantina-fina\/","og_site_name":"Reliquo","article_modified_time":"2025-12-18T14:43:28+00:00","og_image":[{"width":3024,"height":3024,"url":"https:\/\/reliquo.com\/wp-content\/uploads\/2024\/12\/Fina-Vola-Vola-Viognier.png","type":"image\/png"}],"twitter_card":"summary_large_image","twitter_misc":{"Estimated reading time":"2 minutes"},"schema":{"@context":"https:\/\/schema.org","@graph":[{"@type":"WebPage","@id":"http:\/\/reliquo.com\/it\/vola-vola-viogner-cantina-fina\/","url":"http:\/\/reliquo.com\/it\/vola-vola-viogner-cantina-fina\/","name":"Vola Vola Viogner - Fin\u00e0 Winery | Buy Online at Reliquo","isPartOf":{"@id":"https:\/\/reliquo.com\/es\/#website"},"primaryImageOfPage":{"@id":"http:\/\/reliquo.com\/it\/vola-vola-viogner-cantina-fina\/#primaryimage"},"image":{"@id":"http:\/\/reliquo.com\/it\/vola-vola-viogner-cantina-fina\/#primaryimage"},"thumbnailUrl":"https:\/\/reliquo.com\/wp-content\/uploads\/2024\/12\/Fina-Vola-Vola-Viognier.png","datePublished":"2024-12-17T14:19:01+00:00","dateModified":"2025-12-18T14:43:28+00:00","description":"Discover Vola Viogner - Cantina Fin\u00e0 at Reliquo: guaranteed quality, fast delivery and competitive prices. Order now and take advantage of our exclusive offers.","breadcrumb":{"@id":"http:\/\/reliquo.com\/it\/vola-vola-viogner-cantina-fina\/#breadcrumb"},"inLanguage":"en-GB","potentialAction":[{"@type":"ReadAction","target":["http:\/\/reliquo.com\/it\/vola-vola-viogner-cantina-fina\/"]}]},{"@type":"ImageObject","inLanguage":"en-GB","@id":"http:\/\/reliquo.com\/it\/vola-vola-viogner-cantina-fina\/#primaryimage","url":"https:\/\/reliquo.com\/wp-content\/uploads\/2024\/12\/Fina-Vola-Vola-Viognier.png","contentUrl":"https:\/\/reliquo.com\/wp-content\/uploads\/2024\/12\/Fina-Vola-Vola-Viognier.png","width":3024,"height":3024,"caption":"Vola Vola Viogner \u2013 Cantina Fin\u00e0"},{"@type":"BreadcrumbList","@id":"http:\/\/reliquo.com\/it\/vola-vola-viogner-cantina-fina\/#breadcrumb","itemListElement":[{"@type":"ListItem","position":1,"name":"Home","item":"http:\/\/reliquo.com\/it\/"},{"@type":"ListItem","position":2,"name":"Shop","item":"http:\/\/reliquo.com\/it\/shop\/"},{"@type":"ListItem","position":3,"name":"Vola Vola Viogner &#8211; Cantina Fin\u00e0"}]},{"@type":"WebSite","@id":"https:\/\/reliquo.com\/es\/#website","url":"https:\/\/reliquo.com\/es\/","name":"Reliquo","description":"Your online wine shop: discover excellent wines, spirits and liqueurs.","publisher":{"@id":"https:\/\/reliquo.com\/es\/#organization"},"potentialAction":[{"@type":"SearchAction","target":{"@type":"EntryPoint","urlTemplate":"https:\/\/reliquo.com\/es\/?s={search_term_string}"},"query-input":{"@type":"PropertyValueSpecification","valueRequired":true,"valueName":"search_term_string"}}],"inLanguage":"en-GB"},{"@type":"Organization","@id":"https:\/\/reliquo.com\/es\/#organization","name":"Reliquo","url":"https:\/\/reliquo.com\/es\/","logo":{"@type":"ImageObject","inLanguage":"en-GB","@id":"https:\/\/reliquo.com\/es\/#\/schema\/logo\/image\/","url":"https:\/\/reliquo.com\/wp-content\/uploads\/2024\/12\/cropped-favicon-1.png","contentUrl":"https:\/\/reliquo.com\/wp-content\/uploads\/2024\/12\/cropped-favicon-1.png","width":512,"height":512,"caption":"Reliquo"},"image":{"@id":"https:\/\/reliquo.com\/es\/#\/schema\/logo\/image\/"}}]}},"jetpack_sharing_enabled":true,"brands":[{"id":689,"name":"Fina Cellars","slug":"fina-wineries"}],"_links":{"self":[{"href":"https:\/\/reliquo.com\/en\/wp-json\/wp\/v2\/product\/722","targetHints":{"allow":["GET"]}}],"collection":[{"href":"https:\/\/reliquo.com\/en\/wp-json\/wp\/v2\/product"}],"about":[{"href":"https:\/\/reliquo.com\/en\/wp-json\/wp\/v2\/types\/product"}],"wp:featuredmedia":[{"embeddable":true,"href":"https:\/\/reliquo.com\/en\/wp-json\/wp\/v2\/media\/300"}],"wp:attachment":[{"href":"https:\/\/reliquo.com\/en\/wp-json\/wp\/v2\/media?parent=722"}],"wp:term":[{"taxonomy":"pwb-brand","embeddable":true,"href":"https:\/\/reliquo.com\/en\/wp-json\/wp\/v2\/pwb-brand?post=722"},{"taxonomy":"product_brand","embeddable":true,"href":"https:\/\/reliquo.com\/en\/wp-json\/wp\/v2\/product_brand?post=722"},{"taxonomy":"product_cat","embeddable":true,"href":"https:\/\/reliquo.com\/en\/wp-json\/wp\/v2\/product_cat?post=722"},{"taxonomy":"product_tag","embeddable":true,"href":"https:\/\/reliquo.com\/en\/wp-json\/wp\/v2\/product_tag?post=722"}],"curies":[{"name":"wp","href":"https:\/\/api.w.org\/{rel}","templated":true}]}}