{"id":721,"date":"2024-12-17T15:19:01","date_gmt":"2024-12-17T14:19:01","guid":{"rendered":"https:\/\/reliquo.com\/?post_type=product&#038;p=721"},"modified":"2026-01-19T10:16:29","modified_gmt":"2026-01-19T09:16:29","slug":"taif-zibibbo-dry-2023-cantina-fina","status":"publish","type":"product","link":"https:\/\/reliquo.com\/en\/taif-zibibbo-secco-2023-cantina-fina\/","title":{"rendered":"Taif Dry Zibibbo - Cantina Fin\u00e0"},"content":{"rendered":"<p>Cantine Fina's Zibibbo Secco \u201cTaif\u201d is a slightly aromatic white wine with a fresh, savoury profile, produced in the hinterland north of Marsala. It is made from Moscato d'Alessandria or Zibibbo grapes, which are usually vinified after a period of drying to make sweet wines, but which are also proving to be very well suited to dry vinification to produce fragrant, fresh and fruity wines that are very pleasant to drink. The harmonious softness typical of the Moscato grape finds a perfect balance in the freshness and sapidity typical of the Marsala terroir. It is a well-balanced and expressive wine that goes very well with shellfish appetisers, fish starters and first courses of seafood cuisine. \u201cTaif\u201d Zibibibbo Secco was born in the splendid territory of Contrada Bausa, where Cantine Fina is based. This is a family-run business that has had the merit of recovering an ancient baglio and giving new impetus to viticulture in the beautiful area along the north coast of Marsala, not far from the Saline and the Nature Reserve of the Stagnone Islands. In little more than a decade, it has established itself as one of the most interesting wineries in western Sicily, thanks in part to the work of enhancing the area's historical varieties to which some international vines have been added, which have adapted well to the area. The climate, warm and Mediterranean, is always mitigated by the iodine and saline breezes of the sea, which contribute to creating a unique habitat. The vineyards are managed under organic farming methods, in harmony with an unspoilt coastal environment and in tune with the desire to produce genuine wines with the authentic scent and taste of the land of Sicily.The \u201cTaif\u201d white wine is one of the symbols of the Fina cellars. It is produced from the white grape variety that has always been present on the western tip of the island. The choice of delicate dry vinification enhances its aromatic side, combined with an unmistakable and distinctive marine character. The vines are cultivated on hillsides, at an altitude of approximately 300 metres above sea level. Fermentation takes place in steel tanks. Before bottling, the wine matures in steel for several months. In the glass it is a luminous straw yellow with greenish reflections. The bouquet seduces with aromas of orange blossom, white flowers, citrus fruits, hints of herbs and notes of white fruit. On the palate it has a warm, soft entrance, with an enveloping fruitiness that stretches out harmoniously towards a savoury, fresh finish, which gives perfect balance to the sip.<\/p>","protected":false},"excerpt":{"rendered":"<p>Lo Zibibbo Secco \u201cTaif\u201d di Cantine Fina \u00e8 un bianco leggermente aromatico, dal profilo fresco e sapido, prodotto nell\u2019entroterra a [&hellip;]<\/p>\n","protected":false},"featured_media":417,"template":"","meta":{"site-sidebar-layout":"","site-content-layout":"","ast-site-content-layout":"","site-content-style":"","site-sidebar-style":"","ast-global-header-display":"","ast-banner-title-visibility":"","ast-main-header-display":"","ast-hfb-above-header-display":"","ast-hfb-below-header-display":"","ast-hfb-mobile-header-display":"","site-post-title":"","ast-breadcrumbs-content":"","ast-featured-img":"","footer-sml-layout":"","ast-disable-related-posts":"","theme-transparent-header-meta":"","adv-header-id-meta":"","stick-header-meta":"","header-above-stick-meta":"","header-main-stick-meta":"","header-below-stick-meta":"","astra-migrate-meta-layouts":"","ast-page-background-enabled":"default","ast-page-background-meta":{"desktop":{"background-color":"var(--ast-global-color-4)","background-image":"","background-repeat":"repeat","background-position":"center center","background-size":"auto","background-attachment":"scroll","background-type":"","background-media":"","overlay-type":"","overlay-color":"","overlay-opacity":"","overlay-gradient":""},"tablet":{"background-color":"","background-image":"","background-repeat":"repeat","background-position":"center center","background-size":"auto","background-attachment":"scroll","background-type":"","background-media":"","overlay-type":"","overlay-color":"","overlay-opacity":"","overlay-gradient":""},"mobile":{"background-color":"","background-image":"","background-repeat":"repeat","background-position":"center center","background-size":"auto","background-attachment":"scroll","background-type":"","background-media":"","overlay-type":"","overlay-color":"","overlay-opacity":"","overlay-gradient":""}},"ast-content-background-meta":{"desktop":{"background-color":"var(--ast-global-color-5)","background-image":"","background-repeat":"repeat","background-position":"center center","background-size":"auto","background-attachment":"scroll","background-type":"","background-media":"","overlay-type":"","overlay-color":"","overlay-opacity":"","overlay-gradient":""},"tablet":{"background-color":"var(--ast-global-color-5)","background-image":"","background-repeat":"repeat","background-position":"center center","background-size":"auto","background-attachment":"scroll","background-type":"","background-media":"","overlay-type":"","overlay-color":"","overlay-opacity":"","overlay-gradient":""},"mobile":{"background-color":"var(--ast-global-color-5)","background-image":"","background-repeat":"repeat","background-position":"center center","background-size":"auto","background-attachment":"scroll","background-type":"","background-media":"","overlay-type":"","overlay-color":"","overlay-opacity":"","overlay-gradient":""}}},"pwb-brand":[689],"product_brand":[],"product_cat":[298],"product_tag":[447,455,453,454],"class_list":{"0":"post-721","1":"product","2":"type-product","3":"status-publish","4":"has-post-thumbnail","6":"pwb-brand-cantine-fina","7":"product_cat-bianchi","8":"product_tag-fina","9":"product_tag-taif","10":"product_tag-vino-liquoroso","11":"product_tag-zibibbo","12":"desktop-align-center","13":"tablet-align-center","14":"mobile-align-center","15":"ast-product-gallery-layout-horizontal-slider","16":"ast-product-gallery-with-no-image","17":"ast-magnify-disabled","18":"ast-product-tabs-layout-horizontal","19":"ast-qv-on-image","21":"first","22":"outofstock","23":"shipping-taxable","24":"purchasable","25":"product-type-simple"},"yoast_head":"<!-- This site is optimized with the Yoast SEO plugin v27.2 - https:\/\/yoast.com\/product\/yoast-seo-wordpress\/ -->\n<title>Taif Zibibbo Secco - Cantina Fin\u00e0 | Acquista Online su Reliquo<\/title>\n<meta name=\"description\" content=\"Scopri Taif Zibibbo Secco - Cantina Fin\u00e0 su Reliquo: qualit\u00e0 garantita, spedizioni rapide e prezzi competitivi. Ordina ora e approfitta delle nostre offerte esclusive.\" \/>\n<meta name=\"robots\" content=\"index, follow, max-snippet:-1, max-image-preview:large, max-video-preview:-1\" \/>\n<link rel=\"canonical\" href=\"http:\/\/reliquo.com\/en\/taif-zibibbo-dry-2023-cantina-fina\/\" \/>\n<meta property=\"og:locale\" content=\"en_GB\" \/>\n<meta property=\"og:type\" content=\"article\" \/>\n<meta property=\"og:title\" content=\"Taif Zibibbo Secco - Cantina Fin\u00e0 | Acquista Online su Reliquo\" \/>\n<meta property=\"og:description\" content=\"Scopri Taif Zibibbo Secco - Cantina Fin\u00e0 su Reliquo: qualit\u00e0 garantita, spedizioni rapide e prezzi competitivi. Ordina ora e approfitta delle nostre offerte esclusive.\" \/>\n<meta property=\"og:url\" content=\"http:\/\/reliquo.com\/en\/taif-zibibbo-dry-2023-cantina-fina\/\" \/>\n<meta property=\"og:site_name\" content=\"Reliquo\" \/>\n<meta property=\"article:modified_time\" content=\"2026-01-19T09:16:29+00:00\" \/>\n<meta property=\"og:image\" content=\"https:\/\/reliquo.com\/wp-content\/uploads\/2024\/12\/Zibibbo-Fina-Taif.png\" \/>\n\t<meta property=\"og:image:width\" content=\"2948\" \/>\n\t<meta property=\"og:image:height\" content=\"2948\" \/>\n\t<meta property=\"og:image:type\" content=\"image\/png\" \/>\n<meta name=\"twitter:card\" content=\"summary_large_image\" \/>\n<meta name=\"twitter:label1\" content=\"Estimated reading time\" \/>\n\t<meta name=\"twitter:data1\" content=\"2 minutes\" \/>\n<script type=\"application\/ld+json\" class=\"yoast-schema-graph\">{\"@context\":\"https:\/\/schema.org\",\"@graph\":[{\"@type\":\"WebPage\",\"@id\":\"http:\/\/reliquo.com\/it\/taif-zibibbo-secco-2023-cantina-fina\/\",\"url\":\"http:\/\/reliquo.com\/it\/taif-zibibbo-secco-2023-cantina-fina\/\",\"name\":\"Taif Zibibbo Secco - Cantina Fin\u00e0 | Acquista Online su Reliquo\",\"isPartOf\":{\"@id\":\"https:\/\/reliquo.com\/es\/#website\"},\"primaryImageOfPage\":{\"@id\":\"http:\/\/reliquo.com\/it\/taif-zibibbo-secco-2023-cantina-fina\/#primaryimage\"},\"image\":{\"@id\":\"http:\/\/reliquo.com\/it\/taif-zibibbo-secco-2023-cantina-fina\/#primaryimage\"},\"thumbnailUrl\":\"https:\/\/reliquo.com\/wp-content\/uploads\/2024\/12\/Zibibbo-Fina-Taif.png\",\"datePublished\":\"2024-12-17T14:19:01+00:00\",\"dateModified\":\"2026-01-19T09:16:29+00:00\",\"description\":\"Scopri Taif Zibibbo Secco - Cantina Fin\u00e0 su Reliquo: qualit\u00e0 garantita, spedizioni rapide e prezzi competitivi. Ordina ora e approfitta delle nostre offerte esclusive.\",\"breadcrumb\":{\"@id\":\"http:\/\/reliquo.com\/it\/taif-zibibbo-secco-2023-cantina-fina\/#breadcrumb\"},\"inLanguage\":\"en-GB\",\"potentialAction\":[{\"@type\":\"ReadAction\",\"target\":[\"http:\/\/reliquo.com\/it\/taif-zibibbo-secco-2023-cantina-fina\/\"]}]},{\"@type\":\"ImageObject\",\"inLanguage\":\"en-GB\",\"@id\":\"http:\/\/reliquo.com\/it\/taif-zibibbo-secco-2023-cantina-fina\/#primaryimage\",\"url\":\"https:\/\/reliquo.com\/wp-content\/uploads\/2024\/12\/Zibibbo-Fina-Taif.png\",\"contentUrl\":\"https:\/\/reliquo.com\/wp-content\/uploads\/2024\/12\/Zibibbo-Fina-Taif.png\",\"width\":2948,\"height\":2948,\"caption\":\"Taif Zibibbo Secco \u2013 Cantina Fin\u00e0\"},{\"@type\":\"BreadcrumbList\",\"@id\":\"http:\/\/reliquo.com\/it\/taif-zibibbo-secco-2023-cantina-fina\/#breadcrumb\",\"itemListElement\":[{\"@type\":\"ListItem\",\"position\":1,\"name\":\"Home\",\"item\":\"http:\/\/reliquo.com\/it\/\"},{\"@type\":\"ListItem\",\"position\":2,\"name\":\"Shop\",\"item\":\"http:\/\/reliquo.com\/it\/shop\/\"},{\"@type\":\"ListItem\",\"position\":3,\"name\":\"Taif Zibibbo Secco &#8211; Cantina Fin\u00e0\"}]},{\"@type\":\"WebSite\",\"@id\":\"https:\/\/reliquo.com\/es\/#website\",\"url\":\"https:\/\/reliquo.com\/es\/\",\"name\":\"Reliquo\",\"description\":\"La tua enoteca online: scopri vini, liquori e distillati d\u2019eccellenza.\",\"publisher\":{\"@id\":\"https:\/\/reliquo.com\/es\/#organization\"},\"potentialAction\":[{\"@type\":\"SearchAction\",\"target\":{\"@type\":\"EntryPoint\",\"urlTemplate\":\"https:\/\/reliquo.com\/es\/?s={search_term_string}\"},\"query-input\":{\"@type\":\"PropertyValueSpecification\",\"valueRequired\":true,\"valueName\":\"search_term_string\"}}],\"inLanguage\":\"en-GB\"},{\"@type\":\"Organization\",\"@id\":\"https:\/\/reliquo.com\/es\/#organization\",\"name\":\"Reliquo\",\"url\":\"https:\/\/reliquo.com\/es\/\",\"logo\":{\"@type\":\"ImageObject\",\"inLanguage\":\"en-GB\",\"@id\":\"https:\/\/reliquo.com\/es\/#\/schema\/logo\/image\/\",\"url\":\"https:\/\/reliquo.com\/wp-content\/uploads\/2024\/12\/cropped-favicon-1.png\",\"contentUrl\":\"https:\/\/reliquo.com\/wp-content\/uploads\/2024\/12\/cropped-favicon-1.png\",\"width\":512,\"height\":512,\"caption\":\"Reliquo\"},\"image\":{\"@id\":\"https:\/\/reliquo.com\/es\/#\/schema\/logo\/image\/\"}}]}<\/script>\n<!-- \/ Yoast SEO plugin. -->","yoast_head_json":{"title":"Taif Dry Zibibbo - Cantina Fin\u00e0 | Buy Online at Reliquo","description":"Discover Taif Zibibbo Secco - Cantina Fin\u00e0 at Reliquo: guaranteed quality, fast shipping and competitive prices. Order now and take advantage of our exclusive offers.","robots":{"index":"index","follow":"follow","max-snippet":"max-snippet:-1","max-image-preview":"max-image-preview:large","max-video-preview":"max-video-preview:-1"},"canonical":"http:\/\/reliquo.com\/en\/taif-zibibbo-dry-2023-cantina-fina\/","og_locale":"en_GB","og_type":"article","og_title":"Taif Zibibbo Secco - Cantina Fin\u00e0 | Acquista Online su Reliquo","og_description":"Scopri Taif Zibibbo Secco - Cantina Fin\u00e0 su Reliquo: qualit\u00e0 garantita, spedizioni rapide e prezzi competitivi. Ordina ora e approfitta delle nostre offerte esclusive.","og_url":"http:\/\/reliquo.com\/en\/taif-zibibbo-dry-2023-cantina-fina\/","og_site_name":"Reliquo","article_modified_time":"2026-01-19T09:16:29+00:00","og_image":[{"width":2948,"height":2948,"url":"https:\/\/reliquo.com\/wp-content\/uploads\/2024\/12\/Zibibbo-Fina-Taif.png","type":"image\/png"}],"twitter_card":"summary_large_image","twitter_misc":{"Estimated reading time":"2 minutes"},"schema":{"@context":"https:\/\/schema.org","@graph":[{"@type":"WebPage","@id":"http:\/\/reliquo.com\/it\/taif-zibibbo-secco-2023-cantina-fina\/","url":"http:\/\/reliquo.com\/it\/taif-zibibbo-secco-2023-cantina-fina\/","name":"Taif Dry Zibibbo - Cantina Fin\u00e0 | Buy Online at Reliquo","isPartOf":{"@id":"https:\/\/reliquo.com\/es\/#website"},"primaryImageOfPage":{"@id":"http:\/\/reliquo.com\/it\/taif-zibibbo-secco-2023-cantina-fina\/#primaryimage"},"image":{"@id":"http:\/\/reliquo.com\/it\/taif-zibibbo-secco-2023-cantina-fina\/#primaryimage"},"thumbnailUrl":"https:\/\/reliquo.com\/wp-content\/uploads\/2024\/12\/Zibibbo-Fina-Taif.png","datePublished":"2024-12-17T14:19:01+00:00","dateModified":"2026-01-19T09:16:29+00:00","description":"Discover Taif Zibibbo Secco - Cantina Fin\u00e0 at Reliquo: guaranteed quality, fast shipping and competitive prices. Order now and take advantage of our exclusive offers.","breadcrumb":{"@id":"http:\/\/reliquo.com\/it\/taif-zibibbo-secco-2023-cantina-fina\/#breadcrumb"},"inLanguage":"en-GB","potentialAction":[{"@type":"ReadAction","target":["http:\/\/reliquo.com\/it\/taif-zibibbo-secco-2023-cantina-fina\/"]}]},{"@type":"ImageObject","inLanguage":"en-GB","@id":"http:\/\/reliquo.com\/it\/taif-zibibbo-secco-2023-cantina-fina\/#primaryimage","url":"https:\/\/reliquo.com\/wp-content\/uploads\/2024\/12\/Zibibbo-Fina-Taif.png","contentUrl":"https:\/\/reliquo.com\/wp-content\/uploads\/2024\/12\/Zibibbo-Fina-Taif.png","width":2948,"height":2948,"caption":"Taif Zibibbo Secco \u2013 Cantina Fin\u00e0"},{"@type":"BreadcrumbList","@id":"http:\/\/reliquo.com\/it\/taif-zibibbo-secco-2023-cantina-fina\/#breadcrumb","itemListElement":[{"@type":"ListItem","position":1,"name":"Home","item":"http:\/\/reliquo.com\/it\/"},{"@type":"ListItem","position":2,"name":"Shop","item":"http:\/\/reliquo.com\/it\/shop\/"},{"@type":"ListItem","position":3,"name":"Taif Zibibbo Secco &#8211; Cantina Fin\u00e0"}]},{"@type":"WebSite","@id":"https:\/\/reliquo.com\/es\/#website","url":"https:\/\/reliquo.com\/es\/","name":"Reliquo","description":"Your online wine shop: discover excellent wines, spirits and liqueurs.","publisher":{"@id":"https:\/\/reliquo.com\/es\/#organization"},"potentialAction":[{"@type":"SearchAction","target":{"@type":"EntryPoint","urlTemplate":"https:\/\/reliquo.com\/es\/?s={search_term_string}"},"query-input":{"@type":"PropertyValueSpecification","valueRequired":true,"valueName":"search_term_string"}}],"inLanguage":"en-GB"},{"@type":"Organization","@id":"https:\/\/reliquo.com\/es\/#organization","name":"Reliquo","url":"https:\/\/reliquo.com\/es\/","logo":{"@type":"ImageObject","inLanguage":"en-GB","@id":"https:\/\/reliquo.com\/es\/#\/schema\/logo\/image\/","url":"https:\/\/reliquo.com\/wp-content\/uploads\/2024\/12\/cropped-favicon-1.png","contentUrl":"https:\/\/reliquo.com\/wp-content\/uploads\/2024\/12\/cropped-favicon-1.png","width":512,"height":512,"caption":"Reliquo"},"image":{"@id":"https:\/\/reliquo.com\/es\/#\/schema\/logo\/image\/"}}]}},"jetpack_sharing_enabled":true,"brands":[{"id":689,"name":"Fina Cellars","slug":"fina-wineries"}],"_links":{"self":[{"href":"https:\/\/reliquo.com\/en\/wp-json\/wp\/v2\/product\/721","targetHints":{"allow":["GET"]}}],"collection":[{"href":"https:\/\/reliquo.com\/en\/wp-json\/wp\/v2\/product"}],"about":[{"href":"https:\/\/reliquo.com\/en\/wp-json\/wp\/v2\/types\/product"}],"wp:featuredmedia":[{"embeddable":true,"href":"https:\/\/reliquo.com\/en\/wp-json\/wp\/v2\/media\/417"}],"wp:attachment":[{"href":"https:\/\/reliquo.com\/en\/wp-json\/wp\/v2\/media?parent=721"}],"wp:term":[{"taxonomy":"pwb-brand","embeddable":true,"href":"https:\/\/reliquo.com\/en\/wp-json\/wp\/v2\/pwb-brand?post=721"},{"taxonomy":"product_brand","embeddable":true,"href":"https:\/\/reliquo.com\/en\/wp-json\/wp\/v2\/product_brand?post=721"},{"taxonomy":"product_cat","embeddable":true,"href":"https:\/\/reliquo.com\/en\/wp-json\/wp\/v2\/product_cat?post=721"},{"taxonomy":"product_tag","embeddable":true,"href":"https:\/\/reliquo.com\/en\/wp-json\/wp\/v2\/product_tag?post=721"}],"curies":[{"name":"wp","href":"https:\/\/api.w.org\/{rel}","templated":true}]}}