{"id":799,"date":"2024-12-17T15:19:12","date_gmt":"2024-12-17T14:19:12","guid":{"rendered":"https:\/\/reliquo.com\/?post_type=product&#038;p=799"},"modified":"2026-03-30T13:23:08","modified_gmt":"2026-03-30T11:23:08","slug":"befestigter-sherrywein-pedro-ximenez-don-zoilo-15-jahre-alt-williams-humbert-75cl","status":"publish","type":"product","link":"https:\/\/reliquo.com\/de\/vino-liquoroso-sherry-pedro-ximenez-don-zoilo-15-years-old-williams-humbert-75cl\/","title":{"rendered":"Lik\u00f6rwein Sherry Pedro Xim\u00e9nez \"Don Zoilo\" 15 Jahre alt - Williams &amp; Humbert - 75cl"},"content":{"rendered":"<p>Hergestellt aus der Rebsorte Pedro Ximenez, die in der N\u00e4he von Jerez de la Frontera angebaut wird, werden die Trauben etwa 15 Tage lang in der Sonne getrocknet und dann vinifiziert. Er reift 12 Jahre lang in gro\u00dfen Eichenf\u00e4ssern und wird dann in Flaschen abgef\u00fcllt und vermarktet. Er passt perfekt zu Desserts mit dunkler Schokolade, Cremedesserts, Blauschimmelk\u00e4se und Meditation.<\/p>","protected":false},"excerpt":{"rendered":"<p>Ottenuto dal vitigno Pedro Ximenez coltivato nelle vicinanze di Jerez de la Frontera, le uva vengono lasciate al sole ad [&hellip;]<\/p>\n","protected":false},"featured_media":145,"template":"","meta":{"site-sidebar-layout":"","site-content-layout":"","ast-site-content-layout":"","site-content-style":"","site-sidebar-style":"","ast-global-header-display":"","ast-banner-title-visibility":"","ast-main-header-display":"","ast-hfb-above-header-display":"","ast-hfb-below-header-display":"","ast-hfb-mobile-header-display":"","site-post-title":"","ast-breadcrumbs-content":"","ast-featured-img":"","footer-sml-layout":"","ast-disable-related-posts":"","theme-transparent-header-meta":"","adv-header-id-meta":"","stick-header-meta":"","header-above-stick-meta":"","header-main-stick-meta":"","header-below-stick-meta":"","astra-migrate-meta-layouts":"","ast-page-background-enabled":"default","ast-page-background-meta":{"desktop":{"background-color":"var(--ast-global-color-4)","background-image":"","background-repeat":"repeat","background-position":"center center","background-size":"auto","background-attachment":"scroll","background-type":"","background-media":"","overlay-type":"","overlay-color":"","overlay-opacity":"","overlay-gradient":""},"tablet":{"background-color":"","background-image":"","background-repeat":"repeat","background-position":"center center","background-size":"auto","background-attachment":"scroll","background-type":"","background-media":"","overlay-type":"","overlay-color":"","overlay-opacity":"","overlay-gradient":""},"mobile":{"background-color":"","background-image":"","background-repeat":"repeat","background-position":"center center","background-size":"auto","background-attachment":"scroll","background-type":"","background-media":"","overlay-type":"","overlay-color":"","overlay-opacity":"","overlay-gradient":""}},"ast-content-background-meta":{"desktop":{"background-color":"var(--ast-global-color-5)","background-image":"","background-repeat":"repeat","background-position":"center center","background-size":"auto","background-attachment":"scroll","background-type":"","background-media":"","overlay-type":"","overlay-color":"","overlay-opacity":"","overlay-gradient":""},"tablet":{"background-color":"var(--ast-global-color-5)","background-image":"","background-repeat":"repeat","background-position":"center center","background-size":"auto","background-attachment":"scroll","background-type":"","background-media":"","overlay-type":"","overlay-color":"","overlay-opacity":"","overlay-gradient":""},"mobile":{"background-color":"var(--ast-global-color-5)","background-image":"","background-repeat":"repeat","background-position":"center center","background-size":"auto","background-attachment":"scroll","background-type":"","background-media":"","overlay-type":"","overlay-color":"","overlay-opacity":"","overlay-gradient":""}}},"pwb-brand":[683],"product_brand":[],"product_cat":[300],"product_tag":[528,479,442,529],"class_list":{"0":"post-799","1":"product","2":"type-product","3":"status-publish","4":"has-post-thumbnail","6":"pwb-brand-bodegas-williams-humbert","7":"product_cat-dolci-e-liquorosi","8":"product_tag-don-zoilo","9":"product_tag-liquoroso","10":"product_tag-vino","11":"product_tag-williams-humbert","12":"desktop-align-center","13":"tablet-align-center","14":"mobile-align-center","15":"ast-product-gallery-layout-horizontal-slider","16":"ast-product-gallery-with-no-image","17":"ast-magnify-disabled","18":"ast-product-tabs-layout-horizontal","19":"ast-qv-on-image","21":"first","22":"instock","23":"shipping-taxable","24":"purchasable","25":"product-type-simple"},"yoast_head":"<!-- This site is optimized with the Yoast SEO plugin v27.4 - https:\/\/yoast.com\/product\/yoast-seo-wordpress\/ -->\n<title>Vino liquoroso Sherry Pedro Xim\u00e9nez &quot;Don Zoilo&quot; 15 Years Old - Williams &amp; Humbert - 75cl | Acquista Online su Reliquo<\/title>\n<meta name=\"description\" content=\"Scopri Vino liquoroso Sherry Pedro Xim\u00e9nez &quot;Don Zoilo&quot; 15 Years Old - Williams &amp; Humbert - 75cl su Reliquo: qualit\u00e0 garantita, spedizioni rapide e prezzi competitivi. Ordina ora e approfitta delle nostre offerte esclusive.\" \/>\n<meta name=\"robots\" content=\"index, follow, max-snippet:-1, max-image-preview:large, max-video-preview:-1\" \/>\n<link rel=\"canonical\" href=\"http:\/\/reliquo.com\/de\/befestigter-sherrywein-pedro-ximenez-don-zoilo-15-jahre-alt-williams-humbert-75cl\/\" \/>\n<meta property=\"og:locale\" content=\"de_DE\" \/>\n<meta property=\"og:type\" content=\"article\" \/>\n<meta property=\"og:title\" content=\"Vino liquoroso Sherry Pedro Xim\u00e9nez &quot;Don Zoilo&quot; 15 Years Old - Williams &amp; Humbert - 75cl | Acquista Online su Reliquo\" \/>\n<meta property=\"og:description\" content=\"Scopri Vino liquoroso Sherry Pedro Xim\u00e9nez &quot;Don Zoilo&quot; 15 Years Old - Williams &amp; Humbert - 75cl su Reliquo: qualit\u00e0 garantita, spedizioni rapide e prezzi competitivi. Ordina ora e approfitta delle nostre offerte esclusive.\" \/>\n<meta property=\"og:url\" content=\"http:\/\/reliquo.com\/de\/befestigter-sherrywein-pedro-ximenez-don-zoilo-15-jahre-alt-williams-humbert-75cl\/\" \/>\n<meta property=\"og:site_name\" content=\"Reliquo\" \/>\n<meta property=\"article:modified_time\" content=\"2026-03-30T11:23:08+00:00\" \/>\n<meta property=\"og:image\" content=\"https:\/\/reliquo.com\/wp-content\/uploads\/2024\/12\/Don-Zoilo.png\" \/>\n\t<meta property=\"og:image:width\" content=\"2500\" \/>\n\t<meta property=\"og:image:height\" content=\"2500\" \/>\n\t<meta property=\"og:image:type\" content=\"image\/png\" \/>\n<meta name=\"twitter:card\" content=\"summary_large_image\" \/>\n<script type=\"application\/ld+json\" class=\"yoast-schema-graph\">{\"@context\":\"https:\\\/\\\/schema.org\",\"@graph\":[{\"@type\":\"WebPage\",\"@id\":\"http:\\\/\\\/reliquo.com\\\/it\\\/vino-liquoroso-sherry-pedro-ximenez-don-zoilo-15-years-old-williams-humbert-75cl\\\/\",\"url\":\"http:\\\/\\\/reliquo.com\\\/it\\\/vino-liquoroso-sherry-pedro-ximenez-don-zoilo-15-years-old-williams-humbert-75cl\\\/\",\"name\":\"Vino liquoroso Sherry Pedro Xim\u00e9nez \\\"Don Zoilo\\\" 15 Years Old - Williams & Humbert - 75cl | Acquista Online su Reliquo\",\"isPartOf\":{\"@id\":\"https:\\\/\\\/reliquo.com\\\/es\\\/#website\"},\"primaryImageOfPage\":{\"@id\":\"http:\\\/\\\/reliquo.com\\\/it\\\/vino-liquoroso-sherry-pedro-ximenez-don-zoilo-15-years-old-williams-humbert-75cl\\\/#primaryimage\"},\"image\":{\"@id\":\"http:\\\/\\\/reliquo.com\\\/it\\\/vino-liquoroso-sherry-pedro-ximenez-don-zoilo-15-years-old-williams-humbert-75cl\\\/#primaryimage\"},\"thumbnailUrl\":\"https:\\\/\\\/reliquo.com\\\/wp-content\\\/uploads\\\/2024\\\/12\\\/Don-Zoilo.png\",\"datePublished\":\"2024-12-17T14:19:12+00:00\",\"dateModified\":\"2026-03-30T11:23:08+00:00\",\"description\":\"Scopri Vino liquoroso Sherry Pedro Xim\u00e9nez \\\"Don Zoilo\\\" 15 Years Old - Williams & Humbert - 75cl su Reliquo: qualit\u00e0 garantita, spedizioni rapide e prezzi competitivi. Ordina ora e approfitta delle nostre offerte esclusive.\",\"breadcrumb\":{\"@id\":\"http:\\\/\\\/reliquo.com\\\/it\\\/vino-liquoroso-sherry-pedro-ximenez-don-zoilo-15-years-old-williams-humbert-75cl\\\/#breadcrumb\"},\"inLanguage\":\"de\",\"potentialAction\":[{\"@type\":\"ReadAction\",\"target\":[\"http:\\\/\\\/reliquo.com\\\/it\\\/vino-liquoroso-sherry-pedro-ximenez-don-zoilo-15-years-old-williams-humbert-75cl\\\/\"]}]},{\"@type\":\"ImageObject\",\"inLanguage\":\"de\",\"@id\":\"http:\\\/\\\/reliquo.com\\\/it\\\/vino-liquoroso-sherry-pedro-ximenez-don-zoilo-15-years-old-williams-humbert-75cl\\\/#primaryimage\",\"url\":\"https:\\\/\\\/reliquo.com\\\/wp-content\\\/uploads\\\/2024\\\/12\\\/Don-Zoilo.png\",\"contentUrl\":\"https:\\\/\\\/reliquo.com\\\/wp-content\\\/uploads\\\/2024\\\/12\\\/Don-Zoilo.png\",\"width\":2500,\"height\":2500,\"caption\":\"Vino liquoroso Sherry Pedro Xim\u00e9nez \u201cDon Zoilo\u201d 15 Years Old \u2013 Williams &amp; Humbert \u2013 75cl\"},{\"@type\":\"BreadcrumbList\",\"@id\":\"http:\\\/\\\/reliquo.com\\\/it\\\/vino-liquoroso-sherry-pedro-ximenez-don-zoilo-15-years-old-williams-humbert-75cl\\\/#breadcrumb\",\"itemListElement\":[{\"@type\":\"ListItem\",\"position\":1,\"name\":\"Home\",\"item\":\"http:\\\/\\\/reliquo.com\\\/it\\\/\"},{\"@type\":\"ListItem\",\"position\":2,\"name\":\"Shop\",\"item\":\"http:\\\/\\\/reliquo.com\\\/it\\\/shop\\\/\"},{\"@type\":\"ListItem\",\"position\":3,\"name\":\"Vino liquoroso Sherry Pedro Xim\u00e9nez &#8220;Don Zoilo&#8221; 15 Years Old &#8211; Williams &#038; Humbert &#8211; 75cl\"}]},{\"@type\":\"WebSite\",\"@id\":\"https:\\\/\\\/reliquo.com\\\/es\\\/#website\",\"url\":\"https:\\\/\\\/reliquo.com\\\/es\\\/\",\"name\":\"Reliquo\",\"description\":\"La tua enoteca online: scopri vini, liquori e distillati d\u2019eccellenza.\",\"publisher\":{\"@id\":\"https:\\\/\\\/reliquo.com\\\/es\\\/#organization\"},\"potentialAction\":[{\"@type\":\"SearchAction\",\"target\":{\"@type\":\"EntryPoint\",\"urlTemplate\":\"https:\\\/\\\/reliquo.com\\\/es\\\/?s={search_term_string}\"},\"query-input\":{\"@type\":\"PropertyValueSpecification\",\"valueRequired\":true,\"valueName\":\"search_term_string\"}}],\"inLanguage\":\"de\"},{\"@type\":\"Organization\",\"@id\":\"https:\\\/\\\/reliquo.com\\\/es\\\/#organization\",\"name\":\"Reliquo\",\"url\":\"https:\\\/\\\/reliquo.com\\\/es\\\/\",\"logo\":{\"@type\":\"ImageObject\",\"inLanguage\":\"de\",\"@id\":\"https:\\\/\\\/reliquo.com\\\/es\\\/#\\\/schema\\\/logo\\\/image\\\/\",\"url\":\"https:\\\/\\\/reliquo.com\\\/wp-content\\\/uploads\\\/2024\\\/12\\\/cropped-favicon-1.png\",\"contentUrl\":\"https:\\\/\\\/reliquo.com\\\/wp-content\\\/uploads\\\/2024\\\/12\\\/cropped-favicon-1.png\",\"width\":512,\"height\":512,\"caption\":\"Reliquo\"},\"image\":{\"@id\":\"https:\\\/\\\/reliquo.com\\\/es\\\/#\\\/schema\\\/logo\\\/image\\\/\"}}]}<\/script>\n<!-- \/ Yoast SEO plugin. -->","yoast_head_json":{"title":"Lik\u00f6rwein Sherry Pedro Xim\u00e9nez \"Don Zoilo\" 15 Jahre alt - Williams &amp; Humbert - 75cl | Online kaufen bei Reliquo","description":"Entdecken Sie Sherry Pedro Xim\u00e9nez \"Don Zoilo\" 15 Years Old - Williams &amp; Humbert - 75cl bei Reliquo: garantierte Qualit\u00e4t, schnelle Lieferung und g\u00fcnstige Preise. Bestellen Sie jetzt und profitieren Sie von unseren exklusiven Angeboten.","robots":{"index":"index","follow":"follow","max-snippet":"max-snippet:-1","max-image-preview":"max-image-preview:large","max-video-preview":"max-video-preview:-1"},"canonical":"http:\/\/reliquo.com\/de\/befestigter-sherrywein-pedro-ximenez-don-zoilo-15-jahre-alt-williams-humbert-75cl\/","og_locale":"de_DE","og_type":"article","og_title":"Vino liquoroso Sherry Pedro Xim\u00e9nez \"Don Zoilo\" 15 Years Old - Williams & Humbert - 75cl | Acquista Online su Reliquo","og_description":"Scopri Vino liquoroso Sherry Pedro Xim\u00e9nez \"Don Zoilo\" 15 Years Old - Williams & Humbert - 75cl su Reliquo: qualit\u00e0 garantita, spedizioni rapide e prezzi competitivi. Ordina ora e approfitta delle nostre offerte esclusive.","og_url":"http:\/\/reliquo.com\/de\/befestigter-sherrywein-pedro-ximenez-don-zoilo-15-jahre-alt-williams-humbert-75cl\/","og_site_name":"Reliquo","article_modified_time":"2026-03-30T11:23:08+00:00","og_image":[{"width":2500,"height":2500,"url":"https:\/\/reliquo.com\/wp-content\/uploads\/2024\/12\/Don-Zoilo.png","type":"image\/png"}],"twitter_card":"summary_large_image","schema":{"@context":"https:\/\/schema.org","@graph":[{"@type":"WebPage","@id":"http:\/\/reliquo.com\/it\/vino-liquoroso-sherry-pedro-ximenez-don-zoilo-15-years-old-williams-humbert-75cl\/","url":"http:\/\/reliquo.com\/it\/vino-liquoroso-sherry-pedro-ximenez-don-zoilo-15-years-old-williams-humbert-75cl\/","name":"Lik\u00f6rwein Sherry Pedro Xim\u00e9nez \"Don Zoilo\" 15 Jahre alt - Williams &amp; Humbert - 75cl | Online kaufen bei Reliquo","isPartOf":{"@id":"https:\/\/reliquo.com\/es\/#website"},"primaryImageOfPage":{"@id":"http:\/\/reliquo.com\/it\/vino-liquoroso-sherry-pedro-ximenez-don-zoilo-15-years-old-williams-humbert-75cl\/#primaryimage"},"image":{"@id":"http:\/\/reliquo.com\/it\/vino-liquoroso-sherry-pedro-ximenez-don-zoilo-15-years-old-williams-humbert-75cl\/#primaryimage"},"thumbnailUrl":"https:\/\/reliquo.com\/wp-content\/uploads\/2024\/12\/Don-Zoilo.png","datePublished":"2024-12-17T14:19:12+00:00","dateModified":"2026-03-30T11:23:08+00:00","description":"Entdecken Sie Sherry Pedro Xim\u00e9nez \"Don Zoilo\" 15 Years Old - Williams &amp; Humbert - 75cl bei Reliquo: garantierte Qualit\u00e4t, schnelle Lieferung und g\u00fcnstige Preise. Bestellen Sie jetzt und profitieren Sie von unseren exklusiven Angeboten.","breadcrumb":{"@id":"http:\/\/reliquo.com\/it\/vino-liquoroso-sherry-pedro-ximenez-don-zoilo-15-years-old-williams-humbert-75cl\/#breadcrumb"},"inLanguage":"de","potentialAction":[{"@type":"ReadAction","target":["http:\/\/reliquo.com\/it\/vino-liquoroso-sherry-pedro-ximenez-don-zoilo-15-years-old-williams-humbert-75cl\/"]}]},{"@type":"ImageObject","inLanguage":"de","@id":"http:\/\/reliquo.com\/it\/vino-liquoroso-sherry-pedro-ximenez-don-zoilo-15-years-old-williams-humbert-75cl\/#primaryimage","url":"https:\/\/reliquo.com\/wp-content\/uploads\/2024\/12\/Don-Zoilo.png","contentUrl":"https:\/\/reliquo.com\/wp-content\/uploads\/2024\/12\/Don-Zoilo.png","width":2500,"height":2500,"caption":"Vino liquoroso Sherry Pedro Xim\u00e9nez \u201cDon Zoilo\u201d 15 Years Old \u2013 Williams &amp; Humbert \u2013 75cl"},{"@type":"BreadcrumbList","@id":"http:\/\/reliquo.com\/it\/vino-liquoroso-sherry-pedro-ximenez-don-zoilo-15-years-old-williams-humbert-75cl\/#breadcrumb","itemListElement":[{"@type":"ListItem","position":1,"name":"Home","item":"http:\/\/reliquo.com\/it\/"},{"@type":"ListItem","position":2,"name":"Shop","item":"http:\/\/reliquo.com\/it\/shop\/"},{"@type":"ListItem","position":3,"name":"Vino liquoroso Sherry Pedro Xim\u00e9nez &#8220;Don Zoilo&#8221; 15 Years Old &#8211; Williams &#038; Humbert &#8211; 75cl"}]},{"@type":"WebSite","@id":"https:\/\/reliquo.com\/es\/#website","url":"https:\/\/reliquo.com\/es\/","name":"Reliquie","description":"Ihre Online-Weinhandlung: Entdecken Sie ausgezeichnete Weine, Spirituosen und Lik\u00f6re.","publisher":{"@id":"https:\/\/reliquo.com\/es\/#organization"},"potentialAction":[{"@type":"SearchAction","target":{"@type":"EntryPoint","urlTemplate":"https:\/\/reliquo.com\/es\/?s={search_term_string}"},"query-input":{"@type":"PropertyValueSpecification","valueRequired":true,"valueName":"search_term_string"}}],"inLanguage":"de"},{"@type":"Organization","@id":"https:\/\/reliquo.com\/es\/#organization","name":"Reliquie","url":"https:\/\/reliquo.com\/es\/","logo":{"@type":"ImageObject","inLanguage":"de","@id":"https:\/\/reliquo.com\/es\/#\/schema\/logo\/image\/","url":"https:\/\/reliquo.com\/wp-content\/uploads\/2024\/12\/cropped-favicon-1.png","contentUrl":"https:\/\/reliquo.com\/wp-content\/uploads\/2024\/12\/cropped-favicon-1.png","width":512,"height":512,"caption":"Reliquo"},"image":{"@id":"https:\/\/reliquo.com\/es\/#\/schema\/logo\/image\/"}}]}},"jetpack_sharing_enabled":true,"brands":[{"id":683,"name":"Williams &amp; Humbert Bodegas","slug":"humbert-williams-bodegas"}],"_links":{"self":[{"href":"https:\/\/reliquo.com\/de\/wp-json\/wp\/v2\/product\/799","targetHints":{"allow":["GET"]}}],"collection":[{"href":"https:\/\/reliquo.com\/de\/wp-json\/wp\/v2\/product"}],"about":[{"href":"https:\/\/reliquo.com\/de\/wp-json\/wp\/v2\/types\/product"}],"wp:featuredmedia":[{"embeddable":true,"href":"https:\/\/reliquo.com\/de\/wp-json\/wp\/v2\/media\/145"}],"wp:attachment":[{"href":"https:\/\/reliquo.com\/de\/wp-json\/wp\/v2\/media?parent=799"}],"wp:term":[{"taxonomy":"pwb-brand","embeddable":true,"href":"https:\/\/reliquo.com\/de\/wp-json\/wp\/v2\/pwb-brand?post=799"},{"taxonomy":"product_brand","embeddable":true,"href":"https:\/\/reliquo.com\/de\/wp-json\/wp\/v2\/product_brand?post=799"},{"taxonomy":"product_cat","embeddable":true,"href":"https:\/\/reliquo.com\/de\/wp-json\/wp\/v2\/product_cat?post=799"},{"taxonomy":"product_tag","embeddable":true,"href":"https:\/\/reliquo.com\/de\/wp-json\/wp\/v2\/product_tag?post=799"}],"curies":[{"name":"wp","href":"https:\/\/api.w.org\/{rel}","templated":true}]}}