{"id":793,"date":"2024-12-17T15:19:12","date_gmt":"2024-12-17T14:19:12","guid":{"rendered":"https:\/\/reliquo.com\/?post_type=product&#038;p=793"},"modified":"2026-03-30T13:23:09","modified_gmt":"2026-03-30T11:23:09","slug":"bianco-di-nera-schaumender-weiswein-2023-milazzo","status":"publish","type":"product","link":"https:\/\/reliquo.com\/de\/bianco-di-nera-vino-bianco-frizzante-2023-milazzo\/","title":{"rendered":"Bianco di Nera Wei\u00dfschaumwein - Milazzo"},"content":{"rendered":"<p>Bianco di Nera\" ist ein frischer, junger und fruchtiger Schaumwein, der das Ergebnis einer sorgf\u00e4ltigen Mischung lokaler Rebsorten ist, die von Milazzo ausgew\u00e4hlt wurden, einer Weinkellerei, die in der Lage ist, in ihrem Sortiment sowohl internationale als auch einheimische Sorten, das wahre Erbe der Insel, hervorzuheben. Die wei\u00dfen Trauben in dieser Flasche ergeben einen vielseitigen Wein, der sofort getrunken werden kann, um seine lebendige Perlage und die Spontaneit\u00e4t seiner Aromen und Geschm\u00e4cker voll zu genie\u00dfen. Der Spumante \"Bianco di Nera\" ist das Ergebnis einer geschickten Mischung, die vom Team der Weinkellerei Milazzo vorgenommen wurde. Die Trauben, die sorgf\u00e4ltig ausgew\u00e4hlt werden, um nur das Beste des Ursprungsgebietes zu garantieren, werden nach der Ernte einer ersten G\u00e4rung in Stahlbeh\u00e4ltern f\u00fcr vier Monate unterzogen, dann einer erneuten G\u00e4rung in Autoklaven nach den Produktionsprinzipien der Martinotti-Methode. Wiederum in Autoklaven wird der Wein einige Monate lang verfeinert, bevor er in Flaschen abgef\u00fcllt und vermarktet wird. Der \"Bianco di Nera\" ist ein Schaumwein, der sich im Glas mit einer strohgelben Farbe zeigt, die von einer nicht zu feink\u00f6rnigen Perlage durchzogen ist und sich durch eine gute Persistenz auszeichnet. Das Geruchsspektrum dreht sich haupts\u00e4chlich um fruchtige und blumige Aromen, die die Nase mit frischen und direkten Noten umh\u00fcllen. Am Gaumen ist er leicht, sehr schlank und flie\u00dfend, mit einem Schluck, der durch seine frische Komponente besticht, die zum Trinken anregt. Mit diesem Produkt der Kellerei Milazzo erh\u00e4lt die Aperitifstunde eine ansprechende sizilianische Note.<\/p>","protected":false},"excerpt":{"rendered":"<p>Il\u00a0\u201cBianco di Nera\u201d \u00e8 uno vino frizzante fresco, giovane e fruttato, che nasce dall\u2019accurata unione di vitigni locali selezionati da [&hellip;]<\/p>\n","protected":false},"featured_media":317,"template":"","meta":{"site-sidebar-layout":"","site-content-layout":"","ast-site-content-layout":"","site-content-style":"","site-sidebar-style":"","ast-global-header-display":"","ast-banner-title-visibility":"","ast-main-header-display":"","ast-hfb-above-header-display":"","ast-hfb-below-header-display":"","ast-hfb-mobile-header-display":"","site-post-title":"","ast-breadcrumbs-content":"","ast-featured-img":"","footer-sml-layout":"","ast-disable-related-posts":"","theme-transparent-header-meta":"","adv-header-id-meta":"","stick-header-meta":"","header-above-stick-meta":"","header-main-stick-meta":"","header-below-stick-meta":"","astra-migrate-meta-layouts":"","ast-page-background-enabled":"default","ast-page-background-meta":{"desktop":{"background-color":"var(--ast-global-color-4)","background-image":"","background-repeat":"repeat","background-position":"center center","background-size":"auto","background-attachment":"scroll","background-type":"","background-media":"","overlay-type":"","overlay-color":"","overlay-opacity":"","overlay-gradient":""},"tablet":{"background-color":"","background-image":"","background-repeat":"repeat","background-position":"center center","background-size":"auto","background-attachment":"scroll","background-type":"","background-media":"","overlay-type":"","overlay-color":"","overlay-opacity":"","overlay-gradient":""},"mobile":{"background-color":"","background-image":"","background-repeat":"repeat","background-position":"center center","background-size":"auto","background-attachment":"scroll","background-type":"","background-media":"","overlay-type":"","overlay-color":"","overlay-opacity":"","overlay-gradient":""}},"ast-content-background-meta":{"desktop":{"background-color":"var(--ast-global-color-5)","background-image":"","background-repeat":"repeat","background-position":"center center","background-size":"auto","background-attachment":"scroll","background-type":"","background-media":"","overlay-type":"","overlay-color":"","overlay-opacity":"","overlay-gradient":""},"tablet":{"background-color":"var(--ast-global-color-5)","background-image":"","background-repeat":"repeat","background-position":"center center","background-size":"auto","background-attachment":"scroll","background-type":"","background-media":"","overlay-type":"","overlay-color":"","overlay-opacity":"","overlay-gradient":""},"mobile":{"background-color":"var(--ast-global-color-5)","background-image":"","background-repeat":"repeat","background-position":"center center","background-size":"auto","background-attachment":"scroll","background-type":"","background-media":"","overlay-type":"","overlay-color":"","overlay-opacity":"","overlay-gradient":""}}},"pwb-brand":[678],"product_brand":[],"product_cat":[298],"product_tag":[443,522,467,521,442],"class_list":{"0":"post-793","1":"product","2":"type-product","3":"status-publish","4":"has-post-thumbnail","6":"pwb-brand-azienda-agricola-milazzo","7":"product_cat-bianchi","8":"product_tag-bianco","9":"product_tag-bianco-di-nera","10":"product_tag-frizzante","11":"product_tag-milazzo","12":"product_tag-vino","13":"desktop-align-center","14":"tablet-align-center","15":"mobile-align-center","16":"ast-product-gallery-layout-horizontal-slider","17":"ast-product-gallery-with-no-image","18":"ast-magnify-disabled","19":"ast-product-tabs-layout-horizontal","20":"ast-qv-on-image","22":"first","23":"instock","24":"shipping-taxable","25":"purchasable","26":"product-type-simple"},"yoast_head":"<!-- This site is optimized with the Yoast SEO plugin v27.4 - https:\/\/yoast.com\/product\/yoast-seo-wordpress\/ -->\n<title>Bianco di Nera Vino Bianco Frizzante - Milazzo | Acquista Online su Reliquo<\/title>\n<meta name=\"description\" content=\"Scopri Bianco di Nera Vino Bianco Frizzante - Milazzo su Reliquo: qualit\u00e0 garantita, spedizioni rapide e prezzi competitivi. Ordina ora e approfitta delle nostre offerte esclusive.\" \/>\n<meta name=\"robots\" content=\"index, follow, max-snippet:-1, max-image-preview:large, max-video-preview:-1\" \/>\n<link rel=\"canonical\" href=\"https:\/\/reliquo.com\/de\/bianco-di-nera-schaumender-weiswein-2023-milazzo\/\" \/>\n<meta property=\"og:locale\" content=\"de_DE\" \/>\n<meta property=\"og:type\" content=\"article\" \/>\n<meta property=\"og:title\" content=\"Bianco di Nera Vino Bianco Frizzante - Milazzo | Acquista Online su Reliquo\" \/>\n<meta property=\"og:description\" content=\"Scopri Bianco di Nera Vino Bianco Frizzante - Milazzo su Reliquo: qualit\u00e0 garantita, spedizioni rapide e prezzi competitivi. Ordina ora e approfitta delle nostre offerte esclusive.\" \/>\n<meta property=\"og:url\" content=\"https:\/\/reliquo.com\/de\/bianco-di-nera-schaumender-weiswein-2023-milazzo\/\" \/>\n<meta property=\"og:site_name\" content=\"Reliquo\" \/>\n<meta property=\"article:modified_time\" content=\"2026-03-30T11:23:09+00:00\" \/>\n<meta property=\"og:image\" content=\"https:\/\/reliquo.com\/wp-content\/uploads\/2024\/12\/Milazzo-Bianco-di-Nera.png\" \/>\n\t<meta property=\"og:image:width\" content=\"3024\" \/>\n\t<meta property=\"og:image:height\" content=\"3024\" \/>\n\t<meta property=\"og:image:type\" content=\"image\/png\" \/>\n<meta name=\"twitter:card\" content=\"summary_large_image\" \/>\n<meta name=\"twitter:label1\" content=\"Gesch\u00e4tzte Lesezeit\" \/>\n\t<meta name=\"twitter:data1\" content=\"1\u00a0Minute\" \/>\n<script type=\"application\/ld+json\" class=\"yoast-schema-graph\">{\"@context\":\"https:\\\/\\\/schema.org\",\"@graph\":[{\"@type\":\"WebPage\",\"@id\":\"https:\\\/\\\/reliquo.com\\\/bianco-di-nera-vino-bianco-frizzante-2023-milazzo\\\/\",\"url\":\"https:\\\/\\\/reliquo.com\\\/bianco-di-nera-vino-bianco-frizzante-2023-milazzo\\\/\",\"name\":\"Bianco di Nera Vino Bianco Frizzante - Milazzo | Acquista Online su Reliquo\",\"isPartOf\":{\"@id\":\"https:\\\/\\\/reliquo.com\\\/es\\\/#website\"},\"primaryImageOfPage\":{\"@id\":\"https:\\\/\\\/reliquo.com\\\/bianco-di-nera-vino-bianco-frizzante-2023-milazzo\\\/#primaryimage\"},\"image\":{\"@id\":\"https:\\\/\\\/reliquo.com\\\/bianco-di-nera-vino-bianco-frizzante-2023-milazzo\\\/#primaryimage\"},\"thumbnailUrl\":\"https:\\\/\\\/reliquo.com\\\/wp-content\\\/uploads\\\/2024\\\/12\\\/Milazzo-Bianco-di-Nera.png\",\"datePublished\":\"2024-12-17T14:19:12+00:00\",\"dateModified\":\"2026-03-30T11:23:09+00:00\",\"description\":\"Scopri Bianco di Nera Vino Bianco Frizzante - Milazzo su Reliquo: qualit\u00e0 garantita, spedizioni rapide e prezzi competitivi. Ordina ora e approfitta delle nostre offerte esclusive.\",\"breadcrumb\":{\"@id\":\"https:\\\/\\\/reliquo.com\\\/bianco-di-nera-vino-bianco-frizzante-2023-milazzo\\\/#breadcrumb\"},\"inLanguage\":\"de\",\"potentialAction\":[{\"@type\":\"ReadAction\",\"target\":[\"https:\\\/\\\/reliquo.com\\\/bianco-di-nera-vino-bianco-frizzante-2023-milazzo\\\/\"]}]},{\"@type\":\"ImageObject\",\"inLanguage\":\"de\",\"@id\":\"https:\\\/\\\/reliquo.com\\\/bianco-di-nera-vino-bianco-frizzante-2023-milazzo\\\/#primaryimage\",\"url\":\"https:\\\/\\\/reliquo.com\\\/wp-content\\\/uploads\\\/2024\\\/12\\\/Milazzo-Bianco-di-Nera.png\",\"contentUrl\":\"https:\\\/\\\/reliquo.com\\\/wp-content\\\/uploads\\\/2024\\\/12\\\/Milazzo-Bianco-di-Nera.png\",\"width\":3024,\"height\":3024,\"caption\":\"Bianco di Nera Vino Bianco Frizzante \u2013 Milazzo\"},{\"@type\":\"BreadcrumbList\",\"@id\":\"https:\\\/\\\/reliquo.com\\\/bianco-di-nera-vino-bianco-frizzante-2023-milazzo\\\/#breadcrumb\",\"itemListElement\":[{\"@type\":\"ListItem\",\"position\":1,\"name\":\"Home\",\"item\":\"http:\\\/\\\/reliquo.com\\\/it\\\/\"},{\"@type\":\"ListItem\",\"position\":2,\"name\":\"Shop\",\"item\":\"http:\\\/\\\/reliquo.com\\\/it\\\/shop\\\/\"},{\"@type\":\"ListItem\",\"position\":3,\"name\":\"Bianco di Nera Vino Bianco Frizzante &#8211; Milazzo\"}]},{\"@type\":\"WebSite\",\"@id\":\"https:\\\/\\\/reliquo.com\\\/es\\\/#website\",\"url\":\"https:\\\/\\\/reliquo.com\\\/es\\\/\",\"name\":\"Reliquo\",\"description\":\"La tua enoteca online: scopri vini, liquori e distillati d\u2019eccellenza.\",\"publisher\":{\"@id\":\"https:\\\/\\\/reliquo.com\\\/es\\\/#organization\"},\"potentialAction\":[{\"@type\":\"SearchAction\",\"target\":{\"@type\":\"EntryPoint\",\"urlTemplate\":\"https:\\\/\\\/reliquo.com\\\/es\\\/?s={search_term_string}\"},\"query-input\":{\"@type\":\"PropertyValueSpecification\",\"valueRequired\":true,\"valueName\":\"search_term_string\"}}],\"inLanguage\":\"de\"},{\"@type\":\"Organization\",\"@id\":\"https:\\\/\\\/reliquo.com\\\/es\\\/#organization\",\"name\":\"Reliquo\",\"url\":\"https:\\\/\\\/reliquo.com\\\/es\\\/\",\"logo\":{\"@type\":\"ImageObject\",\"inLanguage\":\"de\",\"@id\":\"https:\\\/\\\/reliquo.com\\\/es\\\/#\\\/schema\\\/logo\\\/image\\\/\",\"url\":\"https:\\\/\\\/reliquo.com\\\/wp-content\\\/uploads\\\/2024\\\/12\\\/cropped-favicon-1.png\",\"contentUrl\":\"https:\\\/\\\/reliquo.com\\\/wp-content\\\/uploads\\\/2024\\\/12\\\/cropped-favicon-1.png\",\"width\":512,\"height\":512,\"caption\":\"Reliquo\"},\"image\":{\"@id\":\"https:\\\/\\\/reliquo.com\\\/es\\\/#\\\/schema\\\/logo\\\/image\\\/\"}}]}<\/script>\n<!-- \/ Yoast SEO plugin. -->","yoast_head_json":{"title":"Bianco di Nera Sekt Wei\u00dfwein - Milazzo | Online kaufen bei Reliquo","description":"Entdecken Sie Bianco di Nera Schaumwein - Milazzo bei Reliquo: garantierte Qualit\u00e4t, schnelle Lieferung und g\u00fcnstige Preise. Bestellen Sie jetzt und profitieren Sie von unseren exklusiven Angeboten.","robots":{"index":"index","follow":"follow","max-snippet":"max-snippet:-1","max-image-preview":"max-image-preview:large","max-video-preview":"max-video-preview:-1"},"canonical":"https:\/\/reliquo.com\/de\/bianco-di-nera-schaumender-weiswein-2023-milazzo\/","og_locale":"de_DE","og_type":"article","og_title":"Bianco di Nera Vino Bianco Frizzante - Milazzo | Acquista Online su Reliquo","og_description":"Scopri Bianco di Nera Vino Bianco Frizzante - Milazzo su Reliquo: qualit\u00e0 garantita, spedizioni rapide e prezzi competitivi. Ordina ora e approfitta delle nostre offerte esclusive.","og_url":"https:\/\/reliquo.com\/de\/bianco-di-nera-schaumender-weiswein-2023-milazzo\/","og_site_name":"Reliquo","article_modified_time":"2026-03-30T11:23:09+00:00","og_image":[{"width":3024,"height":3024,"url":"https:\/\/reliquo.com\/wp-content\/uploads\/2024\/12\/Milazzo-Bianco-di-Nera.png","type":"image\/png"}],"twitter_card":"summary_large_image","twitter_misc":{"Gesch\u00e4tzte Lesezeit":"1\u00a0Minute"},"schema":{"@context":"https:\/\/schema.org","@graph":[{"@type":"WebPage","@id":"https:\/\/reliquo.com\/bianco-di-nera-vino-bianco-frizzante-2023-milazzo\/","url":"https:\/\/reliquo.com\/bianco-di-nera-vino-bianco-frizzante-2023-milazzo\/","name":"Bianco di Nera Sekt Wei\u00dfwein - Milazzo | Online kaufen bei Reliquo","isPartOf":{"@id":"https:\/\/reliquo.com\/es\/#website"},"primaryImageOfPage":{"@id":"https:\/\/reliquo.com\/bianco-di-nera-vino-bianco-frizzante-2023-milazzo\/#primaryimage"},"image":{"@id":"https:\/\/reliquo.com\/bianco-di-nera-vino-bianco-frizzante-2023-milazzo\/#primaryimage"},"thumbnailUrl":"https:\/\/reliquo.com\/wp-content\/uploads\/2024\/12\/Milazzo-Bianco-di-Nera.png","datePublished":"2024-12-17T14:19:12+00:00","dateModified":"2026-03-30T11:23:09+00:00","description":"Entdecken Sie Bianco di Nera Schaumwein - Milazzo bei Reliquo: garantierte Qualit\u00e4t, schnelle Lieferung und g\u00fcnstige Preise. Bestellen Sie jetzt und profitieren Sie von unseren exklusiven Angeboten.","breadcrumb":{"@id":"https:\/\/reliquo.com\/bianco-di-nera-vino-bianco-frizzante-2023-milazzo\/#breadcrumb"},"inLanguage":"de","potentialAction":[{"@type":"ReadAction","target":["https:\/\/reliquo.com\/bianco-di-nera-vino-bianco-frizzante-2023-milazzo\/"]}]},{"@type":"ImageObject","inLanguage":"de","@id":"https:\/\/reliquo.com\/bianco-di-nera-vino-bianco-frizzante-2023-milazzo\/#primaryimage","url":"https:\/\/reliquo.com\/wp-content\/uploads\/2024\/12\/Milazzo-Bianco-di-Nera.png","contentUrl":"https:\/\/reliquo.com\/wp-content\/uploads\/2024\/12\/Milazzo-Bianco-di-Nera.png","width":3024,"height":3024,"caption":"Bianco di Nera Vino Bianco Frizzante \u2013 Milazzo"},{"@type":"BreadcrumbList","@id":"https:\/\/reliquo.com\/bianco-di-nera-vino-bianco-frizzante-2023-milazzo\/#breadcrumb","itemListElement":[{"@type":"ListItem","position":1,"name":"Home","item":"http:\/\/reliquo.com\/it\/"},{"@type":"ListItem","position":2,"name":"Shop","item":"http:\/\/reliquo.com\/it\/shop\/"},{"@type":"ListItem","position":3,"name":"Bianco di Nera Vino Bianco Frizzante &#8211; Milazzo"}]},{"@type":"WebSite","@id":"https:\/\/reliquo.com\/es\/#website","url":"https:\/\/reliquo.com\/es\/","name":"Reliquie","description":"Ihre Online-Weinhandlung: Entdecken Sie ausgezeichnete Weine, Spirituosen und Lik\u00f6re.","publisher":{"@id":"https:\/\/reliquo.com\/es\/#organization"},"potentialAction":[{"@type":"SearchAction","target":{"@type":"EntryPoint","urlTemplate":"https:\/\/reliquo.com\/es\/?s={search_term_string}"},"query-input":{"@type":"PropertyValueSpecification","valueRequired":true,"valueName":"search_term_string"}}],"inLanguage":"de"},{"@type":"Organization","@id":"https:\/\/reliquo.com\/es\/#organization","name":"Reliquie","url":"https:\/\/reliquo.com\/es\/","logo":{"@type":"ImageObject","inLanguage":"de","@id":"https:\/\/reliquo.com\/es\/#\/schema\/logo\/image\/","url":"https:\/\/reliquo.com\/wp-content\/uploads\/2024\/12\/cropped-favicon-1.png","contentUrl":"https:\/\/reliquo.com\/wp-content\/uploads\/2024\/12\/cropped-favicon-1.png","width":512,"height":512,"caption":"Reliquo"},"image":{"@id":"https:\/\/reliquo.com\/es\/#\/schema\/logo\/image\/"}}]}},"jetpack_sharing_enabled":true,"brands":[{"id":678,"name":"Bauernhof Milazzo","slug":"bauernhof-milazzo"}],"_links":{"self":[{"href":"https:\/\/reliquo.com\/de\/wp-json\/wp\/v2\/product\/793","targetHints":{"allow":["GET"]}}],"collection":[{"href":"https:\/\/reliquo.com\/de\/wp-json\/wp\/v2\/product"}],"about":[{"href":"https:\/\/reliquo.com\/de\/wp-json\/wp\/v2\/types\/product"}],"wp:featuredmedia":[{"embeddable":true,"href":"https:\/\/reliquo.com\/de\/wp-json\/wp\/v2\/media\/317"}],"wp:attachment":[{"href":"https:\/\/reliquo.com\/de\/wp-json\/wp\/v2\/media?parent=793"}],"wp:term":[{"taxonomy":"pwb-brand","embeddable":true,"href":"https:\/\/reliquo.com\/de\/wp-json\/wp\/v2\/pwb-brand?post=793"},{"taxonomy":"product_brand","embeddable":true,"href":"https:\/\/reliquo.com\/de\/wp-json\/wp\/v2\/product_brand?post=793"},{"taxonomy":"product_cat","embeddable":true,"href":"https:\/\/reliquo.com\/de\/wp-json\/wp\/v2\/product_cat?post=793"},{"taxonomy":"product_tag","embeddable":true,"href":"https:\/\/reliquo.com\/de\/wp-json\/wp\/v2\/product_tag?post=793"}],"curies":[{"name":"wp","href":"https:\/\/api.w.org\/{rel}","templated":true}]}}