{"id":792,"date":"2024-12-17T15:19:12","date_gmt":"2024-12-17T14:19:12","guid":{"rendered":"https:\/\/reliquo.com\/?post_type=product&#038;p=792"},"modified":"2025-12-18T15:43:31","modified_gmt":"2025-12-18T14:43:31","slug":"maria-costanza-bianco-2023-sizilien-d-o-p-milazzo","status":"publish","type":"product","link":"https:\/\/reliquo.com\/de\/maria-costanza-bianco-2023-sicilia-d-o-p-milazzo\/","title":{"rendered":"Maria Costanza Bianco Sicilia D.O.P - Milazzo"},"content":{"rendered":"<p>Hergestellt von der Weinkellerei Milazzo in Campobello di Licata in der Provinz Agrigento. Es handelt sich um einen Verschnitt auf der Basis von Chardonnay und Inzolia, bei dem tropische Fr\u00fcchte der Schl\u00fcssel sind, der Nase und Gaumen in einem erfrischenden und sehr zufriedenstellenden Geschmackserlebnis begleitet. Der Verdienst liegt auch in der Produktionsweise der Kellerei, die sich von Anfang an dem Streben nach Qualit\u00e4t verschrieben hat, indem sie einen Weg der biologischen Bewirtschaftung der Weinberge und der schrittweisen Verringerung der Umweltauswirkungen eingeschlagen hat. Dieser Wei\u00dfwein \"Maria Costanza\" wird von der Weinkellerei Milazzo aus einer Mischung einer gro\u00dfen einheimischen Rebsorte, der Inzolia, und einer internationalen Rebsorte, die in Sizilien interessante qualitative Spitzenwerte erreicht, dem Chardonnay, hergestellt. Die Reben beider Sorten werden im Guyot-System angebaut und wurzeln in einem Untergrund, der haupts\u00e4chlich aus kalkhaltigem Mergel besteht. Nach der Handlese werden die Trauben sanft gepresst und alkoholisch sowohl im Stahl als auch - f\u00fcr einen kleinen Teil der gesamten Weinmasse (10%) - in Barriques vergoren. Diese Aufteilung zwischen Stahl und Holz setzt sich auch w\u00e4hrend der Reifephase fort, die 6 Monate dauert Der Wei\u00dfwein \"Maria Costanza\" pr\u00e4sentiert sich dem Auge mit einer strohgelben Farbe, die von schwachen gr\u00fcnlichen Reflexen durchzogen ist. Das Bouquet ist von komplexen und vielschichtigen Aromen gepr\u00e4gt, in denen die ersten Noten von tropischen Fr\u00fcchten in blumige und balsamische Empfindungen \u00fcbergehen. Im Mund ist er vollmundig, \u00fcppig und vollmundig, mit einem intensiven Schluck, der von einem fruchtigen Geschmack und einer angenehm frischen Ader gepr\u00e4gt ist. Einer der repr\u00e4sentativsten Weine des gesamten Sortiments der Weinkellerei Milazzo, ideal f\u00fcr ein romantisches Abendessen in Begleitung Ihres Partners.<\/p>","protected":false},"excerpt":{"rendered":"<p>Realizzato dalla cantina Milazzo, realt\u00e0 produttiva situata a Campobello di Licata, in provincia di Agrigento. Si tratta di un blend [&hellip;]<\/p>\n","protected":false},"featured_media":318,"template":"","meta":{"site-sidebar-layout":"","site-content-layout":"","ast-site-content-layout":"","site-content-style":"","site-sidebar-style":"","ast-global-header-display":"","ast-banner-title-visibility":"","ast-main-header-display":"","ast-hfb-above-header-display":"","ast-hfb-below-header-display":"","ast-hfb-mobile-header-display":"","site-post-title":"","ast-breadcrumbs-content":"","ast-featured-img":"","footer-sml-layout":"","ast-disable-related-posts":"","theme-transparent-header-meta":"","adv-header-id-meta":"","stick-header-meta":"","header-above-stick-meta":"","header-main-stick-meta":"","header-below-stick-meta":"","astra-migrate-meta-layouts":"","ast-page-background-enabled":"default","ast-page-background-meta":{"desktop":{"background-color":"var(--ast-global-color-4)","background-image":"","background-repeat":"repeat","background-position":"center center","background-size":"auto","background-attachment":"scroll","background-type":"","background-media":"","overlay-type":"","overlay-color":"","overlay-opacity":"","overlay-gradient":""},"tablet":{"background-color":"","background-image":"","background-repeat":"repeat","background-position":"center center","background-size":"auto","background-attachment":"scroll","background-type":"","background-media":"","overlay-type":"","overlay-color":"","overlay-opacity":"","overlay-gradient":""},"mobile":{"background-color":"","background-image":"","background-repeat":"repeat","background-position":"center center","background-size":"auto","background-attachment":"scroll","background-type":"","background-media":"","overlay-type":"","overlay-color":"","overlay-opacity":"","overlay-gradient":""}},"ast-content-background-meta":{"desktop":{"background-color":"var(--ast-global-color-5)","background-image":"","background-repeat":"repeat","background-position":"center center","background-size":"auto","background-attachment":"scroll","background-type":"","background-media":"","overlay-type":"","overlay-color":"","overlay-opacity":"","overlay-gradient":""},"tablet":{"background-color":"var(--ast-global-color-5)","background-image":"","background-repeat":"repeat","background-position":"center center","background-size":"auto","background-attachment":"scroll","background-type":"","background-media":"","overlay-type":"","overlay-color":"","overlay-opacity":"","overlay-gradient":""},"mobile":{"background-color":"var(--ast-global-color-5)","background-image":"","background-repeat":"repeat","background-position":"center center","background-size":"auto","background-attachment":"scroll","background-type":"","background-media":"","overlay-type":"","overlay-color":"","overlay-opacity":"","overlay-gradient":""}}},"pwb-brand":[678],"product_brand":[],"product_cat":[298],"product_tag":[443,520,521,442],"class_list":{"0":"post-792","1":"product","2":"type-product","3":"status-publish","4":"has-post-thumbnail","6":"pwb-brand-azienda-agricola-milazzo","7":"product_cat-bianchi","8":"product_tag-bianco","9":"product_tag-maria-costanza","10":"product_tag-milazzo","11":"product_tag-vino","12":"desktop-align-center","13":"tablet-align-center","14":"mobile-align-center","15":"ast-product-gallery-layout-horizontal-slider","16":"ast-product-gallery-with-no-image","17":"ast-magnify-disabled","18":"ast-product-tabs-layout-horizontal","19":"ast-qv-on-image","21":"first","22":"instock","23":"shipping-taxable","24":"purchasable","25":"product-type-simple"},"yoast_head":"<!-- This site is optimized with the Yoast SEO plugin v27.4 - https:\/\/yoast.com\/product\/yoast-seo-wordpress\/ -->\n<title>Maria Costanza Bianco Sicilia D.O.P - Milazzo | Acquista Online su Reliquo<\/title>\n<meta name=\"description\" content=\"Scopri Maria Costanza Bianco Sicilia D.O.P - Milazzo su Reliquo: qualit\u00e0 garantita, spedizioni rapide e prezzi competitivi. Ordina ora e approfitta delle nostre offerte esclusive.\" \/>\n<meta name=\"robots\" content=\"index, follow, max-snippet:-1, max-image-preview:large, max-video-preview:-1\" \/>\n<link rel=\"canonical\" href=\"http:\/\/reliquo.com\/de\/maria-costanza-bianco-2023-sizilien-d-o-p-milazzo\/\" \/>\n<meta property=\"og:locale\" content=\"de_DE\" \/>\n<meta property=\"og:type\" content=\"article\" \/>\n<meta property=\"og:title\" content=\"Maria Costanza Bianco Sicilia D.O.P - Milazzo | Acquista Online su Reliquo\" \/>\n<meta property=\"og:description\" content=\"Scopri Maria Costanza Bianco Sicilia D.O.P - Milazzo su Reliquo: qualit\u00e0 garantita, spedizioni rapide e prezzi competitivi. Ordina ora e approfitta delle nostre offerte esclusive.\" \/>\n<meta property=\"og:url\" content=\"http:\/\/reliquo.com\/de\/maria-costanza-bianco-2023-sizilien-d-o-p-milazzo\/\" \/>\n<meta property=\"og:site_name\" content=\"Reliquo\" \/>\n<meta property=\"article:modified_time\" content=\"2025-12-18T14:43:31+00:00\" \/>\n<meta property=\"og:image\" content=\"https:\/\/reliquo.com\/wp-content\/uploads\/2024\/12\/Milazzo-Maria-Costanza.png\" \/>\n\t<meta property=\"og:image:width\" content=\"3024\" \/>\n\t<meta property=\"og:image:height\" content=\"3024\" \/>\n\t<meta property=\"og:image:type\" content=\"image\/png\" \/>\n<meta name=\"twitter:card\" content=\"summary_large_image\" \/>\n<meta name=\"twitter:label1\" content=\"Gesch\u00e4tzte Lesezeit\" \/>\n\t<meta name=\"twitter:data1\" content=\"2\u00a0Minuten\" \/>\n<script type=\"application\/ld+json\" class=\"yoast-schema-graph\">{\"@context\":\"https:\\\/\\\/schema.org\",\"@graph\":[{\"@type\":\"WebPage\",\"@id\":\"http:\\\/\\\/reliquo.com\\\/it\\\/maria-costanza-bianco-2023-sicilia-d-o-p-milazzo\\\/\",\"url\":\"http:\\\/\\\/reliquo.com\\\/it\\\/maria-costanza-bianco-2023-sicilia-d-o-p-milazzo\\\/\",\"name\":\"Maria Costanza Bianco Sicilia D.O.P - Milazzo | Acquista Online su Reliquo\",\"isPartOf\":{\"@id\":\"https:\\\/\\\/reliquo.com\\\/es\\\/#website\"},\"primaryImageOfPage\":{\"@id\":\"http:\\\/\\\/reliquo.com\\\/it\\\/maria-costanza-bianco-2023-sicilia-d-o-p-milazzo\\\/#primaryimage\"},\"image\":{\"@id\":\"http:\\\/\\\/reliquo.com\\\/it\\\/maria-costanza-bianco-2023-sicilia-d-o-p-milazzo\\\/#primaryimage\"},\"thumbnailUrl\":\"https:\\\/\\\/reliquo.com\\\/wp-content\\\/uploads\\\/2024\\\/12\\\/Milazzo-Maria-Costanza.png\",\"datePublished\":\"2024-12-17T14:19:12+00:00\",\"dateModified\":\"2025-12-18T14:43:31+00:00\",\"description\":\"Scopri Maria Costanza Bianco Sicilia D.O.P - Milazzo su Reliquo: qualit\u00e0 garantita, spedizioni rapide e prezzi competitivi. Ordina ora e approfitta delle nostre offerte esclusive.\",\"breadcrumb\":{\"@id\":\"http:\\\/\\\/reliquo.com\\\/it\\\/maria-costanza-bianco-2023-sicilia-d-o-p-milazzo\\\/#breadcrumb\"},\"inLanguage\":\"de\",\"potentialAction\":[{\"@type\":\"ReadAction\",\"target\":[\"http:\\\/\\\/reliquo.com\\\/it\\\/maria-costanza-bianco-2023-sicilia-d-o-p-milazzo\\\/\"]}]},{\"@type\":\"ImageObject\",\"inLanguage\":\"de\",\"@id\":\"http:\\\/\\\/reliquo.com\\\/it\\\/maria-costanza-bianco-2023-sicilia-d-o-p-milazzo\\\/#primaryimage\",\"url\":\"https:\\\/\\\/reliquo.com\\\/wp-content\\\/uploads\\\/2024\\\/12\\\/Milazzo-Maria-Costanza.png\",\"contentUrl\":\"https:\\\/\\\/reliquo.com\\\/wp-content\\\/uploads\\\/2024\\\/12\\\/Milazzo-Maria-Costanza.png\",\"width\":3024,\"height\":3024,\"caption\":\"Maria Costanza Bianco Sicilia D.O.P \u2013 Milazzo\"},{\"@type\":\"BreadcrumbList\",\"@id\":\"http:\\\/\\\/reliquo.com\\\/it\\\/maria-costanza-bianco-2023-sicilia-d-o-p-milazzo\\\/#breadcrumb\",\"itemListElement\":[{\"@type\":\"ListItem\",\"position\":1,\"name\":\"Home\",\"item\":\"http:\\\/\\\/reliquo.com\\\/it\\\/\"},{\"@type\":\"ListItem\",\"position\":2,\"name\":\"Shop\",\"item\":\"http:\\\/\\\/reliquo.com\\\/it\\\/shop\\\/\"},{\"@type\":\"ListItem\",\"position\":3,\"name\":\"Maria Costanza Bianco Sicilia D.O.P &#8211; Milazzo\"}]},{\"@type\":\"WebSite\",\"@id\":\"https:\\\/\\\/reliquo.com\\\/es\\\/#website\",\"url\":\"https:\\\/\\\/reliquo.com\\\/es\\\/\",\"name\":\"Reliquo\",\"description\":\"La tua enoteca online: scopri vini, liquori e distillati d\u2019eccellenza.\",\"publisher\":{\"@id\":\"https:\\\/\\\/reliquo.com\\\/es\\\/#organization\"},\"potentialAction\":[{\"@type\":\"SearchAction\",\"target\":{\"@type\":\"EntryPoint\",\"urlTemplate\":\"https:\\\/\\\/reliquo.com\\\/es\\\/?s={search_term_string}\"},\"query-input\":{\"@type\":\"PropertyValueSpecification\",\"valueRequired\":true,\"valueName\":\"search_term_string\"}}],\"inLanguage\":\"de\"},{\"@type\":\"Organization\",\"@id\":\"https:\\\/\\\/reliquo.com\\\/es\\\/#organization\",\"name\":\"Reliquo\",\"url\":\"https:\\\/\\\/reliquo.com\\\/es\\\/\",\"logo\":{\"@type\":\"ImageObject\",\"inLanguage\":\"de\",\"@id\":\"https:\\\/\\\/reliquo.com\\\/es\\\/#\\\/schema\\\/logo\\\/image\\\/\",\"url\":\"https:\\\/\\\/reliquo.com\\\/wp-content\\\/uploads\\\/2024\\\/12\\\/cropped-favicon-1.png\",\"contentUrl\":\"https:\\\/\\\/reliquo.com\\\/wp-content\\\/uploads\\\/2024\\\/12\\\/cropped-favicon-1.png\",\"width\":512,\"height\":512,\"caption\":\"Reliquo\"},\"image\":{\"@id\":\"https:\\\/\\\/reliquo.com\\\/es\\\/#\\\/schema\\\/logo\\\/image\\\/\"}}]}<\/script>\n<!-- \/ Yoast SEO plugin. -->","yoast_head_json":{"title":"Maria Costanza Bianco Sicilia D.O.P - Milazzo | Online kaufen bei Reliquo","description":"Entdecken Sie Maria Costanza Bianco Sicilia D.O.P - Milazzo auf Reliquo: garantierte Qualit\u00e4t, schneller Versand und g\u00fcnstige Preise. Bestellen Sie jetzt und profitieren Sie von unseren exklusiven Angeboten.","robots":{"index":"index","follow":"follow","max-snippet":"max-snippet:-1","max-image-preview":"max-image-preview:large","max-video-preview":"max-video-preview:-1"},"canonical":"http:\/\/reliquo.com\/de\/maria-costanza-bianco-2023-sizilien-d-o-p-milazzo\/","og_locale":"de_DE","og_type":"article","og_title":"Maria Costanza Bianco Sicilia D.O.P - Milazzo | Acquista Online su Reliquo","og_description":"Scopri Maria Costanza Bianco Sicilia D.O.P - Milazzo su Reliquo: qualit\u00e0 garantita, spedizioni rapide e prezzi competitivi. Ordina ora e approfitta delle nostre offerte esclusive.","og_url":"http:\/\/reliquo.com\/de\/maria-costanza-bianco-2023-sizilien-d-o-p-milazzo\/","og_site_name":"Reliquo","article_modified_time":"2025-12-18T14:43:31+00:00","og_image":[{"width":3024,"height":3024,"url":"https:\/\/reliquo.com\/wp-content\/uploads\/2024\/12\/Milazzo-Maria-Costanza.png","type":"image\/png"}],"twitter_card":"summary_large_image","twitter_misc":{"Gesch\u00e4tzte Lesezeit":"2\u00a0Minuten"},"schema":{"@context":"https:\/\/schema.org","@graph":[{"@type":"WebPage","@id":"http:\/\/reliquo.com\/it\/maria-costanza-bianco-2023-sicilia-d-o-p-milazzo\/","url":"http:\/\/reliquo.com\/it\/maria-costanza-bianco-2023-sicilia-d-o-p-milazzo\/","name":"Maria Costanza Bianco Sicilia D.O.P - Milazzo | Online kaufen bei Reliquo","isPartOf":{"@id":"https:\/\/reliquo.com\/es\/#website"},"primaryImageOfPage":{"@id":"http:\/\/reliquo.com\/it\/maria-costanza-bianco-2023-sicilia-d-o-p-milazzo\/#primaryimage"},"image":{"@id":"http:\/\/reliquo.com\/it\/maria-costanza-bianco-2023-sicilia-d-o-p-milazzo\/#primaryimage"},"thumbnailUrl":"https:\/\/reliquo.com\/wp-content\/uploads\/2024\/12\/Milazzo-Maria-Costanza.png","datePublished":"2024-12-17T14:19:12+00:00","dateModified":"2025-12-18T14:43:31+00:00","description":"Entdecken Sie Maria Costanza Bianco Sicilia D.O.P - Milazzo auf Reliquo: garantierte Qualit\u00e4t, schneller Versand und g\u00fcnstige Preise. Bestellen Sie jetzt und profitieren Sie von unseren exklusiven Angeboten.","breadcrumb":{"@id":"http:\/\/reliquo.com\/it\/maria-costanza-bianco-2023-sicilia-d-o-p-milazzo\/#breadcrumb"},"inLanguage":"de","potentialAction":[{"@type":"ReadAction","target":["http:\/\/reliquo.com\/it\/maria-costanza-bianco-2023-sicilia-d-o-p-milazzo\/"]}]},{"@type":"ImageObject","inLanguage":"de","@id":"http:\/\/reliquo.com\/it\/maria-costanza-bianco-2023-sicilia-d-o-p-milazzo\/#primaryimage","url":"https:\/\/reliquo.com\/wp-content\/uploads\/2024\/12\/Milazzo-Maria-Costanza.png","contentUrl":"https:\/\/reliquo.com\/wp-content\/uploads\/2024\/12\/Milazzo-Maria-Costanza.png","width":3024,"height":3024,"caption":"Maria Costanza Bianco Sicilia D.O.P \u2013 Milazzo"},{"@type":"BreadcrumbList","@id":"http:\/\/reliquo.com\/it\/maria-costanza-bianco-2023-sicilia-d-o-p-milazzo\/#breadcrumb","itemListElement":[{"@type":"ListItem","position":1,"name":"Home","item":"http:\/\/reliquo.com\/it\/"},{"@type":"ListItem","position":2,"name":"Shop","item":"http:\/\/reliquo.com\/it\/shop\/"},{"@type":"ListItem","position":3,"name":"Maria Costanza Bianco Sicilia D.O.P &#8211; Milazzo"}]},{"@type":"WebSite","@id":"https:\/\/reliquo.com\/es\/#website","url":"https:\/\/reliquo.com\/es\/","name":"Reliquie","description":"Ihre Online-Weinhandlung: Entdecken Sie ausgezeichnete Weine, Spirituosen und Lik\u00f6re.","publisher":{"@id":"https:\/\/reliquo.com\/es\/#organization"},"potentialAction":[{"@type":"SearchAction","target":{"@type":"EntryPoint","urlTemplate":"https:\/\/reliquo.com\/es\/?s={search_term_string}"},"query-input":{"@type":"PropertyValueSpecification","valueRequired":true,"valueName":"search_term_string"}}],"inLanguage":"de"},{"@type":"Organization","@id":"https:\/\/reliquo.com\/es\/#organization","name":"Reliquie","url":"https:\/\/reliquo.com\/es\/","logo":{"@type":"ImageObject","inLanguage":"de","@id":"https:\/\/reliquo.com\/es\/#\/schema\/logo\/image\/","url":"https:\/\/reliquo.com\/wp-content\/uploads\/2024\/12\/cropped-favicon-1.png","contentUrl":"https:\/\/reliquo.com\/wp-content\/uploads\/2024\/12\/cropped-favicon-1.png","width":512,"height":512,"caption":"Reliquo"},"image":{"@id":"https:\/\/reliquo.com\/es\/#\/schema\/logo\/image\/"}}]}},"jetpack_sharing_enabled":true,"brands":[{"id":678,"name":"Bauernhof Milazzo","slug":"bauernhof-milazzo"}],"_links":{"self":[{"href":"https:\/\/reliquo.com\/de\/wp-json\/wp\/v2\/product\/792","targetHints":{"allow":["GET"]}}],"collection":[{"href":"https:\/\/reliquo.com\/de\/wp-json\/wp\/v2\/product"}],"about":[{"href":"https:\/\/reliquo.com\/de\/wp-json\/wp\/v2\/types\/product"}],"wp:featuredmedia":[{"embeddable":true,"href":"https:\/\/reliquo.com\/de\/wp-json\/wp\/v2\/media\/318"}],"wp:attachment":[{"href":"https:\/\/reliquo.com\/de\/wp-json\/wp\/v2\/media?parent=792"}],"wp:term":[{"taxonomy":"pwb-brand","embeddable":true,"href":"https:\/\/reliquo.com\/de\/wp-json\/wp\/v2\/pwb-brand?post=792"},{"taxonomy":"product_brand","embeddable":true,"href":"https:\/\/reliquo.com\/de\/wp-json\/wp\/v2\/product_brand?post=792"},{"taxonomy":"product_cat","embeddable":true,"href":"https:\/\/reliquo.com\/de\/wp-json\/wp\/v2\/product_cat?post=792"},{"taxonomy":"product_tag","embeddable":true,"href":"https:\/\/reliquo.com\/de\/wp-json\/wp\/v2\/product_tag?post=792"}],"curies":[{"name":"wp","href":"https:\/\/api.w.org\/{rel}","templated":true}]}}