{"id":786,"date":"2024-12-17T15:19:09","date_gmt":"2024-12-17T14:19:09","guid":{"rendered":"https:\/\/reliquo.com\/?post_type=product&#038;p=786"},"modified":"2026-05-12T09:30:10","modified_gmt":"2026-05-12T07:30:10","slug":"etta-focu-syrah-perricone-cantine-paolini","status":"publish","type":"product","link":"https:\/\/reliquo.com\/de\/etta-focu-syrah-perricone-cantine-paolini\/","title":{"rendered":"Etta Focu Syrah Perricone - Kellerei Paolini"},"content":{"rendered":"<p>Das Annuario dei Migliori vini italiani 2023 (Jahrbuch der besten italienischen Weine 2023) des bekannten Wein- und Gastronomiekritikers Luca Maroni, das das Beste der nationalen Produktion zusammenfasst, w\u00fcrdigt eine Exzellenz des sizilianischen Gebiets: den neuen Wein \"Etta Focu\" der Cantine Paolini aus Marsala.Es handelt sich um eine Assemblage aus Syrah und Perricone, die sich durch ihre warme und einh\u00fcllende Pers\u00f6nlichkeit auszeichnet, die perfekt zu gehaltvollen Gerichten wie Schmorbraten passt, und die in der Analyse von Luca Maroni 98 von 99 Punkten erreicht hat.9 Um von dem Experten eine so hohe Punktzahl zu erhalten, hat der Etta Focu in den Augen von Luca Maroni in drei Kategorien \u00fcberzeugt: Konsistenz, Ausgewogenheit und Integrit\u00e4t. Unter Konsistenz versteht man die Gesamtheit aller Weinbestandteile, mit Ausnahme von Wasser, Alkohol und fl\u00fcchtigen Substanzen. Eine hohe Konsistenz resultiert in einem Wein, der reich an Farbe, Aroma und Geschmack ist und sich durch eine gro\u00dfe Dichte auszeichnet. Die Ausgewogenheit eines Weins ist wichtig, weil sie daf\u00fcr sorgt, dass der Geschmack nicht zu sauer, zu reif oder zu bitter ist. Ein ausgewogener Wein ist harmonischer und angenehmer im Geschmack. Die Integrit\u00e4t bezieht sich auf die Reinheit und Frische des Weins. Das bedeutet, dass der Wein keine anormalen Aromen aufweisen darf, die mit den Rebsorten oder dem Weinherstellungsprozess zusammenh\u00e4ngen, und dass der Wein keine M\u00e4ngel aufweisen darf. Im Allgemeinen gilt: Je schneller und pr\u00e4ziser ein Wein hergestellt wird, desto h\u00f6her ist seine Integrit\u00e4t.<\/p>","protected":false},"excerpt":{"rendered":"<p>L\u2019Annuario dei Migliori vini italiani 2023 del noto critico enogastronomico Luca Maroni, che riunisce il meglio della produzione nazionale, riconosce [&hellip;]<\/p>\n","protected":false},"featured_media":357,"template":"","meta":{"site-sidebar-layout":"","site-content-layout":"","ast-site-content-layout":"","site-content-style":"","site-sidebar-style":"","ast-global-header-display":"","ast-banner-title-visibility":"","ast-main-header-display":"","ast-hfb-above-header-display":"","ast-hfb-below-header-display":"","ast-hfb-mobile-header-display":"","site-post-title":"","ast-breadcrumbs-content":"","ast-featured-img":"","footer-sml-layout":"","ast-disable-related-posts":"","theme-transparent-header-meta":"","adv-header-id-meta":"","stick-header-meta":"","header-above-stick-meta":"","header-main-stick-meta":"","header-below-stick-meta":"","astra-migrate-meta-layouts":"","ast-page-background-enabled":"default","ast-page-background-meta":{"desktop":{"background-color":"var(--ast-global-color-4)","background-image":"","background-repeat":"repeat","background-position":"center center","background-size":"auto","background-attachment":"scroll","background-type":"","background-media":"","overlay-type":"","overlay-color":"","overlay-opacity":"","overlay-gradient":""},"tablet":{"background-color":"","background-image":"","background-repeat":"repeat","background-position":"center center","background-size":"auto","background-attachment":"scroll","background-type":"","background-media":"","overlay-type":"","overlay-color":"","overlay-opacity":"","overlay-gradient":""},"mobile":{"background-color":"","background-image":"","background-repeat":"repeat","background-position":"center center","background-size":"auto","background-attachment":"scroll","background-type":"","background-media":"","overlay-type":"","overlay-color":"","overlay-opacity":"","overlay-gradient":""}},"ast-content-background-meta":{"desktop":{"background-color":"var(--ast-global-color-5)","background-image":"","background-repeat":"repeat","background-position":"center center","background-size":"auto","background-attachment":"scroll","background-type":"","background-media":"","overlay-type":"","overlay-color":"","overlay-opacity":"","overlay-gradient":""},"tablet":{"background-color":"var(--ast-global-color-5)","background-image":"","background-repeat":"repeat","background-position":"center center","background-size":"auto","background-attachment":"scroll","background-type":"","background-media":"","overlay-type":"","overlay-color":"","overlay-opacity":"","overlay-gradient":""},"mobile":{"background-color":"var(--ast-global-color-5)","background-image":"","background-repeat":"repeat","background-position":"center center","background-size":"auto","background-attachment":"scroll","background-type":"","background-media":"","overlay-type":"","overlay-color":"","overlay-opacity":"","overlay-gradient":""}}},"pwb-brand":[691],"product_brand":[],"product_cat":[299],"product_tag":[514,425,451,448,452,442],"class_list":{"0":"post-786","1":"product","2":"type-product","3":"status-publish","4":"has-post-thumbnail","6":"pwb-brand-cantine-paolini","7":"product_cat-rossi","8":"product_tag-etta-focu","9":"product_tag-paolini","10":"product_tag-perricone","11":"product_tag-rosso","12":"product_tag-syrah","13":"product_tag-vino","14":"desktop-align-center","15":"tablet-align-center","16":"mobile-align-center","17":"ast-product-gallery-layout-horizontal-slider","18":"ast-product-gallery-with-no-image","19":"ast-magnify-disabled","20":"ast-product-tabs-layout-horizontal","21":"ast-qv-on-image","23":"first","24":"instock","25":"shipping-taxable","26":"purchasable","27":"product-type-simple"},"yoast_head":"<!-- This site is optimized with the Yoast SEO plugin v27.4 - https:\/\/yoast.com\/product\/yoast-seo-wordpress\/ -->\n<title>Etta Focu Syrah Perricone - Cantine Paolini | Acquista Online su Reliquo<\/title>\n<meta name=\"description\" content=\"Scopri Etta Focu Syrah Perricone - Cantine Paolini su Reliquo: qualit\u00e0 garantita, spedizioni rapide e prezzi competitivi. Ordina ora e approfitta delle nostre offerte esclusive.\" \/>\n<meta name=\"robots\" content=\"index, follow, max-snippet:-1, max-image-preview:large, max-video-preview:-1\" \/>\n<link rel=\"canonical\" href=\"https:\/\/reliquo.com\/de\/etta-focu-syrah-perricone-cantine-paolini\/\" \/>\n<meta property=\"og:locale\" content=\"de_DE\" \/>\n<meta property=\"og:type\" content=\"article\" \/>\n<meta property=\"og:title\" content=\"Etta Focu Syrah Perricone - Cantine Paolini | Acquista Online su Reliquo\" \/>\n<meta property=\"og:description\" content=\"Scopri Etta Focu Syrah Perricone - Cantine Paolini su Reliquo: qualit\u00e0 garantita, spedizioni rapide e prezzi competitivi. Ordina ora e approfitta delle nostre offerte esclusive.\" \/>\n<meta property=\"og:url\" content=\"https:\/\/reliquo.com\/de\/etta-focu-syrah-perricone-cantine-paolini\/\" \/>\n<meta property=\"og:site_name\" content=\"Reliquo\" \/>\n<meta property=\"article:modified_time\" content=\"2026-05-12T07:30:10+00:00\" \/>\n<meta property=\"og:image\" content=\"https:\/\/reliquo.com\/wp-content\/uploads\/2024\/12\/Etta-Focu-Rosso-Paolini.png\" \/>\n\t<meta property=\"og:image:width\" content=\"2500\" \/>\n\t<meta property=\"og:image:height\" content=\"2500\" \/>\n\t<meta property=\"og:image:type\" content=\"image\/png\" \/>\n<meta name=\"twitter:card\" content=\"summary_large_image\" \/>\n<meta name=\"twitter:label1\" content=\"Gesch\u00e4tzte Lesezeit\" \/>\n\t<meta name=\"twitter:data1\" content=\"1\u00a0Minute\" \/>\n<script type=\"application\/ld+json\" class=\"yoast-schema-graph\">{\"@context\":\"https:\\\/\\\/schema.org\",\"@graph\":[{\"@type\":\"WebPage\",\"@id\":\"https:\\\/\\\/reliquo.com\\\/etta-focu-syrah-perricone-cantine-paolini\\\/\",\"url\":\"https:\\\/\\\/reliquo.com\\\/etta-focu-syrah-perricone-cantine-paolini\\\/\",\"name\":\"Etta Focu Syrah Perricone - Cantine Paolini | Acquista Online su Reliquo\",\"isPartOf\":{\"@id\":\"https:\\\/\\\/reliquo.com\\\/es\\\/#website\"},\"primaryImageOfPage\":{\"@id\":\"https:\\\/\\\/reliquo.com\\\/etta-focu-syrah-perricone-cantine-paolini\\\/#primaryimage\"},\"image\":{\"@id\":\"https:\\\/\\\/reliquo.com\\\/etta-focu-syrah-perricone-cantine-paolini\\\/#primaryimage\"},\"thumbnailUrl\":\"https:\\\/\\\/reliquo.com\\\/wp-content\\\/uploads\\\/2024\\\/12\\\/Etta-Focu-Rosso-Paolini.png\",\"datePublished\":\"2024-12-17T14:19:09+00:00\",\"dateModified\":\"2026-05-12T07:30:10+00:00\",\"description\":\"Scopri Etta Focu Syrah Perricone - Cantine Paolini su Reliquo: qualit\u00e0 garantita, spedizioni rapide e prezzi competitivi. Ordina ora e approfitta delle nostre offerte esclusive.\",\"breadcrumb\":{\"@id\":\"https:\\\/\\\/reliquo.com\\\/etta-focu-syrah-perricone-cantine-paolini\\\/#breadcrumb\"},\"inLanguage\":\"de\",\"potentialAction\":[{\"@type\":\"ReadAction\",\"target\":[\"https:\\\/\\\/reliquo.com\\\/etta-focu-syrah-perricone-cantine-paolini\\\/\"]}]},{\"@type\":\"ImageObject\",\"inLanguage\":\"de\",\"@id\":\"https:\\\/\\\/reliquo.com\\\/etta-focu-syrah-perricone-cantine-paolini\\\/#primaryimage\",\"url\":\"https:\\\/\\\/reliquo.com\\\/wp-content\\\/uploads\\\/2024\\\/12\\\/Etta-Focu-Rosso-Paolini.png\",\"contentUrl\":\"https:\\\/\\\/reliquo.com\\\/wp-content\\\/uploads\\\/2024\\\/12\\\/Etta-Focu-Rosso-Paolini.png\",\"width\":2500,\"height\":2500,\"caption\":\"Etta Focu Syrah Perricone \u2013 Cantine Paolini\"},{\"@type\":\"BreadcrumbList\",\"@id\":\"https:\\\/\\\/reliquo.com\\\/etta-focu-syrah-perricone-cantine-paolini\\\/#breadcrumb\",\"itemListElement\":[{\"@type\":\"ListItem\",\"position\":1,\"name\":\"Home\",\"item\":\"http:\\\/\\\/reliquo.com\\\/it\\\/\"},{\"@type\":\"ListItem\",\"position\":2,\"name\":\"Shop\",\"item\":\"http:\\\/\\\/reliquo.com\\\/it\\\/shop\\\/\"},{\"@type\":\"ListItem\",\"position\":3,\"name\":\"Etta Focu Syrah Perricone &#8211; Cantine Paolini\"}]},{\"@type\":\"WebSite\",\"@id\":\"https:\\\/\\\/reliquo.com\\\/es\\\/#website\",\"url\":\"https:\\\/\\\/reliquo.com\\\/es\\\/\",\"name\":\"Reliquo\",\"description\":\"La tua enoteca online: scopri vini, liquori e distillati d\u2019eccellenza.\",\"publisher\":{\"@id\":\"https:\\\/\\\/reliquo.com\\\/es\\\/#organization\"},\"potentialAction\":[{\"@type\":\"SearchAction\",\"target\":{\"@type\":\"EntryPoint\",\"urlTemplate\":\"https:\\\/\\\/reliquo.com\\\/es\\\/?s={search_term_string}\"},\"query-input\":{\"@type\":\"PropertyValueSpecification\",\"valueRequired\":true,\"valueName\":\"search_term_string\"}}],\"inLanguage\":\"de\"},{\"@type\":\"Organization\",\"@id\":\"https:\\\/\\\/reliquo.com\\\/es\\\/#organization\",\"name\":\"Reliquo\",\"url\":\"https:\\\/\\\/reliquo.com\\\/es\\\/\",\"logo\":{\"@type\":\"ImageObject\",\"inLanguage\":\"de\",\"@id\":\"https:\\\/\\\/reliquo.com\\\/es\\\/#\\\/schema\\\/logo\\\/image\\\/\",\"url\":\"https:\\\/\\\/reliquo.com\\\/wp-content\\\/uploads\\\/2024\\\/12\\\/cropped-favicon-1.png\",\"contentUrl\":\"https:\\\/\\\/reliquo.com\\\/wp-content\\\/uploads\\\/2024\\\/12\\\/cropped-favicon-1.png\",\"width\":512,\"height\":512,\"caption\":\"Reliquo\"},\"image\":{\"@id\":\"https:\\\/\\\/reliquo.com\\\/es\\\/#\\\/schema\\\/logo\\\/image\\\/\"}}]}<\/script>\n<!-- \/ Yoast SEO plugin. -->","yoast_head_json":{"title":"Etta Focu Syrah Perricone - Cantine Paolini | Online kaufen bei Reliquo","description":"Entdecken Sie Etta Focu Syrah Perricone - Cantine Paolini bei Reliquo: garantierte Qualit\u00e4t, schnelle Lieferung und g\u00fcnstige Preise. Bestellen Sie jetzt und profitieren Sie von unseren exklusiven Angeboten.","robots":{"index":"index","follow":"follow","max-snippet":"max-snippet:-1","max-image-preview":"max-image-preview:large","max-video-preview":"max-video-preview:-1"},"canonical":"https:\/\/reliquo.com\/de\/etta-focu-syrah-perricone-cantine-paolini\/","og_locale":"de_DE","og_type":"article","og_title":"Etta Focu Syrah Perricone - Cantine Paolini | Acquista Online su Reliquo","og_description":"Scopri Etta Focu Syrah Perricone - Cantine Paolini su Reliquo: qualit\u00e0 garantita, spedizioni rapide e prezzi competitivi. Ordina ora e approfitta delle nostre offerte esclusive.","og_url":"https:\/\/reliquo.com\/de\/etta-focu-syrah-perricone-cantine-paolini\/","og_site_name":"Reliquo","article_modified_time":"2026-05-12T07:30:10+00:00","og_image":[{"width":2500,"height":2500,"url":"https:\/\/reliquo.com\/wp-content\/uploads\/2024\/12\/Etta-Focu-Rosso-Paolini.png","type":"image\/png"}],"twitter_card":"summary_large_image","twitter_misc":{"Gesch\u00e4tzte Lesezeit":"1\u00a0Minute"},"schema":{"@context":"https:\/\/schema.org","@graph":[{"@type":"WebPage","@id":"https:\/\/reliquo.com\/etta-focu-syrah-perricone-cantine-paolini\/","url":"https:\/\/reliquo.com\/etta-focu-syrah-perricone-cantine-paolini\/","name":"Etta Focu Syrah Perricone - Cantine Paolini | Online kaufen bei Reliquo","isPartOf":{"@id":"https:\/\/reliquo.com\/es\/#website"},"primaryImageOfPage":{"@id":"https:\/\/reliquo.com\/etta-focu-syrah-perricone-cantine-paolini\/#primaryimage"},"image":{"@id":"https:\/\/reliquo.com\/etta-focu-syrah-perricone-cantine-paolini\/#primaryimage"},"thumbnailUrl":"https:\/\/reliquo.com\/wp-content\/uploads\/2024\/12\/Etta-Focu-Rosso-Paolini.png","datePublished":"2024-12-17T14:19:09+00:00","dateModified":"2026-05-12T07:30:10+00:00","description":"Entdecken Sie Etta Focu Syrah Perricone - Cantine Paolini bei Reliquo: garantierte Qualit\u00e4t, schnelle Lieferung und g\u00fcnstige Preise. Bestellen Sie jetzt und profitieren Sie von unseren exklusiven Angeboten.","breadcrumb":{"@id":"https:\/\/reliquo.com\/etta-focu-syrah-perricone-cantine-paolini\/#breadcrumb"},"inLanguage":"de","potentialAction":[{"@type":"ReadAction","target":["https:\/\/reliquo.com\/etta-focu-syrah-perricone-cantine-paolini\/"]}]},{"@type":"ImageObject","inLanguage":"de","@id":"https:\/\/reliquo.com\/etta-focu-syrah-perricone-cantine-paolini\/#primaryimage","url":"https:\/\/reliquo.com\/wp-content\/uploads\/2024\/12\/Etta-Focu-Rosso-Paolini.png","contentUrl":"https:\/\/reliquo.com\/wp-content\/uploads\/2024\/12\/Etta-Focu-Rosso-Paolini.png","width":2500,"height":2500,"caption":"Etta Focu Syrah Perricone \u2013 Cantine Paolini"},{"@type":"BreadcrumbList","@id":"https:\/\/reliquo.com\/etta-focu-syrah-perricone-cantine-paolini\/#breadcrumb","itemListElement":[{"@type":"ListItem","position":1,"name":"Home","item":"http:\/\/reliquo.com\/it\/"},{"@type":"ListItem","position":2,"name":"Shop","item":"http:\/\/reliquo.com\/it\/shop\/"},{"@type":"ListItem","position":3,"name":"Etta Focu Syrah Perricone &#8211; Cantine Paolini"}]},{"@type":"WebSite","@id":"https:\/\/reliquo.com\/es\/#website","url":"https:\/\/reliquo.com\/es\/","name":"Reliquie","description":"Ihre Online-Weinhandlung: Entdecken Sie ausgezeichnete Weine, Spirituosen und Lik\u00f6re.","publisher":{"@id":"https:\/\/reliquo.com\/es\/#organization"},"potentialAction":[{"@type":"SearchAction","target":{"@type":"EntryPoint","urlTemplate":"https:\/\/reliquo.com\/es\/?s={search_term_string}"},"query-input":{"@type":"PropertyValueSpecification","valueRequired":true,"valueName":"search_term_string"}}],"inLanguage":"de"},{"@type":"Organization","@id":"https:\/\/reliquo.com\/es\/#organization","name":"Reliquie","url":"https:\/\/reliquo.com\/es\/","logo":{"@type":"ImageObject","inLanguage":"de","@id":"https:\/\/reliquo.com\/es\/#\/schema\/logo\/image\/","url":"https:\/\/reliquo.com\/wp-content\/uploads\/2024\/12\/cropped-favicon-1.png","contentUrl":"https:\/\/reliquo.com\/wp-content\/uploads\/2024\/12\/cropped-favicon-1.png","width":512,"height":512,"caption":"Reliquo"},"image":{"@id":"https:\/\/reliquo.com\/es\/#\/schema\/logo\/image\/"}}]}},"jetpack_sharing_enabled":true,"brands":[{"id":691,"name":"Weinkeller Paolini","slug":"weinkellereien-paolini"}],"_links":{"self":[{"href":"https:\/\/reliquo.com\/de\/wp-json\/wp\/v2\/product\/786","targetHints":{"allow":["GET"]}}],"collection":[{"href":"https:\/\/reliquo.com\/de\/wp-json\/wp\/v2\/product"}],"about":[{"href":"https:\/\/reliquo.com\/de\/wp-json\/wp\/v2\/types\/product"}],"wp:featuredmedia":[{"embeddable":true,"href":"https:\/\/reliquo.com\/de\/wp-json\/wp\/v2\/media\/357"}],"wp:attachment":[{"href":"https:\/\/reliquo.com\/de\/wp-json\/wp\/v2\/media?parent=786"}],"wp:term":[{"taxonomy":"pwb-brand","embeddable":true,"href":"https:\/\/reliquo.com\/de\/wp-json\/wp\/v2\/pwb-brand?post=786"},{"taxonomy":"product_brand","embeddable":true,"href":"https:\/\/reliquo.com\/de\/wp-json\/wp\/v2\/product_brand?post=786"},{"taxonomy":"product_cat","embeddable":true,"href":"https:\/\/reliquo.com\/de\/wp-json\/wp\/v2\/product_cat?post=786"},{"taxonomy":"product_tag","embeddable":true,"href":"https:\/\/reliquo.com\/de\/wp-json\/wp\/v2\/product_tag?post=786"}],"curies":[{"name":"wp","href":"https:\/\/api.w.org\/{rel}","templated":true}]}}